{"id":60878,"date":"2024-12-30T17:07:13","date_gmt":"2024-12-30T16:07:13","guid":{"rendered":"https:\/\/blog.urbanitae.com\/glossary\/acpr-autorite-de-controle-prudentiel-et-de-resolution\/"},"modified":"2025-04-21T14:17:00","modified_gmt":"2025-04-21T12:17:00","slug":"acpr-autorite-de-controle-prudentiel-et-de-resolution","status":"publish","type":"page","link":"https:\/\/blog.urbanitae.com\/en\/glossary\/acpr-autorite-de-controle-prudentiel-et-de-resolution\/","title":{"rendered":"ACPR (Autorit\u00e9 de Contr\u00f4le Prudentiel et de R\u00e9solution)"},"content":{"rendered":"\t\t<div data-elementor-type=\"wp-page\" data-elementor-id=\"60878\" class=\"elementor elementor-60878 elementor-54362\">\n\t\t\t\t\t\t<section class=\"elementor-section elementor-top-section elementor-element elementor-element-d86d887 elementor-section-boxed elementor-section-height-default elementor-section-height-default\" data-id=\"d86d887\" data-element_type=\"section\" data-e-type=\"section\">\n\t\t\t\t\t\t<div class=\"elementor-container elementor-column-gap-default\">\n\t\t\t\t\t<div class=\"elementor-column elementor-col-100 elementor-top-column elementor-element elementor-element-8b49ddd\" data-id=\"8b49ddd\" data-element_type=\"column\" data-e-type=\"column\">\n\t\t\t<div class=\"elementor-widget-wrap elementor-element-populated\">\n\t\t\t\t\t\t<div class=\"elementor-element elementor-element-083b30b elementor-widget__width-initial elementor-widget elementor-widget-text-editor\" data-id=\"083b30b\" data-element_type=\"widget\" data-e-type=\"widget\" data-widget_type=\"text-editor.default\">\n\t\t\t\t<div class=\"elementor-widget-container\">\n\t\t\t\t\t\t\t\t\t<h3>What is it?<\/h3><p style=\"color: #212121; font-family: Roboto, sans-serif; font-size: 16px;\">The ACPR is a French administrative authority in charge of overseeing and regulating the activities of financial institutions, insurance companies, and other actors in the financial system. Its main objective is to ensure the stability and soundness of the French financial system, protecting clients and ensuring compliance with current regulations. <\/p><p style=\"color: #212121; font-family: Roboto, sans-serif; font-size: 16px;\">Established in 2010, the ACPR operates under the supervision of the Banque de France, allowing it to act independently and with technical expertise in the financial field. Its core functions include: <\/p><p style=\"color: #212121; font-family: Roboto, sans-serif; font-size: 16px;\"><strong>Prudential supervision:<\/strong> Ensuring that financial institutions and insurers have the necessary resources to operate in a solvent manner.<br><strong>Consumer protection:<\/strong> Monitoring that regulated entities respect clients&#8217; rights and offer appropriate and transparent financial products.<br><strong>Risk prevention:<\/strong> Identifying and mitigating systemic risks that could threaten the stability of the financial system.<\/p><p style=\"color: #212121; font-family: Roboto, sans-serif; font-size: 16px;\">The ACPR plays a key role in international cooperation, working alongside other European and international regulatory authorities to strengthen global financial security and stability. It also collaborates with the Autorit\u00e9 des March\u00e9s Financiers (AMF) to supervise activities that affect both the financial system and the securities markets. <\/p>\t\t\t\t\t\t\t\t<\/div>\n\t\t\t\t<\/div>\n\t\t\t\t<div class=\"elementor-element elementor-element-349ab6f elementor-widget__width-initial elementor-widget elementor-widget-text-editor\" data-id=\"349ab6f\" data-element_type=\"widget\" data-e-type=\"widget\" data-widget_type=\"text-editor.default\">\n\t\t\t\t<div class=\"elementor-widget-container\">\n\t\t\t\t\t\t\t\t\t<h3>Key aspects to consider<\/h3>\n<p style=\"color: #212121; font-family: Roboto, sans-serif; font-size: 16px;\">The ACPR is the official French authority tasked with supervising and regulating financial institutions, insurance companies, and other financial system participants. Its primary goal is to safeguard the stability and resilience of the French financial system, ensuring customer protection and strict compliance with regulations.  \n<\/p>\t\t\t\t\t\t\t\t<\/div>\n\t\t\t\t<\/div>\n\t\t\t\t\t<\/div>\n\t\t<\/div>\n\t\t\t\t\t<\/div>\n\t\t<\/section>\n\t\t\t\t<section class=\"elementor-section elementor-top-section elementor-element elementor-element-aa563c5 elementor-section-full_width elementor-section-height-default elementor-section-height-default\" data-id=\"aa563c5\" data-element_type=\"section\" data-e-type=\"section\">\n\t\t\t\t\t\t<div class=\"elementor-container elementor-column-gap-default\">\n\t\t\t\t\t<div class=\"elementor-column elementor-col-100 elementor-top-column elementor-element elementor-element-41114ac\" data-id=\"41114ac\" data-element_type=\"column\" data-e-type=\"column\">\n\t\t\t<div class=\"elementor-widget-wrap elementor-element-populated\">\n\t\t\t\t\t\t<div class=\"elementor-element elementor-element-43f7095 elementor-widget elementor-widget-html\" data-id=\"43f7095\" data-element_type=\"widget\" data-e-type=\"widget\" data-widget_type=\"html.default\">\n\t\t\t\t<div class=\"elementor-widget-container\">\n\t\t\t\t\t\r\n        <div class=\"qode-advanced-call-to-action qode-advanced-cta-gradient qode-advanced-cta-gradient-animation\" style=\"height:80px\">\r\n            <a class=\"advanced-cta-link\" href=\"https:\/\/mkt.urbanitae.com\/Urbanitae_suscripcion_newsletter.html?utm_source=blog&amp;utm_medium=link_blog&amp;utm_campaign=suscripcion_blog&amp;utm_content=boton\" target=\"_blank\" onclick=\"dataLayer.push({'event': 'ub_ga4_event', 'ub_ga4_event_name': 'newsletter', 'ub_ga4_event_element': 'aprende'})\"><\/a>\r\n            <div class=\"qode-advanced-cta-content\">\r\n                <span class=\"qode-advanced-cta-text-holder\" style=\"color:#FFFFFF;font-size:25px\">\r\n Subscribe to our Newsletter <\/span>\r\n                <span class=\"qode-advanced-cta-icon-holder\" style=\"color:#FFFFFF;font-size:25px\">\r\n                    <span class=\"qode-advanced-cta-icon-holder-table\">\r\n                        <span class=\"qode-advanced-cta-icon-holder-cell\">\r\n                            <i class=\"qode_icon_font_awesome_5 fa5 fa fa-envelope-open-text qode-advanced-cta-icon\"><\/i> <\/span>\r\n                    <\/span>\r\n                <\/span>\r\n            <\/div>\r\n            <div class=\"qode-advanced-cta-background-holder\">\r\n                <span class=\"qode-advanced-cta-background-1 qode-type1-gradient-left-to-right\"><\/span>\r\n                <span class=\"qode-advanced-cta-background-2 qode-type1-gradient-left-to-right\"><\/span>\r\n                <span class=\"qode-advanced-cta-background-3\"><\/span>\r\n            <\/div>\r\n        <\/div>\r\n\t\t\t\t<\/div>\n\t\t\t\t<\/div>\n\t\t\t\t\t<\/div>\n\t\t<\/div>\n\t\t\t\t\t<\/div>\n\t\t<\/section>\n\t\t\t\t<\/div>\n\t\t","protected":false},"excerpt":{"rendered":"<p>What is it? The ACPR is a French administrative authority in charge of overseeing and regulating the activities of financial institutions, insurance companies, and other actors in the financial system. Its main objective is to ensure the stability and soundness of the French financial system, protecting clients and ensuring compliance with current regulations. Established in [&hellip;]<\/p>\n","protected":false},"author":4,"featured_media":0,"parent":60866,"menu_order":0,"comment_status":"closed","ping_status":"closed","template":"","meta":{"inline_featured_image":false,"footnotes":""},"class_list":["post-60878","page","type-page","status-publish","hentry"],"blocksy_meta":[],"yoast_head":"<!-- This site is optimized with the Yoast SEO plugin v27.5 - https:\/\/yoast.com\/product\/yoast-seo-wordpress\/ -->\n<title>ACPR (Autorit\u00e9 de Contr\u00f4le Prudentiel et de R\u00e9solution) - Urbanitae Blog<\/title>\n<meta name=\"description\" content=\"The ACPR is a French authority responsible for supervising and regulating the activities of financial institutions.\" \/>\n<meta name=\"robots\" content=\"index, follow, max-snippet:-1, max-image-preview:large, max-video-preview:-1\" \/>\n<link rel=\"canonical\" href=\"https:\/\/blog.urbanitae.com\/en\/glossary\/acpr-autorite-de-controle-prudentiel-et-de-resolution\/\" \/>\n<meta property=\"og:locale\" content=\"en_GB\" \/>\n<meta property=\"og:type\" content=\"article\" \/>\n<meta property=\"og:title\" content=\"ACPR (Autorit\u00e9 de Contr\u00f4le Prudentiel et de R\u00e9solution) - Urbanitae Blog\" \/>\n<meta property=\"og:description\" content=\"The ACPR is a French authority responsible for supervising and regulating the activities of financial institutions.\" \/>\n<meta property=\"og:url\" content=\"https:\/\/blog.urbanitae.com\/en\/glossary\/acpr-autorite-de-controle-prudentiel-et-de-resolution\/\" \/>\n<meta property=\"og:site_name\" content=\"Urbanitae Blog | The best real estate investment news\" \/>\n<meta property=\"article:publisher\" content=\"https:\/\/www.facebook.com\/urbanitae\" \/>\n<meta property=\"article:modified_time\" content=\"2025-04-21T12:17:00+00:00\" \/>\n<meta name=\"twitter:card\" content=\"summary_large_image\" \/>\n<meta name=\"twitter:site\" content=\"@urbanitae\" \/>\n<meta name=\"twitter:label1\" content=\"Estimated reading time\" \/>\n\t<meta name=\"twitter:data1\" content=\"1 minute\" \/>\n<script type=\"application\/ld+json\" class=\"yoast-schema-graph\">{\"@context\":\"https:\\\/\\\/schema.org\",\"@graph\":[{\"@type\":\"WebPage\",\"@id\":\"https:\\\/\\\/blog.urbanitae.com\\\/en\\\/glossary\\\/acpr-autorite-de-controle-prudentiel-et-de-resolution\\\/\",\"url\":\"https:\\\/\\\/blog.urbanitae.com\\\/en\\\/glossary\\\/acpr-autorite-de-controle-prudentiel-et-de-resolution\\\/\",\"name\":\"ACPR (Autorit\u00e9 de Contr\u00f4le Prudentiel et de R\u00e9solution) - Urbanitae Blog\",\"isPartOf\":{\"@id\":\"https:\\\/\\\/blog.urbanitae.com\\\/en\\\/#website\"},\"datePublished\":\"2024-12-30T16:07:13+00:00\",\"dateModified\":\"2025-04-21T12:17:00+00:00\",\"description\":\"The ACPR is a French authority responsible for supervising and regulating the activities of financial institutions.\",\"breadcrumb\":{\"@id\":\"https:\\\/\\\/blog.urbanitae.com\\\/en\\\/glossary\\\/acpr-autorite-de-controle-prudentiel-et-de-resolution\\\/#breadcrumb\"},\"inLanguage\":\"en-GB\",\"potentialAction\":[{\"@type\":\"ReadAction\",\"target\":[\"https:\\\/\\\/blog.urbanitae.com\\\/en\\\/glossary\\\/acpr-autorite-de-controle-prudentiel-et-de-resolution\\\/\"]}]},{\"@type\":\"BreadcrumbList\",\"@id\":\"https:\\\/\\\/blog.urbanitae.com\\\/en\\\/glossary\\\/acpr-autorite-de-controle-prudentiel-et-de-resolution\\\/#breadcrumb\",\"itemListElement\":[{\"@type\":\"ListItem\",\"position\":1,\"name\":\"Portada\",\"item\":\"https:\\\/\\\/blog.urbanitae.com\\\/en\\\/\"},{\"@type\":\"ListItem\",\"position\":2,\"name\":\"Glossary\",\"item\":\"https:\\\/\\\/blog.urbanitae.com\\\/en\\\/glosario\\\/\"},{\"@type\":\"ListItem\",\"position\":3,\"name\":\"ACPR (Autorit\u00e9 de Contr\u00f4le Prudentiel et de R\u00e9solution)\"}]},{\"@type\":\"WebSite\",\"@id\":\"https:\\\/\\\/blog.urbanitae.com\\\/en\\\/#website\",\"url\":\"https:\\\/\\\/blog.urbanitae.com\\\/en\\\/\",\"name\":\"Urbanitae Blog | Las mejores noticias sobre inversi\u00f3n inmobiliaria\",\"description\":\"Real estate investment for everyone\",\"publisher\":{\"@id\":\"https:\\\/\\\/blog.urbanitae.com\\\/en\\\/#organization\"},\"potentialAction\":[{\"@type\":\"SearchAction\",\"target\":{\"@type\":\"EntryPoint\",\"urlTemplate\":\"https:\\\/\\\/blog.urbanitae.com\\\/en\\\/?s={search_term_string}\"},\"query-input\":{\"@type\":\"PropertyValueSpecification\",\"valueRequired\":true,\"valueName\":\"search_term_string\"}}],\"inLanguage\":\"en-GB\"},{\"@type\":\"Organization\",\"@id\":\"https:\\\/\\\/blog.urbanitae.com\\\/en\\\/#organization\",\"name\":\"Urbanitae\",\"url\":\"https:\\\/\\\/blog.urbanitae.com\\\/en\\\/\",\"logo\":{\"@type\":\"ImageObject\",\"inLanguage\":\"en-GB\",\"@id\":\"https:\\\/\\\/blog.urbanitae.com\\\/en\\\/#\\\/schema\\\/logo\\\/image\\\/\",\"url\":\"https:\\\/\\\/blog.urbanitae.com\\\/wp-content\\\/uploads\\\/2020\\\/04\\\/logo-verde_350x100.svg\",\"contentUrl\":\"https:\\\/\\\/blog.urbanitae.com\\\/wp-content\\\/uploads\\\/2020\\\/04\\\/logo-verde_350x100.svg\",\"width\":350,\"height\":100,\"caption\":\"Urbanitae\"},\"image\":{\"@id\":\"https:\\\/\\\/blog.urbanitae.com\\\/en\\\/#\\\/schema\\\/logo\\\/image\\\/\"},\"sameAs\":[\"https:\\\/\\\/www.facebook.com\\\/urbanitae\",\"https:\\\/\\\/x.com\\\/urbanitae\",\"https:\\\/\\\/www.instagram.com\\\/urbanitae\",\"https:\\\/\\\/www.linkedin.com\\\/company\\\/urbanitae\",\"https:\\\/\\\/www.pinterest.es\\\/UrbanitaeSL\\\/_created\\\/\",\"https:\\\/\\\/www.youtube.com\\\/c\\\/Urbanitae_RE\"]}]}<\/script>\n<!-- \/ Yoast SEO plugin. -->","yoast_head_json":{"title":"ACPR (Autorit\u00e9 de Contr\u00f4le Prudentiel et de R\u00e9solution) - Urbanitae Blog","description":"The ACPR is a French authority responsible for supervising and regulating the activities of financial institutions.","robots":{"index":"index","follow":"follow","max-snippet":"max-snippet:-1","max-image-preview":"max-image-preview:large","max-video-preview":"max-video-preview:-1"},"canonical":"https:\/\/blog.urbanitae.com\/en\/glossary\/acpr-autorite-de-controle-prudentiel-et-de-resolution\/","og_locale":"en_GB","og_type":"article","og_title":"ACPR (Autorit\u00e9 de Contr\u00f4le Prudentiel et de R\u00e9solution) - Urbanitae Blog","og_description":"The ACPR is a French authority responsible for supervising and regulating the activities of financial institutions.","og_url":"https:\/\/blog.urbanitae.com\/en\/glossary\/acpr-autorite-de-controle-prudentiel-et-de-resolution\/","og_site_name":"Urbanitae Blog | The best real estate investment news","article_publisher":"https:\/\/www.facebook.com\/urbanitae","article_modified_time":"2025-04-21T12:17:00+00:00","twitter_card":"summary_large_image","twitter_site":"@urbanitae","twitter_misc":{"Estimated reading time":"1 minute"},"schema":{"@context":"https:\/\/schema.org","@graph":[{"@type":"WebPage","@id":"https:\/\/blog.urbanitae.com\/en\/glossary\/acpr-autorite-de-controle-prudentiel-et-de-resolution\/","url":"https:\/\/blog.urbanitae.com\/en\/glossary\/acpr-autorite-de-controle-prudentiel-et-de-resolution\/","name":"ACPR (Autorit\u00e9 de Contr\u00f4le Prudentiel et de R\u00e9solution) - Urbanitae Blog","isPartOf":{"@id":"https:\/\/blog.urbanitae.com\/en\/#website"},"datePublished":"2024-12-30T16:07:13+00:00","dateModified":"2025-04-21T12:17:00+00:00","description":"The ACPR is a French authority responsible for supervising and regulating the activities of financial institutions.","breadcrumb":{"@id":"https:\/\/blog.urbanitae.com\/en\/glossary\/acpr-autorite-de-controle-prudentiel-et-de-resolution\/#breadcrumb"},"inLanguage":"en-GB","potentialAction":[{"@type":"ReadAction","target":["https:\/\/blog.urbanitae.com\/en\/glossary\/acpr-autorite-de-controle-prudentiel-et-de-resolution\/"]}]},{"@type":"BreadcrumbList","@id":"https:\/\/blog.urbanitae.com\/en\/glossary\/acpr-autorite-de-controle-prudentiel-et-de-resolution\/#breadcrumb","itemListElement":[{"@type":"ListItem","position":1,"name":"Portada","item":"https:\/\/blog.urbanitae.com\/en\/"},{"@type":"ListItem","position":2,"name":"Glossary","item":"https:\/\/blog.urbanitae.com\/en\/glosario\/"},{"@type":"ListItem","position":3,"name":"ACPR (Autorit\u00e9 de Contr\u00f4le Prudentiel et de R\u00e9solution)"}]},{"@type":"WebSite","@id":"https:\/\/blog.urbanitae.com\/en\/#website","url":"https:\/\/blog.urbanitae.com\/en\/","name":"Urbanitae Blog | Las mejores noticias sobre inversi\u00f3n inmobiliaria","description":"Real estate investment for everyone","publisher":{"@id":"https:\/\/blog.urbanitae.com\/en\/#organization"},"potentialAction":[{"@type":"SearchAction","target":{"@type":"EntryPoint","urlTemplate":"https:\/\/blog.urbanitae.com\/en\/?s={search_term_string}"},"query-input":{"@type":"PropertyValueSpecification","valueRequired":true,"valueName":"search_term_string"}}],"inLanguage":"en-GB"},{"@type":"Organization","@id":"https:\/\/blog.urbanitae.com\/en\/#organization","name":"Urbanitae","url":"https:\/\/blog.urbanitae.com\/en\/","logo":{"@type":"ImageObject","inLanguage":"en-GB","@id":"https:\/\/blog.urbanitae.com\/en\/#\/schema\/logo\/image\/","url":"https:\/\/blog.urbanitae.com\/wp-content\/uploads\/2020\/04\/logo-verde_350x100.svg","contentUrl":"https:\/\/blog.urbanitae.com\/wp-content\/uploads\/2020\/04\/logo-verde_350x100.svg","width":350,"height":100,"caption":"Urbanitae"},"image":{"@id":"https:\/\/blog.urbanitae.com\/en\/#\/schema\/logo\/image\/"},"sameAs":["https:\/\/www.facebook.com\/urbanitae","https:\/\/x.com\/urbanitae","https:\/\/www.instagram.com\/urbanitae","https:\/\/www.linkedin.com\/company\/urbanitae","https:\/\/www.pinterest.es\/UrbanitaeSL\/_created\/","https:\/\/www.youtube.com\/c\/Urbanitae_RE"]}]}},"_links":{"self":[{"href":"https:\/\/blog.urbanitae.com\/en\/wp-json\/wp\/v2\/pages\/60878","targetHints":{"allow":["GET"]}}],"collection":[{"href":"https:\/\/blog.urbanitae.com\/en\/wp-json\/wp\/v2\/pages"}],"about":[{"href":"https:\/\/blog.urbanitae.com\/en\/wp-json\/wp\/v2\/types\/page"}],"author":[{"embeddable":true,"href":"https:\/\/blog.urbanitae.com\/en\/wp-json\/wp\/v2\/users\/4"}],"replies":[{"embeddable":true,"href":"https:\/\/blog.urbanitae.com\/en\/wp-json\/wp\/v2\/comments?post=60878"}],"version-history":[{"count":0,"href":"https:\/\/blog.urbanitae.com\/en\/wp-json\/wp\/v2\/pages\/60878\/revisions"}],"up":[{"embeddable":true,"href":"https:\/\/blog.urbanitae.com\/en\/wp-json\/wp\/v2\/pages\/60866"}],"wp:attachment":[{"href":"https:\/\/blog.urbanitae.com\/en\/wp-json\/wp\/v2\/media?parent=60878"}],"curies":[{"name":"wp","href":"https:\/\/api.w.org\/{rel}","templated":true}]}}