{"id":40794,"date":"2023-11-28T10:50:57","date_gmt":"2023-11-28T09:50:57","guid":{"rendered":"https:\/\/blog.urbanitae.com\/urbanitae\/"},"modified":"2024-04-10T17:44:22","modified_gmt":"2024-04-10T15:44:22","slug":"urbanitae","status":"publish","type":"page","link":"https:\/\/blog.urbanitae.com\/en\/urbanitae\/","title":{"rendered":"Urbanitae"},"content":{"rendered":"\t\t<div data-elementor-type=\"wp-page\" data-elementor-id=\"40794\" class=\"elementor elementor-40794 elementor-31451\">\n\t\t\t\t\t\t<section class=\"elementor-section elementor-top-section elementor-element elementor-element-2d10d15 elementor-section-boxed elementor-section-height-default elementor-section-height-default\" data-id=\"2d10d15\" data-element_type=\"section\" data-e-type=\"section\" id=\"coder-1\">\n\t\t\t\t\t\t<div class=\"elementor-container elementor-column-gap-default\">\n\t\t\t\t\t<div class=\"elementor-column elementor-col-100 elementor-top-column elementor-element elementor-element-c9d40cb\" data-id=\"c9d40cb\" data-element_type=\"column\" data-e-type=\"column\">\n\t\t\t<div class=\"elementor-widget-wrap elementor-element-populated\">\n\t\t\t\t\t\t<div class=\"elementor-element elementor-element-5553eed elementor-widget elementor-widget-shortcode\" data-id=\"5553eed\" data-element_type=\"widget\" data-e-type=\"widget\" data-widget_type=\"shortcode.default\">\n\t\t\t\t<div class=\"elementor-widget-container\">\n\t\t\t\t\t\t\t<div class=\"elementor-shortcode\">[wp_code id=\"6\"]<\/div>\n\t\t\t\t\t\t<\/div>\n\t\t\t\t<\/div>\n\t\t\t\t\t<\/div>\n\t\t<\/div>\n\t\t\t\t\t<\/div>\n\t\t<\/section>\n\t\t\t\t<section class=\"elementor-section elementor-top-section elementor-element elementor-element-2e62361 elementor-section-content-bottom elementor-section-boxed elementor-section-height-default elementor-section-height-default\" data-id=\"2e62361\" data-element_type=\"section\" data-e-type=\"section\" data-settings=\"{&quot;background_background&quot;:&quot;classic&quot;}\">\n\t\t\t\t\t\t<div class=\"elementor-container elementor-column-gap-default\">\n\t\t\t\t\t<div class=\"elementor-column elementor-col-100 elementor-top-column elementor-element elementor-element-a2a510d\" data-id=\"a2a510d\" data-element_type=\"column\" data-e-type=\"column\" id=\"TituloPagina\">\n\t\t\t<div class=\"elementor-widget-wrap elementor-element-populated\">\n\t\t\t\t\t\t<div class=\"elementor-element elementor-element-0c8c041 elementor-widget elementor-widget-heading\" data-id=\"0c8c041\" data-element_type=\"widget\" data-e-type=\"widget\" data-widget_type=\"heading.default\">\n\t\t\t\t<div class=\"elementor-widget-container\">\n\t\t\t\t\t<h2 class=\"elementor-heading-title elementor-size-default\">Urbanitae<\/h2>\t\t\t\t<\/div>\n\t\t\t\t<\/div>\n\t\t\t\t\t<\/div>\n\t\t<\/div>\n\t\t\t\t\t<\/div>\n\t\t<\/section>\n\t\t\t\t<section class=\"elementor-section elementor-top-section elementor-element elementor-element-5e9f68b elementor-section-boxed elementor-section-height-default elementor-section-height-default\" data-id=\"5e9f68b\" data-element_type=\"section\" data-e-type=\"section\">\n\t\t\t\t\t\t<div class=\"elementor-container elementor-column-gap-default\">\n\t\t\t\t\t<div class=\"elementor-column elementor-col-100 elementor-top-column elementor-element elementor-element-387e1eb\" data-id=\"387e1eb\" data-element_type=\"column\" data-e-type=\"column\">\n\t\t\t<div class=\"elementor-widget-wrap elementor-element-populated\">\n\t\t\t\t\t\t<div class=\"elementor-element elementor-element-b39163d elementor-widget elementor-widget-text-editor\" data-id=\"b39163d\" data-element_type=\"widget\" data-e-type=\"widget\" data-widget_type=\"text-editor.default\">\n\t\t\t\t<div class=\"elementor-widget-container\">\n\t\t\t\t\t\t\t\t\t<p>All the news about Urbanitae, be it investment projects, signings, alliances with other companies, interventions in the media&#8230; Learn more here.<\/p>\n\t\t\t\t\t\t\t\t<\/div>\n\t\t\t\t<\/div>\n\t\t\t\t<div class=\"elementor-element elementor-element-63f80ba elementor-widget-divider--view-line elementor-widget elementor-widget-divider\" data-id=\"63f80ba\" data-element_type=\"widget\" data-e-type=\"widget\" data-widget_type=\"divider.default\">\n\t\t\t\t<div class=\"elementor-widget-container\">\n\t\t\t\t\t\t\t<div class=\"elementor-divider\">\n\t\t\t<span class=\"elementor-divider-separator\">\n\t\t\t\t\t\t<\/span>\n\t\t<\/div>\n\t\t\t\t\t\t<\/div>\n\t\t\t\t<\/div>\n\t\t\t\t\t<\/div>\n\t\t<\/div>\n\t\t\t\t\t<\/div>\n\t\t<\/section>\n\t\t\t\t<section class=\"elementor-section elementor-top-section elementor-element elementor-element-1b320f0 elementor-section-boxed elementor-section-height-default elementor-section-height-default\" data-id=\"1b320f0\" data-element_type=\"section\" data-e-type=\"section\">\n\t\t\t\t\t\t<div class=\"elementor-container elementor-column-gap-default\">\n\t\t\t\t\t<div class=\"elementor-column elementor-col-33 elementor-top-column elementor-element elementor-element-a6027f6\" data-id=\"a6027f6\" data-element_type=\"column\" data-e-type=\"column\">\n\t\t\t<div class=\"elementor-widget-wrap elementor-element-populated\">\n\t\t\t\t\t\t<div class=\"elementor-element elementor-element-6e3ee8f elementor-widget elementor-widget-text-editor\" data-id=\"6e3ee8f\" data-element_type=\"widget\" data-e-type=\"widget\" data-widget_type=\"text-editor.default\">\n\t\t\t\t<div class=\"elementor-widget-container\">\n\t\t\t\t\t\t\t\t\t<p style=\"font-family: 'Roboto Slab'; text-align: left;\">CATEGORIES:<\/p>\n\t\t\t\t\t\t\t\t<\/div>\n\t\t\t\t<\/div>\n\t\t\t\t\t<\/div>\n\t\t<\/div>\n\t\t\t\t<div class=\"elementor-column elementor-col-66 elementor-top-column elementor-element elementor-element-7da55fa\" data-id=\"7da55fa\" data-element_type=\"column\" data-e-type=\"column\">\n\t\t\t<div class=\"elementor-widget-wrap elementor-element-populated\">\n\t\t\t\t\t\t<div class=\"elementor-element elementor-element-e26f6fc PaginaEnlacesHead elementor-widget elementor-widget-text-editor\" data-id=\"e26f6fc\" data-element_type=\"widget\" data-e-type=\"widget\" data-widget_type=\"text-editor.default\">\n\t\t\t\t<div class=\"elementor-widget-container\">\n\t\t\t\t\t\t\t\t\t<p><a style=\"font-family: 'Roboto Slab';\" href=\"https:\/\/blog.urbanitae.com\/urbanitae\/somos-urbanitae\/\">WE ARE URBANITAE<\/a> <a style=\"font-family: 'Roboto Slab';\" href=\"https:\/\/blog.urbanitae.com\/urbanitae\/urbanitae-en-los-medios\/\">URBANITAE IN THE MEDIA<\/a><a style=\"font-family: 'Roboto Slab';\" href=\"https:\/\/blog.urbanitae.com\/urbanitae\/podcast\/\">PODCAST<\/a> <\/p>\n\t\t\t\t\t\t\t\t<\/div>\n\t\t\t\t<\/div>\n\t\t\t\t\t<\/div>\n\t\t<\/div>\n\t\t\t\t\t<\/div>\n\t\t<\/section>\n\t\t\t\t<section class=\"elementor-section elementor-top-section elementor-element elementor-element-698181f elementor-section-boxed elementor-section-height-default elementor-section-height-default\" data-id=\"698181f\" data-element_type=\"section\" data-e-type=\"section\">\n\t\t\t\t\t\t<div class=\"elementor-container elementor-column-gap-default\">\n\t\t\t\t\t<div class=\"elementor-column elementor-col-100 elementor-top-column elementor-element elementor-element-789f0e2\" data-id=\"789f0e2\" data-element_type=\"column\" data-e-type=\"column\">\n\t\t\t<div class=\"elementor-widget-wrap elementor-element-populated\">\n\t\t\t\t\t\t<div class=\"elementor-element elementor-element-d9a7deb elementor-widget-divider--view-line elementor-widget elementor-widget-divider\" data-id=\"d9a7deb\" data-element_type=\"widget\" data-e-type=\"widget\" data-widget_type=\"divider.default\">\n\t\t\t\t<div class=\"elementor-widget-container\">\n\t\t\t\t\t\t\t<div class=\"elementor-divider\">\n\t\t\t<span class=\"elementor-divider-separator\">\n\t\t\t\t\t\t<\/span>\n\t\t<\/div>\n\t\t\t\t\t\t<\/div>\n\t\t\t\t<\/div>\n\t\t\t\t\t<\/div>\n\t\t<\/div>\n\t\t\t\t\t<\/div>\n\t\t<\/section>\n\t\t\t\t<section class=\"elementor-section elementor-top-section elementor-element elementor-element-f8225e0 elementor-section-boxed elementor-section-height-default elementor-section-height-default\" data-id=\"f8225e0\" data-element_type=\"section\" data-e-type=\"section\">\n\t\t\t\t\t\t<div class=\"elementor-container elementor-column-gap-default\">\n\t\t\t\t\t<div class=\"elementor-column elementor-col-50 elementor-top-column elementor-element elementor-element-283e2c8\" data-id=\"283e2c8\" data-element_type=\"column\" data-e-type=\"column\">\n\t\t\t<div class=\"elementor-widget-wrap\">\n\t\t\t\t\t\t\t<\/div>\n\t\t<\/div>\n\t\t\t\t<div class=\"elementor-column elementor-col-50 elementor-top-column elementor-element elementor-element-0dd3808\" data-id=\"0dd3808\" data-element_type=\"column\" data-e-type=\"column\">\n\t\t\t<div class=\"elementor-widget-wrap elementor-element-populated\">\n\t\t\t\t\t\t\t<\/div>\n\t\t<\/div>\n\t\t\t\t\t<\/div>\n\t\t<\/section>\n\t\t\t\t<section class=\"elementor-section elementor-top-section elementor-element elementor-element-c5a8c0c elementor-section-boxed elementor-section-height-default elementor-section-height-default\" data-id=\"c5a8c0c\" data-element_type=\"section\" data-e-type=\"section\">\n\t\t\t\t\t\t<div class=\"elementor-container elementor-column-gap-default\">\n\t\t\t\t\t<div class=\"elementor-column elementor-col-100 elementor-top-column elementor-element elementor-element-29f9b65\" data-id=\"29f9b65\" data-element_type=\"column\" data-e-type=\"column\">\n\t\t\t<div class=\"elementor-widget-wrap elementor-element-populated\">\n\t\t\t\t\t\t<div class=\"elementor-element elementor-element-51a6077 elementor-hidden-mobile elementor-widget elementor-widget-shortcode\" data-id=\"51a6077\" data-element_type=\"widget\" data-e-type=\"widget\" data-widget_type=\"shortcode.default\">\n\t\t\t\t<div class=\"elementor-widget-container\">\n\t\t\t\t\t\t\t<div class=\"elementor-shortcode\">[the_ad id=\"31991\"]<\/div>\n\t\t\t\t\t\t<\/div>\n\t\t\t\t<\/div>\n\t\t\t\t<div class=\"elementor-element elementor-element-3dea568 elementor-hidden-desktop elementor-hidden-tablet elementor-widget elementor-widget-shortcode\" data-id=\"3dea568\" data-element_type=\"widget\" data-e-type=\"widget\" data-widget_type=\"shortcode.default\">\n\t\t\t\t<div class=\"elementor-widget-container\">\n\t\t\t\t\t\t\t<div class=\"elementor-shortcode\">[the_ad id=\"32019\"]<\/div>\n\t\t\t\t\t\t<\/div>\n\t\t\t\t<\/div>\n\t\t\t\t\t<\/div>\n\t\t<\/div>\n\t\t\t\t\t<\/div>\n\t\t<\/section>\n\t\t\t\t<section class=\"elementor-section elementor-top-section elementor-element elementor-element-46f2695 elementor-section-boxed elementor-section-height-default elementor-section-height-default\" data-id=\"46f2695\" data-element_type=\"section\" data-e-type=\"section\">\n\t\t\t\t\t\t<div class=\"elementor-container elementor-column-gap-default\">\n\t\t\t\t\t<div class=\"elementor-column elementor-col-50 elementor-top-column elementor-element elementor-element-c034b67 elementor-hidden-mobile\" data-id=\"c034b67\" data-element_type=\"column\" data-e-type=\"column\">\n\t\t\t<div class=\"elementor-widget-wrap elementor-element-populated\">\n\t\t\t\t\t\t\t<\/div>\n\t\t<\/div>\n\t\t\t\t<div class=\"elementor-column elementor-col-50 elementor-top-column elementor-element elementor-element-f2740f5\" data-id=\"f2740f5\" data-element_type=\"column\" data-e-type=\"column\">\n\t\t\t<div class=\"elementor-widget-wrap\">\n\t\t\t\t\t\t\t<\/div>\n\t\t<\/div>\n\t\t\t\t\t<\/div>\n\t\t<\/section>\n\t\t\t\t<section class=\"elementor-section elementor-top-section elementor-element elementor-element-383d044 elementor-section-full_width elementor-section-height-default elementor-section-height-default\" data-id=\"383d044\" data-element_type=\"section\" data-e-type=\"section\">\n\t\t\t\t\t\t<div class=\"elementor-container elementor-column-gap-default\">\n\t\t\t\t\t<div class=\"elementor-column elementor-col-100 elementor-top-column elementor-element elementor-element-a5de821\" data-id=\"a5de821\" data-element_type=\"column\" data-e-type=\"column\">\n\t\t\t<div class=\"elementor-widget-wrap elementor-element-populated\">\n\t\t\t\t\t\t<div class=\"elementor-element elementor-element-2da0ba6 elementor-widget elementor-widget-html\" data-id=\"2da0ba6\" data-element_type=\"widget\" data-e-type=\"widget\" data-widget_type=\"html.default\">\n\t\t\t\t<div class=\"elementor-widget-container\">\n\t\t\t\t\t<div class=\"qode-advanced-call-to-action qode-advanced-cta-gradient qode-advanced-cta-gradient-animation\" style=\"height:80px\">\n    <a class=\"advanced-cta-link\" href=\"https:\/\/mkt.urbanitae.com\/Urbanitae_suscripcion_newsletter.html?utm_source=blog&amp;utm_medium=link_blog&amp;utm_campaign=suscripcion_blog&amp;utm_content=boton\" target=\"_blank\" onclick=\"dataLayer.push({'event': 'ub_ga4_event', 'ub_ga4_event_name': 'newsletter', 'ub_ga4_event_element': 'home'})\"><\/a>\n    <div class=\"qode-advanced-cta-content\">\n        <span class=\"qode-advanced-cta-text-holder\" style=\"color:#FFFFFF;font-size:25px\">\n Subscribe to our Newsletter <\/span>\n        <span class=\"qode-advanced-cta-icon-holder\" style=\"color:#FFFFFF;font-size:25px\">\n            <span class=\"qode-advanced-cta-icon-holder-table\">\n                <span class=\"qode-advanced-cta-icon-holder-cell\">\n                    <i class=\"qode_icon_font_awesome_5 fa5 fa fa-envelope-open-text qode-advanced-cta-icon\"><\/i> <\/span>\n            <\/span>\n        <\/span>\n    <\/div>\n    <div class=\"qode-advanced-cta-background-holder\">\n        <span class=\"qode-advanced-cta-background-1 qode-type1-gradient-left-to-right\"><\/span>\n        <span class=\"qode-advanced-cta-background-2 qode-type1-gradient-left-to-right\"><\/span>\n        <span class=\"qode-advanced-cta-background-3\"><\/span>\n    <\/div>\n<\/div>\n\t\t\t\t<\/div>\n\t\t\t\t<\/div>\n\t\t\t\t\t<\/div>\n\t\t<\/div>\n\t\t\t\t\t<\/div>\n\t\t<\/section>\n\t\t\t\t<\/div>\n\t\t","protected":false},"excerpt":{"rendered":"<p>[wp_code id=&#8221;6&#8243;] Urbanitae All the news about Urbanitae, be it investment projects, signings, alliances with other companies, interventions in the media&#8230; Learn more here. CATEGORIES: WE ARE URBANITAE URBANITAE IN THE MEDIAPODCAST Somos Urbanitae Urbanitae \u00a1Aterrizamos en Italia y continuamos nuestra expansi\u00f3n por Europa! Actualidad Urbanitae Urbanitae y Los40: una colaboraci\u00f3n que resuena con \u00e9xito [&hellip;]<\/p>\n","protected":false},"author":4,"featured_media":0,"parent":0,"menu_order":0,"comment_status":"closed","ping_status":"closed","template":"","meta":{"inline_featured_image":false,"footnotes":""},"class_list":["post-40794","page","type-page","status-publish","hentry"],"blocksy_meta":[],"yoast_head":"<!-- This site is optimized with the Yoast SEO plugin v27.5 - https:\/\/yoast.com\/product\/yoast-seo-wordpress\/ -->\n<title>Urbanitae - Urbanitae Blog<\/title>\n<meta name=\"description\" content=\"Get to know the latest news from Urbanitae: investments, signings, alliances and our presence in the media. We tell you all about it on our blog.\" \/>\n<meta name=\"robots\" content=\"index, follow, max-snippet:-1, max-image-preview:large, max-video-preview:-1\" \/>\n<link rel=\"canonical\" href=\"https:\/\/blog.urbanitae.com\/en\/urbanitae\/\" \/>\n<meta property=\"og:locale\" content=\"en_GB\" \/>\n<meta property=\"og:type\" content=\"article\" \/>\n<meta property=\"og:title\" content=\"Urbanitae\" \/>\n<meta property=\"og:description\" content=\"Get to know the latest news from Urbanitae: investments, signings, alliances and our presence in the media. We tell you all about it on our blog.\" \/>\n<meta property=\"og:url\" content=\"https:\/\/blog.urbanitae.com\/en\/urbanitae\/\" \/>\n<meta property=\"og:site_name\" content=\"Urbanitae Blog | The best real estate investment news\" \/>\n<meta property=\"article:publisher\" content=\"https:\/\/www.facebook.com\/urbanitae\" \/>\n<meta property=\"article:modified_time\" content=\"2024-04-10T15:44:22+00:00\" \/>\n<meta property=\"og:image\" content=\"https:\/\/blog.urbanitae.com\/wp-content\/uploads\/2024\/03\/Aterrizamos-en-Italia-y-continuamos-nuestra-expansion-por-Europa-776x460.webp\" \/>\n<meta name=\"twitter:card\" content=\"summary_large_image\" \/>\n<meta name=\"twitter:site\" content=\"@urbanitae\" \/>\n<meta name=\"twitter:label1\" content=\"Estimated reading time\" \/>\n\t<meta name=\"twitter:data1\" content=\"1 minute\" \/>\n<script type=\"application\/ld+json\" class=\"yoast-schema-graph\">{\"@context\":\"https:\\\/\\\/schema.org\",\"@graph\":[{\"@type\":\"WebPage\",\"@id\":\"https:\\\/\\\/blog.urbanitae.com\\\/en\\\/urbanitae\\\/\",\"url\":\"https:\\\/\\\/blog.urbanitae.com\\\/en\\\/urbanitae\\\/\",\"name\":\"Urbanitae - Urbanitae Blog\",\"isPartOf\":{\"@id\":\"https:\\\/\\\/blog.urbanitae.com\\\/en\\\/#website\"},\"primaryImageOfPage\":{\"@id\":\"https:\\\/\\\/blog.urbanitae.com\\\/en\\\/urbanitae\\\/#primaryimage\"},\"image\":{\"@id\":\"https:\\\/\\\/blog.urbanitae.com\\\/en\\\/urbanitae\\\/#primaryimage\"},\"thumbnailUrl\":\"https:\\\/\\\/blog.urbanitae.com\\\/wp-content\\\/uploads\\\/2024\\\/03\\\/Aterrizamos-en-Italia-y-continuamos-nuestra-expansion-por-Europa-776x460.webp\",\"datePublished\":\"2023-11-28T09:50:57+00:00\",\"dateModified\":\"2024-04-10T15:44:22+00:00\",\"description\":\"Get to know the latest news from Urbanitae: investments, signings, alliances and our presence in the media. We tell you all about it on our blog.\",\"breadcrumb\":{\"@id\":\"https:\\\/\\\/blog.urbanitae.com\\\/en\\\/urbanitae\\\/#breadcrumb\"},\"inLanguage\":\"en-GB\",\"potentialAction\":[{\"@type\":\"ReadAction\",\"target\":[\"https:\\\/\\\/blog.urbanitae.com\\\/en\\\/urbanitae\\\/\"]}]},{\"@type\":\"ImageObject\",\"inLanguage\":\"en-GB\",\"@id\":\"https:\\\/\\\/blog.urbanitae.com\\\/en\\\/urbanitae\\\/#primaryimage\",\"url\":\"https:\\\/\\\/blog.urbanitae.com\\\/wp-content\\\/uploads\\\/2024\\\/03\\\/Aterrizamos-en-Italia-y-continuamos-nuestra-expansion-por-Europa-776x460.webp\",\"contentUrl\":\"https:\\\/\\\/blog.urbanitae.com\\\/wp-content\\\/uploads\\\/2024\\\/03\\\/Aterrizamos-en-Italia-y-continuamos-nuestra-expansion-por-Europa-776x460.webp\"},{\"@type\":\"BreadcrumbList\",\"@id\":\"https:\\\/\\\/blog.urbanitae.com\\\/en\\\/urbanitae\\\/#breadcrumb\",\"itemListElement\":[{\"@type\":\"ListItem\",\"position\":1,\"name\":\"Portada\",\"item\":\"https:\\\/\\\/blog.urbanitae.com\\\/en\\\/\"},{\"@type\":\"ListItem\",\"position\":2,\"name\":\"Urbanitae\"}]},{\"@type\":\"WebSite\",\"@id\":\"https:\\\/\\\/blog.urbanitae.com\\\/en\\\/#website\",\"url\":\"https:\\\/\\\/blog.urbanitae.com\\\/en\\\/\",\"name\":\"Urbanitae Blog | Las mejores noticias sobre inversi\u00f3n inmobiliaria\",\"description\":\"Real estate investment for everyone\",\"publisher\":{\"@id\":\"https:\\\/\\\/blog.urbanitae.com\\\/en\\\/#organization\"},\"potentialAction\":[{\"@type\":\"SearchAction\",\"target\":{\"@type\":\"EntryPoint\",\"urlTemplate\":\"https:\\\/\\\/blog.urbanitae.com\\\/en\\\/?s={search_term_string}\"},\"query-input\":{\"@type\":\"PropertyValueSpecification\",\"valueRequired\":true,\"valueName\":\"search_term_string\"}}],\"inLanguage\":\"en-GB\"},{\"@type\":\"Organization\",\"@id\":\"https:\\\/\\\/blog.urbanitae.com\\\/en\\\/#organization\",\"name\":\"Urbanitae\",\"url\":\"https:\\\/\\\/blog.urbanitae.com\\\/en\\\/\",\"logo\":{\"@type\":\"ImageObject\",\"inLanguage\":\"en-GB\",\"@id\":\"https:\\\/\\\/blog.urbanitae.com\\\/en\\\/#\\\/schema\\\/logo\\\/image\\\/\",\"url\":\"https:\\\/\\\/blog.urbanitae.com\\\/wp-content\\\/uploads\\\/2020\\\/04\\\/logo-verde_350x100.svg\",\"contentUrl\":\"https:\\\/\\\/blog.urbanitae.com\\\/wp-content\\\/uploads\\\/2020\\\/04\\\/logo-verde_350x100.svg\",\"width\":350,\"height\":100,\"caption\":\"Urbanitae\"},\"image\":{\"@id\":\"https:\\\/\\\/blog.urbanitae.com\\\/en\\\/#\\\/schema\\\/logo\\\/image\\\/\"},\"sameAs\":[\"https:\\\/\\\/www.facebook.com\\\/urbanitae\",\"https:\\\/\\\/x.com\\\/urbanitae\",\"https:\\\/\\\/www.instagram.com\\\/urbanitae\",\"https:\\\/\\\/www.linkedin.com\\\/company\\\/urbanitae\",\"https:\\\/\\\/www.pinterest.es\\\/UrbanitaeSL\\\/_created\\\/\",\"https:\\\/\\\/www.youtube.com\\\/c\\\/Urbanitae_RE\"]}]}<\/script>\n<!-- \/ Yoast SEO plugin. -->","yoast_head_json":{"title":"Urbanitae - Urbanitae Blog","description":"Get to know the latest news from Urbanitae: investments, signings, alliances and our presence in the media. We tell you all about it on our blog.","robots":{"index":"index","follow":"follow","max-snippet":"max-snippet:-1","max-image-preview":"max-image-preview:large","max-video-preview":"max-video-preview:-1"},"canonical":"https:\/\/blog.urbanitae.com\/en\/urbanitae\/","og_locale":"en_GB","og_type":"article","og_title":"Urbanitae","og_description":"Get to know the latest news from Urbanitae: investments, signings, alliances and our presence in the media. We tell you all about it on our blog.","og_url":"https:\/\/blog.urbanitae.com\/en\/urbanitae\/","og_site_name":"Urbanitae Blog | The best real estate investment news","article_publisher":"https:\/\/www.facebook.com\/urbanitae","article_modified_time":"2024-04-10T15:44:22+00:00","og_image":[{"url":"https:\/\/blog.urbanitae.com\/wp-content\/uploads\/2024\/03\/Aterrizamos-en-Italia-y-continuamos-nuestra-expansion-por-Europa-776x460.webp","type":"","width":"","height":""}],"twitter_card":"summary_large_image","twitter_site":"@urbanitae","twitter_misc":{"Estimated reading time":"1 minute"},"schema":{"@context":"https:\/\/schema.org","@graph":[{"@type":"WebPage","@id":"https:\/\/blog.urbanitae.com\/en\/urbanitae\/","url":"https:\/\/blog.urbanitae.com\/en\/urbanitae\/","name":"Urbanitae - Urbanitae Blog","isPartOf":{"@id":"https:\/\/blog.urbanitae.com\/en\/#website"},"primaryImageOfPage":{"@id":"https:\/\/blog.urbanitae.com\/en\/urbanitae\/#primaryimage"},"image":{"@id":"https:\/\/blog.urbanitae.com\/en\/urbanitae\/#primaryimage"},"thumbnailUrl":"https:\/\/blog.urbanitae.com\/wp-content\/uploads\/2024\/03\/Aterrizamos-en-Italia-y-continuamos-nuestra-expansion-por-Europa-776x460.webp","datePublished":"2023-11-28T09:50:57+00:00","dateModified":"2024-04-10T15:44:22+00:00","description":"Get to know the latest news from Urbanitae: investments, signings, alliances and our presence in the media. We tell you all about it on our blog.","breadcrumb":{"@id":"https:\/\/blog.urbanitae.com\/en\/urbanitae\/#breadcrumb"},"inLanguage":"en-GB","potentialAction":[{"@type":"ReadAction","target":["https:\/\/blog.urbanitae.com\/en\/urbanitae\/"]}]},{"@type":"ImageObject","inLanguage":"en-GB","@id":"https:\/\/blog.urbanitae.com\/en\/urbanitae\/#primaryimage","url":"https:\/\/blog.urbanitae.com\/wp-content\/uploads\/2024\/03\/Aterrizamos-en-Italia-y-continuamos-nuestra-expansion-por-Europa-776x460.webp","contentUrl":"https:\/\/blog.urbanitae.com\/wp-content\/uploads\/2024\/03\/Aterrizamos-en-Italia-y-continuamos-nuestra-expansion-por-Europa-776x460.webp"},{"@type":"BreadcrumbList","@id":"https:\/\/blog.urbanitae.com\/en\/urbanitae\/#breadcrumb","itemListElement":[{"@type":"ListItem","position":1,"name":"Portada","item":"https:\/\/blog.urbanitae.com\/en\/"},{"@type":"ListItem","position":2,"name":"Urbanitae"}]},{"@type":"WebSite","@id":"https:\/\/blog.urbanitae.com\/en\/#website","url":"https:\/\/blog.urbanitae.com\/en\/","name":"Urbanitae Blog | Las mejores noticias sobre inversi\u00f3n inmobiliaria","description":"Real estate investment for everyone","publisher":{"@id":"https:\/\/blog.urbanitae.com\/en\/#organization"},"potentialAction":[{"@type":"SearchAction","target":{"@type":"EntryPoint","urlTemplate":"https:\/\/blog.urbanitae.com\/en\/?s={search_term_string}"},"query-input":{"@type":"PropertyValueSpecification","valueRequired":true,"valueName":"search_term_string"}}],"inLanguage":"en-GB"},{"@type":"Organization","@id":"https:\/\/blog.urbanitae.com\/en\/#organization","name":"Urbanitae","url":"https:\/\/blog.urbanitae.com\/en\/","logo":{"@type":"ImageObject","inLanguage":"en-GB","@id":"https:\/\/blog.urbanitae.com\/en\/#\/schema\/logo\/image\/","url":"https:\/\/blog.urbanitae.com\/wp-content\/uploads\/2020\/04\/logo-verde_350x100.svg","contentUrl":"https:\/\/blog.urbanitae.com\/wp-content\/uploads\/2020\/04\/logo-verde_350x100.svg","width":350,"height":100,"caption":"Urbanitae"},"image":{"@id":"https:\/\/blog.urbanitae.com\/en\/#\/schema\/logo\/image\/"},"sameAs":["https:\/\/www.facebook.com\/urbanitae","https:\/\/x.com\/urbanitae","https:\/\/www.instagram.com\/urbanitae","https:\/\/www.linkedin.com\/company\/urbanitae","https:\/\/www.pinterest.es\/UrbanitaeSL\/_created\/","https:\/\/www.youtube.com\/c\/Urbanitae_RE"]}]}},"_links":{"self":[{"href":"https:\/\/blog.urbanitae.com\/en\/wp-json\/wp\/v2\/pages\/40794","targetHints":{"allow":["GET"]}}],"collection":[{"href":"https:\/\/blog.urbanitae.com\/en\/wp-json\/wp\/v2\/pages"}],"about":[{"href":"https:\/\/blog.urbanitae.com\/en\/wp-json\/wp\/v2\/types\/page"}],"author":[{"embeddable":true,"href":"https:\/\/blog.urbanitae.com\/en\/wp-json\/wp\/v2\/users\/4"}],"replies":[{"embeddable":true,"href":"https:\/\/blog.urbanitae.com\/en\/wp-json\/wp\/v2\/comments?post=40794"}],"version-history":[{"count":0,"href":"https:\/\/blog.urbanitae.com\/en\/wp-json\/wp\/v2\/pages\/40794\/revisions"}],"wp:attachment":[{"href":"https:\/\/blog.urbanitae.com\/en\/wp-json\/wp\/v2\/media?parent=40794"}],"curies":[{"name":"wp","href":"https:\/\/api.w.org\/{rel}","templated":true}]}}