{"id":67867,"date":"2025-04-15T14:20:35","date_gmt":"2025-04-15T12:20:35","guid":{"rendered":"https:\/\/blog.urbanitae.com\/immobilieninvestor\/"},"modified":"2025-12-10T16:54:18","modified_gmt":"2025-12-10T15:54:18","slug":"immobilieninvestor","status":"publish","type":"page","link":"https:\/\/blog.urbanitae.com\/de\/glossar\/immobilieninvestor\/","title":{"rendered":"Immobilieninvestor"},"content":{"rendered":"\t\t<div data-elementor-type=\"wp-page\" data-elementor-id=\"67867\" class=\"elementor elementor-67867 elementor-56462\">\n\t\t\t\t\t\t<section class=\"elementor-section elementor-top-section elementor-element elementor-element-d86d887 elementor-section-boxed elementor-section-height-default elementor-section-height-default parallax_section_no qode_elementor_container_no\" data-id=\"d86d887\" data-element_type=\"section\" data-e-type=\"section\">\n\t\t\t\t\t\t<div class=\"elementor-container elementor-column-gap-default\">\n\t\t\t\t\t<div class=\"elementor-column elementor-col-100 elementor-top-column elementor-element elementor-element-8b49ddd\" data-id=\"8b49ddd\" data-element_type=\"column\" data-e-type=\"column\">\n\t\t\t<div class=\"elementor-widget-wrap elementor-element-populated\">\n\t\t\t\t\t\t<div class=\"elementor-element elementor-element-083b30b elementor-widget__width-initial elementor-widget elementor-widget-text-editor\" data-id=\"083b30b\" data-element_type=\"widget\" data-e-type=\"widget\" data-widget_type=\"text-editor.default\">\n\t\t\t\t<div class=\"elementor-widget-container\">\n\t\t\t\t\t\t\t\t\t<h3>Was ist es?<\/h3><p style=\"color: #212121; font-family: Roboto, sans-serif; font-size: 16px;\">Eine Person oder Einrichtung, die speziell in Immobilienverm\u00f6gen wie Wohn-, Gewerbeimmobilien oder Grundst\u00fccke investiert. Der Immobilieninvestor strebt an, Gewinne durch den Kauf, die Vermietung, den Verkauf oder die Entwicklung von Immobilien zu erzielen. Diese Investoren k\u00f6nnen auf verschiedene Weise t\u00e4tig sein, sei es durch den Erwerb von Immobilien, um passive Einnahmen durch Mieteinnahmen zu erzielen, oder durch die Entwicklung von Grundst\u00fccken und Immobilien, um Gewinne durch deren Wertsteigerung zu erzielen.<\/p><p style=\"color: #212121; font-family: Roboto, sans-serif; font-size: 16px;\">Immobilieninvestitionen gelten als eine der traditionellsten und beliebtesten Formen der Verm\u00f6gensbildung, da sie stabile Renditen und ein gewisses Ma\u00df an Sicherheit bieten, insbesondere in etablierten Immobilienm\u00e4rkten. Zudem erm\u00f6glicht die geografische und sektorale Diversifizierung den Anlegern, sich an Marktschwankungen anzupassen und ihre Einkommenschancen zu maximieren. <\/p>\t\t\t\t\t\t\t\t<\/div>\n\t\t\t\t<\/div>\n\t\t\t\t<div class=\"elementor-element elementor-element-11c28c4 elementor-widget__width-initial elementor-widget elementor-widget-text-editor\" data-id=\"11c28c4\" data-element_type=\"widget\" data-e-type=\"widget\" data-widget_type=\"text-editor.default\">\n\t\t\t\t<div class=\"elementor-widget-container\">\n\t\t\t\t\t\t\t\t\t<h3>Wichtige Aspekte, die zu ber\u00fccksichtigen sind<\/h3><p style=\"color: #212121; font-family: Roboto, sans-serif; font-size: 16px;\">Ein <strong>Immobilieninvestor<\/strong> kann je nach Zielen und Risikotoleranz verschiedene Ans\u00e4tze verfolgen. Einige bevorzugen den Erwerb von Immobilien zur langfristigen Vermietung und erzielen dadurch wiederkehrende Einnahmen. Andere setzen auf den Kauf und Verkauf von Immobilien (Flipping), um kurzfristige Gewinne durch Wertsteigerung zu erzielen. Dar\u00fcber hinaus spezialisieren sich einige Investoren auf die Entwicklung von Immobilienprojekten, von der Errichtung neuer Immobilien bis hin zur Renovierung bestehender Objekte, die anschlie\u00dfend zu einem h\u00f6heren Preis verkauft werden.   <\/p><p style=\"color: #212121; font-family: Roboto, sans-serif; font-size: 16px;\">Immobilieninvestitionen bieten zahlreiche Vorteile, wie den Zugang zu einem greifbaren Markt, langfristige Wertsteigerung und Inflationsschutz. Allerdings sind auch Risiken verbunden, darunter die Volatilit\u00e4t des Immobilienmarktes, Instandhaltungskosten und mangelnde Liquidit\u00e4t bei bestimmten Verm\u00f6genswerten. In diesem Zusammenhang hat sich das <strong>Immobilien-Crowdfunding<\/strong> als attraktive Alternative f\u00fcr Investoren entwickelt, die ohne den Erwerb einer vollst\u00e4ndigen Immobilie am Sektor teilnehmen m\u00f6chten. \u00dcber spezialisierte Plattformen ist es m\u00f6glich, kleinere Betr\u00e4ge in diversifizierte Immobilienprojekte zu investieren, wodurch Zugang zu Chancen entsteht, die zuvor gro\u00dfen Kapitalgebern vorbehalten waren, und dabei Rentabilit\u00e4tspotenzial mit erh\u00f6hter Zug\u00e4nglichkeit und Risikokontrolle kombiniert wird.   <\/p>\t\t\t\t\t\t\t\t<\/div>\n\t\t\t\t<\/div>\n\t\t\t\t\t<\/div>\n\t\t<\/div>\n\t\t\t\t\t<\/div>\n\t\t<\/section>\n\t\t\t\t<section class=\"elementor-section elementor-top-section elementor-element elementor-element-aa563c5 elementor-section-full_width elementor-section-stretched elementor-section-height-default elementor-section-height-default parallax_section_no qode_elementor_container_no\" data-id=\"aa563c5\" data-element_type=\"section\" data-e-type=\"section\" data-settings=\"{&quot;stretch_section&quot;:&quot;section-stretched&quot;}\">\n\t\t\t\t\t\t<div class=\"elementor-container elementor-column-gap-default\">\n\t\t\t\t\t<div class=\"elementor-column elementor-col-100 elementor-top-column elementor-element elementor-element-41114ac\" data-id=\"41114ac\" data-element_type=\"column\" data-e-type=\"column\">\n\t\t\t<div class=\"elementor-widget-wrap elementor-element-populated\">\n\t\t\t\t\t\t<div class=\"elementor-element elementor-element-43f7095 elementor-widget elementor-widget-html\" data-id=\"43f7095\" data-element_type=\"widget\" data-e-type=\"widget\" data-widget_type=\"html.default\">\n\t\t\t\t<div class=\"elementor-widget-container\">\n\t\t\t\t\t\r\n        <div class=\"qode-advanced-call-to-action qode-advanced-cta-gradient qode-advanced-cta-gradient-animation\" style=\"height:80px\">\r\n            <a class=\"advanced-cta-link\" href=\"https:\/\/mkt.urbanitae.com\/Urbanitae_suscripcion_newsletter.html?utm_source=blog&amp;utm_medium=link_blog&amp;utm_campaign=suscripcion_blog&amp;utm_content=boton\" target=\"_blank\" onclick=\"dataLayer.push({'event': 'ub_ga4_event', 'ub_ga4_event_name': 'newsletter', 'ub_ga4_event_element': 'aprende'})\"><\/a>\r\n            <div class=\"qode-advanced-cta-content\">\r\n                <span class=\"qode-advanced-cta-text-holder\" style=\"color:#FFFFFF;font-size:25px\">\r\n Abonnieren Sie unseren Newsletter <\/span>\r\n                <span class=\"qode-advanced-cta-icon-holder\" style=\"color:#FFFFFF;font-size:25px\">\r\n                    <span class=\"qode-advanced-cta-icon-holder-table\">\r\n                        <span class=\"qode-advanced-cta-icon-holder-cell\">\r\n                            <i class=\"qode_icon_font_awesome_5 fa5 fa fa-envelope-open-text qode-advanced-cta-icon\"><\/i> <\/span>\r\n                    <\/span>\r\n                <\/span>\r\n            <\/div>\r\n            <div class=\"qode-advanced-cta-background-holder\">\r\n                <span class=\"qode-advanced-cta-background-1 qode-type1-gradient-left-to-right\"><\/span>\r\n                <span class=\"qode-advanced-cta-background-2 qode-type1-gradient-left-to-right\"><\/span>\r\n                <span class=\"qode-advanced-cta-background-3\"><\/span>\r\n            <\/div>\r\n        <\/div>\r\n\t\t\t\t<\/div>\n\t\t\t\t<\/div>\n\t\t\t\t\t<\/div>\n\t\t<\/div>\n\t\t\t\t\t<\/div>\n\t\t<\/section>\n\t\t\t\t<\/div>\n\t\t","protected":false},"excerpt":{"rendered":"<p>Was ist es? Eine Person oder Einrichtung, die speziell in Immobilienverm\u00f6gen wie Wohn-, Gewerbeimmobilien oder Grundst\u00fccke investiert. Der Immobilieninvestor strebt an, Gewinne durch den Kauf, die Vermietung, den Verkauf oder die Entwicklung von Immobilien zu erzielen. Diese Investoren k\u00f6nnen auf verschiedene Weise t\u00e4tig sein, sei&#8230;<\/p>\n","protected":false},"author":20,"featured_media":0,"parent":67878,"menu_order":0,"comment_status":"closed","ping_status":"closed","template":"","meta":{"inline_featured_image":false,"_lmt_disableupdate":"","_lmt_disable":"","footnotes":""},"class_list":["post-67867","page","type-page","status-publish","hentry"],"yoast_head":"<!-- This site is optimized with the Yoast SEO plugin v27.3 - https:\/\/yoast.com\/product\/yoast-seo-wordpress\/ -->\n<title>Immobilieninvestor - Urbanitae Blog<\/title>\n<meta name=\"description\" content=\"Ein Immobilieninvestor ist eine Person oder ein Unternehmen, das gezielt in Immobilienverm\u00f6gen wie Wohn- oder Gewerbeimmobilien oder Grundst\u00fccke investiert. Ziel des Immobilieninvestors ist es, durch den Kauf, die Vermietung, den Verkauf oder die Entwicklung von Immobilien Gewinne zu erzielen.\" \/>\n<meta name=\"robots\" content=\"index, follow, max-snippet:-1, max-image-preview:large, max-video-preview:-1\" \/>\n<link rel=\"canonical\" href=\"https:\/\/blog.urbanitae.com\/de\/glossar\/immobilieninvestor\/\" \/>\n<meta property=\"og:locale\" content=\"de_DE\" \/>\n<meta property=\"og:type\" content=\"article\" \/>\n<meta property=\"og:title\" content=\"Immobilieninvestor - Urbanitae Blog\" \/>\n<meta property=\"og:description\" content=\"Ein Immobilieninvestor ist eine Person oder ein Unternehmen, das gezielt in Immobilienverm\u00f6gen wie Wohn- oder Gewerbeimmobilien oder Grundst\u00fccke investiert. Ziel des Immobilieninvestors ist es, durch den Kauf, die Vermietung, den Verkauf oder die Entwicklung von Immobilien Gewinne zu erzielen.\" \/>\n<meta property=\"og:url\" content=\"https:\/\/blog.urbanitae.com\/de\/glossar\/immobilieninvestor\/\" \/>\n<meta property=\"og:site_name\" content=\"Urbanitae Blog | Las mejores noticias sobre inversi\u00f3n inmobiliaria\" \/>\n<meta property=\"article:publisher\" content=\"https:\/\/www.facebook.com\/urbanitae\" \/>\n<meta property=\"article:modified_time\" content=\"2025-12-10T15:54:18+00:00\" \/>\n<meta name=\"twitter:card\" content=\"summary_large_image\" \/>\n<meta name=\"twitter:site\" content=\"@urbanitae\" \/>\n<meta name=\"twitter:label1\" content=\"Gesch\u00e4tzte Lesezeit\" \/>\n\t<meta name=\"twitter:data1\" content=\"2\u00a0Minuten\" \/>\n<script type=\"application\/ld+json\" class=\"yoast-schema-graph\">{\"@context\":\"https:\\\/\\\/schema.org\",\"@graph\":[{\"@type\":\"WebPage\",\"@id\":\"https:\\\/\\\/blog.urbanitae.com\\\/de\\\/glossar\\\/immobilieninvestor\\\/\",\"url\":\"https:\\\/\\\/blog.urbanitae.com\\\/de\\\/glossar\\\/immobilieninvestor\\\/\",\"name\":\"Immobilieninvestor - Urbanitae Blog\",\"isPartOf\":{\"@id\":\"https:\\\/\\\/blog.urbanitae.com\\\/de\\\/#website\"},\"datePublished\":\"2025-04-15T12:20:35+00:00\",\"dateModified\":\"2025-12-10T15:54:18+00:00\",\"description\":\"Ein Immobilieninvestor ist eine Person oder ein Unternehmen, das gezielt in Immobilienverm\u00f6gen wie Wohn- oder Gewerbeimmobilien oder Grundst\u00fccke investiert. Ziel des Immobilieninvestors ist es, durch den Kauf, die Vermietung, den Verkauf oder die Entwicklung von Immobilien Gewinne zu erzielen.\",\"breadcrumb\":{\"@id\":\"https:\\\/\\\/blog.urbanitae.com\\\/de\\\/glossar\\\/immobilieninvestor\\\/#breadcrumb\"},\"inLanguage\":\"de\",\"potentialAction\":[{\"@type\":\"ReadAction\",\"target\":[\"https:\\\/\\\/blog.urbanitae.com\\\/de\\\/glossar\\\/immobilieninvestor\\\/\"]}]},{\"@type\":\"BreadcrumbList\",\"@id\":\"https:\\\/\\\/blog.urbanitae.com\\\/de\\\/glossar\\\/immobilieninvestor\\\/#breadcrumb\",\"itemListElement\":[{\"@type\":\"ListItem\",\"position\":1,\"name\":\"Portada\",\"item\":\"https:\\\/\\\/blog.urbanitae.com\\\/de\\\/\"},{\"@type\":\"ListItem\",\"position\":2,\"name\":\"Glossar\",\"item\":\"https:\\\/\\\/blog.urbanitae.com\\\/de\\\/glossar\\\/\"},{\"@type\":\"ListItem\",\"position\":3,\"name\":\"Immobilieninvestor\"}]},{\"@type\":\"WebSite\",\"@id\":\"https:\\\/\\\/blog.urbanitae.com\\\/de\\\/#website\",\"url\":\"https:\\\/\\\/blog.urbanitae.com\\\/de\\\/\",\"name\":\"Urbanitae Blog | Las mejores noticias sobre inversi\u00f3n inmobiliaria\",\"description\":\"Inversi\u00f3n inmobiliaria al alcance de todos\",\"publisher\":{\"@id\":\"https:\\\/\\\/blog.urbanitae.com\\\/de\\\/#organization\"},\"potentialAction\":[{\"@type\":\"SearchAction\",\"target\":{\"@type\":\"EntryPoint\",\"urlTemplate\":\"https:\\\/\\\/blog.urbanitae.com\\\/de\\\/?s={search_term_string}\"},\"query-input\":{\"@type\":\"PropertyValueSpecification\",\"valueRequired\":true,\"valueName\":\"search_term_string\"}}],\"inLanguage\":\"de\"},{\"@type\":\"Organization\",\"@id\":\"https:\\\/\\\/blog.urbanitae.com\\\/de\\\/#organization\",\"name\":\"Urbanitae\",\"url\":\"https:\\\/\\\/blog.urbanitae.com\\\/de\\\/\",\"logo\":{\"@type\":\"ImageObject\",\"inLanguage\":\"de\",\"@id\":\"https:\\\/\\\/blog.urbanitae.com\\\/de\\\/#\\\/schema\\\/logo\\\/image\\\/\",\"url\":\"https:\\\/\\\/blog.urbanitae.com\\\/wp-content\\\/uploads\\\/2020\\\/04\\\/logo-verde_350x100.svg\",\"contentUrl\":\"https:\\\/\\\/blog.urbanitae.com\\\/wp-content\\\/uploads\\\/2020\\\/04\\\/logo-verde_350x100.svg\",\"width\":350,\"height\":100,\"caption\":\"Urbanitae\"},\"image\":{\"@id\":\"https:\\\/\\\/blog.urbanitae.com\\\/de\\\/#\\\/schema\\\/logo\\\/image\\\/\"},\"sameAs\":[\"https:\\\/\\\/www.facebook.com\\\/urbanitae\",\"https:\\\/\\\/x.com\\\/urbanitae\",\"https:\\\/\\\/www.instagram.com\\\/urbanitae\",\"https:\\\/\\\/www.linkedin.com\\\/company\\\/urbanitae\",\"https:\\\/\\\/www.pinterest.es\\\/UrbanitaeSL\\\/_created\\\/\",\"https:\\\/\\\/www.youtube.com\\\/c\\\/Urbanitae_RE\"]}]}<\/script>\n<!-- \/ Yoast SEO plugin. -->","yoast_head_json":{"title":"Immobilieninvestor - Urbanitae Blog","description":"Ein Immobilieninvestor ist eine Person oder ein Unternehmen, das gezielt in Immobilienverm\u00f6gen wie Wohn- oder Gewerbeimmobilien oder Grundst\u00fccke investiert. Ziel des Immobilieninvestors ist es, durch den Kauf, die Vermietung, den Verkauf oder die Entwicklung von Immobilien Gewinne zu erzielen.","robots":{"index":"index","follow":"follow","max-snippet":"max-snippet:-1","max-image-preview":"max-image-preview:large","max-video-preview":"max-video-preview:-1"},"canonical":"https:\/\/blog.urbanitae.com\/de\/glossar\/immobilieninvestor\/","og_locale":"de_DE","og_type":"article","og_title":"Immobilieninvestor - Urbanitae Blog","og_description":"Ein Immobilieninvestor ist eine Person oder ein Unternehmen, das gezielt in Immobilienverm\u00f6gen wie Wohn- oder Gewerbeimmobilien oder Grundst\u00fccke investiert. Ziel des Immobilieninvestors ist es, durch den Kauf, die Vermietung, den Verkauf oder die Entwicklung von Immobilien Gewinne zu erzielen.","og_url":"https:\/\/blog.urbanitae.com\/de\/glossar\/immobilieninvestor\/","og_site_name":"Urbanitae Blog | Las mejores noticias sobre inversi\u00f3n inmobiliaria","article_publisher":"https:\/\/www.facebook.com\/urbanitae","article_modified_time":"2025-12-10T15:54:18+00:00","twitter_card":"summary_large_image","twitter_site":"@urbanitae","twitter_misc":{"Gesch\u00e4tzte Lesezeit":"2\u00a0Minuten"},"schema":{"@context":"https:\/\/schema.org","@graph":[{"@type":"WebPage","@id":"https:\/\/blog.urbanitae.com\/de\/glossar\/immobilieninvestor\/","url":"https:\/\/blog.urbanitae.com\/de\/glossar\/immobilieninvestor\/","name":"Immobilieninvestor - Urbanitae Blog","isPartOf":{"@id":"https:\/\/blog.urbanitae.com\/de\/#website"},"datePublished":"2025-04-15T12:20:35+00:00","dateModified":"2025-12-10T15:54:18+00:00","description":"Ein Immobilieninvestor ist eine Person oder ein Unternehmen, das gezielt in Immobilienverm\u00f6gen wie Wohn- oder Gewerbeimmobilien oder Grundst\u00fccke investiert. Ziel des Immobilieninvestors ist es, durch den Kauf, die Vermietung, den Verkauf oder die Entwicklung von Immobilien Gewinne zu erzielen.","breadcrumb":{"@id":"https:\/\/blog.urbanitae.com\/de\/glossar\/immobilieninvestor\/#breadcrumb"},"inLanguage":"de","potentialAction":[{"@type":"ReadAction","target":["https:\/\/blog.urbanitae.com\/de\/glossar\/immobilieninvestor\/"]}]},{"@type":"BreadcrumbList","@id":"https:\/\/blog.urbanitae.com\/de\/glossar\/immobilieninvestor\/#breadcrumb","itemListElement":[{"@type":"ListItem","position":1,"name":"Portada","item":"https:\/\/blog.urbanitae.com\/de\/"},{"@type":"ListItem","position":2,"name":"Glossar","item":"https:\/\/blog.urbanitae.com\/de\/glossar\/"},{"@type":"ListItem","position":3,"name":"Immobilieninvestor"}]},{"@type":"WebSite","@id":"https:\/\/blog.urbanitae.com\/de\/#website","url":"https:\/\/blog.urbanitae.com\/de\/","name":"Urbanitae Blog | Las mejores noticias sobre inversi\u00f3n inmobiliaria","description":"Inversi\u00f3n inmobiliaria al alcance de todos","publisher":{"@id":"https:\/\/blog.urbanitae.com\/de\/#organization"},"potentialAction":[{"@type":"SearchAction","target":{"@type":"EntryPoint","urlTemplate":"https:\/\/blog.urbanitae.com\/de\/?s={search_term_string}"},"query-input":{"@type":"PropertyValueSpecification","valueRequired":true,"valueName":"search_term_string"}}],"inLanguage":"de"},{"@type":"Organization","@id":"https:\/\/blog.urbanitae.com\/de\/#organization","name":"Urbanitae","url":"https:\/\/blog.urbanitae.com\/de\/","logo":{"@type":"ImageObject","inLanguage":"de","@id":"https:\/\/blog.urbanitae.com\/de\/#\/schema\/logo\/image\/","url":"https:\/\/blog.urbanitae.com\/wp-content\/uploads\/2020\/04\/logo-verde_350x100.svg","contentUrl":"https:\/\/blog.urbanitae.com\/wp-content\/uploads\/2020\/04\/logo-verde_350x100.svg","width":350,"height":100,"caption":"Urbanitae"},"image":{"@id":"https:\/\/blog.urbanitae.com\/de\/#\/schema\/logo\/image\/"},"sameAs":["https:\/\/www.facebook.com\/urbanitae","https:\/\/x.com\/urbanitae","https:\/\/www.instagram.com\/urbanitae","https:\/\/www.linkedin.com\/company\/urbanitae","https:\/\/www.pinterest.es\/UrbanitaeSL\/_created\/","https:\/\/www.youtube.com\/c\/Urbanitae_RE"]}]}},"_links":{"self":[{"href":"https:\/\/blog.urbanitae.com\/de\/wp-json\/wp\/v2\/pages\/67867","targetHints":{"allow":["GET"]}}],"collection":[{"href":"https:\/\/blog.urbanitae.com\/de\/wp-json\/wp\/v2\/pages"}],"about":[{"href":"https:\/\/blog.urbanitae.com\/de\/wp-json\/wp\/v2\/types\/page"}],"author":[{"embeddable":true,"href":"https:\/\/blog.urbanitae.com\/de\/wp-json\/wp\/v2\/users\/20"}],"replies":[{"embeddable":true,"href":"https:\/\/blog.urbanitae.com\/de\/wp-json\/wp\/v2\/comments?post=67867"}],"version-history":[{"count":1,"href":"https:\/\/blog.urbanitae.com\/de\/wp-json\/wp\/v2\/pages\/67867\/revisions"}],"predecessor-version":[{"id":67868,"href":"https:\/\/blog.urbanitae.com\/de\/wp-json\/wp\/v2\/pages\/67867\/revisions\/67868"}],"up":[{"embeddable":true,"href":"https:\/\/blog.urbanitae.com\/de\/wp-json\/wp\/v2\/pages\/67878"}],"wp:attachment":[{"href":"https:\/\/blog.urbanitae.com\/de\/wp-json\/wp\/v2\/media?parent=67867"}],"curies":[{"name":"wp","href":"https:\/\/api.w.org\/{rel}","templated":true}]}}