{"id":67863,"date":"2025-04-15T19:37:41","date_gmt":"2025-04-15T17:37:41","guid":{"rendered":"https:\/\/blog.urbanitae.com\/neugewichtung-des-portfolios\/"},"modified":"2025-08-13T09:17:41","modified_gmt":"2025-08-13T07:17:41","slug":"neugewichtung-des-portfolios","status":"publish","type":"page","link":"https:\/\/blog.urbanitae.com\/de\/glossar\/neugewichtung-des-portfolios\/","title":{"rendered":"Neugewichtung des Portfolios"},"content":{"rendered":"\t\t<div data-elementor-type=\"wp-page\" data-elementor-id=\"67863\" class=\"elementor elementor-67863 elementor-60224\">\n\t\t\t\t\t\t<section class=\"elementor-section elementor-top-section elementor-element elementor-element-d86d887 elementor-section-boxed elementor-section-height-default elementor-section-height-default\" data-id=\"d86d887\" data-element_type=\"section\" data-e-type=\"section\">\n\t\t\t\t\t\t<div class=\"elementor-container elementor-column-gap-default\">\n\t\t\t\t\t<div class=\"elementor-column elementor-col-100 elementor-top-column elementor-element elementor-element-8b49ddd\" data-id=\"8b49ddd\" data-element_type=\"column\" data-e-type=\"column\">\n\t\t\t<div class=\"elementor-widget-wrap elementor-element-populated\">\n\t\t\t\t\t\t<div class=\"elementor-element elementor-element-083b30b elementor-widget__width-initial elementor-widget elementor-widget-text-editor\" data-id=\"083b30b\" data-element_type=\"widget\" data-e-type=\"widget\" data-widget_type=\"text-editor.default\">\n\t\t\t\t<div class=\"elementor-widget-container\">\n\t\t\t\t\t\t\t\t\t<h3>Was sind sie?<\/h3><p style=\"color: #212121; font-family: Roboto, sans-serif; font-size: 16px;\">Die <strong>Portfolioumschichtung<\/strong> bezieht sich auf die regelm\u00e4\u00dfige Anpassung der Verm\u00f6genswerte in einem Anlageportfolio, um die gew\u00fcnschte Asset-Allokation beizubehalten. Dies beinhaltet den Verkauf oder Kauf von Verm\u00f6genswerten mit dem Ziel, die Zielprozents\u00e4tze jeder Anlageklasse (Aktien, Anleihen, Immobilien usw.) wiederherzustellen, die urspr\u00fcnglich basierend auf den Anlagezielen, dem Risikoprofil und dem Zeithorizont des Anlegers festgelegt wurden. <\/p><p style=\"color: #212121; font-family: Roboto, sans-serif; font-size: 16px;\">Im Laufe der Zeit k\u00f6nnen durch Marktschwankungen die Werte der verschiedenen Verm\u00f6genswerte im Portfolio steigen oder fallen, wodurch sich das urspr\u00fcngliche Verh\u00e4ltnis der Investition ver\u00e4ndert. Das Rebalancing erm\u00f6glicht es, die Anlagestrategie wiederherzustellen, indem das Kapital entsprechend den festgelegten Zielen und dem Risiko neu zugewiesen wird, um die \u00dcber- oder Untergewichtung einzelner Verm\u00f6genswerte zu minimieren. <\/p>\t\t\t\t\t\t\t\t<\/div>\n\t\t\t\t<\/div>\n\t\t\t\t<div class=\"elementor-element elementor-element-11c28c4 elementor-widget__width-initial elementor-widget elementor-widget-text-editor\" data-id=\"11c28c4\" data-element_type=\"widget\" data-e-type=\"widget\" data-widget_type=\"text-editor.default\">\n\t\t\t\t<div class=\"elementor-widget-container\">\n\t\t\t\t\t\t\t\t\t<h3>Wichtige Aspekte, die zu ber\u00fccksichtigen sind<\/h3><p style=\"color: #212121; font-family: Roboto, sans-serif; font-size: 16px;\">Das <strong>Portfoliorebalancing <\/strong>ist eine Schl\u00fcsselstrategie, um ein angemessenes Risikomanagement aufrechtzuerhalten und sicherzustellen, dass das Portfolio weiterhin mit den finanziellen Zielen des Anlegers \u00fcbereinstimmt. Beim Rebalancing ist es wichtig zu pr\u00fcfen, ob \u00c4nderungen in der Asset-Allokation aufgrund von Marktver\u00e4nderungen oder \u00c4nderungen der Anlegerziele notwendig sind. <\/p><p style=\"color: #212121; font-family: Roboto, sans-serif; font-size: 16px;\">Einige Anleger bevorzugen j\u00e4hrliche oder halbj\u00e4hrliche Anpassungen, w\u00e4hrend andere je nach Risikotoleranz und Bereitschaft zur aktiven Verwaltung des Portfolios eine h\u00e4ufigere Vorgehensweise, wie etwa viertelj\u00e4hrlich, w\u00e4hlen k\u00f6nnen.<\/p><p style=\"color: #212121; font-family: Roboto, sans-serif; font-size: 16px;\">Es ist wichtig, die mit dem Kauf und Verkauf von Verm\u00f6genswerten verbundenen Kosten zu ber\u00fccksichtigen, da h\u00e4ufiges Rebalancing Geb\u00fchren verursachen oder steuerliche Auswirkungen haben kann, insbesondere in M\u00e4rkten mit Kapitalgewinnen. Au\u00dferdem sollte das Rebalancing diszipliniert durchgef\u00fchrt werden, um impulsive Entscheidungen aufgrund kurzfristiger Marktvolatilit\u00e4t zu vermeiden.<br>. <\/p>\t\t\t\t\t\t\t\t<\/div>\n\t\t\t\t<\/div>\n\t\t\t\t\t<\/div>\n\t\t<\/div>\n\t\t\t\t\t<\/div>\n\t\t<\/section>\n\t\t\t\t<section class=\"elementor-section elementor-top-section elementor-element elementor-element-aa563c5 elementor-section-full_width elementor-section-stretched elementor-section-height-default elementor-section-height-default\" data-id=\"aa563c5\" data-element_type=\"section\" data-e-type=\"section\" data-settings=\"{&quot;stretch_section&quot;:&quot;section-stretched&quot;}\">\n\t\t\t\t\t\t<div class=\"elementor-container elementor-column-gap-default\">\n\t\t\t\t\t<div class=\"elementor-column elementor-col-100 elementor-top-column elementor-element elementor-element-41114ac\" data-id=\"41114ac\" data-element_type=\"column\" data-e-type=\"column\">\n\t\t\t<div class=\"elementor-widget-wrap elementor-element-populated\">\n\t\t\t\t\t\t<div class=\"elementor-element elementor-element-43f7095 elementor-widget elementor-widget-html\" data-id=\"43f7095\" data-element_type=\"widget\" data-e-type=\"widget\" data-widget_type=\"html.default\">\n\t\t\t\t<div class=\"elementor-widget-container\">\n\t\t\t\t\t\r\n        <div class=\"qode-advanced-call-to-action qode-advanced-cta-gradient qode-advanced-cta-gradient-animation\" style=\"height:80px\">\r\n            <a class=\"advanced-cta-link\" href=\"https:\/\/mkt.urbanitae.com\/Urbanitae_suscripcion_newsletter.html?utm_source=blog&amp;utm_medium=link_blog&amp;utm_campaign=suscripcion_blog&amp;utm_content=boton\" target=\"_blank\" onclick=\"dataLayer.push({'event': 'ub_ga4_event', 'ub_ga4_event_name': 'newsletter', 'ub_ga4_event_element': 'aprende'})\"><\/a>\r\n            <div class=\"qode-advanced-cta-content\">\r\n                <span class=\"qode-advanced-cta-text-holder\" style=\"color:#FFFFFF;font-size:25px\">\r\n Abonnieren Sie unseren Newsletter <\/span>\r\n                <span class=\"qode-advanced-cta-icon-holder\" style=\"color:#FFFFFF;font-size:25px\">\r\n                    <span class=\"qode-advanced-cta-icon-holder-table\">\r\n                        <span class=\"qode-advanced-cta-icon-holder-cell\">\r\n                            <i class=\"qode_icon_font_awesome_5 fa5 fa fa-envelope-open-text qode-advanced-cta-icon\"><\/i> <\/span>\r\n                    <\/span>\r\n                <\/span>\r\n            <\/div>\r\n            <div class=\"qode-advanced-cta-background-holder\">\r\n                <span class=\"qode-advanced-cta-background-1 qode-type1-gradient-left-to-right\"><\/span>\r\n                <span class=\"qode-advanced-cta-background-2 qode-type1-gradient-left-to-right\"><\/span>\r\n                <span class=\"qode-advanced-cta-background-3\"><\/span>\r\n            <\/div>\r\n        <\/div>\r\n\t\t\t\t<\/div>\n\t\t\t\t<\/div>\n\t\t\t\t\t<\/div>\n\t\t<\/div>\n\t\t\t\t\t<\/div>\n\t\t<\/section>\n\t\t\t\t<\/div>\n\t\t","protected":false},"excerpt":{"rendered":"<p>Was sind sie? Die Portfolioumschichtung bezieht sich auf die regelm\u00e4\u00dfige Anpassung der Verm\u00f6genswerte in einem Anlageportfolio, um die gew\u00fcnschte Asset-Allokation beizubehalten. Dies beinhaltet den Verkauf oder Kauf von Verm\u00f6genswerten mit dem Ziel, die Zielprozents\u00e4tze jeder Anlageklasse (Aktien, Anleihen, Immobilien usw.) wiederherzustellen, die urspr\u00fcnglich basierend auf den Anlagezielen, dem Risikoprofil und dem Zeithorizont des Anlegers festgelegt [&hellip;]<\/p>\n","protected":false},"author":4,"featured_media":0,"parent":67878,"menu_order":0,"comment_status":"closed","ping_status":"closed","template":"","meta":{"inline_featured_image":false,"footnotes":""},"class_list":["post-67863","page","type-page","status-publish","hentry"],"yoast_head":"<!-- This site is optimized with the Yoast SEO plugin v27.4 - https:\/\/yoast.com\/product\/yoast-seo-wordpress\/ -->\n<title>Neugewichtung des Portfolios - Urbanitae Blog<\/title>\n<meta name=\"description\" content=\"Periodische Anpassung der Verm\u00f6genswerte in einem Anlageportfolio, um die gew\u00fcnschte Allokation aufrechtzuerhalten. Dies beinhaltet den Kauf oder Verkauf von Verm\u00f6genswerten, um die Zielprozents\u00e4tze f\u00fcr jede Anlageklasse wiederherzustellen.\" \/>\n<meta name=\"robots\" content=\"index, follow, max-snippet:-1, max-image-preview:large, max-video-preview:-1\" \/>\n<link rel=\"canonical\" href=\"https:\/\/blog.urbanitae.com\/de\/glossar\/neugewichtung-des-portfolios\/\" \/>\n<meta property=\"og:locale\" content=\"de_DE\" \/>\n<meta property=\"og:type\" content=\"article\" \/>\n<meta property=\"og:title\" content=\"Neugewichtung des Portfolios - Urbanitae Blog\" \/>\n<meta property=\"og:description\" content=\"Periodische Anpassung der Verm\u00f6genswerte in einem Anlageportfolio, um die gew\u00fcnschte Allokation aufrechtzuerhalten. Dies beinhaltet den Kauf oder Verkauf von Verm\u00f6genswerten, um die Zielprozents\u00e4tze f\u00fcr jede Anlageklasse wiederherzustellen.\" \/>\n<meta property=\"og:url\" content=\"https:\/\/blog.urbanitae.com\/de\/glossar\/neugewichtung-des-portfolios\/\" \/>\n<meta property=\"og:site_name\" content=\"Urbanitae Blog | Las mejores noticias sobre inversi\u00f3n inmobiliaria\" \/>\n<meta property=\"article:publisher\" content=\"https:\/\/www.facebook.com\/urbanitae\" \/>\n<meta property=\"article:modified_time\" content=\"2025-08-13T07:17:41+00:00\" \/>\n<meta name=\"twitter:card\" content=\"summary_large_image\" \/>\n<meta name=\"twitter:site\" content=\"@urbanitae\" \/>\n<meta name=\"twitter:label1\" content=\"Gesch\u00e4tzte Lesezeit\" \/>\n\t<meta name=\"twitter:data1\" content=\"1\u00a0Minute\" \/>\n<script type=\"application\/ld+json\" class=\"yoast-schema-graph\">{\"@context\":\"https:\\\/\\\/schema.org\",\"@graph\":[{\"@type\":\"WebPage\",\"@id\":\"https:\\\/\\\/blog.urbanitae.com\\\/de\\\/glossar\\\/neugewichtung-des-portfolios\\\/\",\"url\":\"https:\\\/\\\/blog.urbanitae.com\\\/de\\\/glossar\\\/neugewichtung-des-portfolios\\\/\",\"name\":\"Neugewichtung des Portfolios - Urbanitae Blog\",\"isPartOf\":{\"@id\":\"https:\\\/\\\/blog.urbanitae.com\\\/de\\\/#website\"},\"datePublished\":\"2025-04-15T17:37:41+00:00\",\"dateModified\":\"2025-08-13T07:17:41+00:00\",\"description\":\"Periodische Anpassung der Verm\u00f6genswerte in einem Anlageportfolio, um die gew\u00fcnschte Allokation aufrechtzuerhalten. Dies beinhaltet den Kauf oder Verkauf von Verm\u00f6genswerten, um die Zielprozents\u00e4tze f\u00fcr jede Anlageklasse wiederherzustellen.\",\"breadcrumb\":{\"@id\":\"https:\\\/\\\/blog.urbanitae.com\\\/de\\\/glossar\\\/neugewichtung-des-portfolios\\\/#breadcrumb\"},\"inLanguage\":\"de\",\"potentialAction\":[{\"@type\":\"ReadAction\",\"target\":[\"https:\\\/\\\/blog.urbanitae.com\\\/de\\\/glossar\\\/neugewichtung-des-portfolios\\\/\"]}]},{\"@type\":\"BreadcrumbList\",\"@id\":\"https:\\\/\\\/blog.urbanitae.com\\\/de\\\/glossar\\\/neugewichtung-des-portfolios\\\/#breadcrumb\",\"itemListElement\":[{\"@type\":\"ListItem\",\"position\":1,\"name\":\"Portada\",\"item\":\"https:\\\/\\\/blog.urbanitae.com\\\/de\\\/\"},{\"@type\":\"ListItem\",\"position\":2,\"name\":\"Glossar\",\"item\":\"https:\\\/\\\/blog.urbanitae.com\\\/de\\\/glossar\\\/\"},{\"@type\":\"ListItem\",\"position\":3,\"name\":\"Neugewichtung des Portfolios\"}]},{\"@type\":\"WebSite\",\"@id\":\"https:\\\/\\\/blog.urbanitae.com\\\/de\\\/#website\",\"url\":\"https:\\\/\\\/blog.urbanitae.com\\\/de\\\/\",\"name\":\"Urbanitae Blog | Las mejores noticias sobre inversi\u00f3n inmobiliaria\",\"description\":\"Inversi\u00f3n inmobiliaria al alcance de todos\",\"publisher\":{\"@id\":\"https:\\\/\\\/blog.urbanitae.com\\\/de\\\/#organization\"},\"potentialAction\":[{\"@type\":\"SearchAction\",\"target\":{\"@type\":\"EntryPoint\",\"urlTemplate\":\"https:\\\/\\\/blog.urbanitae.com\\\/de\\\/?s={search_term_string}\"},\"query-input\":{\"@type\":\"PropertyValueSpecification\",\"valueRequired\":true,\"valueName\":\"search_term_string\"}}],\"inLanguage\":\"de\"},{\"@type\":\"Organization\",\"@id\":\"https:\\\/\\\/blog.urbanitae.com\\\/de\\\/#organization\",\"name\":\"Urbanitae\",\"url\":\"https:\\\/\\\/blog.urbanitae.com\\\/de\\\/\",\"logo\":{\"@type\":\"ImageObject\",\"inLanguage\":\"de\",\"@id\":\"https:\\\/\\\/blog.urbanitae.com\\\/de\\\/#\\\/schema\\\/logo\\\/image\\\/\",\"url\":\"https:\\\/\\\/blog.urbanitae.com\\\/wp-content\\\/uploads\\\/2020\\\/04\\\/logo-verde_350x100.svg\",\"contentUrl\":\"https:\\\/\\\/blog.urbanitae.com\\\/wp-content\\\/uploads\\\/2020\\\/04\\\/logo-verde_350x100.svg\",\"width\":350,\"height\":100,\"caption\":\"Urbanitae\"},\"image\":{\"@id\":\"https:\\\/\\\/blog.urbanitae.com\\\/de\\\/#\\\/schema\\\/logo\\\/image\\\/\"},\"sameAs\":[\"https:\\\/\\\/www.facebook.com\\\/urbanitae\",\"https:\\\/\\\/x.com\\\/urbanitae\",\"https:\\\/\\\/www.instagram.com\\\/urbanitae\",\"https:\\\/\\\/www.linkedin.com\\\/company\\\/urbanitae\",\"https:\\\/\\\/www.pinterest.es\\\/UrbanitaeSL\\\/_created\\\/\",\"https:\\\/\\\/www.youtube.com\\\/c\\\/Urbanitae_RE\"]}]}<\/script>\n<!-- \/ Yoast SEO plugin. -->","yoast_head_json":{"title":"Neugewichtung des Portfolios - Urbanitae Blog","description":"Periodische Anpassung der Verm\u00f6genswerte in einem Anlageportfolio, um die gew\u00fcnschte Allokation aufrechtzuerhalten. Dies beinhaltet den Kauf oder Verkauf von Verm\u00f6genswerten, um die Zielprozents\u00e4tze f\u00fcr jede Anlageklasse wiederherzustellen.","robots":{"index":"index","follow":"follow","max-snippet":"max-snippet:-1","max-image-preview":"max-image-preview:large","max-video-preview":"max-video-preview:-1"},"canonical":"https:\/\/blog.urbanitae.com\/de\/glossar\/neugewichtung-des-portfolios\/","og_locale":"de_DE","og_type":"article","og_title":"Neugewichtung des Portfolios - Urbanitae Blog","og_description":"Periodische Anpassung der Verm\u00f6genswerte in einem Anlageportfolio, um die gew\u00fcnschte Allokation aufrechtzuerhalten. Dies beinhaltet den Kauf oder Verkauf von Verm\u00f6genswerten, um die Zielprozents\u00e4tze f\u00fcr jede Anlageklasse wiederherzustellen.","og_url":"https:\/\/blog.urbanitae.com\/de\/glossar\/neugewichtung-des-portfolios\/","og_site_name":"Urbanitae Blog | Las mejores noticias sobre inversi\u00f3n inmobiliaria","article_publisher":"https:\/\/www.facebook.com\/urbanitae","article_modified_time":"2025-08-13T07:17:41+00:00","twitter_card":"summary_large_image","twitter_site":"@urbanitae","twitter_misc":{"Gesch\u00e4tzte Lesezeit":"1\u00a0Minute"},"schema":{"@context":"https:\/\/schema.org","@graph":[{"@type":"WebPage","@id":"https:\/\/blog.urbanitae.com\/de\/glossar\/neugewichtung-des-portfolios\/","url":"https:\/\/blog.urbanitae.com\/de\/glossar\/neugewichtung-des-portfolios\/","name":"Neugewichtung des Portfolios - Urbanitae Blog","isPartOf":{"@id":"https:\/\/blog.urbanitae.com\/de\/#website"},"datePublished":"2025-04-15T17:37:41+00:00","dateModified":"2025-08-13T07:17:41+00:00","description":"Periodische Anpassung der Verm\u00f6genswerte in einem Anlageportfolio, um die gew\u00fcnschte Allokation aufrechtzuerhalten. Dies beinhaltet den Kauf oder Verkauf von Verm\u00f6genswerten, um die Zielprozents\u00e4tze f\u00fcr jede Anlageklasse wiederherzustellen.","breadcrumb":{"@id":"https:\/\/blog.urbanitae.com\/de\/glossar\/neugewichtung-des-portfolios\/#breadcrumb"},"inLanguage":"de","potentialAction":[{"@type":"ReadAction","target":["https:\/\/blog.urbanitae.com\/de\/glossar\/neugewichtung-des-portfolios\/"]}]},{"@type":"BreadcrumbList","@id":"https:\/\/blog.urbanitae.com\/de\/glossar\/neugewichtung-des-portfolios\/#breadcrumb","itemListElement":[{"@type":"ListItem","position":1,"name":"Portada","item":"https:\/\/blog.urbanitae.com\/de\/"},{"@type":"ListItem","position":2,"name":"Glossar","item":"https:\/\/blog.urbanitae.com\/de\/glossar\/"},{"@type":"ListItem","position":3,"name":"Neugewichtung des Portfolios"}]},{"@type":"WebSite","@id":"https:\/\/blog.urbanitae.com\/de\/#website","url":"https:\/\/blog.urbanitae.com\/de\/","name":"Urbanitae Blog | Las mejores noticias sobre inversi\u00f3n inmobiliaria","description":"Inversi\u00f3n inmobiliaria al alcance de todos","publisher":{"@id":"https:\/\/blog.urbanitae.com\/de\/#organization"},"potentialAction":[{"@type":"SearchAction","target":{"@type":"EntryPoint","urlTemplate":"https:\/\/blog.urbanitae.com\/de\/?s={search_term_string}"},"query-input":{"@type":"PropertyValueSpecification","valueRequired":true,"valueName":"search_term_string"}}],"inLanguage":"de"},{"@type":"Organization","@id":"https:\/\/blog.urbanitae.com\/de\/#organization","name":"Urbanitae","url":"https:\/\/blog.urbanitae.com\/de\/","logo":{"@type":"ImageObject","inLanguage":"de","@id":"https:\/\/blog.urbanitae.com\/de\/#\/schema\/logo\/image\/","url":"https:\/\/blog.urbanitae.com\/wp-content\/uploads\/2020\/04\/logo-verde_350x100.svg","contentUrl":"https:\/\/blog.urbanitae.com\/wp-content\/uploads\/2020\/04\/logo-verde_350x100.svg","width":350,"height":100,"caption":"Urbanitae"},"image":{"@id":"https:\/\/blog.urbanitae.com\/de\/#\/schema\/logo\/image\/"},"sameAs":["https:\/\/www.facebook.com\/urbanitae","https:\/\/x.com\/urbanitae","https:\/\/www.instagram.com\/urbanitae","https:\/\/www.linkedin.com\/company\/urbanitae","https:\/\/www.pinterest.es\/UrbanitaeSL\/_created\/","https:\/\/www.youtube.com\/c\/Urbanitae_RE"]}]}},"_links":{"self":[{"href":"https:\/\/blog.urbanitae.com\/de\/wp-json\/wp\/v2\/pages\/67863","targetHints":{"allow":["GET"]}}],"collection":[{"href":"https:\/\/blog.urbanitae.com\/de\/wp-json\/wp\/v2\/pages"}],"about":[{"href":"https:\/\/blog.urbanitae.com\/de\/wp-json\/wp\/v2\/types\/page"}],"author":[{"embeddable":true,"href":"https:\/\/blog.urbanitae.com\/de\/wp-json\/wp\/v2\/users\/4"}],"replies":[{"embeddable":true,"href":"https:\/\/blog.urbanitae.com\/de\/wp-json\/wp\/v2\/comments?post=67863"}],"version-history":[{"count":1,"href":"https:\/\/blog.urbanitae.com\/de\/wp-json\/wp\/v2\/pages\/67863\/revisions"}],"predecessor-version":[{"id":67864,"href":"https:\/\/blog.urbanitae.com\/de\/wp-json\/wp\/v2\/pages\/67863\/revisions\/67864"}],"up":[{"embeddable":true,"href":"https:\/\/blog.urbanitae.com\/de\/wp-json\/wp\/v2\/pages\/67878"}],"wp:attachment":[{"href":"https:\/\/blog.urbanitae.com\/de\/wp-json\/wp\/v2\/media?parent=67863"}],"curies":[{"name":"wp","href":"https:\/\/api.w.org\/{rel}","templated":true}]}}