{"id":67861,"date":"2025-04-15T21:09:51","date_gmt":"2025-04-15T19:09:51","guid":{"rendered":"https:\/\/blog.urbanitae.com\/politisches-soziales-und-regulatorisches-risiko\/"},"modified":"2025-08-13T09:17:15","modified_gmt":"2025-08-13T07:17:15","slug":"politisches-soziales-und-regulatorisches-risiko","status":"publish","type":"page","link":"https:\/\/blog.urbanitae.com\/de\/glossar\/politisches-soziales-und-regulatorisches-risiko\/","title":{"rendered":"Politisches, soziales und regulatorisches Risiko"},"content":{"rendered":"\t\t<div data-elementor-type=\"wp-page\" data-elementor-id=\"67861\" class=\"elementor elementor-67861 elementor-57226\">\n\t\t\t\t\t\t<section class=\"elementor-section elementor-top-section elementor-element elementor-element-d86d887 elementor-section-boxed elementor-section-height-default elementor-section-height-default\" data-id=\"d86d887\" data-element_type=\"section\" data-e-type=\"section\">\n\t\t\t\t\t\t<div class=\"elementor-container elementor-column-gap-default\">\n\t\t\t\t\t<div class=\"elementor-column elementor-col-100 elementor-top-column elementor-element elementor-element-8b49ddd\" data-id=\"8b49ddd\" data-element_type=\"column\" data-e-type=\"column\">\n\t\t\t<div class=\"elementor-widget-wrap elementor-element-populated\">\n\t\t\t\t\t\t<div class=\"elementor-element elementor-element-083b30b elementor-widget__width-initial elementor-widget elementor-widget-text-editor\" data-id=\"083b30b\" data-element_type=\"widget\" data-e-type=\"widget\" data-widget_type=\"text-editor.default\">\n\t\t\t\t<div class=\"elementor-widget-container\">\n\t\t\t\t\t\t\t\t\t<h3>Was ist es?<\/h3>\n<p style=\"color: #212121; font-family: Roboto, sans-serif; font-size: 16px;\">Es ist das Risiko, dass Ver\u00e4nderungen im politischen, sozialen oder regulatorischen Umfeld eine Investition negativ beeinflussen. Dieses Risiko kann durch Faktoren wie \u00c4nderungen der Regierungspolitik, politische Instabilit\u00e4t, soziale Spannungen oder \u00c4nderungen der Vorschriften verursacht werden, die sich direkt auf die Gesch\u00e4fte oder Verm\u00f6genswerte auswirken, in die investiert wurde.<\/p>\n\n<p style=\"color: #212121; font-family: Roboto, sans-serif; font-size: 16px;\">Investitionen in L\u00e4nder oder Regionen mit instabilen politischen Systemen, h\u00e4ufigen Gesetzes\u00e4nderungen oder hohem Ma\u00df an gesellschaftlichen Konflikten sind diesem Risiko besonders ausgesetzt. Anleger sollten auf Ver\u00e4nderungen auf Regierungsebene achten, wie etwa Steuerreformen, Enteignungen oder neue Vorschriften, die die Marktbedingungen ver\u00e4ndern k\u00f6nnten. <\/p>\t\t\t\t\t\t\t\t<\/div>\n\t\t\t\t<\/div>\n\t\t\t\t<div class=\"elementor-element elementor-element-11c28c4 elementor-widget__width-initial elementor-widget elementor-widget-text-editor\" data-id=\"11c28c4\" data-element_type=\"widget\" data-e-type=\"widget\" data-widget_type=\"text-editor.default\">\n\t\t\t\t<div class=\"elementor-widget-container\">\n\t\t\t\t\t\t\t\t\t<h3>Wichtige Aspekte, die zu ber\u00fccksichtigen sind<\/h3>\n<p style=\"color: #212121; font-family: Roboto, sans-serif; font-size: 16px;\">Das politische, soziale und regulatorische Risiko ist insbesondere in Schwellenm\u00e4rkten oder in L\u00e4ndern mit einem sich wandelnden politischen und sozialen Umfeld von besonderer Bedeutung. Politische Instabilit\u00e4t oder ein Regierungswechsel k\u00f6nnen unmittelbare und erhebliche Auswirkungen auf die investierten Verm\u00f6genswerte haben, insbesondere in Sektoren, die von der geltenden Gesetzgebung abh\u00e4ngen, wie Energie, Infrastruktur oder der Finanzsektor. <\/p>\n\n<p style=\"color: #212121; font-family: Roboto, sans-serif; font-size: 16px;\">Anleger sollten die politischen und sozialen Faktoren, die ihre Investitionen beeinflussen k\u00f6nnten, kontinuierlich \u00fcberwachen und dabei besonderes Augenmerk auf die Steuerpolitik, die Stabilit\u00e4t der Regierung und regulatorische \u00c4nderungen legen, die die Betriebskosten erh\u00f6hen, den Marktzugang einschr\u00e4nken oder das wirtschaftliche Umfeld ver\u00e4ndern k\u00f6nnten. Dar\u00fcber hinaus kann eine geografische und sektorale Diversifizierung der Investitionen dazu beitragen, dieses Risiko zu mindern, da sie die Exponierung gegen\u00fcber nachteiligen Ereignissen in einer bestimmten Region oder in einem bestimmten Land reduziert. <\/p>\n<p style=\"color: #212121; font-family: Roboto, sans-serif; font-size: 16px;\">Anleger sollten sich auch der sozialen Spannungen, wie Protesten oder sozialen Bewegungen, bewusst sein, die die Stabilit\u00e4t der M\u00e4rkte beeinflussen und wirtschaftliche Unsicherheit erzeugen k\u00f6nnen.<\/p>\t\t\t\t\t\t\t\t<\/div>\n\t\t\t\t<\/div>\n\t\t\t\t\t<\/div>\n\t\t<\/div>\n\t\t\t\t\t<\/div>\n\t\t<\/section>\n\t\t\t\t<section class=\"elementor-section elementor-top-section elementor-element elementor-element-aa563c5 elementor-section-full_width elementor-section-height-default elementor-section-height-default\" data-id=\"aa563c5\" data-element_type=\"section\" data-e-type=\"section\">\n\t\t\t\t\t\t<div class=\"elementor-container elementor-column-gap-default\">\n\t\t\t\t\t<div class=\"elementor-column elementor-col-100 elementor-top-column elementor-element elementor-element-41114ac\" data-id=\"41114ac\" data-element_type=\"column\" data-e-type=\"column\">\n\t\t\t<div class=\"elementor-widget-wrap elementor-element-populated\">\n\t\t\t\t\t\t<div class=\"elementor-element elementor-element-43f7095 elementor-widget elementor-widget-html\" data-id=\"43f7095\" data-element_type=\"widget\" data-e-type=\"widget\" data-widget_type=\"html.default\">\n\t\t\t\t<div class=\"elementor-widget-container\">\n\t\t\t\t\t\r\n        <div class=\"qode-advanced-call-to-action qode-advanced-cta-gradient qode-advanced-cta-gradient-animation\" style=\"height:80px\">\r\n            <a class=\"advanced-cta-link\" href=\"https:\/\/mkt.urbanitae.com\/Urbanitae_suscripcion_newsletter.html?utm_source=blog&amp;utm_medium=link_blog&amp;utm_campaign=suscripcion_blog&amp;utm_content=boton\" target=\"_blank\" onclick=\"dataLayer.push({'event': 'ub_ga4_event', 'ub_ga4_event_name': 'newsletter', 'ub_ga4_event_element': 'aprende'})\"><\/a>\r\n            <div class=\"qode-advanced-cta-content\">\r\n                <span class=\"qode-advanced-cta-text-holder\" style=\"color:#FFFFFF;font-size:25px\">\r\n Abonnieren Sie unseren Newsletter <\/span>\r\n                <span class=\"qode-advanced-cta-icon-holder\" style=\"color:#FFFFFF;font-size:25px\">\r\n                    <span class=\"qode-advanced-cta-icon-holder-table\">\r\n                        <span class=\"qode-advanced-cta-icon-holder-cell\">\r\n                            <i class=\"qode_icon_font_awesome_5 fa5 fa fa-envelope-open-text qode-advanced-cta-icon\"><\/i> <\/span>\r\n                    <\/span>\r\n                <\/span>\r\n            <\/div>\r\n            <div class=\"qode-advanced-cta-background-holder\">\r\n                <span class=\"qode-advanced-cta-background-1 qode-type1-gradient-left-to-right\"><\/span>\r\n                <span class=\"qode-advanced-cta-background-2 qode-type1-gradient-left-to-right\"><\/span>\r\n                <span class=\"qode-advanced-cta-background-3\"><\/span>\r\n            <\/div>\r\n        <\/div>\r\n\t\t\t\t<\/div>\n\t\t\t\t<\/div>\n\t\t\t\t\t<\/div>\n\t\t<\/div>\n\t\t\t\t\t<\/div>\n\t\t<\/section>\n\t\t\t\t<\/div>\n\t\t","protected":false},"excerpt":{"rendered":"<p>Was ist es? Es ist das Risiko, dass Ver\u00e4nderungen im politischen, sozialen oder regulatorischen Umfeld eine Investition negativ beeinflussen. Dieses Risiko kann durch Faktoren wie \u00c4nderungen der Regierungspolitik, politische Instabilit\u00e4t, soziale Spannungen oder \u00c4nderungen der Vorschriften verursacht werden, die sich direkt auf die Gesch\u00e4fte oder Verm\u00f6genswerte auswirken, in die investiert wurde. Investitionen in L\u00e4nder oder [&hellip;]<\/p>\n","protected":false},"author":20,"featured_media":0,"parent":67878,"menu_order":0,"comment_status":"closed","ping_status":"closed","template":"","meta":{"inline_featured_image":false,"footnotes":""},"class_list":["post-67861","page","type-page","status-publish","hentry"],"blocksy_meta":[],"yoast_head":"<!-- This site is optimized with the Yoast SEO plugin v27.4 - https:\/\/yoast.com\/product\/yoast-seo-wordpress\/ -->\n<title>Politisches, soziales und regulatorisches Risiko - Urbanitae Blog<\/title>\n<meta name=\"description\" content=\"Es ist das Risiko, dass Ver\u00e4nderungen im politischen, sozialen oder regulatorischen Umfeld eine Investition negativ beeinflussen. Dies kann \u00c4nderungen der Regierungspolitik, politische Instabilit\u00e4t, soziale Spannungen oder \u00c4nderungen der Vorschriften umfassen, die sich negativ auf die Gesch\u00e4fte auswirken.\" \/>\n<meta name=\"robots\" content=\"index, follow, max-snippet:-1, max-image-preview:large, max-video-preview:-1\" \/>\n<link rel=\"canonical\" href=\"https:\/\/blog.urbanitae.com\/de\/glossar\/politisches-soziales-und-regulatorisches-risiko\/\" \/>\n<meta property=\"og:locale\" content=\"de_DE\" \/>\n<meta property=\"og:type\" content=\"article\" \/>\n<meta property=\"og:title\" content=\"Politisches, soziales und regulatorisches Risiko - Urbanitae Blog\" \/>\n<meta property=\"og:description\" content=\"Es ist das Risiko, dass Ver\u00e4nderungen im politischen, sozialen oder regulatorischen Umfeld eine Investition negativ beeinflussen. Dies kann \u00c4nderungen der Regierungspolitik, politische Instabilit\u00e4t, soziale Spannungen oder \u00c4nderungen der Vorschriften umfassen, die sich negativ auf die Gesch\u00e4fte auswirken.\" \/>\n<meta property=\"og:url\" content=\"https:\/\/blog.urbanitae.com\/de\/glossar\/politisches-soziales-und-regulatorisches-risiko\/\" \/>\n<meta property=\"og:site_name\" content=\"Urbanitae Blog | Las mejores noticias sobre inversi\u00f3n inmobiliaria\" \/>\n<meta property=\"article:publisher\" content=\"https:\/\/www.facebook.com\/urbanitae\" \/>\n<meta property=\"article:modified_time\" content=\"2025-08-13T07:17:15+00:00\" \/>\n<meta name=\"twitter:card\" content=\"summary_large_image\" \/>\n<meta name=\"twitter:site\" content=\"@urbanitae\" \/>\n<meta name=\"twitter:label1\" content=\"Gesch\u00e4tzte Lesezeit\" \/>\n\t<meta name=\"twitter:data1\" content=\"1\u00a0Minute\" \/>\n<script type=\"application\/ld+json\" class=\"yoast-schema-graph\">{\"@context\":\"https:\\\/\\\/schema.org\",\"@graph\":[{\"@type\":\"WebPage\",\"@id\":\"https:\\\/\\\/blog.urbanitae.com\\\/de\\\/glossar\\\/politisches-soziales-und-regulatorisches-risiko\\\/\",\"url\":\"https:\\\/\\\/blog.urbanitae.com\\\/de\\\/glossar\\\/politisches-soziales-und-regulatorisches-risiko\\\/\",\"name\":\"Politisches, soziales und regulatorisches Risiko - Urbanitae Blog\",\"isPartOf\":{\"@id\":\"https:\\\/\\\/blog.urbanitae.com\\\/de\\\/#website\"},\"datePublished\":\"2025-04-15T19:09:51+00:00\",\"dateModified\":\"2025-08-13T07:17:15+00:00\",\"description\":\"Es ist das Risiko, dass Ver\u00e4nderungen im politischen, sozialen oder regulatorischen Umfeld eine Investition negativ beeinflussen. Dies kann \u00c4nderungen der Regierungspolitik, politische Instabilit\u00e4t, soziale Spannungen oder \u00c4nderungen der Vorschriften umfassen, die sich negativ auf die Gesch\u00e4fte auswirken.\",\"breadcrumb\":{\"@id\":\"https:\\\/\\\/blog.urbanitae.com\\\/de\\\/glossar\\\/politisches-soziales-und-regulatorisches-risiko\\\/#breadcrumb\"},\"inLanguage\":\"de\",\"potentialAction\":[{\"@type\":\"ReadAction\",\"target\":[\"https:\\\/\\\/blog.urbanitae.com\\\/de\\\/glossar\\\/politisches-soziales-und-regulatorisches-risiko\\\/\"]}]},{\"@type\":\"BreadcrumbList\",\"@id\":\"https:\\\/\\\/blog.urbanitae.com\\\/de\\\/glossar\\\/politisches-soziales-und-regulatorisches-risiko\\\/#breadcrumb\",\"itemListElement\":[{\"@type\":\"ListItem\",\"position\":1,\"name\":\"Portada\",\"item\":\"https:\\\/\\\/blog.urbanitae.com\\\/de\\\/\"},{\"@type\":\"ListItem\",\"position\":2,\"name\":\"Glossar\",\"item\":\"https:\\\/\\\/blog.urbanitae.com\\\/de\\\/glossar\\\/\"},{\"@type\":\"ListItem\",\"position\":3,\"name\":\"Politisches, soziales und regulatorisches Risiko\"}]},{\"@type\":\"WebSite\",\"@id\":\"https:\\\/\\\/blog.urbanitae.com\\\/de\\\/#website\",\"url\":\"https:\\\/\\\/blog.urbanitae.com\\\/de\\\/\",\"name\":\"Urbanitae Blog | Las mejores noticias sobre inversi\u00f3n inmobiliaria\",\"description\":\"Inversi\u00f3n inmobiliaria al alcance de todos\",\"publisher\":{\"@id\":\"https:\\\/\\\/blog.urbanitae.com\\\/de\\\/#organization\"},\"potentialAction\":[{\"@type\":\"SearchAction\",\"target\":{\"@type\":\"EntryPoint\",\"urlTemplate\":\"https:\\\/\\\/blog.urbanitae.com\\\/de\\\/?s={search_term_string}\"},\"query-input\":{\"@type\":\"PropertyValueSpecification\",\"valueRequired\":true,\"valueName\":\"search_term_string\"}}],\"inLanguage\":\"de\"},{\"@type\":\"Organization\",\"@id\":\"https:\\\/\\\/blog.urbanitae.com\\\/de\\\/#organization\",\"name\":\"Urbanitae\",\"url\":\"https:\\\/\\\/blog.urbanitae.com\\\/de\\\/\",\"logo\":{\"@type\":\"ImageObject\",\"inLanguage\":\"de\",\"@id\":\"https:\\\/\\\/blog.urbanitae.com\\\/de\\\/#\\\/schema\\\/logo\\\/image\\\/\",\"url\":\"https:\\\/\\\/blog.urbanitae.com\\\/wp-content\\\/uploads\\\/2020\\\/04\\\/logo-verde_350x100.svg\",\"contentUrl\":\"https:\\\/\\\/blog.urbanitae.com\\\/wp-content\\\/uploads\\\/2020\\\/04\\\/logo-verde_350x100.svg\",\"width\":350,\"height\":100,\"caption\":\"Urbanitae\"},\"image\":{\"@id\":\"https:\\\/\\\/blog.urbanitae.com\\\/de\\\/#\\\/schema\\\/logo\\\/image\\\/\"},\"sameAs\":[\"https:\\\/\\\/www.facebook.com\\\/urbanitae\",\"https:\\\/\\\/x.com\\\/urbanitae\",\"https:\\\/\\\/www.instagram.com\\\/urbanitae\",\"https:\\\/\\\/www.linkedin.com\\\/company\\\/urbanitae\",\"https:\\\/\\\/www.pinterest.es\\\/UrbanitaeSL\\\/_created\\\/\",\"https:\\\/\\\/www.youtube.com\\\/c\\\/Urbanitae_RE\"]}]}<\/script>\n<!-- \/ Yoast SEO plugin. -->","yoast_head_json":{"title":"Politisches, soziales und regulatorisches Risiko - Urbanitae Blog","description":"Es ist das Risiko, dass Ver\u00e4nderungen im politischen, sozialen oder regulatorischen Umfeld eine Investition negativ beeinflussen. Dies kann \u00c4nderungen der Regierungspolitik, politische Instabilit\u00e4t, soziale Spannungen oder \u00c4nderungen der Vorschriften umfassen, die sich negativ auf die Gesch\u00e4fte auswirken.","robots":{"index":"index","follow":"follow","max-snippet":"max-snippet:-1","max-image-preview":"max-image-preview:large","max-video-preview":"max-video-preview:-1"},"canonical":"https:\/\/blog.urbanitae.com\/de\/glossar\/politisches-soziales-und-regulatorisches-risiko\/","og_locale":"de_DE","og_type":"article","og_title":"Politisches, soziales und regulatorisches Risiko - Urbanitae Blog","og_description":"Es ist das Risiko, dass Ver\u00e4nderungen im politischen, sozialen oder regulatorischen Umfeld eine Investition negativ beeinflussen. Dies kann \u00c4nderungen der Regierungspolitik, politische Instabilit\u00e4t, soziale Spannungen oder \u00c4nderungen der Vorschriften umfassen, die sich negativ auf die Gesch\u00e4fte auswirken.","og_url":"https:\/\/blog.urbanitae.com\/de\/glossar\/politisches-soziales-und-regulatorisches-risiko\/","og_site_name":"Urbanitae Blog | Las mejores noticias sobre inversi\u00f3n inmobiliaria","article_publisher":"https:\/\/www.facebook.com\/urbanitae","article_modified_time":"2025-08-13T07:17:15+00:00","twitter_card":"summary_large_image","twitter_site":"@urbanitae","twitter_misc":{"Gesch\u00e4tzte Lesezeit":"1\u00a0Minute"},"schema":{"@context":"https:\/\/schema.org","@graph":[{"@type":"WebPage","@id":"https:\/\/blog.urbanitae.com\/de\/glossar\/politisches-soziales-und-regulatorisches-risiko\/","url":"https:\/\/blog.urbanitae.com\/de\/glossar\/politisches-soziales-und-regulatorisches-risiko\/","name":"Politisches, soziales und regulatorisches Risiko - Urbanitae Blog","isPartOf":{"@id":"https:\/\/blog.urbanitae.com\/de\/#website"},"datePublished":"2025-04-15T19:09:51+00:00","dateModified":"2025-08-13T07:17:15+00:00","description":"Es ist das Risiko, dass Ver\u00e4nderungen im politischen, sozialen oder regulatorischen Umfeld eine Investition negativ beeinflussen. Dies kann \u00c4nderungen der Regierungspolitik, politische Instabilit\u00e4t, soziale Spannungen oder \u00c4nderungen der Vorschriften umfassen, die sich negativ auf die Gesch\u00e4fte auswirken.","breadcrumb":{"@id":"https:\/\/blog.urbanitae.com\/de\/glossar\/politisches-soziales-und-regulatorisches-risiko\/#breadcrumb"},"inLanguage":"de","potentialAction":[{"@type":"ReadAction","target":["https:\/\/blog.urbanitae.com\/de\/glossar\/politisches-soziales-und-regulatorisches-risiko\/"]}]},{"@type":"BreadcrumbList","@id":"https:\/\/blog.urbanitae.com\/de\/glossar\/politisches-soziales-und-regulatorisches-risiko\/#breadcrumb","itemListElement":[{"@type":"ListItem","position":1,"name":"Portada","item":"https:\/\/blog.urbanitae.com\/de\/"},{"@type":"ListItem","position":2,"name":"Glossar","item":"https:\/\/blog.urbanitae.com\/de\/glossar\/"},{"@type":"ListItem","position":3,"name":"Politisches, soziales und regulatorisches Risiko"}]},{"@type":"WebSite","@id":"https:\/\/blog.urbanitae.com\/de\/#website","url":"https:\/\/blog.urbanitae.com\/de\/","name":"Urbanitae Blog | Las mejores noticias sobre inversi\u00f3n inmobiliaria","description":"Inversi\u00f3n inmobiliaria al alcance de todos","publisher":{"@id":"https:\/\/blog.urbanitae.com\/de\/#organization"},"potentialAction":[{"@type":"SearchAction","target":{"@type":"EntryPoint","urlTemplate":"https:\/\/blog.urbanitae.com\/de\/?s={search_term_string}"},"query-input":{"@type":"PropertyValueSpecification","valueRequired":true,"valueName":"search_term_string"}}],"inLanguage":"de"},{"@type":"Organization","@id":"https:\/\/blog.urbanitae.com\/de\/#organization","name":"Urbanitae","url":"https:\/\/blog.urbanitae.com\/de\/","logo":{"@type":"ImageObject","inLanguage":"de","@id":"https:\/\/blog.urbanitae.com\/de\/#\/schema\/logo\/image\/","url":"https:\/\/blog.urbanitae.com\/wp-content\/uploads\/2020\/04\/logo-verde_350x100.svg","contentUrl":"https:\/\/blog.urbanitae.com\/wp-content\/uploads\/2020\/04\/logo-verde_350x100.svg","width":350,"height":100,"caption":"Urbanitae"},"image":{"@id":"https:\/\/blog.urbanitae.com\/de\/#\/schema\/logo\/image\/"},"sameAs":["https:\/\/www.facebook.com\/urbanitae","https:\/\/x.com\/urbanitae","https:\/\/www.instagram.com\/urbanitae","https:\/\/www.linkedin.com\/company\/urbanitae","https:\/\/www.pinterest.es\/UrbanitaeSL\/_created\/","https:\/\/www.youtube.com\/c\/Urbanitae_RE"]}]}},"_links":{"self":[{"href":"https:\/\/blog.urbanitae.com\/de\/wp-json\/wp\/v2\/pages\/67861","targetHints":{"allow":["GET"]}}],"collection":[{"href":"https:\/\/blog.urbanitae.com\/de\/wp-json\/wp\/v2\/pages"}],"about":[{"href":"https:\/\/blog.urbanitae.com\/de\/wp-json\/wp\/v2\/types\/page"}],"author":[{"embeddable":true,"href":"https:\/\/blog.urbanitae.com\/de\/wp-json\/wp\/v2\/users\/20"}],"replies":[{"embeddable":true,"href":"https:\/\/blog.urbanitae.com\/de\/wp-json\/wp\/v2\/comments?post=67861"}],"version-history":[{"count":0,"href":"https:\/\/blog.urbanitae.com\/de\/wp-json\/wp\/v2\/pages\/67861\/revisions"}],"up":[{"embeddable":true,"href":"https:\/\/blog.urbanitae.com\/de\/wp-json\/wp\/v2\/pages\/67878"}],"wp:attachment":[{"href":"https:\/\/blog.urbanitae.com\/de\/wp-json\/wp\/v2\/media?parent=67861"}],"curies":[{"name":"wp","href":"https:\/\/api.w.org\/{rel}","templated":true}]}}