{"id":67811,"date":"2025-02-26T17:00:05","date_gmt":"2025-02-26T16:00:05","guid":{"rendered":"https:\/\/blog.urbanitae.com\/operationelles-risiko\/"},"modified":"2025-08-13T09:17:14","modified_gmt":"2025-08-13T07:17:14","slug":"operationelles-risiko","status":"publish","type":"page","link":"https:\/\/blog.urbanitae.com\/de\/glossar\/operationelles-risiko\/","title":{"rendered":"Operationelles Risiko"},"content":{"rendered":"\t\t<div data-elementor-type=\"wp-page\" data-elementor-id=\"67811\" class=\"elementor elementor-67811 elementor-57221\">\n\t\t\t\t\t\t<section class=\"elementor-section elementor-top-section elementor-element elementor-element-d86d887 elementor-section-boxed elementor-section-height-default elementor-section-height-default\" data-id=\"d86d887\" data-element_type=\"section\" data-e-type=\"section\">\n\t\t\t\t\t\t<div class=\"elementor-container elementor-column-gap-default\">\n\t\t\t\t\t<div class=\"elementor-column elementor-col-100 elementor-top-column elementor-element elementor-element-8b49ddd\" data-id=\"8b49ddd\" data-element_type=\"column\" data-e-type=\"column\">\n\t\t\t<div class=\"elementor-widget-wrap elementor-element-populated\">\n\t\t\t\t\t\t<div class=\"elementor-element elementor-element-083b30b elementor-widget__width-initial elementor-widget elementor-widget-text-editor\" data-id=\"083b30b\" data-element_type=\"widget\" data-e-type=\"widget\" data-widget_type=\"text-editor.default\">\n\t\t\t\t<div class=\"elementor-widget-container\">\n\t\t\t\t\t\t\t\t\t<h3>Was ist es?<\/h3><p style=\"color: #212121; font-family: Roboto, sans-serif; font-size: 16px;\">Es handelt sich um das Risiko, das mit M\u00e4ngeln oder<strong> Fehlern in den Prozessen, Verfahren, Systemen oder Betriebsressourcen<\/strong> eines Unternehmens verbunden ist. Diese Fehler k\u00f6nnen zu finanziellen Verlusten, Betriebsunterbrechungen, Rufsch\u00e4digung oder Verst\u00f6\u00dfen gegen Vorschriften f\u00fchren. Das Betriebsrisiko umfasst eine Vielzahl von Situationen, wie z. B. menschliches Versagen, technologische Ausf\u00e4lle, interner Betrug, Naturkatastrophen oder ineffizientes Ressourcenmanagement. <\/p><p style=\"color: #212121; font-family: Roboto, sans-serif; font-size: 16px;\">Im Unternehmenskontext ist dieses Risiko von grundlegender Bedeutung, da es den t\u00e4glichen Gesch\u00e4ftsbetrieb beeintr\u00e4chtigen und die Beziehungen zu Kunden, Lieferanten und anderen Stakeholdern beeintr\u00e4chtigen kann. Operative Prozesse sind das Herzst\u00fcck von Unternehmen, und jede erhebliche Unterbrechung kann die finanzielle und operative Stabilit\u00e4t der Organisation gef\u00e4hrden. <\/p>\t\t\t\t\t\t\t\t<\/div>\n\t\t\t\t<\/div>\n\t\t\t\t<div class=\"elementor-element elementor-element-11c28c4 elementor-widget__width-initial elementor-widget elementor-widget-text-editor\" data-id=\"11c28c4\" data-element_type=\"widget\" data-e-type=\"widget\" data-widget_type=\"text-editor.default\">\n\t\t\t\t<div class=\"elementor-widget-container\">\n\t\t\t\t\t\t\t\t\t<h3>Wichtige Aspekte, die zu ber\u00fccksichtigen sind<\/h3>\n<p style=\"color: #212121; font-family: Roboto, sans-serif; font-size: 16px;\">Operative Risiken k\u00f6nnen in verschiedenen Bereichen eines Unternehmens auftreten, vom technologischen System zur Abwicklung von Transaktionen bis hin zum Personalmanagement. Unternehmen m\u00fcssen interne Kontrollen und Risikomanagementverfahren einf\u00fchren, um diese Risiken zu identifizieren, zu bewerten und zu mindern, bevor sie zu ernsthaften Bedrohungen werden. <\/p>\n<p style=\"color: #212121; font-family: Roboto, sans-serif; font-size: 16px;\"><strong>Cybersicherheit<\/strong> ist einer der wichtigsten Aspekte, die im Rahmen des Betriebsrisikos zu ber\u00fccksichtigen sind, insbesondere in einer digitalen Umgebung, in der Cyberangriffe kritische Systeme und Daten gef\u00e4hrden k\u00f6nnen. Dar\u00fcber hinaus sind die kontinuierliche Schulung der Mitarbeiter und die Optimierung von Prozessen wichtige Strategien, um das mit menschlichen Fehlern verbundene Betriebsrisiko zu minimieren. <\/p>\n<p style=\"color: #212121; font-family: Roboto, sans-serif; font-size: 16px;\">Es ist von entscheidender Bedeutung, dass Unternehmen \u00fcber einen gut strukturierten Notfallplan verf\u00fcgen, der es erm\u00f6glicht, die Folgen eines Betriebsausfalls zu mildern, und dass sie eine beh\u00f6rdliche Aufsicht aufrechterhalten, um die Vorschriften einzuhalten und m\u00f6gliche Sanktionen oder Reputationssch\u00e4den zu vermeiden.\t\t\t\t\t\t\t\t<\/div>\n\t\t\t\t<\/div>\n\t\t\t\t\t<\/div>\n\t\t<\/div>\n\t\t\t\t\t<\/div>\n\t\t<\/section>\n\t\t\t\t<section class=\"elementor-section elementor-top-section elementor-element elementor-element-aa563c5 elementor-section-full_width elementor-section-stretched elementor-section-height-default elementor-section-height-default\" data-id=\"aa563c5\" data-element_type=\"section\" data-e-type=\"section\" data-settings=\"{&quot;stretch_section&quot;:&quot;section-stretched&quot;}\">\n\t\t\t\t\t\t<div class=\"elementor-container elementor-column-gap-default\">\n\t\t\t\t\t<div class=\"elementor-column elementor-col-100 elementor-top-column elementor-element elementor-element-41114ac\" data-id=\"41114ac\" data-element_type=\"column\" data-e-type=\"column\">\n\t\t\t<div class=\"elementor-widget-wrap elementor-element-populated\">\n\t\t\t\t\t\t<div class=\"elementor-element elementor-element-43f7095 elementor-widget elementor-widget-html\" data-id=\"43f7095\" data-element_type=\"widget\" data-e-type=\"widget\" data-widget_type=\"html.default\">\n\t\t\t\t<div class=\"elementor-widget-container\">\n\t\t\t\t\t\r\n        <div class=\"qode-advanced-call-to-action qode-advanced-cta-gradient qode-advanced-cta-gradient-animation\" style=\"height:80px\">\r\n            <a class=\"advanced-cta-link\" href=\"https:\/\/mkt.urbanitae.com\/Urbanitae_suscripcion_newsletter.html?utm_source=blog&amp;utm_medium=link_blog&amp;utm_campaign=suscripcion_blog&amp;utm_content=boton\" target=\"_blank\" onclick=\"dataLayer.push({'event': 'ub_ga4_event', 'ub_ga4_event_name': 'newsletter', 'ub_ga4_event_element': 'aprende'})\"><\/a>\r\n            <div class=\"qode-advanced-cta-content\">\r\n                <span class=\"qode-advanced-cta-text-holder\" style=\"color:#FFFFFF;font-size:25px\">\r\n Abonnieren Sie unseren Newsletter <\/span>\r\n                <span class=\"qode-advanced-cta-icon-holder\" style=\"color:#FFFFFF;font-size:25px\">\r\n                    <span class=\"qode-advanced-cta-icon-holder-table\">\r\n                        <span class=\"qode-advanced-cta-icon-holder-cell\">\r\n                            <i class=\"qode_icon_font_awesome_5 fa5 fa fa-envelope-open-text qode-advanced-cta-icon\"><\/i> <\/span>\r\n                    <\/span>\r\n                <\/span>\r\n            <\/div>\r\n            <div class=\"qode-advanced-cta-background-holder\">\r\n                <span class=\"qode-advanced-cta-background-1 qode-type1-gradient-left-to-right\"><\/span>\r\n                <span class=\"qode-advanced-cta-background-2 qode-type1-gradient-left-to-right\"><\/span>\r\n                <span class=\"qode-advanced-cta-background-3\"><\/span>\r\n            <\/div>\r\n        <\/div>\r\n\t\t\t\t<\/div>\n\t\t\t\t<\/div>\n\t\t\t\t\t<\/div>\n\t\t<\/div>\n\t\t\t\t\t<\/div>\n\t\t<\/section>\n\t\t\t\t<\/div>\n\t\t","protected":false},"excerpt":{"rendered":"<p>Was ist es? Es handelt sich um das Risiko, das mit M\u00e4ngeln oder Fehlern in den Prozessen, Verfahren, Systemen oder Betriebsressourcen eines Unternehmens verbunden ist. Diese Fehler k\u00f6nnen zu finanziellen Verlusten, Betriebsunterbrechungen, Rufsch\u00e4digung oder Verst\u00f6\u00dfen gegen Vorschriften f\u00fchren. Das Betriebsrisiko umfasst eine Vielzahl von Situationen, wie z. B. menschliches Versagen, technologische Ausf\u00e4lle, interner Betrug, Naturkatastrophen [&hellip;]<\/p>\n","protected":false},"author":20,"featured_media":0,"parent":67878,"menu_order":0,"comment_status":"closed","ping_status":"closed","template":"","meta":{"inline_featured_image":false,"footnotes":""},"class_list":["post-67811","page","type-page","status-publish","hentry"],"yoast_head":"<!-- This site is optimized with the Yoast SEO plugin v27.4 - https:\/\/yoast.com\/product\/yoast-seo-wordpress\/ -->\n<title>Operationelles Risiko - Urbanitae Blog<\/title>\n<meta name=\"description\" content=\"Es handelt sich um das Risiko, das mit M\u00e4ngeln oder Fehlern in den Prozessen, Verfahren, Systemen oder Betriebsressourcen eines Unternehmens verbunden ist. Diese Fehler k\u00f6nnen zu finanziellen Verlusten, Betriebsunterbrechungen, Rufsch\u00e4digung oder Verst\u00f6\u00dfen gegen Vorschriften f\u00fchren.\" \/>\n<meta name=\"robots\" content=\"index, follow, max-snippet:-1, max-image-preview:large, max-video-preview:-1\" \/>\n<link rel=\"canonical\" href=\"https:\/\/blog.urbanitae.com\/de\/glossar\/operationelles-risiko\/\" \/>\n<meta property=\"og:locale\" content=\"de_DE\" \/>\n<meta property=\"og:type\" content=\"article\" \/>\n<meta property=\"og:title\" content=\"Operationelles Risiko - Urbanitae Blog\" \/>\n<meta property=\"og:description\" content=\"Es handelt sich um das Risiko, das mit M\u00e4ngeln oder Fehlern in den Prozessen, Verfahren, Systemen oder Betriebsressourcen eines Unternehmens verbunden ist. Diese Fehler k\u00f6nnen zu finanziellen Verlusten, Betriebsunterbrechungen, Rufsch\u00e4digung oder Verst\u00f6\u00dfen gegen Vorschriften f\u00fchren.\" \/>\n<meta property=\"og:url\" content=\"https:\/\/blog.urbanitae.com\/de\/glossar\/operationelles-risiko\/\" \/>\n<meta property=\"og:site_name\" content=\"Urbanitae Blog | Las mejores noticias sobre inversi\u00f3n inmobiliaria\" \/>\n<meta property=\"article:publisher\" content=\"https:\/\/www.facebook.com\/urbanitae\" \/>\n<meta property=\"article:modified_time\" content=\"2025-08-13T07:17:14+00:00\" \/>\n<meta name=\"twitter:card\" content=\"summary_large_image\" \/>\n<meta name=\"twitter:site\" content=\"@urbanitae\" \/>\n<meta name=\"twitter:label1\" content=\"Gesch\u00e4tzte Lesezeit\" \/>\n\t<meta name=\"twitter:data1\" content=\"1\u00a0Minute\" \/>\n<script type=\"application\/ld+json\" class=\"yoast-schema-graph\">{\"@context\":\"https:\\\/\\\/schema.org\",\"@graph\":[{\"@type\":\"WebPage\",\"@id\":\"https:\\\/\\\/blog.urbanitae.com\\\/de\\\/glossar\\\/operationelles-risiko\\\/\",\"url\":\"https:\\\/\\\/blog.urbanitae.com\\\/de\\\/glossar\\\/operationelles-risiko\\\/\",\"name\":\"Operationelles Risiko - Urbanitae Blog\",\"isPartOf\":{\"@id\":\"https:\\\/\\\/blog.urbanitae.com\\\/de\\\/#website\"},\"datePublished\":\"2025-02-26T16:00:05+00:00\",\"dateModified\":\"2025-08-13T07:17:14+00:00\",\"description\":\"Es handelt sich um das Risiko, das mit M\u00e4ngeln oder Fehlern in den Prozessen, Verfahren, Systemen oder Betriebsressourcen eines Unternehmens verbunden ist. Diese Fehler k\u00f6nnen zu finanziellen Verlusten, Betriebsunterbrechungen, Rufsch\u00e4digung oder Verst\u00f6\u00dfen gegen Vorschriften f\u00fchren.\",\"breadcrumb\":{\"@id\":\"https:\\\/\\\/blog.urbanitae.com\\\/de\\\/glossar\\\/operationelles-risiko\\\/#breadcrumb\"},\"inLanguage\":\"de\",\"potentialAction\":[{\"@type\":\"ReadAction\",\"target\":[\"https:\\\/\\\/blog.urbanitae.com\\\/de\\\/glossar\\\/operationelles-risiko\\\/\"]}]},{\"@type\":\"BreadcrumbList\",\"@id\":\"https:\\\/\\\/blog.urbanitae.com\\\/de\\\/glossar\\\/operationelles-risiko\\\/#breadcrumb\",\"itemListElement\":[{\"@type\":\"ListItem\",\"position\":1,\"name\":\"Portada\",\"item\":\"https:\\\/\\\/blog.urbanitae.com\\\/de\\\/\"},{\"@type\":\"ListItem\",\"position\":2,\"name\":\"Glossar\",\"item\":\"https:\\\/\\\/blog.urbanitae.com\\\/de\\\/glossar\\\/\"},{\"@type\":\"ListItem\",\"position\":3,\"name\":\"Operationelles Risiko\"}]},{\"@type\":\"WebSite\",\"@id\":\"https:\\\/\\\/blog.urbanitae.com\\\/de\\\/#website\",\"url\":\"https:\\\/\\\/blog.urbanitae.com\\\/de\\\/\",\"name\":\"Urbanitae Blog | Las mejores noticias sobre inversi\u00f3n inmobiliaria\",\"description\":\"Inversi\u00f3n inmobiliaria al alcance de todos\",\"publisher\":{\"@id\":\"https:\\\/\\\/blog.urbanitae.com\\\/de\\\/#organization\"},\"potentialAction\":[{\"@type\":\"SearchAction\",\"target\":{\"@type\":\"EntryPoint\",\"urlTemplate\":\"https:\\\/\\\/blog.urbanitae.com\\\/de\\\/?s={search_term_string}\"},\"query-input\":{\"@type\":\"PropertyValueSpecification\",\"valueRequired\":true,\"valueName\":\"search_term_string\"}}],\"inLanguage\":\"de\"},{\"@type\":\"Organization\",\"@id\":\"https:\\\/\\\/blog.urbanitae.com\\\/de\\\/#organization\",\"name\":\"Urbanitae\",\"url\":\"https:\\\/\\\/blog.urbanitae.com\\\/de\\\/\",\"logo\":{\"@type\":\"ImageObject\",\"inLanguage\":\"de\",\"@id\":\"https:\\\/\\\/blog.urbanitae.com\\\/de\\\/#\\\/schema\\\/logo\\\/image\\\/\",\"url\":\"https:\\\/\\\/blog.urbanitae.com\\\/wp-content\\\/uploads\\\/2020\\\/04\\\/logo-verde_350x100.svg\",\"contentUrl\":\"https:\\\/\\\/blog.urbanitae.com\\\/wp-content\\\/uploads\\\/2020\\\/04\\\/logo-verde_350x100.svg\",\"width\":350,\"height\":100,\"caption\":\"Urbanitae\"},\"image\":{\"@id\":\"https:\\\/\\\/blog.urbanitae.com\\\/de\\\/#\\\/schema\\\/logo\\\/image\\\/\"},\"sameAs\":[\"https:\\\/\\\/www.facebook.com\\\/urbanitae\",\"https:\\\/\\\/x.com\\\/urbanitae\",\"https:\\\/\\\/www.instagram.com\\\/urbanitae\",\"https:\\\/\\\/www.linkedin.com\\\/company\\\/urbanitae\",\"https:\\\/\\\/www.pinterest.es\\\/UrbanitaeSL\\\/_created\\\/\",\"https:\\\/\\\/www.youtube.com\\\/c\\\/Urbanitae_RE\"]}]}<\/script>\n<!-- \/ Yoast SEO plugin. -->","yoast_head_json":{"title":"Operationelles Risiko - Urbanitae Blog","description":"Es handelt sich um das Risiko, das mit M\u00e4ngeln oder Fehlern in den Prozessen, Verfahren, Systemen oder Betriebsressourcen eines Unternehmens verbunden ist. Diese Fehler k\u00f6nnen zu finanziellen Verlusten, Betriebsunterbrechungen, Rufsch\u00e4digung oder Verst\u00f6\u00dfen gegen Vorschriften f\u00fchren.","robots":{"index":"index","follow":"follow","max-snippet":"max-snippet:-1","max-image-preview":"max-image-preview:large","max-video-preview":"max-video-preview:-1"},"canonical":"https:\/\/blog.urbanitae.com\/de\/glossar\/operationelles-risiko\/","og_locale":"de_DE","og_type":"article","og_title":"Operationelles Risiko - Urbanitae Blog","og_description":"Es handelt sich um das Risiko, das mit M\u00e4ngeln oder Fehlern in den Prozessen, Verfahren, Systemen oder Betriebsressourcen eines Unternehmens verbunden ist. Diese Fehler k\u00f6nnen zu finanziellen Verlusten, Betriebsunterbrechungen, Rufsch\u00e4digung oder Verst\u00f6\u00dfen gegen Vorschriften f\u00fchren.","og_url":"https:\/\/blog.urbanitae.com\/de\/glossar\/operationelles-risiko\/","og_site_name":"Urbanitae Blog | Las mejores noticias sobre inversi\u00f3n inmobiliaria","article_publisher":"https:\/\/www.facebook.com\/urbanitae","article_modified_time":"2025-08-13T07:17:14+00:00","twitter_card":"summary_large_image","twitter_site":"@urbanitae","twitter_misc":{"Gesch\u00e4tzte Lesezeit":"1\u00a0Minute"},"schema":{"@context":"https:\/\/schema.org","@graph":[{"@type":"WebPage","@id":"https:\/\/blog.urbanitae.com\/de\/glossar\/operationelles-risiko\/","url":"https:\/\/blog.urbanitae.com\/de\/glossar\/operationelles-risiko\/","name":"Operationelles Risiko - Urbanitae Blog","isPartOf":{"@id":"https:\/\/blog.urbanitae.com\/de\/#website"},"datePublished":"2025-02-26T16:00:05+00:00","dateModified":"2025-08-13T07:17:14+00:00","description":"Es handelt sich um das Risiko, das mit M\u00e4ngeln oder Fehlern in den Prozessen, Verfahren, Systemen oder Betriebsressourcen eines Unternehmens verbunden ist. Diese Fehler k\u00f6nnen zu finanziellen Verlusten, Betriebsunterbrechungen, Rufsch\u00e4digung oder Verst\u00f6\u00dfen gegen Vorschriften f\u00fchren.","breadcrumb":{"@id":"https:\/\/blog.urbanitae.com\/de\/glossar\/operationelles-risiko\/#breadcrumb"},"inLanguage":"de","potentialAction":[{"@type":"ReadAction","target":["https:\/\/blog.urbanitae.com\/de\/glossar\/operationelles-risiko\/"]}]},{"@type":"BreadcrumbList","@id":"https:\/\/blog.urbanitae.com\/de\/glossar\/operationelles-risiko\/#breadcrumb","itemListElement":[{"@type":"ListItem","position":1,"name":"Portada","item":"https:\/\/blog.urbanitae.com\/de\/"},{"@type":"ListItem","position":2,"name":"Glossar","item":"https:\/\/blog.urbanitae.com\/de\/glossar\/"},{"@type":"ListItem","position":3,"name":"Operationelles Risiko"}]},{"@type":"WebSite","@id":"https:\/\/blog.urbanitae.com\/de\/#website","url":"https:\/\/blog.urbanitae.com\/de\/","name":"Urbanitae Blog | Las mejores noticias sobre inversi\u00f3n inmobiliaria","description":"Inversi\u00f3n inmobiliaria al alcance de todos","publisher":{"@id":"https:\/\/blog.urbanitae.com\/de\/#organization"},"potentialAction":[{"@type":"SearchAction","target":{"@type":"EntryPoint","urlTemplate":"https:\/\/blog.urbanitae.com\/de\/?s={search_term_string}"},"query-input":{"@type":"PropertyValueSpecification","valueRequired":true,"valueName":"search_term_string"}}],"inLanguage":"de"},{"@type":"Organization","@id":"https:\/\/blog.urbanitae.com\/de\/#organization","name":"Urbanitae","url":"https:\/\/blog.urbanitae.com\/de\/","logo":{"@type":"ImageObject","inLanguage":"de","@id":"https:\/\/blog.urbanitae.com\/de\/#\/schema\/logo\/image\/","url":"https:\/\/blog.urbanitae.com\/wp-content\/uploads\/2020\/04\/logo-verde_350x100.svg","contentUrl":"https:\/\/blog.urbanitae.com\/wp-content\/uploads\/2020\/04\/logo-verde_350x100.svg","width":350,"height":100,"caption":"Urbanitae"},"image":{"@id":"https:\/\/blog.urbanitae.com\/de\/#\/schema\/logo\/image\/"},"sameAs":["https:\/\/www.facebook.com\/urbanitae","https:\/\/x.com\/urbanitae","https:\/\/www.instagram.com\/urbanitae","https:\/\/www.linkedin.com\/company\/urbanitae","https:\/\/www.pinterest.es\/UrbanitaeSL\/_created\/","https:\/\/www.youtube.com\/c\/Urbanitae_RE"]}]}},"_links":{"self":[{"href":"https:\/\/blog.urbanitae.com\/de\/wp-json\/wp\/v2\/pages\/67811","targetHints":{"allow":["GET"]}}],"collection":[{"href":"https:\/\/blog.urbanitae.com\/de\/wp-json\/wp\/v2\/pages"}],"about":[{"href":"https:\/\/blog.urbanitae.com\/de\/wp-json\/wp\/v2\/types\/page"}],"author":[{"embeddable":true,"href":"https:\/\/blog.urbanitae.com\/de\/wp-json\/wp\/v2\/users\/20"}],"replies":[{"embeddable":true,"href":"https:\/\/blog.urbanitae.com\/de\/wp-json\/wp\/v2\/comments?post=67811"}],"version-history":[{"count":1,"href":"https:\/\/blog.urbanitae.com\/de\/wp-json\/wp\/v2\/pages\/67811\/revisions"}],"predecessor-version":[{"id":67812,"href":"https:\/\/blog.urbanitae.com\/de\/wp-json\/wp\/v2\/pages\/67811\/revisions\/67812"}],"up":[{"embeddable":true,"href":"https:\/\/blog.urbanitae.com\/de\/wp-json\/wp\/v2\/pages\/67878"}],"wp:attachment":[{"href":"https:\/\/blog.urbanitae.com\/de\/wp-json\/wp\/v2\/media?parent=67811"}],"curies":[{"name":"wp","href":"https:\/\/api.w.org\/{rel}","templated":true}]}}