{"id":67809,"date":"2025-04-15T14:52:48","date_gmt":"2025-04-15T12:52:48","guid":{"rendered":"https:\/\/blog.urbanitae.com\/nicht-erfahrener-anleger\/"},"modified":"2025-08-13T09:17:35","modified_gmt":"2025-08-13T07:17:35","slug":"nicht-erfahrener-anleger","status":"publish","type":"page","link":"https:\/\/blog.urbanitae.com\/de\/glossar\/nicht-erfahrener-anleger\/","title":{"rendered":"Nicht-erfahrener Anleger"},"content":{"rendered":"\t\t<div data-elementor-type=\"wp-page\" data-elementor-id=\"67809\" class=\"elementor elementor-67809 elementor-60116\">\n\t\t\t\t\t\t<section class=\"elementor-section elementor-top-section elementor-element elementor-element-d86d887 elementor-section-boxed elementor-section-height-default elementor-section-height-default\" data-id=\"d86d887\" data-element_type=\"section\" data-e-type=\"section\">\n\t\t\t\t\t\t<div class=\"elementor-container elementor-column-gap-default\">\n\t\t\t\t\t<div class=\"elementor-column elementor-col-100 elementor-top-column elementor-element elementor-element-8b49ddd\" data-id=\"8b49ddd\" data-element_type=\"column\" data-e-type=\"column\">\n\t\t\t<div class=\"elementor-widget-wrap elementor-element-populated\">\n\t\t\t\t\t\t<div class=\"elementor-element elementor-element-083b30b elementor-widget__width-initial elementor-widget elementor-widget-text-editor\" data-id=\"083b30b\" data-element_type=\"widget\" data-e-type=\"widget\" data-widget_type=\"text-editor.default\">\n\t\t\t\t<div class=\"elementor-widget-container\">\n\t\t\t\t\t\t\t\t\t<h3>Was sind sie?<\/h3><p style=\"color: #212121; font-family: Roboto, sans-serif; font-size: 16px;\">Im Bereich der durch die Verordnung (EU) 2020\/1503 geregelten Schwarmfinanzierung wird zwischen erfahrenen und unerfahrenen Anlegern unterschieden, um jeder Kategorie einen angemessenen Schutz zu bieten. Unerfahrene Anleger sind solche, die die finanziellen oder erfahrungsbezogenen Kriterien nicht erf\u00fcllen, um als erfahren eingestuft zu werden. Zu dieser Kategorie geh\u00f6ren in der Regel Kleinanleger oder Privatpersonen, die m\u00f6glicherweise keine fundierten Kenntnisse der Finanzm\u00e4rkte oder keine nennenswerte finanzielle Leistungsf\u00e4higkeit haben, um hohe Risiken einzugehen.<\/p><p style=\"color: #212121; font-family: Roboto, sans-serif; font-size: 16px;\">Da unerfahrene Anleger m\u00f6glicherweise weniger mit den Risiken vertraut sind, die mit Investitionen in Crowdfunding-Plattformen verbunden sind, sieht die Verordnung eine Reihe spezifischer Schutzma\u00dfnahmen f\u00fcr sie vor. Diese Ma\u00dfnahmen sollen sicherstellen, dass diese Anleger die Risiken und Merkmale ihrer Investitionen vollst\u00e4ndig verstehen, indem ihnen klare und angemessene Informationen zur Verf\u00fcgung gestellt werden, die ihnen fundierte Investitionsentscheidungen erm\u00f6glichen. <\/p>\t\t\t\t\t\t\t\t<\/div>\n\t\t\t\t<\/div>\n\t\t\t\t<div class=\"elementor-element elementor-element-11c28c4 elementor-widget__width-initial elementor-widget elementor-widget-text-editor\" data-id=\"11c28c4\" data-element_type=\"widget\" data-e-type=\"widget\" data-widget_type=\"text-editor.default\">\n\t\t\t\t<div class=\"elementor-widget-container\">\n\t\t\t\t\t\t\t\t\t<h3>Wichtige Aspekte, die zu ber\u00fccksichtigen sind<\/h3>\n<ul>\n \t<li style=\"color: #212121; font-family: Roboto, sans-serif; font-size: 16px;\"><strong>Anf\u00e4ngliche \u00dcberpr\u00fcfung der Kenntnisse und Simulation der Verlusttragf\u00e4higkeit:<\/strong> Bevor ein Crowdfunding-Anbieter eine Investition eines unerfahrenen Investors annimmt, muss er beurteilen, ob der Investor \u00fcber die erforderlichen Erfahrungen und Kenntnisse verf\u00fcgt, um die damit verbundenen Risiken zu verstehen. Dar\u00fcber hinaus sollte eine Simulation durchgef\u00fchrt werden, um die F\u00e4higkeit des Investors zur Tragf\u00e4higkeit finanzieller Verluste zu ermitteln. <\/li>\n \t<li style=\"color: #212121; font-family: Roboto, sans-serif; font-size: 16px;\"><strong>Vorvertragliche Bedenkzeit:<\/strong> Unerfahrene Anleger haben Anspruch auf eine Bedenkzeit von mindestens vier Kalendertagen, w\u00e4hrend der sie ihr Investitionsangebot ohne Strafzahlung zur\u00fcckziehen k\u00f6nnen.<\/li>\n \t<li style=\"color: #212121; font-family: Roboto, sans-serif; font-size: 16px;\"><strong>Ausdr\u00fcckliche Risikohinweise: <\/strong>Wenn nach der ersten Bewertung festgestellt wird, dass Crowdfunding-Dienstleistungen f\u00fcr einen unerfahrenen Anleger nicht geeignet sind, muss der Anbieter ihn ausdr\u00fccklich darauf hinweisen. Trotz des Hinweises kann der Anleger beschlie\u00dfen, die Investition zu t\u00e4tigen, wobei er best\u00e4tigt, dass er den Hinweis erhalten und verstanden hat. <\/li>\n \t<li style=\"color: #212121; font-family: Roboto, sans-serif; font-size: 16px;\"><strong>Empfohlene Investitionsgrenzen:<\/strong> Unerfahrenen Anlegern wird empfohlen, nicht mehr als 1.000 Euro oder 5 % ihres Nettoverm\u00f6gens in ein einzelnes Crowdfunding-Projekt zu investieren. Es steht Anlegern jedoch frei, h\u00f6here Betr\u00e4ge zu investieren, wenn sie dies w\u00fcnschen.<\/li>\n<\/ul>\n<p style=\"color: #212121; font-family: Roboto, sans-serif; font-size: 16px;\">Die Einstufung als unerfahrener Anleger im Rahmen der Verordnung (EU) 2020\/1503 bietet eine Reihe von Schutzma\u00dfnahmen, die darauf abzielen, Anleger mit weniger Erfahrung oder finanziellen M\u00f6glichkeiten im Bereich der <strong>Schwarmfinanzierung zu sch\u00fctzen. <\/strong>Diese Ma\u00dfnahmen sollen sicherstellen, dass diese Anleger umfassend \u00fcber die Risiken und Merkmale der von ihnen get\u00e4tigten Investitionen informiert sind. Diese Schutzma\u00dfnahmen k\u00f6nnen jedoch auch bestimmte Einschr\u00e4nkungen oder zus\u00e4tzliche Verfahren im Vergleich zu erfahrenen Anlegern mit sich bringen. Daher ist es f\u00fcr Anleger von entscheidender Bedeutung, ihre Einstufung und die damit verbundenen Auswirkungen bei der Teilnahme an Crowdfunding-Plattformen zu verstehen.  <\/p>\n\t\t\t\t\t\t\t\t<\/div>\n\t\t\t\t<\/div>\n\t\t\t\t\t<\/div>\n\t\t<\/div>\n\t\t\t\t\t<\/div>\n\t\t<\/section>\n\t\t\t\t<section class=\"elementor-section elementor-top-section elementor-element elementor-element-aa563c5 elementor-section-full_width elementor-section-stretched elementor-section-height-default elementor-section-height-default\" data-id=\"aa563c5\" data-element_type=\"section\" data-e-type=\"section\" data-settings=\"{&quot;stretch_section&quot;:&quot;section-stretched&quot;}\">\n\t\t\t\t\t\t<div class=\"elementor-container elementor-column-gap-default\">\n\t\t\t\t\t<div class=\"elementor-column elementor-col-100 elementor-top-column elementor-element elementor-element-41114ac\" data-id=\"41114ac\" data-element_type=\"column\" data-e-type=\"column\">\n\t\t\t<div class=\"elementor-widget-wrap elementor-element-populated\">\n\t\t\t\t\t\t<div class=\"elementor-element elementor-element-43f7095 elementor-widget elementor-widget-html\" data-id=\"43f7095\" data-element_type=\"widget\" data-e-type=\"widget\" data-widget_type=\"html.default\">\n\t\t\t\t<div class=\"elementor-widget-container\">\n\t\t\t\t\t\r\n        <div class=\"qode-advanced-call-to-action qode-advanced-cta-gradient qode-advanced-cta-gradient-animation\" style=\"height:80px\">\r\n            <a class=\"advanced-cta-link\" href=\"https:\/\/mkt.urbanitae.com\/Urbanitae_suscripcion_newsletter.html?utm_source=blog&amp;utm_medium=link_blog&amp;utm_campaign=suscripcion_blog&amp;utm_content=boton\" target=\"_blank\" onclick=\"dataLayer.push({'event': 'ub_ga4_event', 'ub_ga4_event_name': 'newsletter', 'ub_ga4_event_element': 'aprende'})\"><\/a>\r\n            <div class=\"qode-advanced-cta-content\">\r\n                <span class=\"qode-advanced-cta-text-holder\" style=\"color:#FFFFFF;font-size:25px\">\r\n Abonnieren Sie unseren Newsletter <\/span>\r\n                <span class=\"qode-advanced-cta-icon-holder\" style=\"color:#FFFFFF;font-size:25px\">\r\n                    <span class=\"qode-advanced-cta-icon-holder-table\">\r\n                        <span class=\"qode-advanced-cta-icon-holder-cell\">\r\n                            <i class=\"qode_icon_font_awesome_5 fa5 fa fa-envelope-open-text qode-advanced-cta-icon\"><\/i> <\/span>\r\n                    <\/span>\r\n                <\/span>\r\n            <\/div>\r\n            <div class=\"qode-advanced-cta-background-holder\">\r\n                <span class=\"qode-advanced-cta-background-1 qode-type1-gradient-left-to-right\"><\/span>\r\n                <span class=\"qode-advanced-cta-background-2 qode-type1-gradient-left-to-right\"><\/span>\r\n                <span class=\"qode-advanced-cta-background-3\"><\/span>\r\n            <\/div>\r\n        <\/div>\r\n\t\t\t\t<\/div>\n\t\t\t\t<\/div>\n\t\t\t\t\t<\/div>\n\t\t<\/div>\n\t\t\t\t\t<\/div>\n\t\t<\/section>\n\t\t\t\t<\/div>\n\t\t","protected":false},"excerpt":{"rendered":"<p>Was sind sie? Im Bereich der durch die Verordnung (EU) 2020\/1503 geregelten Schwarmfinanzierung wird zwischen erfahrenen und unerfahrenen Anlegern unterschieden, um jeder Kategorie einen angemessenen Schutz zu bieten. Unerfahrene Anleger sind solche, die die finanziellen oder erfahrungsbezogenen Kriterien nicht erf\u00fcllen, um als erfahren eingestuft zu werden. Zu dieser Kategorie geh\u00f6ren in der Regel Kleinanleger oder [&hellip;]<\/p>\n","protected":false},"author":4,"featured_media":0,"parent":67878,"menu_order":0,"comment_status":"closed","ping_status":"closed","template":"","meta":{"inline_featured_image":false,"footnotes":""},"class_list":["post-67809","page","type-page","status-publish","hentry"],"yoast_head":"<!-- This site is optimized with the Yoast SEO plugin v27.4 - https:\/\/yoast.com\/product\/yoast-seo-wordpress\/ -->\n<title>Nicht-erfahrener Anleger - Urbanitae Blog<\/title>\n<meta name=\"description\" content=\"Es handelt sich um Kleinanleger oder Privatpersonen, die m\u00f6glicherweise keine fundierten Kenntnisse der Finanzm\u00e4rkte oder keine nennenswerte finanzielle Leistungsf\u00e4higkeit haben, um hohe Risiken einzugehen.\" \/>\n<meta name=\"robots\" content=\"index, follow, max-snippet:-1, max-image-preview:large, max-video-preview:-1\" \/>\n<link rel=\"canonical\" href=\"https:\/\/blog.urbanitae.com\/de\/glossar\/nicht-erfahrener-anleger\/\" \/>\n<meta property=\"og:locale\" content=\"de_DE\" \/>\n<meta property=\"og:type\" content=\"article\" \/>\n<meta property=\"og:title\" content=\"Nicht-erfahrener Anleger - Urbanitae Blog\" \/>\n<meta property=\"og:description\" content=\"Es handelt sich um Kleinanleger oder Privatpersonen, die m\u00f6glicherweise keine fundierten Kenntnisse der Finanzm\u00e4rkte oder keine nennenswerte finanzielle Leistungsf\u00e4higkeit haben, um hohe Risiken einzugehen.\" \/>\n<meta property=\"og:url\" content=\"https:\/\/blog.urbanitae.com\/de\/glossar\/nicht-erfahrener-anleger\/\" \/>\n<meta property=\"og:site_name\" content=\"Urbanitae Blog | Las mejores noticias sobre inversi\u00f3n inmobiliaria\" \/>\n<meta property=\"article:publisher\" content=\"https:\/\/www.facebook.com\/urbanitae\" \/>\n<meta property=\"article:modified_time\" content=\"2025-08-13T07:17:35+00:00\" \/>\n<meta name=\"twitter:card\" content=\"summary_large_image\" \/>\n<meta name=\"twitter:site\" content=\"@urbanitae\" \/>\n<meta name=\"twitter:label1\" content=\"Gesch\u00e4tzte Lesezeit\" \/>\n\t<meta name=\"twitter:data1\" content=\"2\u00a0Minuten\" \/>\n<script type=\"application\/ld+json\" class=\"yoast-schema-graph\">{\"@context\":\"https:\\\/\\\/schema.org\",\"@graph\":[{\"@type\":\"WebPage\",\"@id\":\"https:\\\/\\\/blog.urbanitae.com\\\/de\\\/glossar\\\/nicht-erfahrener-anleger\\\/\",\"url\":\"https:\\\/\\\/blog.urbanitae.com\\\/de\\\/glossar\\\/nicht-erfahrener-anleger\\\/\",\"name\":\"Nicht-erfahrener Anleger - Urbanitae Blog\",\"isPartOf\":{\"@id\":\"https:\\\/\\\/blog.urbanitae.com\\\/de\\\/#website\"},\"datePublished\":\"2025-04-15T12:52:48+00:00\",\"dateModified\":\"2025-08-13T07:17:35+00:00\",\"description\":\"Es handelt sich um Kleinanleger oder Privatpersonen, die m\u00f6glicherweise keine fundierten Kenntnisse der Finanzm\u00e4rkte oder keine nennenswerte finanzielle Leistungsf\u00e4higkeit haben, um hohe Risiken einzugehen.\",\"breadcrumb\":{\"@id\":\"https:\\\/\\\/blog.urbanitae.com\\\/de\\\/glossar\\\/nicht-erfahrener-anleger\\\/#breadcrumb\"},\"inLanguage\":\"de\",\"potentialAction\":[{\"@type\":\"ReadAction\",\"target\":[\"https:\\\/\\\/blog.urbanitae.com\\\/de\\\/glossar\\\/nicht-erfahrener-anleger\\\/\"]}]},{\"@type\":\"BreadcrumbList\",\"@id\":\"https:\\\/\\\/blog.urbanitae.com\\\/de\\\/glossar\\\/nicht-erfahrener-anleger\\\/#breadcrumb\",\"itemListElement\":[{\"@type\":\"ListItem\",\"position\":1,\"name\":\"Portada\",\"item\":\"https:\\\/\\\/blog.urbanitae.com\\\/de\\\/\"},{\"@type\":\"ListItem\",\"position\":2,\"name\":\"Glossar\",\"item\":\"https:\\\/\\\/blog.urbanitae.com\\\/de\\\/glossar\\\/\"},{\"@type\":\"ListItem\",\"position\":3,\"name\":\"Nicht-erfahrener Anleger\"}]},{\"@type\":\"WebSite\",\"@id\":\"https:\\\/\\\/blog.urbanitae.com\\\/de\\\/#website\",\"url\":\"https:\\\/\\\/blog.urbanitae.com\\\/de\\\/\",\"name\":\"Urbanitae Blog | Las mejores noticias sobre inversi\u00f3n inmobiliaria\",\"description\":\"Inversi\u00f3n inmobiliaria al alcance de todos\",\"publisher\":{\"@id\":\"https:\\\/\\\/blog.urbanitae.com\\\/de\\\/#organization\"},\"potentialAction\":[{\"@type\":\"SearchAction\",\"target\":{\"@type\":\"EntryPoint\",\"urlTemplate\":\"https:\\\/\\\/blog.urbanitae.com\\\/de\\\/?s={search_term_string}\"},\"query-input\":{\"@type\":\"PropertyValueSpecification\",\"valueRequired\":true,\"valueName\":\"search_term_string\"}}],\"inLanguage\":\"de\"},{\"@type\":\"Organization\",\"@id\":\"https:\\\/\\\/blog.urbanitae.com\\\/de\\\/#organization\",\"name\":\"Urbanitae\",\"url\":\"https:\\\/\\\/blog.urbanitae.com\\\/de\\\/\",\"logo\":{\"@type\":\"ImageObject\",\"inLanguage\":\"de\",\"@id\":\"https:\\\/\\\/blog.urbanitae.com\\\/de\\\/#\\\/schema\\\/logo\\\/image\\\/\",\"url\":\"https:\\\/\\\/blog.urbanitae.com\\\/wp-content\\\/uploads\\\/2020\\\/04\\\/logo-verde_350x100.svg\",\"contentUrl\":\"https:\\\/\\\/blog.urbanitae.com\\\/wp-content\\\/uploads\\\/2020\\\/04\\\/logo-verde_350x100.svg\",\"width\":350,\"height\":100,\"caption\":\"Urbanitae\"},\"image\":{\"@id\":\"https:\\\/\\\/blog.urbanitae.com\\\/de\\\/#\\\/schema\\\/logo\\\/image\\\/\"},\"sameAs\":[\"https:\\\/\\\/www.facebook.com\\\/urbanitae\",\"https:\\\/\\\/x.com\\\/urbanitae\",\"https:\\\/\\\/www.instagram.com\\\/urbanitae\",\"https:\\\/\\\/www.linkedin.com\\\/company\\\/urbanitae\",\"https:\\\/\\\/www.pinterest.es\\\/UrbanitaeSL\\\/_created\\\/\",\"https:\\\/\\\/www.youtube.com\\\/c\\\/Urbanitae_RE\"]}]}<\/script>\n<!-- \/ Yoast SEO plugin. -->","yoast_head_json":{"title":"Nicht-erfahrener Anleger - Urbanitae Blog","description":"Es handelt sich um Kleinanleger oder Privatpersonen, die m\u00f6glicherweise keine fundierten Kenntnisse der Finanzm\u00e4rkte oder keine nennenswerte finanzielle Leistungsf\u00e4higkeit haben, um hohe Risiken einzugehen.","robots":{"index":"index","follow":"follow","max-snippet":"max-snippet:-1","max-image-preview":"max-image-preview:large","max-video-preview":"max-video-preview:-1"},"canonical":"https:\/\/blog.urbanitae.com\/de\/glossar\/nicht-erfahrener-anleger\/","og_locale":"de_DE","og_type":"article","og_title":"Nicht-erfahrener Anleger - Urbanitae Blog","og_description":"Es handelt sich um Kleinanleger oder Privatpersonen, die m\u00f6glicherweise keine fundierten Kenntnisse der Finanzm\u00e4rkte oder keine nennenswerte finanzielle Leistungsf\u00e4higkeit haben, um hohe Risiken einzugehen.","og_url":"https:\/\/blog.urbanitae.com\/de\/glossar\/nicht-erfahrener-anleger\/","og_site_name":"Urbanitae Blog | Las mejores noticias sobre inversi\u00f3n inmobiliaria","article_publisher":"https:\/\/www.facebook.com\/urbanitae","article_modified_time":"2025-08-13T07:17:35+00:00","twitter_card":"summary_large_image","twitter_site":"@urbanitae","twitter_misc":{"Gesch\u00e4tzte Lesezeit":"2\u00a0Minuten"},"schema":{"@context":"https:\/\/schema.org","@graph":[{"@type":"WebPage","@id":"https:\/\/blog.urbanitae.com\/de\/glossar\/nicht-erfahrener-anleger\/","url":"https:\/\/blog.urbanitae.com\/de\/glossar\/nicht-erfahrener-anleger\/","name":"Nicht-erfahrener Anleger - Urbanitae Blog","isPartOf":{"@id":"https:\/\/blog.urbanitae.com\/de\/#website"},"datePublished":"2025-04-15T12:52:48+00:00","dateModified":"2025-08-13T07:17:35+00:00","description":"Es handelt sich um Kleinanleger oder Privatpersonen, die m\u00f6glicherweise keine fundierten Kenntnisse der Finanzm\u00e4rkte oder keine nennenswerte finanzielle Leistungsf\u00e4higkeit haben, um hohe Risiken einzugehen.","breadcrumb":{"@id":"https:\/\/blog.urbanitae.com\/de\/glossar\/nicht-erfahrener-anleger\/#breadcrumb"},"inLanguage":"de","potentialAction":[{"@type":"ReadAction","target":["https:\/\/blog.urbanitae.com\/de\/glossar\/nicht-erfahrener-anleger\/"]}]},{"@type":"BreadcrumbList","@id":"https:\/\/blog.urbanitae.com\/de\/glossar\/nicht-erfahrener-anleger\/#breadcrumb","itemListElement":[{"@type":"ListItem","position":1,"name":"Portada","item":"https:\/\/blog.urbanitae.com\/de\/"},{"@type":"ListItem","position":2,"name":"Glossar","item":"https:\/\/blog.urbanitae.com\/de\/glossar\/"},{"@type":"ListItem","position":3,"name":"Nicht-erfahrener Anleger"}]},{"@type":"WebSite","@id":"https:\/\/blog.urbanitae.com\/de\/#website","url":"https:\/\/blog.urbanitae.com\/de\/","name":"Urbanitae Blog | Las mejores noticias sobre inversi\u00f3n inmobiliaria","description":"Inversi\u00f3n inmobiliaria al alcance de todos","publisher":{"@id":"https:\/\/blog.urbanitae.com\/de\/#organization"},"potentialAction":[{"@type":"SearchAction","target":{"@type":"EntryPoint","urlTemplate":"https:\/\/blog.urbanitae.com\/de\/?s={search_term_string}"},"query-input":{"@type":"PropertyValueSpecification","valueRequired":true,"valueName":"search_term_string"}}],"inLanguage":"de"},{"@type":"Organization","@id":"https:\/\/blog.urbanitae.com\/de\/#organization","name":"Urbanitae","url":"https:\/\/blog.urbanitae.com\/de\/","logo":{"@type":"ImageObject","inLanguage":"de","@id":"https:\/\/blog.urbanitae.com\/de\/#\/schema\/logo\/image\/","url":"https:\/\/blog.urbanitae.com\/wp-content\/uploads\/2020\/04\/logo-verde_350x100.svg","contentUrl":"https:\/\/blog.urbanitae.com\/wp-content\/uploads\/2020\/04\/logo-verde_350x100.svg","width":350,"height":100,"caption":"Urbanitae"},"image":{"@id":"https:\/\/blog.urbanitae.com\/de\/#\/schema\/logo\/image\/"},"sameAs":["https:\/\/www.facebook.com\/urbanitae","https:\/\/x.com\/urbanitae","https:\/\/www.instagram.com\/urbanitae","https:\/\/www.linkedin.com\/company\/urbanitae","https:\/\/www.pinterest.es\/UrbanitaeSL\/_created\/","https:\/\/www.youtube.com\/c\/Urbanitae_RE"]}]}},"_links":{"self":[{"href":"https:\/\/blog.urbanitae.com\/de\/wp-json\/wp\/v2\/pages\/67809","targetHints":{"allow":["GET"]}}],"collection":[{"href":"https:\/\/blog.urbanitae.com\/de\/wp-json\/wp\/v2\/pages"}],"about":[{"href":"https:\/\/blog.urbanitae.com\/de\/wp-json\/wp\/v2\/types\/page"}],"author":[{"embeddable":true,"href":"https:\/\/blog.urbanitae.com\/de\/wp-json\/wp\/v2\/users\/4"}],"replies":[{"embeddable":true,"href":"https:\/\/blog.urbanitae.com\/de\/wp-json\/wp\/v2\/comments?post=67809"}],"version-history":[{"count":1,"href":"https:\/\/blog.urbanitae.com\/de\/wp-json\/wp\/v2\/pages\/67809\/revisions"}],"predecessor-version":[{"id":67810,"href":"https:\/\/blog.urbanitae.com\/de\/wp-json\/wp\/v2\/pages\/67809\/revisions\/67810"}],"up":[{"embeddable":true,"href":"https:\/\/blog.urbanitae.com\/de\/wp-json\/wp\/v2\/pages\/67878"}],"wp:attachment":[{"href":"https:\/\/blog.urbanitae.com\/de\/wp-json\/wp\/v2\/media?parent=67809"}],"curies":[{"name":"wp","href":"https:\/\/api.w.org\/{rel}","templated":true}]}}