{"id":67807,"date":"2025-02-24T18:12:09","date_gmt":"2025-02-24T17:12:09","guid":{"rendered":"https:\/\/blog.urbanitae.com\/nicht-akkreditierter-anleger\/"},"modified":"2025-08-13T09:16:39","modified_gmt":"2025-08-13T07:16:39","slug":"nicht-akkreditierter-anleger","status":"publish","type":"page","link":"https:\/\/blog.urbanitae.com\/de\/glossar\/nicht-akkreditierter-anleger\/","title":{"rendered":"Nicht-akkreditierter Anleger"},"content":{"rendered":"\t\t<div data-elementor-type=\"wp-page\" data-elementor-id=\"67807\" class=\"elementor elementor-67807 elementor-56897\">\n\t\t\t\t\t\t<section class=\"elementor-section elementor-top-section elementor-element elementor-element-d86d887 elementor-section-boxed elementor-section-height-default elementor-section-height-default\" data-id=\"d86d887\" data-element_type=\"section\" data-e-type=\"section\">\n\t\t\t\t\t\t<div class=\"elementor-container elementor-column-gap-default\">\n\t\t\t\t\t<div class=\"elementor-column elementor-col-100 elementor-top-column elementor-element elementor-element-8b49ddd\" data-id=\"8b49ddd\" data-element_type=\"column\" data-e-type=\"column\">\n\t\t\t<div class=\"elementor-widget-wrap elementor-element-populated\">\n\t\t\t\t\t\t<div class=\"elementor-element elementor-element-083b30b elementor-widget__width-initial elementor-widget elementor-widget-text-editor\" data-id=\"083b30b\" data-element_type=\"widget\" data-e-type=\"widget\" data-widget_type=\"text-editor.default\">\n\t\t\t\t<div class=\"elementor-widget-container\">\n\t\t\t\t\t\t\t\t\t<h3>Was ist es?<\/h3><p style=\"color: #212121; font-family: Roboto, sans-serif; font-size: 16px;\">Es handelt sich um einen Anleger, der die in den Finanzvorschriften festgelegten Anforderungen nicht erf\u00fcllt, um als akkreditierter Anleger zu gelten. Nicht akkreditierte Anleger unterliegen in der Regel Einschr\u00e4nkungen hinsichtlich der Anlagem\u00f6glichkeiten, an denen sie teilnehmen k\u00f6nnen, da diese Gruppe von Finanzprodukten, die als risikoreicher gelten, gesetzlich gesch\u00fctzt ist.<\/p><p style=\"color: #212121; font-family: Roboto, sans-serif; font-size: 16px;\">Obwohl nicht akkreditierte Anleger keinen Zugang zu denselben exklusiven Anlagen wie akkreditierte Anleger haben, beispielsweise zu Private-Equity-Fonds oder bestimmten alternativen Produkten, k\u00f6nnen sie dennoch \u00fcber traditionellere und regulierte Finanzprodukte wie Aktien, Anleihen und b\u00f6rsengehandelte Fonds <strong>(ETFs)<\/strong> an einer Vielzahl von Anlagen teilnehmen.<\/p><p style=\"color: #212121; font-family: Roboto, sans-serif; font-size: 16px;\"> <\/p>\t\t\t\t\t\t\t\t<\/div>\n\t\t\t\t<\/div>\n\t\t\t\t<div class=\"elementor-element elementor-element-11c28c4 elementor-widget__width-initial elementor-widget elementor-widget-text-editor\" data-id=\"11c28c4\" data-element_type=\"widget\" data-e-type=\"widget\" data-widget_type=\"text-editor.default\">\n\t\t\t\t<div class=\"elementor-widget-container\">\n\t\t\t\t\t\t\t\t\t<h3>Wichtige Aspekte, die zu ber\u00fccksichtigen sind<\/h3><p style=\"color: #212121; font-family: Roboto, sans-serif; font-size: 16px;\">Die Beschr\u00e4nkungen, denen nicht akkreditierte Anleger unterliegen, sind darauf zur\u00fcckzuf\u00fchren, dass ihnen die erforderliche Erfahrung, das Kapital oder das Wissen fehlen, um die mit bestimmten komplexeren Anlageformen verbundenen Risiken zu verstehen und zu tragen. Trotz dieser Einschr\u00e4nkungen haben Anlageplattformen und das Wachstum der Online-M\u00e4rkte nicht akkreditierten Anlegern den Zugang zu einer gr\u00f6\u00dferen Vielfalt von Verm\u00f6genswerten und Anlagem\u00f6glichkeiten erm\u00f6glicht. <\/p><p style=\"color: #212121; font-family: Roboto, sans-serif; font-size: 16px;\">Es ist wichtig zu betonen, dass nicht akkreditierte Anleger zwar keinen Zugang zu bestimmten risikoreichen Anlagem\u00f6glichkeiten haben, jedoch eine Reihe von Instrumenten und Produkten nutzen k\u00f6nnen, mit denen sie ihre Portfolios diversifizieren und ihre Rendite innerhalb eines risiko\u00e4rmeren Rahmens optimieren k\u00f6nnen. Dar\u00fcber hinaus k\u00f6nnen einige von ihnen mit der Zeit und durch den Aufbau von Verm\u00f6gen und Erfahrung die Voraussetzungen f\u00fcr eine Einstufung als akkreditierte Anleger erf\u00fcllen. <\/p>\t\t\t\t\t\t\t\t<\/div>\n\t\t\t\t<\/div>\n\t\t\t\t\t<\/div>\n\t\t<\/div>\n\t\t\t\t\t<\/div>\n\t\t<\/section>\n\t\t\t\t<section class=\"elementor-section elementor-top-section elementor-element elementor-element-aa563c5 elementor-section-full_width elementor-section-stretched elementor-section-height-default elementor-section-height-default\" data-id=\"aa563c5\" data-element_type=\"section\" data-e-type=\"section\" data-settings=\"{&quot;stretch_section&quot;:&quot;section-stretched&quot;}\">\n\t\t\t\t\t\t<div class=\"elementor-container elementor-column-gap-default\">\n\t\t\t\t\t<div class=\"elementor-column elementor-col-100 elementor-top-column elementor-element elementor-element-41114ac\" data-id=\"41114ac\" data-element_type=\"column\" data-e-type=\"column\">\n\t\t\t<div class=\"elementor-widget-wrap elementor-element-populated\">\n\t\t\t\t\t\t<div class=\"elementor-element elementor-element-43f7095 elementor-widget elementor-widget-html\" data-id=\"43f7095\" data-element_type=\"widget\" data-e-type=\"widget\" data-widget_type=\"html.default\">\n\t\t\t\t<div class=\"elementor-widget-container\">\n\t\t\t\t\t\r\n        <div class=\"qode-advanced-call-to-action qode-advanced-cta-gradient qode-advanced-cta-gradient-animation\" style=\"height:80px\">\r\n            <a class=\"advanced-cta-link\" href=\"https:\/\/mkt.urbanitae.com\/Urbanitae_suscripcion_newsletter.html?utm_source=blog&amp;utm_medium=link_blog&amp;utm_campaign=suscripcion_blog&amp;utm_content=boton\" target=\"_blank\" onclick=\"dataLayer.push({'event': 'ub_ga4_event', 'ub_ga4_event_name': 'newsletter', 'ub_ga4_event_element': 'aprende'})\"><\/a>\r\n            <div class=\"qode-advanced-cta-content\">\r\n                <span class=\"qode-advanced-cta-text-holder\" style=\"color:#FFFFFF;font-size:25px\">\r\n Abonnieren Sie unseren Newsletter <\/span>\r\n                <span class=\"qode-advanced-cta-icon-holder\" style=\"color:#FFFFFF;font-size:25px\">\r\n                    <span class=\"qode-advanced-cta-icon-holder-table\">\r\n                        <span class=\"qode-advanced-cta-icon-holder-cell\">\r\n                            <i class=\"qode_icon_font_awesome_5 fa5 fa fa-envelope-open-text qode-advanced-cta-icon\"><\/i> <\/span>\r\n                    <\/span>\r\n                <\/span>\r\n            <\/div>\r\n            <div class=\"qode-advanced-cta-background-holder\">\r\n                <span class=\"qode-advanced-cta-background-1 qode-type1-gradient-left-to-right\"><\/span>\r\n                <span class=\"qode-advanced-cta-background-2 qode-type1-gradient-left-to-right\"><\/span>\r\n                <span class=\"qode-advanced-cta-background-3\"><\/span>\r\n            <\/div>\r\n        <\/div>\r\n\t\t\t\t<\/div>\n\t\t\t\t<\/div>\n\t\t\t\t\t<\/div>\n\t\t<\/div>\n\t\t\t\t\t<\/div>\n\t\t<\/section>\n\t\t\t\t<\/div>\n\t\t","protected":false},"excerpt":{"rendered":"<p>Was ist es? Es handelt sich um einen Anleger, der die in den Finanzvorschriften festgelegten Anforderungen nicht erf\u00fcllt, um als akkreditierter Anleger zu gelten. Nicht akkreditierte Anleger unterliegen in der Regel Einschr\u00e4nkungen hinsichtlich der Anlagem\u00f6glichkeiten, an denen sie teilnehmen k\u00f6nnen, da diese Gruppe von Finanzprodukten, die als risikoreicher gelten, gesetzlich gesch\u00fctzt ist. Obwohl nicht akkreditierte [&hellip;]<\/p>\n","protected":false},"author":20,"featured_media":0,"parent":67878,"menu_order":0,"comment_status":"closed","ping_status":"closed","template":"","meta":{"inline_featured_image":false,"footnotes":""},"class_list":["post-67807","page","type-page","status-publish","hentry"],"yoast_head":"<!-- This site is optimized with the Yoast SEO plugin v27.4 - https:\/\/yoast.com\/product\/yoast-seo-wordpress\/ -->\n<title>Nicht-akkreditierter Anleger - Urbanitae Blog<\/title>\n<meta name=\"description\" content=\"Es handelt sich um einen Anleger, der die in den Finanzvorschriften festgelegten Anforderungen nicht erf\u00fcllt, um als akkreditierter Anleger zu gelten. Nicht akkreditierte Anleger k\u00f6nnen Einschr\u00e4nkungen hinsichtlich der Anlagem\u00f6glichkeiten unterliegen, an denen sie teilnehmen k\u00f6nnen.\" \/>\n<meta name=\"robots\" content=\"index, follow, max-snippet:-1, max-image-preview:large, max-video-preview:-1\" \/>\n<link rel=\"canonical\" href=\"https:\/\/blog.urbanitae.com\/de\/glossar\/nicht-akkreditierter-anleger\/\" \/>\n<meta property=\"og:locale\" content=\"de_DE\" \/>\n<meta property=\"og:type\" content=\"article\" \/>\n<meta property=\"og:title\" content=\"Nicht-akkreditierter Anleger - Urbanitae Blog\" \/>\n<meta property=\"og:description\" content=\"Es handelt sich um einen Anleger, der die in den Finanzvorschriften festgelegten Anforderungen nicht erf\u00fcllt, um als akkreditierter Anleger zu gelten. Nicht akkreditierte Anleger k\u00f6nnen Einschr\u00e4nkungen hinsichtlich der Anlagem\u00f6glichkeiten unterliegen, an denen sie teilnehmen k\u00f6nnen.\" \/>\n<meta property=\"og:url\" content=\"https:\/\/blog.urbanitae.com\/de\/glossar\/nicht-akkreditierter-anleger\/\" \/>\n<meta property=\"og:site_name\" content=\"Urbanitae Blog | Las mejores noticias sobre inversi\u00f3n inmobiliaria\" \/>\n<meta property=\"article:publisher\" content=\"https:\/\/www.facebook.com\/urbanitae\" \/>\n<meta property=\"article:modified_time\" content=\"2025-08-13T07:16:39+00:00\" \/>\n<meta name=\"twitter:card\" content=\"summary_large_image\" \/>\n<meta name=\"twitter:site\" content=\"@urbanitae\" \/>\n<meta name=\"twitter:label1\" content=\"Gesch\u00e4tzte Lesezeit\" \/>\n\t<meta name=\"twitter:data1\" content=\"1\u00a0Minute\" \/>\n<script type=\"application\/ld+json\" class=\"yoast-schema-graph\">{\"@context\":\"https:\\\/\\\/schema.org\",\"@graph\":[{\"@type\":\"WebPage\",\"@id\":\"https:\\\/\\\/blog.urbanitae.com\\\/de\\\/glossar\\\/nicht-akkreditierter-anleger\\\/\",\"url\":\"https:\\\/\\\/blog.urbanitae.com\\\/de\\\/glossar\\\/nicht-akkreditierter-anleger\\\/\",\"name\":\"Nicht-akkreditierter Anleger - Urbanitae Blog\",\"isPartOf\":{\"@id\":\"https:\\\/\\\/blog.urbanitae.com\\\/de\\\/#website\"},\"datePublished\":\"2025-02-24T17:12:09+00:00\",\"dateModified\":\"2025-08-13T07:16:39+00:00\",\"description\":\"Es handelt sich um einen Anleger, der die in den Finanzvorschriften festgelegten Anforderungen nicht erf\u00fcllt, um als akkreditierter Anleger zu gelten. Nicht akkreditierte Anleger k\u00f6nnen Einschr\u00e4nkungen hinsichtlich der Anlagem\u00f6glichkeiten unterliegen, an denen sie teilnehmen k\u00f6nnen.\",\"breadcrumb\":{\"@id\":\"https:\\\/\\\/blog.urbanitae.com\\\/de\\\/glossar\\\/nicht-akkreditierter-anleger\\\/#breadcrumb\"},\"inLanguage\":\"de\",\"potentialAction\":[{\"@type\":\"ReadAction\",\"target\":[\"https:\\\/\\\/blog.urbanitae.com\\\/de\\\/glossar\\\/nicht-akkreditierter-anleger\\\/\"]}]},{\"@type\":\"BreadcrumbList\",\"@id\":\"https:\\\/\\\/blog.urbanitae.com\\\/de\\\/glossar\\\/nicht-akkreditierter-anleger\\\/#breadcrumb\",\"itemListElement\":[{\"@type\":\"ListItem\",\"position\":1,\"name\":\"Portada\",\"item\":\"https:\\\/\\\/blog.urbanitae.com\\\/de\\\/\"},{\"@type\":\"ListItem\",\"position\":2,\"name\":\"Glossar\",\"item\":\"https:\\\/\\\/blog.urbanitae.com\\\/de\\\/glossar\\\/\"},{\"@type\":\"ListItem\",\"position\":3,\"name\":\"Nicht-akkreditierter Anleger\"}]},{\"@type\":\"WebSite\",\"@id\":\"https:\\\/\\\/blog.urbanitae.com\\\/de\\\/#website\",\"url\":\"https:\\\/\\\/blog.urbanitae.com\\\/de\\\/\",\"name\":\"Urbanitae Blog | Las mejores noticias sobre inversi\u00f3n inmobiliaria\",\"description\":\"Inversi\u00f3n inmobiliaria al alcance de todos\",\"publisher\":{\"@id\":\"https:\\\/\\\/blog.urbanitae.com\\\/de\\\/#organization\"},\"potentialAction\":[{\"@type\":\"SearchAction\",\"target\":{\"@type\":\"EntryPoint\",\"urlTemplate\":\"https:\\\/\\\/blog.urbanitae.com\\\/de\\\/?s={search_term_string}\"},\"query-input\":{\"@type\":\"PropertyValueSpecification\",\"valueRequired\":true,\"valueName\":\"search_term_string\"}}],\"inLanguage\":\"de\"},{\"@type\":\"Organization\",\"@id\":\"https:\\\/\\\/blog.urbanitae.com\\\/de\\\/#organization\",\"name\":\"Urbanitae\",\"url\":\"https:\\\/\\\/blog.urbanitae.com\\\/de\\\/\",\"logo\":{\"@type\":\"ImageObject\",\"inLanguage\":\"de\",\"@id\":\"https:\\\/\\\/blog.urbanitae.com\\\/de\\\/#\\\/schema\\\/logo\\\/image\\\/\",\"url\":\"https:\\\/\\\/blog.urbanitae.com\\\/wp-content\\\/uploads\\\/2020\\\/04\\\/logo-verde_350x100.svg\",\"contentUrl\":\"https:\\\/\\\/blog.urbanitae.com\\\/wp-content\\\/uploads\\\/2020\\\/04\\\/logo-verde_350x100.svg\",\"width\":350,\"height\":100,\"caption\":\"Urbanitae\"},\"image\":{\"@id\":\"https:\\\/\\\/blog.urbanitae.com\\\/de\\\/#\\\/schema\\\/logo\\\/image\\\/\"},\"sameAs\":[\"https:\\\/\\\/www.facebook.com\\\/urbanitae\",\"https:\\\/\\\/x.com\\\/urbanitae\",\"https:\\\/\\\/www.instagram.com\\\/urbanitae\",\"https:\\\/\\\/www.linkedin.com\\\/company\\\/urbanitae\",\"https:\\\/\\\/www.pinterest.es\\\/UrbanitaeSL\\\/_created\\\/\",\"https:\\\/\\\/www.youtube.com\\\/c\\\/Urbanitae_RE\"]}]}<\/script>\n<!-- \/ Yoast SEO plugin. -->","yoast_head_json":{"title":"Nicht-akkreditierter Anleger - Urbanitae Blog","description":"Es handelt sich um einen Anleger, der die in den Finanzvorschriften festgelegten Anforderungen nicht erf\u00fcllt, um als akkreditierter Anleger zu gelten. Nicht akkreditierte Anleger k\u00f6nnen Einschr\u00e4nkungen hinsichtlich der Anlagem\u00f6glichkeiten unterliegen, an denen sie teilnehmen k\u00f6nnen.","robots":{"index":"index","follow":"follow","max-snippet":"max-snippet:-1","max-image-preview":"max-image-preview:large","max-video-preview":"max-video-preview:-1"},"canonical":"https:\/\/blog.urbanitae.com\/de\/glossar\/nicht-akkreditierter-anleger\/","og_locale":"de_DE","og_type":"article","og_title":"Nicht-akkreditierter Anleger - Urbanitae Blog","og_description":"Es handelt sich um einen Anleger, der die in den Finanzvorschriften festgelegten Anforderungen nicht erf\u00fcllt, um als akkreditierter Anleger zu gelten. Nicht akkreditierte Anleger k\u00f6nnen Einschr\u00e4nkungen hinsichtlich der Anlagem\u00f6glichkeiten unterliegen, an denen sie teilnehmen k\u00f6nnen.","og_url":"https:\/\/blog.urbanitae.com\/de\/glossar\/nicht-akkreditierter-anleger\/","og_site_name":"Urbanitae Blog | Las mejores noticias sobre inversi\u00f3n inmobiliaria","article_publisher":"https:\/\/www.facebook.com\/urbanitae","article_modified_time":"2025-08-13T07:16:39+00:00","twitter_card":"summary_large_image","twitter_site":"@urbanitae","twitter_misc":{"Gesch\u00e4tzte Lesezeit":"1\u00a0Minute"},"schema":{"@context":"https:\/\/schema.org","@graph":[{"@type":"WebPage","@id":"https:\/\/blog.urbanitae.com\/de\/glossar\/nicht-akkreditierter-anleger\/","url":"https:\/\/blog.urbanitae.com\/de\/glossar\/nicht-akkreditierter-anleger\/","name":"Nicht-akkreditierter Anleger - Urbanitae Blog","isPartOf":{"@id":"https:\/\/blog.urbanitae.com\/de\/#website"},"datePublished":"2025-02-24T17:12:09+00:00","dateModified":"2025-08-13T07:16:39+00:00","description":"Es handelt sich um einen Anleger, der die in den Finanzvorschriften festgelegten Anforderungen nicht erf\u00fcllt, um als akkreditierter Anleger zu gelten. Nicht akkreditierte Anleger k\u00f6nnen Einschr\u00e4nkungen hinsichtlich der Anlagem\u00f6glichkeiten unterliegen, an denen sie teilnehmen k\u00f6nnen.","breadcrumb":{"@id":"https:\/\/blog.urbanitae.com\/de\/glossar\/nicht-akkreditierter-anleger\/#breadcrumb"},"inLanguage":"de","potentialAction":[{"@type":"ReadAction","target":["https:\/\/blog.urbanitae.com\/de\/glossar\/nicht-akkreditierter-anleger\/"]}]},{"@type":"BreadcrumbList","@id":"https:\/\/blog.urbanitae.com\/de\/glossar\/nicht-akkreditierter-anleger\/#breadcrumb","itemListElement":[{"@type":"ListItem","position":1,"name":"Portada","item":"https:\/\/blog.urbanitae.com\/de\/"},{"@type":"ListItem","position":2,"name":"Glossar","item":"https:\/\/blog.urbanitae.com\/de\/glossar\/"},{"@type":"ListItem","position":3,"name":"Nicht-akkreditierter Anleger"}]},{"@type":"WebSite","@id":"https:\/\/blog.urbanitae.com\/de\/#website","url":"https:\/\/blog.urbanitae.com\/de\/","name":"Urbanitae Blog | Las mejores noticias sobre inversi\u00f3n inmobiliaria","description":"Inversi\u00f3n inmobiliaria al alcance de todos","publisher":{"@id":"https:\/\/blog.urbanitae.com\/de\/#organization"},"potentialAction":[{"@type":"SearchAction","target":{"@type":"EntryPoint","urlTemplate":"https:\/\/blog.urbanitae.com\/de\/?s={search_term_string}"},"query-input":{"@type":"PropertyValueSpecification","valueRequired":true,"valueName":"search_term_string"}}],"inLanguage":"de"},{"@type":"Organization","@id":"https:\/\/blog.urbanitae.com\/de\/#organization","name":"Urbanitae","url":"https:\/\/blog.urbanitae.com\/de\/","logo":{"@type":"ImageObject","inLanguage":"de","@id":"https:\/\/blog.urbanitae.com\/de\/#\/schema\/logo\/image\/","url":"https:\/\/blog.urbanitae.com\/wp-content\/uploads\/2020\/04\/logo-verde_350x100.svg","contentUrl":"https:\/\/blog.urbanitae.com\/wp-content\/uploads\/2020\/04\/logo-verde_350x100.svg","width":350,"height":100,"caption":"Urbanitae"},"image":{"@id":"https:\/\/blog.urbanitae.com\/de\/#\/schema\/logo\/image\/"},"sameAs":["https:\/\/www.facebook.com\/urbanitae","https:\/\/x.com\/urbanitae","https:\/\/www.instagram.com\/urbanitae","https:\/\/www.linkedin.com\/company\/urbanitae","https:\/\/www.pinterest.es\/UrbanitaeSL\/_created\/","https:\/\/www.youtube.com\/c\/Urbanitae_RE"]}]}},"_links":{"self":[{"href":"https:\/\/blog.urbanitae.com\/de\/wp-json\/wp\/v2\/pages\/67807","targetHints":{"allow":["GET"]}}],"collection":[{"href":"https:\/\/blog.urbanitae.com\/de\/wp-json\/wp\/v2\/pages"}],"about":[{"href":"https:\/\/blog.urbanitae.com\/de\/wp-json\/wp\/v2\/types\/page"}],"author":[{"embeddable":true,"href":"https:\/\/blog.urbanitae.com\/de\/wp-json\/wp\/v2\/users\/20"}],"replies":[{"embeddable":true,"href":"https:\/\/blog.urbanitae.com\/de\/wp-json\/wp\/v2\/comments?post=67807"}],"version-history":[{"count":1,"href":"https:\/\/blog.urbanitae.com\/de\/wp-json\/wp\/v2\/pages\/67807\/revisions"}],"predecessor-version":[{"id":67808,"href":"https:\/\/blog.urbanitae.com\/de\/wp-json\/wp\/v2\/pages\/67807\/revisions\/67808"}],"up":[{"embeddable":true,"href":"https:\/\/blog.urbanitae.com\/de\/wp-json\/wp\/v2\/pages\/67878"}],"wp:attachment":[{"href":"https:\/\/blog.urbanitae.com\/de\/wp-json\/wp\/v2\/media?parent=67807"}],"curies":[{"name":"wp","href":"https:\/\/api.w.org\/{rel}","templated":true}]}}