{"id":67797,"date":"2025-02-27T12:01:47","date_gmt":"2025-02-27T11:01:47","guid":{"rendered":"https:\/\/blog.urbanitae.com\/interner-rueckkehrsatz-irr\/"},"modified":"2025-08-13T09:17:24","modified_gmt":"2025-08-13T07:17:24","slug":"interner-rueckkehrsatz-irr","status":"publish","type":"page","link":"https:\/\/blog.urbanitae.com\/de\/glossar\/interner-rueckkehrsatz-irr\/","title":{"rendered":"Interner R\u00fcckkehrsatz (IRR)"},"content":{"rendered":"\t\t<div data-elementor-type=\"wp-page\" data-elementor-id=\"67797\" class=\"elementor elementor-67797 elementor-57302\">\n\t\t\t\t\t\t<section class=\"elementor-section elementor-top-section elementor-element elementor-element-d86d887 elementor-section-boxed elementor-section-height-default elementor-section-height-default\" data-id=\"d86d887\" data-element_type=\"section\" data-e-type=\"section\">\n\t\t\t\t\t\t<div class=\"elementor-container elementor-column-gap-default\">\n\t\t\t\t\t<div class=\"elementor-column elementor-col-100 elementor-top-column elementor-element elementor-element-8b49ddd\" data-id=\"8b49ddd\" data-element_type=\"column\" data-e-type=\"column\">\n\t\t\t<div class=\"elementor-widget-wrap elementor-element-populated\">\n\t\t\t\t\t\t<div class=\"elementor-element elementor-element-083b30b elementor-widget__width-initial elementor-widget elementor-widget-text-editor\" data-id=\"083b30b\" data-element_type=\"widget\" data-e-type=\"widget\" data-widget_type=\"text-editor.default\">\n\t\t\t\t<div class=\"elementor-widget-container\">\n\t\t\t\t\t\t\t\t\t<h3>Was ist es?<\/h3><p style=\"color: #212121; font-family: Roboto, sans-serif; font-size: 16px;\">Der <strong>IRR<\/strong> ist ein wichtiger Ma\u00dfstab f\u00fcr die Bewertung der <strong>Rentabilit\u00e4t<\/strong> einer Investition. Er stellt den Diskontsatz dar, der den<strong> Barwert der zuk\u00fcnftigen Cashflows<\/strong> mit dem urspr\u00fcnglich investierten Kapital gleichsetzt. Das hei\u00dft, er bestimmt den Satz, zu dem die diskontierten zuk\u00fcnftigen Ertr\u00e4ge dem zu Beginn des Projekts investierten Betrag entsprechen.  <\/p><p style=\"color: #212121; font-family: Roboto, sans-serif; font-size: 16px;\">Eine h\u00f6here IRR bedeutet eine h\u00f6here Rendite der Investition und ist daher ein n\u00fctzliches Instrument zum Vergleich verschiedener Projekte oder Verm\u00f6genswerte. Sie findet in verschiedenen Bereichen Anwendung, beispielsweise bei Immobilienprojekten, Risikokapital, Aktien und anderen, bei denen die zuk\u00fcnftigen Cashflows nicht unmittelbar anfallen und auf den aktuellen Wert angepasst werden m\u00fcssen. <\/p>\t\t\t\t\t\t\t\t<\/div>\n\t\t\t\t<\/div>\n\t\t\t\t<div class=\"elementor-element elementor-element-11c28c4 elementor-widget__width-initial elementor-widget elementor-widget-text-editor\" data-id=\"11c28c4\" data-element_type=\"widget\" data-e-type=\"widget\" data-widget_type=\"text-editor.default\">\n\t\t\t\t<div class=\"elementor-widget-container\">\n\t\t\t\t\t\t\t\t\t<h3>Wichtige Aspekte, die zu ber\u00fccksichtigen sind<\/h3><p style=\"color: #212121; font-family: Roboto, sans-serif; font-size: 16px;\">Dieser Indikator ist f\u00fcr die Messung der <strong>wirtschaftlichen Rentabilit\u00e4t<\/strong> eines Projekts von entscheidender Bedeutung. Ist die berechnete Rate h\u00f6her als die Kapitalkosten oder der verwendete Diskontsatz, ist das Projekt potenziell rentabel. Dar\u00fcber hinaus erm\u00f6glicht die IRR <strong>einen standardisierten Vergleich der erwarteten oder tats\u00e4chlichen Rendite<\/strong> verschiedener Anlageprodukte, unabh\u00e4ngig vom investierten Betrag oder der Laufzeit, was sie zu einem n\u00fctzlichen Instrument f\u00fcr Investitionsentscheidungen macht.  <\/p><p style=\"color: #212121; font-family: Roboto, sans-serif; font-size: 16px;\">Es gibt jedoch gewisse Einschr\u00e4nkungen, wie<strong> beispielsweise die M\u00f6glichkeit,<\/strong> mehrere Ergebnisse zu erhalten, wenn sich die Cashflows mehrmals \u00e4ndern, was die Interpretation erschweren kann. Es ist auch wichtig zu bedenken, dass es nicht die <strong>absolute Gr\u00f6\u00dfe <\/strong>der Investition widerspiegelt. Ein Projekt mit einer hohen Rate ist m\u00f6glicherweise nicht so attraktiv, wenn es im Vergleich zu anderen Projekten mit niedrigeren Raten, aber geringeren Anfangsinvestitionen, deutlich mehr Kapital erfordert.  <\/p><p style=\"color: #212121; font-family: Roboto, sans-serif; font-size: 16px;\">Daher ist es ratsam, die<strong> IRR<\/strong> zusammen mit anderen Kennzahlen wie dem Nettobarwert (NPV) zu verwenden, um einen umfassenderen \u00dcberblick \u00fcber die Rendite der Investition und ihre F\u00e4higkeit zur Wertsch\u00f6pfung zu erhalten.<\/p>\t\t\t\t\t\t\t\t<\/div>\n\t\t\t\t<\/div>\n\t\t\t\t\t<\/div>\n\t\t<\/div>\n\t\t\t\t\t<\/div>\n\t\t<\/section>\n\t\t\t\t<section class=\"elementor-section elementor-top-section elementor-element elementor-element-aa563c5 elementor-section-full_width elementor-section-stretched elementor-section-height-default elementor-section-height-default\" data-id=\"aa563c5\" data-element_type=\"section\" data-e-type=\"section\" data-settings=\"{&quot;stretch_section&quot;:&quot;section-stretched&quot;}\">\n\t\t\t\t\t\t<div class=\"elementor-container elementor-column-gap-default\">\n\t\t\t\t\t<div class=\"elementor-column elementor-col-100 elementor-top-column elementor-element elementor-element-41114ac\" data-id=\"41114ac\" data-element_type=\"column\" data-e-type=\"column\">\n\t\t\t<div class=\"elementor-widget-wrap elementor-element-populated\">\n\t\t\t\t\t\t<div class=\"elementor-element elementor-element-43f7095 elementor-widget elementor-widget-html\" data-id=\"43f7095\" data-element_type=\"widget\" data-e-type=\"widget\" data-widget_type=\"html.default\">\n\t\t\t\t<div class=\"elementor-widget-container\">\n\t\t\t\t\t\r\n        <div class=\"qode-advanced-call-to-action qode-advanced-cta-gradient qode-advanced-cta-gradient-animation\" style=\"height:80px\">\r\n            <a class=\"advanced-cta-link\" href=\"https:\/\/mkt.urbanitae.com\/Urbanitae_suscripcion_newsletter.html?utm_source=blog&amp;utm_medium=link_blog&amp;utm_campaign=suscripcion_blog&amp;utm_content=boton\" target=\"_blank\" onclick=\"dataLayer.push({'event': 'ub_ga4_event', 'ub_ga4_event_name': 'newsletter', 'ub_ga4_event_element': 'aprende'})\"><\/a>\r\n            <div class=\"qode-advanced-cta-content\">\r\n                <span class=\"qode-advanced-cta-text-holder\" style=\"color:#FFFFFF;font-size:25px\">\r\n Abonnieren Sie unseren Newsletter <\/span>\r\n                <span class=\"qode-advanced-cta-icon-holder\" style=\"color:#FFFFFF;font-size:25px\">\r\n                    <span class=\"qode-advanced-cta-icon-holder-table\">\r\n                        <span class=\"qode-advanced-cta-icon-holder-cell\">\r\n                            <i class=\"qode_icon_font_awesome_5 fa5 fa fa-envelope-open-text qode-advanced-cta-icon\"><\/i> <\/span>\r\n                    <\/span>\r\n                <\/span>\r\n            <\/div>\r\n            <div class=\"qode-advanced-cta-background-holder\">\r\n                <span class=\"qode-advanced-cta-background-1 qode-type1-gradient-left-to-right\"><\/span>\r\n                <span class=\"qode-advanced-cta-background-2 qode-type1-gradient-left-to-right\"><\/span>\r\n                <span class=\"qode-advanced-cta-background-3\"><\/span>\r\n            <\/div>\r\n        <\/div>\r\n\t\t\t\t<\/div>\n\t\t\t\t<\/div>\n\t\t\t\t\t<\/div>\n\t\t<\/div>\n\t\t\t\t\t<\/div>\n\t\t<\/section>\n\t\t\t\t<\/div>\n\t\t","protected":false},"excerpt":{"rendered":"<p>Was ist es? Der IRR ist ein wichtiger Ma\u00dfstab f\u00fcr die Bewertung der Rentabilit\u00e4t einer Investition. Er stellt den Diskontsatz dar, der den Barwert der zuk\u00fcnftigen Cashflows mit dem urspr\u00fcnglich investierten Kapital gleichsetzt. Das hei\u00dft, er bestimmt den Satz, zu dem die diskontierten zuk\u00fcnftigen Ertr\u00e4ge dem zu Beginn des Projekts investierten Betrag entsprechen. Eine h\u00f6here [&hellip;]<\/p>\n","protected":false},"author":20,"featured_media":0,"parent":67878,"menu_order":0,"comment_status":"closed","ping_status":"closed","template":"","meta":{"inline_featured_image":false,"footnotes":""},"class_list":["post-67797","page","type-page","status-publish","hentry"],"yoast_head":"<!-- This site is optimized with the Yoast SEO plugin v27.4 - https:\/\/yoast.com\/product\/yoast-seo-wordpress\/ -->\n<title>Interner R\u00fcckkehrsatz (IRR) - Urbanitae Blog<\/title>\n<meta name=\"description\" content=\"Es handelt sich um eine Kennzahl zur Bewertung der Rentabilit\u00e4t einer Investition. Der IRR ist der Diskontsatz, der den Barwert der zuk\u00fcnftigen Cashflows einer Investition mit dem urspr\u00fcnglich investierten Kapital gleichsetzt. Eine h\u00f6here IRR bedeutet eine h\u00f6here Rentabilit\u00e4t der Investition.\" \/>\n<meta name=\"robots\" content=\"index, follow, max-snippet:-1, max-image-preview:large, max-video-preview:-1\" \/>\n<link rel=\"canonical\" href=\"https:\/\/blog.urbanitae.com\/de\/glossar\/interner-rueckkehrsatz-irr\/\" \/>\n<meta property=\"og:locale\" content=\"de_DE\" \/>\n<meta property=\"og:type\" content=\"article\" \/>\n<meta property=\"og:title\" content=\"Interner R\u00fcckkehrsatz (IRR) - Urbanitae Blog\" \/>\n<meta property=\"og:description\" content=\"Es handelt sich um eine Kennzahl zur Bewertung der Rentabilit\u00e4t einer Investition. Der IRR ist der Diskontsatz, der den Barwert der zuk\u00fcnftigen Cashflows einer Investition mit dem urspr\u00fcnglich investierten Kapital gleichsetzt. Eine h\u00f6here IRR bedeutet eine h\u00f6here Rentabilit\u00e4t der Investition.\" \/>\n<meta property=\"og:url\" content=\"https:\/\/blog.urbanitae.com\/de\/glossar\/interner-rueckkehrsatz-irr\/\" \/>\n<meta property=\"og:site_name\" content=\"Urbanitae Blog | Las mejores noticias sobre inversi\u00f3n inmobiliaria\" \/>\n<meta property=\"article:publisher\" content=\"https:\/\/www.facebook.com\/urbanitae\" \/>\n<meta property=\"article:modified_time\" content=\"2025-08-13T07:17:24+00:00\" \/>\n<meta name=\"twitter:card\" content=\"summary_large_image\" \/>\n<meta name=\"twitter:site\" content=\"@urbanitae\" \/>\n<meta name=\"twitter:label1\" content=\"Gesch\u00e4tzte Lesezeit\" \/>\n\t<meta name=\"twitter:data1\" content=\"2\u00a0Minuten\" \/>\n<script type=\"application\/ld+json\" class=\"yoast-schema-graph\">{\"@context\":\"https:\\\/\\\/schema.org\",\"@graph\":[{\"@type\":\"WebPage\",\"@id\":\"https:\\\/\\\/blog.urbanitae.com\\\/de\\\/glossar\\\/interner-rueckkehrsatz-irr\\\/\",\"url\":\"https:\\\/\\\/blog.urbanitae.com\\\/de\\\/glossar\\\/interner-rueckkehrsatz-irr\\\/\",\"name\":\"Interner R\u00fcckkehrsatz (IRR) - Urbanitae Blog\",\"isPartOf\":{\"@id\":\"https:\\\/\\\/blog.urbanitae.com\\\/de\\\/#website\"},\"datePublished\":\"2025-02-27T11:01:47+00:00\",\"dateModified\":\"2025-08-13T07:17:24+00:00\",\"description\":\"Es handelt sich um eine Kennzahl zur Bewertung der Rentabilit\u00e4t einer Investition. Der IRR ist der Diskontsatz, der den Barwert der zuk\u00fcnftigen Cashflows einer Investition mit dem urspr\u00fcnglich investierten Kapital gleichsetzt. Eine h\u00f6here IRR bedeutet eine h\u00f6here Rentabilit\u00e4t der Investition.\",\"breadcrumb\":{\"@id\":\"https:\\\/\\\/blog.urbanitae.com\\\/de\\\/glossar\\\/interner-rueckkehrsatz-irr\\\/#breadcrumb\"},\"inLanguage\":\"de\",\"potentialAction\":[{\"@type\":\"ReadAction\",\"target\":[\"https:\\\/\\\/blog.urbanitae.com\\\/de\\\/glossar\\\/interner-rueckkehrsatz-irr\\\/\"]}]},{\"@type\":\"BreadcrumbList\",\"@id\":\"https:\\\/\\\/blog.urbanitae.com\\\/de\\\/glossar\\\/interner-rueckkehrsatz-irr\\\/#breadcrumb\",\"itemListElement\":[{\"@type\":\"ListItem\",\"position\":1,\"name\":\"Portada\",\"item\":\"https:\\\/\\\/blog.urbanitae.com\\\/de\\\/\"},{\"@type\":\"ListItem\",\"position\":2,\"name\":\"Glossar\",\"item\":\"https:\\\/\\\/blog.urbanitae.com\\\/de\\\/glossar\\\/\"},{\"@type\":\"ListItem\",\"position\":3,\"name\":\"Interner R\u00fcckkehrsatz (IRR)\"}]},{\"@type\":\"WebSite\",\"@id\":\"https:\\\/\\\/blog.urbanitae.com\\\/de\\\/#website\",\"url\":\"https:\\\/\\\/blog.urbanitae.com\\\/de\\\/\",\"name\":\"Urbanitae Blog | Las mejores noticias sobre inversi\u00f3n inmobiliaria\",\"description\":\"Inversi\u00f3n inmobiliaria al alcance de todos\",\"publisher\":{\"@id\":\"https:\\\/\\\/blog.urbanitae.com\\\/de\\\/#organization\"},\"potentialAction\":[{\"@type\":\"SearchAction\",\"target\":{\"@type\":\"EntryPoint\",\"urlTemplate\":\"https:\\\/\\\/blog.urbanitae.com\\\/de\\\/?s={search_term_string}\"},\"query-input\":{\"@type\":\"PropertyValueSpecification\",\"valueRequired\":true,\"valueName\":\"search_term_string\"}}],\"inLanguage\":\"de\"},{\"@type\":\"Organization\",\"@id\":\"https:\\\/\\\/blog.urbanitae.com\\\/de\\\/#organization\",\"name\":\"Urbanitae\",\"url\":\"https:\\\/\\\/blog.urbanitae.com\\\/de\\\/\",\"logo\":{\"@type\":\"ImageObject\",\"inLanguage\":\"de\",\"@id\":\"https:\\\/\\\/blog.urbanitae.com\\\/de\\\/#\\\/schema\\\/logo\\\/image\\\/\",\"url\":\"https:\\\/\\\/blog.urbanitae.com\\\/wp-content\\\/uploads\\\/2020\\\/04\\\/logo-verde_350x100.svg\",\"contentUrl\":\"https:\\\/\\\/blog.urbanitae.com\\\/wp-content\\\/uploads\\\/2020\\\/04\\\/logo-verde_350x100.svg\",\"width\":350,\"height\":100,\"caption\":\"Urbanitae\"},\"image\":{\"@id\":\"https:\\\/\\\/blog.urbanitae.com\\\/de\\\/#\\\/schema\\\/logo\\\/image\\\/\"},\"sameAs\":[\"https:\\\/\\\/www.facebook.com\\\/urbanitae\",\"https:\\\/\\\/x.com\\\/urbanitae\",\"https:\\\/\\\/www.instagram.com\\\/urbanitae\",\"https:\\\/\\\/www.linkedin.com\\\/company\\\/urbanitae\",\"https:\\\/\\\/www.pinterest.es\\\/UrbanitaeSL\\\/_created\\\/\",\"https:\\\/\\\/www.youtube.com\\\/c\\\/Urbanitae_RE\"]}]}<\/script>\n<!-- \/ Yoast SEO plugin. -->","yoast_head_json":{"title":"Interner R\u00fcckkehrsatz (IRR) - Urbanitae Blog","description":"Es handelt sich um eine Kennzahl zur Bewertung der Rentabilit\u00e4t einer Investition. Der IRR ist der Diskontsatz, der den Barwert der zuk\u00fcnftigen Cashflows einer Investition mit dem urspr\u00fcnglich investierten Kapital gleichsetzt. Eine h\u00f6here IRR bedeutet eine h\u00f6here Rentabilit\u00e4t der Investition.","robots":{"index":"index","follow":"follow","max-snippet":"max-snippet:-1","max-image-preview":"max-image-preview:large","max-video-preview":"max-video-preview:-1"},"canonical":"https:\/\/blog.urbanitae.com\/de\/glossar\/interner-rueckkehrsatz-irr\/","og_locale":"de_DE","og_type":"article","og_title":"Interner R\u00fcckkehrsatz (IRR) - Urbanitae Blog","og_description":"Es handelt sich um eine Kennzahl zur Bewertung der Rentabilit\u00e4t einer Investition. Der IRR ist der Diskontsatz, der den Barwert der zuk\u00fcnftigen Cashflows einer Investition mit dem urspr\u00fcnglich investierten Kapital gleichsetzt. Eine h\u00f6here IRR bedeutet eine h\u00f6here Rentabilit\u00e4t der Investition.","og_url":"https:\/\/blog.urbanitae.com\/de\/glossar\/interner-rueckkehrsatz-irr\/","og_site_name":"Urbanitae Blog | Las mejores noticias sobre inversi\u00f3n inmobiliaria","article_publisher":"https:\/\/www.facebook.com\/urbanitae","article_modified_time":"2025-08-13T07:17:24+00:00","twitter_card":"summary_large_image","twitter_site":"@urbanitae","twitter_misc":{"Gesch\u00e4tzte Lesezeit":"2\u00a0Minuten"},"schema":{"@context":"https:\/\/schema.org","@graph":[{"@type":"WebPage","@id":"https:\/\/blog.urbanitae.com\/de\/glossar\/interner-rueckkehrsatz-irr\/","url":"https:\/\/blog.urbanitae.com\/de\/glossar\/interner-rueckkehrsatz-irr\/","name":"Interner R\u00fcckkehrsatz (IRR) - Urbanitae Blog","isPartOf":{"@id":"https:\/\/blog.urbanitae.com\/de\/#website"},"datePublished":"2025-02-27T11:01:47+00:00","dateModified":"2025-08-13T07:17:24+00:00","description":"Es handelt sich um eine Kennzahl zur Bewertung der Rentabilit\u00e4t einer Investition. Der IRR ist der Diskontsatz, der den Barwert der zuk\u00fcnftigen Cashflows einer Investition mit dem urspr\u00fcnglich investierten Kapital gleichsetzt. Eine h\u00f6here IRR bedeutet eine h\u00f6here Rentabilit\u00e4t der Investition.","breadcrumb":{"@id":"https:\/\/blog.urbanitae.com\/de\/glossar\/interner-rueckkehrsatz-irr\/#breadcrumb"},"inLanguage":"de","potentialAction":[{"@type":"ReadAction","target":["https:\/\/blog.urbanitae.com\/de\/glossar\/interner-rueckkehrsatz-irr\/"]}]},{"@type":"BreadcrumbList","@id":"https:\/\/blog.urbanitae.com\/de\/glossar\/interner-rueckkehrsatz-irr\/#breadcrumb","itemListElement":[{"@type":"ListItem","position":1,"name":"Portada","item":"https:\/\/blog.urbanitae.com\/de\/"},{"@type":"ListItem","position":2,"name":"Glossar","item":"https:\/\/blog.urbanitae.com\/de\/glossar\/"},{"@type":"ListItem","position":3,"name":"Interner R\u00fcckkehrsatz (IRR)"}]},{"@type":"WebSite","@id":"https:\/\/blog.urbanitae.com\/de\/#website","url":"https:\/\/blog.urbanitae.com\/de\/","name":"Urbanitae Blog | Las mejores noticias sobre inversi\u00f3n inmobiliaria","description":"Inversi\u00f3n inmobiliaria al alcance de todos","publisher":{"@id":"https:\/\/blog.urbanitae.com\/de\/#organization"},"potentialAction":[{"@type":"SearchAction","target":{"@type":"EntryPoint","urlTemplate":"https:\/\/blog.urbanitae.com\/de\/?s={search_term_string}"},"query-input":{"@type":"PropertyValueSpecification","valueRequired":true,"valueName":"search_term_string"}}],"inLanguage":"de"},{"@type":"Organization","@id":"https:\/\/blog.urbanitae.com\/de\/#organization","name":"Urbanitae","url":"https:\/\/blog.urbanitae.com\/de\/","logo":{"@type":"ImageObject","inLanguage":"de","@id":"https:\/\/blog.urbanitae.com\/de\/#\/schema\/logo\/image\/","url":"https:\/\/blog.urbanitae.com\/wp-content\/uploads\/2020\/04\/logo-verde_350x100.svg","contentUrl":"https:\/\/blog.urbanitae.com\/wp-content\/uploads\/2020\/04\/logo-verde_350x100.svg","width":350,"height":100,"caption":"Urbanitae"},"image":{"@id":"https:\/\/blog.urbanitae.com\/de\/#\/schema\/logo\/image\/"},"sameAs":["https:\/\/www.facebook.com\/urbanitae","https:\/\/x.com\/urbanitae","https:\/\/www.instagram.com\/urbanitae","https:\/\/www.linkedin.com\/company\/urbanitae","https:\/\/www.pinterest.es\/UrbanitaeSL\/_created\/","https:\/\/www.youtube.com\/c\/Urbanitae_RE"]}]}},"_links":{"self":[{"href":"https:\/\/blog.urbanitae.com\/de\/wp-json\/wp\/v2\/pages\/67797","targetHints":{"allow":["GET"]}}],"collection":[{"href":"https:\/\/blog.urbanitae.com\/de\/wp-json\/wp\/v2\/pages"}],"about":[{"href":"https:\/\/blog.urbanitae.com\/de\/wp-json\/wp\/v2\/types\/page"}],"author":[{"embeddable":true,"href":"https:\/\/blog.urbanitae.com\/de\/wp-json\/wp\/v2\/users\/20"}],"replies":[{"embeddable":true,"href":"https:\/\/blog.urbanitae.com\/de\/wp-json\/wp\/v2\/comments?post=67797"}],"version-history":[{"count":1,"href":"https:\/\/blog.urbanitae.com\/de\/wp-json\/wp\/v2\/pages\/67797\/revisions"}],"predecessor-version":[{"id":67798,"href":"https:\/\/blog.urbanitae.com\/de\/wp-json\/wp\/v2\/pages\/67797\/revisions\/67798"}],"up":[{"embeddable":true,"href":"https:\/\/blog.urbanitae.com\/de\/wp-json\/wp\/v2\/pages\/67878"}],"wp:attachment":[{"href":"https:\/\/blog.urbanitae.com\/de\/wp-json\/wp\/v2\/media?parent=67797"}],"curies":[{"name":"wp","href":"https:\/\/api.w.org\/{rel}","templated":true}]}}