{"id":67789,"date":"2025-04-15T12:30:11","date_gmt":"2025-04-15T10:30:11","guid":{"rendered":"https:\/\/blog.urbanitae.com\/strategie-der-wertsteigerung\/"},"modified":"2025-08-13T09:16:20","modified_gmt":"2025-08-13T07:16:20","slug":"strategie-der-wertsteigerung","status":"publish","type":"page","link":"https:\/\/blog.urbanitae.com\/de\/glossar\/strategie-der-wertsteigerung\/","title":{"rendered":"Strategie der Wertsteigerung"},"content":{"rendered":"\t\t<div data-elementor-type=\"wp-page\" data-elementor-id=\"67789\" class=\"elementor elementor-67789 elementor-56286\">\n\t\t\t\t\t\t<section class=\"elementor-section elementor-top-section elementor-element elementor-element-d86d887 elementor-section-boxed elementor-section-height-default elementor-section-height-default\" data-id=\"d86d887\" data-element_type=\"section\" data-e-type=\"section\">\n\t\t\t\t\t\t<div class=\"elementor-container elementor-column-gap-default\">\n\t\t\t\t\t<div class=\"elementor-column elementor-col-100 elementor-top-column elementor-element elementor-element-8b49ddd\" data-id=\"8b49ddd\" data-element_type=\"column\" data-e-type=\"column\">\n\t\t\t<div class=\"elementor-widget-wrap elementor-element-populated\">\n\t\t\t\t\t\t<div class=\"elementor-element elementor-element-083b30b elementor-widget__width-initial elementor-widget elementor-widget-text-editor\" data-id=\"083b30b\" data-element_type=\"widget\" data-e-type=\"widget\" data-widget_type=\"text-editor.default\">\n\t\t\t\t<div class=\"elementor-widget-container\">\n\t\t\t\t\t\t\t\t\t<h3>Was ist es?<\/h3><p style=\"color: #212121; font-family: Roboto, sans-serif; font-size: 16px;\">Es handelt sich um eine Immobilien-Investitionsstrategie, die darauf abzielt, den Wert der Verm\u00f6genswerte durch Verbesserungen, Renovierungen oder Umgestaltungen zu steigern.<br><br> Das Hauptziel ist es, die Einnahmen und die Rentabilit\u00e4t der Verm\u00f6genswerte im Laufe der Zeit zu steigern, durch Ma\u00dfnahmen, die ihre Attraktivit\u00e4t und Funktionalit\u00e4t auf dem Markt erh\u00f6hen.<\/p><p style=\"color: #212121; font-family: Roboto, sans-serif; font-size: 16px;\">Die Value-Added-Strategie beinhaltet den Kauf von Immobilien, die m\u00f6glicherweise nicht ihr volles Potenzial aussch\u00f6pfen, und die Umsetzung von Verbesserungen zur Optimierung ihrer Leistung. Dies kann Renovierungen der R\u00e4ume, Verbesserungen der Energieeffizienz, Modernisierung der Einrichtungen oder \u00c4nderungen im Mietmanagement umfassen. <\/p>\t\t\t\t\t\t\t\t<\/div>\n\t\t\t\t<\/div>\n\t\t\t\t<div class=\"elementor-element elementor-element-11c28c4 elementor-widget__width-initial elementor-widget elementor-widget-text-editor\" data-id=\"11c28c4\" data-element_type=\"widget\" data-e-type=\"widget\" data-widget_type=\"text-editor.default\">\n\t\t\t\t<div class=\"elementor-widget-container\">\n\t\t\t\t\t\t\t\t\t<h3>Wichtige Aspekte, die zu ber\u00fccksichtigen sind<\/h3>\n<p style=\"color: #212121; font-family: Roboto, sans-serif; font-size: 16px;\">Die Hauptmerkmale der Value-Added-Strategie umfassen:<\/p>\n<ul>\n<li style=\"color: #212121; font-family: Roboto, sans-serif; font-size: 16px;\"><strong>Operative Verbesserungen:<\/strong> Investitionen in Renovierungen oder Umbauten, um die Nachfrage und die Mieteinnahmen zu steigern.<\/li>\n<li style=\"color: #212121; font-family: Roboto, sans-serif; font-size: 16px;\"><strong>Wertsteigerung des Verm\u00f6genswerts:<\/strong> Das Ziel ist es, den Wert des Verm\u00f6genswerts auf dem Markt durch die Verbesserung seiner Eigenschaften und Zust\u00e4nde zu erh\u00f6hen.<\/li>\n<li style=\"color: #212121; font-family: Roboto, sans-serif; font-size: 16px;\"><strong>Erh\u00f6hte Rendite:<\/strong> Durch die Steigerung der Einnahmen oder der Belegung wird die Rentabilit\u00e4t der Immobilie erh\u00f6ht.<\/li>\n<\/ul>\n<p style=\"color: #212121; font-family: Roboto, sans-serif; font-size: 16px;\">Diese Strategie ist weniger risikoreich als die opportunistische Strategie, erfordert jedoch weiterhin ein aktives Management, um die Rendite zu maximieren. Die Immobilien, in die investiert wird, k\u00f6nnen sich in Gebieten mit hohem Wachstumspotenzial befinden, sind jedoch noch nicht vollst\u00e4ndig entwickelt oder f\u00fcr eine effizientere Nutzung optimiert. <\/p>\n<p style=\"color: #212121; font-family: Roboto, sans-serif; font-size: 16px;\">Im Vergleich zur Core-Strategie bietet die Value-Added-Strategie h\u00f6here Renditen, geht aber auch mit mehr Arbeit und Risiken im Zusammenhang mit Verbesserungen und dem Immobilienmanagement einher. Sie ist eine attraktive Option f\u00fcr Investoren, die durch aktive Eingriffe in Immobilienverm\u00f6gen mittelfristig bis langfristig Renditen erzielen m\u00f6chten.<br><br> <\/p>\t\t\t\t\t\t\t\t<\/div>\n\t\t\t\t<\/div>\n\t\t\t\t\t<\/div>\n\t\t<\/div>\n\t\t\t\t\t<\/div>\n\t\t<\/section>\n\t\t\t\t<section class=\"elementor-section elementor-top-section elementor-element elementor-element-aa563c5 elementor-section-full_width elementor-section-stretched elementor-section-height-default elementor-section-height-default\" data-id=\"aa563c5\" data-element_type=\"section\" data-e-type=\"section\" data-settings=\"{&quot;stretch_section&quot;:&quot;section-stretched&quot;}\">\n\t\t\t\t\t\t<div class=\"elementor-container elementor-column-gap-default\">\n\t\t\t\t\t<div class=\"elementor-column elementor-col-100 elementor-top-column elementor-element elementor-element-41114ac\" data-id=\"41114ac\" data-element_type=\"column\" data-e-type=\"column\">\n\t\t\t<div class=\"elementor-widget-wrap elementor-element-populated\">\n\t\t\t\t\t\t<div class=\"elementor-element elementor-element-43f7095 elementor-widget elementor-widget-html\" data-id=\"43f7095\" data-element_type=\"widget\" data-e-type=\"widget\" data-widget_type=\"html.default\">\n\t\t\t\t<div class=\"elementor-widget-container\">\n\t\t\t\t\t\r\n        <div class=\"qode-advanced-call-to-action qode-advanced-cta-gradient qode-advanced-cta-gradient-animation\" style=\"height:80px\">\r\n            <a class=\"advanced-cta-link\" href=\"https:\/\/mkt.urbanitae.com\/Urbanitae_suscripcion_newsletter.html?utm_source=blog&amp;utm_medium=link_blog&amp;utm_campaign=suscripcion_blog&amp;utm_content=boton\" target=\"_blank\" onclick=\"dataLayer.push({'event': 'ub_ga4_event', 'ub_ga4_event_name': 'newsletter', 'ub_ga4_event_element': 'aprende'})\"><\/a>\r\n            <div class=\"qode-advanced-cta-content\">\r\n                <span class=\"qode-advanced-cta-text-holder\" style=\"color:#FFFFFF;font-size:25px\">\r\n Abonnieren Sie unseren Newsletter <\/span>\r\n                <span class=\"qode-advanced-cta-icon-holder\" style=\"color:#FFFFFF;font-size:25px\">\r\n                    <span class=\"qode-advanced-cta-icon-holder-table\">\r\n                        <span class=\"qode-advanced-cta-icon-holder-cell\">\r\n                            <i class=\"qode_icon_font_awesome_5 fa5 fa fa-envelope-open-text qode-advanced-cta-icon\"><\/i> <\/span>\r\n                    <\/span>\r\n                <\/span>\r\n            <\/div>\r\n            <div class=\"qode-advanced-cta-background-holder\">\r\n                <span class=\"qode-advanced-cta-background-1 qode-type1-gradient-left-to-right\"><\/span>\r\n                <span class=\"qode-advanced-cta-background-2 qode-type1-gradient-left-to-right\"><\/span>\r\n                <span class=\"qode-advanced-cta-background-3\"><\/span>\r\n            <\/div>\r\n        <\/div>\r\n\t\t\t\t<\/div>\n\t\t\t\t<\/div>\n\t\t\t\t\t<\/div>\n\t\t<\/div>\n\t\t\t\t\t<\/div>\n\t\t<\/section>\n\t\t\t\t<\/div>\n\t\t","protected":false},"excerpt":{"rendered":"<p>Was ist es? Es handelt sich um eine Immobilien-Investitionsstrategie, die darauf abzielt, den Wert der Verm\u00f6genswerte durch Verbesserungen, Renovierungen oder Umgestaltungen zu steigern. Das Hauptziel ist es, die Einnahmen und die Rentabilit\u00e4t der Verm\u00f6genswerte im Laufe der Zeit zu steigern, durch Ma\u00dfnahmen, die ihre Attraktivit\u00e4t und Funktionalit\u00e4t auf dem Markt erh\u00f6hen. Die Value-Added-Strategie beinhaltet den [&hellip;]<\/p>\n","protected":false},"author":20,"featured_media":0,"parent":67878,"menu_order":0,"comment_status":"closed","ping_status":"closed","template":"","meta":{"inline_featured_image":false,"footnotes":""},"class_list":["post-67789","page","type-page","status-publish","hentry"],"yoast_head":"<!-- This site is optimized with the Yoast SEO plugin v27.4 - https:\/\/yoast.com\/product\/yoast-seo-wordpress\/ -->\n<title>Strategie der Wertsteigerung - Urbanitae Blog<\/title>\n<meta name=\"description\" content=\"Es handelt sich um eine Immobilien-Investitionsstrategie, die darauf abzielt, den Wert der Verm\u00f6genswerte durch Verbesserungen, Renovierungen oder Umgestaltungen zu steigern. Das Ziel ist es, die Einnahmen und die Rentabilit\u00e4t der Verm\u00f6genswerte im Laufe der Zeit zu steigern.\" \/>\n<meta name=\"robots\" content=\"index, follow, max-snippet:-1, max-image-preview:large, max-video-preview:-1\" \/>\n<link rel=\"canonical\" href=\"https:\/\/blog.urbanitae.com\/de\/glossar\/strategie-der-wertsteigerung\/\" \/>\n<meta property=\"og:locale\" content=\"de_DE\" \/>\n<meta property=\"og:type\" content=\"article\" \/>\n<meta property=\"og:title\" content=\"Strategie der Wertsteigerung - Urbanitae Blog\" \/>\n<meta property=\"og:description\" content=\"Es handelt sich um eine Immobilien-Investitionsstrategie, die darauf abzielt, den Wert der Verm\u00f6genswerte durch Verbesserungen, Renovierungen oder Umgestaltungen zu steigern. Das Ziel ist es, die Einnahmen und die Rentabilit\u00e4t der Verm\u00f6genswerte im Laufe der Zeit zu steigern.\" \/>\n<meta property=\"og:url\" content=\"https:\/\/blog.urbanitae.com\/de\/glossar\/strategie-der-wertsteigerung\/\" \/>\n<meta property=\"og:site_name\" content=\"Urbanitae Blog | Las mejores noticias sobre inversi\u00f3n inmobiliaria\" \/>\n<meta property=\"article:publisher\" content=\"https:\/\/www.facebook.com\/urbanitae\" \/>\n<meta property=\"article:modified_time\" content=\"2025-08-13T07:16:20+00:00\" \/>\n<meta name=\"twitter:card\" content=\"summary_large_image\" \/>\n<meta name=\"twitter:site\" content=\"@urbanitae\" \/>\n<meta name=\"twitter:label1\" content=\"Gesch\u00e4tzte Lesezeit\" \/>\n\t<meta name=\"twitter:data1\" content=\"1\u00a0Minute\" \/>\n<script type=\"application\/ld+json\" class=\"yoast-schema-graph\">{\"@context\":\"https:\\\/\\\/schema.org\",\"@graph\":[{\"@type\":\"WebPage\",\"@id\":\"https:\\\/\\\/blog.urbanitae.com\\\/de\\\/glossar\\\/strategie-der-wertsteigerung\\\/\",\"url\":\"https:\\\/\\\/blog.urbanitae.com\\\/de\\\/glossar\\\/strategie-der-wertsteigerung\\\/\",\"name\":\"Strategie der Wertsteigerung - Urbanitae Blog\",\"isPartOf\":{\"@id\":\"https:\\\/\\\/blog.urbanitae.com\\\/de\\\/#website\"},\"datePublished\":\"2025-04-15T10:30:11+00:00\",\"dateModified\":\"2025-08-13T07:16:20+00:00\",\"description\":\"Es handelt sich um eine Immobilien-Investitionsstrategie, die darauf abzielt, den Wert der Verm\u00f6genswerte durch Verbesserungen, Renovierungen oder Umgestaltungen zu steigern. Das Ziel ist es, die Einnahmen und die Rentabilit\u00e4t der Verm\u00f6genswerte im Laufe der Zeit zu steigern.\",\"breadcrumb\":{\"@id\":\"https:\\\/\\\/blog.urbanitae.com\\\/de\\\/glossar\\\/strategie-der-wertsteigerung\\\/#breadcrumb\"},\"inLanguage\":\"de\",\"potentialAction\":[{\"@type\":\"ReadAction\",\"target\":[\"https:\\\/\\\/blog.urbanitae.com\\\/de\\\/glossar\\\/strategie-der-wertsteigerung\\\/\"]}]},{\"@type\":\"BreadcrumbList\",\"@id\":\"https:\\\/\\\/blog.urbanitae.com\\\/de\\\/glossar\\\/strategie-der-wertsteigerung\\\/#breadcrumb\",\"itemListElement\":[{\"@type\":\"ListItem\",\"position\":1,\"name\":\"Portada\",\"item\":\"https:\\\/\\\/blog.urbanitae.com\\\/de\\\/\"},{\"@type\":\"ListItem\",\"position\":2,\"name\":\"Glossar\",\"item\":\"https:\\\/\\\/blog.urbanitae.com\\\/de\\\/glossar\\\/\"},{\"@type\":\"ListItem\",\"position\":3,\"name\":\"Strategie der Wertsteigerung\"}]},{\"@type\":\"WebSite\",\"@id\":\"https:\\\/\\\/blog.urbanitae.com\\\/de\\\/#website\",\"url\":\"https:\\\/\\\/blog.urbanitae.com\\\/de\\\/\",\"name\":\"Urbanitae Blog | Las mejores noticias sobre inversi\u00f3n inmobiliaria\",\"description\":\"Inversi\u00f3n inmobiliaria al alcance de todos\",\"publisher\":{\"@id\":\"https:\\\/\\\/blog.urbanitae.com\\\/de\\\/#organization\"},\"potentialAction\":[{\"@type\":\"SearchAction\",\"target\":{\"@type\":\"EntryPoint\",\"urlTemplate\":\"https:\\\/\\\/blog.urbanitae.com\\\/de\\\/?s={search_term_string}\"},\"query-input\":{\"@type\":\"PropertyValueSpecification\",\"valueRequired\":true,\"valueName\":\"search_term_string\"}}],\"inLanguage\":\"de\"},{\"@type\":\"Organization\",\"@id\":\"https:\\\/\\\/blog.urbanitae.com\\\/de\\\/#organization\",\"name\":\"Urbanitae\",\"url\":\"https:\\\/\\\/blog.urbanitae.com\\\/de\\\/\",\"logo\":{\"@type\":\"ImageObject\",\"inLanguage\":\"de\",\"@id\":\"https:\\\/\\\/blog.urbanitae.com\\\/de\\\/#\\\/schema\\\/logo\\\/image\\\/\",\"url\":\"https:\\\/\\\/blog.urbanitae.com\\\/wp-content\\\/uploads\\\/2020\\\/04\\\/logo-verde_350x100.svg\",\"contentUrl\":\"https:\\\/\\\/blog.urbanitae.com\\\/wp-content\\\/uploads\\\/2020\\\/04\\\/logo-verde_350x100.svg\",\"width\":350,\"height\":100,\"caption\":\"Urbanitae\"},\"image\":{\"@id\":\"https:\\\/\\\/blog.urbanitae.com\\\/de\\\/#\\\/schema\\\/logo\\\/image\\\/\"},\"sameAs\":[\"https:\\\/\\\/www.facebook.com\\\/urbanitae\",\"https:\\\/\\\/x.com\\\/urbanitae\",\"https:\\\/\\\/www.instagram.com\\\/urbanitae\",\"https:\\\/\\\/www.linkedin.com\\\/company\\\/urbanitae\",\"https:\\\/\\\/www.pinterest.es\\\/UrbanitaeSL\\\/_created\\\/\",\"https:\\\/\\\/www.youtube.com\\\/c\\\/Urbanitae_RE\"]}]}<\/script>\n<!-- \/ Yoast SEO plugin. -->","yoast_head_json":{"title":"Strategie der Wertsteigerung - Urbanitae Blog","description":"Es handelt sich um eine Immobilien-Investitionsstrategie, die darauf abzielt, den Wert der Verm\u00f6genswerte durch Verbesserungen, Renovierungen oder Umgestaltungen zu steigern. Das Ziel ist es, die Einnahmen und die Rentabilit\u00e4t der Verm\u00f6genswerte im Laufe der Zeit zu steigern.","robots":{"index":"index","follow":"follow","max-snippet":"max-snippet:-1","max-image-preview":"max-image-preview:large","max-video-preview":"max-video-preview:-1"},"canonical":"https:\/\/blog.urbanitae.com\/de\/glossar\/strategie-der-wertsteigerung\/","og_locale":"de_DE","og_type":"article","og_title":"Strategie der Wertsteigerung - Urbanitae Blog","og_description":"Es handelt sich um eine Immobilien-Investitionsstrategie, die darauf abzielt, den Wert der Verm\u00f6genswerte durch Verbesserungen, Renovierungen oder Umgestaltungen zu steigern. Das Ziel ist es, die Einnahmen und die Rentabilit\u00e4t der Verm\u00f6genswerte im Laufe der Zeit zu steigern.","og_url":"https:\/\/blog.urbanitae.com\/de\/glossar\/strategie-der-wertsteigerung\/","og_site_name":"Urbanitae Blog | Las mejores noticias sobre inversi\u00f3n inmobiliaria","article_publisher":"https:\/\/www.facebook.com\/urbanitae","article_modified_time":"2025-08-13T07:16:20+00:00","twitter_card":"summary_large_image","twitter_site":"@urbanitae","twitter_misc":{"Gesch\u00e4tzte Lesezeit":"1\u00a0Minute"},"schema":{"@context":"https:\/\/schema.org","@graph":[{"@type":"WebPage","@id":"https:\/\/blog.urbanitae.com\/de\/glossar\/strategie-der-wertsteigerung\/","url":"https:\/\/blog.urbanitae.com\/de\/glossar\/strategie-der-wertsteigerung\/","name":"Strategie der Wertsteigerung - Urbanitae Blog","isPartOf":{"@id":"https:\/\/blog.urbanitae.com\/de\/#website"},"datePublished":"2025-04-15T10:30:11+00:00","dateModified":"2025-08-13T07:16:20+00:00","description":"Es handelt sich um eine Immobilien-Investitionsstrategie, die darauf abzielt, den Wert der Verm\u00f6genswerte durch Verbesserungen, Renovierungen oder Umgestaltungen zu steigern. Das Ziel ist es, die Einnahmen und die Rentabilit\u00e4t der Verm\u00f6genswerte im Laufe der Zeit zu steigern.","breadcrumb":{"@id":"https:\/\/blog.urbanitae.com\/de\/glossar\/strategie-der-wertsteigerung\/#breadcrumb"},"inLanguage":"de","potentialAction":[{"@type":"ReadAction","target":["https:\/\/blog.urbanitae.com\/de\/glossar\/strategie-der-wertsteigerung\/"]}]},{"@type":"BreadcrumbList","@id":"https:\/\/blog.urbanitae.com\/de\/glossar\/strategie-der-wertsteigerung\/#breadcrumb","itemListElement":[{"@type":"ListItem","position":1,"name":"Portada","item":"https:\/\/blog.urbanitae.com\/de\/"},{"@type":"ListItem","position":2,"name":"Glossar","item":"https:\/\/blog.urbanitae.com\/de\/glossar\/"},{"@type":"ListItem","position":3,"name":"Strategie der Wertsteigerung"}]},{"@type":"WebSite","@id":"https:\/\/blog.urbanitae.com\/de\/#website","url":"https:\/\/blog.urbanitae.com\/de\/","name":"Urbanitae Blog | Las mejores noticias sobre inversi\u00f3n inmobiliaria","description":"Inversi\u00f3n inmobiliaria al alcance de todos","publisher":{"@id":"https:\/\/blog.urbanitae.com\/de\/#organization"},"potentialAction":[{"@type":"SearchAction","target":{"@type":"EntryPoint","urlTemplate":"https:\/\/blog.urbanitae.com\/de\/?s={search_term_string}"},"query-input":{"@type":"PropertyValueSpecification","valueRequired":true,"valueName":"search_term_string"}}],"inLanguage":"de"},{"@type":"Organization","@id":"https:\/\/blog.urbanitae.com\/de\/#organization","name":"Urbanitae","url":"https:\/\/blog.urbanitae.com\/de\/","logo":{"@type":"ImageObject","inLanguage":"de","@id":"https:\/\/blog.urbanitae.com\/de\/#\/schema\/logo\/image\/","url":"https:\/\/blog.urbanitae.com\/wp-content\/uploads\/2020\/04\/logo-verde_350x100.svg","contentUrl":"https:\/\/blog.urbanitae.com\/wp-content\/uploads\/2020\/04\/logo-verde_350x100.svg","width":350,"height":100,"caption":"Urbanitae"},"image":{"@id":"https:\/\/blog.urbanitae.com\/de\/#\/schema\/logo\/image\/"},"sameAs":["https:\/\/www.facebook.com\/urbanitae","https:\/\/x.com\/urbanitae","https:\/\/www.instagram.com\/urbanitae","https:\/\/www.linkedin.com\/company\/urbanitae","https:\/\/www.pinterest.es\/UrbanitaeSL\/_created\/","https:\/\/www.youtube.com\/c\/Urbanitae_RE"]}]}},"_links":{"self":[{"href":"https:\/\/blog.urbanitae.com\/de\/wp-json\/wp\/v2\/pages\/67789","targetHints":{"allow":["GET"]}}],"collection":[{"href":"https:\/\/blog.urbanitae.com\/de\/wp-json\/wp\/v2\/pages"}],"about":[{"href":"https:\/\/blog.urbanitae.com\/de\/wp-json\/wp\/v2\/types\/page"}],"author":[{"embeddable":true,"href":"https:\/\/blog.urbanitae.com\/de\/wp-json\/wp\/v2\/users\/20"}],"replies":[{"embeddable":true,"href":"https:\/\/blog.urbanitae.com\/de\/wp-json\/wp\/v2\/comments?post=67789"}],"version-history":[{"count":1,"href":"https:\/\/blog.urbanitae.com\/de\/wp-json\/wp\/v2\/pages\/67789\/revisions"}],"predecessor-version":[{"id":67790,"href":"https:\/\/blog.urbanitae.com\/de\/wp-json\/wp\/v2\/pages\/67789\/revisions\/67790"}],"up":[{"embeddable":true,"href":"https:\/\/blog.urbanitae.com\/de\/wp-json\/wp\/v2\/pages\/67878"}],"wp:attachment":[{"href":"https:\/\/blog.urbanitae.com\/de\/wp-json\/wp\/v2\/media?parent=67789"}],"curies":[{"name":"wp","href":"https:\/\/api.w.org\/{rel}","templated":true}]}}