{"id":67785,"date":"2025-04-15T23:02:24","date_gmt":"2025-04-15T21:02:24","guid":{"rendered":"https:\/\/blog.urbanitae.com\/fluechtigkeit\/"},"modified":"2025-08-13T09:17:31","modified_gmt":"2025-08-13T07:17:31","slug":"fluechtigkeit","status":"publish","type":"page","link":"https:\/\/blog.urbanitae.com\/de\/glossar\/fluechtigkeit\/","title":{"rendered":"Fl\u00fcchtigkeit"},"content":{"rendered":"\t\t<div data-elementor-type=\"wp-page\" data-elementor-id=\"67785\" class=\"elementor elementor-67785 elementor-57342\">\n\t\t\t\t\t\t<section class=\"elementor-section elementor-top-section elementor-element elementor-element-d86d887 elementor-section-boxed elementor-section-height-default elementor-section-height-default\" data-id=\"d86d887\" data-element_type=\"section\" data-e-type=\"section\">\n\t\t\t\t\t\t<div class=\"elementor-container elementor-column-gap-default\">\n\t\t\t\t\t<div class=\"elementor-column elementor-col-100 elementor-top-column elementor-element elementor-element-8b49ddd\" data-id=\"8b49ddd\" data-element_type=\"column\" data-e-type=\"column\">\n\t\t\t<div class=\"elementor-widget-wrap elementor-element-populated\">\n\t\t\t\t\t\t<div class=\"elementor-element elementor-element-083b30b elementor-widget__width-initial elementor-widget elementor-widget-text-editor\" data-id=\"083b30b\" data-element_type=\"widget\" data-e-type=\"widget\" data-widget_type=\"text-editor.default\">\n\t\t\t\t<div class=\"elementor-widget-container\">\n\t\t\t\t\t\t\t\t\t<h3>Was ist es?<\/h3><p style=\"color: #212121; font-family: Roboto, sans-serif; font-size: 16px;\"><strong>Volatilit\u00e4t <\/strong>ist ein Ma\u00df f\u00fcr die<strong> Schwankung<\/strong> oder <strong>Variabilit\u00e4t<\/strong> der Preise eines Verm\u00f6genswerts oder der Renditen einer Investition im Zeitverlauf. Diese Kennzahl wird verwendet, um das mit einer Investition verbundene Risiko zu bewerten, da sie die Gr\u00f6\u00dfe der Preis- oder Renditeschwankungen widerspiegelt. Eine h\u00f6here Volatilit\u00e4t zeigt an, dass der Preis eines Verm\u00f6genswerts oder die Rendite einer Investition st\u00e4rkere und h<strong>\u00e4ufigere Ver\u00e4nderungen erfahren kann, <\/strong>was ein potenziell h\u00f6heres Risiko bedeutet.  <\/p><p style=\"color: #212121; font-family: Roboto, sans-serif; font-size: 16px;\">Volatilit\u00e4t ist ein wichtiges Instrument f\u00fcr Investoren, da sie hilft, m\u00f6gliche Marktschwankungen vorherzusehen und fundierte Entscheidungen \u00fcber das Risikoniveau zu treffen, das sie bereit sind einzugehen. Sie wird \u00fcblicherweise anhand der Standardabweichung der Renditen eines Verm\u00f6genswerts oder Fonds gemessen, was einen klaren Einblick in dessen historisches Verhalten bietet. <\/p>\t\t\t\t\t\t\t\t<\/div>\n\t\t\t\t<\/div>\n\t\t\t\t<div class=\"elementor-element elementor-element-11c28c4 elementor-widget__width-initial elementor-widget elementor-widget-text-editor\" data-id=\"11c28c4\" data-element_type=\"widget\" data-e-type=\"widget\" data-widget_type=\"text-editor.default\">\n\t\t\t\t<div class=\"elementor-widget-container\">\n\t\t\t\t\t\t\t\t\t<h3>Wichtige Aspekte, die zu ber\u00fccksichtigen sind<\/h3>\n<p style=\"color: #212121; font-family: Roboto, sans-serif; font-size: 16px;\"><strong>Volatilit\u00e4t <\/strong>ist ein grundlegender Indikator f\u00fcr das<strong> Risikomanagement <\/strong>in einem Anlageportfolio. Obwohl sie Chancen f\u00fcr <strong>aktive Investoren<\/strong> bieten kann, die von <strong>Marktschwankungen <\/strong>profitieren wollen, kann sie auch Unsicherheit f\u00fcr Investoren erzeugen, die Stabilit\u00e4t suchen. <\/p>\n<p style=\"color: #212121; font-family: Roboto, sans-serif; font-size: 16px;\">Es ist wichtig zu beachten, dass die Volatilit\u00e4t nicht unbedingt den langfristigen Wert eines <strong>Verm\u00f6genswerts widerspiegelt<\/strong>. Ein Verm\u00f6genswert mit hoher Volatilit\u00e4t kann unter bestimmten Bedingungen hohe Renditen bieten, aber auch erhebliche Verluste erleiden, wenn sich die M\u00e4rkte gegen ihn bewegen. Andererseits gelten Verm\u00f6genswerte mit niedriger Volatilit\u00e4t oft als sicherer, aber ihre Renditen tendieren dazu, stabiler und moderater zu sein. <\/p>\n<p style=\"color: #212121; font-family: Roboto, sans-serif; font-size: 16px;\">Investoren sollten ihr <strong>Risikoprofil <\/strong>und ihren <strong>Zeithorizont bei Entscheidungen<\/strong> \u00fcber Verm\u00f6genswerte mit unterschiedlichem Volatilit\u00e4tsniveau ber\u00fccksichtigen. Die Diversifikation von Investitionen in Verm\u00f6genswerte mit verschiedenen Volatilit\u00e4tsniveaus ist eine g\u00e4ngige Strategie, um Risiko und Rendite auszugleichen. \t\t\t\t\t\t\t\t<\/div>\n\t\t\t\t<\/div>\n\t\t\t\t\t<\/div>\n\t\t<\/div>\n\t\t\t\t\t<\/div>\n\t\t<\/section>\n\t\t\t\t<section class=\"elementor-section elementor-top-section elementor-element elementor-element-aa563c5 elementor-section-full_width elementor-section-stretched elementor-section-height-default elementor-section-height-default\" data-id=\"aa563c5\" data-element_type=\"section\" data-e-type=\"section\" data-settings=\"{&quot;stretch_section&quot;:&quot;section-stretched&quot;}\">\n\t\t\t\t\t\t<div class=\"elementor-container elementor-column-gap-default\">\n\t\t\t\t\t<div class=\"elementor-column elementor-col-100 elementor-top-column elementor-element elementor-element-41114ac\" data-id=\"41114ac\" data-element_type=\"column\" data-e-type=\"column\">\n\t\t\t<div class=\"elementor-widget-wrap elementor-element-populated\">\n\t\t\t\t\t\t<div class=\"elementor-element elementor-element-43f7095 elementor-widget elementor-widget-html\" data-id=\"43f7095\" data-element_type=\"widget\" data-e-type=\"widget\" data-widget_type=\"html.default\">\n\t\t\t\t<div class=\"elementor-widget-container\">\n\t\t\t\t\t\r\n        <div class=\"qode-advanced-call-to-action qode-advanced-cta-gradient qode-advanced-cta-gradient-animation\" style=\"height:80px\">\r\n            <a class=\"advanced-cta-link\" href=\"https:\/\/mkt.urbanitae.com\/Urbanitae_suscripcion_newsletter.html?utm_source=blog&amp;utm_medium=link_blog&amp;utm_campaign=suscripcion_blog&amp;utm_content=boton\" target=\"_blank\" onclick=\"dataLayer.push({'event': 'ub_ga4_event', 'ub_ga4_event_name': 'newsletter', 'ub_ga4_event_element': 'aprende'})\"><\/a>\r\n            <div class=\"qode-advanced-cta-content\">\r\n                <span class=\"qode-advanced-cta-text-holder\" style=\"color:#FFFFFF;font-size:25px\">\r\n Abonnieren Sie unseren Newsletter <\/span>\r\n                <span class=\"qode-advanced-cta-icon-holder\" style=\"color:#FFFFFF;font-size:25px\">\r\n                    <span class=\"qode-advanced-cta-icon-holder-table\">\r\n                        <span class=\"qode-advanced-cta-icon-holder-cell\">\r\n                            <i class=\"qode_icon_font_awesome_5 fa5 fa fa-envelope-open-text qode-advanced-cta-icon\"><\/i> <\/span>\r\n                    <\/span>\r\n                <\/span>\r\n            <\/div>\r\n            <div class=\"qode-advanced-cta-background-holder\">\r\n                <span class=\"qode-advanced-cta-background-1 qode-type1-gradient-left-to-right\"><\/span>\r\n                <span class=\"qode-advanced-cta-background-2 qode-type1-gradient-left-to-right\"><\/span>\r\n                <span class=\"qode-advanced-cta-background-3\"><\/span>\r\n            <\/div>\r\n        <\/div>\r\n\t\t\t\t<\/div>\n\t\t\t\t<\/div>\n\t\t\t\t\t<\/div>\n\t\t<\/div>\n\t\t\t\t\t<\/div>\n\t\t<\/section>\n\t\t\t\t<\/div>\n\t\t","protected":false},"excerpt":{"rendered":"<p>Was ist es? Volatilit\u00e4t ist ein Ma\u00df f\u00fcr die Schwankung oder Variabilit\u00e4t der Preise eines Verm\u00f6genswerts oder der Renditen einer Investition im Zeitverlauf. Diese Kennzahl wird verwendet, um das mit einer Investition verbundene Risiko zu bewerten, da sie die Gr\u00f6\u00dfe der Preis- oder Renditeschwankungen widerspiegelt. Eine h\u00f6here Volatilit\u00e4t zeigt an, dass der Preis eines Verm\u00f6genswerts [&hellip;]<\/p>\n","protected":false},"author":20,"featured_media":0,"parent":67878,"menu_order":0,"comment_status":"closed","ping_status":"closed","template":"","meta":{"inline_featured_image":false,"footnotes":""},"class_list":["post-67785","page","type-page","status-publish","hentry"],"yoast_head":"<!-- This site is optimized with the Yoast SEO plugin v27.4 - https:\/\/yoast.com\/product\/yoast-seo-wordpress\/ -->\n<title>Fl\u00fcchtigkeit - Urbanitae Blog<\/title>\n<meta name=\"description\" content=\"Es ist ein Ma\u00df f\u00fcr die Schwankung oder Variabilit\u00e4t der Preise eines Verm\u00f6genswerts oder der Renditen einer Investition im Zeitverlauf. Volatilit\u00e4t wird verwendet, um das mit einer Investition verbundene Risiko zu bewerten, wobei eine h\u00f6here Volatilit\u00e4t auf eine gr\u00f6\u00dfere Variabilit\u00e4t und ein h\u00f6heres potenzielles Risiko hinweist.\" \/>\n<meta name=\"robots\" content=\"index, follow, max-snippet:-1, max-image-preview:large, max-video-preview:-1\" \/>\n<link rel=\"canonical\" href=\"https:\/\/blog.urbanitae.com\/de\/glossar\/fluechtigkeit\/\" \/>\n<meta property=\"og:locale\" content=\"de_DE\" \/>\n<meta property=\"og:type\" content=\"article\" \/>\n<meta property=\"og:title\" content=\"Fl\u00fcchtigkeit - Urbanitae Blog\" \/>\n<meta property=\"og:description\" content=\"Es ist ein Ma\u00df f\u00fcr die Schwankung oder Variabilit\u00e4t der Preise eines Verm\u00f6genswerts oder der Renditen einer Investition im Zeitverlauf. Volatilit\u00e4t wird verwendet, um das mit einer Investition verbundene Risiko zu bewerten, wobei eine h\u00f6here Volatilit\u00e4t auf eine gr\u00f6\u00dfere Variabilit\u00e4t und ein h\u00f6heres potenzielles Risiko hinweist.\" \/>\n<meta property=\"og:url\" content=\"https:\/\/blog.urbanitae.com\/de\/glossar\/fluechtigkeit\/\" \/>\n<meta property=\"og:site_name\" content=\"Urbanitae Blog | Las mejores noticias sobre inversi\u00f3n inmobiliaria\" \/>\n<meta property=\"article:publisher\" content=\"https:\/\/www.facebook.com\/urbanitae\" \/>\n<meta property=\"article:modified_time\" content=\"2025-08-13T07:17:31+00:00\" \/>\n<meta name=\"twitter:card\" content=\"summary_large_image\" \/>\n<meta name=\"twitter:site\" content=\"@urbanitae\" \/>\n<meta name=\"twitter:label1\" content=\"Gesch\u00e4tzte Lesezeit\" \/>\n\t<meta name=\"twitter:data1\" content=\"1\u00a0Minute\" \/>\n<script type=\"application\/ld+json\" class=\"yoast-schema-graph\">{\"@context\":\"https:\\\/\\\/schema.org\",\"@graph\":[{\"@type\":\"WebPage\",\"@id\":\"https:\\\/\\\/blog.urbanitae.com\\\/de\\\/glossar\\\/fluechtigkeit\\\/\",\"url\":\"https:\\\/\\\/blog.urbanitae.com\\\/de\\\/glossar\\\/fluechtigkeit\\\/\",\"name\":\"Fl\u00fcchtigkeit - Urbanitae Blog\",\"isPartOf\":{\"@id\":\"https:\\\/\\\/blog.urbanitae.com\\\/de\\\/#website\"},\"datePublished\":\"2025-04-15T21:02:24+00:00\",\"dateModified\":\"2025-08-13T07:17:31+00:00\",\"description\":\"Es ist ein Ma\u00df f\u00fcr die Schwankung oder Variabilit\u00e4t der Preise eines Verm\u00f6genswerts oder der Renditen einer Investition im Zeitverlauf. Volatilit\u00e4t wird verwendet, um das mit einer Investition verbundene Risiko zu bewerten, wobei eine h\u00f6here Volatilit\u00e4t auf eine gr\u00f6\u00dfere Variabilit\u00e4t und ein h\u00f6heres potenzielles Risiko hinweist.\",\"breadcrumb\":{\"@id\":\"https:\\\/\\\/blog.urbanitae.com\\\/de\\\/glossar\\\/fluechtigkeit\\\/#breadcrumb\"},\"inLanguage\":\"de\",\"potentialAction\":[{\"@type\":\"ReadAction\",\"target\":[\"https:\\\/\\\/blog.urbanitae.com\\\/de\\\/glossar\\\/fluechtigkeit\\\/\"]}]},{\"@type\":\"BreadcrumbList\",\"@id\":\"https:\\\/\\\/blog.urbanitae.com\\\/de\\\/glossar\\\/fluechtigkeit\\\/#breadcrumb\",\"itemListElement\":[{\"@type\":\"ListItem\",\"position\":1,\"name\":\"Portada\",\"item\":\"https:\\\/\\\/blog.urbanitae.com\\\/de\\\/\"},{\"@type\":\"ListItem\",\"position\":2,\"name\":\"Glossar\",\"item\":\"https:\\\/\\\/blog.urbanitae.com\\\/de\\\/glossar\\\/\"},{\"@type\":\"ListItem\",\"position\":3,\"name\":\"Fl\u00fcchtigkeit\"}]},{\"@type\":\"WebSite\",\"@id\":\"https:\\\/\\\/blog.urbanitae.com\\\/de\\\/#website\",\"url\":\"https:\\\/\\\/blog.urbanitae.com\\\/de\\\/\",\"name\":\"Urbanitae Blog | Las mejores noticias sobre inversi\u00f3n inmobiliaria\",\"description\":\"Inversi\u00f3n inmobiliaria al alcance de todos\",\"publisher\":{\"@id\":\"https:\\\/\\\/blog.urbanitae.com\\\/de\\\/#organization\"},\"potentialAction\":[{\"@type\":\"SearchAction\",\"target\":{\"@type\":\"EntryPoint\",\"urlTemplate\":\"https:\\\/\\\/blog.urbanitae.com\\\/de\\\/?s={search_term_string}\"},\"query-input\":{\"@type\":\"PropertyValueSpecification\",\"valueRequired\":true,\"valueName\":\"search_term_string\"}}],\"inLanguage\":\"de\"},{\"@type\":\"Organization\",\"@id\":\"https:\\\/\\\/blog.urbanitae.com\\\/de\\\/#organization\",\"name\":\"Urbanitae\",\"url\":\"https:\\\/\\\/blog.urbanitae.com\\\/de\\\/\",\"logo\":{\"@type\":\"ImageObject\",\"inLanguage\":\"de\",\"@id\":\"https:\\\/\\\/blog.urbanitae.com\\\/de\\\/#\\\/schema\\\/logo\\\/image\\\/\",\"url\":\"https:\\\/\\\/blog.urbanitae.com\\\/wp-content\\\/uploads\\\/2020\\\/04\\\/logo-verde_350x100.svg\",\"contentUrl\":\"https:\\\/\\\/blog.urbanitae.com\\\/wp-content\\\/uploads\\\/2020\\\/04\\\/logo-verde_350x100.svg\",\"width\":350,\"height\":100,\"caption\":\"Urbanitae\"},\"image\":{\"@id\":\"https:\\\/\\\/blog.urbanitae.com\\\/de\\\/#\\\/schema\\\/logo\\\/image\\\/\"},\"sameAs\":[\"https:\\\/\\\/www.facebook.com\\\/urbanitae\",\"https:\\\/\\\/x.com\\\/urbanitae\",\"https:\\\/\\\/www.instagram.com\\\/urbanitae\",\"https:\\\/\\\/www.linkedin.com\\\/company\\\/urbanitae\",\"https:\\\/\\\/www.pinterest.es\\\/UrbanitaeSL\\\/_created\\\/\",\"https:\\\/\\\/www.youtube.com\\\/c\\\/Urbanitae_RE\"]}]}<\/script>\n<!-- \/ Yoast SEO plugin. -->","yoast_head_json":{"title":"Fl\u00fcchtigkeit - Urbanitae Blog","description":"Es ist ein Ma\u00df f\u00fcr die Schwankung oder Variabilit\u00e4t der Preise eines Verm\u00f6genswerts oder der Renditen einer Investition im Zeitverlauf. Volatilit\u00e4t wird verwendet, um das mit einer Investition verbundene Risiko zu bewerten, wobei eine h\u00f6here Volatilit\u00e4t auf eine gr\u00f6\u00dfere Variabilit\u00e4t und ein h\u00f6heres potenzielles Risiko hinweist.","robots":{"index":"index","follow":"follow","max-snippet":"max-snippet:-1","max-image-preview":"max-image-preview:large","max-video-preview":"max-video-preview:-1"},"canonical":"https:\/\/blog.urbanitae.com\/de\/glossar\/fluechtigkeit\/","og_locale":"de_DE","og_type":"article","og_title":"Fl\u00fcchtigkeit - Urbanitae Blog","og_description":"Es ist ein Ma\u00df f\u00fcr die Schwankung oder Variabilit\u00e4t der Preise eines Verm\u00f6genswerts oder der Renditen einer Investition im Zeitverlauf. Volatilit\u00e4t wird verwendet, um das mit einer Investition verbundene Risiko zu bewerten, wobei eine h\u00f6here Volatilit\u00e4t auf eine gr\u00f6\u00dfere Variabilit\u00e4t und ein h\u00f6heres potenzielles Risiko hinweist.","og_url":"https:\/\/blog.urbanitae.com\/de\/glossar\/fluechtigkeit\/","og_site_name":"Urbanitae Blog | Las mejores noticias sobre inversi\u00f3n inmobiliaria","article_publisher":"https:\/\/www.facebook.com\/urbanitae","article_modified_time":"2025-08-13T07:17:31+00:00","twitter_card":"summary_large_image","twitter_site":"@urbanitae","twitter_misc":{"Gesch\u00e4tzte Lesezeit":"1\u00a0Minute"},"schema":{"@context":"https:\/\/schema.org","@graph":[{"@type":"WebPage","@id":"https:\/\/blog.urbanitae.com\/de\/glossar\/fluechtigkeit\/","url":"https:\/\/blog.urbanitae.com\/de\/glossar\/fluechtigkeit\/","name":"Fl\u00fcchtigkeit - Urbanitae Blog","isPartOf":{"@id":"https:\/\/blog.urbanitae.com\/de\/#website"},"datePublished":"2025-04-15T21:02:24+00:00","dateModified":"2025-08-13T07:17:31+00:00","description":"Es ist ein Ma\u00df f\u00fcr die Schwankung oder Variabilit\u00e4t der Preise eines Verm\u00f6genswerts oder der Renditen einer Investition im Zeitverlauf. Volatilit\u00e4t wird verwendet, um das mit einer Investition verbundene Risiko zu bewerten, wobei eine h\u00f6here Volatilit\u00e4t auf eine gr\u00f6\u00dfere Variabilit\u00e4t und ein h\u00f6heres potenzielles Risiko hinweist.","breadcrumb":{"@id":"https:\/\/blog.urbanitae.com\/de\/glossar\/fluechtigkeit\/#breadcrumb"},"inLanguage":"de","potentialAction":[{"@type":"ReadAction","target":["https:\/\/blog.urbanitae.com\/de\/glossar\/fluechtigkeit\/"]}]},{"@type":"BreadcrumbList","@id":"https:\/\/blog.urbanitae.com\/de\/glossar\/fluechtigkeit\/#breadcrumb","itemListElement":[{"@type":"ListItem","position":1,"name":"Portada","item":"https:\/\/blog.urbanitae.com\/de\/"},{"@type":"ListItem","position":2,"name":"Glossar","item":"https:\/\/blog.urbanitae.com\/de\/glossar\/"},{"@type":"ListItem","position":3,"name":"Fl\u00fcchtigkeit"}]},{"@type":"WebSite","@id":"https:\/\/blog.urbanitae.com\/de\/#website","url":"https:\/\/blog.urbanitae.com\/de\/","name":"Urbanitae Blog | Las mejores noticias sobre inversi\u00f3n inmobiliaria","description":"Inversi\u00f3n inmobiliaria al alcance de todos","publisher":{"@id":"https:\/\/blog.urbanitae.com\/de\/#organization"},"potentialAction":[{"@type":"SearchAction","target":{"@type":"EntryPoint","urlTemplate":"https:\/\/blog.urbanitae.com\/de\/?s={search_term_string}"},"query-input":{"@type":"PropertyValueSpecification","valueRequired":true,"valueName":"search_term_string"}}],"inLanguage":"de"},{"@type":"Organization","@id":"https:\/\/blog.urbanitae.com\/de\/#organization","name":"Urbanitae","url":"https:\/\/blog.urbanitae.com\/de\/","logo":{"@type":"ImageObject","inLanguage":"de","@id":"https:\/\/blog.urbanitae.com\/de\/#\/schema\/logo\/image\/","url":"https:\/\/blog.urbanitae.com\/wp-content\/uploads\/2020\/04\/logo-verde_350x100.svg","contentUrl":"https:\/\/blog.urbanitae.com\/wp-content\/uploads\/2020\/04\/logo-verde_350x100.svg","width":350,"height":100,"caption":"Urbanitae"},"image":{"@id":"https:\/\/blog.urbanitae.com\/de\/#\/schema\/logo\/image\/"},"sameAs":["https:\/\/www.facebook.com\/urbanitae","https:\/\/x.com\/urbanitae","https:\/\/www.instagram.com\/urbanitae","https:\/\/www.linkedin.com\/company\/urbanitae","https:\/\/www.pinterest.es\/UrbanitaeSL\/_created\/","https:\/\/www.youtube.com\/c\/Urbanitae_RE"]}]}},"_links":{"self":[{"href":"https:\/\/blog.urbanitae.com\/de\/wp-json\/wp\/v2\/pages\/67785","targetHints":{"allow":["GET"]}}],"collection":[{"href":"https:\/\/blog.urbanitae.com\/de\/wp-json\/wp\/v2\/pages"}],"about":[{"href":"https:\/\/blog.urbanitae.com\/de\/wp-json\/wp\/v2\/types\/page"}],"author":[{"embeddable":true,"href":"https:\/\/blog.urbanitae.com\/de\/wp-json\/wp\/v2\/users\/20"}],"replies":[{"embeddable":true,"href":"https:\/\/blog.urbanitae.com\/de\/wp-json\/wp\/v2\/comments?post=67785"}],"version-history":[{"count":1,"href":"https:\/\/blog.urbanitae.com\/de\/wp-json\/wp\/v2\/pages\/67785\/revisions"}],"predecessor-version":[{"id":67786,"href":"https:\/\/blog.urbanitae.com\/de\/wp-json\/wp\/v2\/pages\/67785\/revisions\/67786"}],"up":[{"embeddable":true,"href":"https:\/\/blog.urbanitae.com\/de\/wp-json\/wp\/v2\/pages\/67878"}],"wp:attachment":[{"href":"https:\/\/blog.urbanitae.com\/de\/wp-json\/wp\/v2\/media?parent=67785"}],"curies":[{"name":"wp","href":"https:\/\/api.w.org\/{rel}","templated":true}]}}