{"id":67783,"date":"2025-04-15T22:54:15","date_gmt":"2025-04-15T20:54:15","guid":{"rendered":"https:\/\/blog.urbanitae.com\/risikokapital\/"},"modified":"2025-08-13T09:17:30","modified_gmt":"2025-08-13T07:17:30","slug":"risikokapital","status":"publish","type":"page","link":"https:\/\/blog.urbanitae.com\/de\/glossar\/risikokapital\/","title":{"rendered":"Risikokapital"},"content":{"rendered":"\t\t<div data-elementor-type=\"wp-page\" data-elementor-id=\"67783\" class=\"elementor elementor-67783 elementor-57337\">\n\t\t\t\t\t\t<section class=\"elementor-section elementor-top-section elementor-element elementor-element-d86d887 elementor-section-boxed elementor-section-height-default elementor-section-height-default\" data-id=\"d86d887\" data-element_type=\"section\" data-e-type=\"section\">\n\t\t\t\t\t\t<div class=\"elementor-container elementor-column-gap-default\">\n\t\t\t\t\t<div class=\"elementor-column elementor-col-100 elementor-top-column elementor-element elementor-element-8b49ddd\" data-id=\"8b49ddd\" data-element_type=\"column\" data-e-type=\"column\">\n\t\t\t<div class=\"elementor-widget-wrap elementor-element-populated\">\n\t\t\t\t\t\t<div class=\"elementor-element elementor-element-083b30b elementor-widget__width-initial elementor-widget elementor-widget-text-editor\" data-id=\"083b30b\" data-element_type=\"widget\" data-e-type=\"widget\" data-widget_type=\"text-editor.default\">\n\t\t\t\t<div class=\"elementor-widget-container\">\n\t\t\t\t\t\t\t\t\t<h3>Was ist es?<\/h3><p style=\"color: #212121; font-family: Roboto, sans-serif; font-size: 16px;\"><strong>Venture Capital oder Risikokapital bezeichnet<\/strong> die<strong> Kapitalinvestition<\/strong> in<strong> aufstrebende Unternehmen <\/strong>oder <strong>Start-ups<\/strong> mit <strong>hohem Wachstumspotenzial. <\/strong>Diese Art der Investition erfolgt in der Regel in fr\u00fchen Entwicklungsphasen des Unternehmens, wenn das Risiko h\u00f6her, aber auch das Renditepotenzial gr\u00f6\u00dfer ist. Im Gegenzug f\u00fcr die Investition erhalten die Investoren eine Beteiligung am Unternehmen, die ihnen Rechte an Gewinnen und strategischen Entscheidungen gew\u00e4hrt, w\u00e4hrend das Unternehmen w\u00e4chst. <\/p><p style=\"color: #212121; font-family: Roboto, sans-serif; font-size: 16px;\">Venture Capital konzentriert sich haupts\u00e4chlich auf innovative Sektoren wie Technologie, Biotechnologie oder Fintech, in denen die Investitionswirkung erheblich sein kann. Venture-Capital-Investoren sind meist Risikokapitalfonds, Business Angels oder gro\u00dfe Investmentfirmen, die hohe Renditen im Austausch f\u00fcr das eingegangene hohe Risiko anstreben.<br><br> <\/p>\t\t\t\t\t\t\t\t<\/div>\n\t\t\t\t<\/div>\n\t\t\t\t<div class=\"elementor-element elementor-element-11c28c4 elementor-widget__width-initial elementor-widget elementor-widget-text-editor\" data-id=\"11c28c4\" data-element_type=\"widget\" data-e-type=\"widget\" data-widget_type=\"text-editor.default\">\n\t\t\t\t<div class=\"elementor-widget-container\">\n\t\t\t\t\t\t\t\t\t<h3>Wichtige Aspekte, die zu ber\u00fccksichtigen sind<\/h3><p style=\"color: #212121; font-family: Roboto, sans-serif; font-size: 16px;\"><strong>Venture Capital <\/strong>ist eine der risikoreichsten Anlageformen aufgrund der Unsicherheit und des <strong>fehlenden historischen<\/strong> Hintergrunds der Unternehmen in ihren fr\u00fchen Phasen. Dennoch zieht das hohe Wachstumspotenzial und die M\u00f6glichkeit au\u00dfergew\u00f6hnlicher Renditen Investoren an, die bereit sind, dieses Risiko einzugehen. F\u00fcr Investoren ist es entscheidend, nicht nur das <strong>Marktpotenzial <\/strong>des Start-ups zu bewerten, sondern auch die<strong> Erfahrung und Vision <\/strong>des Gr\u00fcnderteams sowie die langfristige Tragf\u00e4higkeit des Gesch\u00e4ftsmodells.  <\/p><p style=\"color: #212121; font-family: Roboto, sans-serif; font-size: 16px;\">Investoren sollten sich bewusst sein, dass Start-ups vor gro\u00dfen Herausforderungen stehen k\u00f6nnen, wie Konkurrenz, regulatorischen \u00c4nderungen oder Skalierbarkeitsproblemen, die zum Scheitern der Investition f\u00fchren k\u00f6nnen. Erfolgreiche Unternehmen in diesem Bereich k\u00f6nnen jedoch exponentielle Renditen erzielen, die die nicht erfolgreichen Investitionen ausgleichen. <\/p><p style=\"color: #212121; font-family: Roboto, sans-serif; font-size: 16px;\">Dar\u00fcber hinaus erfordert Risikokapital einen langen Zeithorizont, da die Investitionen meist erst dann liquide werden, wenn das Unternehmen eine reife Phase erreicht hat, wie zum Beispiel durch eine \u00dcbernahme oder einen B\u00f6rsengang.<\/p>\t\t\t\t\t\t\t\t<\/div>\n\t\t\t\t<\/div>\n\t\t\t\t\t<\/div>\n\t\t<\/div>\n\t\t\t\t\t<\/div>\n\t\t<\/section>\n\t\t\t\t<section class=\"elementor-section elementor-top-section elementor-element elementor-element-aa563c5 elementor-section-full_width elementor-section-stretched elementor-section-height-default elementor-section-height-default\" data-id=\"aa563c5\" data-element_type=\"section\" data-e-type=\"section\" data-settings=\"{&quot;stretch_section&quot;:&quot;section-stretched&quot;}\">\n\t\t\t\t\t\t<div class=\"elementor-container elementor-column-gap-default\">\n\t\t\t\t\t<div class=\"elementor-column elementor-col-100 elementor-top-column elementor-element elementor-element-41114ac\" data-id=\"41114ac\" data-element_type=\"column\" data-e-type=\"column\">\n\t\t\t<div class=\"elementor-widget-wrap elementor-element-populated\">\n\t\t\t\t\t\t<div class=\"elementor-element elementor-element-43f7095 elementor-widget elementor-widget-html\" data-id=\"43f7095\" data-element_type=\"widget\" data-e-type=\"widget\" data-widget_type=\"html.default\">\n\t\t\t\t<div class=\"elementor-widget-container\">\n\t\t\t\t\t\r\n        <div class=\"qode-advanced-call-to-action qode-advanced-cta-gradient qode-advanced-cta-gradient-animation\" style=\"height:80px\">\r\n            <a class=\"advanced-cta-link\" href=\"https:\/\/mkt.urbanitae.com\/Urbanitae_suscripcion_newsletter.html?utm_source=blog&amp;utm_medium=link_blog&amp;utm_campaign=suscripcion_blog&amp;utm_content=boton\" target=\"_blank\" onclick=\"dataLayer.push({'event': 'ub_ga4_event', 'ub_ga4_event_name': 'newsletter', 'ub_ga4_event_element': 'aprende'})\"><\/a>\r\n            <div class=\"qode-advanced-cta-content\">\r\n                <span class=\"qode-advanced-cta-text-holder\" style=\"color:#FFFFFF;font-size:25px\">\r\n Abonnieren Sie unseren Newsletter <\/span>\r\n                <span class=\"qode-advanced-cta-icon-holder\" style=\"color:#FFFFFF;font-size:25px\">\r\n                    <span class=\"qode-advanced-cta-icon-holder-table\">\r\n                        <span class=\"qode-advanced-cta-icon-holder-cell\">\r\n                            <i class=\"qode_icon_font_awesome_5 fa5 fa fa-envelope-open-text qode-advanced-cta-icon\"><\/i> <\/span>\r\n                    <\/span>\r\n                <\/span>\r\n            <\/div>\r\n            <div class=\"qode-advanced-cta-background-holder\">\r\n                <span class=\"qode-advanced-cta-background-1 qode-type1-gradient-left-to-right\"><\/span>\r\n                <span class=\"qode-advanced-cta-background-2 qode-type1-gradient-left-to-right\"><\/span>\r\n                <span class=\"qode-advanced-cta-background-3\"><\/span>\r\n            <\/div>\r\n        <\/div>\r\n\t\t\t\t<\/div>\n\t\t\t\t<\/div>\n\t\t\t\t\t<\/div>\n\t\t<\/div>\n\t\t\t\t\t<\/div>\n\t\t<\/section>\n\t\t\t\t<\/div>\n\t\t","protected":false},"excerpt":{"rendered":"<p>Was ist es? Venture Capital oder Risikokapital bezeichnet die Kapitalinvestition in aufstrebende Unternehmen oder Start-ups mit hohem Wachstumspotenzial. Diese Art der Investition erfolgt in der Regel in fr\u00fchen Entwicklungsphasen des Unternehmens, wenn das Risiko h\u00f6her, aber auch das Renditepotenzial gr\u00f6\u00dfer ist. Im Gegenzug f\u00fcr die Investition erhalten die Investoren eine Beteiligung am Unternehmen, die ihnen [&hellip;]<\/p>\n","protected":false},"author":20,"featured_media":0,"parent":67878,"menu_order":0,"comment_status":"closed","ping_status":"closed","template":"","meta":{"inline_featured_image":false,"footnotes":""},"class_list":["post-67783","page","type-page","status-publish","hentry"],"yoast_head":"<!-- This site is optimized with the Yoast SEO plugin v27.4 - https:\/\/yoast.com\/product\/yoast-seo-wordpress\/ -->\n<title>Risikokapital - Urbanitae Blog<\/title>\n<meta name=\"description\" content=\"Es bezieht sich auf die Kapitalinvestition in aufstrebende Unternehmen oder Start-ups mit hohem Wachstumspotenzial. Venture Capital beinhaltet in der Regel Investitionen in fr\u00fchen Entwicklungsphasen und erfolgt im Austausch f\u00fcr eine Unternehmensbeteiligung.\" \/>\n<meta name=\"robots\" content=\"index, follow, max-snippet:-1, max-image-preview:large, max-video-preview:-1\" \/>\n<link rel=\"canonical\" href=\"https:\/\/blog.urbanitae.com\/de\/glossar\/risikokapital\/\" \/>\n<meta property=\"og:locale\" content=\"de_DE\" \/>\n<meta property=\"og:type\" content=\"article\" \/>\n<meta property=\"og:title\" content=\"Risikokapital - Urbanitae Blog\" \/>\n<meta property=\"og:description\" content=\"Es bezieht sich auf die Kapitalinvestition in aufstrebende Unternehmen oder Start-ups mit hohem Wachstumspotenzial. Venture Capital beinhaltet in der Regel Investitionen in fr\u00fchen Entwicklungsphasen und erfolgt im Austausch f\u00fcr eine Unternehmensbeteiligung.\" \/>\n<meta property=\"og:url\" content=\"https:\/\/blog.urbanitae.com\/de\/glossar\/risikokapital\/\" \/>\n<meta property=\"og:site_name\" content=\"Urbanitae Blog | Las mejores noticias sobre inversi\u00f3n inmobiliaria\" \/>\n<meta property=\"article:publisher\" content=\"https:\/\/www.facebook.com\/urbanitae\" \/>\n<meta property=\"article:modified_time\" content=\"2025-08-13T07:17:30+00:00\" \/>\n<meta name=\"twitter:card\" content=\"summary_large_image\" \/>\n<meta name=\"twitter:site\" content=\"@urbanitae\" \/>\n<meta name=\"twitter:label1\" content=\"Gesch\u00e4tzte Lesezeit\" \/>\n\t<meta name=\"twitter:data1\" content=\"1\u00a0Minute\" \/>\n<script type=\"application\/ld+json\" class=\"yoast-schema-graph\">{\"@context\":\"https:\\\/\\\/schema.org\",\"@graph\":[{\"@type\":\"WebPage\",\"@id\":\"https:\\\/\\\/blog.urbanitae.com\\\/de\\\/glossar\\\/risikokapital\\\/\",\"url\":\"https:\\\/\\\/blog.urbanitae.com\\\/de\\\/glossar\\\/risikokapital\\\/\",\"name\":\"Risikokapital - Urbanitae Blog\",\"isPartOf\":{\"@id\":\"https:\\\/\\\/blog.urbanitae.com\\\/de\\\/#website\"},\"datePublished\":\"2025-04-15T20:54:15+00:00\",\"dateModified\":\"2025-08-13T07:17:30+00:00\",\"description\":\"Es bezieht sich auf die Kapitalinvestition in aufstrebende Unternehmen oder Start-ups mit hohem Wachstumspotenzial. Venture Capital beinhaltet in der Regel Investitionen in fr\u00fchen Entwicklungsphasen und erfolgt im Austausch f\u00fcr eine Unternehmensbeteiligung.\",\"breadcrumb\":{\"@id\":\"https:\\\/\\\/blog.urbanitae.com\\\/de\\\/glossar\\\/risikokapital\\\/#breadcrumb\"},\"inLanguage\":\"de\",\"potentialAction\":[{\"@type\":\"ReadAction\",\"target\":[\"https:\\\/\\\/blog.urbanitae.com\\\/de\\\/glossar\\\/risikokapital\\\/\"]}]},{\"@type\":\"BreadcrumbList\",\"@id\":\"https:\\\/\\\/blog.urbanitae.com\\\/de\\\/glossar\\\/risikokapital\\\/#breadcrumb\",\"itemListElement\":[{\"@type\":\"ListItem\",\"position\":1,\"name\":\"Portada\",\"item\":\"https:\\\/\\\/blog.urbanitae.com\\\/de\\\/\"},{\"@type\":\"ListItem\",\"position\":2,\"name\":\"Glossar\",\"item\":\"https:\\\/\\\/blog.urbanitae.com\\\/de\\\/glossar\\\/\"},{\"@type\":\"ListItem\",\"position\":3,\"name\":\"Risikokapital\"}]},{\"@type\":\"WebSite\",\"@id\":\"https:\\\/\\\/blog.urbanitae.com\\\/de\\\/#website\",\"url\":\"https:\\\/\\\/blog.urbanitae.com\\\/de\\\/\",\"name\":\"Urbanitae Blog | Las mejores noticias sobre inversi\u00f3n inmobiliaria\",\"description\":\"Inversi\u00f3n inmobiliaria al alcance de todos\",\"publisher\":{\"@id\":\"https:\\\/\\\/blog.urbanitae.com\\\/de\\\/#organization\"},\"potentialAction\":[{\"@type\":\"SearchAction\",\"target\":{\"@type\":\"EntryPoint\",\"urlTemplate\":\"https:\\\/\\\/blog.urbanitae.com\\\/de\\\/?s={search_term_string}\"},\"query-input\":{\"@type\":\"PropertyValueSpecification\",\"valueRequired\":true,\"valueName\":\"search_term_string\"}}],\"inLanguage\":\"de\"},{\"@type\":\"Organization\",\"@id\":\"https:\\\/\\\/blog.urbanitae.com\\\/de\\\/#organization\",\"name\":\"Urbanitae\",\"url\":\"https:\\\/\\\/blog.urbanitae.com\\\/de\\\/\",\"logo\":{\"@type\":\"ImageObject\",\"inLanguage\":\"de\",\"@id\":\"https:\\\/\\\/blog.urbanitae.com\\\/de\\\/#\\\/schema\\\/logo\\\/image\\\/\",\"url\":\"https:\\\/\\\/blog.urbanitae.com\\\/wp-content\\\/uploads\\\/2020\\\/04\\\/logo-verde_350x100.svg\",\"contentUrl\":\"https:\\\/\\\/blog.urbanitae.com\\\/wp-content\\\/uploads\\\/2020\\\/04\\\/logo-verde_350x100.svg\",\"width\":350,\"height\":100,\"caption\":\"Urbanitae\"},\"image\":{\"@id\":\"https:\\\/\\\/blog.urbanitae.com\\\/de\\\/#\\\/schema\\\/logo\\\/image\\\/\"},\"sameAs\":[\"https:\\\/\\\/www.facebook.com\\\/urbanitae\",\"https:\\\/\\\/x.com\\\/urbanitae\",\"https:\\\/\\\/www.instagram.com\\\/urbanitae\",\"https:\\\/\\\/www.linkedin.com\\\/company\\\/urbanitae\",\"https:\\\/\\\/www.pinterest.es\\\/UrbanitaeSL\\\/_created\\\/\",\"https:\\\/\\\/www.youtube.com\\\/c\\\/Urbanitae_RE\"]}]}<\/script>\n<!-- \/ Yoast SEO plugin. -->","yoast_head_json":{"title":"Risikokapital - Urbanitae Blog","description":"Es bezieht sich auf die Kapitalinvestition in aufstrebende Unternehmen oder Start-ups mit hohem Wachstumspotenzial. Venture Capital beinhaltet in der Regel Investitionen in fr\u00fchen Entwicklungsphasen und erfolgt im Austausch f\u00fcr eine Unternehmensbeteiligung.","robots":{"index":"index","follow":"follow","max-snippet":"max-snippet:-1","max-image-preview":"max-image-preview:large","max-video-preview":"max-video-preview:-1"},"canonical":"https:\/\/blog.urbanitae.com\/de\/glossar\/risikokapital\/","og_locale":"de_DE","og_type":"article","og_title":"Risikokapital - Urbanitae Blog","og_description":"Es bezieht sich auf die Kapitalinvestition in aufstrebende Unternehmen oder Start-ups mit hohem Wachstumspotenzial. Venture Capital beinhaltet in der Regel Investitionen in fr\u00fchen Entwicklungsphasen und erfolgt im Austausch f\u00fcr eine Unternehmensbeteiligung.","og_url":"https:\/\/blog.urbanitae.com\/de\/glossar\/risikokapital\/","og_site_name":"Urbanitae Blog | Las mejores noticias sobre inversi\u00f3n inmobiliaria","article_publisher":"https:\/\/www.facebook.com\/urbanitae","article_modified_time":"2025-08-13T07:17:30+00:00","twitter_card":"summary_large_image","twitter_site":"@urbanitae","twitter_misc":{"Gesch\u00e4tzte Lesezeit":"1\u00a0Minute"},"schema":{"@context":"https:\/\/schema.org","@graph":[{"@type":"WebPage","@id":"https:\/\/blog.urbanitae.com\/de\/glossar\/risikokapital\/","url":"https:\/\/blog.urbanitae.com\/de\/glossar\/risikokapital\/","name":"Risikokapital - Urbanitae Blog","isPartOf":{"@id":"https:\/\/blog.urbanitae.com\/de\/#website"},"datePublished":"2025-04-15T20:54:15+00:00","dateModified":"2025-08-13T07:17:30+00:00","description":"Es bezieht sich auf die Kapitalinvestition in aufstrebende Unternehmen oder Start-ups mit hohem Wachstumspotenzial. Venture Capital beinhaltet in der Regel Investitionen in fr\u00fchen Entwicklungsphasen und erfolgt im Austausch f\u00fcr eine Unternehmensbeteiligung.","breadcrumb":{"@id":"https:\/\/blog.urbanitae.com\/de\/glossar\/risikokapital\/#breadcrumb"},"inLanguage":"de","potentialAction":[{"@type":"ReadAction","target":["https:\/\/blog.urbanitae.com\/de\/glossar\/risikokapital\/"]}]},{"@type":"BreadcrumbList","@id":"https:\/\/blog.urbanitae.com\/de\/glossar\/risikokapital\/#breadcrumb","itemListElement":[{"@type":"ListItem","position":1,"name":"Portada","item":"https:\/\/blog.urbanitae.com\/de\/"},{"@type":"ListItem","position":2,"name":"Glossar","item":"https:\/\/blog.urbanitae.com\/de\/glossar\/"},{"@type":"ListItem","position":3,"name":"Risikokapital"}]},{"@type":"WebSite","@id":"https:\/\/blog.urbanitae.com\/de\/#website","url":"https:\/\/blog.urbanitae.com\/de\/","name":"Urbanitae Blog | Las mejores noticias sobre inversi\u00f3n inmobiliaria","description":"Inversi\u00f3n inmobiliaria al alcance de todos","publisher":{"@id":"https:\/\/blog.urbanitae.com\/de\/#organization"},"potentialAction":[{"@type":"SearchAction","target":{"@type":"EntryPoint","urlTemplate":"https:\/\/blog.urbanitae.com\/de\/?s={search_term_string}"},"query-input":{"@type":"PropertyValueSpecification","valueRequired":true,"valueName":"search_term_string"}}],"inLanguage":"de"},{"@type":"Organization","@id":"https:\/\/blog.urbanitae.com\/de\/#organization","name":"Urbanitae","url":"https:\/\/blog.urbanitae.com\/de\/","logo":{"@type":"ImageObject","inLanguage":"de","@id":"https:\/\/blog.urbanitae.com\/de\/#\/schema\/logo\/image\/","url":"https:\/\/blog.urbanitae.com\/wp-content\/uploads\/2020\/04\/logo-verde_350x100.svg","contentUrl":"https:\/\/blog.urbanitae.com\/wp-content\/uploads\/2020\/04\/logo-verde_350x100.svg","width":350,"height":100,"caption":"Urbanitae"},"image":{"@id":"https:\/\/blog.urbanitae.com\/de\/#\/schema\/logo\/image\/"},"sameAs":["https:\/\/www.facebook.com\/urbanitae","https:\/\/x.com\/urbanitae","https:\/\/www.instagram.com\/urbanitae","https:\/\/www.linkedin.com\/company\/urbanitae","https:\/\/www.pinterest.es\/UrbanitaeSL\/_created\/","https:\/\/www.youtube.com\/c\/Urbanitae_RE"]}]}},"_links":{"self":[{"href":"https:\/\/blog.urbanitae.com\/de\/wp-json\/wp\/v2\/pages\/67783","targetHints":{"allow":["GET"]}}],"collection":[{"href":"https:\/\/blog.urbanitae.com\/de\/wp-json\/wp\/v2\/pages"}],"about":[{"href":"https:\/\/blog.urbanitae.com\/de\/wp-json\/wp\/v2\/types\/page"}],"author":[{"embeddable":true,"href":"https:\/\/blog.urbanitae.com\/de\/wp-json\/wp\/v2\/users\/20"}],"replies":[{"embeddable":true,"href":"https:\/\/blog.urbanitae.com\/de\/wp-json\/wp\/v2\/comments?post=67783"}],"version-history":[{"count":1,"href":"https:\/\/blog.urbanitae.com\/de\/wp-json\/wp\/v2\/pages\/67783\/revisions"}],"predecessor-version":[{"id":67784,"href":"https:\/\/blog.urbanitae.com\/de\/wp-json\/wp\/v2\/pages\/67783\/revisions\/67784"}],"up":[{"embeddable":true,"href":"https:\/\/blog.urbanitae.com\/de\/wp-json\/wp\/v2\/pages\/67878"}],"wp:attachment":[{"href":"https:\/\/blog.urbanitae.com\/de\/wp-json\/wp\/v2\/media?parent=67783"}],"curies":[{"name":"wp","href":"https:\/\/api.w.org\/{rel}","templated":true}]}}