{"id":67776,"date":"2025-04-15T13:22:52","date_gmt":"2025-04-15T11:22:52","guid":{"rendered":"https:\/\/blog.urbanitae.com\/hypothekarische-sicherheit\/"},"modified":"2025-08-13T09:16:28","modified_gmt":"2025-08-13T07:16:28","slug":"hypothekarische-sicherheit","status":"publish","type":"page","link":"https:\/\/blog.urbanitae.com\/de\/glossar\/hypothekarische-sicherheit\/","title":{"rendered":"Hypothekarische Sicherheit"},"content":{"rendered":"\t\t<div data-elementor-type=\"wp-page\" data-elementor-id=\"67776\" class=\"elementor elementor-67776 elementor-56396\">\n\t\t\t\t\t\t<section class=\"elementor-section elementor-top-section elementor-element elementor-element-d86d887 elementor-section-boxed elementor-section-height-default elementor-section-height-default\" data-id=\"d86d887\" data-element_type=\"section\" data-e-type=\"section\">\n\t\t\t\t\t\t<div class=\"elementor-container elementor-column-gap-default\">\n\t\t\t\t\t<div class=\"elementor-column elementor-col-100 elementor-top-column elementor-element elementor-element-8b49ddd\" data-id=\"8b49ddd\" data-element_type=\"column\" data-e-type=\"column\">\n\t\t\t<div class=\"elementor-widget-wrap elementor-element-populated\">\n\t\t\t\t\t\t<div class=\"elementor-element elementor-element-083b30b elementor-widget__width-initial elementor-widget elementor-widget-text-editor\" data-id=\"083b30b\" data-element_type=\"widget\" data-e-type=\"widget\" data-widget_type=\"text-editor.default\">\n\t\t\t\t<div class=\"elementor-widget-container\">\n\t\t\t\t\t\t\t\t\t<h3>Was ist es?<\/h3><p style=\"color: #212121; font-family: Roboto, sans-serif; font-size: 16px;\">Es ist ein dingliches Recht, das an einem Grundst\u00fcck (in der Regel einer Immobilie) zur Sicherung der Erf\u00fcllung einer finanziellen Verpflichtung, wie beispielsweise eines Hypothekendarlehens, bestellt wird.<br><br> Diese B\u00fcrgschaft bietet dem Kreditgeber eine Sicherheit und stellt sicher, dass der Kreditgeber im Falle eines Ausfalls des Kreditnehmers die Garantie einl\u00f6sen und die Immobilie verkaufen kann, um das geliehene Kapital zur\u00fcckzuerhalten.<\/p><p style=\"color: #212121; font-family: Roboto, sans-serif; font-size: 16px;\">Bei einer Hypothekengesch\u00e4ft \u00fcbertr\u00e4gt der Kreditnehmer dem Kreditgeber das Recht, die Sicherheit zu verwerten, falls er die vereinbarten Zahlungen nicht erf\u00fcllt. Im Gegensatz zu anderen Kreditarten bietet die Hypothek als Sicherheit dem Kreditgeber einen zus\u00e4tzlichen Schutz, da die Immobilie in der Regel einen erheblichen Wert besitzt. <\/p>\t\t\t\t\t\t\t\t<\/div>\n\t\t\t\t<\/div>\n\t\t\t\t<div class=\"elementor-element elementor-element-11c28c4 elementor-widget__width-initial elementor-widget elementor-widget-text-editor\" data-id=\"11c28c4\" data-element_type=\"widget\" data-e-type=\"widget\" data-widget_type=\"text-editor.default\">\n\t\t\t\t<div class=\"elementor-widget-container\">\n\t\t\t\t\t\t\t\t\t<h3>Wichtige Aspekte, die zu ber\u00fccksichtigen sind<\/h3><p style=\"color: #212121; font-family: Roboto, sans-serif; font-size: 16px;\">Die Hauptmerkmal der Hypothekengarantie ist die Sicherheit, die sie dem Kreditgeber bietet, da dieser im Falle eines Zahlungsausfalls das gesetzliche Recht hat, das geliehene Geld durch den Verkauf der Immobilie zur\u00fcckzuerhalten. Zu den Schl\u00fcsselaspekten geh\u00f6ren: <\/p><ul><li style=\"color: #212121; font-family: Roboto, sans-serif; font-size: 16px;\"><strong>Immobilie als Sicherheit:<\/strong> Der Kreditnehmer bietet eine bestimmte Immobilie (wie ein Wohnhaus oder Gewerbeobjekt) als Garantie f\u00fcr das Darlehen an.<br><br><\/li><li style=\"color: #212121; font-family: Roboto, sans-serif; font-size: 16px;\"><strong>Kontrolliertes Risiko f\u00fcr den Kreditgeber:<\/strong> Da er im Falle eines Zahlungsausfalls Zugriff auf die Immobilie hat, verringert der Kreditgeber sein Verlustrisiko.<\/li><li style=\"color: #212121; font-family: Roboto, sans-serif; font-size: 16px;\"><strong>Zwangsvollstreckungsverfahren:<\/strong> Wenn der Kreditnehmer nicht wie vereinbart zahlt, kann der Kreditgeber ein rechtliches Verfahren einleiten, um Besitz der Immobilie zu erlangen und diese zu verkaufen, um so das geliehene Geld zur\u00fcckzuerhalten.<\/li><\/ul><p style=\"color: #212121; font-family: Roboto, sans-serif; font-size: 16px;\">Diese Art der Sicherung ist bei Hypothekendarlehen \u00fcblich, die zur Finanzierung des Kaufs von Wohnimmobilien, Gewerbeimmobilien oder anderen Grundst\u00fccken verwendet werden. Obwohl sie dem Kreditgeber zugutekommt, bietet sie auch Vorteile f\u00fcr den Kreditnehmer, da dieser dadurch Zugang zu Krediten unter besseren Bedingungen erh\u00e4lt, da die Schuld durch einen materiellen Verm\u00f6genswert abgesichert ist. <\/p>\t\t\t\t\t\t\t\t<\/div>\n\t\t\t\t<\/div>\n\t\t\t\t\t<\/div>\n\t\t<\/div>\n\t\t\t\t\t<\/div>\n\t\t<\/section>\n\t\t\t\t<section class=\"elementor-section elementor-top-section elementor-element elementor-element-aa563c5 elementor-section-full_width elementor-section-stretched elementor-section-height-default elementor-section-height-default\" data-id=\"aa563c5\" data-element_type=\"section\" data-e-type=\"section\" data-settings=\"{&quot;stretch_section&quot;:&quot;section-stretched&quot;}\">\n\t\t\t\t\t\t<div class=\"elementor-container elementor-column-gap-default\">\n\t\t\t\t\t<div class=\"elementor-column elementor-col-100 elementor-top-column elementor-element elementor-element-41114ac\" data-id=\"41114ac\" data-element_type=\"column\" data-e-type=\"column\">\n\t\t\t<div class=\"elementor-widget-wrap elementor-element-populated\">\n\t\t\t\t\t\t<div class=\"elementor-element elementor-element-43f7095 elementor-widget elementor-widget-html\" data-id=\"43f7095\" data-element_type=\"widget\" data-e-type=\"widget\" data-widget_type=\"html.default\">\n\t\t\t\t<div class=\"elementor-widget-container\">\n\t\t\t\t\t\r\n        <div class=\"qode-advanced-call-to-action qode-advanced-cta-gradient qode-advanced-cta-gradient-animation\" style=\"height:80px\">\r\n            <a class=\"advanced-cta-link\" href=\"https:\/\/mkt.urbanitae.com\/Urbanitae_suscripcion_newsletter.html?utm_source=blog&amp;utm_medium=link_blog&amp;utm_campaign=suscripcion_blog&amp;utm_content=boton\" target=\"_blank\" onclick=\"dataLayer.push({'event': 'ub_ga4_event', 'ub_ga4_event_name': 'newsletter', 'ub_ga4_event_element': 'aprende'})\"><\/a>\r\n            <div class=\"qode-advanced-cta-content\">\r\n                <span class=\"qode-advanced-cta-text-holder\" style=\"color:#FFFFFF;font-size:25px\">\r\n Abonnieren Sie unseren Newsletter <\/span>\r\n                <span class=\"qode-advanced-cta-icon-holder\" style=\"color:#FFFFFF;font-size:25px\">\r\n                    <span class=\"qode-advanced-cta-icon-holder-table\">\r\n                        <span class=\"qode-advanced-cta-icon-holder-cell\">\r\n                            <i class=\"qode_icon_font_awesome_5 fa5 fa fa-envelope-open-text qode-advanced-cta-icon\"><\/i> <\/span>\r\n                    <\/span>\r\n                <\/span>\r\n            <\/div>\r\n            <div class=\"qode-advanced-cta-background-holder\">\r\n                <span class=\"qode-advanced-cta-background-1 qode-type1-gradient-left-to-right\"><\/span>\r\n                <span class=\"qode-advanced-cta-background-2 qode-type1-gradient-left-to-right\"><\/span>\r\n                <span class=\"qode-advanced-cta-background-3\"><\/span>\r\n            <\/div>\r\n        <\/div>\r\n\t\t\t\t<\/div>\n\t\t\t\t<\/div>\n\t\t\t\t\t<\/div>\n\t\t<\/div>\n\t\t\t\t\t<\/div>\n\t\t<\/section>\n\t\t\t\t<\/div>\n\t\t","protected":false},"excerpt":{"rendered":"<p>Was ist es? Es ist ein dingliches Recht, das an einem Grundst\u00fcck (in der Regel einer Immobilie) zur Sicherung der Erf\u00fcllung einer finanziellen Verpflichtung, wie beispielsweise eines Hypothekendarlehens, bestellt wird. Diese B\u00fcrgschaft bietet dem Kreditgeber eine Sicherheit und stellt sicher, dass der Kreditgeber im Falle eines Ausfalls des Kreditnehmers die Garantie einl\u00f6sen und die Immobilie [&hellip;]<\/p>\n","protected":false},"author":20,"featured_media":0,"parent":67878,"menu_order":0,"comment_status":"closed","ping_status":"closed","template":"","meta":{"inline_featured_image":false,"footnotes":""},"class_list":["post-67776","page","type-page","status-publish","hentry"],"yoast_head":"<!-- This site is optimized with the Yoast SEO plugin v27.4 - https:\/\/yoast.com\/product\/yoast-seo-wordpress\/ -->\n<title>Hypothekarische Sicherheit - Urbanitae Blog<\/title>\n<meta name=\"description\" content=\"Es ist ein dingliches Recht, das an einem Grundst\u00fcck (in der Regel einer Immobilie) zur Sicherung der Erf\u00fcllung einer finanziellen Verpflichtung, wie zum Beispiel eines Hypothekendarlehens, bestellt wird. Im Falle eines Zahlungsverzugs kann der Kreditgeber die Sicherheit verwerten und die Immobilie verkaufen, um das geliehene Kapital zur\u00fcckzuerhalten.\" \/>\n<meta name=\"robots\" content=\"index, follow, max-snippet:-1, max-image-preview:large, max-video-preview:-1\" \/>\n<link rel=\"canonical\" href=\"https:\/\/blog.urbanitae.com\/de\/glossar\/hypothekarische-sicherheit\/\" \/>\n<meta property=\"og:locale\" content=\"de_DE\" \/>\n<meta property=\"og:type\" content=\"article\" \/>\n<meta property=\"og:title\" content=\"Hypothekarische Sicherheit - Urbanitae Blog\" \/>\n<meta property=\"og:description\" content=\"Es ist ein dingliches Recht, das an einem Grundst\u00fcck (in der Regel einer Immobilie) zur Sicherung der Erf\u00fcllung einer finanziellen Verpflichtung, wie zum Beispiel eines Hypothekendarlehens, bestellt wird. Im Falle eines Zahlungsverzugs kann der Kreditgeber die Sicherheit verwerten und die Immobilie verkaufen, um das geliehene Kapital zur\u00fcckzuerhalten.\" \/>\n<meta property=\"og:url\" content=\"https:\/\/blog.urbanitae.com\/de\/glossar\/hypothekarische-sicherheit\/\" \/>\n<meta property=\"og:site_name\" content=\"Urbanitae Blog | Las mejores noticias sobre inversi\u00f3n inmobiliaria\" \/>\n<meta property=\"article:publisher\" content=\"https:\/\/www.facebook.com\/urbanitae\" \/>\n<meta property=\"article:modified_time\" content=\"2025-08-13T07:16:28+00:00\" \/>\n<meta name=\"twitter:card\" content=\"summary_large_image\" \/>\n<meta name=\"twitter:site\" content=\"@urbanitae\" \/>\n<meta name=\"twitter:label1\" content=\"Gesch\u00e4tzte Lesezeit\" \/>\n\t<meta name=\"twitter:data1\" content=\"1\u00a0Minute\" \/>\n<script type=\"application\/ld+json\" class=\"yoast-schema-graph\">{\"@context\":\"https:\\\/\\\/schema.org\",\"@graph\":[{\"@type\":\"WebPage\",\"@id\":\"https:\\\/\\\/blog.urbanitae.com\\\/de\\\/glossar\\\/hypothekarische-sicherheit\\\/\",\"url\":\"https:\\\/\\\/blog.urbanitae.com\\\/de\\\/glossar\\\/hypothekarische-sicherheit\\\/\",\"name\":\"Hypothekarische Sicherheit - Urbanitae Blog\",\"isPartOf\":{\"@id\":\"https:\\\/\\\/blog.urbanitae.com\\\/de\\\/#website\"},\"datePublished\":\"2025-04-15T11:22:52+00:00\",\"dateModified\":\"2025-08-13T07:16:28+00:00\",\"description\":\"Es ist ein dingliches Recht, das an einem Grundst\u00fcck (in der Regel einer Immobilie) zur Sicherung der Erf\u00fcllung einer finanziellen Verpflichtung, wie zum Beispiel eines Hypothekendarlehens, bestellt wird. Im Falle eines Zahlungsverzugs kann der Kreditgeber die Sicherheit verwerten und die Immobilie verkaufen, um das geliehene Kapital zur\u00fcckzuerhalten.\",\"breadcrumb\":{\"@id\":\"https:\\\/\\\/blog.urbanitae.com\\\/de\\\/glossar\\\/hypothekarische-sicherheit\\\/#breadcrumb\"},\"inLanguage\":\"de\",\"potentialAction\":[{\"@type\":\"ReadAction\",\"target\":[\"https:\\\/\\\/blog.urbanitae.com\\\/de\\\/glossar\\\/hypothekarische-sicherheit\\\/\"]}]},{\"@type\":\"BreadcrumbList\",\"@id\":\"https:\\\/\\\/blog.urbanitae.com\\\/de\\\/glossar\\\/hypothekarische-sicherheit\\\/#breadcrumb\",\"itemListElement\":[{\"@type\":\"ListItem\",\"position\":1,\"name\":\"Portada\",\"item\":\"https:\\\/\\\/blog.urbanitae.com\\\/de\\\/\"},{\"@type\":\"ListItem\",\"position\":2,\"name\":\"Glossar\",\"item\":\"https:\\\/\\\/blog.urbanitae.com\\\/de\\\/glossar\\\/\"},{\"@type\":\"ListItem\",\"position\":3,\"name\":\"Hypothekarische Sicherheit\"}]},{\"@type\":\"WebSite\",\"@id\":\"https:\\\/\\\/blog.urbanitae.com\\\/de\\\/#website\",\"url\":\"https:\\\/\\\/blog.urbanitae.com\\\/de\\\/\",\"name\":\"Urbanitae Blog | Las mejores noticias sobre inversi\u00f3n inmobiliaria\",\"description\":\"Inversi\u00f3n inmobiliaria al alcance de todos\",\"publisher\":{\"@id\":\"https:\\\/\\\/blog.urbanitae.com\\\/de\\\/#organization\"},\"potentialAction\":[{\"@type\":\"SearchAction\",\"target\":{\"@type\":\"EntryPoint\",\"urlTemplate\":\"https:\\\/\\\/blog.urbanitae.com\\\/de\\\/?s={search_term_string}\"},\"query-input\":{\"@type\":\"PropertyValueSpecification\",\"valueRequired\":true,\"valueName\":\"search_term_string\"}}],\"inLanguage\":\"de\"},{\"@type\":\"Organization\",\"@id\":\"https:\\\/\\\/blog.urbanitae.com\\\/de\\\/#organization\",\"name\":\"Urbanitae\",\"url\":\"https:\\\/\\\/blog.urbanitae.com\\\/de\\\/\",\"logo\":{\"@type\":\"ImageObject\",\"inLanguage\":\"de\",\"@id\":\"https:\\\/\\\/blog.urbanitae.com\\\/de\\\/#\\\/schema\\\/logo\\\/image\\\/\",\"url\":\"https:\\\/\\\/blog.urbanitae.com\\\/wp-content\\\/uploads\\\/2020\\\/04\\\/logo-verde_350x100.svg\",\"contentUrl\":\"https:\\\/\\\/blog.urbanitae.com\\\/wp-content\\\/uploads\\\/2020\\\/04\\\/logo-verde_350x100.svg\",\"width\":350,\"height\":100,\"caption\":\"Urbanitae\"},\"image\":{\"@id\":\"https:\\\/\\\/blog.urbanitae.com\\\/de\\\/#\\\/schema\\\/logo\\\/image\\\/\"},\"sameAs\":[\"https:\\\/\\\/www.facebook.com\\\/urbanitae\",\"https:\\\/\\\/x.com\\\/urbanitae\",\"https:\\\/\\\/www.instagram.com\\\/urbanitae\",\"https:\\\/\\\/www.linkedin.com\\\/company\\\/urbanitae\",\"https:\\\/\\\/www.pinterest.es\\\/UrbanitaeSL\\\/_created\\\/\",\"https:\\\/\\\/www.youtube.com\\\/c\\\/Urbanitae_RE\"]}]}<\/script>\n<!-- \/ Yoast SEO plugin. -->","yoast_head_json":{"title":"Hypothekarische Sicherheit - Urbanitae Blog","description":"Es ist ein dingliches Recht, das an einem Grundst\u00fcck (in der Regel einer Immobilie) zur Sicherung der Erf\u00fcllung einer finanziellen Verpflichtung, wie zum Beispiel eines Hypothekendarlehens, bestellt wird. Im Falle eines Zahlungsverzugs kann der Kreditgeber die Sicherheit verwerten und die Immobilie verkaufen, um das geliehene Kapital zur\u00fcckzuerhalten.","robots":{"index":"index","follow":"follow","max-snippet":"max-snippet:-1","max-image-preview":"max-image-preview:large","max-video-preview":"max-video-preview:-1"},"canonical":"https:\/\/blog.urbanitae.com\/de\/glossar\/hypothekarische-sicherheit\/","og_locale":"de_DE","og_type":"article","og_title":"Hypothekarische Sicherheit - Urbanitae Blog","og_description":"Es ist ein dingliches Recht, das an einem Grundst\u00fcck (in der Regel einer Immobilie) zur Sicherung der Erf\u00fcllung einer finanziellen Verpflichtung, wie zum Beispiel eines Hypothekendarlehens, bestellt wird. Im Falle eines Zahlungsverzugs kann der Kreditgeber die Sicherheit verwerten und die Immobilie verkaufen, um das geliehene Kapital zur\u00fcckzuerhalten.","og_url":"https:\/\/blog.urbanitae.com\/de\/glossar\/hypothekarische-sicherheit\/","og_site_name":"Urbanitae Blog | Las mejores noticias sobre inversi\u00f3n inmobiliaria","article_publisher":"https:\/\/www.facebook.com\/urbanitae","article_modified_time":"2025-08-13T07:16:28+00:00","twitter_card":"summary_large_image","twitter_site":"@urbanitae","twitter_misc":{"Gesch\u00e4tzte Lesezeit":"1\u00a0Minute"},"schema":{"@context":"https:\/\/schema.org","@graph":[{"@type":"WebPage","@id":"https:\/\/blog.urbanitae.com\/de\/glossar\/hypothekarische-sicherheit\/","url":"https:\/\/blog.urbanitae.com\/de\/glossar\/hypothekarische-sicherheit\/","name":"Hypothekarische Sicherheit - Urbanitae Blog","isPartOf":{"@id":"https:\/\/blog.urbanitae.com\/de\/#website"},"datePublished":"2025-04-15T11:22:52+00:00","dateModified":"2025-08-13T07:16:28+00:00","description":"Es ist ein dingliches Recht, das an einem Grundst\u00fcck (in der Regel einer Immobilie) zur Sicherung der Erf\u00fcllung einer finanziellen Verpflichtung, wie zum Beispiel eines Hypothekendarlehens, bestellt wird. Im Falle eines Zahlungsverzugs kann der Kreditgeber die Sicherheit verwerten und die Immobilie verkaufen, um das geliehene Kapital zur\u00fcckzuerhalten.","breadcrumb":{"@id":"https:\/\/blog.urbanitae.com\/de\/glossar\/hypothekarische-sicherheit\/#breadcrumb"},"inLanguage":"de","potentialAction":[{"@type":"ReadAction","target":["https:\/\/blog.urbanitae.com\/de\/glossar\/hypothekarische-sicherheit\/"]}]},{"@type":"BreadcrumbList","@id":"https:\/\/blog.urbanitae.com\/de\/glossar\/hypothekarische-sicherheit\/#breadcrumb","itemListElement":[{"@type":"ListItem","position":1,"name":"Portada","item":"https:\/\/blog.urbanitae.com\/de\/"},{"@type":"ListItem","position":2,"name":"Glossar","item":"https:\/\/blog.urbanitae.com\/de\/glossar\/"},{"@type":"ListItem","position":3,"name":"Hypothekarische Sicherheit"}]},{"@type":"WebSite","@id":"https:\/\/blog.urbanitae.com\/de\/#website","url":"https:\/\/blog.urbanitae.com\/de\/","name":"Urbanitae Blog | Las mejores noticias sobre inversi\u00f3n inmobiliaria","description":"Inversi\u00f3n inmobiliaria al alcance de todos","publisher":{"@id":"https:\/\/blog.urbanitae.com\/de\/#organization"},"potentialAction":[{"@type":"SearchAction","target":{"@type":"EntryPoint","urlTemplate":"https:\/\/blog.urbanitae.com\/de\/?s={search_term_string}"},"query-input":{"@type":"PropertyValueSpecification","valueRequired":true,"valueName":"search_term_string"}}],"inLanguage":"de"},{"@type":"Organization","@id":"https:\/\/blog.urbanitae.com\/de\/#organization","name":"Urbanitae","url":"https:\/\/blog.urbanitae.com\/de\/","logo":{"@type":"ImageObject","inLanguage":"de","@id":"https:\/\/blog.urbanitae.com\/de\/#\/schema\/logo\/image\/","url":"https:\/\/blog.urbanitae.com\/wp-content\/uploads\/2020\/04\/logo-verde_350x100.svg","contentUrl":"https:\/\/blog.urbanitae.com\/wp-content\/uploads\/2020\/04\/logo-verde_350x100.svg","width":350,"height":100,"caption":"Urbanitae"},"image":{"@id":"https:\/\/blog.urbanitae.com\/de\/#\/schema\/logo\/image\/"},"sameAs":["https:\/\/www.facebook.com\/urbanitae","https:\/\/x.com\/urbanitae","https:\/\/www.instagram.com\/urbanitae","https:\/\/www.linkedin.com\/company\/urbanitae","https:\/\/www.pinterest.es\/UrbanitaeSL\/_created\/","https:\/\/www.youtube.com\/c\/Urbanitae_RE"]}]}},"_links":{"self":[{"href":"https:\/\/blog.urbanitae.com\/de\/wp-json\/wp\/v2\/pages\/67776","targetHints":{"allow":["GET"]}}],"collection":[{"href":"https:\/\/blog.urbanitae.com\/de\/wp-json\/wp\/v2\/pages"}],"about":[{"href":"https:\/\/blog.urbanitae.com\/de\/wp-json\/wp\/v2\/types\/page"}],"author":[{"embeddable":true,"href":"https:\/\/blog.urbanitae.com\/de\/wp-json\/wp\/v2\/users\/20"}],"replies":[{"embeddable":true,"href":"https:\/\/blog.urbanitae.com\/de\/wp-json\/wp\/v2\/comments?post=67776"}],"version-history":[{"count":1,"href":"https:\/\/blog.urbanitae.com\/de\/wp-json\/wp\/v2\/pages\/67776\/revisions"}],"predecessor-version":[{"id":67777,"href":"https:\/\/blog.urbanitae.com\/de\/wp-json\/wp\/v2\/pages\/67776\/revisions\/67777"}],"up":[{"embeddable":true,"href":"https:\/\/blog.urbanitae.com\/de\/wp-json\/wp\/v2\/pages\/67878"}],"wp:attachment":[{"href":"https:\/\/blog.urbanitae.com\/de\/wp-json\/wp\/v2\/media?parent=67776"}],"curies":[{"name":"wp","href":"https:\/\/api.w.org\/{rel}","templated":true}]}}