{"id":67772,"date":"2025-04-15T21:00:59","date_gmt":"2025-04-15T19:00:59","guid":{"rendered":"https:\/\/blog.urbanitae.com\/liquiditaetsrisiko\/"},"modified":"2025-08-13T09:17:09","modified_gmt":"2025-08-13T07:17:09","slug":"liquiditaetsrisiko","status":"publish","type":"page","link":"https:\/\/blog.urbanitae.com\/de\/glossar\/liquiditaetsrisiko\/","title":{"rendered":"Liquidit\u00e4tsrisiko"},"content":{"rendered":"\t\t<div data-elementor-type=\"wp-page\" data-elementor-id=\"67772\" class=\"elementor elementor-67772 elementor-57193\">\n\t\t\t\t\t\t<section class=\"elementor-section elementor-top-section elementor-element elementor-element-d86d887 elementor-section-boxed elementor-section-height-default elementor-section-height-default\" data-id=\"d86d887\" data-element_type=\"section\" data-e-type=\"section\">\n\t\t\t\t\t\t<div class=\"elementor-container elementor-column-gap-default\">\n\t\t\t\t\t<div class=\"elementor-column elementor-col-100 elementor-top-column elementor-element elementor-element-8b49ddd\" data-id=\"8b49ddd\" data-element_type=\"column\" data-e-type=\"column\">\n\t\t\t<div class=\"elementor-widget-wrap elementor-element-populated\">\n\t\t\t\t\t\t<div class=\"elementor-element elementor-element-083b30b elementor-widget__width-initial elementor-widget elementor-widget-text-editor\" data-id=\"083b30b\" data-element_type=\"widget\" data-e-type=\"widget\" data-widget_type=\"text-editor.default\">\n\t\t\t\t<div class=\"elementor-widget-container\">\n\t\t\t\t\t\t\t\t\t<h3>Was ist es?<\/h3><p style=\"color: #212121; font-family: Roboto, sans-serif; font-size: 16px;\">Es ist das Risiko, einen Verm\u00f6genswert nicht schnell kaufen oder verkaufen zu k\u00f6nnen, ohne dabei erhebliche Verluste zu erleiden. Das Liquidit\u00e4tsrisiko bezieht sich auf die Schwierigkeit, einen Verm\u00f6genswert in Bargeld umzuwandeln, aufgrund des Mangels an K\u00e4ufern oder Verk\u00e4ufern auf dem Markt. Wenn ein Markt oder Verm\u00f6genswert eine geringe Liquidit\u00e4t aufweist, k\u00f6nnen Transaktionen l\u00e4nger dauern oder einen Preisnachlass erfordern, um den Verkauf durchzuf\u00fchren, was den Wert beeintr\u00e4chtigt, den der Investor f\u00fcr diesen Verm\u00f6genswert erzielen kann.<\/p><p style=\"color: #212121; font-family: Roboto, sans-serif; font-size: 16px;\">Este riesgo es m\u00e1s evidente en activos menos l\u00edquidos, como propiedades inmobiliarias, activos alternativos o inversiones en mercados con menor volumen de transacciones. Los inversores deben ser conscientes de la facilidad o dificultad para vender un activo cuando sea necesario, ya que esto puede impactar la rentabilidad y la capacidad de obtener capital r\u00e1pidamente. <\/p>\t\t\t\t\t\t\t\t<\/div>\n\t\t\t\t<\/div>\n\t\t\t\t<div class=\"elementor-element elementor-element-11c28c4 elementor-widget__width-initial elementor-widget elementor-widget-text-editor\" data-id=\"11c28c4\" data-element_type=\"widget\" data-e-type=\"widget\" data-widget_type=\"text-editor.default\">\n\t\t\t\t<div class=\"elementor-widget-container\">\n\t\t\t\t\t\t\t\t\t<h3>Wichtige Aspekte, die zu ber\u00fccksichtigen sind<\/h3><p style=\"color: #212121; font-family: Roboto, sans-serif; font-size: 16px;\">Das Liquidit\u00e4tsrisiko ist ein wichtiger Faktor bei der Bewertung einer Investition, insbesondere wenn erwartet wird, dass ein Verm\u00f6genswert kurzfristig in Bargeld umgewandelt werden muss. Verm\u00f6genswerte mit hoher Liquidit\u00e4t, wie Aktien, die an gro\u00dfen B\u00f6rsen gehandelt werden, erm\u00f6glichen es Investoren, schnell zu kaufen und zu verkaufen, ohne gro\u00dfe Preisschwankungen zu erleben. Im Gegensatz dazu k\u00f6nnen Verm\u00f6genswerte wie Immobilien oder Investitionen in Startups einen begrenzten Sekund\u00e4rmarkt haben, was den schnellen Verkauf ohne erheblichen Preisnachlass erschwert.  <\/p><p style=\"color: #212121; font-family: Roboto, sans-serif; font-size: 16px;\">F\u00fcr Investoren ist es entscheidend, ihren Zeithorizont und ihren Liquidit\u00e4tsbedarf zu ber\u00fccksichtigen, bevor sie sich auf weniger liquide Verm\u00f6genswerte festlegen. Dar\u00fcber hinaus entscheiden sich manche Investoren daf\u00fcr, ihr Portfolio mit einer Mischung aus liquiden und illiquiden Verm\u00f6genswerten zu diversifizieren, um das Liquidit\u00e4tsrisiko mit dem langfristigen Ertragspotenzial in Einklang zu bringen. <\/p>\t\t\t\t\t\t\t\t<\/div>\n\t\t\t\t<\/div>\n\t\t\t\t\t<\/div>\n\t\t<\/div>\n\t\t\t\t\t<\/div>\n\t\t<\/section>\n\t\t\t\t<section class=\"elementor-section elementor-top-section elementor-element elementor-element-aa563c5 elementor-section-full_width elementor-section-height-default elementor-section-height-default\" data-id=\"aa563c5\" data-element_type=\"section\" data-e-type=\"section\">\n\t\t\t\t\t\t<div class=\"elementor-container elementor-column-gap-default\">\n\t\t\t\t\t<div class=\"elementor-column elementor-col-100 elementor-top-column elementor-element elementor-element-41114ac\" data-id=\"41114ac\" data-element_type=\"column\" data-e-type=\"column\">\n\t\t\t<div class=\"elementor-widget-wrap elementor-element-populated\">\n\t\t\t\t\t\t<div class=\"elementor-element elementor-element-43f7095 elementor-widget elementor-widget-html\" data-id=\"43f7095\" data-element_type=\"widget\" data-e-type=\"widget\" data-widget_type=\"html.default\">\n\t\t\t\t<div class=\"elementor-widget-container\">\n\t\t\t\t\t\r\n        <div class=\"qode-advanced-call-to-action qode-advanced-cta-gradient qode-advanced-cta-gradient-animation\" style=\"height:80px\">\r\n            <a class=\"advanced-cta-link\" href=\"https:\/\/mkt.urbanitae.com\/Urbanitae_suscripcion_newsletter.html?utm_source=blog&amp;utm_medium=link_blog&amp;utm_campaign=suscripcion_blog&amp;utm_content=boton\" target=\"_blank\" onclick=\"dataLayer.push({'event': 'ub_ga4_event', 'ub_ga4_event_name': 'newsletter', 'ub_ga4_event_element': 'aprende'})\"><\/a>\r\n            <div class=\"qode-advanced-cta-content\">\r\n                <span class=\"qode-advanced-cta-text-holder\" style=\"color:#FFFFFF;font-size:25px\">\r\n Abonnieren Sie unseren Newsletter <\/span>\r\n                <span class=\"qode-advanced-cta-icon-holder\" style=\"color:#FFFFFF;font-size:25px\">\r\n                    <span class=\"qode-advanced-cta-icon-holder-table\">\r\n                        <span class=\"qode-advanced-cta-icon-holder-cell\">\r\n                            <i class=\"qode_icon_font_awesome_5 fa5 fa fa-envelope-open-text qode-advanced-cta-icon\"><\/i> <\/span>\r\n                    <\/span>\r\n                <\/span>\r\n            <\/div>\r\n            <div class=\"qode-advanced-cta-background-holder\">\r\n                <span class=\"qode-advanced-cta-background-1 qode-type1-gradient-left-to-right\"><\/span>\r\n                <span class=\"qode-advanced-cta-background-2 qode-type1-gradient-left-to-right\"><\/span>\r\n                <span class=\"qode-advanced-cta-background-3\"><\/span>\r\n            <\/div>\r\n        <\/div>\r\n\t\t\t\t<\/div>\n\t\t\t\t<\/div>\n\t\t\t\t\t<\/div>\n\t\t<\/div>\n\t\t\t\t\t<\/div>\n\t\t<\/section>\n\t\t\t\t<\/div>\n\t\t","protected":false},"excerpt":{"rendered":"<p>Was ist es? Es ist das Risiko, einen Verm\u00f6genswert nicht schnell kaufen oder verkaufen zu k\u00f6nnen, ohne dabei erhebliche Verluste zu erleiden. Das Liquidit\u00e4tsrisiko bezieht sich auf die Schwierigkeit, einen Verm\u00f6genswert in Bargeld umzuwandeln, aufgrund des Mangels an K\u00e4ufern oder Verk\u00e4ufern auf dem Markt. Wenn ein Markt oder Verm\u00f6genswert eine geringe Liquidit\u00e4t aufweist, k\u00f6nnen Transaktionen [&hellip;]<\/p>\n","protected":false},"author":20,"featured_media":0,"parent":67878,"menu_order":0,"comment_status":"closed","ping_status":"closed","template":"","meta":{"inline_featured_image":false,"footnotes":""},"class_list":["post-67772","page","type-page","status-publish","hentry"],"blocksy_meta":[],"yoast_head":"<!-- This site is optimized with the Yoast SEO plugin v27.4 - https:\/\/yoast.com\/product\/yoast-seo-wordpress\/ -->\n<title>Liquidit\u00e4tsrisiko - Urbanitae Blog<\/title>\n<meta name=\"description\" content=\"Es ist das Risiko, einen Verm\u00f6genswert nicht schnell kaufen oder verkaufen zu k\u00f6nnen, ohne erhebliche Verluste zu erleiden. Das Liquidit\u00e4tsrisiko bezieht sich auf die Schwierigkeit, einen Verm\u00f6genswert in Bargeld umzuwandeln, aufgrund eines Mangels an K\u00e4ufern oder Verk\u00e4ufern auf dem Markt.\" \/>\n<meta name=\"robots\" content=\"index, follow, max-snippet:-1, max-image-preview:large, max-video-preview:-1\" \/>\n<link rel=\"canonical\" href=\"https:\/\/blog.urbanitae.com\/de\/glossar\/liquiditaetsrisiko\/\" \/>\n<meta property=\"og:locale\" content=\"de_DE\" \/>\n<meta property=\"og:type\" content=\"article\" \/>\n<meta property=\"og:title\" content=\"Liquidit\u00e4tsrisiko - Urbanitae Blog\" \/>\n<meta property=\"og:description\" content=\"Es ist das Risiko, einen Verm\u00f6genswert nicht schnell kaufen oder verkaufen zu k\u00f6nnen, ohne erhebliche Verluste zu erleiden. Das Liquidit\u00e4tsrisiko bezieht sich auf die Schwierigkeit, einen Verm\u00f6genswert in Bargeld umzuwandeln, aufgrund eines Mangels an K\u00e4ufern oder Verk\u00e4ufern auf dem Markt.\" \/>\n<meta property=\"og:url\" content=\"https:\/\/blog.urbanitae.com\/de\/glossar\/liquiditaetsrisiko\/\" \/>\n<meta property=\"og:site_name\" content=\"Urbanitae Blog | Las mejores noticias sobre inversi\u00f3n inmobiliaria\" \/>\n<meta property=\"article:publisher\" content=\"https:\/\/www.facebook.com\/urbanitae\" \/>\n<meta property=\"article:modified_time\" content=\"2025-08-13T07:17:09+00:00\" \/>\n<meta name=\"twitter:card\" content=\"summary_large_image\" \/>\n<meta name=\"twitter:site\" content=\"@urbanitae\" \/>\n<meta name=\"twitter:label1\" content=\"Gesch\u00e4tzte Lesezeit\" \/>\n\t<meta name=\"twitter:data1\" content=\"2\u00a0Minuten\" \/>\n<script type=\"application\/ld+json\" class=\"yoast-schema-graph\">{\"@context\":\"https:\\\/\\\/schema.org\",\"@graph\":[{\"@type\":\"WebPage\",\"@id\":\"https:\\\/\\\/blog.urbanitae.com\\\/de\\\/glossar\\\/liquiditaetsrisiko\\\/\",\"url\":\"https:\\\/\\\/blog.urbanitae.com\\\/de\\\/glossar\\\/liquiditaetsrisiko\\\/\",\"name\":\"Liquidit\u00e4tsrisiko - Urbanitae Blog\",\"isPartOf\":{\"@id\":\"https:\\\/\\\/blog.urbanitae.com\\\/de\\\/#website\"},\"datePublished\":\"2025-04-15T19:00:59+00:00\",\"dateModified\":\"2025-08-13T07:17:09+00:00\",\"description\":\"Es ist das Risiko, einen Verm\u00f6genswert nicht schnell kaufen oder verkaufen zu k\u00f6nnen, ohne erhebliche Verluste zu erleiden. Das Liquidit\u00e4tsrisiko bezieht sich auf die Schwierigkeit, einen Verm\u00f6genswert in Bargeld umzuwandeln, aufgrund eines Mangels an K\u00e4ufern oder Verk\u00e4ufern auf dem Markt.\",\"breadcrumb\":{\"@id\":\"https:\\\/\\\/blog.urbanitae.com\\\/de\\\/glossar\\\/liquiditaetsrisiko\\\/#breadcrumb\"},\"inLanguage\":\"de\",\"potentialAction\":[{\"@type\":\"ReadAction\",\"target\":[\"https:\\\/\\\/blog.urbanitae.com\\\/de\\\/glossar\\\/liquiditaetsrisiko\\\/\"]}]},{\"@type\":\"BreadcrumbList\",\"@id\":\"https:\\\/\\\/blog.urbanitae.com\\\/de\\\/glossar\\\/liquiditaetsrisiko\\\/#breadcrumb\",\"itemListElement\":[{\"@type\":\"ListItem\",\"position\":1,\"name\":\"Portada\",\"item\":\"https:\\\/\\\/blog.urbanitae.com\\\/de\\\/\"},{\"@type\":\"ListItem\",\"position\":2,\"name\":\"Glossar\",\"item\":\"https:\\\/\\\/blog.urbanitae.com\\\/de\\\/glossar\\\/\"},{\"@type\":\"ListItem\",\"position\":3,\"name\":\"Liquidit\u00e4tsrisiko\"}]},{\"@type\":\"WebSite\",\"@id\":\"https:\\\/\\\/blog.urbanitae.com\\\/de\\\/#website\",\"url\":\"https:\\\/\\\/blog.urbanitae.com\\\/de\\\/\",\"name\":\"Urbanitae Blog | Las mejores noticias sobre inversi\u00f3n inmobiliaria\",\"description\":\"Inversi\u00f3n inmobiliaria al alcance de todos\",\"publisher\":{\"@id\":\"https:\\\/\\\/blog.urbanitae.com\\\/de\\\/#organization\"},\"potentialAction\":[{\"@type\":\"SearchAction\",\"target\":{\"@type\":\"EntryPoint\",\"urlTemplate\":\"https:\\\/\\\/blog.urbanitae.com\\\/de\\\/?s={search_term_string}\"},\"query-input\":{\"@type\":\"PropertyValueSpecification\",\"valueRequired\":true,\"valueName\":\"search_term_string\"}}],\"inLanguage\":\"de\"},{\"@type\":\"Organization\",\"@id\":\"https:\\\/\\\/blog.urbanitae.com\\\/de\\\/#organization\",\"name\":\"Urbanitae\",\"url\":\"https:\\\/\\\/blog.urbanitae.com\\\/de\\\/\",\"logo\":{\"@type\":\"ImageObject\",\"inLanguage\":\"de\",\"@id\":\"https:\\\/\\\/blog.urbanitae.com\\\/de\\\/#\\\/schema\\\/logo\\\/image\\\/\",\"url\":\"https:\\\/\\\/blog.urbanitae.com\\\/wp-content\\\/uploads\\\/2020\\\/04\\\/logo-verde_350x100.svg\",\"contentUrl\":\"https:\\\/\\\/blog.urbanitae.com\\\/wp-content\\\/uploads\\\/2020\\\/04\\\/logo-verde_350x100.svg\",\"width\":350,\"height\":100,\"caption\":\"Urbanitae\"},\"image\":{\"@id\":\"https:\\\/\\\/blog.urbanitae.com\\\/de\\\/#\\\/schema\\\/logo\\\/image\\\/\"},\"sameAs\":[\"https:\\\/\\\/www.facebook.com\\\/urbanitae\",\"https:\\\/\\\/x.com\\\/urbanitae\",\"https:\\\/\\\/www.instagram.com\\\/urbanitae\",\"https:\\\/\\\/www.linkedin.com\\\/company\\\/urbanitae\",\"https:\\\/\\\/www.pinterest.es\\\/UrbanitaeSL\\\/_created\\\/\",\"https:\\\/\\\/www.youtube.com\\\/c\\\/Urbanitae_RE\"]}]}<\/script>\n<!-- \/ Yoast SEO plugin. -->","yoast_head_json":{"title":"Liquidit\u00e4tsrisiko - Urbanitae Blog","description":"Es ist das Risiko, einen Verm\u00f6genswert nicht schnell kaufen oder verkaufen zu k\u00f6nnen, ohne erhebliche Verluste zu erleiden. Das Liquidit\u00e4tsrisiko bezieht sich auf die Schwierigkeit, einen Verm\u00f6genswert in Bargeld umzuwandeln, aufgrund eines Mangels an K\u00e4ufern oder Verk\u00e4ufern auf dem Markt.","robots":{"index":"index","follow":"follow","max-snippet":"max-snippet:-1","max-image-preview":"max-image-preview:large","max-video-preview":"max-video-preview:-1"},"canonical":"https:\/\/blog.urbanitae.com\/de\/glossar\/liquiditaetsrisiko\/","og_locale":"de_DE","og_type":"article","og_title":"Liquidit\u00e4tsrisiko - Urbanitae Blog","og_description":"Es ist das Risiko, einen Verm\u00f6genswert nicht schnell kaufen oder verkaufen zu k\u00f6nnen, ohne erhebliche Verluste zu erleiden. Das Liquidit\u00e4tsrisiko bezieht sich auf die Schwierigkeit, einen Verm\u00f6genswert in Bargeld umzuwandeln, aufgrund eines Mangels an K\u00e4ufern oder Verk\u00e4ufern auf dem Markt.","og_url":"https:\/\/blog.urbanitae.com\/de\/glossar\/liquiditaetsrisiko\/","og_site_name":"Urbanitae Blog | Las mejores noticias sobre inversi\u00f3n inmobiliaria","article_publisher":"https:\/\/www.facebook.com\/urbanitae","article_modified_time":"2025-08-13T07:17:09+00:00","twitter_card":"summary_large_image","twitter_site":"@urbanitae","twitter_misc":{"Gesch\u00e4tzte Lesezeit":"2\u00a0Minuten"},"schema":{"@context":"https:\/\/schema.org","@graph":[{"@type":"WebPage","@id":"https:\/\/blog.urbanitae.com\/de\/glossar\/liquiditaetsrisiko\/","url":"https:\/\/blog.urbanitae.com\/de\/glossar\/liquiditaetsrisiko\/","name":"Liquidit\u00e4tsrisiko - Urbanitae Blog","isPartOf":{"@id":"https:\/\/blog.urbanitae.com\/de\/#website"},"datePublished":"2025-04-15T19:00:59+00:00","dateModified":"2025-08-13T07:17:09+00:00","description":"Es ist das Risiko, einen Verm\u00f6genswert nicht schnell kaufen oder verkaufen zu k\u00f6nnen, ohne erhebliche Verluste zu erleiden. Das Liquidit\u00e4tsrisiko bezieht sich auf die Schwierigkeit, einen Verm\u00f6genswert in Bargeld umzuwandeln, aufgrund eines Mangels an K\u00e4ufern oder Verk\u00e4ufern auf dem Markt.","breadcrumb":{"@id":"https:\/\/blog.urbanitae.com\/de\/glossar\/liquiditaetsrisiko\/#breadcrumb"},"inLanguage":"de","potentialAction":[{"@type":"ReadAction","target":["https:\/\/blog.urbanitae.com\/de\/glossar\/liquiditaetsrisiko\/"]}]},{"@type":"BreadcrumbList","@id":"https:\/\/blog.urbanitae.com\/de\/glossar\/liquiditaetsrisiko\/#breadcrumb","itemListElement":[{"@type":"ListItem","position":1,"name":"Portada","item":"https:\/\/blog.urbanitae.com\/de\/"},{"@type":"ListItem","position":2,"name":"Glossar","item":"https:\/\/blog.urbanitae.com\/de\/glossar\/"},{"@type":"ListItem","position":3,"name":"Liquidit\u00e4tsrisiko"}]},{"@type":"WebSite","@id":"https:\/\/blog.urbanitae.com\/de\/#website","url":"https:\/\/blog.urbanitae.com\/de\/","name":"Urbanitae Blog | Las mejores noticias sobre inversi\u00f3n inmobiliaria","description":"Inversi\u00f3n inmobiliaria al alcance de todos","publisher":{"@id":"https:\/\/blog.urbanitae.com\/de\/#organization"},"potentialAction":[{"@type":"SearchAction","target":{"@type":"EntryPoint","urlTemplate":"https:\/\/blog.urbanitae.com\/de\/?s={search_term_string}"},"query-input":{"@type":"PropertyValueSpecification","valueRequired":true,"valueName":"search_term_string"}}],"inLanguage":"de"},{"@type":"Organization","@id":"https:\/\/blog.urbanitae.com\/de\/#organization","name":"Urbanitae","url":"https:\/\/blog.urbanitae.com\/de\/","logo":{"@type":"ImageObject","inLanguage":"de","@id":"https:\/\/blog.urbanitae.com\/de\/#\/schema\/logo\/image\/","url":"https:\/\/blog.urbanitae.com\/wp-content\/uploads\/2020\/04\/logo-verde_350x100.svg","contentUrl":"https:\/\/blog.urbanitae.com\/wp-content\/uploads\/2020\/04\/logo-verde_350x100.svg","width":350,"height":100,"caption":"Urbanitae"},"image":{"@id":"https:\/\/blog.urbanitae.com\/de\/#\/schema\/logo\/image\/"},"sameAs":["https:\/\/www.facebook.com\/urbanitae","https:\/\/x.com\/urbanitae","https:\/\/www.instagram.com\/urbanitae","https:\/\/www.linkedin.com\/company\/urbanitae","https:\/\/www.pinterest.es\/UrbanitaeSL\/_created\/","https:\/\/www.youtube.com\/c\/Urbanitae_RE"]}]}},"_links":{"self":[{"href":"https:\/\/blog.urbanitae.com\/de\/wp-json\/wp\/v2\/pages\/67772","targetHints":{"allow":["GET"]}}],"collection":[{"href":"https:\/\/blog.urbanitae.com\/de\/wp-json\/wp\/v2\/pages"}],"about":[{"href":"https:\/\/blog.urbanitae.com\/de\/wp-json\/wp\/v2\/types\/page"}],"author":[{"embeddable":true,"href":"https:\/\/blog.urbanitae.com\/de\/wp-json\/wp\/v2\/users\/20"}],"replies":[{"embeddable":true,"href":"https:\/\/blog.urbanitae.com\/de\/wp-json\/wp\/v2\/comments?post=67772"}],"version-history":[{"count":0,"href":"https:\/\/blog.urbanitae.com\/de\/wp-json\/wp\/v2\/pages\/67772\/revisions"}],"up":[{"embeddable":true,"href":"https:\/\/blog.urbanitae.com\/de\/wp-json\/wp\/v2\/pages\/67878"}],"wp:attachment":[{"href":"https:\/\/blog.urbanitae.com\/de\/wp-json\/wp\/v2\/media?parent=67772"}],"curies":[{"name":"wp","href":"https:\/\/api.w.org\/{rel}","templated":true}]}}