{"id":67760,"date":"2024-12-31T11:21:56","date_gmt":"2024-12-31T10:21:56","guid":{"rendered":"https:\/\/blog.urbanitae.com\/immaterielle-vermoegenswerte\/"},"modified":"2025-08-13T09:16:00","modified_gmt":"2025-08-13T07:16:00","slug":"immaterielle-vermoegenswerte","status":"publish","type":"page","link":"https:\/\/blog.urbanitae.com\/de\/glossar\/immaterielle-vermoegenswerte\/","title":{"rendered":"Immaterielle Verm\u00f6genswerte"},"content":{"rendered":"\t\t<div data-elementor-type=\"wp-page\" data-elementor-id=\"67760\" class=\"elementor elementor-67760 elementor-54452\">\n\t\t\t\t\t\t<section class=\"elementor-section elementor-top-section elementor-element elementor-element-d86d887 elementor-section-boxed elementor-section-height-default elementor-section-height-default\" data-id=\"d86d887\" data-element_type=\"section\" data-e-type=\"section\">\n\t\t\t\t\t\t<div class=\"elementor-container elementor-column-gap-default\">\n\t\t\t\t\t<div class=\"elementor-column elementor-col-100 elementor-top-column elementor-element elementor-element-8b49ddd\" data-id=\"8b49ddd\" data-element_type=\"column\" data-e-type=\"column\">\n\t\t\t<div class=\"elementor-widget-wrap elementor-element-populated\">\n\t\t\t\t\t\t<div class=\"elementor-element elementor-element-083b30b elementor-widget__width-initial elementor-widget elementor-widget-text-editor\" data-id=\"083b30b\" data-element_type=\"widget\" data-e-type=\"widget\" data-widget_type=\"text-editor.default\">\n\t\t\t\t<div class=\"elementor-widget-container\">\n\t\t\t\t\t\t\t\t\t<h3>Was sind sie?<\/h3>\n<p style=\"color: #212121; font-family: Roboto, sans-serif; font-size: 16px;\">Immaterielle Verm\u00f6genswerte sind solche, die keine physische Form haben, aber einen bedeutenden wirtschaftlichen Wert besitzen. Im Gegensatz zu materiellen Verm\u00f6genswerten wie Geb\u00e4uden oder Maschinen k\u00f6nnen immaterielle Verm\u00f6genswerte nicht angefasst werden, sind jedoch entscheidend f\u00fcr die Wertsch\u00f6pfung eines Unternehmens. <\/p>\n<p style=\"color: #212121; font-family: Roboto, sans-serif; font-size: 16px;\">Im allgemeinen Kontext umfassen immaterielle Verm\u00f6genswerte Elemente wie geistige Eigentumsrechte, eingetragene Marken, Patente, Lizenzen, Software und Gesch\u00e4fts- oder Firmenwerte. Im Immobilienbereich k\u00f6nnen diese Verm\u00f6genswerte auch Mietvertr\u00e4ge, Nutzungsrechte oder Vereinbarungen umfassen, die indirekte Einnahmen f\u00fcr ihre Eigent\u00fcmer generieren. <\/p>\n<p style=\"color: #212121; font-family: Roboto, sans-serif; font-size: 16px;\">Die Bewertung immaterieller Verm\u00f6genswerte kann komplex sein, da ihr Wert von Faktoren wie der Dauer ihrer gesetzlichen Rechte, ihrer F\u00e4higkeit zur Generierung zuk\u00fcnftiger Einnahmen und den Marktbedingungen abh\u00e4ngt. Diese Verm\u00f6genswerte werden \u00fcblicherweise in folgende Kategorien eingeteilt: <\/p>\n<p style=\"color: #212121; font-family: Roboto, sans-serif; font-size: 16px;\"><strong>Identifizierbare immaterielle Verm\u00f6genswerte:<\/strong> Wie Marken und Patente, die vom Unternehmen getrennt und verkauft oder \u00fcbertragen werden k\u00f6nnen.<br><strong>Nicht identifizierbare immaterielle Verm\u00f6genswerte: <\/strong>Wie der Gesch\u00e4fts- oder Firmenwert, der den zus\u00e4tzlichen Wert darstellt, der mit dem Ruf oder den Gesch\u00e4ftsbeziehungen des Unternehmens verbunden ist.<\/p>\t\t\t\t\t\t\t\t<\/div>\n\t\t\t\t<\/div>\n\t\t\t\t<div class=\"elementor-element elementor-element-11c28c4 elementor-widget__width-initial elementor-widget elementor-widget-text-editor\" data-id=\"11c28c4\" data-element_type=\"widget\" data-e-type=\"widget\" data-widget_type=\"text-editor.default\">\n\t\t\t\t<div class=\"elementor-widget-container\">\n\t\t\t\t\t\t\t\t\t<h3>Wichtige Aspekte, die zu ber\u00fccksichtigen sind<\/h3>\n<p style=\"color: #212121; font-family: Roboto, sans-serif; font-size: 16px;\">Immaterielle Verm\u00f6genswerte spielen eine strategische Rolle bei der Bewertung von Unternehmen und deren Wettbewerbsf\u00e4higkeit auf dem Markt. Ihre effektive Verwaltung ist entscheidend, um ihr wirtschaftliches Potenzial zu maximieren. Allerdings bergen sie auch Risiken, wie das Erl\u00f6schen gesetzlicher Rechte oder Wertschwankungen aufgrund von Branchenver\u00e4nderungen oder regulatorischen Anpassungen.  <\/p>\n\n<p style=\"color: #212121; font-family: Roboto, sans-serif; font-size: 16px;\">F\u00fcr Unternehmen aus dem Immobiliensektor und anderen Branchen mit einem hohen Anteil an immateriellen Verm\u00f6genswerten ist es entscheidend, eine ordnungsgem\u00e4\u00dfe Dokumentation zu f\u00fchren, regelm\u00e4\u00dfige Bewertungen durchzuf\u00fchren und den rechtlichen Schutz dieser Verm\u00f6genswerte sicherzustellen. Dies erm\u00f6glicht eine optimale Nutzung und tr\u00e4gt zum nachhaltigen Wachstum des Unternehmens bei. <\/p>\t\t\t\t\t\t\t\t<\/div>\n\t\t\t\t<\/div>\n\t\t\t\t\t<\/div>\n\t\t<\/div>\n\t\t\t\t\t<\/div>\n\t\t<\/section>\n\t\t\t\t<section class=\"elementor-section elementor-top-section elementor-element elementor-element-aa563c5 elementor-section-full_width elementor-section-stretched elementor-section-height-default elementor-section-height-default\" data-id=\"aa563c5\" data-element_type=\"section\" data-e-type=\"section\" data-settings=\"{&quot;stretch_section&quot;:&quot;section-stretched&quot;}\">\n\t\t\t\t\t\t<div class=\"elementor-container elementor-column-gap-default\">\n\t\t\t\t\t<div class=\"elementor-column elementor-col-100 elementor-top-column elementor-element elementor-element-41114ac\" data-id=\"41114ac\" data-element_type=\"column\" data-e-type=\"column\">\n\t\t\t<div class=\"elementor-widget-wrap elementor-element-populated\">\n\t\t\t\t\t\t<div class=\"elementor-element elementor-element-43f7095 elementor-widget elementor-widget-html\" data-id=\"43f7095\" data-element_type=\"widget\" data-e-type=\"widget\" data-widget_type=\"html.default\">\n\t\t\t\t<div class=\"elementor-widget-container\">\n\t\t\t\t\t\r\n        <div class=\"qode-advanced-call-to-action qode-advanced-cta-gradient qode-advanced-cta-gradient-animation\" style=\"height:80px\">\r\n            <a class=\"advanced-cta-link\" href=\"https:\/\/mkt.urbanitae.com\/Urbanitae_suscripcion_newsletter.html?utm_source=blog&amp;utm_medium=link_blog&amp;utm_campaign=suscripcion_blog&amp;utm_content=boton\" target=\"_blank\" onclick=\"dataLayer.push({'event': 'ub_ga4_event', 'ub_ga4_event_name': 'newsletter', 'ub_ga4_event_element': 'aprende'})\"><\/a>\r\n            <div class=\"qode-advanced-cta-content\">\r\n                <span class=\"qode-advanced-cta-text-holder\" style=\"color:#FFFFFF;font-size:25px\">\r\n Abonnieren Sie unseren Newsletter <\/span>\r\n                <span class=\"qode-advanced-cta-icon-holder\" style=\"color:#FFFFFF;font-size:25px\">\r\n                    <span class=\"qode-advanced-cta-icon-holder-table\">\r\n                        <span class=\"qode-advanced-cta-icon-holder-cell\">\r\n                            <i class=\"qode_icon_font_awesome_5 fa5 fa fa-envelope-open-text qode-advanced-cta-icon\"><\/i> <\/span>\r\n                    <\/span>\r\n                <\/span>\r\n            <\/div>\r\n            <div class=\"qode-advanced-cta-background-holder\">\r\n                <span class=\"qode-advanced-cta-background-1 qode-type1-gradient-left-to-right\"><\/span>\r\n                <span class=\"qode-advanced-cta-background-2 qode-type1-gradient-left-to-right\"><\/span>\r\n                <span class=\"qode-advanced-cta-background-3\"><\/span>\r\n            <\/div>\r\n        <\/div>\r\n\t\t\t\t<\/div>\n\t\t\t\t<\/div>\n\t\t\t\t\t<\/div>\n\t\t<\/div>\n\t\t\t\t\t<\/div>\n\t\t<\/section>\n\t\t\t\t<\/div>\n\t\t","protected":false},"excerpt":{"rendered":"<p>Was sind sie? Immaterielle Verm\u00f6genswerte sind solche, die keine physische Form haben, aber einen bedeutenden wirtschaftlichen Wert besitzen. Im Gegensatz zu materiellen Verm\u00f6genswerten wie Geb\u00e4uden oder Maschinen k\u00f6nnen immaterielle Verm\u00f6genswerte nicht angefasst werden, sind jedoch entscheidend f\u00fcr die Wertsch\u00f6pfung eines Unternehmens. Im allgemeinen Kontext umfassen immaterielle Verm\u00f6genswerte Elemente wie geistige Eigentumsrechte, eingetragene Marken, Patente, Lizenzen, [&hellip;]<\/p>\n","protected":false},"author":4,"featured_media":0,"parent":67878,"menu_order":0,"comment_status":"closed","ping_status":"closed","template":"","meta":{"inline_featured_image":false,"footnotes":""},"class_list":["post-67760","page","type-page","status-publish","hentry"],"yoast_head":"<!-- This site is optimized with the Yoast SEO plugin v27.4 - https:\/\/yoast.com\/product\/yoast-seo-wordpress\/ -->\n<title>Immaterielle Verm\u00f6genswerte - Urbanitae Blog<\/title>\n<meta name=\"description\" content=\"Immaterielle Verm\u00f6genswerte sind solche, die keine physische Form haben, aber einen wirtschaftlichen Wert besitzen. Sie k\u00f6nnen geistige Eigentumsrechte, eingetragene Marken, Patente oder Mietvertr\u00e4ge umfassen.\" \/>\n<meta name=\"robots\" content=\"index, follow, max-snippet:-1, max-image-preview:large, max-video-preview:-1\" \/>\n<link rel=\"canonical\" href=\"https:\/\/blog.urbanitae.com\/de\/glossar\/immaterielle-vermoegenswerte\/\" \/>\n<meta property=\"og:locale\" content=\"de_DE\" \/>\n<meta property=\"og:type\" content=\"article\" \/>\n<meta property=\"og:title\" content=\"Immaterielle Verm\u00f6genswerte - Urbanitae Blog\" \/>\n<meta property=\"og:description\" content=\"Immaterielle Verm\u00f6genswerte sind solche, die keine physische Form haben, aber einen wirtschaftlichen Wert besitzen. Sie k\u00f6nnen geistige Eigentumsrechte, eingetragene Marken, Patente oder Mietvertr\u00e4ge umfassen.\" \/>\n<meta property=\"og:url\" content=\"https:\/\/blog.urbanitae.com\/de\/glossar\/immaterielle-vermoegenswerte\/\" \/>\n<meta property=\"og:site_name\" content=\"Urbanitae Blog | Las mejores noticias sobre inversi\u00f3n inmobiliaria\" \/>\n<meta property=\"article:publisher\" content=\"https:\/\/www.facebook.com\/urbanitae\" \/>\n<meta property=\"article:modified_time\" content=\"2025-08-13T07:16:00+00:00\" \/>\n<meta name=\"twitter:card\" content=\"summary_large_image\" \/>\n<meta name=\"twitter:site\" content=\"@urbanitae\" \/>\n<meta name=\"twitter:label1\" content=\"Gesch\u00e4tzte Lesezeit\" \/>\n\t<meta name=\"twitter:data1\" content=\"1\u00a0Minute\" \/>\n<script type=\"application\/ld+json\" class=\"yoast-schema-graph\">{\"@context\":\"https:\\\/\\\/schema.org\",\"@graph\":[{\"@type\":\"WebPage\",\"@id\":\"https:\\\/\\\/blog.urbanitae.com\\\/de\\\/glossar\\\/immaterielle-vermoegenswerte\\\/\",\"url\":\"https:\\\/\\\/blog.urbanitae.com\\\/de\\\/glossar\\\/immaterielle-vermoegenswerte\\\/\",\"name\":\"Immaterielle Verm\u00f6genswerte - Urbanitae Blog\",\"isPartOf\":{\"@id\":\"https:\\\/\\\/blog.urbanitae.com\\\/de\\\/#website\"},\"datePublished\":\"2024-12-31T10:21:56+00:00\",\"dateModified\":\"2025-08-13T07:16:00+00:00\",\"description\":\"Immaterielle Verm\u00f6genswerte sind solche, die keine physische Form haben, aber einen wirtschaftlichen Wert besitzen. Sie k\u00f6nnen geistige Eigentumsrechte, eingetragene Marken, Patente oder Mietvertr\u00e4ge umfassen.\",\"breadcrumb\":{\"@id\":\"https:\\\/\\\/blog.urbanitae.com\\\/de\\\/glossar\\\/immaterielle-vermoegenswerte\\\/#breadcrumb\"},\"inLanguage\":\"de\",\"potentialAction\":[{\"@type\":\"ReadAction\",\"target\":[\"https:\\\/\\\/blog.urbanitae.com\\\/de\\\/glossar\\\/immaterielle-vermoegenswerte\\\/\"]}]},{\"@type\":\"BreadcrumbList\",\"@id\":\"https:\\\/\\\/blog.urbanitae.com\\\/de\\\/glossar\\\/immaterielle-vermoegenswerte\\\/#breadcrumb\",\"itemListElement\":[{\"@type\":\"ListItem\",\"position\":1,\"name\":\"Portada\",\"item\":\"https:\\\/\\\/blog.urbanitae.com\\\/de\\\/\"},{\"@type\":\"ListItem\",\"position\":2,\"name\":\"Glossar\",\"item\":\"https:\\\/\\\/blog.urbanitae.com\\\/de\\\/glossar\\\/\"},{\"@type\":\"ListItem\",\"position\":3,\"name\":\"Immaterielle Verm\u00f6genswerte\"}]},{\"@type\":\"WebSite\",\"@id\":\"https:\\\/\\\/blog.urbanitae.com\\\/de\\\/#website\",\"url\":\"https:\\\/\\\/blog.urbanitae.com\\\/de\\\/\",\"name\":\"Urbanitae Blog | Las mejores noticias sobre inversi\u00f3n inmobiliaria\",\"description\":\"Inversi\u00f3n inmobiliaria al alcance de todos\",\"publisher\":{\"@id\":\"https:\\\/\\\/blog.urbanitae.com\\\/de\\\/#organization\"},\"potentialAction\":[{\"@type\":\"SearchAction\",\"target\":{\"@type\":\"EntryPoint\",\"urlTemplate\":\"https:\\\/\\\/blog.urbanitae.com\\\/de\\\/?s={search_term_string}\"},\"query-input\":{\"@type\":\"PropertyValueSpecification\",\"valueRequired\":true,\"valueName\":\"search_term_string\"}}],\"inLanguage\":\"de\"},{\"@type\":\"Organization\",\"@id\":\"https:\\\/\\\/blog.urbanitae.com\\\/de\\\/#organization\",\"name\":\"Urbanitae\",\"url\":\"https:\\\/\\\/blog.urbanitae.com\\\/de\\\/\",\"logo\":{\"@type\":\"ImageObject\",\"inLanguage\":\"de\",\"@id\":\"https:\\\/\\\/blog.urbanitae.com\\\/de\\\/#\\\/schema\\\/logo\\\/image\\\/\",\"url\":\"https:\\\/\\\/blog.urbanitae.com\\\/wp-content\\\/uploads\\\/2020\\\/04\\\/logo-verde_350x100.svg\",\"contentUrl\":\"https:\\\/\\\/blog.urbanitae.com\\\/wp-content\\\/uploads\\\/2020\\\/04\\\/logo-verde_350x100.svg\",\"width\":350,\"height\":100,\"caption\":\"Urbanitae\"},\"image\":{\"@id\":\"https:\\\/\\\/blog.urbanitae.com\\\/de\\\/#\\\/schema\\\/logo\\\/image\\\/\"},\"sameAs\":[\"https:\\\/\\\/www.facebook.com\\\/urbanitae\",\"https:\\\/\\\/x.com\\\/urbanitae\",\"https:\\\/\\\/www.instagram.com\\\/urbanitae\",\"https:\\\/\\\/www.linkedin.com\\\/company\\\/urbanitae\",\"https:\\\/\\\/www.pinterest.es\\\/UrbanitaeSL\\\/_created\\\/\",\"https:\\\/\\\/www.youtube.com\\\/c\\\/Urbanitae_RE\"]}]}<\/script>\n<!-- \/ Yoast SEO plugin. -->","yoast_head_json":{"title":"Immaterielle Verm\u00f6genswerte - Urbanitae Blog","description":"Immaterielle Verm\u00f6genswerte sind solche, die keine physische Form haben, aber einen wirtschaftlichen Wert besitzen. Sie k\u00f6nnen geistige Eigentumsrechte, eingetragene Marken, Patente oder Mietvertr\u00e4ge umfassen.","robots":{"index":"index","follow":"follow","max-snippet":"max-snippet:-1","max-image-preview":"max-image-preview:large","max-video-preview":"max-video-preview:-1"},"canonical":"https:\/\/blog.urbanitae.com\/de\/glossar\/immaterielle-vermoegenswerte\/","og_locale":"de_DE","og_type":"article","og_title":"Immaterielle Verm\u00f6genswerte - Urbanitae Blog","og_description":"Immaterielle Verm\u00f6genswerte sind solche, die keine physische Form haben, aber einen wirtschaftlichen Wert besitzen. Sie k\u00f6nnen geistige Eigentumsrechte, eingetragene Marken, Patente oder Mietvertr\u00e4ge umfassen.","og_url":"https:\/\/blog.urbanitae.com\/de\/glossar\/immaterielle-vermoegenswerte\/","og_site_name":"Urbanitae Blog | Las mejores noticias sobre inversi\u00f3n inmobiliaria","article_publisher":"https:\/\/www.facebook.com\/urbanitae","article_modified_time":"2025-08-13T07:16:00+00:00","twitter_card":"summary_large_image","twitter_site":"@urbanitae","twitter_misc":{"Gesch\u00e4tzte Lesezeit":"1\u00a0Minute"},"schema":{"@context":"https:\/\/schema.org","@graph":[{"@type":"WebPage","@id":"https:\/\/blog.urbanitae.com\/de\/glossar\/immaterielle-vermoegenswerte\/","url":"https:\/\/blog.urbanitae.com\/de\/glossar\/immaterielle-vermoegenswerte\/","name":"Immaterielle Verm\u00f6genswerte - Urbanitae Blog","isPartOf":{"@id":"https:\/\/blog.urbanitae.com\/de\/#website"},"datePublished":"2024-12-31T10:21:56+00:00","dateModified":"2025-08-13T07:16:00+00:00","description":"Immaterielle Verm\u00f6genswerte sind solche, die keine physische Form haben, aber einen wirtschaftlichen Wert besitzen. Sie k\u00f6nnen geistige Eigentumsrechte, eingetragene Marken, Patente oder Mietvertr\u00e4ge umfassen.","breadcrumb":{"@id":"https:\/\/blog.urbanitae.com\/de\/glossar\/immaterielle-vermoegenswerte\/#breadcrumb"},"inLanguage":"de","potentialAction":[{"@type":"ReadAction","target":["https:\/\/blog.urbanitae.com\/de\/glossar\/immaterielle-vermoegenswerte\/"]}]},{"@type":"BreadcrumbList","@id":"https:\/\/blog.urbanitae.com\/de\/glossar\/immaterielle-vermoegenswerte\/#breadcrumb","itemListElement":[{"@type":"ListItem","position":1,"name":"Portada","item":"https:\/\/blog.urbanitae.com\/de\/"},{"@type":"ListItem","position":2,"name":"Glossar","item":"https:\/\/blog.urbanitae.com\/de\/glossar\/"},{"@type":"ListItem","position":3,"name":"Immaterielle Verm\u00f6genswerte"}]},{"@type":"WebSite","@id":"https:\/\/blog.urbanitae.com\/de\/#website","url":"https:\/\/blog.urbanitae.com\/de\/","name":"Urbanitae Blog | Las mejores noticias sobre inversi\u00f3n inmobiliaria","description":"Inversi\u00f3n inmobiliaria al alcance de todos","publisher":{"@id":"https:\/\/blog.urbanitae.com\/de\/#organization"},"potentialAction":[{"@type":"SearchAction","target":{"@type":"EntryPoint","urlTemplate":"https:\/\/blog.urbanitae.com\/de\/?s={search_term_string}"},"query-input":{"@type":"PropertyValueSpecification","valueRequired":true,"valueName":"search_term_string"}}],"inLanguage":"de"},{"@type":"Organization","@id":"https:\/\/blog.urbanitae.com\/de\/#organization","name":"Urbanitae","url":"https:\/\/blog.urbanitae.com\/de\/","logo":{"@type":"ImageObject","inLanguage":"de","@id":"https:\/\/blog.urbanitae.com\/de\/#\/schema\/logo\/image\/","url":"https:\/\/blog.urbanitae.com\/wp-content\/uploads\/2020\/04\/logo-verde_350x100.svg","contentUrl":"https:\/\/blog.urbanitae.com\/wp-content\/uploads\/2020\/04\/logo-verde_350x100.svg","width":350,"height":100,"caption":"Urbanitae"},"image":{"@id":"https:\/\/blog.urbanitae.com\/de\/#\/schema\/logo\/image\/"},"sameAs":["https:\/\/www.facebook.com\/urbanitae","https:\/\/x.com\/urbanitae","https:\/\/www.instagram.com\/urbanitae","https:\/\/www.linkedin.com\/company\/urbanitae","https:\/\/www.pinterest.es\/UrbanitaeSL\/_created\/","https:\/\/www.youtube.com\/c\/Urbanitae_RE"]}]}},"_links":{"self":[{"href":"https:\/\/blog.urbanitae.com\/de\/wp-json\/wp\/v2\/pages\/67760","targetHints":{"allow":["GET"]}}],"collection":[{"href":"https:\/\/blog.urbanitae.com\/de\/wp-json\/wp\/v2\/pages"}],"about":[{"href":"https:\/\/blog.urbanitae.com\/de\/wp-json\/wp\/v2\/types\/page"}],"author":[{"embeddable":true,"href":"https:\/\/blog.urbanitae.com\/de\/wp-json\/wp\/v2\/users\/4"}],"replies":[{"embeddable":true,"href":"https:\/\/blog.urbanitae.com\/de\/wp-json\/wp\/v2\/comments?post=67760"}],"version-history":[{"count":1,"href":"https:\/\/blog.urbanitae.com\/de\/wp-json\/wp\/v2\/pages\/67760\/revisions"}],"predecessor-version":[{"id":67761,"href":"https:\/\/blog.urbanitae.com\/de\/wp-json\/wp\/v2\/pages\/67760\/revisions\/67761"}],"up":[{"embeddable":true,"href":"https:\/\/blog.urbanitae.com\/de\/wp-json\/wp\/v2\/pages\/67878"}],"wp:attachment":[{"href":"https:\/\/blog.urbanitae.com\/de\/wp-json\/wp\/v2\/media?parent=67760"}],"curies":[{"name":"wp","href":"https:\/\/api.w.org\/{rel}","templated":true}]}}