{"id":67750,"date":"2025-04-15T11:05:08","date_gmt":"2025-04-15T09:05:08","guid":{"rendered":"https:\/\/blog.urbanitae.com\/sicherheit\/"},"modified":"2025-08-13T09:16:06","modified_gmt":"2025-08-13T07:16:06","slug":"sicherheit","status":"publish","type":"page","link":"https:\/\/blog.urbanitae.com\/de\/glossar\/sicherheit\/","title":{"rendered":"Sicherheit"},"content":{"rendered":"\t\t<div data-elementor-type=\"wp-page\" data-elementor-id=\"67750\" class=\"elementor elementor-67750 elementor-56144\">\n\t\t\t\t\t\t<section class=\"elementor-section elementor-top-section elementor-element elementor-element-d86d887 elementor-section-boxed elementor-section-height-default elementor-section-height-default parallax_section_no qode_elementor_container_no\" data-id=\"d86d887\" data-element_type=\"section\">\n\t\t\t\t\t\t<div class=\"elementor-container elementor-column-gap-default\">\n\t\t\t\t\t<div class=\"elementor-column elementor-col-100 elementor-top-column elementor-element elementor-element-8b49ddd\" data-id=\"8b49ddd\" data-element_type=\"column\">\n\t\t\t<div class=\"elementor-widget-wrap elementor-element-populated\">\n\t\t\t\t\t\t<div class=\"elementor-element elementor-element-083b30b elementor-widget__width-initial elementor-widget elementor-widget-text-editor\" data-id=\"083b30b\" data-element_type=\"widget\" data-widget_type=\"text-editor.default\">\n\t\t\t\t<div class=\"elementor-widget-container\">\n\t\t\t\t\t\t\t\t\t<h3>Was ist es?<\/h3><p style=\"color: #212121; font-family: Roboto, sans-serif; font-size: 16px;\">Eine Garantie ist ein greifbares Verm\u00f6gensobjekt oder eine B\u00fcrgschaft, die als Sicherheit zur Erf\u00fcllung einer finanziellen Verpflichtung angeboten wird. Sie dient als Schutz f\u00fcr die kreditgebende Partei, da im Falle eines Zahlungsausfalls des Schuldners das Sicherungsobjekt liquidiert oder vollstreckt werden kann, um den geschuldeten Betrag zur\u00fcckzuerhalten. Im Immobilienkontext ist die Garantie h\u00e4ufig eine Immobilie, die als Sicherheit zur Absicherung eines Kredits oder einer Investition dient.  <\/p><p style=\"color: #212121; font-family: Roboto, sans-serif; font-size: 16px;\">Dieses Konzept ist \u00fcblich bei Finanzprodukten wie Hypotheken, Unternehmenskrediten oder Investitionsprojekten, bei denen die Sicherheit des Kreditgebers vom Wert des als Garantie angebotenen Verm\u00f6genswerts abh\u00e4ngt. Zum Beispiel wird bei einer Hypothek die erworbene Immobilie zum Sicherungsobjekt des Darlehens. <\/p>\t\t\t\t\t\t\t\t<\/div>\n\t\t\t\t<\/div>\n\t\t\t\t<div class=\"elementor-element elementor-element-11c28c4 elementor-widget__width-initial elementor-widget elementor-widget-text-editor\" data-id=\"11c28c4\" data-element_type=\"widget\" data-widget_type=\"text-editor.default\">\n\t\t\t\t<div class=\"elementor-widget-container\">\n\t\t\t\t\t\t\t\t\t<h3>Wichtige Aspekte, die zu ber\u00fccksichtigen sind<\/h3><p style=\"color: #212121; font-family: Roboto, sans-serif; font-size: 16px;\">Die Garantie bietet sowohl f\u00fcr Kreditgeber als auch f\u00fcr Kreditnehmer verschiedene Vorteile:<\/p><ul><li style=\"color: #212121; font-family: Roboto, sans-serif; font-size: 16px;\"><strong>F\u00fcr den Kreditgeber:<\/strong> Sie verringert das Risiko eines finanziellen Verlusts, da das besicherte Verm\u00f6gensobjekt verwertet werden kann, wenn der Schuldner seinen Verpflichtungen nicht nachkommt.<\/li><li style=\"color: #212121; font-family: Roboto, sans-serif; font-size: 16px;\"><strong>F\u00fcr den Kreditnehmer: <\/strong>Sie erm\u00f6glicht den Zugang zu besseren Finanzierungskonditionen, wie niedrigeren Zinss\u00e4tzen oder l\u00e4ngeren R\u00fcckzahlungsfristen, dank der Verringerung des vom Kreditgeber wahrgenommenen Risikos.<\/li><\/ul><p style=\"color: #212121; font-family: Roboto, sans-serif; font-size: 16px;\">Es ist jedoch wichtig, die damit verbundenen Risiken zu beachten. Wenn der Kreditnehmer die Vertragsbedingungen nicht erf\u00fcllt, kann das Sicherungsverm\u00f6gen eingezogen werden, was zu erheblichen Verlusten f\u00fchren kann. <\/p><p style=\"color: #212121; font-family: Roboto, sans-serif; font-size: 16px;\">Im Immobilienbereich kann die Garantie auch zur Strukturierung komplexerer Investitionen verwendet werden, wie bei Entwicklungsprojekten, bei denen die Immobilie als Sicherheit dient, um zus\u00e4tzliche Finanzierungen zu erhalten. Eine angemessene Bewertung der Garantie ist entscheidend, um sicherzustellen, dass ihr Wert die eingegangene Schuld abdeckt und die Interessen beider Parteien sch\u00fctzt. <\/p>\t\t\t\t\t\t\t\t<\/div>\n\t\t\t\t<\/div>\n\t\t\t\t\t<\/div>\n\t\t<\/div>\n\t\t\t\t\t<\/div>\n\t\t<\/section>\n\t\t\t\t<section class=\"elementor-section elementor-top-section elementor-element elementor-element-aa563c5 elementor-section-full_width elementor-section-stretched elementor-section-height-default elementor-section-height-default parallax_section_no qode_elementor_container_no\" data-id=\"aa563c5\" data-element_type=\"section\" data-settings=\"{&quot;stretch_section&quot;:&quot;section-stretched&quot;}\">\n\t\t\t\t\t\t<div class=\"elementor-container elementor-column-gap-default\">\n\t\t\t\t\t<div class=\"elementor-column elementor-col-100 elementor-top-column elementor-element elementor-element-41114ac\" data-id=\"41114ac\" data-element_type=\"column\">\n\t\t\t<div class=\"elementor-widget-wrap elementor-element-populated\">\n\t\t\t\t\t\t<div class=\"elementor-element elementor-element-43f7095 elementor-widget elementor-widget-html\" data-id=\"43f7095\" data-element_type=\"widget\" data-widget_type=\"html.default\">\n\t\t\t\t<div class=\"elementor-widget-container\">\n\t\t\t\t\t\r\n        <div class=\"qode-advanced-call-to-action qode-advanced-cta-gradient qode-advanced-cta-gradient-animation\" style=\"height:80px\">\r\n            <a class=\"advanced-cta-link\" href=\"https:\/\/mkt.urbanitae.com\/Urbanitae_suscripcion_newsletter.html?utm_source=blog&amp;utm_medium=link_blog&amp;utm_campaign=suscripcion_blog&amp;utm_content=boton\" target=\"_blank\" onclick=\"dataLayer.push({'event': 'ub_ga4_event', 'ub_ga4_event_name': 'newsletter', 'ub_ga4_event_element': 'aprende'})\"><\/a>\r\n            <div class=\"qode-advanced-cta-content\">\r\n                <span class=\"qode-advanced-cta-text-holder\" style=\"color:#FFFFFF;font-size:25px\">\r\n Abonnieren Sie unseren Newsletter <\/span>\r\n                <span class=\"qode-advanced-cta-icon-holder\" style=\"color:#FFFFFF;font-size:25px\">\r\n                    <span class=\"qode-advanced-cta-icon-holder-table\">\r\n                        <span class=\"qode-advanced-cta-icon-holder-cell\">\r\n                            <i class=\"qode_icon_font_awesome_5 fa5 fa fa-envelope-open-text qode-advanced-cta-icon\"><\/i> <\/span>\r\n                    <\/span>\r\n                <\/span>\r\n            <\/div>\r\n            <div class=\"qode-advanced-cta-background-holder\">\r\n                <span class=\"qode-advanced-cta-background-1 qode-type1-gradient-left-to-right\"><\/span>\r\n                <span class=\"qode-advanced-cta-background-2 qode-type1-gradient-left-to-right\"><\/span>\r\n                <span class=\"qode-advanced-cta-background-3\"><\/span>\r\n            <\/div>\r\n        <\/div>\r\n\t\t\t\t<\/div>\n\t\t\t\t<\/div>\n\t\t\t\t\t<\/div>\n\t\t<\/div>\n\t\t\t\t\t<\/div>\n\t\t<\/section>\n\t\t\t\t<\/div>\n\t\t","protected":false},"excerpt":{"rendered":"<p>Was ist es? Eine Garantie ist ein greifbares Verm\u00f6gensobjekt oder eine B\u00fcrgschaft, die als Sicherheit zur Erf\u00fcllung einer finanziellen Verpflichtung angeboten wird. Sie dient als Schutz f\u00fcr die kreditgebende Partei, da im Falle eines Zahlungsausfalls des Schuldners das Sicherungsobjekt liquidiert oder vollstreckt werden kann, um&#8230;<\/p>\n","protected":false},"author":20,"featured_media":0,"parent":67878,"menu_order":0,"comment_status":"closed","ping_status":"closed","template":"","meta":{"inline_featured_image":false,"_lmt_disableupdate":"","_lmt_disable":"","footnotes":""},"class_list":["post-67750","page","type-page","status-publish","hentry"],"yoast_head":"<!-- This site is optimized with the Yoast SEO plugin v26.6 - https:\/\/yoast.com\/wordpress\/plugins\/seo\/ -->\n<title>Sicherheit - Urbanitae Blog<\/title>\n<meta name=\"description\" content=\"Es ist ein greifbares Verm\u00f6gensobjekt oder eine B\u00fcrgschaft, die als Sicherheit angeboten wird, um die Erf\u00fcllung einer finanziellen Verpflichtung zu gew\u00e4hrleisten. Es kann sich auf eine Immobilie beziehen, die als Garantie zur Absicherung eines Kredits oder einer Investition verwendet wird.\" \/>\n<meta name=\"robots\" content=\"index, follow, max-snippet:-1, max-image-preview:large, max-video-preview:-1\" \/>\n<link rel=\"canonical\" href=\"https:\/\/blog.urbanitae.com\/de\/glossar\/sicherheit\/\" \/>\n<meta property=\"og:locale\" content=\"de_DE\" \/>\n<meta property=\"og:type\" content=\"article\" \/>\n<meta property=\"og:title\" content=\"Sicherheit - Urbanitae Blog\" \/>\n<meta property=\"og:description\" content=\"Es ist ein greifbares Verm\u00f6gensobjekt oder eine B\u00fcrgschaft, die als Sicherheit angeboten wird, um die Erf\u00fcllung einer finanziellen Verpflichtung zu gew\u00e4hrleisten. Es kann sich auf eine Immobilie beziehen, die als Garantie zur Absicherung eines Kredits oder einer Investition verwendet wird.\" \/>\n<meta property=\"og:url\" content=\"https:\/\/blog.urbanitae.com\/de\/glossar\/sicherheit\/\" \/>\n<meta property=\"og:site_name\" content=\"Urbanitae Blog | Las mejores noticias sobre inversi\u00f3n inmobiliaria\" \/>\n<meta property=\"article:publisher\" content=\"https:\/\/www.facebook.com\/urbanitae\" \/>\n<meta property=\"article:modified_time\" content=\"2025-08-13T07:16:06+00:00\" \/>\n<meta name=\"twitter:card\" content=\"summary_large_image\" \/>\n<meta name=\"twitter:site\" content=\"@urbanitae\" \/>\n<meta name=\"twitter:label1\" content=\"Gesch\u00e4tzte Lesezeit\" \/>\n\t<meta name=\"twitter:data1\" content=\"1\u00a0Minute\" \/>\n<script type=\"application\/ld+json\" class=\"yoast-schema-graph\">{\"@context\":\"https:\/\/schema.org\",\"@graph\":[{\"@type\":\"WebPage\",\"@id\":\"https:\/\/blog.urbanitae.com\/de\/glossar\/sicherheit\/\",\"url\":\"https:\/\/blog.urbanitae.com\/de\/glossar\/sicherheit\/\",\"name\":\"Sicherheit - Urbanitae Blog\",\"isPartOf\":{\"@id\":\"https:\/\/blog.urbanitae.com\/de\/#website\"},\"datePublished\":\"2025-04-15T09:05:08+00:00\",\"dateModified\":\"2025-08-13T07:16:06+00:00\",\"description\":\"Es ist ein greifbares Verm\u00f6gensobjekt oder eine B\u00fcrgschaft, die als Sicherheit angeboten wird, um die Erf\u00fcllung einer finanziellen Verpflichtung zu gew\u00e4hrleisten. Es kann sich auf eine Immobilie beziehen, die als Garantie zur Absicherung eines Kredits oder einer Investition verwendet wird.\",\"breadcrumb\":{\"@id\":\"https:\/\/blog.urbanitae.com\/de\/glossar\/sicherheit\/#breadcrumb\"},\"inLanguage\":\"de\",\"potentialAction\":[{\"@type\":\"ReadAction\",\"target\":[\"https:\/\/blog.urbanitae.com\/de\/glossar\/sicherheit\/\"]}]},{\"@type\":\"BreadcrumbList\",\"@id\":\"https:\/\/blog.urbanitae.com\/de\/glossar\/sicherheit\/#breadcrumb\",\"itemListElement\":[{\"@type\":\"ListItem\",\"position\":1,\"name\":\"Portada\",\"item\":\"https:\/\/blog.urbanitae.com\/de\/\"},{\"@type\":\"ListItem\",\"position\":2,\"name\":\"Glossar\",\"item\":\"https:\/\/blog.urbanitae.com\/de\/glossar\/\"},{\"@type\":\"ListItem\",\"position\":3,\"name\":\"Sicherheit\"}]},{\"@type\":\"WebSite\",\"@id\":\"https:\/\/blog.urbanitae.com\/de\/#website\",\"url\":\"https:\/\/blog.urbanitae.com\/de\/\",\"name\":\"Urbanitae Blog | Las mejores noticias sobre inversi\u00f3n inmobiliaria\",\"description\":\"Inversi\u00f3n inmobiliaria al alcance de todos\",\"publisher\":{\"@id\":\"https:\/\/blog.urbanitae.com\/de\/#organization\"},\"potentialAction\":[{\"@type\":\"SearchAction\",\"target\":{\"@type\":\"EntryPoint\",\"urlTemplate\":\"https:\/\/blog.urbanitae.com\/de\/?s={search_term_string}\"},\"query-input\":{\"@type\":\"PropertyValueSpecification\",\"valueRequired\":true,\"valueName\":\"search_term_string\"}}],\"inLanguage\":\"de\"},{\"@type\":\"Organization\",\"@id\":\"https:\/\/blog.urbanitae.com\/de\/#organization\",\"name\":\"Urbanitae\",\"url\":\"https:\/\/blog.urbanitae.com\/de\/\",\"logo\":{\"@type\":\"ImageObject\",\"inLanguage\":\"de\",\"@id\":\"https:\/\/blog.urbanitae.com\/de\/#\/schema\/logo\/image\/\",\"url\":\"https:\/\/blog.urbanitae.com\/wp-content\/uploads\/2020\/04\/logo-verde_350x100.svg\",\"contentUrl\":\"https:\/\/blog.urbanitae.com\/wp-content\/uploads\/2020\/04\/logo-verde_350x100.svg\",\"width\":350,\"height\":100,\"caption\":\"Urbanitae\"},\"image\":{\"@id\":\"https:\/\/blog.urbanitae.com\/de\/#\/schema\/logo\/image\/\"},\"sameAs\":[\"https:\/\/www.facebook.com\/urbanitae\",\"https:\/\/x.com\/urbanitae\",\"https:\/\/www.instagram.com\/urbanitae\",\"https:\/\/www.linkedin.com\/company\/urbanitae\",\"https:\/\/www.pinterest.es\/UrbanitaeSL\/_created\/\",\"https:\/\/www.youtube.com\/c\/Urbanitae_RE\"]}]}<\/script>\n<!-- \/ Yoast SEO plugin. -->","yoast_head_json":{"title":"Sicherheit - Urbanitae Blog","description":"Es ist ein greifbares Verm\u00f6gensobjekt oder eine B\u00fcrgschaft, die als Sicherheit angeboten wird, um die Erf\u00fcllung einer finanziellen Verpflichtung zu gew\u00e4hrleisten. Es kann sich auf eine Immobilie beziehen, die als Garantie zur Absicherung eines Kredits oder einer Investition verwendet wird.","robots":{"index":"index","follow":"follow","max-snippet":"max-snippet:-1","max-image-preview":"max-image-preview:large","max-video-preview":"max-video-preview:-1"},"canonical":"https:\/\/blog.urbanitae.com\/de\/glossar\/sicherheit\/","og_locale":"de_DE","og_type":"article","og_title":"Sicherheit - Urbanitae Blog","og_description":"Es ist ein greifbares Verm\u00f6gensobjekt oder eine B\u00fcrgschaft, die als Sicherheit angeboten wird, um die Erf\u00fcllung einer finanziellen Verpflichtung zu gew\u00e4hrleisten. Es kann sich auf eine Immobilie beziehen, die als Garantie zur Absicherung eines Kredits oder einer Investition verwendet wird.","og_url":"https:\/\/blog.urbanitae.com\/de\/glossar\/sicherheit\/","og_site_name":"Urbanitae Blog | Las mejores noticias sobre inversi\u00f3n inmobiliaria","article_publisher":"https:\/\/www.facebook.com\/urbanitae","article_modified_time":"2025-08-13T07:16:06+00:00","twitter_card":"summary_large_image","twitter_site":"@urbanitae","twitter_misc":{"Gesch\u00e4tzte Lesezeit":"1\u00a0Minute"},"schema":{"@context":"https:\/\/schema.org","@graph":[{"@type":"WebPage","@id":"https:\/\/blog.urbanitae.com\/de\/glossar\/sicherheit\/","url":"https:\/\/blog.urbanitae.com\/de\/glossar\/sicherheit\/","name":"Sicherheit - Urbanitae Blog","isPartOf":{"@id":"https:\/\/blog.urbanitae.com\/de\/#website"},"datePublished":"2025-04-15T09:05:08+00:00","dateModified":"2025-08-13T07:16:06+00:00","description":"Es ist ein greifbares Verm\u00f6gensobjekt oder eine B\u00fcrgschaft, die als Sicherheit angeboten wird, um die Erf\u00fcllung einer finanziellen Verpflichtung zu gew\u00e4hrleisten. Es kann sich auf eine Immobilie beziehen, die als Garantie zur Absicherung eines Kredits oder einer Investition verwendet wird.","breadcrumb":{"@id":"https:\/\/blog.urbanitae.com\/de\/glossar\/sicherheit\/#breadcrumb"},"inLanguage":"de","potentialAction":[{"@type":"ReadAction","target":["https:\/\/blog.urbanitae.com\/de\/glossar\/sicherheit\/"]}]},{"@type":"BreadcrumbList","@id":"https:\/\/blog.urbanitae.com\/de\/glossar\/sicherheit\/#breadcrumb","itemListElement":[{"@type":"ListItem","position":1,"name":"Portada","item":"https:\/\/blog.urbanitae.com\/de\/"},{"@type":"ListItem","position":2,"name":"Glossar","item":"https:\/\/blog.urbanitae.com\/de\/glossar\/"},{"@type":"ListItem","position":3,"name":"Sicherheit"}]},{"@type":"WebSite","@id":"https:\/\/blog.urbanitae.com\/de\/#website","url":"https:\/\/blog.urbanitae.com\/de\/","name":"Urbanitae Blog | Las mejores noticias sobre inversi\u00f3n inmobiliaria","description":"Inversi\u00f3n inmobiliaria al alcance de todos","publisher":{"@id":"https:\/\/blog.urbanitae.com\/de\/#organization"},"potentialAction":[{"@type":"SearchAction","target":{"@type":"EntryPoint","urlTemplate":"https:\/\/blog.urbanitae.com\/de\/?s={search_term_string}"},"query-input":{"@type":"PropertyValueSpecification","valueRequired":true,"valueName":"search_term_string"}}],"inLanguage":"de"},{"@type":"Organization","@id":"https:\/\/blog.urbanitae.com\/de\/#organization","name":"Urbanitae","url":"https:\/\/blog.urbanitae.com\/de\/","logo":{"@type":"ImageObject","inLanguage":"de","@id":"https:\/\/blog.urbanitae.com\/de\/#\/schema\/logo\/image\/","url":"https:\/\/blog.urbanitae.com\/wp-content\/uploads\/2020\/04\/logo-verde_350x100.svg","contentUrl":"https:\/\/blog.urbanitae.com\/wp-content\/uploads\/2020\/04\/logo-verde_350x100.svg","width":350,"height":100,"caption":"Urbanitae"},"image":{"@id":"https:\/\/blog.urbanitae.com\/de\/#\/schema\/logo\/image\/"},"sameAs":["https:\/\/www.facebook.com\/urbanitae","https:\/\/x.com\/urbanitae","https:\/\/www.instagram.com\/urbanitae","https:\/\/www.linkedin.com\/company\/urbanitae","https:\/\/www.pinterest.es\/UrbanitaeSL\/_created\/","https:\/\/www.youtube.com\/c\/Urbanitae_RE"]}]}},"_links":{"self":[{"href":"https:\/\/blog.urbanitae.com\/de\/wp-json\/wp\/v2\/pages\/67750","targetHints":{"allow":["GET"]}}],"collection":[{"href":"https:\/\/blog.urbanitae.com\/de\/wp-json\/wp\/v2\/pages"}],"about":[{"href":"https:\/\/blog.urbanitae.com\/de\/wp-json\/wp\/v2\/types\/page"}],"author":[{"embeddable":true,"href":"https:\/\/blog.urbanitae.com\/de\/wp-json\/wp\/v2\/users\/20"}],"replies":[{"embeddable":true,"href":"https:\/\/blog.urbanitae.com\/de\/wp-json\/wp\/v2\/comments?post=67750"}],"version-history":[{"count":1,"href":"https:\/\/blog.urbanitae.com\/de\/wp-json\/wp\/v2\/pages\/67750\/revisions"}],"predecessor-version":[{"id":67751,"href":"https:\/\/blog.urbanitae.com\/de\/wp-json\/wp\/v2\/pages\/67750\/revisions\/67751"}],"up":[{"embeddable":true,"href":"https:\/\/blog.urbanitae.com\/de\/wp-json\/wp\/v2\/pages\/67878"}],"wp:attachment":[{"href":"https:\/\/blog.urbanitae.com\/de\/wp-json\/wp\/v2\/media?parent=67750"}],"curies":[{"name":"wp","href":"https:\/\/api.w.org\/{rel}","templated":true}]}}