{"id":67744,"date":"2025-04-15T21:44:56","date_gmt":"2025-04-15T19:44:56","guid":{"rendered":"https:\/\/blog.urbanitae.com\/neugruendungen\/"},"modified":"2025-08-13T09:17:20","modified_gmt":"2025-08-13T07:17:20","slug":"neugruendungen","status":"publish","type":"page","link":"https:\/\/blog.urbanitae.com\/de\/glossar\/neugruendungen\/","title":{"rendered":"Neugr\u00fcndungen"},"content":{"rendered":"\t\t<div data-elementor-type=\"wp-page\" data-elementor-id=\"67744\" class=\"elementor elementor-67744 elementor-57252\">\n\t\t\t\t\t\t<section class=\"elementor-section elementor-top-section elementor-element elementor-element-d86d887 elementor-section-boxed elementor-section-height-default elementor-section-height-default\" data-id=\"d86d887\" data-element_type=\"section\" data-e-type=\"section\">\n\t\t\t\t\t\t<div class=\"elementor-container elementor-column-gap-default\">\n\t\t\t\t\t<div class=\"elementor-column elementor-col-100 elementor-top-column elementor-element elementor-element-8b49ddd\" data-id=\"8b49ddd\" data-element_type=\"column\" data-e-type=\"column\">\n\t\t\t<div class=\"elementor-widget-wrap elementor-element-populated\">\n\t\t\t\t\t\t<div class=\"elementor-element elementor-element-083b30b elementor-widget__width-initial elementor-widget elementor-widget-text-editor\" data-id=\"083b30b\" data-element_type=\"widget\" data-e-type=\"widget\" data-widget_type=\"text-editor.default\">\n\t\t\t\t<div class=\"elementor-widget-container\">\n\t\t\t\t\t\t\t\t\t<h3>Was sind sie?<\/h3><p style=\"color: #212121; font-family: Roboto, sans-serif; font-size: 16px;\">Startups sind Unternehmen in ihren fr\u00fchen Entwicklungs- und Wachstumsphasen. <strong>Startups<\/strong> sind meist innovativ, technologieorientiert und haben ein hohes Wachstumspotenzial, weisen jedoch auch ein h\u00f6heres Risiko auf. Diese Unternehmen befinden sich in den fr\u00fchen Phasen ihres Lebenszyklus und suchen oft externe Finanzierung, um ihr Wachstum voranzutreiben, wie beispielsweise Risikokapital oder Business Angels.  <\/p><p style=\"color: #212121; font-family: Roboto, sans-serif; font-size: 16px;\">Startups zeichnen sich durch ihre F\u00e4higkeit aus, innovative Ideen in skalierbare Gesch\u00e4ftsmodelle umzusetzen, indem sie neue Technologien, Produkte oder Dienstleistungen nutzen. Aufgrund ihres jungen Alters und der unsicheren Natur ihrer Gesch\u00e4ftsmodelle k\u00f6nnen Startups jedoch anf\u00e4llig f\u00fcr Misserfolge sein, was sie riskanter macht als etablierte Unternehmen. <\/p>\t\t\t\t\t\t\t\t<\/div>\n\t\t\t\t<\/div>\n\t\t\t\t<div class=\"elementor-element elementor-element-11c28c4 elementor-widget__width-initial elementor-widget elementor-widget-text-editor\" data-id=\"11c28c4\" data-element_type=\"widget\" data-e-type=\"widget\" data-widget_type=\"text-editor.default\">\n\t\t\t\t<div class=\"elementor-widget-container\">\n\t\t\t\t\t\t\t\t\t<h3>Wichtige Aspekte, die zu ber\u00fccksichtigen sind<\/h3><p style=\"color: #212121; font-family: Roboto, sans-serif; font-size: 16px;\"><strong>Startups <\/strong>k\u00f6nnen bei Erfolg erhebliche Renditen bieten, sind jedoch auch hohen Risiken ausgesetzt, wie zum Beispiel mangelnder Rentabilit\u00e4t in den ersten Jahren oder der Unf\u00e4higkeit, sich an Marktver\u00e4nderungen anzupassen. Investoren m\u00fcssen bereit sein, das Risiko eines Totalverlusts ihrer Investition einzugehen, insbesondere in stark wettbewerbsintensiven oder innovativen Branchen. <\/p><p style=\"color: #212121; font-family: Roboto, sans-serif; font-size: 16px;\">Au\u00dferdem ist das Wachstumspotenzial einer der Hauptanziehungspunkte von Startups. Obwohl diese Unternehmen gro\u00dfe Gewinne erzielen k\u00f6nnen, wenn sie schnell skalieren, ist ein Scheitern eine reale M\u00f6glichkeit, da Startups oft nicht \u00fcber die Erfahrung, die Ressourcen und die Stabilit\u00e4t etablierter Unternehmen verf\u00fcgen. <\/p><p style=\"color: #212121; font-family: Roboto, sans-serif; font-size: 16px;\">Investoren, die an Startups interessiert sind, sollten eine gr\u00fcndliche Due-Diligence-Pr\u00fcfung durchf\u00fchren, wobei sie die Tragf\u00e4higkeit des Gesch\u00e4ftsmodells, die Erfahrung des Gr\u00fcnderteams, die Wachstumsaussichten und die mit dem Markt verbundenen Risiken bewerten. Sie sollten sich auch bewusst sein, dass Startups in der Regel einen l\u00e4ngeren Zeithorizont haben, um Renditen zu erzielen, und dass Investitionen \u00fcber mehrere Jahre hinweg illiquide sein k\u00f6nnen. <\/p>\t\t\t\t\t\t\t\t<\/div>\n\t\t\t\t<\/div>\n\t\t\t\t\t<\/div>\n\t\t<\/div>\n\t\t\t\t\t<\/div>\n\t\t<\/section>\n\t\t\t\t<section class=\"elementor-section elementor-top-section elementor-element elementor-element-aa563c5 elementor-section-full_width elementor-section-stretched elementor-section-height-default elementor-section-height-default\" data-id=\"aa563c5\" data-element_type=\"section\" data-e-type=\"section\" data-settings=\"{&quot;stretch_section&quot;:&quot;section-stretched&quot;}\">\n\t\t\t\t\t\t<div class=\"elementor-container elementor-column-gap-default\">\n\t\t\t\t\t<div class=\"elementor-column elementor-col-100 elementor-top-column elementor-element elementor-element-41114ac\" data-id=\"41114ac\" data-element_type=\"column\" data-e-type=\"column\">\n\t\t\t<div class=\"elementor-widget-wrap elementor-element-populated\">\n\t\t\t\t\t\t<div class=\"elementor-element elementor-element-43f7095 elementor-widget elementor-widget-html\" data-id=\"43f7095\" data-element_type=\"widget\" data-e-type=\"widget\" data-widget_type=\"html.default\">\n\t\t\t\t<div class=\"elementor-widget-container\">\n\t\t\t\t\t\r\n        <div class=\"qode-advanced-call-to-action qode-advanced-cta-gradient qode-advanced-cta-gradient-animation\" style=\"height:80px\">\r\n            <a class=\"advanced-cta-link\" href=\"https:\/\/mkt.urbanitae.com\/Urbanitae_suscripcion_newsletter.html?utm_source=blog&amp;utm_medium=link_blog&amp;utm_campaign=suscripcion_blog&amp;utm_content=boton\" target=\"_blank\" onclick=\"dataLayer.push({'event': 'ub_ga4_event', 'ub_ga4_event_name': 'newsletter', 'ub_ga4_event_element': 'aprende'})\"><\/a>\r\n            <div class=\"qode-advanced-cta-content\">\r\n                <span class=\"qode-advanced-cta-text-holder\" style=\"color:#FFFFFF;font-size:25px\">\r\n Abonnieren Sie unseren Newsletter <\/span>\r\n                <span class=\"qode-advanced-cta-icon-holder\" style=\"color:#FFFFFF;font-size:25px\">\r\n                    <span class=\"qode-advanced-cta-icon-holder-table\">\r\n                        <span class=\"qode-advanced-cta-icon-holder-cell\">\r\n                            <i class=\"qode_icon_font_awesome_5 fa5 fa fa-envelope-open-text qode-advanced-cta-icon\"><\/i> <\/span>\r\n                    <\/span>\r\n                <\/span>\r\n            <\/div>\r\n            <div class=\"qode-advanced-cta-background-holder\">\r\n                <span class=\"qode-advanced-cta-background-1 qode-type1-gradient-left-to-right\"><\/span>\r\n                <span class=\"qode-advanced-cta-background-2 qode-type1-gradient-left-to-right\"><\/span>\r\n                <span class=\"qode-advanced-cta-background-3\"><\/span>\r\n            <\/div>\r\n        <\/div>\r\n\t\t\t\t<\/div>\n\t\t\t\t<\/div>\n\t\t\t\t\t<\/div>\n\t\t<\/div>\n\t\t\t\t\t<\/div>\n\t\t<\/section>\n\t\t\t\t<\/div>\n\t\t","protected":false},"excerpt":{"rendered":"<p>Was sind sie? Startups sind Unternehmen in ihren fr\u00fchen Entwicklungs- und Wachstumsphasen. Startups sind meist innovativ, technologieorientiert und haben ein hohes Wachstumspotenzial, weisen jedoch auch ein h\u00f6heres Risiko auf. Diese Unternehmen befinden sich in den fr\u00fchen Phasen ihres Lebenszyklus und suchen oft externe Finanzierung, um ihr Wachstum voranzutreiben, wie beispielsweise Risikokapital oder Business Angels. Startups [&hellip;]<\/p>\n","protected":false},"author":20,"featured_media":0,"parent":67878,"menu_order":0,"comment_status":"closed","ping_status":"closed","template":"","meta":{"inline_featured_image":false,"footnotes":""},"class_list":["post-67744","page","type-page","status-publish","hentry"],"yoast_head":"<!-- This site is optimized with the Yoast SEO plugin v27.4 - https:\/\/yoast.com\/product\/yoast-seo-wordpress\/ -->\n<title>Neugr\u00fcndungen - Urbanitae Blog<\/title>\n<meta name=\"description\" content=\"Er bezieht sich auf Unternehmen in der Anfangsphase ihrer Entwicklung und ihres Wachstums. Start-ups sind oft innovativ, technologiebasiert und haben ein hohes Wachstumspotenzial, aber auch ein h\u00f6heres Risiko.\" \/>\n<meta name=\"robots\" content=\"index, follow, max-snippet:-1, max-image-preview:large, max-video-preview:-1\" \/>\n<link rel=\"canonical\" href=\"https:\/\/blog.urbanitae.com\/de\/glossar\/neugruendungen\/\" \/>\n<meta property=\"og:locale\" content=\"de_DE\" \/>\n<meta property=\"og:type\" content=\"article\" \/>\n<meta property=\"og:title\" content=\"Neugr\u00fcndungen - Urbanitae Blog\" \/>\n<meta property=\"og:description\" content=\"Er bezieht sich auf Unternehmen in der Anfangsphase ihrer Entwicklung und ihres Wachstums. Start-ups sind oft innovativ, technologiebasiert und haben ein hohes Wachstumspotenzial, aber auch ein h\u00f6heres Risiko.\" \/>\n<meta property=\"og:url\" content=\"https:\/\/blog.urbanitae.com\/de\/glossar\/neugruendungen\/\" \/>\n<meta property=\"og:site_name\" content=\"Urbanitae Blog | Las mejores noticias sobre inversi\u00f3n inmobiliaria\" \/>\n<meta property=\"article:publisher\" content=\"https:\/\/www.facebook.com\/urbanitae\" \/>\n<meta property=\"article:modified_time\" content=\"2025-08-13T07:17:20+00:00\" \/>\n<meta name=\"twitter:card\" content=\"summary_large_image\" \/>\n<meta name=\"twitter:site\" content=\"@urbanitae\" \/>\n<meta name=\"twitter:label1\" content=\"Gesch\u00e4tzte Lesezeit\" \/>\n\t<meta name=\"twitter:data1\" content=\"1\u00a0Minute\" \/>\n<script type=\"application\/ld+json\" class=\"yoast-schema-graph\">{\"@context\":\"https:\\\/\\\/schema.org\",\"@graph\":[{\"@type\":\"WebPage\",\"@id\":\"https:\\\/\\\/blog.urbanitae.com\\\/de\\\/glossar\\\/neugruendungen\\\/\",\"url\":\"https:\\\/\\\/blog.urbanitae.com\\\/de\\\/glossar\\\/neugruendungen\\\/\",\"name\":\"Neugr\u00fcndungen - Urbanitae Blog\",\"isPartOf\":{\"@id\":\"https:\\\/\\\/blog.urbanitae.com\\\/de\\\/#website\"},\"datePublished\":\"2025-04-15T19:44:56+00:00\",\"dateModified\":\"2025-08-13T07:17:20+00:00\",\"description\":\"Er bezieht sich auf Unternehmen in der Anfangsphase ihrer Entwicklung und ihres Wachstums. Start-ups sind oft innovativ, technologiebasiert und haben ein hohes Wachstumspotenzial, aber auch ein h\u00f6heres Risiko.\",\"breadcrumb\":{\"@id\":\"https:\\\/\\\/blog.urbanitae.com\\\/de\\\/glossar\\\/neugruendungen\\\/#breadcrumb\"},\"inLanguage\":\"de\",\"potentialAction\":[{\"@type\":\"ReadAction\",\"target\":[\"https:\\\/\\\/blog.urbanitae.com\\\/de\\\/glossar\\\/neugruendungen\\\/\"]}]},{\"@type\":\"BreadcrumbList\",\"@id\":\"https:\\\/\\\/blog.urbanitae.com\\\/de\\\/glossar\\\/neugruendungen\\\/#breadcrumb\",\"itemListElement\":[{\"@type\":\"ListItem\",\"position\":1,\"name\":\"Portada\",\"item\":\"https:\\\/\\\/blog.urbanitae.com\\\/de\\\/\"},{\"@type\":\"ListItem\",\"position\":2,\"name\":\"Glossar\",\"item\":\"https:\\\/\\\/blog.urbanitae.com\\\/de\\\/glossar\\\/\"},{\"@type\":\"ListItem\",\"position\":3,\"name\":\"Neugr\u00fcndungen\"}]},{\"@type\":\"WebSite\",\"@id\":\"https:\\\/\\\/blog.urbanitae.com\\\/de\\\/#website\",\"url\":\"https:\\\/\\\/blog.urbanitae.com\\\/de\\\/\",\"name\":\"Urbanitae Blog | Las mejores noticias sobre inversi\u00f3n inmobiliaria\",\"description\":\"Inversi\u00f3n inmobiliaria al alcance de todos\",\"publisher\":{\"@id\":\"https:\\\/\\\/blog.urbanitae.com\\\/de\\\/#organization\"},\"potentialAction\":[{\"@type\":\"SearchAction\",\"target\":{\"@type\":\"EntryPoint\",\"urlTemplate\":\"https:\\\/\\\/blog.urbanitae.com\\\/de\\\/?s={search_term_string}\"},\"query-input\":{\"@type\":\"PropertyValueSpecification\",\"valueRequired\":true,\"valueName\":\"search_term_string\"}}],\"inLanguage\":\"de\"},{\"@type\":\"Organization\",\"@id\":\"https:\\\/\\\/blog.urbanitae.com\\\/de\\\/#organization\",\"name\":\"Urbanitae\",\"url\":\"https:\\\/\\\/blog.urbanitae.com\\\/de\\\/\",\"logo\":{\"@type\":\"ImageObject\",\"inLanguage\":\"de\",\"@id\":\"https:\\\/\\\/blog.urbanitae.com\\\/de\\\/#\\\/schema\\\/logo\\\/image\\\/\",\"url\":\"https:\\\/\\\/blog.urbanitae.com\\\/wp-content\\\/uploads\\\/2020\\\/04\\\/logo-verde_350x100.svg\",\"contentUrl\":\"https:\\\/\\\/blog.urbanitae.com\\\/wp-content\\\/uploads\\\/2020\\\/04\\\/logo-verde_350x100.svg\",\"width\":350,\"height\":100,\"caption\":\"Urbanitae\"},\"image\":{\"@id\":\"https:\\\/\\\/blog.urbanitae.com\\\/de\\\/#\\\/schema\\\/logo\\\/image\\\/\"},\"sameAs\":[\"https:\\\/\\\/www.facebook.com\\\/urbanitae\",\"https:\\\/\\\/x.com\\\/urbanitae\",\"https:\\\/\\\/www.instagram.com\\\/urbanitae\",\"https:\\\/\\\/www.linkedin.com\\\/company\\\/urbanitae\",\"https:\\\/\\\/www.pinterest.es\\\/UrbanitaeSL\\\/_created\\\/\",\"https:\\\/\\\/www.youtube.com\\\/c\\\/Urbanitae_RE\"]}]}<\/script>\n<!-- \/ Yoast SEO plugin. -->","yoast_head_json":{"title":"Neugr\u00fcndungen - Urbanitae Blog","description":"Er bezieht sich auf Unternehmen in der Anfangsphase ihrer Entwicklung und ihres Wachstums. Start-ups sind oft innovativ, technologiebasiert und haben ein hohes Wachstumspotenzial, aber auch ein h\u00f6heres Risiko.","robots":{"index":"index","follow":"follow","max-snippet":"max-snippet:-1","max-image-preview":"max-image-preview:large","max-video-preview":"max-video-preview:-1"},"canonical":"https:\/\/blog.urbanitae.com\/de\/glossar\/neugruendungen\/","og_locale":"de_DE","og_type":"article","og_title":"Neugr\u00fcndungen - Urbanitae Blog","og_description":"Er bezieht sich auf Unternehmen in der Anfangsphase ihrer Entwicklung und ihres Wachstums. Start-ups sind oft innovativ, technologiebasiert und haben ein hohes Wachstumspotenzial, aber auch ein h\u00f6heres Risiko.","og_url":"https:\/\/blog.urbanitae.com\/de\/glossar\/neugruendungen\/","og_site_name":"Urbanitae Blog | Las mejores noticias sobre inversi\u00f3n inmobiliaria","article_publisher":"https:\/\/www.facebook.com\/urbanitae","article_modified_time":"2025-08-13T07:17:20+00:00","twitter_card":"summary_large_image","twitter_site":"@urbanitae","twitter_misc":{"Gesch\u00e4tzte Lesezeit":"1\u00a0Minute"},"schema":{"@context":"https:\/\/schema.org","@graph":[{"@type":"WebPage","@id":"https:\/\/blog.urbanitae.com\/de\/glossar\/neugruendungen\/","url":"https:\/\/blog.urbanitae.com\/de\/glossar\/neugruendungen\/","name":"Neugr\u00fcndungen - Urbanitae Blog","isPartOf":{"@id":"https:\/\/blog.urbanitae.com\/de\/#website"},"datePublished":"2025-04-15T19:44:56+00:00","dateModified":"2025-08-13T07:17:20+00:00","description":"Er bezieht sich auf Unternehmen in der Anfangsphase ihrer Entwicklung und ihres Wachstums. Start-ups sind oft innovativ, technologiebasiert und haben ein hohes Wachstumspotenzial, aber auch ein h\u00f6heres Risiko.","breadcrumb":{"@id":"https:\/\/blog.urbanitae.com\/de\/glossar\/neugruendungen\/#breadcrumb"},"inLanguage":"de","potentialAction":[{"@type":"ReadAction","target":["https:\/\/blog.urbanitae.com\/de\/glossar\/neugruendungen\/"]}]},{"@type":"BreadcrumbList","@id":"https:\/\/blog.urbanitae.com\/de\/glossar\/neugruendungen\/#breadcrumb","itemListElement":[{"@type":"ListItem","position":1,"name":"Portada","item":"https:\/\/blog.urbanitae.com\/de\/"},{"@type":"ListItem","position":2,"name":"Glossar","item":"https:\/\/blog.urbanitae.com\/de\/glossar\/"},{"@type":"ListItem","position":3,"name":"Neugr\u00fcndungen"}]},{"@type":"WebSite","@id":"https:\/\/blog.urbanitae.com\/de\/#website","url":"https:\/\/blog.urbanitae.com\/de\/","name":"Urbanitae Blog | Las mejores noticias sobre inversi\u00f3n inmobiliaria","description":"Inversi\u00f3n inmobiliaria al alcance de todos","publisher":{"@id":"https:\/\/blog.urbanitae.com\/de\/#organization"},"potentialAction":[{"@type":"SearchAction","target":{"@type":"EntryPoint","urlTemplate":"https:\/\/blog.urbanitae.com\/de\/?s={search_term_string}"},"query-input":{"@type":"PropertyValueSpecification","valueRequired":true,"valueName":"search_term_string"}}],"inLanguage":"de"},{"@type":"Organization","@id":"https:\/\/blog.urbanitae.com\/de\/#organization","name":"Urbanitae","url":"https:\/\/blog.urbanitae.com\/de\/","logo":{"@type":"ImageObject","inLanguage":"de","@id":"https:\/\/blog.urbanitae.com\/de\/#\/schema\/logo\/image\/","url":"https:\/\/blog.urbanitae.com\/wp-content\/uploads\/2020\/04\/logo-verde_350x100.svg","contentUrl":"https:\/\/blog.urbanitae.com\/wp-content\/uploads\/2020\/04\/logo-verde_350x100.svg","width":350,"height":100,"caption":"Urbanitae"},"image":{"@id":"https:\/\/blog.urbanitae.com\/de\/#\/schema\/logo\/image\/"},"sameAs":["https:\/\/www.facebook.com\/urbanitae","https:\/\/x.com\/urbanitae","https:\/\/www.instagram.com\/urbanitae","https:\/\/www.linkedin.com\/company\/urbanitae","https:\/\/www.pinterest.es\/UrbanitaeSL\/_created\/","https:\/\/www.youtube.com\/c\/Urbanitae_RE"]}]}},"_links":{"self":[{"href":"https:\/\/blog.urbanitae.com\/de\/wp-json\/wp\/v2\/pages\/67744","targetHints":{"allow":["GET"]}}],"collection":[{"href":"https:\/\/blog.urbanitae.com\/de\/wp-json\/wp\/v2\/pages"}],"about":[{"href":"https:\/\/blog.urbanitae.com\/de\/wp-json\/wp\/v2\/types\/page"}],"author":[{"embeddable":true,"href":"https:\/\/blog.urbanitae.com\/de\/wp-json\/wp\/v2\/users\/20"}],"replies":[{"embeddable":true,"href":"https:\/\/blog.urbanitae.com\/de\/wp-json\/wp\/v2\/comments?post=67744"}],"version-history":[{"count":1,"href":"https:\/\/blog.urbanitae.com\/de\/wp-json\/wp\/v2\/pages\/67744\/revisions"}],"predecessor-version":[{"id":67745,"href":"https:\/\/blog.urbanitae.com\/de\/wp-json\/wp\/v2\/pages\/67744\/revisions\/67745"}],"up":[{"embeddable":true,"href":"https:\/\/blog.urbanitae.com\/de\/wp-json\/wp\/v2\/pages\/67878"}],"wp:attachment":[{"href":"https:\/\/blog.urbanitae.com\/de\/wp-json\/wp\/v2\/media?parent=67744"}],"curies":[{"name":"wp","href":"https:\/\/api.w.org\/{rel}","templated":true}]}}