{"id":67740,"date":"2025-02-27T10:52:28","date_gmt":"2025-02-27T09:52:28","guid":{"rendered":"https:\/\/blog.urbanitae.com\/socimi\/"},"modified":"2025-08-13T09:17:19","modified_gmt":"2025-08-13T07:17:19","slug":"socimi","status":"publish","type":"page","link":"https:\/\/blog.urbanitae.com\/de\/glossar\/socimi\/","title":{"rendered":"Socimi"},"content":{"rendered":"\t\t<div data-elementor-type=\"wp-page\" data-elementor-id=\"67740\" class=\"elementor elementor-67740 elementor-57247\">\n\t\t\t\t\t\t<section class=\"elementor-section elementor-top-section elementor-element elementor-element-d86d887 elementor-section-boxed elementor-section-height-default elementor-section-height-default\" data-id=\"d86d887\" data-element_type=\"section\" data-e-type=\"section\">\n\t\t\t\t\t\t<div class=\"elementor-container elementor-column-gap-default\">\n\t\t\t\t\t<div class=\"elementor-column elementor-col-100 elementor-top-column elementor-element elementor-element-8b49ddd\" data-id=\"8b49ddd\" data-element_type=\"column\" data-e-type=\"column\">\n\t\t\t<div class=\"elementor-widget-wrap elementor-element-populated\">\n\t\t\t\t\t\t<div class=\"elementor-element elementor-element-083b30b elementor-widget__width-initial elementor-widget elementor-widget-text-editor\" data-id=\"083b30b\" data-element_type=\"widget\" data-e-type=\"widget\" data-widget_type=\"text-editor.default\">\n\t\t\t\t<div class=\"elementor-widget-container\">\n\t\t\t\t\t\t\t\t\t<h3>Was sind sie?<\/h3><p style=\"color: #212121; font-family: Roboto, sans-serif; font-size: 16px;\"><strong>SOCIMIs (b\u00f6rsennotierte Immobilien-Investmentgesellschaften)<\/strong> sind eine Rechtsform in Spanien, die es Unternehmen erm\u00f6glicht, in Immobilienverm\u00f6gen zu investieren und an der B\u00f6rse notiert zu sein. Diese Gesellschaften sind darauf ausgelegt, Investitionen im Immobiliensektor zu f\u00f6rdern und bieten Investoren eine einfache M\u00f6glichkeit, durch den Kauf von Aktien am Kapitalmarkt Zugang zu Immobilien wie B\u00fcrogeb\u00e4uden, Einkaufszentren oder Wohnimmobilien zu erhalten. <\/p><p style=\"color: #212121; font-family: Roboto, sans-serif; font-size: 16px;\">SOCIMIs genie\u00dfen ein privilegiertes Steuersystem, das ihnen erlaubt, von der K\u00f6rperschaftsteuer befreit zu sein, sofern sie einen erheblichen Teil ihrer Gewinne in Form von Dividenden an ihre Aktion\u00e4re aussch\u00fctten. Diese Struktur zieht Investoren an, die regelm\u00e4\u00dfige Ertr\u00e4ge suchen, insbesondere durch Mieteinnahmen und die m\u00f6gliche Wertsteigerung der Immobilien. <\/p>\t\t\t\t\t\t\t\t<\/div>\n\t\t\t\t<\/div>\n\t\t\t\t<div class=\"elementor-element elementor-element-11c28c4 elementor-widget__width-initial elementor-widget elementor-widget-text-editor\" data-id=\"11c28c4\" data-element_type=\"widget\" data-e-type=\"widget\" data-widget_type=\"text-editor.default\">\n\t\t\t\t<div class=\"elementor-widget-container\">\n\t\t\t\t\t\t\t\t\t<h3>Wichtige Aspekte, die zu ber\u00fccksichtigen sind<\/h3><p style=\"color: #212121; font-family: Roboto, sans-serif; font-size: 16px;\">Las <strong>socimis<\/strong> son una opci\u00f3n interesante para los inversores que desean obtener exposici\u00f3n al mercado inmobiliario sin tener que gestionar propiedades directamente. La liquidez es una de las principales ventajas, ya que las acciones de las socimis se negocian en la bolsa, lo que permite a los inversores comprar y vender sus participaciones de forma m\u00e1s sencilla en comparaci\u00f3n con la inversi\u00f3n directa en bienes ra\u00edces. <\/p><p style=\"color: #212121; font-family: Roboto, sans-serif; font-size: 16px;\">SOCIMIs bergen jedoch auch bestimmte Risiken. Obwohl sie einem vorteilhaften Steuersystem unterliegen, kann der Immobilienmarkt volatil sein, und die Renditen dieser Unternehmen h\u00e4ngen stark von der Bewertung der Immobilienverm\u00f6gen und deren Verwaltung ab. Zudem m\u00fcssen SOCIMIs, trotz bestimmter Steuerbefreiungen, strenge Anforderungen an die Dividendenaussch\u00fcttung und die Verm\u00f6gensverwaltung erf\u00fcllen, was die Flexibilit\u00e4t ihrer Anlagestrategie einschr\u00e4nken kann.  <\/p><p style=\"color: #212121; font-family: Roboto, sans-serif; font-size: 16px;\">Investoren sollten sowohl die potenziellen Renditen als auch die damit verbundenen Risiken bewerten, wobei sie die wirtschaftliche Lage und die Dynamik des Immobilienmarktes ber\u00fccksichtigen sollten, da diese die Ertr\u00e4ge und die Bewertung der von den SOCIMIs verwalteten Verm\u00f6genswerte beeinflussen k\u00f6nnen.<\/p>\t\t\t\t\t\t\t\t<\/div>\n\t\t\t\t<\/div>\n\t\t\t\t\t<\/div>\n\t\t<\/div>\n\t\t\t\t\t<\/div>\n\t\t<\/section>\n\t\t\t\t<section class=\"elementor-section elementor-top-section elementor-element elementor-element-aa563c5 elementor-section-full_width elementor-section-stretched elementor-section-height-default elementor-section-height-default\" data-id=\"aa563c5\" data-element_type=\"section\" data-e-type=\"section\" data-settings=\"{&quot;stretch_section&quot;:&quot;section-stretched&quot;}\">\n\t\t\t\t\t\t<div class=\"elementor-container elementor-column-gap-default\">\n\t\t\t\t\t<div class=\"elementor-column elementor-col-100 elementor-top-column elementor-element elementor-element-41114ac\" data-id=\"41114ac\" data-element_type=\"column\" data-e-type=\"column\">\n\t\t\t<div class=\"elementor-widget-wrap elementor-element-populated\">\n\t\t\t\t\t\t<div class=\"elementor-element elementor-element-43f7095 elementor-widget elementor-widget-html\" data-id=\"43f7095\" data-element_type=\"widget\" data-e-type=\"widget\" data-widget_type=\"html.default\">\n\t\t\t\t<div class=\"elementor-widget-container\">\n\t\t\t\t\t\r\n        <div class=\"qode-advanced-call-to-action qode-advanced-cta-gradient qode-advanced-cta-gradient-animation\" style=\"height:80px\">\r\n            <a class=\"advanced-cta-link\" href=\"https:\/\/mkt.urbanitae.com\/Urbanitae_suscripcion_newsletter.html?utm_source=blog&amp;utm_medium=link_blog&amp;utm_campaign=suscripcion_blog&amp;utm_content=boton\" target=\"_blank\" onclick=\"dataLayer.push({'event': 'ub_ga4_event', 'ub_ga4_event_name': 'newsletter', 'ub_ga4_event_element': 'aprende'})\"><\/a>\r\n            <div class=\"qode-advanced-cta-content\">\r\n                <span class=\"qode-advanced-cta-text-holder\" style=\"color:#FFFFFF;font-size:25px\">\r\n Abonnieren Sie unseren Newsletter <\/span>\r\n                <span class=\"qode-advanced-cta-icon-holder\" style=\"color:#FFFFFF;font-size:25px\">\r\n                    <span class=\"qode-advanced-cta-icon-holder-table\">\r\n                        <span class=\"qode-advanced-cta-icon-holder-cell\">\r\n                            <i class=\"qode_icon_font_awesome_5 fa5 fa fa-envelope-open-text qode-advanced-cta-icon\"><\/i> <\/span>\r\n                    <\/span>\r\n                <\/span>\r\n            <\/div>\r\n            <div class=\"qode-advanced-cta-background-holder\">\r\n                <span class=\"qode-advanced-cta-background-1 qode-type1-gradient-left-to-right\"><\/span>\r\n                <span class=\"qode-advanced-cta-background-2 qode-type1-gradient-left-to-right\"><\/span>\r\n                <span class=\"qode-advanced-cta-background-3\"><\/span>\r\n            <\/div>\r\n        <\/div>\r\n\t\t\t\t<\/div>\n\t\t\t\t<\/div>\n\t\t\t\t\t<\/div>\n\t\t<\/div>\n\t\t\t\t\t<\/div>\n\t\t<\/section>\n\t\t\t\t<\/div>\n\t\t","protected":false},"excerpt":{"rendered":"<p>Was sind sie? SOCIMIs (b\u00f6rsennotierte Immobilien-Investmentgesellschaften) sind eine Rechtsform in Spanien, die es Unternehmen erm\u00f6glicht, in Immobilienverm\u00f6gen zu investieren und an der B\u00f6rse notiert zu sein. Diese Gesellschaften sind darauf ausgelegt, Investitionen im Immobiliensektor zu f\u00f6rdern und bieten Investoren eine einfache M\u00f6glichkeit, durch den Kauf von Aktien am Kapitalmarkt Zugang zu Immobilien wie B\u00fcrogeb\u00e4uden, Einkaufszentren [&hellip;]<\/p>\n","protected":false},"author":20,"featured_media":0,"parent":67878,"menu_order":0,"comment_status":"closed","ping_status":"closed","template":"","meta":{"inline_featured_image":false,"footnotes":""},"class_list":["post-67740","page","type-page","status-publish","hentry"],"yoast_head":"<!-- This site is optimized with the Yoast SEO plugin v27.4 - https:\/\/yoast.com\/product\/yoast-seo-wordpress\/ -->\n<title>Socimi - Urbanitae Blog<\/title>\n<meta name=\"description\" content=\"Akronym f\u00fcr &quot;Sociedad An\u00f3nima Cotizada de Inversi\u00f3n en el Mercado Inmobiliario&quot;. Es handelt sich um eine Rechtsform in Spanien, die es Unternehmen erm\u00f6glicht, in Immobilienverm\u00f6gen zu investieren und an der B\u00f6rse notiert zu sein. Socimis bieten Steuervorteile und konzentrieren sich auf Investitionen im Immobiliensektor.\" \/>\n<meta name=\"robots\" content=\"index, follow, max-snippet:-1, max-image-preview:large, max-video-preview:-1\" \/>\n<link rel=\"canonical\" href=\"https:\/\/blog.urbanitae.com\/de\/glossar\/socimi\/\" \/>\n<meta property=\"og:locale\" content=\"de_DE\" \/>\n<meta property=\"og:type\" content=\"article\" \/>\n<meta property=\"og:title\" content=\"Socimi - Urbanitae Blog\" \/>\n<meta property=\"og:description\" content=\"Akronym f\u00fcr &quot;Sociedad An\u00f3nima Cotizada de Inversi\u00f3n en el Mercado Inmobiliario&quot;. Es handelt sich um eine Rechtsform in Spanien, die es Unternehmen erm\u00f6glicht, in Immobilienverm\u00f6gen zu investieren und an der B\u00f6rse notiert zu sein. Socimis bieten Steuervorteile und konzentrieren sich auf Investitionen im Immobiliensektor.\" \/>\n<meta property=\"og:url\" content=\"https:\/\/blog.urbanitae.com\/de\/glossar\/socimi\/\" \/>\n<meta property=\"og:site_name\" content=\"Urbanitae Blog | Las mejores noticias sobre inversi\u00f3n inmobiliaria\" \/>\n<meta property=\"article:publisher\" content=\"https:\/\/www.facebook.com\/urbanitae\" \/>\n<meta property=\"article:modified_time\" content=\"2025-08-13T07:17:19+00:00\" \/>\n<meta name=\"twitter:card\" content=\"summary_large_image\" \/>\n<meta name=\"twitter:site\" content=\"@urbanitae\" \/>\n<meta name=\"twitter:label1\" content=\"Gesch\u00e4tzte Lesezeit\" \/>\n\t<meta name=\"twitter:data1\" content=\"2\u00a0Minuten\" \/>\n<script type=\"application\/ld+json\" class=\"yoast-schema-graph\">{\"@context\":\"https:\\\/\\\/schema.org\",\"@graph\":[{\"@type\":\"WebPage\",\"@id\":\"https:\\\/\\\/blog.urbanitae.com\\\/de\\\/glossar\\\/socimi\\\/\",\"url\":\"https:\\\/\\\/blog.urbanitae.com\\\/de\\\/glossar\\\/socimi\\\/\",\"name\":\"Socimi - Urbanitae Blog\",\"isPartOf\":{\"@id\":\"https:\\\/\\\/blog.urbanitae.com\\\/de\\\/#website\"},\"datePublished\":\"2025-02-27T09:52:28+00:00\",\"dateModified\":\"2025-08-13T07:17:19+00:00\",\"description\":\"Akronym f\u00fcr \\\"Sociedad An\u00f3nima Cotizada de Inversi\u00f3n en el Mercado Inmobiliario\\\". Es handelt sich um eine Rechtsform in Spanien, die es Unternehmen erm\u00f6glicht, in Immobilienverm\u00f6gen zu investieren und an der B\u00f6rse notiert zu sein. Socimis bieten Steuervorteile und konzentrieren sich auf Investitionen im Immobiliensektor.\",\"breadcrumb\":{\"@id\":\"https:\\\/\\\/blog.urbanitae.com\\\/de\\\/glossar\\\/socimi\\\/#breadcrumb\"},\"inLanguage\":\"de\",\"potentialAction\":[{\"@type\":\"ReadAction\",\"target\":[\"https:\\\/\\\/blog.urbanitae.com\\\/de\\\/glossar\\\/socimi\\\/\"]}]},{\"@type\":\"BreadcrumbList\",\"@id\":\"https:\\\/\\\/blog.urbanitae.com\\\/de\\\/glossar\\\/socimi\\\/#breadcrumb\",\"itemListElement\":[{\"@type\":\"ListItem\",\"position\":1,\"name\":\"Portada\",\"item\":\"https:\\\/\\\/blog.urbanitae.com\\\/de\\\/\"},{\"@type\":\"ListItem\",\"position\":2,\"name\":\"Glossar\",\"item\":\"https:\\\/\\\/blog.urbanitae.com\\\/de\\\/glossar\\\/\"},{\"@type\":\"ListItem\",\"position\":3,\"name\":\"Socimi\"}]},{\"@type\":\"WebSite\",\"@id\":\"https:\\\/\\\/blog.urbanitae.com\\\/de\\\/#website\",\"url\":\"https:\\\/\\\/blog.urbanitae.com\\\/de\\\/\",\"name\":\"Urbanitae Blog | Las mejores noticias sobre inversi\u00f3n inmobiliaria\",\"description\":\"Inversi\u00f3n inmobiliaria al alcance de todos\",\"publisher\":{\"@id\":\"https:\\\/\\\/blog.urbanitae.com\\\/de\\\/#organization\"},\"potentialAction\":[{\"@type\":\"SearchAction\",\"target\":{\"@type\":\"EntryPoint\",\"urlTemplate\":\"https:\\\/\\\/blog.urbanitae.com\\\/de\\\/?s={search_term_string}\"},\"query-input\":{\"@type\":\"PropertyValueSpecification\",\"valueRequired\":true,\"valueName\":\"search_term_string\"}}],\"inLanguage\":\"de\"},{\"@type\":\"Organization\",\"@id\":\"https:\\\/\\\/blog.urbanitae.com\\\/de\\\/#organization\",\"name\":\"Urbanitae\",\"url\":\"https:\\\/\\\/blog.urbanitae.com\\\/de\\\/\",\"logo\":{\"@type\":\"ImageObject\",\"inLanguage\":\"de\",\"@id\":\"https:\\\/\\\/blog.urbanitae.com\\\/de\\\/#\\\/schema\\\/logo\\\/image\\\/\",\"url\":\"https:\\\/\\\/blog.urbanitae.com\\\/wp-content\\\/uploads\\\/2020\\\/04\\\/logo-verde_350x100.svg\",\"contentUrl\":\"https:\\\/\\\/blog.urbanitae.com\\\/wp-content\\\/uploads\\\/2020\\\/04\\\/logo-verde_350x100.svg\",\"width\":350,\"height\":100,\"caption\":\"Urbanitae\"},\"image\":{\"@id\":\"https:\\\/\\\/blog.urbanitae.com\\\/de\\\/#\\\/schema\\\/logo\\\/image\\\/\"},\"sameAs\":[\"https:\\\/\\\/www.facebook.com\\\/urbanitae\",\"https:\\\/\\\/x.com\\\/urbanitae\",\"https:\\\/\\\/www.instagram.com\\\/urbanitae\",\"https:\\\/\\\/www.linkedin.com\\\/company\\\/urbanitae\",\"https:\\\/\\\/www.pinterest.es\\\/UrbanitaeSL\\\/_created\\\/\",\"https:\\\/\\\/www.youtube.com\\\/c\\\/Urbanitae_RE\"]}]}<\/script>\n<!-- \/ Yoast SEO plugin. -->","yoast_head_json":{"title":"Socimi - Urbanitae Blog","description":"Akronym f\u00fcr \"Sociedad An\u00f3nima Cotizada de Inversi\u00f3n en el Mercado Inmobiliario\". Es handelt sich um eine Rechtsform in Spanien, die es Unternehmen erm\u00f6glicht, in Immobilienverm\u00f6gen zu investieren und an der B\u00f6rse notiert zu sein. Socimis bieten Steuervorteile und konzentrieren sich auf Investitionen im Immobiliensektor.","robots":{"index":"index","follow":"follow","max-snippet":"max-snippet:-1","max-image-preview":"max-image-preview:large","max-video-preview":"max-video-preview:-1"},"canonical":"https:\/\/blog.urbanitae.com\/de\/glossar\/socimi\/","og_locale":"de_DE","og_type":"article","og_title":"Socimi - Urbanitae Blog","og_description":"Akronym f\u00fcr \"Sociedad An\u00f3nima Cotizada de Inversi\u00f3n en el Mercado Inmobiliario\". Es handelt sich um eine Rechtsform in Spanien, die es Unternehmen erm\u00f6glicht, in Immobilienverm\u00f6gen zu investieren und an der B\u00f6rse notiert zu sein. Socimis bieten Steuervorteile und konzentrieren sich auf Investitionen im Immobiliensektor.","og_url":"https:\/\/blog.urbanitae.com\/de\/glossar\/socimi\/","og_site_name":"Urbanitae Blog | Las mejores noticias sobre inversi\u00f3n inmobiliaria","article_publisher":"https:\/\/www.facebook.com\/urbanitae","article_modified_time":"2025-08-13T07:17:19+00:00","twitter_card":"summary_large_image","twitter_site":"@urbanitae","twitter_misc":{"Gesch\u00e4tzte Lesezeit":"2\u00a0Minuten"},"schema":{"@context":"https:\/\/schema.org","@graph":[{"@type":"WebPage","@id":"https:\/\/blog.urbanitae.com\/de\/glossar\/socimi\/","url":"https:\/\/blog.urbanitae.com\/de\/glossar\/socimi\/","name":"Socimi - Urbanitae Blog","isPartOf":{"@id":"https:\/\/blog.urbanitae.com\/de\/#website"},"datePublished":"2025-02-27T09:52:28+00:00","dateModified":"2025-08-13T07:17:19+00:00","description":"Akronym f\u00fcr \"Sociedad An\u00f3nima Cotizada de Inversi\u00f3n en el Mercado Inmobiliario\". Es handelt sich um eine Rechtsform in Spanien, die es Unternehmen erm\u00f6glicht, in Immobilienverm\u00f6gen zu investieren und an der B\u00f6rse notiert zu sein. Socimis bieten Steuervorteile und konzentrieren sich auf Investitionen im Immobiliensektor.","breadcrumb":{"@id":"https:\/\/blog.urbanitae.com\/de\/glossar\/socimi\/#breadcrumb"},"inLanguage":"de","potentialAction":[{"@type":"ReadAction","target":["https:\/\/blog.urbanitae.com\/de\/glossar\/socimi\/"]}]},{"@type":"BreadcrumbList","@id":"https:\/\/blog.urbanitae.com\/de\/glossar\/socimi\/#breadcrumb","itemListElement":[{"@type":"ListItem","position":1,"name":"Portada","item":"https:\/\/blog.urbanitae.com\/de\/"},{"@type":"ListItem","position":2,"name":"Glossar","item":"https:\/\/blog.urbanitae.com\/de\/glossar\/"},{"@type":"ListItem","position":3,"name":"Socimi"}]},{"@type":"WebSite","@id":"https:\/\/blog.urbanitae.com\/de\/#website","url":"https:\/\/blog.urbanitae.com\/de\/","name":"Urbanitae Blog | Las mejores noticias sobre inversi\u00f3n inmobiliaria","description":"Inversi\u00f3n inmobiliaria al alcance de todos","publisher":{"@id":"https:\/\/blog.urbanitae.com\/de\/#organization"},"potentialAction":[{"@type":"SearchAction","target":{"@type":"EntryPoint","urlTemplate":"https:\/\/blog.urbanitae.com\/de\/?s={search_term_string}"},"query-input":{"@type":"PropertyValueSpecification","valueRequired":true,"valueName":"search_term_string"}}],"inLanguage":"de"},{"@type":"Organization","@id":"https:\/\/blog.urbanitae.com\/de\/#organization","name":"Urbanitae","url":"https:\/\/blog.urbanitae.com\/de\/","logo":{"@type":"ImageObject","inLanguage":"de","@id":"https:\/\/blog.urbanitae.com\/de\/#\/schema\/logo\/image\/","url":"https:\/\/blog.urbanitae.com\/wp-content\/uploads\/2020\/04\/logo-verde_350x100.svg","contentUrl":"https:\/\/blog.urbanitae.com\/wp-content\/uploads\/2020\/04\/logo-verde_350x100.svg","width":350,"height":100,"caption":"Urbanitae"},"image":{"@id":"https:\/\/blog.urbanitae.com\/de\/#\/schema\/logo\/image\/"},"sameAs":["https:\/\/www.facebook.com\/urbanitae","https:\/\/x.com\/urbanitae","https:\/\/www.instagram.com\/urbanitae","https:\/\/www.linkedin.com\/company\/urbanitae","https:\/\/www.pinterest.es\/UrbanitaeSL\/_created\/","https:\/\/www.youtube.com\/c\/Urbanitae_RE"]}]}},"_links":{"self":[{"href":"https:\/\/blog.urbanitae.com\/de\/wp-json\/wp\/v2\/pages\/67740","targetHints":{"allow":["GET"]}}],"collection":[{"href":"https:\/\/blog.urbanitae.com\/de\/wp-json\/wp\/v2\/pages"}],"about":[{"href":"https:\/\/blog.urbanitae.com\/de\/wp-json\/wp\/v2\/types\/page"}],"author":[{"embeddable":true,"href":"https:\/\/blog.urbanitae.com\/de\/wp-json\/wp\/v2\/users\/20"}],"replies":[{"embeddable":true,"href":"https:\/\/blog.urbanitae.com\/de\/wp-json\/wp\/v2\/comments?post=67740"}],"version-history":[{"count":1,"href":"https:\/\/blog.urbanitae.com\/de\/wp-json\/wp\/v2\/pages\/67740\/revisions"}],"predecessor-version":[{"id":67741,"href":"https:\/\/blog.urbanitae.com\/de\/wp-json\/wp\/v2\/pages\/67740\/revisions\/67741"}],"up":[{"embeddable":true,"href":"https:\/\/blog.urbanitae.com\/de\/wp-json\/wp\/v2\/pages\/67878"}],"wp:attachment":[{"href":"https:\/\/blog.urbanitae.com\/de\/wp-json\/wp\/v2\/media?parent=67740"}],"curies":[{"name":"wp","href":"https:\/\/api.w.org\/{rel}","templated":true}]}}