{"id":67738,"date":"2025-02-26T18:16:12","date_gmt":"2025-02-26T17:16:12","guid":{"rendered":"https:\/\/blog.urbanitae.com\/sgiic\/"},"modified":"2025-08-13T09:17:18","modified_gmt":"2025-08-13T07:17:18","slug":"sgiic","status":"publish","type":"page","link":"https:\/\/blog.urbanitae.com\/de\/glossar\/sgiic\/","title":{"rendered":"SGIIC"},"content":{"rendered":"\t\t<div data-elementor-type=\"wp-page\" data-elementor-id=\"67738\" class=\"elementor elementor-67738 elementor-57241\">\n\t\t\t\t\t\t<section class=\"elementor-section elementor-top-section elementor-element elementor-element-d86d887 elementor-section-boxed elementor-section-height-default elementor-section-height-default\" data-id=\"d86d887\" data-element_type=\"section\" data-e-type=\"section\">\n\t\t\t\t\t\t<div class=\"elementor-container elementor-column-gap-default\">\n\t\t\t\t\t<div class=\"elementor-column elementor-col-100 elementor-top-column elementor-element elementor-element-8b49ddd\" data-id=\"8b49ddd\" data-element_type=\"column\" data-e-type=\"column\">\n\t\t\t<div class=\"elementor-widget-wrap elementor-element-populated\">\n\t\t\t\t\t\t<div class=\"elementor-element elementor-element-083b30b elementor-widget__width-initial elementor-widget elementor-widget-text-editor\" data-id=\"083b30b\" data-element_type=\"widget\" data-e-type=\"widget\" data-widget_type=\"text-editor.default\">\n\t\t\t\t<div class=\"elementor-widget-container\">\n\t\t\t\t\t\t\t\t\t<h3>Was sind sie?<\/h3><p style=\"color: #212121; font-family: Roboto, sans-serif; font-size: 16px;\"><strong>SGIIC (Gesellschaften zur Verwaltung von Organismen f\u00fcr gemeinsame Anlagen) <\/strong>sind regulierte Einrichtungen, die f\u00fcr die Verwaltung und F\u00fchrung von Investmentfonds oder anderen kollektiven Anlagevehikeln zust\u00e4ndig sind. Diese Gesellschaften tragen die Verantwortung, im Namen der Anleger Anlageentscheidungen zu treffen und die Verm\u00f6genswerte des Fonds effizient und gem\u00e4\u00df den geltenden Vorschriften zu verwalten. <\/p><p style=\"color: #212121; font-family: Roboto, sans-serif; font-size: 16px;\">Das Hauptziel der SGIIC ist es, die Renditen f\u00fcr die Investoren innerhalb der festgelegten Risikoparameter zu maximieren, indem sie einer zuvor definierten Anlagestrategie folgen. Diese Gesellschaften verwalten sowohl offene als auch geschlossene Investmentfonds, und ihre T\u00e4tigkeit ist entscheidend f\u00fcr die Strukturierung und Verwaltung der Fonds, einschlie\u00dflich der Auswahl von Verm\u00f6genswerten, der Kauf- und Verkaufsentscheidungen sowie der \u00dcberwachung der Rentabilit\u00e4t. <\/p>\t\t\t\t\t\t\t\t<\/div>\n\t\t\t\t<\/div>\n\t\t\t\t<div class=\"elementor-element elementor-element-11c28c4 elementor-widget__width-initial elementor-widget elementor-widget-text-editor\" data-id=\"11c28c4\" data-element_type=\"widget\" data-e-type=\"widget\" data-widget_type=\"text-editor.default\">\n\t\t\t\t<div class=\"elementor-widget-container\">\n\t\t\t\t\t\t\t\t\t<h3>Wichtige Aspekte, die zu ber\u00fccksichtigen sind<\/h3>\n<p style=\"color: #212121; font-family: Roboto, sans-serif; font-size: 16px;\"><strong>SGIIC<\/strong> m\u00fcssen von nationalen Aufsichtsbeh\u00f6rden, wie der Comisi\u00f3n Nacional del Mercado de Valores (CNMV) in Spanien, zugelassen und \u00fcberwacht werden, um die Einhaltung der geltenden Vorschriften und den Schutz der Anlegerrechte sicherzustellen. Es ist wichtig, dass Investoren die Anlagestrategien dieser Gesellschaften verstehen und wissen, wie deren Erfahrung und Strategie die Performance der Fonds beeinflussen. <\/p>\n<p style=\"color: #212121; font-family: Roboto, sans-serif; font-size: 16px;\">Bei der Wahl einer SGIIC sollten Investoren die Solvenz und die Historie der Gesellschaft bewerten, da eine effektive und ethische Verwaltung der Fonds entscheidend f\u00fcr die Erzielung guter Renditen ist. Ebenso ist es wichtig, die von der SGIIC erhobenen Geb\u00fchren zu ber\u00fccksichtigen, da diese die Nettorenditen des Fonds beeinflussen k\u00f6nnen. <\/p>\n<p style=\"color: #212121; font-family: Roboto, sans-serif; font-size: 16px;\">Au\u00dferdem wird empfohlen, dass Investoren pr\u00fcfen, ob die SGIIC eine angemessene Diversifikation ihrer verwalteten Verm\u00f6genswerte aufweist, da dies helfen kann, die mit einer einzelnen Anlageklasse oder Branche verbundenen Risiken zu verringern.\t\t\t\t\t\t\t\t<\/div>\n\t\t\t\t<\/div>\n\t\t\t\t\t<\/div>\n\t\t<\/div>\n\t\t\t\t\t<\/div>\n\t\t<\/section>\n\t\t\t\t<section class=\"elementor-section elementor-top-section elementor-element elementor-element-aa563c5 elementor-section-full_width elementor-section-height-default elementor-section-height-default\" data-id=\"aa563c5\" data-element_type=\"section\" data-e-type=\"section\">\n\t\t\t\t\t\t<div class=\"elementor-container elementor-column-gap-default\">\n\t\t\t\t\t<div class=\"elementor-column elementor-col-100 elementor-top-column elementor-element elementor-element-41114ac\" data-id=\"41114ac\" data-element_type=\"column\" data-e-type=\"column\">\n\t\t\t<div class=\"elementor-widget-wrap elementor-element-populated\">\n\t\t\t\t\t\t<div class=\"elementor-element elementor-element-43f7095 elementor-widget elementor-widget-html\" data-id=\"43f7095\" data-element_type=\"widget\" data-e-type=\"widget\" data-widget_type=\"html.default\">\n\t\t\t\t<div class=\"elementor-widget-container\">\n\t\t\t\t\t\r\n        <div class=\"qode-advanced-call-to-action qode-advanced-cta-gradient qode-advanced-cta-gradient-animation\" style=\"height:80px\">\r\n            <a class=\"advanced-cta-link\" href=\"https:\/\/mkt.urbanitae.com\/Urbanitae_suscripcion_newsletter.html?utm_source=blog&amp;utm_medium=link_blog&amp;utm_campaign=suscripcion_blog&amp;utm_content=boton\" target=\"_blank\" onclick=\"dataLayer.push({'event': 'ub_ga4_event', 'ub_ga4_event_name': 'newsletter', 'ub_ga4_event_element': 'aprende'})\"><\/a>\r\n            <div class=\"qode-advanced-cta-content\">\r\n                <span class=\"qode-advanced-cta-text-holder\" style=\"color:#FFFFFF;font-size:25px\">\r\n Abonnieren Sie unseren Newsletter <\/span>\r\n                <span class=\"qode-advanced-cta-icon-holder\" style=\"color:#FFFFFF;font-size:25px\">\r\n                    <span class=\"qode-advanced-cta-icon-holder-table\">\r\n                        <span class=\"qode-advanced-cta-icon-holder-cell\">\r\n                            <i class=\"qode_icon_font_awesome_5 fa5 fa fa-envelope-open-text qode-advanced-cta-icon\"><\/i> <\/span>\r\n                    <\/span>\r\n                <\/span>\r\n            <\/div>\r\n            <div class=\"qode-advanced-cta-background-holder\">\r\n                <span class=\"qode-advanced-cta-background-1 qode-type1-gradient-left-to-right\"><\/span>\r\n                <span class=\"qode-advanced-cta-background-2 qode-type1-gradient-left-to-right\"><\/span>\r\n                <span class=\"qode-advanced-cta-background-3\"><\/span>\r\n            <\/div>\r\n        <\/div>\r\n\t\t\t\t<\/div>\n\t\t\t\t<\/div>\n\t\t\t\t\t<\/div>\n\t\t<\/div>\n\t\t\t\t\t<\/div>\n\t\t<\/section>\n\t\t\t\t<\/div>\n\t\t","protected":false},"excerpt":{"rendered":"<p>Was sind sie? SGIIC (Gesellschaften zur Verwaltung von Organismen f\u00fcr gemeinsame Anlagen) sind regulierte Einrichtungen, die f\u00fcr die Verwaltung und F\u00fchrung von Investmentfonds oder anderen kollektiven Anlagevehikeln zust\u00e4ndig sind. Diese Gesellschaften tragen die Verantwortung, im Namen der Anleger Anlageentscheidungen zu treffen und die Verm\u00f6genswerte des Fonds effizient und gem\u00e4\u00df den geltenden Vorschriften zu verwalten. Das [&hellip;]<\/p>\n","protected":false},"author":20,"featured_media":0,"parent":67878,"menu_order":0,"comment_status":"closed","ping_status":"closed","template":"","meta":{"inline_featured_image":false,"footnotes":""},"class_list":["post-67738","page","type-page","status-publish","hentry"],"blocksy_meta":[],"yoast_head":"<!-- This site is optimized with the Yoast SEO plugin v27.4 - https:\/\/yoast.com\/product\/yoast-seo-wordpress\/ -->\n<title>SGIIC - Urbanitae Blog<\/title>\n<meta name=\"description\" content=\"Abk\u00fcrzung f\u00fcr \u201eGesellschaft zur Verwaltung von Organismen f\u00fcr gemeinsame Anlagen\u201c (SGIIC). Es handelt sich um eine regulierte Einrichtung, die f\u00fcr die Verwaltung und F\u00fchrung von Investmentfonds oder anderen kollektiven Anlagevehikeln zust\u00e4ndig ist.\" \/>\n<meta name=\"robots\" content=\"index, follow, max-snippet:-1, max-image-preview:large, max-video-preview:-1\" \/>\n<link rel=\"canonical\" href=\"https:\/\/blog.urbanitae.com\/de\/glossar\/sgiic\/\" \/>\n<meta property=\"og:locale\" content=\"de_DE\" \/>\n<meta property=\"og:type\" content=\"article\" \/>\n<meta property=\"og:title\" content=\"SGIIC - Urbanitae Blog\" \/>\n<meta property=\"og:description\" content=\"Abk\u00fcrzung f\u00fcr \u201eGesellschaft zur Verwaltung von Organismen f\u00fcr gemeinsame Anlagen\u201c (SGIIC). Es handelt sich um eine regulierte Einrichtung, die f\u00fcr die Verwaltung und F\u00fchrung von Investmentfonds oder anderen kollektiven Anlagevehikeln zust\u00e4ndig ist.\" \/>\n<meta property=\"og:url\" content=\"https:\/\/blog.urbanitae.com\/de\/glossar\/sgiic\/\" \/>\n<meta property=\"og:site_name\" content=\"Urbanitae Blog | Las mejores noticias sobre inversi\u00f3n inmobiliaria\" \/>\n<meta property=\"article:publisher\" content=\"https:\/\/www.facebook.com\/urbanitae\" \/>\n<meta property=\"article:modified_time\" content=\"2025-08-13T07:17:18+00:00\" \/>\n<meta name=\"twitter:card\" content=\"summary_large_image\" \/>\n<meta name=\"twitter:site\" content=\"@urbanitae\" \/>\n<meta name=\"twitter:label1\" content=\"Gesch\u00e4tzte Lesezeit\" \/>\n\t<meta name=\"twitter:data1\" content=\"1\u00a0Minute\" \/>\n<script type=\"application\/ld+json\" class=\"yoast-schema-graph\">{\"@context\":\"https:\\\/\\\/schema.org\",\"@graph\":[{\"@type\":\"WebPage\",\"@id\":\"https:\\\/\\\/blog.urbanitae.com\\\/de\\\/glossar\\\/sgiic\\\/\",\"url\":\"https:\\\/\\\/blog.urbanitae.com\\\/de\\\/glossar\\\/sgiic\\\/\",\"name\":\"SGIIC - Urbanitae Blog\",\"isPartOf\":{\"@id\":\"https:\\\/\\\/blog.urbanitae.com\\\/de\\\/#website\"},\"datePublished\":\"2025-02-26T17:16:12+00:00\",\"dateModified\":\"2025-08-13T07:17:18+00:00\",\"description\":\"Abk\u00fcrzung f\u00fcr \u201eGesellschaft zur Verwaltung von Organismen f\u00fcr gemeinsame Anlagen\u201c (SGIIC). Es handelt sich um eine regulierte Einrichtung, die f\u00fcr die Verwaltung und F\u00fchrung von Investmentfonds oder anderen kollektiven Anlagevehikeln zust\u00e4ndig ist.\",\"breadcrumb\":{\"@id\":\"https:\\\/\\\/blog.urbanitae.com\\\/de\\\/glossar\\\/sgiic\\\/#breadcrumb\"},\"inLanguage\":\"de\",\"potentialAction\":[{\"@type\":\"ReadAction\",\"target\":[\"https:\\\/\\\/blog.urbanitae.com\\\/de\\\/glossar\\\/sgiic\\\/\"]}]},{\"@type\":\"BreadcrumbList\",\"@id\":\"https:\\\/\\\/blog.urbanitae.com\\\/de\\\/glossar\\\/sgiic\\\/#breadcrumb\",\"itemListElement\":[{\"@type\":\"ListItem\",\"position\":1,\"name\":\"Portada\",\"item\":\"https:\\\/\\\/blog.urbanitae.com\\\/de\\\/\"},{\"@type\":\"ListItem\",\"position\":2,\"name\":\"Glossar\",\"item\":\"https:\\\/\\\/blog.urbanitae.com\\\/de\\\/glossar\\\/\"},{\"@type\":\"ListItem\",\"position\":3,\"name\":\"SGIIC\"}]},{\"@type\":\"WebSite\",\"@id\":\"https:\\\/\\\/blog.urbanitae.com\\\/de\\\/#website\",\"url\":\"https:\\\/\\\/blog.urbanitae.com\\\/de\\\/\",\"name\":\"Urbanitae Blog | Las mejores noticias sobre inversi\u00f3n inmobiliaria\",\"description\":\"Inversi\u00f3n inmobiliaria al alcance de todos\",\"publisher\":{\"@id\":\"https:\\\/\\\/blog.urbanitae.com\\\/de\\\/#organization\"},\"potentialAction\":[{\"@type\":\"SearchAction\",\"target\":{\"@type\":\"EntryPoint\",\"urlTemplate\":\"https:\\\/\\\/blog.urbanitae.com\\\/de\\\/?s={search_term_string}\"},\"query-input\":{\"@type\":\"PropertyValueSpecification\",\"valueRequired\":true,\"valueName\":\"search_term_string\"}}],\"inLanguage\":\"de\"},{\"@type\":\"Organization\",\"@id\":\"https:\\\/\\\/blog.urbanitae.com\\\/de\\\/#organization\",\"name\":\"Urbanitae\",\"url\":\"https:\\\/\\\/blog.urbanitae.com\\\/de\\\/\",\"logo\":{\"@type\":\"ImageObject\",\"inLanguage\":\"de\",\"@id\":\"https:\\\/\\\/blog.urbanitae.com\\\/de\\\/#\\\/schema\\\/logo\\\/image\\\/\",\"url\":\"https:\\\/\\\/blog.urbanitae.com\\\/wp-content\\\/uploads\\\/2020\\\/04\\\/logo-verde_350x100.svg\",\"contentUrl\":\"https:\\\/\\\/blog.urbanitae.com\\\/wp-content\\\/uploads\\\/2020\\\/04\\\/logo-verde_350x100.svg\",\"width\":350,\"height\":100,\"caption\":\"Urbanitae\"},\"image\":{\"@id\":\"https:\\\/\\\/blog.urbanitae.com\\\/de\\\/#\\\/schema\\\/logo\\\/image\\\/\"},\"sameAs\":[\"https:\\\/\\\/www.facebook.com\\\/urbanitae\",\"https:\\\/\\\/x.com\\\/urbanitae\",\"https:\\\/\\\/www.instagram.com\\\/urbanitae\",\"https:\\\/\\\/www.linkedin.com\\\/company\\\/urbanitae\",\"https:\\\/\\\/www.pinterest.es\\\/UrbanitaeSL\\\/_created\\\/\",\"https:\\\/\\\/www.youtube.com\\\/c\\\/Urbanitae_RE\"]}]}<\/script>\n<!-- \/ Yoast SEO plugin. -->","yoast_head_json":{"title":"SGIIC - Urbanitae Blog","description":"Abk\u00fcrzung f\u00fcr \u201eGesellschaft zur Verwaltung von Organismen f\u00fcr gemeinsame Anlagen\u201c (SGIIC). Es handelt sich um eine regulierte Einrichtung, die f\u00fcr die Verwaltung und F\u00fchrung von Investmentfonds oder anderen kollektiven Anlagevehikeln zust\u00e4ndig ist.","robots":{"index":"index","follow":"follow","max-snippet":"max-snippet:-1","max-image-preview":"max-image-preview:large","max-video-preview":"max-video-preview:-1"},"canonical":"https:\/\/blog.urbanitae.com\/de\/glossar\/sgiic\/","og_locale":"de_DE","og_type":"article","og_title":"SGIIC - Urbanitae Blog","og_description":"Abk\u00fcrzung f\u00fcr \u201eGesellschaft zur Verwaltung von Organismen f\u00fcr gemeinsame Anlagen\u201c (SGIIC). Es handelt sich um eine regulierte Einrichtung, die f\u00fcr die Verwaltung und F\u00fchrung von Investmentfonds oder anderen kollektiven Anlagevehikeln zust\u00e4ndig ist.","og_url":"https:\/\/blog.urbanitae.com\/de\/glossar\/sgiic\/","og_site_name":"Urbanitae Blog | Las mejores noticias sobre inversi\u00f3n inmobiliaria","article_publisher":"https:\/\/www.facebook.com\/urbanitae","article_modified_time":"2025-08-13T07:17:18+00:00","twitter_card":"summary_large_image","twitter_site":"@urbanitae","twitter_misc":{"Gesch\u00e4tzte Lesezeit":"1\u00a0Minute"},"schema":{"@context":"https:\/\/schema.org","@graph":[{"@type":"WebPage","@id":"https:\/\/blog.urbanitae.com\/de\/glossar\/sgiic\/","url":"https:\/\/blog.urbanitae.com\/de\/glossar\/sgiic\/","name":"SGIIC - Urbanitae Blog","isPartOf":{"@id":"https:\/\/blog.urbanitae.com\/de\/#website"},"datePublished":"2025-02-26T17:16:12+00:00","dateModified":"2025-08-13T07:17:18+00:00","description":"Abk\u00fcrzung f\u00fcr \u201eGesellschaft zur Verwaltung von Organismen f\u00fcr gemeinsame Anlagen\u201c (SGIIC). Es handelt sich um eine regulierte Einrichtung, die f\u00fcr die Verwaltung und F\u00fchrung von Investmentfonds oder anderen kollektiven Anlagevehikeln zust\u00e4ndig ist.","breadcrumb":{"@id":"https:\/\/blog.urbanitae.com\/de\/glossar\/sgiic\/#breadcrumb"},"inLanguage":"de","potentialAction":[{"@type":"ReadAction","target":["https:\/\/blog.urbanitae.com\/de\/glossar\/sgiic\/"]}]},{"@type":"BreadcrumbList","@id":"https:\/\/blog.urbanitae.com\/de\/glossar\/sgiic\/#breadcrumb","itemListElement":[{"@type":"ListItem","position":1,"name":"Portada","item":"https:\/\/blog.urbanitae.com\/de\/"},{"@type":"ListItem","position":2,"name":"Glossar","item":"https:\/\/blog.urbanitae.com\/de\/glossar\/"},{"@type":"ListItem","position":3,"name":"SGIIC"}]},{"@type":"WebSite","@id":"https:\/\/blog.urbanitae.com\/de\/#website","url":"https:\/\/blog.urbanitae.com\/de\/","name":"Urbanitae Blog | Las mejores noticias sobre inversi\u00f3n inmobiliaria","description":"Inversi\u00f3n inmobiliaria al alcance de todos","publisher":{"@id":"https:\/\/blog.urbanitae.com\/de\/#organization"},"potentialAction":[{"@type":"SearchAction","target":{"@type":"EntryPoint","urlTemplate":"https:\/\/blog.urbanitae.com\/de\/?s={search_term_string}"},"query-input":{"@type":"PropertyValueSpecification","valueRequired":true,"valueName":"search_term_string"}}],"inLanguage":"de"},{"@type":"Organization","@id":"https:\/\/blog.urbanitae.com\/de\/#organization","name":"Urbanitae","url":"https:\/\/blog.urbanitae.com\/de\/","logo":{"@type":"ImageObject","inLanguage":"de","@id":"https:\/\/blog.urbanitae.com\/de\/#\/schema\/logo\/image\/","url":"https:\/\/blog.urbanitae.com\/wp-content\/uploads\/2020\/04\/logo-verde_350x100.svg","contentUrl":"https:\/\/blog.urbanitae.com\/wp-content\/uploads\/2020\/04\/logo-verde_350x100.svg","width":350,"height":100,"caption":"Urbanitae"},"image":{"@id":"https:\/\/blog.urbanitae.com\/de\/#\/schema\/logo\/image\/"},"sameAs":["https:\/\/www.facebook.com\/urbanitae","https:\/\/x.com\/urbanitae","https:\/\/www.instagram.com\/urbanitae","https:\/\/www.linkedin.com\/company\/urbanitae","https:\/\/www.pinterest.es\/UrbanitaeSL\/_created\/","https:\/\/www.youtube.com\/c\/Urbanitae_RE"]}]}},"_links":{"self":[{"href":"https:\/\/blog.urbanitae.com\/de\/wp-json\/wp\/v2\/pages\/67738","targetHints":{"allow":["GET"]}}],"collection":[{"href":"https:\/\/blog.urbanitae.com\/de\/wp-json\/wp\/v2\/pages"}],"about":[{"href":"https:\/\/blog.urbanitae.com\/de\/wp-json\/wp\/v2\/types\/page"}],"author":[{"embeddable":true,"href":"https:\/\/blog.urbanitae.com\/de\/wp-json\/wp\/v2\/users\/20"}],"replies":[{"embeddable":true,"href":"https:\/\/blog.urbanitae.com\/de\/wp-json\/wp\/v2\/comments?post=67738"}],"version-history":[{"count":0,"href":"https:\/\/blog.urbanitae.com\/de\/wp-json\/wp\/v2\/pages\/67738\/revisions"}],"up":[{"embeddable":true,"href":"https:\/\/blog.urbanitae.com\/de\/wp-json\/wp\/v2\/pages\/67878"}],"wp:attachment":[{"href":"https:\/\/blog.urbanitae.com\/de\/wp-json\/wp\/v2\/media?parent=67738"}],"curies":[{"name":"wp","href":"https:\/\/api.w.org\/{rel}","templated":true}]}}