{"id":67736,"date":"2025-02-26T17:35:48","date_gmt":"2025-02-26T16:35:48","guid":{"rendered":"https:\/\/blog.urbanitae.com\/finanzierungsrunde\/"},"modified":"2025-08-13T09:17:17","modified_gmt":"2025-08-13T07:17:17","slug":"finanzierungsrunde","status":"publish","type":"page","link":"https:\/\/blog.urbanitae.com\/de\/glossar\/finanzierungsrunde\/","title":{"rendered":"Finanzierungsrunde"},"content":{"rendered":"\t\t<div data-elementor-type=\"wp-page\" data-elementor-id=\"67736\" class=\"elementor elementor-67736 elementor-57236\">\n\t\t\t\t\t\t<section class=\"elementor-section elementor-top-section elementor-element elementor-element-d86d887 elementor-section-boxed elementor-section-height-default elementor-section-height-default parallax_section_no qode_elementor_container_no\" data-id=\"d86d887\" data-element_type=\"section\" data-e-type=\"section\">\n\t\t\t\t\t\t<div class=\"elementor-container elementor-column-gap-default\">\n\t\t\t\t\t<div class=\"elementor-column elementor-col-100 elementor-top-column elementor-element elementor-element-8b49ddd\" data-id=\"8b49ddd\" data-element_type=\"column\" data-e-type=\"column\">\n\t\t\t<div class=\"elementor-widget-wrap elementor-element-populated\">\n\t\t\t\t\t\t<div class=\"elementor-element elementor-element-083b30b elementor-widget__width-initial elementor-widget elementor-widget-text-editor\" data-id=\"083b30b\" data-element_type=\"widget\" data-e-type=\"widget\" data-widget_type=\"text-editor.default\">\n\t\t\t\t<div class=\"elementor-widget-container\">\n\t\t\t\t\t\t\t\t\t<h3>Was ist es?<\/h3><p style=\"color: #212121; font-family: Roboto, sans-serif; font-size: 16px;\">Es bezieht sich auf eine spezifische Phase, in der ein Unternehmen externe Finanzierung sucht, um sein Wachstum voranzutreiben oder seine Gesch\u00e4ftst\u00e4tigkeiten zu finanzieren. W\u00e4hrend einer <strong>Finanzierungsrunde<\/strong> bringen Investoren Kapital im Austausch f\u00fcr Aktien oder Beteiligungen am Unternehmen ein, wodurch sie eine Eigentumsbeteiligung erhalten. Finanzierungsrunden sind oft ein wichtiger Weg f\u00fcr Start-ups oder wachstumsorientierte Unternehmen, die ben\u00f6tigten Mittel zu erhalten, um Produkte zu entwickeln, Mitarbeiter einzustellen, in neue M\u00e4rkte zu expandieren oder ihre Infrastruktur zu verbessern. <\/p><p style=\"color: #212121; font-family: Roboto, sans-serif; font-size: 16px;\"><a href=\"https:\/\/www.youtube.com\/watch?v=_bBSLNxqVbI\" target=\"_blank\" rel=\"noopener\">Finanzierungsrunden<\/a> k\u00f6nnen in Gr\u00f6\u00dfe, Zweck und Art der beteiligten Investoren variieren. Oft werden die Runden in verschiedene Phasen unterteilt, wie Seed-Runden, Serie-A-Runden, Serie-B-Runden und weitere, abh\u00e4ngig vom Entwicklungsstand des Unternehmens und seinem Kapitalbedarf. <\/p>\t\t\t\t\t\t\t\t<\/div>\n\t\t\t\t<\/div>\n\t\t\t\t<div class=\"elementor-element elementor-element-11c28c4 elementor-widget__width-initial elementor-widget elementor-widget-text-editor\" data-id=\"11c28c4\" data-element_type=\"widget\" data-e-type=\"widget\" data-widget_type=\"text-editor.default\">\n\t\t\t\t<div class=\"elementor-widget-container\">\n\t\t\t\t\t\t\t\t\t<h3>Wichtige Aspekte, die zu ber\u00fccksichtigen sind<\/h3><p style=\"color: #212121; font-family: Roboto, sans-serif; font-size: 16px;\"><strong>Finanzierungsrunden<\/strong> bieten Unternehmen die M\u00f6glichkeit, die notwendigen Mittel f\u00fcr ein schnelles Wachstum zu erhalten, bedeuten jedoch auch, einen Teil der Kontrolle \u00fcber das Unternehmen an die Investoren abzugeben. Die Bewertung des Unternehmens in jeder Runde ist ein entscheidender Faktor, da sie bestimmt, welchen Anteil die Investoren im Austausch f\u00fcr ihre Investition erhalten. <\/p><p style=\"color: #212121; font-family: Roboto, sans-serif; font-size: 16px;\">Die Investoren, die an diesen Finanzierungsrunden teilnehmen, sind oft <strong>Business Angels,<\/strong> Risikokapitalgeber <strong>(Venture Capital)<\/strong> oder in einigen F\u00e4llen institutionelle Investoren. Es ist wichtig, dass Unternehmer die Bedingungen verstehen, die Investoren stellen k\u00f6nnen, wie Kontrollrechte oder strategische Entscheidungsbefugnisse, und wie diese Bedingungen die Eigent\u00fcmerstruktur und die zuk\u00fcnftige Ausrichtung des Unternehmens beeinflussen k\u00f6nnen. <\/p><p style=\"color: #212121; font-family: Roboto, sans-serif; font-size: 16px;\">Finanzierungsrunden sind auch mit Risiken verbunden. Unternehmen k\u00f6nnen m\u00f6glicherweise nicht das ben\u00f6tigte Kapital aufbringen, wenn sie die Erwartungen der Investoren nicht erf\u00fcllen oder wenn der Markt ung\u00fcnstig ist. Daher sind eine sorgf\u00e4ltige Planung und eine \u00fcberzeugende Pr\u00e4sentation entscheidend f\u00fcr den Erfolg einer Finanzierungsrunde.  <\/p>\t\t\t\t\t\t\t\t<\/div>\n\t\t\t\t<\/div>\n\t\t\t\t\t<\/div>\n\t\t<\/div>\n\t\t\t\t\t<\/div>\n\t\t<\/section>\n\t\t\t\t<section class=\"elementor-section elementor-top-section elementor-element elementor-element-aa563c5 elementor-section-full_width elementor-section-stretched elementor-section-height-default elementor-section-height-default parallax_section_no qode_elementor_container_no\" data-id=\"aa563c5\" data-element_type=\"section\" data-e-type=\"section\" data-settings=\"{&quot;stretch_section&quot;:&quot;section-stretched&quot;}\">\n\t\t\t\t\t\t<div class=\"elementor-container elementor-column-gap-default\">\n\t\t\t\t\t<div class=\"elementor-column elementor-col-100 elementor-top-column elementor-element elementor-element-41114ac\" data-id=\"41114ac\" data-element_type=\"column\" data-e-type=\"column\">\n\t\t\t<div class=\"elementor-widget-wrap elementor-element-populated\">\n\t\t\t\t\t\t<div class=\"elementor-element elementor-element-43f7095 elementor-widget elementor-widget-html\" data-id=\"43f7095\" data-element_type=\"widget\" data-e-type=\"widget\" data-widget_type=\"html.default\">\n\t\t\t\t<div class=\"elementor-widget-container\">\n\t\t\t\t\t\r\n        <div class=\"qode-advanced-call-to-action qode-advanced-cta-gradient qode-advanced-cta-gradient-animation\" style=\"height:80px\">\r\n            <a class=\"advanced-cta-link\" href=\"https:\/\/mkt.urbanitae.com\/Urbanitae_suscripcion_newsletter.html?utm_source=blog&amp;utm_medium=link_blog&amp;utm_campaign=suscripcion_blog&amp;utm_content=boton\" target=\"_blank\" onclick=\"dataLayer.push({'event': 'ub_ga4_event', 'ub_ga4_event_name': 'newsletter', 'ub_ga4_event_element': 'aprende'})\"><\/a>\r\n            <div class=\"qode-advanced-cta-content\">\r\n                <span class=\"qode-advanced-cta-text-holder\" style=\"color:#FFFFFF;font-size:25px\">\r\n Abonnieren Sie unseren Newsletter <\/span>\r\n                <span class=\"qode-advanced-cta-icon-holder\" style=\"color:#FFFFFF;font-size:25px\">\r\n                    <span class=\"qode-advanced-cta-icon-holder-table\">\r\n                        <span class=\"qode-advanced-cta-icon-holder-cell\">\r\n                            <i class=\"qode_icon_font_awesome_5 fa5 fa fa-envelope-open-text qode-advanced-cta-icon\"><\/i> <\/span>\r\n                    <\/span>\r\n                <\/span>\r\n            <\/div>\r\n            <div class=\"qode-advanced-cta-background-holder\">\r\n                <span class=\"qode-advanced-cta-background-1 qode-type1-gradient-left-to-right\"><\/span>\r\n                <span class=\"qode-advanced-cta-background-2 qode-type1-gradient-left-to-right\"><\/span>\r\n                <span class=\"qode-advanced-cta-background-3\"><\/span>\r\n            <\/div>\r\n        <\/div>\r\n\t\t\t\t<\/div>\n\t\t\t\t<\/div>\n\t\t\t\t\t<\/div>\n\t\t<\/div>\n\t\t\t\t\t<\/div>\n\t\t<\/section>\n\t\t\t\t<\/div>\n\t\t","protected":false},"excerpt":{"rendered":"<p>Was ist es? Es bezieht sich auf eine spezifische Phase, in der ein Unternehmen externe Finanzierung sucht, um sein Wachstum voranzutreiben oder seine Gesch\u00e4ftst\u00e4tigkeiten zu finanzieren. W\u00e4hrend einer Finanzierungsrunde bringen Investoren Kapital im Austausch f\u00fcr Aktien oder Beteiligungen am Unternehmen ein, wodurch sie eine Eigentumsbeteiligung&#8230;<\/p>\n","protected":false},"author":20,"featured_media":0,"parent":67878,"menu_order":0,"comment_status":"closed","ping_status":"closed","template":"","meta":{"inline_featured_image":false,"_lmt_disableupdate":"","_lmt_disable":"","footnotes":""},"class_list":["post-67736","page","type-page","status-publish","hentry"],"yoast_head":"<!-- This site is optimized with the Yoast SEO plugin v27.4 - https:\/\/yoast.com\/product\/yoast-seo-wordpress\/ -->\n<title>Finanzierungsrunde - Urbanitae Blog<\/title>\n<meta name=\"description\" content=\"Es bezeichnet eine bestimmte Phase, in der ein Unternehmen externe Finanzierung sucht, um sein Wachstum voranzutreiben oder seine Gesch\u00e4ftst\u00e4tigkeit zu finanzieren. W\u00e4hrend einer Finanzierungsrunde k\u00f6nnen Investoren Kapital im Austausch f\u00fcr Aktien oder Beteiligungen am Unternehmen einbringen.\" \/>\n<meta name=\"robots\" content=\"index, follow, max-snippet:-1, max-image-preview:large, max-video-preview:-1\" \/>\n<link rel=\"canonical\" href=\"https:\/\/blog.urbanitae.com\/de\/glossar\/finanzierungsrunde\/\" \/>\n<meta property=\"og:locale\" content=\"de_DE\" \/>\n<meta property=\"og:type\" content=\"article\" \/>\n<meta property=\"og:title\" content=\"Finanzierungsrunde - Urbanitae Blog\" \/>\n<meta property=\"og:description\" content=\"Es bezeichnet eine bestimmte Phase, in der ein Unternehmen externe Finanzierung sucht, um sein Wachstum voranzutreiben oder seine Gesch\u00e4ftst\u00e4tigkeit zu finanzieren. W\u00e4hrend einer Finanzierungsrunde k\u00f6nnen Investoren Kapital im Austausch f\u00fcr Aktien oder Beteiligungen am Unternehmen einbringen.\" \/>\n<meta property=\"og:url\" content=\"https:\/\/blog.urbanitae.com\/de\/glossar\/finanzierungsrunde\/\" \/>\n<meta property=\"og:site_name\" content=\"Urbanitae Blog | Las mejores noticias sobre inversi\u00f3n inmobiliaria\" \/>\n<meta property=\"article:publisher\" content=\"https:\/\/www.facebook.com\/urbanitae\" \/>\n<meta property=\"article:modified_time\" content=\"2025-08-13T07:17:17+00:00\" \/>\n<meta name=\"twitter:card\" content=\"summary_large_image\" \/>\n<meta name=\"twitter:site\" content=\"@urbanitae\" \/>\n<meta name=\"twitter:label1\" content=\"Gesch\u00e4tzte Lesezeit\" \/>\n\t<meta name=\"twitter:data1\" content=\"1\u00a0Minute\" \/>\n<script type=\"application\/ld+json\" class=\"yoast-schema-graph\">{\"@context\":\"https:\\\/\\\/schema.org\",\"@graph\":[{\"@type\":\"WebPage\",\"@id\":\"https:\\\/\\\/blog.urbanitae.com\\\/de\\\/glossar\\\/finanzierungsrunde\\\/\",\"url\":\"https:\\\/\\\/blog.urbanitae.com\\\/de\\\/glossar\\\/finanzierungsrunde\\\/\",\"name\":\"Finanzierungsrunde - Urbanitae Blog\",\"isPartOf\":{\"@id\":\"https:\\\/\\\/blog.urbanitae.com\\\/de\\\/#website\"},\"datePublished\":\"2025-02-26T16:35:48+00:00\",\"dateModified\":\"2025-08-13T07:17:17+00:00\",\"description\":\"Es bezeichnet eine bestimmte Phase, in der ein Unternehmen externe Finanzierung sucht, um sein Wachstum voranzutreiben oder seine Gesch\u00e4ftst\u00e4tigkeit zu finanzieren. W\u00e4hrend einer Finanzierungsrunde k\u00f6nnen Investoren Kapital im Austausch f\u00fcr Aktien oder Beteiligungen am Unternehmen einbringen.\",\"breadcrumb\":{\"@id\":\"https:\\\/\\\/blog.urbanitae.com\\\/de\\\/glossar\\\/finanzierungsrunde\\\/#breadcrumb\"},\"inLanguage\":\"de\",\"potentialAction\":[{\"@type\":\"ReadAction\",\"target\":[\"https:\\\/\\\/blog.urbanitae.com\\\/de\\\/glossar\\\/finanzierungsrunde\\\/\"]}]},{\"@type\":\"BreadcrumbList\",\"@id\":\"https:\\\/\\\/blog.urbanitae.com\\\/de\\\/glossar\\\/finanzierungsrunde\\\/#breadcrumb\",\"itemListElement\":[{\"@type\":\"ListItem\",\"position\":1,\"name\":\"Portada\",\"item\":\"https:\\\/\\\/blog.urbanitae.com\\\/de\\\/\"},{\"@type\":\"ListItem\",\"position\":2,\"name\":\"Glossar\",\"item\":\"https:\\\/\\\/blog.urbanitae.com\\\/de\\\/glossar\\\/\"},{\"@type\":\"ListItem\",\"position\":3,\"name\":\"Finanzierungsrunde\"}]},{\"@type\":\"WebSite\",\"@id\":\"https:\\\/\\\/blog.urbanitae.com\\\/de\\\/#website\",\"url\":\"https:\\\/\\\/blog.urbanitae.com\\\/de\\\/\",\"name\":\"Urbanitae Blog | Las mejores noticias sobre inversi\u00f3n inmobiliaria\",\"description\":\"Inversi\u00f3n inmobiliaria al alcance de todos\",\"publisher\":{\"@id\":\"https:\\\/\\\/blog.urbanitae.com\\\/de\\\/#organization\"},\"potentialAction\":[{\"@type\":\"SearchAction\",\"target\":{\"@type\":\"EntryPoint\",\"urlTemplate\":\"https:\\\/\\\/blog.urbanitae.com\\\/de\\\/?s={search_term_string}\"},\"query-input\":{\"@type\":\"PropertyValueSpecification\",\"valueRequired\":true,\"valueName\":\"search_term_string\"}}],\"inLanguage\":\"de\"},{\"@type\":\"Organization\",\"@id\":\"https:\\\/\\\/blog.urbanitae.com\\\/de\\\/#organization\",\"name\":\"Urbanitae\",\"url\":\"https:\\\/\\\/blog.urbanitae.com\\\/de\\\/\",\"logo\":{\"@type\":\"ImageObject\",\"inLanguage\":\"de\",\"@id\":\"https:\\\/\\\/blog.urbanitae.com\\\/de\\\/#\\\/schema\\\/logo\\\/image\\\/\",\"url\":\"https:\\\/\\\/blog.urbanitae.com\\\/wp-content\\\/uploads\\\/2020\\\/04\\\/logo-verde_350x100.svg\",\"contentUrl\":\"https:\\\/\\\/blog.urbanitae.com\\\/wp-content\\\/uploads\\\/2020\\\/04\\\/logo-verde_350x100.svg\",\"width\":350,\"height\":100,\"caption\":\"Urbanitae\"},\"image\":{\"@id\":\"https:\\\/\\\/blog.urbanitae.com\\\/de\\\/#\\\/schema\\\/logo\\\/image\\\/\"},\"sameAs\":[\"https:\\\/\\\/www.facebook.com\\\/urbanitae\",\"https:\\\/\\\/x.com\\\/urbanitae\",\"https:\\\/\\\/www.instagram.com\\\/urbanitae\",\"https:\\\/\\\/www.linkedin.com\\\/company\\\/urbanitae\",\"https:\\\/\\\/www.pinterest.es\\\/UrbanitaeSL\\\/_created\\\/\",\"https:\\\/\\\/www.youtube.com\\\/c\\\/Urbanitae_RE\"]}]}<\/script>\n<!-- \/ Yoast SEO plugin. -->","yoast_head_json":{"title":"Finanzierungsrunde - Urbanitae Blog","description":"Es bezeichnet eine bestimmte Phase, in der ein Unternehmen externe Finanzierung sucht, um sein Wachstum voranzutreiben oder seine Gesch\u00e4ftst\u00e4tigkeit zu finanzieren. W\u00e4hrend einer Finanzierungsrunde k\u00f6nnen Investoren Kapital im Austausch f\u00fcr Aktien oder Beteiligungen am Unternehmen einbringen.","robots":{"index":"index","follow":"follow","max-snippet":"max-snippet:-1","max-image-preview":"max-image-preview:large","max-video-preview":"max-video-preview:-1"},"canonical":"https:\/\/blog.urbanitae.com\/de\/glossar\/finanzierungsrunde\/","og_locale":"de_DE","og_type":"article","og_title":"Finanzierungsrunde - Urbanitae Blog","og_description":"Es bezeichnet eine bestimmte Phase, in der ein Unternehmen externe Finanzierung sucht, um sein Wachstum voranzutreiben oder seine Gesch\u00e4ftst\u00e4tigkeit zu finanzieren. W\u00e4hrend einer Finanzierungsrunde k\u00f6nnen Investoren Kapital im Austausch f\u00fcr Aktien oder Beteiligungen am Unternehmen einbringen.","og_url":"https:\/\/blog.urbanitae.com\/de\/glossar\/finanzierungsrunde\/","og_site_name":"Urbanitae Blog | Las mejores noticias sobre inversi\u00f3n inmobiliaria","article_publisher":"https:\/\/www.facebook.com\/urbanitae","article_modified_time":"2025-08-13T07:17:17+00:00","twitter_card":"summary_large_image","twitter_site":"@urbanitae","twitter_misc":{"Gesch\u00e4tzte Lesezeit":"1\u00a0Minute"},"schema":{"@context":"https:\/\/schema.org","@graph":[{"@type":"WebPage","@id":"https:\/\/blog.urbanitae.com\/de\/glossar\/finanzierungsrunde\/","url":"https:\/\/blog.urbanitae.com\/de\/glossar\/finanzierungsrunde\/","name":"Finanzierungsrunde - Urbanitae Blog","isPartOf":{"@id":"https:\/\/blog.urbanitae.com\/de\/#website"},"datePublished":"2025-02-26T16:35:48+00:00","dateModified":"2025-08-13T07:17:17+00:00","description":"Es bezeichnet eine bestimmte Phase, in der ein Unternehmen externe Finanzierung sucht, um sein Wachstum voranzutreiben oder seine Gesch\u00e4ftst\u00e4tigkeit zu finanzieren. W\u00e4hrend einer Finanzierungsrunde k\u00f6nnen Investoren Kapital im Austausch f\u00fcr Aktien oder Beteiligungen am Unternehmen einbringen.","breadcrumb":{"@id":"https:\/\/blog.urbanitae.com\/de\/glossar\/finanzierungsrunde\/#breadcrumb"},"inLanguage":"de","potentialAction":[{"@type":"ReadAction","target":["https:\/\/blog.urbanitae.com\/de\/glossar\/finanzierungsrunde\/"]}]},{"@type":"BreadcrumbList","@id":"https:\/\/blog.urbanitae.com\/de\/glossar\/finanzierungsrunde\/#breadcrumb","itemListElement":[{"@type":"ListItem","position":1,"name":"Portada","item":"https:\/\/blog.urbanitae.com\/de\/"},{"@type":"ListItem","position":2,"name":"Glossar","item":"https:\/\/blog.urbanitae.com\/de\/glossar\/"},{"@type":"ListItem","position":3,"name":"Finanzierungsrunde"}]},{"@type":"WebSite","@id":"https:\/\/blog.urbanitae.com\/de\/#website","url":"https:\/\/blog.urbanitae.com\/de\/","name":"Urbanitae Blog | Las mejores noticias sobre inversi\u00f3n inmobiliaria","description":"Inversi\u00f3n inmobiliaria al alcance de todos","publisher":{"@id":"https:\/\/blog.urbanitae.com\/de\/#organization"},"potentialAction":[{"@type":"SearchAction","target":{"@type":"EntryPoint","urlTemplate":"https:\/\/blog.urbanitae.com\/de\/?s={search_term_string}"},"query-input":{"@type":"PropertyValueSpecification","valueRequired":true,"valueName":"search_term_string"}}],"inLanguage":"de"},{"@type":"Organization","@id":"https:\/\/blog.urbanitae.com\/de\/#organization","name":"Urbanitae","url":"https:\/\/blog.urbanitae.com\/de\/","logo":{"@type":"ImageObject","inLanguage":"de","@id":"https:\/\/blog.urbanitae.com\/de\/#\/schema\/logo\/image\/","url":"https:\/\/blog.urbanitae.com\/wp-content\/uploads\/2020\/04\/logo-verde_350x100.svg","contentUrl":"https:\/\/blog.urbanitae.com\/wp-content\/uploads\/2020\/04\/logo-verde_350x100.svg","width":350,"height":100,"caption":"Urbanitae"},"image":{"@id":"https:\/\/blog.urbanitae.com\/de\/#\/schema\/logo\/image\/"},"sameAs":["https:\/\/www.facebook.com\/urbanitae","https:\/\/x.com\/urbanitae","https:\/\/www.instagram.com\/urbanitae","https:\/\/www.linkedin.com\/company\/urbanitae","https:\/\/www.pinterest.es\/UrbanitaeSL\/_created\/","https:\/\/www.youtube.com\/c\/Urbanitae_RE"]}]}},"_links":{"self":[{"href":"https:\/\/blog.urbanitae.com\/de\/wp-json\/wp\/v2\/pages\/67736","targetHints":{"allow":["GET"]}}],"collection":[{"href":"https:\/\/blog.urbanitae.com\/de\/wp-json\/wp\/v2\/pages"}],"about":[{"href":"https:\/\/blog.urbanitae.com\/de\/wp-json\/wp\/v2\/types\/page"}],"author":[{"embeddable":true,"href":"https:\/\/blog.urbanitae.com\/de\/wp-json\/wp\/v2\/users\/20"}],"replies":[{"embeddable":true,"href":"https:\/\/blog.urbanitae.com\/de\/wp-json\/wp\/v2\/comments?post=67736"}],"version-history":[{"count":1,"href":"https:\/\/blog.urbanitae.com\/de\/wp-json\/wp\/v2\/pages\/67736\/revisions"}],"predecessor-version":[{"id":67737,"href":"https:\/\/blog.urbanitae.com\/de\/wp-json\/wp\/v2\/pages\/67736\/revisions\/67737"}],"up":[{"embeddable":true,"href":"https:\/\/blog.urbanitae.com\/de\/wp-json\/wp\/v2\/pages\/67878"}],"wp:attachment":[{"href":"https:\/\/blog.urbanitae.com\/de\/wp-json\/wp\/v2\/media?parent=67736"}],"curies":[{"name":"wp","href":"https:\/\/api.w.org\/{rel}","templated":true}]}}