{"id":67652,"date":"2025-04-15T20:00:40","date_gmt":"2025-04-15T18:00:40","guid":{"rendered":"https:\/\/blog.urbanitae.com\/festverzinsliche-wertpapiere\/"},"modified":"2025-08-13T09:17:06","modified_gmt":"2025-08-13T07:17:06","slug":"festverzinsliche-wertpapiere","status":"publish","type":"page","link":"https:\/\/blog.urbanitae.com\/de\/glossar\/festverzinsliche-wertpapiere\/","title":{"rendered":"Festverzinsliche Wertpapiere"},"content":{"rendered":"\t\t<div data-elementor-type=\"wp-page\" data-elementor-id=\"67652\" class=\"elementor elementor-67652 elementor-57117\">\n\t\t\t\t\t\t<section class=\"elementor-section elementor-top-section elementor-element elementor-element-d86d887 elementor-section-boxed elementor-section-height-default elementor-section-height-default\" data-id=\"d86d887\" data-element_type=\"section\" data-e-type=\"section\">\n\t\t\t\t\t\t<div class=\"elementor-container elementor-column-gap-default\">\n\t\t\t\t\t<div class=\"elementor-column elementor-col-100 elementor-top-column elementor-element elementor-element-8b49ddd\" data-id=\"8b49ddd\" data-element_type=\"column\" data-e-type=\"column\">\n\t\t\t<div class=\"elementor-widget-wrap elementor-element-populated\">\n\t\t\t\t\t\t<div class=\"elementor-element elementor-element-083b30b elementor-widget__width-initial elementor-widget elementor-widget-text-editor\" data-id=\"083b30b\" data-element_type=\"widget\" data-e-type=\"widget\" data-widget_type=\"text-editor.default\">\n\t\t\t\t<div class=\"elementor-widget-container\">\n\t\t\t\t\t\t\t\t\t<h3>Was ist es?<\/h3><p style=\"color: #212121; font-family: Roboto, sans-serif; font-size: 16px;\">Es handelt sich um eine Anlageklasse, die regelm\u00e4\u00dfige, vorher festgelegte Zahlungen wie Zinsen, Dividenden oder Kupons generiert. Festverzinsliche Wertpapiere umfassen Anleihen, Schuldverschreibungen und andere von Regierungen, Unternehmen oder sonstigen Institutionen ausgegebene Schuldtitel. Im Gegensatz zu Aktien, die keine festen Zahlungen garantieren, bieten festverzinsliche Instrumente eine feste oder variable Rendite, abh\u00e4ngig von den Marktbedingungen und den bei der Emission festgelegten Bedingungen. <\/p><p style=\"color: #212121; font-family: Roboto, sans-serif; font-size: 16px;\">Die Hauptmerkmal von festverzinslichen Wertpapieren ist die Vorhersehbarkeit der Zahlungen, was sie zu einer attraktiven Option f\u00fcr Anleger macht, die stabile Eink\u00fcnfte und geringere Risiken im Vergleich zu anderen Anlageklassen suchen. Anleihen beispielsweise zahlen regelm\u00e4\u00dfig Zinsen und erstatten bei F\u00e4lligkeit den Nennwert des Instruments, sofern kein Ausfall des Emittenten eintritt. <\/p>\t\t\t\t\t\t\t\t<\/div>\n\t\t\t\t<\/div>\n\t\t\t\t<div class=\"elementor-element elementor-element-11c28c4 elementor-widget__width-initial elementor-widget elementor-widget-text-editor\" data-id=\"11c28c4\" data-element_type=\"widget\" data-e-type=\"widget\" data-widget_type=\"text-editor.default\">\n\t\t\t\t<div class=\"elementor-widget-container\">\n\t\t\t\t\t\t\t\t\t<h3>Wichtige Aspekte, die zu ber\u00fccksichtigen sind<\/h3>\n<p style=\"color: #212121; font-family: Roboto, sans-serif; font-size: 16px;\">Festverzinsliche Wertpapiere gelten im Allgemeinen als risiko\u00e4rmere Investition im Vergleich zu Aktien, da die Zinszahlungen und die R\u00fcckzahlung des Kapitals vorab festgelegt sind, vorausgesetzt, der Emittent ger\u00e4t nicht in Zahlungsausfall. Dennoch ist es wichtig, die Kreditw\u00fcrdigkeit des Emittenten zu bewerten, da Anleihen von Unternehmen oder Regierungen mit geringerer Bonit\u00e4t m\u00f6glicherweise h\u00f6here Zinss\u00e4tze bieten, um das zus\u00e4tzliche Risiko auszugleichen. <\/p>\n<p style=\"color: #212121; font-family: Roboto, sans-serif; font-size: 16px;\">Auch die Zinss\u00e4tze spielen eine entscheidende Rolle f\u00fcr die Rendite von festverzinslichen Wertpapieren. Steigen die Zinss\u00e4tze, neigen die Preise bestehender Anleihen dazu zu fallen, was den Wert von festverzinslichen Anlagen auf dem Sekund\u00e4rmarkt beeintr\u00e4chtigen kann. Andererseits bieten Anleihen in einem Umfeld niedriger Zinss\u00e4tze oft geringere Renditen, wodurch einige Anleger nach renditest\u00e4rkeren Alternativen suchen.  <\/p>\n<p style=\"color: #212121; font-family: Roboto, sans-serif; font-size: 16px;\">Au\u00dferdem sollten Anleger die Laufzeit festverzinslicher Instrumente ber\u00fccksichtigen, da eine l\u00e4ngere Laufzeit mit einem h\u00f6heren Zins\u00e4nderungsrisiko verbunden sein kann, w\u00e4hrend kurzlaufende Anleihen in der Regel weniger empfindlich auf solche Ver\u00e4nderungen reagieren.\t\t\t\t\t\t\t\t<\/div>\n\t\t\t\t<\/div>\n\t\t\t\t\t<\/div>\n\t\t<\/div>\n\t\t\t\t\t<\/div>\n\t\t<\/section>\n\t\t\t\t<section class=\"elementor-section elementor-top-section elementor-element elementor-element-aa563c5 elementor-section-full_width elementor-section-height-default elementor-section-height-default\" data-id=\"aa563c5\" data-element_type=\"section\" data-e-type=\"section\">\n\t\t\t\t\t\t<div class=\"elementor-container elementor-column-gap-default\">\n\t\t\t\t\t<div class=\"elementor-column elementor-col-100 elementor-top-column elementor-element elementor-element-41114ac\" data-id=\"41114ac\" data-element_type=\"column\" data-e-type=\"column\">\n\t\t\t<div class=\"elementor-widget-wrap elementor-element-populated\">\n\t\t\t\t\t\t<div class=\"elementor-element elementor-element-43f7095 elementor-widget elementor-widget-html\" data-id=\"43f7095\" data-element_type=\"widget\" data-e-type=\"widget\" data-widget_type=\"html.default\">\n\t\t\t\t<div class=\"elementor-widget-container\">\n\t\t\t\t\t\r\n        <div class=\"qode-advanced-call-to-action qode-advanced-cta-gradient qode-advanced-cta-gradient-animation\" style=\"height:80px\">\r\n            <a class=\"advanced-cta-link\" href=\"https:\/\/mkt.urbanitae.com\/Urbanitae_suscripcion_newsletter.html?utm_source=blog&amp;utm_medium=link_blog&amp;utm_campaign=suscripcion_blog&amp;utm_content=boton\" target=\"_blank\" onclick=\"dataLayer.push({'event': 'ub_ga4_event', 'ub_ga4_event_name': 'newsletter', 'ub_ga4_event_element': 'aprende'})\"><\/a>\r\n            <div class=\"qode-advanced-cta-content\">\r\n                <span class=\"qode-advanced-cta-text-holder\" style=\"color:#FFFFFF;font-size:25px\">\r\n Abonnieren Sie unseren Newsletter <\/span>\r\n                <span class=\"qode-advanced-cta-icon-holder\" style=\"color:#FFFFFF;font-size:25px\">\r\n                    <span class=\"qode-advanced-cta-icon-holder-table\">\r\n                        <span class=\"qode-advanced-cta-icon-holder-cell\">\r\n                            <i class=\"qode_icon_font_awesome_5 fa5 fa fa-envelope-open-text qode-advanced-cta-icon\"><\/i> <\/span>\r\n                    <\/span>\r\n                <\/span>\r\n            <\/div>\r\n            <div class=\"qode-advanced-cta-background-holder\">\r\n                <span class=\"qode-advanced-cta-background-1 qode-type1-gradient-left-to-right\"><\/span>\r\n                <span class=\"qode-advanced-cta-background-2 qode-type1-gradient-left-to-right\"><\/span>\r\n                <span class=\"qode-advanced-cta-background-3\"><\/span>\r\n            <\/div>\r\n        <\/div>\r\n\t\t\t\t<\/div>\n\t\t\t\t<\/div>\n\t\t\t\t\t<\/div>\n\t\t<\/div>\n\t\t\t\t\t<\/div>\n\t\t<\/section>\n\t\t\t\t<\/div>\n\t\t","protected":false},"excerpt":{"rendered":"<p>Was ist es? Es handelt sich um eine Anlageklasse, die regelm\u00e4\u00dfige, vorher festgelegte Zahlungen wie Zinsen, Dividenden oder Kupons generiert. Festverzinsliche Wertpapiere umfassen Anleihen, Schuldverschreibungen und andere von Regierungen, Unternehmen oder sonstigen Institutionen ausgegebene Schuldtitel. Im Gegensatz zu Aktien, die keine festen Zahlungen garantieren, bieten festverzinsliche Instrumente eine feste oder variable Rendite, abh\u00e4ngig von den [&hellip;]<\/p>\n","protected":false},"author":20,"featured_media":0,"parent":67878,"menu_order":0,"comment_status":"closed","ping_status":"closed","template":"","meta":{"inline_featured_image":false,"footnotes":""},"class_list":["post-67652","page","type-page","status-publish","hentry"],"blocksy_meta":[],"yoast_head":"<!-- This site is optimized with the Yoast SEO plugin v27.4 - https:\/\/yoast.com\/product\/yoast-seo-wordpress\/ -->\n<title>Festverzinsliche Wertpapiere - Urbanitae Blog<\/title>\n<meta name=\"description\" content=\"Es bezieht sich auf eine Klasse von Finanzanlagen, die vorab festgelegte regelm\u00e4\u00dfige Zahlungen wie Zinsen, Dividenden oder Kupons erzeugen. Festverzinsliche Wertpapiere umfassen Anleihen, Schuldverschreibungen und andere Schuldtitel.\" \/>\n<meta name=\"robots\" content=\"index, follow, max-snippet:-1, max-image-preview:large, max-video-preview:-1\" \/>\n<link rel=\"canonical\" href=\"https:\/\/blog.urbanitae.com\/de\/glossar\/festverzinsliche-wertpapiere\/\" \/>\n<meta property=\"og:locale\" content=\"de_DE\" \/>\n<meta property=\"og:type\" content=\"article\" \/>\n<meta property=\"og:title\" content=\"Festverzinsliche Wertpapiere - Urbanitae Blog\" \/>\n<meta property=\"og:description\" content=\"Es bezieht sich auf eine Klasse von Finanzanlagen, die vorab festgelegte regelm\u00e4\u00dfige Zahlungen wie Zinsen, Dividenden oder Kupons erzeugen. Festverzinsliche Wertpapiere umfassen Anleihen, Schuldverschreibungen und andere Schuldtitel.\" \/>\n<meta property=\"og:url\" content=\"https:\/\/blog.urbanitae.com\/de\/glossar\/festverzinsliche-wertpapiere\/\" \/>\n<meta property=\"og:site_name\" content=\"Urbanitae Blog | Las mejores noticias sobre inversi\u00f3n inmobiliaria\" \/>\n<meta property=\"article:publisher\" content=\"https:\/\/www.facebook.com\/urbanitae\" \/>\n<meta property=\"article:modified_time\" content=\"2025-08-13T07:17:06+00:00\" \/>\n<meta name=\"twitter:card\" content=\"summary_large_image\" \/>\n<meta name=\"twitter:site\" content=\"@urbanitae\" \/>\n<meta name=\"twitter:label1\" content=\"Gesch\u00e4tzte Lesezeit\" \/>\n\t<meta name=\"twitter:data1\" content=\"1\u00a0Minute\" \/>\n<script type=\"application\/ld+json\" class=\"yoast-schema-graph\">{\"@context\":\"https:\\\/\\\/schema.org\",\"@graph\":[{\"@type\":\"WebPage\",\"@id\":\"https:\\\/\\\/blog.urbanitae.com\\\/de\\\/glossar\\\/festverzinsliche-wertpapiere\\\/\",\"url\":\"https:\\\/\\\/blog.urbanitae.com\\\/de\\\/glossar\\\/festverzinsliche-wertpapiere\\\/\",\"name\":\"Festverzinsliche Wertpapiere - Urbanitae Blog\",\"isPartOf\":{\"@id\":\"https:\\\/\\\/blog.urbanitae.com\\\/de\\\/#website\"},\"datePublished\":\"2025-04-15T18:00:40+00:00\",\"dateModified\":\"2025-08-13T07:17:06+00:00\",\"description\":\"Es bezieht sich auf eine Klasse von Finanzanlagen, die vorab festgelegte regelm\u00e4\u00dfige Zahlungen wie Zinsen, Dividenden oder Kupons erzeugen. Festverzinsliche Wertpapiere umfassen Anleihen, Schuldverschreibungen und andere Schuldtitel.\",\"breadcrumb\":{\"@id\":\"https:\\\/\\\/blog.urbanitae.com\\\/de\\\/glossar\\\/festverzinsliche-wertpapiere\\\/#breadcrumb\"},\"inLanguage\":\"de\",\"potentialAction\":[{\"@type\":\"ReadAction\",\"target\":[\"https:\\\/\\\/blog.urbanitae.com\\\/de\\\/glossar\\\/festverzinsliche-wertpapiere\\\/\"]}]},{\"@type\":\"BreadcrumbList\",\"@id\":\"https:\\\/\\\/blog.urbanitae.com\\\/de\\\/glossar\\\/festverzinsliche-wertpapiere\\\/#breadcrumb\",\"itemListElement\":[{\"@type\":\"ListItem\",\"position\":1,\"name\":\"Portada\",\"item\":\"https:\\\/\\\/blog.urbanitae.com\\\/de\\\/\"},{\"@type\":\"ListItem\",\"position\":2,\"name\":\"Glossar\",\"item\":\"https:\\\/\\\/blog.urbanitae.com\\\/de\\\/glossar\\\/\"},{\"@type\":\"ListItem\",\"position\":3,\"name\":\"Festverzinsliche Wertpapiere\"}]},{\"@type\":\"WebSite\",\"@id\":\"https:\\\/\\\/blog.urbanitae.com\\\/de\\\/#website\",\"url\":\"https:\\\/\\\/blog.urbanitae.com\\\/de\\\/\",\"name\":\"Urbanitae Blog | Las mejores noticias sobre inversi\u00f3n inmobiliaria\",\"description\":\"Inversi\u00f3n inmobiliaria al alcance de todos\",\"publisher\":{\"@id\":\"https:\\\/\\\/blog.urbanitae.com\\\/de\\\/#organization\"},\"potentialAction\":[{\"@type\":\"SearchAction\",\"target\":{\"@type\":\"EntryPoint\",\"urlTemplate\":\"https:\\\/\\\/blog.urbanitae.com\\\/de\\\/?s={search_term_string}\"},\"query-input\":{\"@type\":\"PropertyValueSpecification\",\"valueRequired\":true,\"valueName\":\"search_term_string\"}}],\"inLanguage\":\"de\"},{\"@type\":\"Organization\",\"@id\":\"https:\\\/\\\/blog.urbanitae.com\\\/de\\\/#organization\",\"name\":\"Urbanitae\",\"url\":\"https:\\\/\\\/blog.urbanitae.com\\\/de\\\/\",\"logo\":{\"@type\":\"ImageObject\",\"inLanguage\":\"de\",\"@id\":\"https:\\\/\\\/blog.urbanitae.com\\\/de\\\/#\\\/schema\\\/logo\\\/image\\\/\",\"url\":\"https:\\\/\\\/blog.urbanitae.com\\\/wp-content\\\/uploads\\\/2020\\\/04\\\/logo-verde_350x100.svg\",\"contentUrl\":\"https:\\\/\\\/blog.urbanitae.com\\\/wp-content\\\/uploads\\\/2020\\\/04\\\/logo-verde_350x100.svg\",\"width\":350,\"height\":100,\"caption\":\"Urbanitae\"},\"image\":{\"@id\":\"https:\\\/\\\/blog.urbanitae.com\\\/de\\\/#\\\/schema\\\/logo\\\/image\\\/\"},\"sameAs\":[\"https:\\\/\\\/www.facebook.com\\\/urbanitae\",\"https:\\\/\\\/x.com\\\/urbanitae\",\"https:\\\/\\\/www.instagram.com\\\/urbanitae\",\"https:\\\/\\\/www.linkedin.com\\\/company\\\/urbanitae\",\"https:\\\/\\\/www.pinterest.es\\\/UrbanitaeSL\\\/_created\\\/\",\"https:\\\/\\\/www.youtube.com\\\/c\\\/Urbanitae_RE\"]}]}<\/script>\n<!-- \/ Yoast SEO plugin. -->","yoast_head_json":{"title":"Festverzinsliche Wertpapiere - Urbanitae Blog","description":"Es bezieht sich auf eine Klasse von Finanzanlagen, die vorab festgelegte regelm\u00e4\u00dfige Zahlungen wie Zinsen, Dividenden oder Kupons erzeugen. Festverzinsliche Wertpapiere umfassen Anleihen, Schuldverschreibungen und andere Schuldtitel.","robots":{"index":"index","follow":"follow","max-snippet":"max-snippet:-1","max-image-preview":"max-image-preview:large","max-video-preview":"max-video-preview:-1"},"canonical":"https:\/\/blog.urbanitae.com\/de\/glossar\/festverzinsliche-wertpapiere\/","og_locale":"de_DE","og_type":"article","og_title":"Festverzinsliche Wertpapiere - Urbanitae Blog","og_description":"Es bezieht sich auf eine Klasse von Finanzanlagen, die vorab festgelegte regelm\u00e4\u00dfige Zahlungen wie Zinsen, Dividenden oder Kupons erzeugen. Festverzinsliche Wertpapiere umfassen Anleihen, Schuldverschreibungen und andere Schuldtitel.","og_url":"https:\/\/blog.urbanitae.com\/de\/glossar\/festverzinsliche-wertpapiere\/","og_site_name":"Urbanitae Blog | Las mejores noticias sobre inversi\u00f3n inmobiliaria","article_publisher":"https:\/\/www.facebook.com\/urbanitae","article_modified_time":"2025-08-13T07:17:06+00:00","twitter_card":"summary_large_image","twitter_site":"@urbanitae","twitter_misc":{"Gesch\u00e4tzte Lesezeit":"1\u00a0Minute"},"schema":{"@context":"https:\/\/schema.org","@graph":[{"@type":"WebPage","@id":"https:\/\/blog.urbanitae.com\/de\/glossar\/festverzinsliche-wertpapiere\/","url":"https:\/\/blog.urbanitae.com\/de\/glossar\/festverzinsliche-wertpapiere\/","name":"Festverzinsliche Wertpapiere - Urbanitae Blog","isPartOf":{"@id":"https:\/\/blog.urbanitae.com\/de\/#website"},"datePublished":"2025-04-15T18:00:40+00:00","dateModified":"2025-08-13T07:17:06+00:00","description":"Es bezieht sich auf eine Klasse von Finanzanlagen, die vorab festgelegte regelm\u00e4\u00dfige Zahlungen wie Zinsen, Dividenden oder Kupons erzeugen. Festverzinsliche Wertpapiere umfassen Anleihen, Schuldverschreibungen und andere Schuldtitel.","breadcrumb":{"@id":"https:\/\/blog.urbanitae.com\/de\/glossar\/festverzinsliche-wertpapiere\/#breadcrumb"},"inLanguage":"de","potentialAction":[{"@type":"ReadAction","target":["https:\/\/blog.urbanitae.com\/de\/glossar\/festverzinsliche-wertpapiere\/"]}]},{"@type":"BreadcrumbList","@id":"https:\/\/blog.urbanitae.com\/de\/glossar\/festverzinsliche-wertpapiere\/#breadcrumb","itemListElement":[{"@type":"ListItem","position":1,"name":"Portada","item":"https:\/\/blog.urbanitae.com\/de\/"},{"@type":"ListItem","position":2,"name":"Glossar","item":"https:\/\/blog.urbanitae.com\/de\/glossar\/"},{"@type":"ListItem","position":3,"name":"Festverzinsliche Wertpapiere"}]},{"@type":"WebSite","@id":"https:\/\/blog.urbanitae.com\/de\/#website","url":"https:\/\/blog.urbanitae.com\/de\/","name":"Urbanitae Blog | Las mejores noticias sobre inversi\u00f3n inmobiliaria","description":"Inversi\u00f3n inmobiliaria al alcance de todos","publisher":{"@id":"https:\/\/blog.urbanitae.com\/de\/#organization"},"potentialAction":[{"@type":"SearchAction","target":{"@type":"EntryPoint","urlTemplate":"https:\/\/blog.urbanitae.com\/de\/?s={search_term_string}"},"query-input":{"@type":"PropertyValueSpecification","valueRequired":true,"valueName":"search_term_string"}}],"inLanguage":"de"},{"@type":"Organization","@id":"https:\/\/blog.urbanitae.com\/de\/#organization","name":"Urbanitae","url":"https:\/\/blog.urbanitae.com\/de\/","logo":{"@type":"ImageObject","inLanguage":"de","@id":"https:\/\/blog.urbanitae.com\/de\/#\/schema\/logo\/image\/","url":"https:\/\/blog.urbanitae.com\/wp-content\/uploads\/2020\/04\/logo-verde_350x100.svg","contentUrl":"https:\/\/blog.urbanitae.com\/wp-content\/uploads\/2020\/04\/logo-verde_350x100.svg","width":350,"height":100,"caption":"Urbanitae"},"image":{"@id":"https:\/\/blog.urbanitae.com\/de\/#\/schema\/logo\/image\/"},"sameAs":["https:\/\/www.facebook.com\/urbanitae","https:\/\/x.com\/urbanitae","https:\/\/www.instagram.com\/urbanitae","https:\/\/www.linkedin.com\/company\/urbanitae","https:\/\/www.pinterest.es\/UrbanitaeSL\/_created\/","https:\/\/www.youtube.com\/c\/Urbanitae_RE"]}]}},"_links":{"self":[{"href":"https:\/\/blog.urbanitae.com\/de\/wp-json\/wp\/v2\/pages\/67652","targetHints":{"allow":["GET"]}}],"collection":[{"href":"https:\/\/blog.urbanitae.com\/de\/wp-json\/wp\/v2\/pages"}],"about":[{"href":"https:\/\/blog.urbanitae.com\/de\/wp-json\/wp\/v2\/types\/page"}],"author":[{"embeddable":true,"href":"https:\/\/blog.urbanitae.com\/de\/wp-json\/wp\/v2\/users\/20"}],"replies":[{"embeddable":true,"href":"https:\/\/blog.urbanitae.com\/de\/wp-json\/wp\/v2\/comments?post=67652"}],"version-history":[{"count":0,"href":"https:\/\/blog.urbanitae.com\/de\/wp-json\/wp\/v2\/pages\/67652\/revisions"}],"up":[{"embeddable":true,"href":"https:\/\/blog.urbanitae.com\/de\/wp-json\/wp\/v2\/pages\/67878"}],"wp:attachment":[{"href":"https:\/\/blog.urbanitae.com\/de\/wp-json\/wp\/v2\/media?parent=67652"}],"curies":[{"name":"wp","href":"https:\/\/api.w.org\/{rel}","templated":true}]}}