{"id":67650,"date":"2025-04-15T19:55:07","date_gmt":"2025-04-15T17:55:07","guid":{"rendered":"https:\/\/blog.urbanitae.com\/reit\/"},"modified":"2025-08-13T09:17:40","modified_gmt":"2025-08-13T07:17:40","slug":"reit","status":"publish","type":"page","link":"https:\/\/blog.urbanitae.com\/de\/glossar\/reit\/","title":{"rendered":"REIT"},"content":{"rendered":"\t\t<div data-elementor-type=\"wp-page\" data-elementor-id=\"67650\" class=\"elementor elementor-67650 elementor-60223\">\n\t\t\t\t\t\t<section class=\"elementor-section elementor-top-section elementor-element elementor-element-d86d887 elementor-section-boxed elementor-section-height-default elementor-section-height-default\" data-id=\"d86d887\" data-element_type=\"section\" data-e-type=\"section\">\n\t\t\t\t\t\t<div class=\"elementor-container elementor-column-gap-default\">\n\t\t\t\t\t<div class=\"elementor-column elementor-col-100 elementor-top-column elementor-element elementor-element-8b49ddd\" data-id=\"8b49ddd\" data-element_type=\"column\" data-e-type=\"column\">\n\t\t\t<div class=\"elementor-widget-wrap elementor-element-populated\">\n\t\t\t\t\t\t<div class=\"elementor-element elementor-element-083b30b elementor-widget__width-initial elementor-widget elementor-widget-text-editor\" data-id=\"083b30b\" data-element_type=\"widget\" data-e-type=\"widget\" data-widget_type=\"text-editor.default\">\n\t\t\t\t<div class=\"elementor-widget-container\">\n\t\t\t\t\t\t\t\t\t<h3>Was sind sie?<\/h3><p style=\"color: #212121; font-family: Roboto, sans-serif; font-size: 16px;\"><strong>REITs (Real Estate Investment Trusts)<\/strong> sind Immobilienanlagevehikel, die es sowohl Kleinanlegern als auch institutionellen Investoren erm\u00f6glichen, \u00fcber den Kauf von Anteilen an einer b\u00f6rsennotierten Gesellschaft am Immobilienmarkt teilzunehmen. Diese Gesellschaft besitzt, verwaltet und vermietet ertragsbringende Immobilien. Dieses Modell bietet eine zug\u00e4ngliche und diversifizierte M\u00f6glichkeit, in Immobilien zu investieren \u2013 ohne Immobilien direkt erwerben, verwalten oder instand halten zu m\u00fcssen. <\/p><p style=\"color: #212121; font-family: Roboto, sans-serif; font-size: 16px;\">Ein Hauptmerkmal von REITs besteht darin, dass sie verpflichtet sind, einen hohen Prozentsatz ihrer erzielten Gewinne \u2013 \u00fcblicherweise mindestens 90 % \u2013 in Form von Dividenden an die Aktion\u00e4re auszusch\u00fctten, was sie zu einer attraktiven Option f\u00fcr Anleger macht, die regelm\u00e4\u00dfige Ertr\u00e4ge suchen. Au\u00dferdem profitieren sie in der Regel von einem steuerlich beg\u00fcnstigten Regime, das eine doppelte Besteuerung der Gewinne vermeidet, sofern bestimmte gesetzliche Voraussetzungen erf\u00fcllt sind. <\/p><p style=\"color: #212121; font-family: Roboto, sans-serif; font-size: 16px;\">In Spanien wurde dieses Modell durch die b\u00f6rsennotierten Immobilieninvestmentgesellschaften (SOCIMIs) adaptiert, die<a href=\"https:\/\/www.boe.es\/buscar\/act.php?id=BOE-A-2010-10544\" target=\"_blank\" rel=\"noopener\"> durch das Kapitalgesellschaftsgesetz<\/a> und das<a href=\"https:\/\/www.boe.es\/eli\/es\/l\/2009\/10\/26\/11\/con\" target=\"_blank\" rel=\"noopener\"> Gesetz 11\/2009 <\/a>vom 26. Oktober geregelt sind. SOCIMIs funktionieren \u00e4hnlich wie internationale REITs und genie\u00dfen steuerliche Vorteile, wenn sie den Gro\u00dfteil ihrer Gewinne als Dividenden aussch\u00fctten und an regulierten M\u00e4rkten notiert sind. Diese Gesellschaften haben im spanischen Immobiliensektor an Bedeutung gewonnen und dienen als Instrument zur B\u00fcndelung professioneller und institutioneller Investitionen in hochwertige Immobilienanlagen.  <\/p>\t\t\t\t\t\t\t\t<\/div>\n\t\t\t\t<\/div>\n\t\t\t\t<div class=\"elementor-element elementor-element-11c28c4 elementor-widget__width-initial elementor-widget elementor-widget-text-editor\" data-id=\"11c28c4\" data-element_type=\"widget\" data-e-type=\"widget\" data-widget_type=\"text-editor.default\">\n\t\t\t\t<div class=\"elementor-widget-container\">\n\t\t\t\t\t\t\t\t\t<h3>Wichtige Aspekte, die zu ber\u00fccksichtigen sind<\/h3><p style=\"color: #212121; font-family: Roboto, sans-serif; font-size: 16px;\"><strong>REITs<\/strong> sind eine attraktive Option f\u00fcr Anleger, die am Immobiliensektor teilnehmen m\u00f6chten, ohne Immobilien direkt verwalten zu m\u00fcssen. Zudem bieten sie eine h\u00f6here Liquidit\u00e4t im Vergleich zum direkten Immobilienbesitz, da ihre Aktien an B\u00f6rsen gehandelt werden und Investoren somit einfach kaufen und verkaufen k\u00f6nnen. <\/p><p style=\"color: #212121; font-family: Roboto, sans-serif; font-size: 16px;\">Investoren sollten jedoch beachten, dass REITs zwar passive Eink\u00fcnfte durch Dividenden bieten, aber auch Schwankungen im Immobilienmarkt und Preisschwankungen der Immobilien unterliegen. Die Rentabilit\u00e4t eines REIT kann von Faktoren wie Zinss\u00e4tzen, der Nachfrage am Immobilienmarkt und \u00c4nderungen der Steuergesetzgebung beeinflusst werden. <\/p><p style=\"color: #212121; font-family: Roboto, sans-serif; font-size: 16px;\">Au\u00dferdem, obwohl REITs eine hervorragende M\u00f6glichkeit zur Diversifikation eines Investmentportfolios darstellen, ist es entscheidend, eine sorgf\u00e4ltige Due-Diligence-Pr\u00fcfung hinsichtlich der Qualit\u00e4t der vom REIT gehaltenen Immobilien sowie der von der Gesellschaft verfolgten Managementstrategie durchzuf\u00fchren.<\/p>\t\t\t\t\t\t\t\t<\/div>\n\t\t\t\t<\/div>\n\t\t\t\t\t<\/div>\n\t\t<\/div>\n\t\t\t\t\t<\/div>\n\t\t<\/section>\n\t\t\t\t<section class=\"elementor-section elementor-top-section elementor-element elementor-element-aa563c5 elementor-section-full_width elementor-section-stretched elementor-section-height-default elementor-section-height-default\" data-id=\"aa563c5\" data-element_type=\"section\" data-e-type=\"section\" data-settings=\"{&quot;stretch_section&quot;:&quot;section-stretched&quot;}\">\n\t\t\t\t\t\t<div class=\"elementor-container elementor-column-gap-default\">\n\t\t\t\t\t<div class=\"elementor-column elementor-col-100 elementor-top-column elementor-element elementor-element-41114ac\" data-id=\"41114ac\" data-element_type=\"column\" data-e-type=\"column\">\n\t\t\t<div class=\"elementor-widget-wrap elementor-element-populated\">\n\t\t\t\t\t\t<div class=\"elementor-element elementor-element-43f7095 elementor-widget elementor-widget-html\" data-id=\"43f7095\" data-element_type=\"widget\" data-e-type=\"widget\" data-widget_type=\"html.default\">\n\t\t\t\t<div class=\"elementor-widget-container\">\n\t\t\t\t\t\r\n        <div class=\"qode-advanced-call-to-action qode-advanced-cta-gradient qode-advanced-cta-gradient-animation\" style=\"height:80px\">\r\n            <a class=\"advanced-cta-link\" href=\"https:\/\/mkt.urbanitae.com\/Urbanitae_suscripcion_newsletter.html?utm_source=blog&amp;utm_medium=link_blog&amp;utm_campaign=suscripcion_blog&amp;utm_content=boton\" target=\"_blank\" onclick=\"dataLayer.push({'event': 'ub_ga4_event', 'ub_ga4_event_name': 'newsletter', 'ub_ga4_event_element': 'aprende'})\"><\/a>\r\n            <div class=\"qode-advanced-cta-content\">\r\n                <span class=\"qode-advanced-cta-text-holder\" style=\"color:#FFFFFF;font-size:25px\">\r\n Abonnieren Sie unseren Newsletter <\/span>\r\n                <span class=\"qode-advanced-cta-icon-holder\" style=\"color:#FFFFFF;font-size:25px\">\r\n                    <span class=\"qode-advanced-cta-icon-holder-table\">\r\n                        <span class=\"qode-advanced-cta-icon-holder-cell\">\r\n                            <i class=\"qode_icon_font_awesome_5 fa5 fa fa-envelope-open-text qode-advanced-cta-icon\"><\/i> <\/span>\r\n                    <\/span>\r\n                <\/span>\r\n            <\/div>\r\n            <div class=\"qode-advanced-cta-background-holder\">\r\n                <span class=\"qode-advanced-cta-background-1 qode-type1-gradient-left-to-right\"><\/span>\r\n                <span class=\"qode-advanced-cta-background-2 qode-type1-gradient-left-to-right\"><\/span>\r\n                <span class=\"qode-advanced-cta-background-3\"><\/span>\r\n            <\/div>\r\n        <\/div>\r\n\t\t\t\t<\/div>\n\t\t\t\t<\/div>\n\t\t\t\t\t<\/div>\n\t\t<\/div>\n\t\t\t\t\t<\/div>\n\t\t<\/section>\n\t\t\t\t<\/div>\n\t\t","protected":false},"excerpt":{"rendered":"<p>Was sind sie? REITs (Real Estate Investment Trusts) sind Immobilienanlagevehikel, die es sowohl Kleinanlegern als auch institutionellen Investoren erm\u00f6glichen, \u00fcber den Kauf von Anteilen an einer b\u00f6rsennotierten Gesellschaft am Immobilienmarkt teilzunehmen. Diese Gesellschaft besitzt, verwaltet und vermietet ertragsbringende Immobilien. Dieses Modell bietet eine zug\u00e4ngliche und diversifizierte M\u00f6glichkeit, in Immobilien zu investieren \u2013 ohne Immobilien direkt [&hellip;]<\/p>\n","protected":false},"author":4,"featured_media":0,"parent":67878,"menu_order":0,"comment_status":"closed","ping_status":"closed","template":"","meta":{"inline_featured_image":false,"footnotes":""},"class_list":["post-67650","page","type-page","status-publish","hentry"],"yoast_head":"<!-- This site is optimized with the Yoast SEO plugin v27.4 - https:\/\/yoast.com\/product\/yoast-seo-wordpress\/ -->\n<title>REIT - Urbanitae Blog<\/title>\n<meta name=\"description\" content=\"Ein Immobilieninvestmentfonds (Fideicomiso), der es Investoren erm\u00f6glicht, durch den Kauf von Unternehmensanteilen an Immobilienprojekten teilzunehmen.\" \/>\n<meta name=\"robots\" content=\"index, follow, max-snippet:-1, max-image-preview:large, max-video-preview:-1\" \/>\n<link rel=\"canonical\" href=\"https:\/\/blog.urbanitae.com\/de\/glossar\/reit\/\" \/>\n<meta property=\"og:locale\" content=\"de_DE\" \/>\n<meta property=\"og:type\" content=\"article\" \/>\n<meta property=\"og:title\" content=\"REIT - Urbanitae Blog\" \/>\n<meta property=\"og:description\" content=\"Ein Immobilieninvestmentfonds (Fideicomiso), der es Investoren erm\u00f6glicht, durch den Kauf von Unternehmensanteilen an Immobilienprojekten teilzunehmen.\" \/>\n<meta property=\"og:url\" content=\"https:\/\/blog.urbanitae.com\/de\/glossar\/reit\/\" \/>\n<meta property=\"og:site_name\" content=\"Urbanitae Blog | Las mejores noticias sobre inversi\u00f3n inmobiliaria\" \/>\n<meta property=\"article:publisher\" content=\"https:\/\/www.facebook.com\/urbanitae\" \/>\n<meta property=\"article:modified_time\" content=\"2025-08-13T07:17:40+00:00\" \/>\n<meta name=\"twitter:card\" content=\"summary_large_image\" \/>\n<meta name=\"twitter:site\" content=\"@urbanitae\" \/>\n<meta name=\"twitter:label1\" content=\"Gesch\u00e4tzte Lesezeit\" \/>\n\t<meta name=\"twitter:data1\" content=\"2\u00a0Minuten\" \/>\n<script type=\"application\/ld+json\" class=\"yoast-schema-graph\">{\"@context\":\"https:\\\/\\\/schema.org\",\"@graph\":[{\"@type\":\"WebPage\",\"@id\":\"https:\\\/\\\/blog.urbanitae.com\\\/de\\\/glossar\\\/reit\\\/\",\"url\":\"https:\\\/\\\/blog.urbanitae.com\\\/de\\\/glossar\\\/reit\\\/\",\"name\":\"REIT - Urbanitae Blog\",\"isPartOf\":{\"@id\":\"https:\\\/\\\/blog.urbanitae.com\\\/de\\\/#website\"},\"datePublished\":\"2025-04-15T17:55:07+00:00\",\"dateModified\":\"2025-08-13T07:17:40+00:00\",\"description\":\"Ein Immobilieninvestmentfonds (Fideicomiso), der es Investoren erm\u00f6glicht, durch den Kauf von Unternehmensanteilen an Immobilienprojekten teilzunehmen.\",\"breadcrumb\":{\"@id\":\"https:\\\/\\\/blog.urbanitae.com\\\/de\\\/glossar\\\/reit\\\/#breadcrumb\"},\"inLanguage\":\"de\",\"potentialAction\":[{\"@type\":\"ReadAction\",\"target\":[\"https:\\\/\\\/blog.urbanitae.com\\\/de\\\/glossar\\\/reit\\\/\"]}]},{\"@type\":\"BreadcrumbList\",\"@id\":\"https:\\\/\\\/blog.urbanitae.com\\\/de\\\/glossar\\\/reit\\\/#breadcrumb\",\"itemListElement\":[{\"@type\":\"ListItem\",\"position\":1,\"name\":\"Portada\",\"item\":\"https:\\\/\\\/blog.urbanitae.com\\\/de\\\/\"},{\"@type\":\"ListItem\",\"position\":2,\"name\":\"Glossar\",\"item\":\"https:\\\/\\\/blog.urbanitae.com\\\/de\\\/glossar\\\/\"},{\"@type\":\"ListItem\",\"position\":3,\"name\":\"REIT\"}]},{\"@type\":\"WebSite\",\"@id\":\"https:\\\/\\\/blog.urbanitae.com\\\/de\\\/#website\",\"url\":\"https:\\\/\\\/blog.urbanitae.com\\\/de\\\/\",\"name\":\"Urbanitae Blog | Las mejores noticias sobre inversi\u00f3n inmobiliaria\",\"description\":\"Inversi\u00f3n inmobiliaria al alcance de todos\",\"publisher\":{\"@id\":\"https:\\\/\\\/blog.urbanitae.com\\\/de\\\/#organization\"},\"potentialAction\":[{\"@type\":\"SearchAction\",\"target\":{\"@type\":\"EntryPoint\",\"urlTemplate\":\"https:\\\/\\\/blog.urbanitae.com\\\/de\\\/?s={search_term_string}\"},\"query-input\":{\"@type\":\"PropertyValueSpecification\",\"valueRequired\":true,\"valueName\":\"search_term_string\"}}],\"inLanguage\":\"de\"},{\"@type\":\"Organization\",\"@id\":\"https:\\\/\\\/blog.urbanitae.com\\\/de\\\/#organization\",\"name\":\"Urbanitae\",\"url\":\"https:\\\/\\\/blog.urbanitae.com\\\/de\\\/\",\"logo\":{\"@type\":\"ImageObject\",\"inLanguage\":\"de\",\"@id\":\"https:\\\/\\\/blog.urbanitae.com\\\/de\\\/#\\\/schema\\\/logo\\\/image\\\/\",\"url\":\"https:\\\/\\\/blog.urbanitae.com\\\/wp-content\\\/uploads\\\/2020\\\/04\\\/logo-verde_350x100.svg\",\"contentUrl\":\"https:\\\/\\\/blog.urbanitae.com\\\/wp-content\\\/uploads\\\/2020\\\/04\\\/logo-verde_350x100.svg\",\"width\":350,\"height\":100,\"caption\":\"Urbanitae\"},\"image\":{\"@id\":\"https:\\\/\\\/blog.urbanitae.com\\\/de\\\/#\\\/schema\\\/logo\\\/image\\\/\"},\"sameAs\":[\"https:\\\/\\\/www.facebook.com\\\/urbanitae\",\"https:\\\/\\\/x.com\\\/urbanitae\",\"https:\\\/\\\/www.instagram.com\\\/urbanitae\",\"https:\\\/\\\/www.linkedin.com\\\/company\\\/urbanitae\",\"https:\\\/\\\/www.pinterest.es\\\/UrbanitaeSL\\\/_created\\\/\",\"https:\\\/\\\/www.youtube.com\\\/c\\\/Urbanitae_RE\"]}]}<\/script>\n<!-- \/ Yoast SEO plugin. -->","yoast_head_json":{"title":"REIT - Urbanitae Blog","description":"Ein Immobilieninvestmentfonds (Fideicomiso), der es Investoren erm\u00f6glicht, durch den Kauf von Unternehmensanteilen an Immobilienprojekten teilzunehmen.","robots":{"index":"index","follow":"follow","max-snippet":"max-snippet:-1","max-image-preview":"max-image-preview:large","max-video-preview":"max-video-preview:-1"},"canonical":"https:\/\/blog.urbanitae.com\/de\/glossar\/reit\/","og_locale":"de_DE","og_type":"article","og_title":"REIT - Urbanitae Blog","og_description":"Ein Immobilieninvestmentfonds (Fideicomiso), der es Investoren erm\u00f6glicht, durch den Kauf von Unternehmensanteilen an Immobilienprojekten teilzunehmen.","og_url":"https:\/\/blog.urbanitae.com\/de\/glossar\/reit\/","og_site_name":"Urbanitae Blog | Las mejores noticias sobre inversi\u00f3n inmobiliaria","article_publisher":"https:\/\/www.facebook.com\/urbanitae","article_modified_time":"2025-08-13T07:17:40+00:00","twitter_card":"summary_large_image","twitter_site":"@urbanitae","twitter_misc":{"Gesch\u00e4tzte Lesezeit":"2\u00a0Minuten"},"schema":{"@context":"https:\/\/schema.org","@graph":[{"@type":"WebPage","@id":"https:\/\/blog.urbanitae.com\/de\/glossar\/reit\/","url":"https:\/\/blog.urbanitae.com\/de\/glossar\/reit\/","name":"REIT - Urbanitae Blog","isPartOf":{"@id":"https:\/\/blog.urbanitae.com\/de\/#website"},"datePublished":"2025-04-15T17:55:07+00:00","dateModified":"2025-08-13T07:17:40+00:00","description":"Ein Immobilieninvestmentfonds (Fideicomiso), der es Investoren erm\u00f6glicht, durch den Kauf von Unternehmensanteilen an Immobilienprojekten teilzunehmen.","breadcrumb":{"@id":"https:\/\/blog.urbanitae.com\/de\/glossar\/reit\/#breadcrumb"},"inLanguage":"de","potentialAction":[{"@type":"ReadAction","target":["https:\/\/blog.urbanitae.com\/de\/glossar\/reit\/"]}]},{"@type":"BreadcrumbList","@id":"https:\/\/blog.urbanitae.com\/de\/glossar\/reit\/#breadcrumb","itemListElement":[{"@type":"ListItem","position":1,"name":"Portada","item":"https:\/\/blog.urbanitae.com\/de\/"},{"@type":"ListItem","position":2,"name":"Glossar","item":"https:\/\/blog.urbanitae.com\/de\/glossar\/"},{"@type":"ListItem","position":3,"name":"REIT"}]},{"@type":"WebSite","@id":"https:\/\/blog.urbanitae.com\/de\/#website","url":"https:\/\/blog.urbanitae.com\/de\/","name":"Urbanitae Blog | Las mejores noticias sobre inversi\u00f3n inmobiliaria","description":"Inversi\u00f3n inmobiliaria al alcance de todos","publisher":{"@id":"https:\/\/blog.urbanitae.com\/de\/#organization"},"potentialAction":[{"@type":"SearchAction","target":{"@type":"EntryPoint","urlTemplate":"https:\/\/blog.urbanitae.com\/de\/?s={search_term_string}"},"query-input":{"@type":"PropertyValueSpecification","valueRequired":true,"valueName":"search_term_string"}}],"inLanguage":"de"},{"@type":"Organization","@id":"https:\/\/blog.urbanitae.com\/de\/#organization","name":"Urbanitae","url":"https:\/\/blog.urbanitae.com\/de\/","logo":{"@type":"ImageObject","inLanguage":"de","@id":"https:\/\/blog.urbanitae.com\/de\/#\/schema\/logo\/image\/","url":"https:\/\/blog.urbanitae.com\/wp-content\/uploads\/2020\/04\/logo-verde_350x100.svg","contentUrl":"https:\/\/blog.urbanitae.com\/wp-content\/uploads\/2020\/04\/logo-verde_350x100.svg","width":350,"height":100,"caption":"Urbanitae"},"image":{"@id":"https:\/\/blog.urbanitae.com\/de\/#\/schema\/logo\/image\/"},"sameAs":["https:\/\/www.facebook.com\/urbanitae","https:\/\/x.com\/urbanitae","https:\/\/www.instagram.com\/urbanitae","https:\/\/www.linkedin.com\/company\/urbanitae","https:\/\/www.pinterest.es\/UrbanitaeSL\/_created\/","https:\/\/www.youtube.com\/c\/Urbanitae_RE"]}]}},"_links":{"self":[{"href":"https:\/\/blog.urbanitae.com\/de\/wp-json\/wp\/v2\/pages\/67650","targetHints":{"allow":["GET"]}}],"collection":[{"href":"https:\/\/blog.urbanitae.com\/de\/wp-json\/wp\/v2\/pages"}],"about":[{"href":"https:\/\/blog.urbanitae.com\/de\/wp-json\/wp\/v2\/types\/page"}],"author":[{"embeddable":true,"href":"https:\/\/blog.urbanitae.com\/de\/wp-json\/wp\/v2\/users\/4"}],"replies":[{"embeddable":true,"href":"https:\/\/blog.urbanitae.com\/de\/wp-json\/wp\/v2\/comments?post=67650"}],"version-history":[{"count":1,"href":"https:\/\/blog.urbanitae.com\/de\/wp-json\/wp\/v2\/pages\/67650\/revisions"}],"predecessor-version":[{"id":67651,"href":"https:\/\/blog.urbanitae.com\/de\/wp-json\/wp\/v2\/pages\/67650\/revisions\/67651"}],"up":[{"embeddable":true,"href":"https:\/\/blog.urbanitae.com\/de\/wp-json\/wp\/v2\/pages\/67878"}],"wp:attachment":[{"href":"https:\/\/blog.urbanitae.com\/de\/wp-json\/wp\/v2\/media?parent=67650"}],"curies":[{"name":"wp","href":"https:\/\/api.w.org\/{rel}","templated":true}]}}