{"id":67646,"date":"2025-04-15T16:47:59","date_gmt":"2025-04-15T14:47:59","guid":{"rendered":"https:\/\/blog.urbanitae.com\/oeffentliche-maerkte\/"},"modified":"2025-08-13T09:16:49","modified_gmt":"2025-08-13T07:16:49","slug":"oeffentliche-maerkte","status":"publish","type":"page","link":"https:\/\/blog.urbanitae.com\/de\/glossar\/oeffentliche-maerkte\/","title":{"rendered":"\u00d6ffentliche M\u00e4rkte"},"content":{"rendered":"\t\t<div data-elementor-type=\"wp-page\" data-elementor-id=\"67646\" class=\"elementor elementor-67646 elementor-56973\">\n\t\t\t\t\t\t<section class=\"elementor-section elementor-top-section elementor-element elementor-element-d86d887 elementor-section-boxed elementor-section-height-default elementor-section-height-default\" data-id=\"d86d887\" data-element_type=\"section\" data-e-type=\"section\">\n\t\t\t\t\t\t<div class=\"elementor-container elementor-column-gap-default\">\n\t\t\t\t\t<div class=\"elementor-column elementor-col-100 elementor-top-column elementor-element elementor-element-8b49ddd\" data-id=\"8b49ddd\" data-element_type=\"column\" data-e-type=\"column\">\n\t\t\t<div class=\"elementor-widget-wrap elementor-element-populated\">\n\t\t\t\t\t\t<div class=\"elementor-element elementor-element-083b30b elementor-widget__width-initial elementor-widget elementor-widget-text-editor\" data-id=\"083b30b\" data-element_type=\"widget\" data-e-type=\"widget\" data-widget_type=\"text-editor.default\">\n\t\t\t\t<div class=\"elementor-widget-container\">\n\t\t\t\t\t\t\t\t\t<h3>Was sind sie?<\/h3><p style=\"color: #212121; font-family: Roboto, sans-serif; font-size: 16px;\">Es sind Finanzm\u00e4rkte, auf denen Finanzinstrumente gehandelt werden, die der breiten \u00d6ffentlichkeit zug\u00e4nglich sind. Diese M\u00e4rkte umfassen B\u00f6rsen und Handelsplattformen, auf denen Aktien, Anleihen, Investmentfonds und andere Finanzinstrumente gekauft und verkauft werden. \u00d6ffentliche M\u00e4rkte unterliegen der Aufsicht von Finanzbeh\u00f6rden, um Transparenz, Fairness und den Schutz der Anleger zu gew\u00e4hrleisten. <\/p><p style=\"color: #212121; font-family: Roboto, sans-serif; font-size: 16px;\">Einer der Hauptvorteile \u00f6ffentlicher M\u00e4rkte ist ihre hohe Liquidit\u00e4t: Anleger k\u00f6nnen Verm\u00f6genswerte schnell und effizient kaufen oder verkaufen, ohne deren Preis wesentlich zu beeinflussen. Dar\u00fcber hinaus stehen diese M\u00e4rkte allen Investoren offen \u2013 sowohl institutionellen als auch privaten \u2013, was den Zugang zu einer breiten Palette von Finanzprodukten erleichtert. <\/p>\t\t\t\t\t\t\t\t<\/div>\n\t\t\t\t<\/div>\n\t\t\t\t<div class=\"elementor-element elementor-element-11c28c4 elementor-widget__width-initial elementor-widget elementor-widget-text-editor\" data-id=\"11c28c4\" data-element_type=\"widget\" data-e-type=\"widget\" data-widget_type=\"text-editor.default\">\n\t\t\t\t<div class=\"elementor-widget-container\">\n\t\t\t\t\t\t\t\t\t<h3>Wichtige Aspekte, die zu ber\u00fccksichtigen sind<\/h3>\n<p style=\"color: #212121; font-family: Roboto, sans-serif; font-size: 16px;\"><strong>\u00d6ffentliche M\u00e4rkte <\/strong>zeichnen sich durch ihre Transparenz und Regulierung aus. Informationen \u00fcber die gehandelten Verm\u00f6genswerte \u2013 wie Finanzberichte und Preise \u2013 sind f\u00fcr alle Anleger zug\u00e4nglich, was fundiertere Entscheidungen erm\u00f6glicht. Aufsichtsbeh\u00f6rden wie die<strong> Comisi\u00f3n Nacional del Mercado de Valores (CNMV)<\/strong> in Spanien oder die Securities and Exchange Commission (SEC) in den USA \u00fcberwachen diese M\u00e4rkte, um sicherzustellen, dass die Regeln eingehalten werden und dass die M\u00e4rkte fair funktionieren.  <\/p>\n<p style=\"color: #212121; font-family: Roboto, sans-serif; font-size: 16px;\">Diese M\u00e4rkte bieten im Vergleich zu privaten M\u00e4rkten eine h\u00f6here Liquidit\u00e4t, da Verm\u00f6genswerte jederzeit w\u00e4hrend der Markt\u00f6ffnungszeiten gekauft und verkauft werden k\u00f6nnen, was den Ein- und Ausstieg f\u00fcr Anleger erleichtert. Dadurch wird das Risiko verringert, eine Anlage nicht zum gew\u00fcnschten Zeitpunkt ver\u00e4u\u00dfern zu k\u00f6nnen \u2013 wie es bei privaten M\u00e4rkten der Fall sein kann. <\/p>\n<p style=\"color: #212121; font-family: Roboto, sans-serif; font-size: 16px;\">Die M\u00f6glichkeit, \u00fcber Online-Plattformen und Broker auf diese M\u00e4rkte zuzugreifen, hat den Zugang zu Investitionen demokratisiert und erm\u00f6glicht es sogar Privatanlegern, am Kauf und Verkauf von Verm\u00f6genswerten gro\u00dfer b\u00f6rsennotierter Unternehmen teilzunehmen.\t\t\t\t\t\t\t\t<\/div>\n\t\t\t\t<\/div>\n\t\t\t\t\t<\/div>\n\t\t<\/div>\n\t\t\t\t\t<\/div>\n\t\t<\/section>\n\t\t\t\t<section class=\"elementor-section elementor-top-section elementor-element elementor-element-aa563c5 elementor-section-full_width elementor-section-stretched elementor-section-height-default elementor-section-height-default\" data-id=\"aa563c5\" data-element_type=\"section\" data-e-type=\"section\" data-settings=\"{&quot;stretch_section&quot;:&quot;section-stretched&quot;}\">\n\t\t\t\t\t\t<div class=\"elementor-container elementor-column-gap-default\">\n\t\t\t\t\t<div class=\"elementor-column elementor-col-100 elementor-top-column elementor-element elementor-element-41114ac\" data-id=\"41114ac\" data-element_type=\"column\" data-e-type=\"column\">\n\t\t\t<div class=\"elementor-widget-wrap elementor-element-populated\">\n\t\t\t\t\t\t<div class=\"elementor-element elementor-element-43f7095 elementor-widget elementor-widget-html\" data-id=\"43f7095\" data-element_type=\"widget\" data-e-type=\"widget\" data-widget_type=\"html.default\">\n\t\t\t\t<div class=\"elementor-widget-container\">\n\t\t\t\t\t\r\n        <div class=\"qode-advanced-call-to-action qode-advanced-cta-gradient qode-advanced-cta-gradient-animation\" style=\"height:80px\">\r\n            <a class=\"advanced-cta-link\" href=\"https:\/\/mkt.urbanitae.com\/Urbanitae_suscripcion_newsletter.html?utm_source=blog&amp;utm_medium=link_blog&amp;utm_campaign=suscripcion_blog&amp;utm_content=boton\" target=\"_blank\" onclick=\"dataLayer.push({'event': 'ub_ga4_event', 'ub_ga4_event_name': 'newsletter', 'ub_ga4_event_element': 'aprende'})\"><\/a>\r\n            <div class=\"qode-advanced-cta-content\">\r\n                <span class=\"qode-advanced-cta-text-holder\" style=\"color:#FFFFFF;font-size:25px\">\r\n Abonnieren Sie unseren Newsletter <\/span>\r\n                <span class=\"qode-advanced-cta-icon-holder\" style=\"color:#FFFFFF;font-size:25px\">\r\n                    <span class=\"qode-advanced-cta-icon-holder-table\">\r\n                        <span class=\"qode-advanced-cta-icon-holder-cell\">\r\n                            <i class=\"qode_icon_font_awesome_5 fa5 fa fa-envelope-open-text qode-advanced-cta-icon\"><\/i> <\/span>\r\n                    <\/span>\r\n                <\/span>\r\n            <\/div>\r\n            <div class=\"qode-advanced-cta-background-holder\">\r\n                <span class=\"qode-advanced-cta-background-1 qode-type1-gradient-left-to-right\"><\/span>\r\n                <span class=\"qode-advanced-cta-background-2 qode-type1-gradient-left-to-right\"><\/span>\r\n                <span class=\"qode-advanced-cta-background-3\"><\/span>\r\n            <\/div>\r\n        <\/div>\r\n\t\t\t\t<\/div>\n\t\t\t\t<\/div>\n\t\t\t\t\t<\/div>\n\t\t<\/div>\n\t\t\t\t\t<\/div>\n\t\t<\/section>\n\t\t\t\t<\/div>\n\t\t","protected":false},"excerpt":{"rendered":"<p>Was sind sie? Es sind Finanzm\u00e4rkte, auf denen Finanzinstrumente gehandelt werden, die der breiten \u00d6ffentlichkeit zug\u00e4nglich sind. Diese M\u00e4rkte umfassen B\u00f6rsen und Handelsplattformen, auf denen Aktien, Anleihen, Investmentfonds und andere Finanzinstrumente gekauft und verkauft werden. \u00d6ffentliche M\u00e4rkte unterliegen der Aufsicht von Finanzbeh\u00f6rden, um Transparenz, Fairness und den Schutz der Anleger zu gew\u00e4hrleisten. Einer der Hauptvorteile [&hellip;]<\/p>\n","protected":false},"author":20,"featured_media":0,"parent":67878,"menu_order":0,"comment_status":"closed","ping_status":"closed","template":"","meta":{"inline_featured_image":false,"footnotes":""},"class_list":["post-67646","page","type-page","status-publish","hentry"],"yoast_head":"<!-- This site is optimized with the Yoast SEO plugin v27.4 - https:\/\/yoast.com\/product\/yoast-seo-wordpress\/ -->\n<title>\u00d6ffentliche M\u00e4rkte - Urbanitae Blog<\/title>\n<meta name=\"description\" content=\"Dabei handelt es sich um die Finanzm\u00e4rkte, auf denen Finanzwerte, die der Allgemeinheit zur Verf\u00fcgung stehen, gehandelt werden. Diese M\u00e4rkte sind reguliert und bieten Kleinanlegern eine gr\u00f6\u00dfere Liquidit\u00e4t und einen besseren Zugang.\" \/>\n<meta name=\"robots\" content=\"index, follow, max-snippet:-1, max-image-preview:large, max-video-preview:-1\" \/>\n<link rel=\"canonical\" href=\"https:\/\/blog.urbanitae.com\/de\/glossar\/oeffentliche-maerkte\/\" \/>\n<meta property=\"og:locale\" content=\"de_DE\" \/>\n<meta property=\"og:type\" content=\"article\" \/>\n<meta property=\"og:title\" content=\"\u00d6ffentliche M\u00e4rkte - Urbanitae Blog\" \/>\n<meta property=\"og:description\" content=\"Dabei handelt es sich um die Finanzm\u00e4rkte, auf denen Finanzwerte, die der Allgemeinheit zur Verf\u00fcgung stehen, gehandelt werden. Diese M\u00e4rkte sind reguliert und bieten Kleinanlegern eine gr\u00f6\u00dfere Liquidit\u00e4t und einen besseren Zugang.\" \/>\n<meta property=\"og:url\" content=\"https:\/\/blog.urbanitae.com\/de\/glossar\/oeffentliche-maerkte\/\" \/>\n<meta property=\"og:site_name\" content=\"Urbanitae Blog | Las mejores noticias sobre inversi\u00f3n inmobiliaria\" \/>\n<meta property=\"article:publisher\" content=\"https:\/\/www.facebook.com\/urbanitae\" \/>\n<meta property=\"article:modified_time\" content=\"2025-08-13T07:16:49+00:00\" \/>\n<meta name=\"twitter:card\" content=\"summary_large_image\" \/>\n<meta name=\"twitter:site\" content=\"@urbanitae\" \/>\n<meta name=\"twitter:label1\" content=\"Gesch\u00e4tzte Lesezeit\" \/>\n\t<meta name=\"twitter:data1\" content=\"2\u00a0Minuten\" \/>\n<script type=\"application\/ld+json\" class=\"yoast-schema-graph\">{\"@context\":\"https:\\\/\\\/schema.org\",\"@graph\":[{\"@type\":\"WebPage\",\"@id\":\"https:\\\/\\\/blog.urbanitae.com\\\/de\\\/glossar\\\/oeffentliche-maerkte\\\/\",\"url\":\"https:\\\/\\\/blog.urbanitae.com\\\/de\\\/glossar\\\/oeffentliche-maerkte\\\/\",\"name\":\"\u00d6ffentliche M\u00e4rkte - Urbanitae Blog\",\"isPartOf\":{\"@id\":\"https:\\\/\\\/blog.urbanitae.com\\\/de\\\/#website\"},\"datePublished\":\"2025-04-15T14:47:59+00:00\",\"dateModified\":\"2025-08-13T07:16:49+00:00\",\"description\":\"Dabei handelt es sich um die Finanzm\u00e4rkte, auf denen Finanzwerte, die der Allgemeinheit zur Verf\u00fcgung stehen, gehandelt werden. Diese M\u00e4rkte sind reguliert und bieten Kleinanlegern eine gr\u00f6\u00dfere Liquidit\u00e4t und einen besseren Zugang.\",\"breadcrumb\":{\"@id\":\"https:\\\/\\\/blog.urbanitae.com\\\/de\\\/glossar\\\/oeffentliche-maerkte\\\/#breadcrumb\"},\"inLanguage\":\"de\",\"potentialAction\":[{\"@type\":\"ReadAction\",\"target\":[\"https:\\\/\\\/blog.urbanitae.com\\\/de\\\/glossar\\\/oeffentliche-maerkte\\\/\"]}]},{\"@type\":\"BreadcrumbList\",\"@id\":\"https:\\\/\\\/blog.urbanitae.com\\\/de\\\/glossar\\\/oeffentliche-maerkte\\\/#breadcrumb\",\"itemListElement\":[{\"@type\":\"ListItem\",\"position\":1,\"name\":\"Portada\",\"item\":\"https:\\\/\\\/blog.urbanitae.com\\\/de\\\/\"},{\"@type\":\"ListItem\",\"position\":2,\"name\":\"Glossar\",\"item\":\"https:\\\/\\\/blog.urbanitae.com\\\/de\\\/glossar\\\/\"},{\"@type\":\"ListItem\",\"position\":3,\"name\":\"\u00d6ffentliche M\u00e4rkte\"}]},{\"@type\":\"WebSite\",\"@id\":\"https:\\\/\\\/blog.urbanitae.com\\\/de\\\/#website\",\"url\":\"https:\\\/\\\/blog.urbanitae.com\\\/de\\\/\",\"name\":\"Urbanitae Blog | Las mejores noticias sobre inversi\u00f3n inmobiliaria\",\"description\":\"Inversi\u00f3n inmobiliaria al alcance de todos\",\"publisher\":{\"@id\":\"https:\\\/\\\/blog.urbanitae.com\\\/de\\\/#organization\"},\"potentialAction\":[{\"@type\":\"SearchAction\",\"target\":{\"@type\":\"EntryPoint\",\"urlTemplate\":\"https:\\\/\\\/blog.urbanitae.com\\\/de\\\/?s={search_term_string}\"},\"query-input\":{\"@type\":\"PropertyValueSpecification\",\"valueRequired\":true,\"valueName\":\"search_term_string\"}}],\"inLanguage\":\"de\"},{\"@type\":\"Organization\",\"@id\":\"https:\\\/\\\/blog.urbanitae.com\\\/de\\\/#organization\",\"name\":\"Urbanitae\",\"url\":\"https:\\\/\\\/blog.urbanitae.com\\\/de\\\/\",\"logo\":{\"@type\":\"ImageObject\",\"inLanguage\":\"de\",\"@id\":\"https:\\\/\\\/blog.urbanitae.com\\\/de\\\/#\\\/schema\\\/logo\\\/image\\\/\",\"url\":\"https:\\\/\\\/blog.urbanitae.com\\\/wp-content\\\/uploads\\\/2020\\\/04\\\/logo-verde_350x100.svg\",\"contentUrl\":\"https:\\\/\\\/blog.urbanitae.com\\\/wp-content\\\/uploads\\\/2020\\\/04\\\/logo-verde_350x100.svg\",\"width\":350,\"height\":100,\"caption\":\"Urbanitae\"},\"image\":{\"@id\":\"https:\\\/\\\/blog.urbanitae.com\\\/de\\\/#\\\/schema\\\/logo\\\/image\\\/\"},\"sameAs\":[\"https:\\\/\\\/www.facebook.com\\\/urbanitae\",\"https:\\\/\\\/x.com\\\/urbanitae\",\"https:\\\/\\\/www.instagram.com\\\/urbanitae\",\"https:\\\/\\\/www.linkedin.com\\\/company\\\/urbanitae\",\"https:\\\/\\\/www.pinterest.es\\\/UrbanitaeSL\\\/_created\\\/\",\"https:\\\/\\\/www.youtube.com\\\/c\\\/Urbanitae_RE\"]}]}<\/script>\n<!-- \/ Yoast SEO plugin. -->","yoast_head_json":{"title":"\u00d6ffentliche M\u00e4rkte - Urbanitae Blog","description":"Dabei handelt es sich um die Finanzm\u00e4rkte, auf denen Finanzwerte, die der Allgemeinheit zur Verf\u00fcgung stehen, gehandelt werden. Diese M\u00e4rkte sind reguliert und bieten Kleinanlegern eine gr\u00f6\u00dfere Liquidit\u00e4t und einen besseren Zugang.","robots":{"index":"index","follow":"follow","max-snippet":"max-snippet:-1","max-image-preview":"max-image-preview:large","max-video-preview":"max-video-preview:-1"},"canonical":"https:\/\/blog.urbanitae.com\/de\/glossar\/oeffentliche-maerkte\/","og_locale":"de_DE","og_type":"article","og_title":"\u00d6ffentliche M\u00e4rkte - Urbanitae Blog","og_description":"Dabei handelt es sich um die Finanzm\u00e4rkte, auf denen Finanzwerte, die der Allgemeinheit zur Verf\u00fcgung stehen, gehandelt werden. Diese M\u00e4rkte sind reguliert und bieten Kleinanlegern eine gr\u00f6\u00dfere Liquidit\u00e4t und einen besseren Zugang.","og_url":"https:\/\/blog.urbanitae.com\/de\/glossar\/oeffentliche-maerkte\/","og_site_name":"Urbanitae Blog | Las mejores noticias sobre inversi\u00f3n inmobiliaria","article_publisher":"https:\/\/www.facebook.com\/urbanitae","article_modified_time":"2025-08-13T07:16:49+00:00","twitter_card":"summary_large_image","twitter_site":"@urbanitae","twitter_misc":{"Gesch\u00e4tzte Lesezeit":"2\u00a0Minuten"},"schema":{"@context":"https:\/\/schema.org","@graph":[{"@type":"WebPage","@id":"https:\/\/blog.urbanitae.com\/de\/glossar\/oeffentliche-maerkte\/","url":"https:\/\/blog.urbanitae.com\/de\/glossar\/oeffentliche-maerkte\/","name":"\u00d6ffentliche M\u00e4rkte - Urbanitae Blog","isPartOf":{"@id":"https:\/\/blog.urbanitae.com\/de\/#website"},"datePublished":"2025-04-15T14:47:59+00:00","dateModified":"2025-08-13T07:16:49+00:00","description":"Dabei handelt es sich um die Finanzm\u00e4rkte, auf denen Finanzwerte, die der Allgemeinheit zur Verf\u00fcgung stehen, gehandelt werden. Diese M\u00e4rkte sind reguliert und bieten Kleinanlegern eine gr\u00f6\u00dfere Liquidit\u00e4t und einen besseren Zugang.","breadcrumb":{"@id":"https:\/\/blog.urbanitae.com\/de\/glossar\/oeffentliche-maerkte\/#breadcrumb"},"inLanguage":"de","potentialAction":[{"@type":"ReadAction","target":["https:\/\/blog.urbanitae.com\/de\/glossar\/oeffentliche-maerkte\/"]}]},{"@type":"BreadcrumbList","@id":"https:\/\/blog.urbanitae.com\/de\/glossar\/oeffentliche-maerkte\/#breadcrumb","itemListElement":[{"@type":"ListItem","position":1,"name":"Portada","item":"https:\/\/blog.urbanitae.com\/de\/"},{"@type":"ListItem","position":2,"name":"Glossar","item":"https:\/\/blog.urbanitae.com\/de\/glossar\/"},{"@type":"ListItem","position":3,"name":"\u00d6ffentliche M\u00e4rkte"}]},{"@type":"WebSite","@id":"https:\/\/blog.urbanitae.com\/de\/#website","url":"https:\/\/blog.urbanitae.com\/de\/","name":"Urbanitae Blog | Las mejores noticias sobre inversi\u00f3n inmobiliaria","description":"Inversi\u00f3n inmobiliaria al alcance de todos","publisher":{"@id":"https:\/\/blog.urbanitae.com\/de\/#organization"},"potentialAction":[{"@type":"SearchAction","target":{"@type":"EntryPoint","urlTemplate":"https:\/\/blog.urbanitae.com\/de\/?s={search_term_string}"},"query-input":{"@type":"PropertyValueSpecification","valueRequired":true,"valueName":"search_term_string"}}],"inLanguage":"de"},{"@type":"Organization","@id":"https:\/\/blog.urbanitae.com\/de\/#organization","name":"Urbanitae","url":"https:\/\/blog.urbanitae.com\/de\/","logo":{"@type":"ImageObject","inLanguage":"de","@id":"https:\/\/blog.urbanitae.com\/de\/#\/schema\/logo\/image\/","url":"https:\/\/blog.urbanitae.com\/wp-content\/uploads\/2020\/04\/logo-verde_350x100.svg","contentUrl":"https:\/\/blog.urbanitae.com\/wp-content\/uploads\/2020\/04\/logo-verde_350x100.svg","width":350,"height":100,"caption":"Urbanitae"},"image":{"@id":"https:\/\/blog.urbanitae.com\/de\/#\/schema\/logo\/image\/"},"sameAs":["https:\/\/www.facebook.com\/urbanitae","https:\/\/x.com\/urbanitae","https:\/\/www.instagram.com\/urbanitae","https:\/\/www.linkedin.com\/company\/urbanitae","https:\/\/www.pinterest.es\/UrbanitaeSL\/_created\/","https:\/\/www.youtube.com\/c\/Urbanitae_RE"]}]}},"_links":{"self":[{"href":"https:\/\/blog.urbanitae.com\/de\/wp-json\/wp\/v2\/pages\/67646","targetHints":{"allow":["GET"]}}],"collection":[{"href":"https:\/\/blog.urbanitae.com\/de\/wp-json\/wp\/v2\/pages"}],"about":[{"href":"https:\/\/blog.urbanitae.com\/de\/wp-json\/wp\/v2\/types\/page"}],"author":[{"embeddable":true,"href":"https:\/\/blog.urbanitae.com\/de\/wp-json\/wp\/v2\/users\/20"}],"replies":[{"embeddable":true,"href":"https:\/\/blog.urbanitae.com\/de\/wp-json\/wp\/v2\/comments?post=67646"}],"version-history":[{"count":1,"href":"https:\/\/blog.urbanitae.com\/de\/wp-json\/wp\/v2\/pages\/67646\/revisions"}],"predecessor-version":[{"id":67647,"href":"https:\/\/blog.urbanitae.com\/de\/wp-json\/wp\/v2\/pages\/67646\/revisions\/67647"}],"up":[{"embeddable":true,"href":"https:\/\/blog.urbanitae.com\/de\/wp-json\/wp\/v2\/pages\/67878"}],"wp:attachment":[{"href":"https:\/\/blog.urbanitae.com\/de\/wp-json\/wp\/v2\/media?parent=67646"}],"curies":[{"name":"wp","href":"https:\/\/api.w.org\/{rel}","templated":true}]}}