{"id":67644,"date":"2025-04-15T18:52:50","date_gmt":"2025-04-15T16:52:50","guid":{"rendered":"https:\/\/blog.urbanitae.com\/eigenkapitalprojekte-oder-wertsteigerungsprojekte\/"},"modified":"2025-08-13T09:17:04","modified_gmt":"2025-08-13T07:17:04","slug":"eigenkapitalprojekte-oder-wertsteigerungsprojekte","status":"publish","type":"page","link":"https:\/\/blog.urbanitae.com\/de\/glossar\/eigenkapitalprojekte-oder-wertsteigerungsprojekte\/","title":{"rendered":"Eigenkapitalprojekte oder Wertsteigerungsprojekte"},"content":{"rendered":"\t\t<div data-elementor-type=\"wp-page\" data-elementor-id=\"67644\" class=\"elementor elementor-67644 elementor-57096\">\n\t\t\t\t\t\t<section class=\"elementor-section elementor-top-section elementor-element elementor-element-d86d887 elementor-section-boxed elementor-section-height-default elementor-section-height-default\" data-id=\"d86d887\" data-element_type=\"section\" data-e-type=\"section\">\n\t\t\t\t\t\t<div class=\"elementor-container elementor-column-gap-default\">\n\t\t\t\t\t<div class=\"elementor-column elementor-col-100 elementor-top-column elementor-element elementor-element-8b49ddd\" data-id=\"8b49ddd\" data-element_type=\"column\" data-e-type=\"column\">\n\t\t\t<div class=\"elementor-widget-wrap elementor-element-populated\">\n\t\t\t\t\t\t<div class=\"elementor-element elementor-element-083b30b elementor-widget__width-initial elementor-widget elementor-widget-text-editor\" data-id=\"083b30b\" data-element_type=\"widget\" data-e-type=\"widget\" data-widget_type=\"text-editor.default\">\n\t\t\t\t<div class=\"elementor-widget-container\">\n\t\t\t\t\t\t\t\t\t<h3>Was sind sie?<\/h3><p style=\"color: #212121; font-family: Roboto, sans-serif; font-size: 16px;\">Bei Equity-Projekten werden die Investoren zu Partnern des Immobilienentwicklers und teilen mit ihm sowohl die Risiken als auch die Gewinne des Projekts. Im Gegensatz zu Darlehen (Fremdkapitalprojekten) wird hier weder ein fester Zinssatz noch ein fester Zahlungsplan vereinbart. Stattdessen h\u00e4ngt die Rendite von dem wirtschaftlichen Erfolg des Projekts ab, und die Gewinne werden je nach verfolgter Strategie entweder am Ende oder im Verlauf des Projekts ausgesch\u00fcttet.  <\/p><p style=\"color: #212121; font-family: Roboto, sans-serif; font-size: 16px;\">Im Falle von Urbanitae werden die Equity-Projekte unterteilt in:<\/p><ul><li style=\"color: #212121; font-family: Roboto, sans-serif; font-size: 16px;\"><strong>Wertzuwachsprojekte:<\/strong> Ausgerichtet auf die Erzielung von Gewinnen durch den Kauf, die Entwicklung und den Verkauf einer Immobilienanlage \u2013 normalerweise innerhalb eines kurzen oder mittleren Zeitraums. Die Rendite f\u00fcr den Investor stammt aus der Wertsteigerung des Objekts. <\/li><li style=\"color: #212121; font-family: Roboto, sans-serif; font-size: 16px;\"><strong>Ertragsprojekte: <\/strong>Konzipiert zur Erzielung regelm\u00e4\u00dfiger Einnahmen durch die Vermietung einer Immobilie. Zus\u00e4tzlich zu diesen Mieteinnahmen kann der Investor Wertzuw\u00e4chse erzielen, wenn das Objekt am Ende der Investitionsdauer ver\u00e4u\u00dfert wird. <\/li><\/ul><p style=\"color: #212121; font-family: Roboto, sans-serif; font-size: 16px;\">Beide Typen teilen die juristische Equity-Struktur, unterscheiden sich jedoch in der Art und im Tempo der erwarteten Renditen.<\/p>\t\t\t\t\t\t\t\t<\/div>\n\t\t\t\t<\/div>\n\t\t\t\t<div class=\"elementor-element elementor-element-11c28c4 elementor-widget__width-initial elementor-widget elementor-widget-text-editor\" data-id=\"11c28c4\" data-element_type=\"widget\" data-e-type=\"widget\" data-widget_type=\"text-editor.default\">\n\t\t\t\t<div class=\"elementor-widget-container\">\n\t\t\t\t\t\t\t\t\t<h3>Wichtige Aspekte, die zu ber\u00fccksichtigen sind<\/h3><p style=\"color: #212121; font-family: Roboto, sans-serif; font-size: 16px;\"><strong>Direkte Beteiligung:<\/strong> Die Investoren werden zu Gesellschaftern einer Zweckgesellschaft, die sich am Immobilienprojekt beteiligt \u2013 ohne direkte Beziehung zum Projektentwickler oder zum physischen Eigentum des Objekts.<\/p><p style=\"color: #212121; font-family: Roboto, sans-serif; font-size: 16px;\"><strong>Variable Rendite:<\/strong> Es gibt keine Garantie f\u00fcr Rentabilit\u00e4t oder Kapitalr\u00fcckzahlung, da alles vom Verlauf und Ausgang des Projekts abh\u00e4ngt.<\/p><p style=\"color: #212121; font-family: Roboto, sans-serif; font-size: 16px;\"><strong>Zeithorizont: <\/strong>In der Regel haben sie eine l\u00e4ngere Investitionsdauer als Fremdkapitalprojekte \u2013 insbesondere bei Ertragsprojekten.<\/p><p style=\"color: #212121; font-family: Roboto, sans-serif; font-size: 16px;\"><strong>Arten von R\u00fccksendungen:<\/strong><\/p><ul><li style=\"color: #212121; font-family: Roboto, sans-serif; font-size: 16px;\">Bei <strong>Wertzuwachsprojekten<\/strong> erfolgt der Ertrag einmalig zum Projektende.<\/li><li style=\"color: #212121; font-family: Roboto, sans-serif; font-size: 16px;\">Bei <strong>Ertragsprojekten<\/strong> erfolgen regelm\u00e4\u00dfige Aussch\u00fcttungen, zuz\u00fcglich einer Schlusszahlung, falls das Objekt ver\u00e4u\u00dfert wird.<\/li><li style=\"color: #212121; font-family: Roboto, sans-serif; font-size: 16px;\"><strong>Diversifikation:<\/strong> In verschiedene Equity-Projekte zu investieren erm\u00f6glicht eine Diversifikation sowohl nach Strategie (Ertr\u00e4ge vs. Wertzuwachs) als auch nach geografischer Lage und Art des Assets.<\/li><li style=\"color: #212121; font-family: Roboto, sans-serif; font-size: 16px;\"><strong>Interessenausrichtung: <\/strong>Bei Urbanitae bringt der Projektentwickler eigenes Kapital in das Projekt ein, was sicherstellt, dass seine Interessen mit denen der Investoren \u00fcbereinstimmen.<\/li><\/ul>\t\t\t\t\t\t\t\t<\/div>\n\t\t\t\t<\/div>\n\t\t\t\t\t<\/div>\n\t\t<\/div>\n\t\t\t\t\t<\/div>\n\t\t<\/section>\n\t\t\t\t<section class=\"elementor-section elementor-top-section elementor-element elementor-element-aa563c5 elementor-section-full_width elementor-section-height-default elementor-section-height-default\" data-id=\"aa563c5\" data-element_type=\"section\" data-e-type=\"section\">\n\t\t\t\t\t\t<div class=\"elementor-container elementor-column-gap-default\">\n\t\t\t\t\t<div class=\"elementor-column elementor-col-100 elementor-top-column elementor-element elementor-element-41114ac\" data-id=\"41114ac\" data-element_type=\"column\" data-e-type=\"column\">\n\t\t\t<div class=\"elementor-widget-wrap elementor-element-populated\">\n\t\t\t\t\t\t<div class=\"elementor-element elementor-element-43f7095 elementor-widget elementor-widget-html\" data-id=\"43f7095\" data-element_type=\"widget\" data-e-type=\"widget\" data-widget_type=\"html.default\">\n\t\t\t\t<div class=\"elementor-widget-container\">\n\t\t\t\t\t\r\n        <div class=\"qode-advanced-call-to-action qode-advanced-cta-gradient qode-advanced-cta-gradient-animation\" style=\"height:80px\">\r\n            <a class=\"advanced-cta-link\" href=\"https:\/\/mkt.urbanitae.com\/Urbanitae_suscripcion_newsletter.html?utm_source=blog&amp;utm_medium=link_blog&amp;utm_campaign=suscripcion_blog&amp;utm_content=boton\" target=\"_blank\" onclick=\"dataLayer.push({'event': 'ub_ga4_event', 'ub_ga4_event_name': 'newsletter', 'ub_ga4_event_element': 'aprende'})\"><\/a>\r\n            <div class=\"qode-advanced-cta-content\">\r\n                <span class=\"qode-advanced-cta-text-holder\" style=\"color:#FFFFFF;font-size:25px\">\r\n Abonnieren Sie unseren Newsletter <\/span>\r\n                <span class=\"qode-advanced-cta-icon-holder\" style=\"color:#FFFFFF;font-size:25px\">\r\n                    <span class=\"qode-advanced-cta-icon-holder-table\">\r\n                        <span class=\"qode-advanced-cta-icon-holder-cell\">\r\n                            <i class=\"qode_icon_font_awesome_5 fa5 fa fa-envelope-open-text qode-advanced-cta-icon\"><\/i> <\/span>\r\n                    <\/span>\r\n                <\/span>\r\n            <\/div>\r\n            <div class=\"qode-advanced-cta-background-holder\">\r\n                <span class=\"qode-advanced-cta-background-1 qode-type1-gradient-left-to-right\"><\/span>\r\n                <span class=\"qode-advanced-cta-background-2 qode-type1-gradient-left-to-right\"><\/span>\r\n                <span class=\"qode-advanced-cta-background-3\"><\/span>\r\n            <\/div>\r\n        <\/div>\r\n\t\t\t\t<\/div>\n\t\t\t\t<\/div>\n\t\t\t\t\t<\/div>\n\t\t<\/div>\n\t\t\t\t\t<\/div>\n\t\t<\/section>\n\t\t\t\t<\/div>\n\t\t","protected":false},"excerpt":{"rendered":"<p>Was sind sie? Bei Equity-Projekten werden die Investoren zu Partnern des Immobilienentwicklers und teilen mit ihm sowohl die Risiken als auch die Gewinne des Projekts. Im Gegensatz zu Darlehen (Fremdkapitalprojekten) wird hier weder ein fester Zinssatz noch ein fester Zahlungsplan vereinbart. Stattdessen h\u00e4ngt die Rendite von dem wirtschaftlichen Erfolg des Projekts ab, und die Gewinne [&hellip;]<\/p>\n","protected":false},"author":20,"featured_media":0,"parent":67878,"menu_order":0,"comment_status":"closed","ping_status":"closed","template":"","meta":{"inline_featured_image":false,"footnotes":""},"class_list":["post-67644","page","type-page","status-publish","hentry"],"blocksy_meta":[],"yoast_head":"<!-- This site is optimized with the Yoast SEO plugin v27.4 - https:\/\/yoast.com\/product\/yoast-seo-wordpress\/ -->\n<title>Eigenkapitalprojekte oder Wertsteigerungsprojekte - Urbanitae Blog<\/title>\n<meta name=\"description\" content=\"Das sind Investitionsprojekte, bei denen die Investoren Anteile an einem Unternehmen oder Eigentum erwerben, mit dem Ziel, durch die Wertsteigerung der Investition im Laufe der Zeit Gewinne zu erzielen. Los proyectos de equity o plusval\u00eda buscan capturar la apreciaci\u00f3n del capital.\" \/>\n<meta name=\"robots\" content=\"index, follow, max-snippet:-1, max-image-preview:large, max-video-preview:-1\" \/>\n<link rel=\"canonical\" href=\"https:\/\/blog.urbanitae.com\/de\/glossar\/eigenkapitalprojekte-oder-wertsteigerungsprojekte\/\" \/>\n<meta property=\"og:locale\" content=\"de_DE\" \/>\n<meta property=\"og:type\" content=\"article\" \/>\n<meta property=\"og:title\" content=\"Eigenkapitalprojekte oder Wertsteigerungsprojekte - Urbanitae Blog\" \/>\n<meta property=\"og:description\" content=\"Das sind Investitionsprojekte, bei denen die Investoren Anteile an einem Unternehmen oder Eigentum erwerben, mit dem Ziel, durch die Wertsteigerung der Investition im Laufe der Zeit Gewinne zu erzielen. Los proyectos de equity o plusval\u00eda buscan capturar la apreciaci\u00f3n del capital.\" \/>\n<meta property=\"og:url\" content=\"https:\/\/blog.urbanitae.com\/de\/glossar\/eigenkapitalprojekte-oder-wertsteigerungsprojekte\/\" \/>\n<meta property=\"og:site_name\" content=\"Urbanitae Blog | Las mejores noticias sobre inversi\u00f3n inmobiliaria\" \/>\n<meta property=\"article:publisher\" content=\"https:\/\/www.facebook.com\/urbanitae\" \/>\n<meta property=\"article:modified_time\" content=\"2025-08-13T07:17:04+00:00\" \/>\n<meta name=\"twitter:card\" content=\"summary_large_image\" \/>\n<meta name=\"twitter:site\" content=\"@urbanitae\" \/>\n<meta name=\"twitter:label1\" content=\"Gesch\u00e4tzte Lesezeit\" \/>\n\t<meta name=\"twitter:data1\" content=\"2\u00a0Minuten\" \/>\n<script type=\"application\/ld+json\" class=\"yoast-schema-graph\">{\"@context\":\"https:\\\/\\\/schema.org\",\"@graph\":[{\"@type\":\"WebPage\",\"@id\":\"https:\\\/\\\/blog.urbanitae.com\\\/de\\\/glossar\\\/eigenkapitalprojekte-oder-wertsteigerungsprojekte\\\/\",\"url\":\"https:\\\/\\\/blog.urbanitae.com\\\/de\\\/glossar\\\/eigenkapitalprojekte-oder-wertsteigerungsprojekte\\\/\",\"name\":\"Eigenkapitalprojekte oder Wertsteigerungsprojekte - Urbanitae Blog\",\"isPartOf\":{\"@id\":\"https:\\\/\\\/blog.urbanitae.com\\\/de\\\/#website\"},\"datePublished\":\"2025-04-15T16:52:50+00:00\",\"dateModified\":\"2025-08-13T07:17:04+00:00\",\"description\":\"Das sind Investitionsprojekte, bei denen die Investoren Anteile an einem Unternehmen oder Eigentum erwerben, mit dem Ziel, durch die Wertsteigerung der Investition im Laufe der Zeit Gewinne zu erzielen. Los proyectos de equity o plusval\u00eda buscan capturar la apreciaci\u00f3n del capital.\",\"breadcrumb\":{\"@id\":\"https:\\\/\\\/blog.urbanitae.com\\\/de\\\/glossar\\\/eigenkapitalprojekte-oder-wertsteigerungsprojekte\\\/#breadcrumb\"},\"inLanguage\":\"de\",\"potentialAction\":[{\"@type\":\"ReadAction\",\"target\":[\"https:\\\/\\\/blog.urbanitae.com\\\/de\\\/glossar\\\/eigenkapitalprojekte-oder-wertsteigerungsprojekte\\\/\"]}]},{\"@type\":\"BreadcrumbList\",\"@id\":\"https:\\\/\\\/blog.urbanitae.com\\\/de\\\/glossar\\\/eigenkapitalprojekte-oder-wertsteigerungsprojekte\\\/#breadcrumb\",\"itemListElement\":[{\"@type\":\"ListItem\",\"position\":1,\"name\":\"Portada\",\"item\":\"https:\\\/\\\/blog.urbanitae.com\\\/de\\\/\"},{\"@type\":\"ListItem\",\"position\":2,\"name\":\"Glossar\",\"item\":\"https:\\\/\\\/blog.urbanitae.com\\\/de\\\/glossar\\\/\"},{\"@type\":\"ListItem\",\"position\":3,\"name\":\"Eigenkapitalprojekte oder Wertsteigerungsprojekte\"}]},{\"@type\":\"WebSite\",\"@id\":\"https:\\\/\\\/blog.urbanitae.com\\\/de\\\/#website\",\"url\":\"https:\\\/\\\/blog.urbanitae.com\\\/de\\\/\",\"name\":\"Urbanitae Blog | Las mejores noticias sobre inversi\u00f3n inmobiliaria\",\"description\":\"Inversi\u00f3n inmobiliaria al alcance de todos\",\"publisher\":{\"@id\":\"https:\\\/\\\/blog.urbanitae.com\\\/de\\\/#organization\"},\"potentialAction\":[{\"@type\":\"SearchAction\",\"target\":{\"@type\":\"EntryPoint\",\"urlTemplate\":\"https:\\\/\\\/blog.urbanitae.com\\\/de\\\/?s={search_term_string}\"},\"query-input\":{\"@type\":\"PropertyValueSpecification\",\"valueRequired\":true,\"valueName\":\"search_term_string\"}}],\"inLanguage\":\"de\"},{\"@type\":\"Organization\",\"@id\":\"https:\\\/\\\/blog.urbanitae.com\\\/de\\\/#organization\",\"name\":\"Urbanitae\",\"url\":\"https:\\\/\\\/blog.urbanitae.com\\\/de\\\/\",\"logo\":{\"@type\":\"ImageObject\",\"inLanguage\":\"de\",\"@id\":\"https:\\\/\\\/blog.urbanitae.com\\\/de\\\/#\\\/schema\\\/logo\\\/image\\\/\",\"url\":\"https:\\\/\\\/blog.urbanitae.com\\\/wp-content\\\/uploads\\\/2020\\\/04\\\/logo-verde_350x100.svg\",\"contentUrl\":\"https:\\\/\\\/blog.urbanitae.com\\\/wp-content\\\/uploads\\\/2020\\\/04\\\/logo-verde_350x100.svg\",\"width\":350,\"height\":100,\"caption\":\"Urbanitae\"},\"image\":{\"@id\":\"https:\\\/\\\/blog.urbanitae.com\\\/de\\\/#\\\/schema\\\/logo\\\/image\\\/\"},\"sameAs\":[\"https:\\\/\\\/www.facebook.com\\\/urbanitae\",\"https:\\\/\\\/x.com\\\/urbanitae\",\"https:\\\/\\\/www.instagram.com\\\/urbanitae\",\"https:\\\/\\\/www.linkedin.com\\\/company\\\/urbanitae\",\"https:\\\/\\\/www.pinterest.es\\\/UrbanitaeSL\\\/_created\\\/\",\"https:\\\/\\\/www.youtube.com\\\/c\\\/Urbanitae_RE\"]}]}<\/script>\n<!-- \/ Yoast SEO plugin. -->","yoast_head_json":{"title":"Eigenkapitalprojekte oder Wertsteigerungsprojekte - Urbanitae Blog","description":"Das sind Investitionsprojekte, bei denen die Investoren Anteile an einem Unternehmen oder Eigentum erwerben, mit dem Ziel, durch die Wertsteigerung der Investition im Laufe der Zeit Gewinne zu erzielen. Los proyectos de equity o plusval\u00eda buscan capturar la apreciaci\u00f3n del capital.","robots":{"index":"index","follow":"follow","max-snippet":"max-snippet:-1","max-image-preview":"max-image-preview:large","max-video-preview":"max-video-preview:-1"},"canonical":"https:\/\/blog.urbanitae.com\/de\/glossar\/eigenkapitalprojekte-oder-wertsteigerungsprojekte\/","og_locale":"de_DE","og_type":"article","og_title":"Eigenkapitalprojekte oder Wertsteigerungsprojekte - Urbanitae Blog","og_description":"Das sind Investitionsprojekte, bei denen die Investoren Anteile an einem Unternehmen oder Eigentum erwerben, mit dem Ziel, durch die Wertsteigerung der Investition im Laufe der Zeit Gewinne zu erzielen. Los proyectos de equity o plusval\u00eda buscan capturar la apreciaci\u00f3n del capital.","og_url":"https:\/\/blog.urbanitae.com\/de\/glossar\/eigenkapitalprojekte-oder-wertsteigerungsprojekte\/","og_site_name":"Urbanitae Blog | Las mejores noticias sobre inversi\u00f3n inmobiliaria","article_publisher":"https:\/\/www.facebook.com\/urbanitae","article_modified_time":"2025-08-13T07:17:04+00:00","twitter_card":"summary_large_image","twitter_site":"@urbanitae","twitter_misc":{"Gesch\u00e4tzte Lesezeit":"2\u00a0Minuten"},"schema":{"@context":"https:\/\/schema.org","@graph":[{"@type":"WebPage","@id":"https:\/\/blog.urbanitae.com\/de\/glossar\/eigenkapitalprojekte-oder-wertsteigerungsprojekte\/","url":"https:\/\/blog.urbanitae.com\/de\/glossar\/eigenkapitalprojekte-oder-wertsteigerungsprojekte\/","name":"Eigenkapitalprojekte oder Wertsteigerungsprojekte - Urbanitae Blog","isPartOf":{"@id":"https:\/\/blog.urbanitae.com\/de\/#website"},"datePublished":"2025-04-15T16:52:50+00:00","dateModified":"2025-08-13T07:17:04+00:00","description":"Das sind Investitionsprojekte, bei denen die Investoren Anteile an einem Unternehmen oder Eigentum erwerben, mit dem Ziel, durch die Wertsteigerung der Investition im Laufe der Zeit Gewinne zu erzielen. Los proyectos de equity o plusval\u00eda buscan capturar la apreciaci\u00f3n del capital.","breadcrumb":{"@id":"https:\/\/blog.urbanitae.com\/de\/glossar\/eigenkapitalprojekte-oder-wertsteigerungsprojekte\/#breadcrumb"},"inLanguage":"de","potentialAction":[{"@type":"ReadAction","target":["https:\/\/blog.urbanitae.com\/de\/glossar\/eigenkapitalprojekte-oder-wertsteigerungsprojekte\/"]}]},{"@type":"BreadcrumbList","@id":"https:\/\/blog.urbanitae.com\/de\/glossar\/eigenkapitalprojekte-oder-wertsteigerungsprojekte\/#breadcrumb","itemListElement":[{"@type":"ListItem","position":1,"name":"Portada","item":"https:\/\/blog.urbanitae.com\/de\/"},{"@type":"ListItem","position":2,"name":"Glossar","item":"https:\/\/blog.urbanitae.com\/de\/glossar\/"},{"@type":"ListItem","position":3,"name":"Eigenkapitalprojekte oder Wertsteigerungsprojekte"}]},{"@type":"WebSite","@id":"https:\/\/blog.urbanitae.com\/de\/#website","url":"https:\/\/blog.urbanitae.com\/de\/","name":"Urbanitae Blog | Las mejores noticias sobre inversi\u00f3n inmobiliaria","description":"Inversi\u00f3n inmobiliaria al alcance de todos","publisher":{"@id":"https:\/\/blog.urbanitae.com\/de\/#organization"},"potentialAction":[{"@type":"SearchAction","target":{"@type":"EntryPoint","urlTemplate":"https:\/\/blog.urbanitae.com\/de\/?s={search_term_string}"},"query-input":{"@type":"PropertyValueSpecification","valueRequired":true,"valueName":"search_term_string"}}],"inLanguage":"de"},{"@type":"Organization","@id":"https:\/\/blog.urbanitae.com\/de\/#organization","name":"Urbanitae","url":"https:\/\/blog.urbanitae.com\/de\/","logo":{"@type":"ImageObject","inLanguage":"de","@id":"https:\/\/blog.urbanitae.com\/de\/#\/schema\/logo\/image\/","url":"https:\/\/blog.urbanitae.com\/wp-content\/uploads\/2020\/04\/logo-verde_350x100.svg","contentUrl":"https:\/\/blog.urbanitae.com\/wp-content\/uploads\/2020\/04\/logo-verde_350x100.svg","width":350,"height":100,"caption":"Urbanitae"},"image":{"@id":"https:\/\/blog.urbanitae.com\/de\/#\/schema\/logo\/image\/"},"sameAs":["https:\/\/www.facebook.com\/urbanitae","https:\/\/x.com\/urbanitae","https:\/\/www.instagram.com\/urbanitae","https:\/\/www.linkedin.com\/company\/urbanitae","https:\/\/www.pinterest.es\/UrbanitaeSL\/_created\/","https:\/\/www.youtube.com\/c\/Urbanitae_RE"]}]}},"_links":{"self":[{"href":"https:\/\/blog.urbanitae.com\/de\/wp-json\/wp\/v2\/pages\/67644","targetHints":{"allow":["GET"]}}],"collection":[{"href":"https:\/\/blog.urbanitae.com\/de\/wp-json\/wp\/v2\/pages"}],"about":[{"href":"https:\/\/blog.urbanitae.com\/de\/wp-json\/wp\/v2\/types\/page"}],"author":[{"embeddable":true,"href":"https:\/\/blog.urbanitae.com\/de\/wp-json\/wp\/v2\/users\/20"}],"replies":[{"embeddable":true,"href":"https:\/\/blog.urbanitae.com\/de\/wp-json\/wp\/v2\/comments?post=67644"}],"version-history":[{"count":0,"href":"https:\/\/blog.urbanitae.com\/de\/wp-json\/wp\/v2\/pages\/67644\/revisions"}],"up":[{"embeddable":true,"href":"https:\/\/blog.urbanitae.com\/de\/wp-json\/wp\/v2\/pages\/67878"}],"wp:attachment":[{"href":"https:\/\/blog.urbanitae.com\/de\/wp-json\/wp\/v2\/media?parent=67644"}],"curies":[{"name":"wp","href":"https:\/\/api.w.org\/{rel}","templated":true}]}}