{"id":67639,"date":"2025-02-25T12:26:02","date_gmt":"2025-02-25T11:26:02","guid":{"rendered":"https:\/\/blog.urbanitae.com\/posten-fuer-unvorhergesehene-ausgaben\/"},"modified":"2025-08-13T09:16:55","modified_gmt":"2025-08-13T07:16:55","slug":"posten-fuer-unvorhergesehene-ausgaben","status":"publish","type":"page","link":"https:\/\/blog.urbanitae.com\/de\/glossar\/posten-fuer-unvorhergesehene-ausgaben\/","title":{"rendered":"Posten f\u00fcr unvorhergesehene Ausgaben"},"content":{"rendered":"\t\t<div data-elementor-type=\"wp-page\" data-elementor-id=\"67639\" class=\"elementor elementor-67639 elementor-57034\">\n\t\t\t\t\t\t<section class=\"elementor-section elementor-top-section elementor-element elementor-element-d86d887 elementor-section-boxed elementor-section-height-default elementor-section-height-default\" data-id=\"d86d887\" data-element_type=\"section\" data-e-type=\"section\">\n\t\t\t\t\t\t<div class=\"elementor-container elementor-column-gap-default\">\n\t\t\t\t\t<div class=\"elementor-column elementor-col-100 elementor-top-column elementor-element elementor-element-8b49ddd\" data-id=\"8b49ddd\" data-element_type=\"column\" data-e-type=\"column\">\n\t\t\t<div class=\"elementor-widget-wrap elementor-element-populated\">\n\t\t\t\t\t\t<div class=\"elementor-element elementor-element-083b30b elementor-widget__width-initial elementor-widget elementor-widget-text-editor\" data-id=\"083b30b\" data-element_type=\"widget\" data-e-type=\"widget\" data-widget_type=\"text-editor.default\">\n\t\t\t\t<div class=\"elementor-widget-container\">\n\t\t\t\t\t\t\t\t\t<h3>Was ist es?<\/h3><p style=\"color: #212121; font-family: Roboto, sans-serif; font-size: 16px;\">Es ist ein Bestandteil des Budgets eines Projekts oder einer Investition, der dazu dient, unvorhergesehene Ausgaben oder Eventualit\u00e4ten abzudecken, die w\u00e4hrend der Durchf\u00fchrung auftreten k\u00f6nnen. Der Posten f\u00fcr Unvorhergesehenes wird zur\u00fcckgestellt, um mit nicht geplanten Situationen umzugehen, wie zus\u00e4tzliche Kosten durch Verz\u00f6gerungen, \u00c4nderungen im Projektumfang, Schwankungen der Materialpreise oder betriebliche unvorhergesehene Ereignisse. Sein Zweck ist es, sicherzustellen, dass das Projekt ohne Unterbrechungen fortgef\u00fchrt werden kann, auch wenn unerwartete Ausgaben auftreten. <\/p><p style=\"color: #212121; font-family: Roboto, sans-serif; font-size: 16px;\">Diese Art von Posten ist in der Projektverwaltung essenziell, da sie den Managern einen Spielraum bietet, um sich an unvorhergesehene Umst\u00e4nde anzupassen, ohne die Durchf\u00fchrbarkeit des Projekts zu gef\u00e4hrden. Ohne einen Posten f\u00fcr Unvorhergesehenes k\u00f6nnte ein Projekt mit ernsthaften finanziellen Problemen konfrontiert werden, wenn w\u00e4hrend der Durchf\u00fchrung unerwartete Kosten entstehen. <\/p>\t\t\t\t\t\t\t\t<\/div>\n\t\t\t\t<\/div>\n\t\t\t\t<div class=\"elementor-element elementor-element-11c28c4 elementor-widget__width-initial elementor-widget elementor-widget-text-editor\" data-id=\"11c28c4\" data-element_type=\"widget\" data-e-type=\"widget\" data-widget_type=\"text-editor.default\">\n\t\t\t\t<div class=\"elementor-widget-container\">\n\t\t\t\t\t\t\t\t\t<h3>Wichtige Aspekte, die zu ber\u00fccksichtigen sind<\/h3>\n<p style=\"color: #212121; font-family: Roboto, sans-serif; font-size: 16px;\">Es ist wichtig, zu <strong>Beginn eines Projekts einen angemessenen<\/strong> Posten f\u00fcr Unvorhergesehenes festzulegen, wobei die Art des Projekts und die m\u00f6glichen Risiken ber\u00fccksichtigt werden. Die f\u00fcr diesen Posten vorgesehene Summe kann je nach Projekttyp, Unsicherheit und identifizierten Risikofaktoren variieren. <\/p>\n<p style=\"color: #212121; font-family: Roboto, sans-serif; font-size: 16px;\">Au\u00dferdem muss die Verwaltung dieses Postens flexibel und transparent sein, da seine Verwendung gerechtfertigt und \u00fcberwacht werden muss, um sicherzustellen, dass er nur bei Bedarf eingesetzt wird.<\/p>\n<p style=\"color: #212121; font-family: Roboto, sans-serif; font-size: 16px;\">In vielen F\u00e4llen wird der Prozentsatz des Postens f\u00fcr Unvorhergesehenes als Prozentsatz des Gesamtbudgets des Projekts berechnet, wobei diese Berechnung je nach Komplexit\u00e4t und Risiko des Projekts angepasst werden kann.<\/p>\t\t\t\t\t\t\t\t<\/div>\n\t\t\t\t<\/div>\n\t\t\t\t\t<\/div>\n\t\t<\/div>\n\t\t\t\t\t<\/div>\n\t\t<\/section>\n\t\t\t\t<section class=\"elementor-section elementor-top-section elementor-element elementor-element-aa563c5 elementor-section-full_width elementor-section-stretched elementor-section-height-default elementor-section-height-default\" data-id=\"aa563c5\" data-element_type=\"section\" data-e-type=\"section\" data-settings=\"{&quot;stretch_section&quot;:&quot;section-stretched&quot;}\">\n\t\t\t\t\t\t<div class=\"elementor-container elementor-column-gap-default\">\n\t\t\t\t\t<div class=\"elementor-column elementor-col-100 elementor-top-column elementor-element elementor-element-41114ac\" data-id=\"41114ac\" data-element_type=\"column\" data-e-type=\"column\">\n\t\t\t<div class=\"elementor-widget-wrap elementor-element-populated\">\n\t\t\t\t\t\t<div class=\"elementor-element elementor-element-43f7095 elementor-widget elementor-widget-html\" data-id=\"43f7095\" data-element_type=\"widget\" data-e-type=\"widget\" data-widget_type=\"html.default\">\n\t\t\t\t<div class=\"elementor-widget-container\">\n\t\t\t\t\t\r\n        <div class=\"qode-advanced-call-to-action qode-advanced-cta-gradient qode-advanced-cta-gradient-animation\" style=\"height:80px\">\r\n            <a class=\"advanced-cta-link\" href=\"https:\/\/mkt.urbanitae.com\/Urbanitae_suscripcion_newsletter.html?utm_source=blog&amp;utm_medium=link_blog&amp;utm_campaign=suscripcion_blog&amp;utm_content=boton\" target=\"_blank\" onclick=\"dataLayer.push({'event': 'ub_ga4_event', 'ub_ga4_event_name': 'newsletter', 'ub_ga4_event_element': 'aprende'})\"><\/a>\r\n            <div class=\"qode-advanced-cta-content\">\r\n                <span class=\"qode-advanced-cta-text-holder\" style=\"color:#FFFFFF;font-size:25px\">\r\n Abonnieren Sie unseren Newsletter <\/span>\r\n                <span class=\"qode-advanced-cta-icon-holder\" style=\"color:#FFFFFF;font-size:25px\">\r\n                    <span class=\"qode-advanced-cta-icon-holder-table\">\r\n                        <span class=\"qode-advanced-cta-icon-holder-cell\">\r\n                            <i class=\"qode_icon_font_awesome_5 fa5 fa fa-envelope-open-text qode-advanced-cta-icon\"><\/i> <\/span>\r\n                    <\/span>\r\n                <\/span>\r\n            <\/div>\r\n            <div class=\"qode-advanced-cta-background-holder\">\r\n                <span class=\"qode-advanced-cta-background-1 qode-type1-gradient-left-to-right\"><\/span>\r\n                <span class=\"qode-advanced-cta-background-2 qode-type1-gradient-left-to-right\"><\/span>\r\n                <span class=\"qode-advanced-cta-background-3\"><\/span>\r\n            <\/div>\r\n        <\/div>\r\n\t\t\t\t<\/div>\n\t\t\t\t<\/div>\n\t\t\t\t\t<\/div>\n\t\t<\/div>\n\t\t\t\t\t<\/div>\n\t\t<\/section>\n\t\t\t\t<\/div>\n\t\t","protected":false},"excerpt":{"rendered":"<p>Was ist es? Es ist ein Bestandteil des Budgets eines Projekts oder einer Investition, der dazu dient, unvorhergesehene Ausgaben oder Eventualit\u00e4ten abzudecken, die w\u00e4hrend der Durchf\u00fchrung auftreten k\u00f6nnen. Der Posten f\u00fcr Unvorhergesehenes wird zur\u00fcckgestellt, um mit nicht geplanten Situationen umzugehen, wie zus\u00e4tzliche Kosten durch Verz\u00f6gerungen, \u00c4nderungen im Projektumfang, Schwankungen der Materialpreise oder betriebliche unvorhergesehene Ereignisse. [&hellip;]<\/p>\n","protected":false},"author":20,"featured_media":0,"parent":67878,"menu_order":0,"comment_status":"closed","ping_status":"closed","template":"","meta":{"inline_featured_image":false,"footnotes":""},"class_list":["post-67639","page","type-page","status-publish","hentry"],"yoast_head":"<!-- This site is optimized with the Yoast SEO plugin v27.4 - https:\/\/yoast.com\/product\/yoast-seo-wordpress\/ -->\n<title>Posten f\u00fcr unvorhergesehene Ausgaben - Urbanitae Blog<\/title>\n<meta name=\"description\" content=\"Es ist ein Bestandteil des Budgets eines Projekts oder einer Investition, der dazu dient, unvorhergesehene Ausgaben oder Eventualit\u00e4ten abzudecken, die w\u00e4hrend der Durchf\u00fchrung entstehen k\u00f6nnen. Der Posten f\u00fcr Unvorhergesehenes wird zur\u00fcckgestellt, um ungeplante Situationen zu bew\u00e4ltigen und Risiken zu mindern.\" \/>\n<meta name=\"robots\" content=\"index, follow, max-snippet:-1, max-image-preview:large, max-video-preview:-1\" \/>\n<link rel=\"canonical\" href=\"https:\/\/blog.urbanitae.com\/de\/glossar\/posten-fuer-unvorhergesehene-ausgaben\/\" \/>\n<meta property=\"og:locale\" content=\"de_DE\" \/>\n<meta property=\"og:type\" content=\"article\" \/>\n<meta property=\"og:title\" content=\"Posten f\u00fcr unvorhergesehene Ausgaben - Urbanitae Blog\" \/>\n<meta property=\"og:description\" content=\"Es ist ein Bestandteil des Budgets eines Projekts oder einer Investition, der dazu dient, unvorhergesehene Ausgaben oder Eventualit\u00e4ten abzudecken, die w\u00e4hrend der Durchf\u00fchrung entstehen k\u00f6nnen. Der Posten f\u00fcr Unvorhergesehenes wird zur\u00fcckgestellt, um ungeplante Situationen zu bew\u00e4ltigen und Risiken zu mindern.\" \/>\n<meta property=\"og:url\" content=\"https:\/\/blog.urbanitae.com\/de\/glossar\/posten-fuer-unvorhergesehene-ausgaben\/\" \/>\n<meta property=\"og:site_name\" content=\"Urbanitae Blog | Las mejores noticias sobre inversi\u00f3n inmobiliaria\" \/>\n<meta property=\"article:publisher\" content=\"https:\/\/www.facebook.com\/urbanitae\" \/>\n<meta property=\"article:modified_time\" content=\"2025-08-13T07:16:55+00:00\" \/>\n<meta name=\"twitter:card\" content=\"summary_large_image\" \/>\n<meta name=\"twitter:site\" content=\"@urbanitae\" \/>\n<meta name=\"twitter:label1\" content=\"Gesch\u00e4tzte Lesezeit\" \/>\n\t<meta name=\"twitter:data1\" content=\"1\u00a0Minute\" \/>\n<script type=\"application\/ld+json\" class=\"yoast-schema-graph\">{\"@context\":\"https:\\\/\\\/schema.org\",\"@graph\":[{\"@type\":\"WebPage\",\"@id\":\"https:\\\/\\\/blog.urbanitae.com\\\/de\\\/glossar\\\/posten-fuer-unvorhergesehene-ausgaben\\\/\",\"url\":\"https:\\\/\\\/blog.urbanitae.com\\\/de\\\/glossar\\\/posten-fuer-unvorhergesehene-ausgaben\\\/\",\"name\":\"Posten f\u00fcr unvorhergesehene Ausgaben - Urbanitae Blog\",\"isPartOf\":{\"@id\":\"https:\\\/\\\/blog.urbanitae.com\\\/de\\\/#website\"},\"datePublished\":\"2025-02-25T11:26:02+00:00\",\"dateModified\":\"2025-08-13T07:16:55+00:00\",\"description\":\"Es ist ein Bestandteil des Budgets eines Projekts oder einer Investition, der dazu dient, unvorhergesehene Ausgaben oder Eventualit\u00e4ten abzudecken, die w\u00e4hrend der Durchf\u00fchrung entstehen k\u00f6nnen. Der Posten f\u00fcr Unvorhergesehenes wird zur\u00fcckgestellt, um ungeplante Situationen zu bew\u00e4ltigen und Risiken zu mindern.\",\"breadcrumb\":{\"@id\":\"https:\\\/\\\/blog.urbanitae.com\\\/de\\\/glossar\\\/posten-fuer-unvorhergesehene-ausgaben\\\/#breadcrumb\"},\"inLanguage\":\"de\",\"potentialAction\":[{\"@type\":\"ReadAction\",\"target\":[\"https:\\\/\\\/blog.urbanitae.com\\\/de\\\/glossar\\\/posten-fuer-unvorhergesehene-ausgaben\\\/\"]}]},{\"@type\":\"BreadcrumbList\",\"@id\":\"https:\\\/\\\/blog.urbanitae.com\\\/de\\\/glossar\\\/posten-fuer-unvorhergesehene-ausgaben\\\/#breadcrumb\",\"itemListElement\":[{\"@type\":\"ListItem\",\"position\":1,\"name\":\"Portada\",\"item\":\"https:\\\/\\\/blog.urbanitae.com\\\/de\\\/\"},{\"@type\":\"ListItem\",\"position\":2,\"name\":\"Glossar\",\"item\":\"https:\\\/\\\/blog.urbanitae.com\\\/de\\\/glossar\\\/\"},{\"@type\":\"ListItem\",\"position\":3,\"name\":\"Posten f\u00fcr unvorhergesehene Ausgaben\"}]},{\"@type\":\"WebSite\",\"@id\":\"https:\\\/\\\/blog.urbanitae.com\\\/de\\\/#website\",\"url\":\"https:\\\/\\\/blog.urbanitae.com\\\/de\\\/\",\"name\":\"Urbanitae Blog | Las mejores noticias sobre inversi\u00f3n inmobiliaria\",\"description\":\"Inversi\u00f3n inmobiliaria al alcance de todos\",\"publisher\":{\"@id\":\"https:\\\/\\\/blog.urbanitae.com\\\/de\\\/#organization\"},\"potentialAction\":[{\"@type\":\"SearchAction\",\"target\":{\"@type\":\"EntryPoint\",\"urlTemplate\":\"https:\\\/\\\/blog.urbanitae.com\\\/de\\\/?s={search_term_string}\"},\"query-input\":{\"@type\":\"PropertyValueSpecification\",\"valueRequired\":true,\"valueName\":\"search_term_string\"}}],\"inLanguage\":\"de\"},{\"@type\":\"Organization\",\"@id\":\"https:\\\/\\\/blog.urbanitae.com\\\/de\\\/#organization\",\"name\":\"Urbanitae\",\"url\":\"https:\\\/\\\/blog.urbanitae.com\\\/de\\\/\",\"logo\":{\"@type\":\"ImageObject\",\"inLanguage\":\"de\",\"@id\":\"https:\\\/\\\/blog.urbanitae.com\\\/de\\\/#\\\/schema\\\/logo\\\/image\\\/\",\"url\":\"https:\\\/\\\/blog.urbanitae.com\\\/wp-content\\\/uploads\\\/2020\\\/04\\\/logo-verde_350x100.svg\",\"contentUrl\":\"https:\\\/\\\/blog.urbanitae.com\\\/wp-content\\\/uploads\\\/2020\\\/04\\\/logo-verde_350x100.svg\",\"width\":350,\"height\":100,\"caption\":\"Urbanitae\"},\"image\":{\"@id\":\"https:\\\/\\\/blog.urbanitae.com\\\/de\\\/#\\\/schema\\\/logo\\\/image\\\/\"},\"sameAs\":[\"https:\\\/\\\/www.facebook.com\\\/urbanitae\",\"https:\\\/\\\/x.com\\\/urbanitae\",\"https:\\\/\\\/www.instagram.com\\\/urbanitae\",\"https:\\\/\\\/www.linkedin.com\\\/company\\\/urbanitae\",\"https:\\\/\\\/www.pinterest.es\\\/UrbanitaeSL\\\/_created\\\/\",\"https:\\\/\\\/www.youtube.com\\\/c\\\/Urbanitae_RE\"]}]}<\/script>\n<!-- \/ Yoast SEO plugin. -->","yoast_head_json":{"title":"Posten f\u00fcr unvorhergesehene Ausgaben - Urbanitae Blog","description":"Es ist ein Bestandteil des Budgets eines Projekts oder einer Investition, der dazu dient, unvorhergesehene Ausgaben oder Eventualit\u00e4ten abzudecken, die w\u00e4hrend der Durchf\u00fchrung entstehen k\u00f6nnen. Der Posten f\u00fcr Unvorhergesehenes wird zur\u00fcckgestellt, um ungeplante Situationen zu bew\u00e4ltigen und Risiken zu mindern.","robots":{"index":"index","follow":"follow","max-snippet":"max-snippet:-1","max-image-preview":"max-image-preview:large","max-video-preview":"max-video-preview:-1"},"canonical":"https:\/\/blog.urbanitae.com\/de\/glossar\/posten-fuer-unvorhergesehene-ausgaben\/","og_locale":"de_DE","og_type":"article","og_title":"Posten f\u00fcr unvorhergesehene Ausgaben - Urbanitae Blog","og_description":"Es ist ein Bestandteil des Budgets eines Projekts oder einer Investition, der dazu dient, unvorhergesehene Ausgaben oder Eventualit\u00e4ten abzudecken, die w\u00e4hrend der Durchf\u00fchrung entstehen k\u00f6nnen. Der Posten f\u00fcr Unvorhergesehenes wird zur\u00fcckgestellt, um ungeplante Situationen zu bew\u00e4ltigen und Risiken zu mindern.","og_url":"https:\/\/blog.urbanitae.com\/de\/glossar\/posten-fuer-unvorhergesehene-ausgaben\/","og_site_name":"Urbanitae Blog | Las mejores noticias sobre inversi\u00f3n inmobiliaria","article_publisher":"https:\/\/www.facebook.com\/urbanitae","article_modified_time":"2025-08-13T07:16:55+00:00","twitter_card":"summary_large_image","twitter_site":"@urbanitae","twitter_misc":{"Gesch\u00e4tzte Lesezeit":"1\u00a0Minute"},"schema":{"@context":"https:\/\/schema.org","@graph":[{"@type":"WebPage","@id":"https:\/\/blog.urbanitae.com\/de\/glossar\/posten-fuer-unvorhergesehene-ausgaben\/","url":"https:\/\/blog.urbanitae.com\/de\/glossar\/posten-fuer-unvorhergesehene-ausgaben\/","name":"Posten f\u00fcr unvorhergesehene Ausgaben - Urbanitae Blog","isPartOf":{"@id":"https:\/\/blog.urbanitae.com\/de\/#website"},"datePublished":"2025-02-25T11:26:02+00:00","dateModified":"2025-08-13T07:16:55+00:00","description":"Es ist ein Bestandteil des Budgets eines Projekts oder einer Investition, der dazu dient, unvorhergesehene Ausgaben oder Eventualit\u00e4ten abzudecken, die w\u00e4hrend der Durchf\u00fchrung entstehen k\u00f6nnen. Der Posten f\u00fcr Unvorhergesehenes wird zur\u00fcckgestellt, um ungeplante Situationen zu bew\u00e4ltigen und Risiken zu mindern.","breadcrumb":{"@id":"https:\/\/blog.urbanitae.com\/de\/glossar\/posten-fuer-unvorhergesehene-ausgaben\/#breadcrumb"},"inLanguage":"de","potentialAction":[{"@type":"ReadAction","target":["https:\/\/blog.urbanitae.com\/de\/glossar\/posten-fuer-unvorhergesehene-ausgaben\/"]}]},{"@type":"BreadcrumbList","@id":"https:\/\/blog.urbanitae.com\/de\/glossar\/posten-fuer-unvorhergesehene-ausgaben\/#breadcrumb","itemListElement":[{"@type":"ListItem","position":1,"name":"Portada","item":"https:\/\/blog.urbanitae.com\/de\/"},{"@type":"ListItem","position":2,"name":"Glossar","item":"https:\/\/blog.urbanitae.com\/de\/glossar\/"},{"@type":"ListItem","position":3,"name":"Posten f\u00fcr unvorhergesehene Ausgaben"}]},{"@type":"WebSite","@id":"https:\/\/blog.urbanitae.com\/de\/#website","url":"https:\/\/blog.urbanitae.com\/de\/","name":"Urbanitae Blog | Las mejores noticias sobre inversi\u00f3n inmobiliaria","description":"Inversi\u00f3n inmobiliaria al alcance de todos","publisher":{"@id":"https:\/\/blog.urbanitae.com\/de\/#organization"},"potentialAction":[{"@type":"SearchAction","target":{"@type":"EntryPoint","urlTemplate":"https:\/\/blog.urbanitae.com\/de\/?s={search_term_string}"},"query-input":{"@type":"PropertyValueSpecification","valueRequired":true,"valueName":"search_term_string"}}],"inLanguage":"de"},{"@type":"Organization","@id":"https:\/\/blog.urbanitae.com\/de\/#organization","name":"Urbanitae","url":"https:\/\/blog.urbanitae.com\/de\/","logo":{"@type":"ImageObject","inLanguage":"de","@id":"https:\/\/blog.urbanitae.com\/de\/#\/schema\/logo\/image\/","url":"https:\/\/blog.urbanitae.com\/wp-content\/uploads\/2020\/04\/logo-verde_350x100.svg","contentUrl":"https:\/\/blog.urbanitae.com\/wp-content\/uploads\/2020\/04\/logo-verde_350x100.svg","width":350,"height":100,"caption":"Urbanitae"},"image":{"@id":"https:\/\/blog.urbanitae.com\/de\/#\/schema\/logo\/image\/"},"sameAs":["https:\/\/www.facebook.com\/urbanitae","https:\/\/x.com\/urbanitae","https:\/\/www.instagram.com\/urbanitae","https:\/\/www.linkedin.com\/company\/urbanitae","https:\/\/www.pinterest.es\/UrbanitaeSL\/_created\/","https:\/\/www.youtube.com\/c\/Urbanitae_RE"]}]}},"_links":{"self":[{"href":"https:\/\/blog.urbanitae.com\/de\/wp-json\/wp\/v2\/pages\/67639","targetHints":{"allow":["GET"]}}],"collection":[{"href":"https:\/\/blog.urbanitae.com\/de\/wp-json\/wp\/v2\/pages"}],"about":[{"href":"https:\/\/blog.urbanitae.com\/de\/wp-json\/wp\/v2\/types\/page"}],"author":[{"embeddable":true,"href":"https:\/\/blog.urbanitae.com\/de\/wp-json\/wp\/v2\/users\/20"}],"replies":[{"embeddable":true,"href":"https:\/\/blog.urbanitae.com\/de\/wp-json\/wp\/v2\/comments?post=67639"}],"version-history":[{"count":1,"href":"https:\/\/blog.urbanitae.com\/de\/wp-json\/wp\/v2\/pages\/67639\/revisions"}],"predecessor-version":[{"id":67640,"href":"https:\/\/blog.urbanitae.com\/de\/wp-json\/wp\/v2\/pages\/67639\/revisions\/67640"}],"up":[{"embeddable":true,"href":"https:\/\/blog.urbanitae.com\/de\/wp-json\/wp\/v2\/pages\/67878"}],"wp:attachment":[{"href":"https:\/\/blog.urbanitae.com\/de\/wp-json\/wp\/v2\/media?parent=67639"}],"curies":[{"name":"wp","href":"https:\/\/api.w.org\/{rel}","templated":true}]}}