{"id":67571,"date":"2025-02-24T18:36:04","date_gmt":"2025-02-24T17:36:04","guid":{"rendered":"https:\/\/blog.urbanitae.com\/kyc-y-pbc\/"},"modified":"2025-08-13T09:16:40","modified_gmt":"2025-08-13T07:16:40","slug":"kyc-y-pbc","status":"publish","type":"page","link":"https:\/\/blog.urbanitae.com\/de\/glossar\/kyc-y-pbc\/","title":{"rendered":"KYC y PBC"},"content":{"rendered":"\t\t<div data-elementor-type=\"wp-page\" data-elementor-id=\"67571\" class=\"elementor elementor-67571 elementor-56907\">\n\t\t\t\t\t\t<section class=\"elementor-section elementor-top-section elementor-element elementor-element-d86d887 elementor-section-boxed elementor-section-height-default elementor-section-height-default\" data-id=\"d86d887\" data-element_type=\"section\" data-e-type=\"section\">\n\t\t\t\t\t\t<div class=\"elementor-container elementor-column-gap-default\">\n\t\t\t\t\t<div class=\"elementor-column elementor-col-100 elementor-top-column elementor-element elementor-element-8b49ddd\" data-id=\"8b49ddd\" data-element_type=\"column\" data-e-type=\"column\">\n\t\t\t<div class=\"elementor-widget-wrap elementor-element-populated\">\n\t\t\t\t\t\t<div class=\"elementor-element elementor-element-083b30b elementor-widget__width-initial elementor-widget elementor-widget-text-editor\" data-id=\"083b30b\" data-element_type=\"widget\" data-e-type=\"widget\" data-widget_type=\"text-editor.default\">\n\t\t\t\t<div class=\"elementor-widget-container\">\n\t\t\t\t\t\t\t\t\t<h3>Was ist es?<\/h3><p style=\"color: #212121; font-family: Roboto, sans-serif; font-size: 16px;\"><strong>KYC (Know Your Customer) <\/strong>und <strong>PBC (Geldw\u00e4schepr\u00e4vention)<\/strong> sind Prozesse und Ma\u00dfnahmen, die von Finanzinstituten angewendet werden, um ihre Kunden zu identifizieren und kennenzulernen sowie die mit deren Gesch\u00e4ften verbundenen Risiken zu bewerten. Diese Praktiken sind wesentlich, um die Transparenz des Finanzsystems zu gew\u00e4hrleisten und illegale Aktivit\u00e4ten wie Geldw\u00e4sche und Terrorismusfinanzierung zu verhindern. <\/p><p style=\"color: #212121; font-family: Roboto, sans-serif; font-size: 16px;\">Der <strong>KYC-Prozess<\/strong> umfasst die Erfassung und \u00dcberpr\u00fcfung relevanter Informationen \u00fcber den Kunden, wie seine Identit\u00e4t, berufliche oder gesch\u00e4ftliche T\u00e4tigkeit sowie die Herkunft der Gelder. Mit diesen Daten k\u00f6nnen die Institutionen bewerten, ob ein potenzielles Risiko f\u00fcr Betrug, Geldw\u00e4sche oder andere Finanzdelikte besteht. <\/p><p style=\"color: #212121; font-family: Roboto, sans-serif; font-size: 16px;\">Die <strong>PBC <\/strong>umfasst hingegen eine Reihe von Verfahren, die darauf abzielen, verd\u00e4chtige Transaktionen zu erkennen, zu verhindern und gegebenenfalls zu melden. Dazu geh\u00f6ren die fortlaufende \u00dcberwachung von Transaktionen, die Analyse von Verhaltensmustern sowie die Verpflichtung, den zust\u00e4ndigen Beh\u00f6rden jegliche Hinweise auf ungew\u00f6hnliche oder verd\u00e4chtige Aktivit\u00e4ten zu melden. <\/p>\t\t\t\t\t\t\t\t<\/div>\n\t\t\t\t<\/div>\n\t\t\t\t<div class=\"elementor-element elementor-element-11c28c4 elementor-widget__width-initial elementor-widget elementor-widget-text-editor\" data-id=\"11c28c4\" data-element_type=\"widget\" data-e-type=\"widget\" data-widget_type=\"text-editor.default\">\n\t\t\t\t<div class=\"elementor-widget-container\">\n\t\t\t\t\t\t\t\t\t<h3>Wichtige Aspekte, die zu ber\u00fccksichtigen sind<\/h3><p style=\"color: #212121; font-family: Roboto, sans-serif; font-size: 16px;\">Die<strong> KYC<\/strong>&#8211; und <strong>PBC<\/strong>-Prozesse sind entscheidend, um Transparenz und Sicherheit auf den Finanzm\u00e4rkten zu gew\u00e4hrleisten. Durch ihre Anwendung erf\u00fcllen die Institutionen nicht nur die geltenden Vorschriften, sondern tragen auch zum Schutz ihrer Kunden und des gesamten Finanzsystems bei. Finanzinstitute unterliegen strengen Verpflichtungen hinsichtlich der Identit\u00e4tspr\u00fcfung und der \u00dcberwachung von Transaktionen, was dazu beitr\u00e4gt, die Nutzung ihrer Dienste f\u00fcr illegale Zwecke zu verhindern.  <\/p><p style=\"color: #212121; font-family: Roboto, sans-serif; font-size: 16px;\">Auch wenn diese Verfahren manchmal m\u00fchsam sein k\u00f6nnen oder f\u00fcr die Kunden gewisse Unannehmlichkeiten mit sich bringen, sind sie unerl\u00e4sslich, um das Risiko krimineller Aktivit\u00e4ten zu minimieren und das Vertrauen in das Finanzsystem sowohl auf nationaler als auch internationaler Ebene zu st\u00e4rken.<\/p>\t\t\t\t\t\t\t\t<\/div>\n\t\t\t\t<\/div>\n\t\t\t\t\t<\/div>\n\t\t<\/div>\n\t\t\t\t\t<\/div>\n\t\t<\/section>\n\t\t\t\t<section class=\"elementor-section elementor-top-section elementor-element elementor-element-aa563c5 elementor-section-full_width elementor-section-stretched elementor-section-height-default elementor-section-height-default\" data-id=\"aa563c5\" data-element_type=\"section\" data-e-type=\"section\" data-settings=\"{&quot;stretch_section&quot;:&quot;section-stretched&quot;}\">\n\t\t\t\t\t\t<div class=\"elementor-container elementor-column-gap-default\">\n\t\t\t\t\t<div class=\"elementor-column elementor-col-100 elementor-top-column elementor-element elementor-element-41114ac\" data-id=\"41114ac\" data-element_type=\"column\" data-e-type=\"column\">\n\t\t\t<div class=\"elementor-widget-wrap elementor-element-populated\">\n\t\t\t\t\t\t<div class=\"elementor-element elementor-element-43f7095 elementor-widget elementor-widget-html\" data-id=\"43f7095\" data-element_type=\"widget\" data-e-type=\"widget\" data-widget_type=\"html.default\">\n\t\t\t\t<div class=\"elementor-widget-container\">\n\t\t\t\t\t\r\n        <div class=\"qode-advanced-call-to-action qode-advanced-cta-gradient qode-advanced-cta-gradient-animation\" style=\"height:80px\">\r\n            <a class=\"advanced-cta-link\" href=\"https:\/\/mkt.urbanitae.com\/Urbanitae_suscripcion_newsletter.html?utm_source=blog&amp;utm_medium=link_blog&amp;utm_campaign=suscripcion_blog&amp;utm_content=boton\" target=\"_blank\" onclick=\"dataLayer.push({'event': 'ub_ga4_event', 'ub_ga4_event_name': 'newsletter', 'ub_ga4_event_element': 'aprende'})\"><\/a>\r\n            <div class=\"qode-advanced-cta-content\">\r\n                <span class=\"qode-advanced-cta-text-holder\" style=\"color:#FFFFFF;font-size:25px\">\r\n Abonnieren Sie unseren Newsletter <\/span>\r\n                <span class=\"qode-advanced-cta-icon-holder\" style=\"color:#FFFFFF;font-size:25px\">\r\n                    <span class=\"qode-advanced-cta-icon-holder-table\">\r\n                        <span class=\"qode-advanced-cta-icon-holder-cell\">\r\n                            <i class=\"qode_icon_font_awesome_5 fa5 fa fa-envelope-open-text qode-advanced-cta-icon\"><\/i> <\/span>\r\n                    <\/span>\r\n                <\/span>\r\n            <\/div>\r\n            <div class=\"qode-advanced-cta-background-holder\">\r\n                <span class=\"qode-advanced-cta-background-1 qode-type1-gradient-left-to-right\"><\/span>\r\n                <span class=\"qode-advanced-cta-background-2 qode-type1-gradient-left-to-right\"><\/span>\r\n                <span class=\"qode-advanced-cta-background-3\"><\/span>\r\n            <\/div>\r\n        <\/div>\r\n\t\t\t\t<\/div>\n\t\t\t\t<\/div>\n\t\t\t\t\t<\/div>\n\t\t<\/div>\n\t\t\t\t\t<\/div>\n\t\t<\/section>\n\t\t\t\t<\/div>\n\t\t","protected":false},"excerpt":{"rendered":"<p>Was ist es? KYC (Know Your Customer) und PBC (Geldw\u00e4schepr\u00e4vention) sind Prozesse und Ma\u00dfnahmen, die von Finanzinstituten angewendet werden, um ihre Kunden zu identifizieren und kennenzulernen sowie die mit deren Gesch\u00e4ften verbundenen Risiken zu bewerten. Diese Praktiken sind wesentlich, um die Transparenz des Finanzsystems zu gew\u00e4hrleisten und illegale Aktivit\u00e4ten wie Geldw\u00e4sche und Terrorismusfinanzierung zu verhindern. [&hellip;]<\/p>\n","protected":false},"author":20,"featured_media":0,"parent":67878,"menu_order":0,"comment_status":"closed","ping_status":"closed","template":"","meta":{"inline_featured_image":false,"footnotes":""},"class_list":["post-67571","page","type-page","status-publish","hentry"],"yoast_head":"<!-- This site is optimized with the Yoast SEO plugin v27.4 - https:\/\/yoast.com\/product\/yoast-seo-wordpress\/ -->\n<title>KYC y PBC - Urbanitae Blog<\/title>\n<meta name=\"description\" content=\"KYC (Know Your Customer) und PBC (Geldw\u00e4schepr\u00e4vention) sind Prozesse und Ma\u00dfnahmen, die von Finanzinstituten implementiert werden, um die Identit\u00e4t ihrer Kunden zu kennen und die mit deren finanziellen Aktivit\u00e4ten verbundenen Risiken zu bewerten. Diese Verfahren sollen Geldw\u00e4sche und Terrorismusfinanzierung verhindern.\" \/>\n<meta name=\"robots\" content=\"index, follow, max-snippet:-1, max-image-preview:large, max-video-preview:-1\" \/>\n<link rel=\"canonical\" href=\"https:\/\/blog.urbanitae.com\/de\/glossar\/kyc-y-pbc\/\" \/>\n<meta property=\"og:locale\" content=\"de_DE\" \/>\n<meta property=\"og:type\" content=\"article\" \/>\n<meta property=\"og:title\" content=\"KYC y PBC - Urbanitae Blog\" \/>\n<meta property=\"og:description\" content=\"KYC (Know Your Customer) und PBC (Geldw\u00e4schepr\u00e4vention) sind Prozesse und Ma\u00dfnahmen, die von Finanzinstituten implementiert werden, um die Identit\u00e4t ihrer Kunden zu kennen und die mit deren finanziellen Aktivit\u00e4ten verbundenen Risiken zu bewerten. Diese Verfahren sollen Geldw\u00e4sche und Terrorismusfinanzierung verhindern.\" \/>\n<meta property=\"og:url\" content=\"https:\/\/blog.urbanitae.com\/de\/glossar\/kyc-y-pbc\/\" \/>\n<meta property=\"og:site_name\" content=\"Urbanitae Blog | Las mejores noticias sobre inversi\u00f3n inmobiliaria\" \/>\n<meta property=\"article:publisher\" content=\"https:\/\/www.facebook.com\/urbanitae\" \/>\n<meta property=\"article:modified_time\" content=\"2025-08-13T07:16:40+00:00\" \/>\n<meta name=\"twitter:card\" content=\"summary_large_image\" \/>\n<meta name=\"twitter:site\" content=\"@urbanitae\" \/>\n<meta name=\"twitter:label1\" content=\"Gesch\u00e4tzte Lesezeit\" \/>\n\t<meta name=\"twitter:data1\" content=\"1\u00a0Minute\" \/>\n<script type=\"application\/ld+json\" class=\"yoast-schema-graph\">{\"@context\":\"https:\\\/\\\/schema.org\",\"@graph\":[{\"@type\":\"WebPage\",\"@id\":\"https:\\\/\\\/blog.urbanitae.com\\\/de\\\/glossar\\\/kyc-y-pbc\\\/\",\"url\":\"https:\\\/\\\/blog.urbanitae.com\\\/de\\\/glossar\\\/kyc-y-pbc\\\/\",\"name\":\"KYC y PBC - Urbanitae Blog\",\"isPartOf\":{\"@id\":\"https:\\\/\\\/blog.urbanitae.com\\\/de\\\/#website\"},\"datePublished\":\"2025-02-24T17:36:04+00:00\",\"dateModified\":\"2025-08-13T07:16:40+00:00\",\"description\":\"KYC (Know Your Customer) und PBC (Geldw\u00e4schepr\u00e4vention) sind Prozesse und Ma\u00dfnahmen, die von Finanzinstituten implementiert werden, um die Identit\u00e4t ihrer Kunden zu kennen und die mit deren finanziellen Aktivit\u00e4ten verbundenen Risiken zu bewerten. Diese Verfahren sollen Geldw\u00e4sche und Terrorismusfinanzierung verhindern.\",\"breadcrumb\":{\"@id\":\"https:\\\/\\\/blog.urbanitae.com\\\/de\\\/glossar\\\/kyc-y-pbc\\\/#breadcrumb\"},\"inLanguage\":\"de\",\"potentialAction\":[{\"@type\":\"ReadAction\",\"target\":[\"https:\\\/\\\/blog.urbanitae.com\\\/de\\\/glossar\\\/kyc-y-pbc\\\/\"]}]},{\"@type\":\"BreadcrumbList\",\"@id\":\"https:\\\/\\\/blog.urbanitae.com\\\/de\\\/glossar\\\/kyc-y-pbc\\\/#breadcrumb\",\"itemListElement\":[{\"@type\":\"ListItem\",\"position\":1,\"name\":\"Portada\",\"item\":\"https:\\\/\\\/blog.urbanitae.com\\\/de\\\/\"},{\"@type\":\"ListItem\",\"position\":2,\"name\":\"Glossar\",\"item\":\"https:\\\/\\\/blog.urbanitae.com\\\/de\\\/glossar\\\/\"},{\"@type\":\"ListItem\",\"position\":3,\"name\":\"KYC y PBC\"}]},{\"@type\":\"WebSite\",\"@id\":\"https:\\\/\\\/blog.urbanitae.com\\\/de\\\/#website\",\"url\":\"https:\\\/\\\/blog.urbanitae.com\\\/de\\\/\",\"name\":\"Urbanitae Blog | Las mejores noticias sobre inversi\u00f3n inmobiliaria\",\"description\":\"Inversi\u00f3n inmobiliaria al alcance de todos\",\"publisher\":{\"@id\":\"https:\\\/\\\/blog.urbanitae.com\\\/de\\\/#organization\"},\"potentialAction\":[{\"@type\":\"SearchAction\",\"target\":{\"@type\":\"EntryPoint\",\"urlTemplate\":\"https:\\\/\\\/blog.urbanitae.com\\\/de\\\/?s={search_term_string}\"},\"query-input\":{\"@type\":\"PropertyValueSpecification\",\"valueRequired\":true,\"valueName\":\"search_term_string\"}}],\"inLanguage\":\"de\"},{\"@type\":\"Organization\",\"@id\":\"https:\\\/\\\/blog.urbanitae.com\\\/de\\\/#organization\",\"name\":\"Urbanitae\",\"url\":\"https:\\\/\\\/blog.urbanitae.com\\\/de\\\/\",\"logo\":{\"@type\":\"ImageObject\",\"inLanguage\":\"de\",\"@id\":\"https:\\\/\\\/blog.urbanitae.com\\\/de\\\/#\\\/schema\\\/logo\\\/image\\\/\",\"url\":\"https:\\\/\\\/blog.urbanitae.com\\\/wp-content\\\/uploads\\\/2020\\\/04\\\/logo-verde_350x100.svg\",\"contentUrl\":\"https:\\\/\\\/blog.urbanitae.com\\\/wp-content\\\/uploads\\\/2020\\\/04\\\/logo-verde_350x100.svg\",\"width\":350,\"height\":100,\"caption\":\"Urbanitae\"},\"image\":{\"@id\":\"https:\\\/\\\/blog.urbanitae.com\\\/de\\\/#\\\/schema\\\/logo\\\/image\\\/\"},\"sameAs\":[\"https:\\\/\\\/www.facebook.com\\\/urbanitae\",\"https:\\\/\\\/x.com\\\/urbanitae\",\"https:\\\/\\\/www.instagram.com\\\/urbanitae\",\"https:\\\/\\\/www.linkedin.com\\\/company\\\/urbanitae\",\"https:\\\/\\\/www.pinterest.es\\\/UrbanitaeSL\\\/_created\\\/\",\"https:\\\/\\\/www.youtube.com\\\/c\\\/Urbanitae_RE\"]}]}<\/script>\n<!-- \/ Yoast SEO plugin. -->","yoast_head_json":{"title":"KYC y PBC - Urbanitae Blog","description":"KYC (Know Your Customer) und PBC (Geldw\u00e4schepr\u00e4vention) sind Prozesse und Ma\u00dfnahmen, die von Finanzinstituten implementiert werden, um die Identit\u00e4t ihrer Kunden zu kennen und die mit deren finanziellen Aktivit\u00e4ten verbundenen Risiken zu bewerten. Diese Verfahren sollen Geldw\u00e4sche und Terrorismusfinanzierung verhindern.","robots":{"index":"index","follow":"follow","max-snippet":"max-snippet:-1","max-image-preview":"max-image-preview:large","max-video-preview":"max-video-preview:-1"},"canonical":"https:\/\/blog.urbanitae.com\/de\/glossar\/kyc-y-pbc\/","og_locale":"de_DE","og_type":"article","og_title":"KYC y PBC - Urbanitae Blog","og_description":"KYC (Know Your Customer) und PBC (Geldw\u00e4schepr\u00e4vention) sind Prozesse und Ma\u00dfnahmen, die von Finanzinstituten implementiert werden, um die Identit\u00e4t ihrer Kunden zu kennen und die mit deren finanziellen Aktivit\u00e4ten verbundenen Risiken zu bewerten. Diese Verfahren sollen Geldw\u00e4sche und Terrorismusfinanzierung verhindern.","og_url":"https:\/\/blog.urbanitae.com\/de\/glossar\/kyc-y-pbc\/","og_site_name":"Urbanitae Blog | Las mejores noticias sobre inversi\u00f3n inmobiliaria","article_publisher":"https:\/\/www.facebook.com\/urbanitae","article_modified_time":"2025-08-13T07:16:40+00:00","twitter_card":"summary_large_image","twitter_site":"@urbanitae","twitter_misc":{"Gesch\u00e4tzte Lesezeit":"1\u00a0Minute"},"schema":{"@context":"https:\/\/schema.org","@graph":[{"@type":"WebPage","@id":"https:\/\/blog.urbanitae.com\/de\/glossar\/kyc-y-pbc\/","url":"https:\/\/blog.urbanitae.com\/de\/glossar\/kyc-y-pbc\/","name":"KYC y PBC - Urbanitae Blog","isPartOf":{"@id":"https:\/\/blog.urbanitae.com\/de\/#website"},"datePublished":"2025-02-24T17:36:04+00:00","dateModified":"2025-08-13T07:16:40+00:00","description":"KYC (Know Your Customer) und PBC (Geldw\u00e4schepr\u00e4vention) sind Prozesse und Ma\u00dfnahmen, die von Finanzinstituten implementiert werden, um die Identit\u00e4t ihrer Kunden zu kennen und die mit deren finanziellen Aktivit\u00e4ten verbundenen Risiken zu bewerten. Diese Verfahren sollen Geldw\u00e4sche und Terrorismusfinanzierung verhindern.","breadcrumb":{"@id":"https:\/\/blog.urbanitae.com\/de\/glossar\/kyc-y-pbc\/#breadcrumb"},"inLanguage":"de","potentialAction":[{"@type":"ReadAction","target":["https:\/\/blog.urbanitae.com\/de\/glossar\/kyc-y-pbc\/"]}]},{"@type":"BreadcrumbList","@id":"https:\/\/blog.urbanitae.com\/de\/glossar\/kyc-y-pbc\/#breadcrumb","itemListElement":[{"@type":"ListItem","position":1,"name":"Portada","item":"https:\/\/blog.urbanitae.com\/de\/"},{"@type":"ListItem","position":2,"name":"Glossar","item":"https:\/\/blog.urbanitae.com\/de\/glossar\/"},{"@type":"ListItem","position":3,"name":"KYC y PBC"}]},{"@type":"WebSite","@id":"https:\/\/blog.urbanitae.com\/de\/#website","url":"https:\/\/blog.urbanitae.com\/de\/","name":"Urbanitae Blog | Las mejores noticias sobre inversi\u00f3n inmobiliaria","description":"Inversi\u00f3n inmobiliaria al alcance de todos","publisher":{"@id":"https:\/\/blog.urbanitae.com\/de\/#organization"},"potentialAction":[{"@type":"SearchAction","target":{"@type":"EntryPoint","urlTemplate":"https:\/\/blog.urbanitae.com\/de\/?s={search_term_string}"},"query-input":{"@type":"PropertyValueSpecification","valueRequired":true,"valueName":"search_term_string"}}],"inLanguage":"de"},{"@type":"Organization","@id":"https:\/\/blog.urbanitae.com\/de\/#organization","name":"Urbanitae","url":"https:\/\/blog.urbanitae.com\/de\/","logo":{"@type":"ImageObject","inLanguage":"de","@id":"https:\/\/blog.urbanitae.com\/de\/#\/schema\/logo\/image\/","url":"https:\/\/blog.urbanitae.com\/wp-content\/uploads\/2020\/04\/logo-verde_350x100.svg","contentUrl":"https:\/\/blog.urbanitae.com\/wp-content\/uploads\/2020\/04\/logo-verde_350x100.svg","width":350,"height":100,"caption":"Urbanitae"},"image":{"@id":"https:\/\/blog.urbanitae.com\/de\/#\/schema\/logo\/image\/"},"sameAs":["https:\/\/www.facebook.com\/urbanitae","https:\/\/x.com\/urbanitae","https:\/\/www.instagram.com\/urbanitae","https:\/\/www.linkedin.com\/company\/urbanitae","https:\/\/www.pinterest.es\/UrbanitaeSL\/_created\/","https:\/\/www.youtube.com\/c\/Urbanitae_RE"]}]}},"_links":{"self":[{"href":"https:\/\/blog.urbanitae.com\/de\/wp-json\/wp\/v2\/pages\/67571","targetHints":{"allow":["GET"]}}],"collection":[{"href":"https:\/\/blog.urbanitae.com\/de\/wp-json\/wp\/v2\/pages"}],"about":[{"href":"https:\/\/blog.urbanitae.com\/de\/wp-json\/wp\/v2\/types\/page"}],"author":[{"embeddable":true,"href":"https:\/\/blog.urbanitae.com\/de\/wp-json\/wp\/v2\/users\/20"}],"replies":[{"embeddable":true,"href":"https:\/\/blog.urbanitae.com\/de\/wp-json\/wp\/v2\/comments?post=67571"}],"version-history":[{"count":1,"href":"https:\/\/blog.urbanitae.com\/de\/wp-json\/wp\/v2\/pages\/67571\/revisions"}],"predecessor-version":[{"id":67572,"href":"https:\/\/blog.urbanitae.com\/de\/wp-json\/wp\/v2\/pages\/67571\/revisions\/67572"}],"up":[{"embeddable":true,"href":"https:\/\/blog.urbanitae.com\/de\/wp-json\/wp\/v2\/pages\/67878"}],"wp:attachment":[{"href":"https:\/\/blog.urbanitae.com\/de\/wp-json\/wp\/v2\/media?parent=67571"}],"curies":[{"name":"wp","href":"https:\/\/api.w.org\/{rel}","templated":true}]}}