{"id":67569,"date":"2025-04-15T14:15:13","date_gmt":"2025-04-15T12:15:13","guid":{"rendered":"https:\/\/blog.urbanitae.com\/erfahrener-anleger\/"},"modified":"2025-08-13T09:17:34","modified_gmt":"2025-08-13T07:17:34","slug":"erfahrener-anleger","status":"publish","type":"page","link":"https:\/\/blog.urbanitae.com\/de\/glossar\/erfahrener-anleger\/","title":{"rendered":"Erfahrener Anleger"},"content":{"rendered":"\t\t<div data-elementor-type=\"wp-page\" data-elementor-id=\"67569\" class=\"elementor elementor-67569 elementor-60067\">\n\t\t\t\t\t\t<section class=\"elementor-section elementor-top-section elementor-element elementor-element-d86d887 elementor-section-boxed elementor-section-height-default elementor-section-height-default\" data-id=\"d86d887\" data-element_type=\"section\" data-e-type=\"section\">\n\t\t\t\t\t\t<div class=\"elementor-container elementor-column-gap-default\">\n\t\t\t\t\t<div class=\"elementor-column elementor-col-100 elementor-top-column elementor-element elementor-element-8b49ddd\" data-id=\"8b49ddd\" data-element_type=\"column\" data-e-type=\"column\">\n\t\t\t<div class=\"elementor-widget-wrap elementor-element-populated\">\n\t\t\t\t\t\t<div class=\"elementor-element elementor-element-083b30b elementor-widget__width-initial elementor-widget elementor-widget-text-editor\" data-id=\"083b30b\" data-element_type=\"widget\" data-e-type=\"widget\" data-widget_type=\"text-editor.default\">\n\t\t\t\t<div class=\"elementor-widget-container\">\n\t\t\t\t\t\t\t\t\t<h3>Was sind sie?<\/h3><p style=\"color: #212121; font-family: Roboto, sans-serif; font-size: 16px;\">Die Verordnung (EU) 2020\/1503 legt zwei Wege fest, um als erfahrener Anleger zu gelten:<\/p><ol><li style=\"color: #212121; font-family: Roboto, sans-serif; font-size: 16px;\"><strong>Professionelle Kunden gem\u00e4\u00df MiFID II: <\/strong>Personen oder Unternehmen, die bereits als professionelle Kunden gem\u00e4\u00df Anhang II, Abschnitt I, Punkte 1 bis 4 der Richtlinie 2014\/65\/EU (MiFID II) gelten, wie Finanzinstitute, Gro\u00dfunternehmen oder staatliche Stellen.<\/li><li style=\"color: #212121; font-family: Roboto, sans-serif; font-size: 16px;\"><strong>Bewertung durch den Anbieter von Crowdfunding-Dienstleistungen: <\/strong>Nat\u00fcrliche oder juristische Personen, die zwar keine professionellen Kunden gem\u00e4\u00df MiFID II sind, aber als erfahrene Anleger gelten k\u00f6nnen, wenn sie bestimmte finanzielle und Erfahrungs-Kriterien erf\u00fcllen und beim Anbieter von Crowdfunding-Dienstleistungen diese Einstufung beantragen.<\/li><\/ol><p style=\"color: #212121; font-family: Roboto, sans-serif; font-size: 16px;\"><strong>F\u00fcr juristische <\/strong>Personen ist die Erf\u00fcllung mindestens eines der folgenden Kriterien erforderlich:<\/p><ul><li style=\"color: #212121; font-family: Roboto, sans-serif; font-size: 16px;\">Eigenmittel von mindestens 100.000 Euro besitzen.<br>\u200b<\/li><li style=\"color: #212121; font-family: Roboto, sans-serif; font-size: 16px;\">Einen Nettoumsatz von mindestens 2.000.000 Euro haben.\u200b<\/li><li style=\"color: #212121; font-family: Roboto, sans-serif; font-size: 16px;\">Haben Sie ein Guthaben von mindestens 1.000.000 Euro.<br>\u200b<\/li><\/ul><p style=\"color: #212121; font-family: Roboto, sans-serif; font-size: 16px;\">F\u00fcr nat\u00fcrliche <strong>Personen m\u00fcssen<\/strong> mindestens zwei der folgenden Kriterien erf\u00fcllt sein:<\/p><ul><li style=\"color: #212121; font-family: Roboto, sans-serif; font-size: 16px;\">Pers\u00f6nliches Bruttoeinkommen von mindestens 60.000 Euro pro Gesch\u00e4ftsjahr oder ein Portfolio von Finanzinstrumenten im Wert von mehr als 100.000 Euro.<br>\u200b<\/li><li style=\"color: #212121; font-family: Roboto, sans-serif; font-size: 16px;\">Mindestens ein Jahr im Finanzsektor in einer Position gearbeitet zu haben, die Kenntnisse \u00fcber die vorgesehenen Gesch\u00e4fte oder Dienstleistungen erfordert, oder mindestens 12 Monate eine leitende Position in einer juristischen Person innehaben, die die f\u00fcr juristische Personen genannten Kriterien erf\u00fcllt.\u200b<\/li><li style=\"color: #212121; font-family: Roboto, sans-serif; font-size: 16px;\">In den vorangegangenen vier Quartalen durchschnittlich 10 Transaktionen pro Quartal mit einem bedeutenden Volumen an den Kapitalm\u00e4rkten durchgef\u00fchrt zu haben.<\/li><\/ul><p style=\"color: #212121; font-family: Roboto, sans-serif; font-size: 16px;\">Der Antrag auf Einstufung als erfahrener Anleger muss ein Zertifikat enthalten, das die erf\u00fcllten Kriterien angibt, eine Erkl\u00e4rung, dass der Antragsteller sich der Folgen des Verlusts des Schutzes als unerfahrener Anleger bewusst ist, sowie eine Haftungserkl\u00e4rung \u00fcber die Richtigkeit der bereitgestellten Informationen.<\/p>\t\t\t\t\t\t\t\t<\/div>\n\t\t\t\t<\/div>\n\t\t\t\t<div class=\"elementor-element elementor-element-11c28c4 elementor-widget__width-initial elementor-widget elementor-widget-text-editor\" data-id=\"11c28c4\" data-element_type=\"widget\" data-e-type=\"widget\" data-widget_type=\"text-editor.default\">\n\t\t\t\t<div class=\"elementor-widget-container\">\n\t\t\t\t\t\t\t\t\t<h3>Wichtige Aspekte, die zu ber\u00fccksichtigen sind<\/h3>\n<ul>\n \t<li style=\"color: #212121; font-family: Roboto, sans-serif; font-size: 16px;\"><strong>Geringerer regulatorischer Schutz:<\/strong> Erfahrene Anleger unterliegen nicht bestimmten Schutzma\u00dfnahmen, die f\u00fcr unerfahrene Anleger gelten, wie zum Beispiel Wissenstests oder spezielle Risiko-Hinweise.<\/li>\n \t<li style=\"color: #212121; font-family: Roboto, sans-serif; font-size: 16px;\"><strong>Zugang zu einem breiteren Spektrum an Investitionsm\u00f6glichkeiten:<\/strong> Da sie als in der Lage gelten, h\u00f6here Risiken zu tragen, k\u00f6nnen sie auf eine gr\u00f6\u00dfere Auswahl an Crowdfunding-Projekten zugreifen, ohne die Einschr\u00e4nkungen, die f\u00fcr unerfahrene Anleger gelten.<\/li>\n \t<li style=\"color: #212121; font-family: Roboto, sans-serif; font-size: 16px;\"><strong>Zeitliche G\u00fcltigkeit der Einstufung: <\/strong>Der Status als erfahrener Anleger gilt f\u00fcr zwei Jahre und muss danach durch eine erneute Bewertung verl\u00e4ngert werden.<\/li>\n<\/ul>\n<p style=\"color: #212121; font-family: Roboto, sans-serif; font-size: 16px;\">Als erfahrener Anleger anerkannt zu werden, erm\u00f6glicht den Zugang zu einem breiteren Spektrum an Investitionsm\u00f6glichkeiten auf Crowdfunding-Plattformen, mit weniger Einschr\u00e4nkungen und gr\u00f6\u00dferer Flexibilit\u00e4t. Diese Kategorie bringt jedoch einen geringeren regulatorischen Schutz mit sich, was bedeutet, dass der Anleger ein solides Verst\u00e4ndnis der damit verbundenen Risiken und die finanzielle F\u00e4higkeit zur \u00dcbernahme m\u00f6glicher Verluste haben muss. Daher ist es entscheidend, dass Anleger ihre Erfahrung, ihr Wissen und ihre finanzielle Situation sorgf\u00e4ltig bewerten, bevor sie diese Einstufung beantragen.  <\/p>\n\t\t\t\t\t\t\t\t<\/div>\n\t\t\t\t<\/div>\n\t\t\t\t\t<\/div>\n\t\t<\/div>\n\t\t\t\t\t<\/div>\n\t\t<\/section>\n\t\t\t\t<section class=\"elementor-section elementor-top-section elementor-element elementor-element-aa563c5 elementor-section-full_width elementor-section-height-default elementor-section-height-default\" data-id=\"aa563c5\" data-element_type=\"section\" data-e-type=\"section\">\n\t\t\t\t\t\t<div class=\"elementor-container elementor-column-gap-default\">\n\t\t\t\t\t<div class=\"elementor-column elementor-col-100 elementor-top-column elementor-element elementor-element-41114ac\" data-id=\"41114ac\" data-element_type=\"column\" data-e-type=\"column\">\n\t\t\t<div class=\"elementor-widget-wrap elementor-element-populated\">\n\t\t\t\t\t\t<div class=\"elementor-element elementor-element-43f7095 elementor-widget elementor-widget-html\" data-id=\"43f7095\" data-element_type=\"widget\" data-e-type=\"widget\" data-widget_type=\"html.default\">\n\t\t\t\t<div class=\"elementor-widget-container\">\n\t\t\t\t\t\r\n        <div class=\"qode-advanced-call-to-action qode-advanced-cta-gradient qode-advanced-cta-gradient-animation\" style=\"height:80px\">\r\n            <a class=\"advanced-cta-link\" href=\"https:\/\/mkt.urbanitae.com\/Urbanitae_suscripcion_newsletter.html?utm_source=blog&amp;utm_medium=link_blog&amp;utm_campaign=suscripcion_blog&amp;utm_content=boton\" target=\"_blank\" onclick=\"dataLayer.push({'event': 'ub_ga4_event', 'ub_ga4_event_name': 'newsletter', 'ub_ga4_event_element': 'aprende'})\"><\/a>\r\n            <div class=\"qode-advanced-cta-content\">\r\n                <span class=\"qode-advanced-cta-text-holder\" style=\"color:#FFFFFF;font-size:25px\">\r\n Abonnieren Sie unseren Newsletter <\/span>\r\n                <span class=\"qode-advanced-cta-icon-holder\" style=\"color:#FFFFFF;font-size:25px\">\r\n                    <span class=\"qode-advanced-cta-icon-holder-table\">\r\n                        <span class=\"qode-advanced-cta-icon-holder-cell\">\r\n                            <i class=\"qode_icon_font_awesome_5 fa5 fa fa-envelope-open-text qode-advanced-cta-icon\"><\/i> <\/span>\r\n                    <\/span>\r\n                <\/span>\r\n            <\/div>\r\n            <div class=\"qode-advanced-cta-background-holder\">\r\n                <span class=\"qode-advanced-cta-background-1 qode-type1-gradient-left-to-right\"><\/span>\r\n                <span class=\"qode-advanced-cta-background-2 qode-type1-gradient-left-to-right\"><\/span>\r\n                <span class=\"qode-advanced-cta-background-3\"><\/span>\r\n            <\/div>\r\n        <\/div>\r\n\t\t\t\t<\/div>\n\t\t\t\t<\/div>\n\t\t\t\t\t<\/div>\n\t\t<\/div>\n\t\t\t\t\t<\/div>\n\t\t<\/section>\n\t\t\t\t<\/div>\n\t\t","protected":false},"excerpt":{"rendered":"<p>Was sind sie? Die Verordnung (EU) 2020\/1503 legt zwei Wege fest, um als erfahrener Anleger zu gelten: Professionelle Kunden gem\u00e4\u00df MiFID II: Personen oder Unternehmen, die bereits als professionelle Kunden gem\u00e4\u00df Anhang II, Abschnitt I, Punkte 1 bis 4 der Richtlinie 2014\/65\/EU (MiFID II) gelten, wie Finanzinstitute, Gro\u00dfunternehmen oder staatliche Stellen. Bewertung durch den Anbieter [&hellip;]<\/p>\n","protected":false},"author":4,"featured_media":0,"parent":67878,"menu_order":0,"comment_status":"closed","ping_status":"closed","template":"","meta":{"inline_featured_image":false,"footnotes":""},"class_list":["post-67569","page","type-page","status-publish","hentry"],"blocksy_meta":[],"yoast_head":"<!-- This site is optimized with the Yoast SEO plugin v27.4 - https:\/\/yoast.com\/product\/yoast-seo-wordpress\/ -->\n<title>Erfahrener Anleger - Urbanitae Blog<\/title>\n<meta name=\"description\" content=\"Ein erfahrener Anleger ist eine nat\u00fcrliche oder juristische Person, die gem\u00e4\u00df der Verordnung \u00fcber die erforderliche Erfahrung, Kenntnisse und finanzielle Leistungsf\u00e4higkeit verf\u00fcgt, um die mit Investitionen verbundenen Risiken zu verstehen und zu tragen.\" \/>\n<meta name=\"robots\" content=\"index, follow, max-snippet:-1, max-image-preview:large, max-video-preview:-1\" \/>\n<link rel=\"canonical\" href=\"https:\/\/blog.urbanitae.com\/de\/glossar\/erfahrener-anleger\/\" \/>\n<meta property=\"og:locale\" content=\"de_DE\" \/>\n<meta property=\"og:type\" content=\"article\" \/>\n<meta property=\"og:title\" content=\"Erfahrener Anleger - Urbanitae Blog\" \/>\n<meta property=\"og:description\" content=\"Ein erfahrener Anleger ist eine nat\u00fcrliche oder juristische Person, die gem\u00e4\u00df der Verordnung \u00fcber die erforderliche Erfahrung, Kenntnisse und finanzielle Leistungsf\u00e4higkeit verf\u00fcgt, um die mit Investitionen verbundenen Risiken zu verstehen und zu tragen.\" \/>\n<meta property=\"og:url\" content=\"https:\/\/blog.urbanitae.com\/de\/glossar\/erfahrener-anleger\/\" \/>\n<meta property=\"og:site_name\" content=\"Urbanitae Blog | Las mejores noticias sobre inversi\u00f3n inmobiliaria\" \/>\n<meta property=\"article:publisher\" content=\"https:\/\/www.facebook.com\/urbanitae\" \/>\n<meta property=\"article:modified_time\" content=\"2025-08-13T07:17:34+00:00\" \/>\n<meta name=\"twitter:card\" content=\"summary_large_image\" \/>\n<meta name=\"twitter:site\" content=\"@urbanitae\" \/>\n<meta name=\"twitter:label1\" content=\"Gesch\u00e4tzte Lesezeit\" \/>\n\t<meta name=\"twitter:data1\" content=\"2\u00a0Minuten\" \/>\n<script type=\"application\/ld+json\" class=\"yoast-schema-graph\">{\"@context\":\"https:\\\/\\\/schema.org\",\"@graph\":[{\"@type\":\"WebPage\",\"@id\":\"https:\\\/\\\/blog.urbanitae.com\\\/de\\\/glossar\\\/erfahrener-anleger\\\/\",\"url\":\"https:\\\/\\\/blog.urbanitae.com\\\/de\\\/glossar\\\/erfahrener-anleger\\\/\",\"name\":\"Erfahrener Anleger - Urbanitae Blog\",\"isPartOf\":{\"@id\":\"https:\\\/\\\/blog.urbanitae.com\\\/de\\\/#website\"},\"datePublished\":\"2025-04-15T12:15:13+00:00\",\"dateModified\":\"2025-08-13T07:17:34+00:00\",\"description\":\"Ein erfahrener Anleger ist eine nat\u00fcrliche oder juristische Person, die gem\u00e4\u00df der Verordnung \u00fcber die erforderliche Erfahrung, Kenntnisse und finanzielle Leistungsf\u00e4higkeit verf\u00fcgt, um die mit Investitionen verbundenen Risiken zu verstehen und zu tragen.\",\"breadcrumb\":{\"@id\":\"https:\\\/\\\/blog.urbanitae.com\\\/de\\\/glossar\\\/erfahrener-anleger\\\/#breadcrumb\"},\"inLanguage\":\"de\",\"potentialAction\":[{\"@type\":\"ReadAction\",\"target\":[\"https:\\\/\\\/blog.urbanitae.com\\\/de\\\/glossar\\\/erfahrener-anleger\\\/\"]}]},{\"@type\":\"BreadcrumbList\",\"@id\":\"https:\\\/\\\/blog.urbanitae.com\\\/de\\\/glossar\\\/erfahrener-anleger\\\/#breadcrumb\",\"itemListElement\":[{\"@type\":\"ListItem\",\"position\":1,\"name\":\"Portada\",\"item\":\"https:\\\/\\\/blog.urbanitae.com\\\/de\\\/\"},{\"@type\":\"ListItem\",\"position\":2,\"name\":\"Glossar\",\"item\":\"https:\\\/\\\/blog.urbanitae.com\\\/de\\\/glossar\\\/\"},{\"@type\":\"ListItem\",\"position\":3,\"name\":\"Erfahrener Anleger\"}]},{\"@type\":\"WebSite\",\"@id\":\"https:\\\/\\\/blog.urbanitae.com\\\/de\\\/#website\",\"url\":\"https:\\\/\\\/blog.urbanitae.com\\\/de\\\/\",\"name\":\"Urbanitae Blog | Las mejores noticias sobre inversi\u00f3n inmobiliaria\",\"description\":\"Inversi\u00f3n inmobiliaria al alcance de todos\",\"publisher\":{\"@id\":\"https:\\\/\\\/blog.urbanitae.com\\\/de\\\/#organization\"},\"potentialAction\":[{\"@type\":\"SearchAction\",\"target\":{\"@type\":\"EntryPoint\",\"urlTemplate\":\"https:\\\/\\\/blog.urbanitae.com\\\/de\\\/?s={search_term_string}\"},\"query-input\":{\"@type\":\"PropertyValueSpecification\",\"valueRequired\":true,\"valueName\":\"search_term_string\"}}],\"inLanguage\":\"de\"},{\"@type\":\"Organization\",\"@id\":\"https:\\\/\\\/blog.urbanitae.com\\\/de\\\/#organization\",\"name\":\"Urbanitae\",\"url\":\"https:\\\/\\\/blog.urbanitae.com\\\/de\\\/\",\"logo\":{\"@type\":\"ImageObject\",\"inLanguage\":\"de\",\"@id\":\"https:\\\/\\\/blog.urbanitae.com\\\/de\\\/#\\\/schema\\\/logo\\\/image\\\/\",\"url\":\"https:\\\/\\\/blog.urbanitae.com\\\/wp-content\\\/uploads\\\/2020\\\/04\\\/logo-verde_350x100.svg\",\"contentUrl\":\"https:\\\/\\\/blog.urbanitae.com\\\/wp-content\\\/uploads\\\/2020\\\/04\\\/logo-verde_350x100.svg\",\"width\":350,\"height\":100,\"caption\":\"Urbanitae\"},\"image\":{\"@id\":\"https:\\\/\\\/blog.urbanitae.com\\\/de\\\/#\\\/schema\\\/logo\\\/image\\\/\"},\"sameAs\":[\"https:\\\/\\\/www.facebook.com\\\/urbanitae\",\"https:\\\/\\\/x.com\\\/urbanitae\",\"https:\\\/\\\/www.instagram.com\\\/urbanitae\",\"https:\\\/\\\/www.linkedin.com\\\/company\\\/urbanitae\",\"https:\\\/\\\/www.pinterest.es\\\/UrbanitaeSL\\\/_created\\\/\",\"https:\\\/\\\/www.youtube.com\\\/c\\\/Urbanitae_RE\"]}]}<\/script>\n<!-- \/ Yoast SEO plugin. -->","yoast_head_json":{"title":"Erfahrener Anleger - Urbanitae Blog","description":"Ein erfahrener Anleger ist eine nat\u00fcrliche oder juristische Person, die gem\u00e4\u00df der Verordnung \u00fcber die erforderliche Erfahrung, Kenntnisse und finanzielle Leistungsf\u00e4higkeit verf\u00fcgt, um die mit Investitionen verbundenen Risiken zu verstehen und zu tragen.","robots":{"index":"index","follow":"follow","max-snippet":"max-snippet:-1","max-image-preview":"max-image-preview:large","max-video-preview":"max-video-preview:-1"},"canonical":"https:\/\/blog.urbanitae.com\/de\/glossar\/erfahrener-anleger\/","og_locale":"de_DE","og_type":"article","og_title":"Erfahrener Anleger - Urbanitae Blog","og_description":"Ein erfahrener Anleger ist eine nat\u00fcrliche oder juristische Person, die gem\u00e4\u00df der Verordnung \u00fcber die erforderliche Erfahrung, Kenntnisse und finanzielle Leistungsf\u00e4higkeit verf\u00fcgt, um die mit Investitionen verbundenen Risiken zu verstehen und zu tragen.","og_url":"https:\/\/blog.urbanitae.com\/de\/glossar\/erfahrener-anleger\/","og_site_name":"Urbanitae Blog | Las mejores noticias sobre inversi\u00f3n inmobiliaria","article_publisher":"https:\/\/www.facebook.com\/urbanitae","article_modified_time":"2025-08-13T07:17:34+00:00","twitter_card":"summary_large_image","twitter_site":"@urbanitae","twitter_misc":{"Gesch\u00e4tzte Lesezeit":"2\u00a0Minuten"},"schema":{"@context":"https:\/\/schema.org","@graph":[{"@type":"WebPage","@id":"https:\/\/blog.urbanitae.com\/de\/glossar\/erfahrener-anleger\/","url":"https:\/\/blog.urbanitae.com\/de\/glossar\/erfahrener-anleger\/","name":"Erfahrener Anleger - Urbanitae Blog","isPartOf":{"@id":"https:\/\/blog.urbanitae.com\/de\/#website"},"datePublished":"2025-04-15T12:15:13+00:00","dateModified":"2025-08-13T07:17:34+00:00","description":"Ein erfahrener Anleger ist eine nat\u00fcrliche oder juristische Person, die gem\u00e4\u00df der Verordnung \u00fcber die erforderliche Erfahrung, Kenntnisse und finanzielle Leistungsf\u00e4higkeit verf\u00fcgt, um die mit Investitionen verbundenen Risiken zu verstehen und zu tragen.","breadcrumb":{"@id":"https:\/\/blog.urbanitae.com\/de\/glossar\/erfahrener-anleger\/#breadcrumb"},"inLanguage":"de","potentialAction":[{"@type":"ReadAction","target":["https:\/\/blog.urbanitae.com\/de\/glossar\/erfahrener-anleger\/"]}]},{"@type":"BreadcrumbList","@id":"https:\/\/blog.urbanitae.com\/de\/glossar\/erfahrener-anleger\/#breadcrumb","itemListElement":[{"@type":"ListItem","position":1,"name":"Portada","item":"https:\/\/blog.urbanitae.com\/de\/"},{"@type":"ListItem","position":2,"name":"Glossar","item":"https:\/\/blog.urbanitae.com\/de\/glossar\/"},{"@type":"ListItem","position":3,"name":"Erfahrener Anleger"}]},{"@type":"WebSite","@id":"https:\/\/blog.urbanitae.com\/de\/#website","url":"https:\/\/blog.urbanitae.com\/de\/","name":"Urbanitae Blog | Las mejores noticias sobre inversi\u00f3n inmobiliaria","description":"Inversi\u00f3n inmobiliaria al alcance de todos","publisher":{"@id":"https:\/\/blog.urbanitae.com\/de\/#organization"},"potentialAction":[{"@type":"SearchAction","target":{"@type":"EntryPoint","urlTemplate":"https:\/\/blog.urbanitae.com\/de\/?s={search_term_string}"},"query-input":{"@type":"PropertyValueSpecification","valueRequired":true,"valueName":"search_term_string"}}],"inLanguage":"de"},{"@type":"Organization","@id":"https:\/\/blog.urbanitae.com\/de\/#organization","name":"Urbanitae","url":"https:\/\/blog.urbanitae.com\/de\/","logo":{"@type":"ImageObject","inLanguage":"de","@id":"https:\/\/blog.urbanitae.com\/de\/#\/schema\/logo\/image\/","url":"https:\/\/blog.urbanitae.com\/wp-content\/uploads\/2020\/04\/logo-verde_350x100.svg","contentUrl":"https:\/\/blog.urbanitae.com\/wp-content\/uploads\/2020\/04\/logo-verde_350x100.svg","width":350,"height":100,"caption":"Urbanitae"},"image":{"@id":"https:\/\/blog.urbanitae.com\/de\/#\/schema\/logo\/image\/"},"sameAs":["https:\/\/www.facebook.com\/urbanitae","https:\/\/x.com\/urbanitae","https:\/\/www.instagram.com\/urbanitae","https:\/\/www.linkedin.com\/company\/urbanitae","https:\/\/www.pinterest.es\/UrbanitaeSL\/_created\/","https:\/\/www.youtube.com\/c\/Urbanitae_RE"]}]}},"_links":{"self":[{"href":"https:\/\/blog.urbanitae.com\/de\/wp-json\/wp\/v2\/pages\/67569","targetHints":{"allow":["GET"]}}],"collection":[{"href":"https:\/\/blog.urbanitae.com\/de\/wp-json\/wp\/v2\/pages"}],"about":[{"href":"https:\/\/blog.urbanitae.com\/de\/wp-json\/wp\/v2\/types\/page"}],"author":[{"embeddable":true,"href":"https:\/\/blog.urbanitae.com\/de\/wp-json\/wp\/v2\/users\/4"}],"replies":[{"embeddable":true,"href":"https:\/\/blog.urbanitae.com\/de\/wp-json\/wp\/v2\/comments?post=67569"}],"version-history":[{"count":0,"href":"https:\/\/blog.urbanitae.com\/de\/wp-json\/wp\/v2\/pages\/67569\/revisions"}],"up":[{"embeddable":true,"href":"https:\/\/blog.urbanitae.com\/de\/wp-json\/wp\/v2\/pages\/67878"}],"wp:attachment":[{"href":"https:\/\/blog.urbanitae.com\/de\/wp-json\/wp\/v2\/media?parent=67569"}],"curies":[{"name":"wp","href":"https:\/\/api.w.org\/{rel}","templated":true}]}}