{"id":67566,"date":"2025-02-13T16:45:53","date_gmt":"2025-02-13T15:45:53","guid":{"rendered":"https:\/\/blog.urbanitae.com\/zugelassener-investor\/"},"modified":"2025-08-13T09:16:36","modified_gmt":"2025-08-13T07:16:36","slug":"zugelassener-investor","status":"publish","type":"page","link":"https:\/\/blog.urbanitae.com\/de\/glossar\/zugelassener-investor\/","title":{"rendered":"Zugelassener Investor"},"content":{"rendered":"\t\t<div data-elementor-type=\"wp-page\" data-elementor-id=\"67566\" class=\"elementor elementor-67566 elementor-56457\">\n\t\t\t\t\t\t<section class=\"elementor-section elementor-top-section elementor-element elementor-element-d86d887 elementor-section-boxed elementor-section-height-default elementor-section-height-default\" data-id=\"d86d887\" data-element_type=\"section\" data-e-type=\"section\">\n\t\t\t\t\t\t<div class=\"elementor-container elementor-column-gap-default\">\n\t\t\t\t\t<div class=\"elementor-column elementor-col-100 elementor-top-column elementor-element elementor-element-8b49ddd\" data-id=\"8b49ddd\" data-element_type=\"column\" data-e-type=\"column\">\n\t\t\t<div class=\"elementor-widget-wrap elementor-element-populated\">\n\t\t\t\t\t\t<div class=\"elementor-element elementor-element-083b30b elementor-widget__width-initial elementor-widget elementor-widget-text-editor\" data-id=\"083b30b\" data-element_type=\"widget\" data-e-type=\"widget\" data-widget_type=\"text-editor.default\">\n\t\t\t\t<div class=\"elementor-widget-container\">\n\t\t\t\t\t\t\t\t\t<h3>Was ist es?<\/h3><p style=\"color: #212121; font-family: Roboto, sans-serif; font-size: 16px;\">Ein Anleger, der die von der Finanzaufsicht festgelegten Anforderungen erf\u00fcllt, um an bestimmten eingeschr\u00e4nkten Investitionsm\u00f6glichkeiten teilnehmen zu k\u00f6nnen. Diese Anforderungen wurden entwickelt, um sicherzustellen, dass Anleger \u00fcber die finanzielle Leistungsf\u00e4higkeit und das notwendige Wissen verf\u00fcgen, um die mit komplexeren und weniger regulierten Investitionen verbundenen Risiken tragen zu k\u00f6nnen.<\/p><p style=\"color: #212121; font-family: Roboto, sans-serif; font-size: 16px;\">Akkreditierte Anleger haben Zugang zu einer breiteren Palette von Finanzprodukten, wie beispielsweise Private-Equity-Fonds, Hedgefonds oder Investitionen in Start-ups, die der allgemeinen \u00d6ffentlichkeit nicht zur Verf\u00fcgung stehen. Dies liegt daran, dass diese Investitionen in der Regel risikoreicher und weniger liquide sind, was zwar h\u00f6here Renditen erm\u00f6glichen kann, aber auch mit gr\u00f6\u00dferen Risiken verbunden ist. <\/p>\t\t\t\t\t\t\t\t<\/div>\n\t\t\t\t<\/div>\n\t\t\t\t<div class=\"elementor-element elementor-element-11c28c4 elementor-widget__width-initial elementor-widget elementor-widget-text-editor\" data-id=\"11c28c4\" data-element_type=\"widget\" data-e-type=\"widget\" data-widget_type=\"text-editor.default\">\n\t\t\t\t<div class=\"elementor-widget-container\">\n\t\t\t\t\t\t\t\t\t<h3>Wichtige Aspekte, die zu ber\u00fccksichtigen sind<\/h3><p style=\"color: #212121; font-family: Roboto, sans-serif; font-size: 16px;\">Die<strong> Kriterien,<\/strong> um als akkreditierter Anleger zu gelten, variieren je nach Rechtsordnung, beinhalten jedoch \u00fcblicherweise einen oder mehrere der folgenden Anforderungen:<\/p><ul><li style=\"color: #212121; font-family: Roboto, sans-serif; font-size: 16px;\"><strong>Einkommensniveau: <\/strong>Ein j\u00e4hrliches Einkommen \u00fcber einem festgelegten Betrag (zum Beispiel 200.000 Euro f\u00fcr Einzelpersonen oder 300.000 Euro f\u00fcr Paare).<\/li><li style=\"color: #212121; font-family: Roboto, sans-serif; font-size: 16px;\"><strong>Nettoverm\u00f6gen: <\/strong>Ein individuelles oder gemeinsames Nettoverm\u00f6gen \u00fcber einem bestimmten Betrag (zum Beispiel 1 Million Euro, wobei die Hauptwohnung nicht mitgerechnet wird).<\/li><li style=\"color: #212121; font-family: Roboto, sans-serif; font-size: 16px;\"><strong>Anlageerfahrung: <\/strong>\u00dcber bedeutende Vorerfahrung am Aktienmarkt oder in anderen Anlageformen verf\u00fcgen, was die F\u00e4higkeit belegt, finanzielle Risiken zu verstehen und einzugehen.<\/li><\/ul><p style=\"color: #212121; font-family: Roboto, sans-serif; font-size: 16px;\">Als akkreditierter Anleger zu gelten, er\u00f6ffnet den Zugang zu einer gr\u00f6\u00dferen Vielfalt an Investitionsm\u00f6glichkeiten, die potenziell h\u00f6here Renditen als traditionelle Anlagen bieten k\u00f6nnen. Dies bedeutet jedoch auch, ein h\u00f6heres Risiko einzugehen, weshalb es wichtig ist, dass solche Anleger gut informiert sind und sich der mit nicht regulierten Investitionen verbundenen Risiken bewusst sind. <\/p>\t\t\t\t\t\t\t\t<\/div>\n\t\t\t\t<\/div>\n\t\t\t\t\t<\/div>\n\t\t<\/div>\n\t\t\t\t\t<\/div>\n\t\t<\/section>\n\t\t\t\t<section class=\"elementor-section elementor-top-section elementor-element elementor-element-aa563c5 elementor-section-full_width elementor-section-stretched elementor-section-height-default elementor-section-height-default\" data-id=\"aa563c5\" data-element_type=\"section\" data-e-type=\"section\" data-settings=\"{&quot;stretch_section&quot;:&quot;section-stretched&quot;}\">\n\t\t\t\t\t\t<div class=\"elementor-container elementor-column-gap-default\">\n\t\t\t\t\t<div class=\"elementor-column elementor-col-100 elementor-top-column elementor-element elementor-element-41114ac\" data-id=\"41114ac\" data-element_type=\"column\" data-e-type=\"column\">\n\t\t\t<div class=\"elementor-widget-wrap elementor-element-populated\">\n\t\t\t\t\t\t<div class=\"elementor-element elementor-element-43f7095 elementor-widget elementor-widget-html\" data-id=\"43f7095\" data-element_type=\"widget\" data-e-type=\"widget\" data-widget_type=\"html.default\">\n\t\t\t\t<div class=\"elementor-widget-container\">\n\t\t\t\t\t\r\n        <div class=\"qode-advanced-call-to-action qode-advanced-cta-gradient qode-advanced-cta-gradient-animation\" style=\"height:80px\">\r\n            <a class=\"advanced-cta-link\" href=\"https:\/\/mkt.urbanitae.com\/Urbanitae_suscripcion_newsletter.html?utm_source=blog&amp;utm_medium=link_blog&amp;utm_campaign=suscripcion_blog&amp;utm_content=boton\" target=\"_blank\" onclick=\"dataLayer.push({'event': 'ub_ga4_event', 'ub_ga4_event_name': 'newsletter', 'ub_ga4_event_element': 'aprende'})\"><\/a>\r\n            <div class=\"qode-advanced-cta-content\">\r\n                <span class=\"qode-advanced-cta-text-holder\" style=\"color:#FFFFFF;font-size:25px\">\r\n Abonnieren Sie unseren Newsletter <\/span>\r\n                <span class=\"qode-advanced-cta-icon-holder\" style=\"color:#FFFFFF;font-size:25px\">\r\n                    <span class=\"qode-advanced-cta-icon-holder-table\">\r\n                        <span class=\"qode-advanced-cta-icon-holder-cell\">\r\n                            <i class=\"qode_icon_font_awesome_5 fa5 fa fa-envelope-open-text qode-advanced-cta-icon\"><\/i> <\/span>\r\n                    <\/span>\r\n                <\/span>\r\n            <\/div>\r\n            <div class=\"qode-advanced-cta-background-holder\">\r\n                <span class=\"qode-advanced-cta-background-1 qode-type1-gradient-left-to-right\"><\/span>\r\n                <span class=\"qode-advanced-cta-background-2 qode-type1-gradient-left-to-right\"><\/span>\r\n                <span class=\"qode-advanced-cta-background-3\"><\/span>\r\n            <\/div>\r\n        <\/div>\r\n\t\t\t\t<\/div>\n\t\t\t\t<\/div>\n\t\t\t\t\t<\/div>\n\t\t<\/div>\n\t\t\t\t\t<\/div>\n\t\t<\/section>\n\t\t\t\t<\/div>\n\t\t","protected":false},"excerpt":{"rendered":"<p>Was ist es? Ein Anleger, der die von der Finanzaufsicht festgelegten Anforderungen erf\u00fcllt, um an bestimmten eingeschr\u00e4nkten Investitionsm\u00f6glichkeiten teilnehmen zu k\u00f6nnen. Diese Anforderungen wurden entwickelt, um sicherzustellen, dass Anleger \u00fcber die finanzielle Leistungsf\u00e4higkeit und das notwendige Wissen verf\u00fcgen, um die mit komplexeren und weniger regulierten Investitionen verbundenen Risiken tragen zu k\u00f6nnen. Akkreditierte Anleger haben Zugang [&hellip;]<\/p>\n","protected":false},"author":20,"featured_media":0,"parent":67878,"menu_order":0,"comment_status":"closed","ping_status":"closed","template":"","meta":{"inline_featured_image":false,"footnotes":""},"class_list":["post-67566","page","type-page","status-publish","hentry"],"yoast_head":"<!-- This site is optimized with the Yoast SEO plugin v27.4 - https:\/\/yoast.com\/product\/yoast-seo-wordpress\/ -->\n<title>Zugelassener Investor - Urbanitae Blog<\/title>\n<meta name=\"description\" content=\"Es handelt sich um einen Anleger, der die von der Finanzaufsicht festgelegten Anforderungen erf\u00fcllt, um an bestimmten eingeschr\u00e4nkten Investitionsm\u00f6glichkeiten teilnehmen zu k\u00f6nnen. Diese Anforderungen beziehen sich meist auf das Einkommensniveau, das Nettoverm\u00f6gen oder die vorherige Anlageerfahrung.\" \/>\n<meta name=\"robots\" content=\"index, follow, max-snippet:-1, max-image-preview:large, max-video-preview:-1\" \/>\n<link rel=\"canonical\" href=\"https:\/\/blog.urbanitae.com\/de\/glossar\/zugelassener-investor\/\" \/>\n<meta property=\"og:locale\" content=\"de_DE\" \/>\n<meta property=\"og:type\" content=\"article\" \/>\n<meta property=\"og:title\" content=\"Zugelassener Investor - Urbanitae Blog\" \/>\n<meta property=\"og:description\" content=\"Es handelt sich um einen Anleger, der die von der Finanzaufsicht festgelegten Anforderungen erf\u00fcllt, um an bestimmten eingeschr\u00e4nkten Investitionsm\u00f6glichkeiten teilnehmen zu k\u00f6nnen. Diese Anforderungen beziehen sich meist auf das Einkommensniveau, das Nettoverm\u00f6gen oder die vorherige Anlageerfahrung.\" \/>\n<meta property=\"og:url\" content=\"https:\/\/blog.urbanitae.com\/de\/glossar\/zugelassener-investor\/\" \/>\n<meta property=\"og:site_name\" content=\"Urbanitae Blog | Las mejores noticias sobre inversi\u00f3n inmobiliaria\" \/>\n<meta property=\"article:publisher\" content=\"https:\/\/www.facebook.com\/urbanitae\" \/>\n<meta property=\"article:modified_time\" content=\"2025-08-13T07:16:36+00:00\" \/>\n<meta name=\"twitter:card\" content=\"summary_large_image\" \/>\n<meta name=\"twitter:site\" content=\"@urbanitae\" \/>\n<meta name=\"twitter:label1\" content=\"Gesch\u00e4tzte Lesezeit\" \/>\n\t<meta name=\"twitter:data1\" content=\"1\u00a0Minute\" \/>\n<script type=\"application\/ld+json\" class=\"yoast-schema-graph\">{\"@context\":\"https:\\\/\\\/schema.org\",\"@graph\":[{\"@type\":\"WebPage\",\"@id\":\"https:\\\/\\\/blog.urbanitae.com\\\/de\\\/glossar\\\/zugelassener-investor\\\/\",\"url\":\"https:\\\/\\\/blog.urbanitae.com\\\/de\\\/glossar\\\/zugelassener-investor\\\/\",\"name\":\"Zugelassener Investor - Urbanitae Blog\",\"isPartOf\":{\"@id\":\"https:\\\/\\\/blog.urbanitae.com\\\/de\\\/#website\"},\"datePublished\":\"2025-02-13T15:45:53+00:00\",\"dateModified\":\"2025-08-13T07:16:36+00:00\",\"description\":\"Es handelt sich um einen Anleger, der die von der Finanzaufsicht festgelegten Anforderungen erf\u00fcllt, um an bestimmten eingeschr\u00e4nkten Investitionsm\u00f6glichkeiten teilnehmen zu k\u00f6nnen. Diese Anforderungen beziehen sich meist auf das Einkommensniveau, das Nettoverm\u00f6gen oder die vorherige Anlageerfahrung.\",\"breadcrumb\":{\"@id\":\"https:\\\/\\\/blog.urbanitae.com\\\/de\\\/glossar\\\/zugelassener-investor\\\/#breadcrumb\"},\"inLanguage\":\"de\",\"potentialAction\":[{\"@type\":\"ReadAction\",\"target\":[\"https:\\\/\\\/blog.urbanitae.com\\\/de\\\/glossar\\\/zugelassener-investor\\\/\"]}]},{\"@type\":\"BreadcrumbList\",\"@id\":\"https:\\\/\\\/blog.urbanitae.com\\\/de\\\/glossar\\\/zugelassener-investor\\\/#breadcrumb\",\"itemListElement\":[{\"@type\":\"ListItem\",\"position\":1,\"name\":\"Portada\",\"item\":\"https:\\\/\\\/blog.urbanitae.com\\\/de\\\/\"},{\"@type\":\"ListItem\",\"position\":2,\"name\":\"Glossar\",\"item\":\"https:\\\/\\\/blog.urbanitae.com\\\/de\\\/glossar\\\/\"},{\"@type\":\"ListItem\",\"position\":3,\"name\":\"Zugelassener Investor\"}]},{\"@type\":\"WebSite\",\"@id\":\"https:\\\/\\\/blog.urbanitae.com\\\/de\\\/#website\",\"url\":\"https:\\\/\\\/blog.urbanitae.com\\\/de\\\/\",\"name\":\"Urbanitae Blog | Las mejores noticias sobre inversi\u00f3n inmobiliaria\",\"description\":\"Inversi\u00f3n inmobiliaria al alcance de todos\",\"publisher\":{\"@id\":\"https:\\\/\\\/blog.urbanitae.com\\\/de\\\/#organization\"},\"potentialAction\":[{\"@type\":\"SearchAction\",\"target\":{\"@type\":\"EntryPoint\",\"urlTemplate\":\"https:\\\/\\\/blog.urbanitae.com\\\/de\\\/?s={search_term_string}\"},\"query-input\":{\"@type\":\"PropertyValueSpecification\",\"valueRequired\":true,\"valueName\":\"search_term_string\"}}],\"inLanguage\":\"de\"},{\"@type\":\"Organization\",\"@id\":\"https:\\\/\\\/blog.urbanitae.com\\\/de\\\/#organization\",\"name\":\"Urbanitae\",\"url\":\"https:\\\/\\\/blog.urbanitae.com\\\/de\\\/\",\"logo\":{\"@type\":\"ImageObject\",\"inLanguage\":\"de\",\"@id\":\"https:\\\/\\\/blog.urbanitae.com\\\/de\\\/#\\\/schema\\\/logo\\\/image\\\/\",\"url\":\"https:\\\/\\\/blog.urbanitae.com\\\/wp-content\\\/uploads\\\/2020\\\/04\\\/logo-verde_350x100.svg\",\"contentUrl\":\"https:\\\/\\\/blog.urbanitae.com\\\/wp-content\\\/uploads\\\/2020\\\/04\\\/logo-verde_350x100.svg\",\"width\":350,\"height\":100,\"caption\":\"Urbanitae\"},\"image\":{\"@id\":\"https:\\\/\\\/blog.urbanitae.com\\\/de\\\/#\\\/schema\\\/logo\\\/image\\\/\"},\"sameAs\":[\"https:\\\/\\\/www.facebook.com\\\/urbanitae\",\"https:\\\/\\\/x.com\\\/urbanitae\",\"https:\\\/\\\/www.instagram.com\\\/urbanitae\",\"https:\\\/\\\/www.linkedin.com\\\/company\\\/urbanitae\",\"https:\\\/\\\/www.pinterest.es\\\/UrbanitaeSL\\\/_created\\\/\",\"https:\\\/\\\/www.youtube.com\\\/c\\\/Urbanitae_RE\"]}]}<\/script>\n<!-- \/ Yoast SEO plugin. -->","yoast_head_json":{"title":"Zugelassener Investor - Urbanitae Blog","description":"Es handelt sich um einen Anleger, der die von der Finanzaufsicht festgelegten Anforderungen erf\u00fcllt, um an bestimmten eingeschr\u00e4nkten Investitionsm\u00f6glichkeiten teilnehmen zu k\u00f6nnen. Diese Anforderungen beziehen sich meist auf das Einkommensniveau, das Nettoverm\u00f6gen oder die vorherige Anlageerfahrung.","robots":{"index":"index","follow":"follow","max-snippet":"max-snippet:-1","max-image-preview":"max-image-preview:large","max-video-preview":"max-video-preview:-1"},"canonical":"https:\/\/blog.urbanitae.com\/de\/glossar\/zugelassener-investor\/","og_locale":"de_DE","og_type":"article","og_title":"Zugelassener Investor - Urbanitae Blog","og_description":"Es handelt sich um einen Anleger, der die von der Finanzaufsicht festgelegten Anforderungen erf\u00fcllt, um an bestimmten eingeschr\u00e4nkten Investitionsm\u00f6glichkeiten teilnehmen zu k\u00f6nnen. Diese Anforderungen beziehen sich meist auf das Einkommensniveau, das Nettoverm\u00f6gen oder die vorherige Anlageerfahrung.","og_url":"https:\/\/blog.urbanitae.com\/de\/glossar\/zugelassener-investor\/","og_site_name":"Urbanitae Blog | Las mejores noticias sobre inversi\u00f3n inmobiliaria","article_publisher":"https:\/\/www.facebook.com\/urbanitae","article_modified_time":"2025-08-13T07:16:36+00:00","twitter_card":"summary_large_image","twitter_site":"@urbanitae","twitter_misc":{"Gesch\u00e4tzte Lesezeit":"1\u00a0Minute"},"schema":{"@context":"https:\/\/schema.org","@graph":[{"@type":"WebPage","@id":"https:\/\/blog.urbanitae.com\/de\/glossar\/zugelassener-investor\/","url":"https:\/\/blog.urbanitae.com\/de\/glossar\/zugelassener-investor\/","name":"Zugelassener Investor - Urbanitae Blog","isPartOf":{"@id":"https:\/\/blog.urbanitae.com\/de\/#website"},"datePublished":"2025-02-13T15:45:53+00:00","dateModified":"2025-08-13T07:16:36+00:00","description":"Es handelt sich um einen Anleger, der die von der Finanzaufsicht festgelegten Anforderungen erf\u00fcllt, um an bestimmten eingeschr\u00e4nkten Investitionsm\u00f6glichkeiten teilnehmen zu k\u00f6nnen. Diese Anforderungen beziehen sich meist auf das Einkommensniveau, das Nettoverm\u00f6gen oder die vorherige Anlageerfahrung.","breadcrumb":{"@id":"https:\/\/blog.urbanitae.com\/de\/glossar\/zugelassener-investor\/#breadcrumb"},"inLanguage":"de","potentialAction":[{"@type":"ReadAction","target":["https:\/\/blog.urbanitae.com\/de\/glossar\/zugelassener-investor\/"]}]},{"@type":"BreadcrumbList","@id":"https:\/\/blog.urbanitae.com\/de\/glossar\/zugelassener-investor\/#breadcrumb","itemListElement":[{"@type":"ListItem","position":1,"name":"Portada","item":"https:\/\/blog.urbanitae.com\/de\/"},{"@type":"ListItem","position":2,"name":"Glossar","item":"https:\/\/blog.urbanitae.com\/de\/glossar\/"},{"@type":"ListItem","position":3,"name":"Zugelassener Investor"}]},{"@type":"WebSite","@id":"https:\/\/blog.urbanitae.com\/de\/#website","url":"https:\/\/blog.urbanitae.com\/de\/","name":"Urbanitae Blog | Las mejores noticias sobre inversi\u00f3n inmobiliaria","description":"Inversi\u00f3n inmobiliaria al alcance de todos","publisher":{"@id":"https:\/\/blog.urbanitae.com\/de\/#organization"},"potentialAction":[{"@type":"SearchAction","target":{"@type":"EntryPoint","urlTemplate":"https:\/\/blog.urbanitae.com\/de\/?s={search_term_string}"},"query-input":{"@type":"PropertyValueSpecification","valueRequired":true,"valueName":"search_term_string"}}],"inLanguage":"de"},{"@type":"Organization","@id":"https:\/\/blog.urbanitae.com\/de\/#organization","name":"Urbanitae","url":"https:\/\/blog.urbanitae.com\/de\/","logo":{"@type":"ImageObject","inLanguage":"de","@id":"https:\/\/blog.urbanitae.com\/de\/#\/schema\/logo\/image\/","url":"https:\/\/blog.urbanitae.com\/wp-content\/uploads\/2020\/04\/logo-verde_350x100.svg","contentUrl":"https:\/\/blog.urbanitae.com\/wp-content\/uploads\/2020\/04\/logo-verde_350x100.svg","width":350,"height":100,"caption":"Urbanitae"},"image":{"@id":"https:\/\/blog.urbanitae.com\/de\/#\/schema\/logo\/image\/"},"sameAs":["https:\/\/www.facebook.com\/urbanitae","https:\/\/x.com\/urbanitae","https:\/\/www.instagram.com\/urbanitae","https:\/\/www.linkedin.com\/company\/urbanitae","https:\/\/www.pinterest.es\/UrbanitaeSL\/_created\/","https:\/\/www.youtube.com\/c\/Urbanitae_RE"]}]}},"_links":{"self":[{"href":"https:\/\/blog.urbanitae.com\/de\/wp-json\/wp\/v2\/pages\/67566","targetHints":{"allow":["GET"]}}],"collection":[{"href":"https:\/\/blog.urbanitae.com\/de\/wp-json\/wp\/v2\/pages"}],"about":[{"href":"https:\/\/blog.urbanitae.com\/de\/wp-json\/wp\/v2\/types\/page"}],"author":[{"embeddable":true,"href":"https:\/\/blog.urbanitae.com\/de\/wp-json\/wp\/v2\/users\/20"}],"replies":[{"embeddable":true,"href":"https:\/\/blog.urbanitae.com\/de\/wp-json\/wp\/v2\/comments?post=67566"}],"version-history":[{"count":1,"href":"https:\/\/blog.urbanitae.com\/de\/wp-json\/wp\/v2\/pages\/67566\/revisions"}],"predecessor-version":[{"id":67567,"href":"https:\/\/blog.urbanitae.com\/de\/wp-json\/wp\/v2\/pages\/67566\/revisions\/67567"}],"up":[{"embeddable":true,"href":"https:\/\/blog.urbanitae.com\/de\/wp-json\/wp\/v2\/pages\/67878"}],"wp:attachment":[{"href":"https:\/\/blog.urbanitae.com\/de\/wp-json\/wp\/v2\/media?parent=67566"}],"curies":[{"name":"wp","href":"https:\/\/api.w.org\/{rel}","templated":true}]}}