{"id":67481,"date":"2025-04-15T13:46:46","date_gmt":"2025-04-15T11:46:46","guid":{"rendered":"https:\/\/blog.urbanitae.com\/infrastruktur\/"},"modified":"2025-08-13T09:16:33","modified_gmt":"2025-08-13T07:16:33","slug":"infrastruktur","status":"publish","type":"page","link":"https:\/\/blog.urbanitae.com\/de\/glossar\/infrastruktur\/","title":{"rendered":"Infrastruktur"},"content":{"rendered":"\t\t<div data-elementor-type=\"wp-page\" data-elementor-id=\"67481\" class=\"elementor elementor-67481 elementor-56437\">\n\t\t\t\t\t\t<section class=\"elementor-section elementor-top-section elementor-element elementor-element-d86d887 elementor-section-boxed elementor-section-height-default elementor-section-height-default\" data-id=\"d86d887\" data-element_type=\"section\" data-e-type=\"section\">\n\t\t\t\t\t\t<div class=\"elementor-container elementor-column-gap-default\">\n\t\t\t\t\t<div class=\"elementor-column elementor-col-100 elementor-top-column elementor-element elementor-element-8b49ddd\" data-id=\"8b49ddd\" data-element_type=\"column\" data-e-type=\"column\">\n\t\t\t<div class=\"elementor-widget-wrap elementor-element-populated\">\n\t\t\t\t\t\t<div class=\"elementor-element elementor-element-083b30b elementor-widget__width-initial elementor-widget elementor-widget-text-editor\" data-id=\"083b30b\" data-element_type=\"widget\" data-e-type=\"widget\" data-widget_type=\"text-editor.default\">\n\t\t\t\t<div class=\"elementor-widget-container\">\n\t\t\t\t\t\t\t\t\t<h3>Was sind sie?<\/h3><p style=\"color: #212121; font-family: Roboto, sans-serif; font-size: 16px;\">Bezieht sich auf die Einrichtungen und physischen Strukturen, die f\u00fcr das Funktionieren einer Gesellschaft notwendig sind, wie Stra\u00dfen, Br\u00fccken, Flugh\u00e4fen, Verkehrssysteme, Kraftwerke und Telekommunikationssysteme. Diese Infrastrukturen sind grundlegend f\u00fcr die wirtschaftliche Entwicklung, da sie den Zugang zu Waren und Dienstleistungen erleichtern, die Konnektivit\u00e4t verbessern und eine effiziente Verteilung von Ressourcen erm\u00f6glichen.<\/p><p style=\"color: #212121; font-family: Roboto, sans-serif; font-size: 16px;\">Investitionen in Infrastrukturen bedeuten die Finanzierung und Entwicklung dieser Verm\u00f6genswerte, die in der Regel eine lange Nutzungsdauer haben und f\u00fcr das gesellschaftliche Wohl wesentlich sind. Neben ihrer wirtschaftlichen Bedeutung spielen Infrastrukturen auch eine Schl\u00fcsselrolle f\u00fcr Nachhaltigkeit und Lebensqualit\u00e4t, da sie grundlegende Dienstleistungen wie Verkehr, Energie und Kommunikation bereitstellen. <\/p>\t\t\t\t\t\t\t\t<\/div>\n\t\t\t\t<\/div>\n\t\t\t\t<div class=\"elementor-element elementor-element-11c28c4 elementor-widget__width-initial elementor-widget elementor-widget-text-editor\" data-id=\"11c28c4\" data-element_type=\"widget\" data-e-type=\"widget\" data-widget_type=\"text-editor.default\">\n\t\t\t\t<div class=\"elementor-widget-container\">\n\t\t\t\t\t\t\t\t\t<h3>Wichtige Aspekte, die zu ber\u00fccksichtigen sind<\/h3>\n<p style=\"color: #212121; font-family: Roboto, sans-serif; font-size: 16px;\">Infrastrukturen sind nicht nur f\u00fcr das Funktionieren moderner Volkswirtschaften von entscheidender Bedeutung, sondern auch ein Interessengebiet f\u00fcr Investoren. Investitionen in Infrastrukturen gelten oft als attraktive Option aufgrund ihrer Stabilit\u00e4t und der vorhersehbaren langfristigen Renditen. Infrastrukturprojekte werden meist von \u00f6ffentlichen Einrichtungen oder \u00f6ffentlich-privaten Partnerschaften verwaltet, aber es gibt auch M\u00f6glichkeiten f\u00fcr private Investoren, insbesondere bei gro\u00df angelegten Infrastrukturprojekten oder in Schwellenm\u00e4rkten.  <\/p>\n<p style=\"color: #212121; font-family: Roboto, sans-serif; font-size: 16px;\">Die Entwicklung von Infrastrukturen kann kostspielig sein und viele Jahre dauern, aber einmal errichtet, bieten sie nachhaltige Vorteile sowohl f\u00fcr die Gesellschaft als auch f\u00fcr die Investoren. Dar\u00fcber hinaus beeinflusst die Qualit\u00e4t der Infrastrukturen direkt die Wettbewerbsf\u00e4higkeit eines Landes oder einer Region und wirkt sich auf den Handel, die Produktivit\u00e4t und den Zugang zu internationalen M\u00e4rkten aus. <\/p>\t\t\t\t\t\t\t\t<\/div>\n\t\t\t\t<\/div>\n\t\t\t\t\t<\/div>\n\t\t<\/div>\n\t\t\t\t\t<\/div>\n\t\t<\/section>\n\t\t\t\t<section class=\"elementor-section elementor-top-section elementor-element elementor-element-aa563c5 elementor-section-full_width elementor-section-stretched elementor-section-height-default elementor-section-height-default\" data-id=\"aa563c5\" data-element_type=\"section\" data-e-type=\"section\" data-settings=\"{&quot;stretch_section&quot;:&quot;section-stretched&quot;}\">\n\t\t\t\t\t\t<div class=\"elementor-container elementor-column-gap-default\">\n\t\t\t\t\t<div class=\"elementor-column elementor-col-100 elementor-top-column elementor-element elementor-element-41114ac\" data-id=\"41114ac\" data-element_type=\"column\" data-e-type=\"column\">\n\t\t\t<div class=\"elementor-widget-wrap elementor-element-populated\">\n\t\t\t\t\t\t<div class=\"elementor-element elementor-element-43f7095 elementor-widget elementor-widget-html\" data-id=\"43f7095\" data-element_type=\"widget\" data-e-type=\"widget\" data-widget_type=\"html.default\">\n\t\t\t\t<div class=\"elementor-widget-container\">\n\t\t\t\t\t\r\n        <div class=\"qode-advanced-call-to-action qode-advanced-cta-gradient qode-advanced-cta-gradient-animation\" style=\"height:80px\">\r\n            <a class=\"advanced-cta-link\" href=\"https:\/\/mkt.urbanitae.com\/Urbanitae_suscripcion_newsletter.html?utm_source=blog&amp;utm_medium=link_blog&amp;utm_campaign=suscripcion_blog&amp;utm_content=boton\" target=\"_blank\" onclick=\"dataLayer.push({'event': 'ub_ga4_event', 'ub_ga4_event_name': 'newsletter', 'ub_ga4_event_element': 'aprende'})\"><\/a>\r\n            <div class=\"qode-advanced-cta-content\">\r\n                <span class=\"qode-advanced-cta-text-holder\" style=\"color:#FFFFFF;font-size:25px\">\r\n Abonnieren Sie unseren Newsletter <\/span>\r\n                <span class=\"qode-advanced-cta-icon-holder\" style=\"color:#FFFFFF;font-size:25px\">\r\n                    <span class=\"qode-advanced-cta-icon-holder-table\">\r\n                        <span class=\"qode-advanced-cta-icon-holder-cell\">\r\n                            <i class=\"qode_icon_font_awesome_5 fa5 fa fa-envelope-open-text qode-advanced-cta-icon\"><\/i> <\/span>\r\n                    <\/span>\r\n                <\/span>\r\n            <\/div>\r\n            <div class=\"qode-advanced-cta-background-holder\">\r\n                <span class=\"qode-advanced-cta-background-1 qode-type1-gradient-left-to-right\"><\/span>\r\n                <span class=\"qode-advanced-cta-background-2 qode-type1-gradient-left-to-right\"><\/span>\r\n                <span class=\"qode-advanced-cta-background-3\"><\/span>\r\n            <\/div>\r\n        <\/div>\r\n\t\t\t\t<\/div>\n\t\t\t\t<\/div>\n\t\t\t\t\t<\/div>\n\t\t<\/div>\n\t\t\t\t\t<\/div>\n\t\t<\/section>\n\t\t\t\t<\/div>\n\t\t","protected":false},"excerpt":{"rendered":"<p>Was sind sie? Bezieht sich auf die Einrichtungen und physischen Strukturen, die f\u00fcr das Funktionieren einer Gesellschaft notwendig sind, wie Stra\u00dfen, Br\u00fccken, Flugh\u00e4fen, Verkehrssysteme, Kraftwerke und Telekommunikationssysteme. Diese Infrastrukturen sind grundlegend f\u00fcr die wirtschaftliche Entwicklung, da sie den Zugang zu Waren und Dienstleistungen erleichtern, die Konnektivit\u00e4t verbessern und eine effiziente Verteilung von Ressourcen erm\u00f6glichen. Investitionen [&hellip;]<\/p>\n","protected":false},"author":20,"featured_media":0,"parent":67878,"menu_order":0,"comment_status":"closed","ping_status":"closed","template":"","meta":{"inline_featured_image":false,"footnotes":""},"class_list":["post-67481","page","type-page","status-publish","hentry"],"yoast_head":"<!-- This site is optimized with the Yoast SEO plugin v27.4 - https:\/\/yoast.com\/product\/yoast-seo-wordpress\/ -->\n<title>Infrastruktur - Urbanitae Blog<\/title>\n<meta name=\"description\" content=\"Bezieht sich auf die Einrichtungen und physischen Strukturen, die f\u00fcr das Funktionieren einer Gesellschaft notwendig sind, wie Stra\u00dfen, Br\u00fccken, Flugh\u00e4fen, Verkehrsnetze, Kraftwerke und Telekommunikationssysteme. Investitionen in Infrastruktur bedeuten die Finanzierung und Entwicklung dieser Verm\u00f6genswerte.\u00bfQuieres que te ayude con algo m\u00e1s?\" \/>\n<meta name=\"robots\" content=\"index, follow, max-snippet:-1, max-image-preview:large, max-video-preview:-1\" \/>\n<link rel=\"canonical\" href=\"https:\/\/blog.urbanitae.com\/de\/glossar\/infrastruktur\/\" \/>\n<meta property=\"og:locale\" content=\"de_DE\" \/>\n<meta property=\"og:type\" content=\"article\" \/>\n<meta property=\"og:title\" content=\"Infrastruktur - Urbanitae Blog\" \/>\n<meta property=\"og:description\" content=\"Bezieht sich auf die Einrichtungen und physischen Strukturen, die f\u00fcr das Funktionieren einer Gesellschaft notwendig sind, wie Stra\u00dfen, Br\u00fccken, Flugh\u00e4fen, Verkehrsnetze, Kraftwerke und Telekommunikationssysteme. Investitionen in Infrastruktur bedeuten die Finanzierung und Entwicklung dieser Verm\u00f6genswerte.\u00bfQuieres que te ayude con algo m\u00e1s?\" \/>\n<meta property=\"og:url\" content=\"https:\/\/blog.urbanitae.com\/de\/glossar\/infrastruktur\/\" \/>\n<meta property=\"og:site_name\" content=\"Urbanitae Blog | Las mejores noticias sobre inversi\u00f3n inmobiliaria\" \/>\n<meta property=\"article:publisher\" content=\"https:\/\/www.facebook.com\/urbanitae\" \/>\n<meta property=\"article:modified_time\" content=\"2025-08-13T07:16:33+00:00\" \/>\n<meta name=\"twitter:card\" content=\"summary_large_image\" \/>\n<meta name=\"twitter:site\" content=\"@urbanitae\" \/>\n<meta name=\"twitter:label1\" content=\"Gesch\u00e4tzte Lesezeit\" \/>\n\t<meta name=\"twitter:data1\" content=\"1\u00a0Minute\" \/>\n<script type=\"application\/ld+json\" class=\"yoast-schema-graph\">{\"@context\":\"https:\\\/\\\/schema.org\",\"@graph\":[{\"@type\":\"WebPage\",\"@id\":\"https:\\\/\\\/blog.urbanitae.com\\\/de\\\/glossar\\\/infrastruktur\\\/\",\"url\":\"https:\\\/\\\/blog.urbanitae.com\\\/de\\\/glossar\\\/infrastruktur\\\/\",\"name\":\"Infrastruktur - Urbanitae Blog\",\"isPartOf\":{\"@id\":\"https:\\\/\\\/blog.urbanitae.com\\\/de\\\/#website\"},\"datePublished\":\"2025-04-15T11:46:46+00:00\",\"dateModified\":\"2025-08-13T07:16:33+00:00\",\"description\":\"Bezieht sich auf die Einrichtungen und physischen Strukturen, die f\u00fcr das Funktionieren einer Gesellschaft notwendig sind, wie Stra\u00dfen, Br\u00fccken, Flugh\u00e4fen, Verkehrsnetze, Kraftwerke und Telekommunikationssysteme. Investitionen in Infrastruktur bedeuten die Finanzierung und Entwicklung dieser Verm\u00f6genswerte.\u00bfQuieres que te ayude con algo m\u00e1s?\",\"breadcrumb\":{\"@id\":\"https:\\\/\\\/blog.urbanitae.com\\\/de\\\/glossar\\\/infrastruktur\\\/#breadcrumb\"},\"inLanguage\":\"de\",\"potentialAction\":[{\"@type\":\"ReadAction\",\"target\":[\"https:\\\/\\\/blog.urbanitae.com\\\/de\\\/glossar\\\/infrastruktur\\\/\"]}]},{\"@type\":\"BreadcrumbList\",\"@id\":\"https:\\\/\\\/blog.urbanitae.com\\\/de\\\/glossar\\\/infrastruktur\\\/#breadcrumb\",\"itemListElement\":[{\"@type\":\"ListItem\",\"position\":1,\"name\":\"Portada\",\"item\":\"https:\\\/\\\/blog.urbanitae.com\\\/de\\\/\"},{\"@type\":\"ListItem\",\"position\":2,\"name\":\"Glossar\",\"item\":\"https:\\\/\\\/blog.urbanitae.com\\\/de\\\/glossar\\\/\"},{\"@type\":\"ListItem\",\"position\":3,\"name\":\"Infrastruktur\"}]},{\"@type\":\"WebSite\",\"@id\":\"https:\\\/\\\/blog.urbanitae.com\\\/de\\\/#website\",\"url\":\"https:\\\/\\\/blog.urbanitae.com\\\/de\\\/\",\"name\":\"Urbanitae Blog | Las mejores noticias sobre inversi\u00f3n inmobiliaria\",\"description\":\"Inversi\u00f3n inmobiliaria al alcance de todos\",\"publisher\":{\"@id\":\"https:\\\/\\\/blog.urbanitae.com\\\/de\\\/#organization\"},\"potentialAction\":[{\"@type\":\"SearchAction\",\"target\":{\"@type\":\"EntryPoint\",\"urlTemplate\":\"https:\\\/\\\/blog.urbanitae.com\\\/de\\\/?s={search_term_string}\"},\"query-input\":{\"@type\":\"PropertyValueSpecification\",\"valueRequired\":true,\"valueName\":\"search_term_string\"}}],\"inLanguage\":\"de\"},{\"@type\":\"Organization\",\"@id\":\"https:\\\/\\\/blog.urbanitae.com\\\/de\\\/#organization\",\"name\":\"Urbanitae\",\"url\":\"https:\\\/\\\/blog.urbanitae.com\\\/de\\\/\",\"logo\":{\"@type\":\"ImageObject\",\"inLanguage\":\"de\",\"@id\":\"https:\\\/\\\/blog.urbanitae.com\\\/de\\\/#\\\/schema\\\/logo\\\/image\\\/\",\"url\":\"https:\\\/\\\/blog.urbanitae.com\\\/wp-content\\\/uploads\\\/2020\\\/04\\\/logo-verde_350x100.svg\",\"contentUrl\":\"https:\\\/\\\/blog.urbanitae.com\\\/wp-content\\\/uploads\\\/2020\\\/04\\\/logo-verde_350x100.svg\",\"width\":350,\"height\":100,\"caption\":\"Urbanitae\"},\"image\":{\"@id\":\"https:\\\/\\\/blog.urbanitae.com\\\/de\\\/#\\\/schema\\\/logo\\\/image\\\/\"},\"sameAs\":[\"https:\\\/\\\/www.facebook.com\\\/urbanitae\",\"https:\\\/\\\/x.com\\\/urbanitae\",\"https:\\\/\\\/www.instagram.com\\\/urbanitae\",\"https:\\\/\\\/www.linkedin.com\\\/company\\\/urbanitae\",\"https:\\\/\\\/www.pinterest.es\\\/UrbanitaeSL\\\/_created\\\/\",\"https:\\\/\\\/www.youtube.com\\\/c\\\/Urbanitae_RE\"]}]}<\/script>\n<!-- \/ Yoast SEO plugin. -->","yoast_head_json":{"title":"Infrastruktur - Urbanitae Blog","description":"Bezieht sich auf die Einrichtungen und physischen Strukturen, die f\u00fcr das Funktionieren einer Gesellschaft notwendig sind, wie Stra\u00dfen, Br\u00fccken, Flugh\u00e4fen, Verkehrsnetze, Kraftwerke und Telekommunikationssysteme. Investitionen in Infrastruktur bedeuten die Finanzierung und Entwicklung dieser Verm\u00f6genswerte.\u00bfQuieres que te ayude con algo m\u00e1s?","robots":{"index":"index","follow":"follow","max-snippet":"max-snippet:-1","max-image-preview":"max-image-preview:large","max-video-preview":"max-video-preview:-1"},"canonical":"https:\/\/blog.urbanitae.com\/de\/glossar\/infrastruktur\/","og_locale":"de_DE","og_type":"article","og_title":"Infrastruktur - Urbanitae Blog","og_description":"Bezieht sich auf die Einrichtungen und physischen Strukturen, die f\u00fcr das Funktionieren einer Gesellschaft notwendig sind, wie Stra\u00dfen, Br\u00fccken, Flugh\u00e4fen, Verkehrsnetze, Kraftwerke und Telekommunikationssysteme. Investitionen in Infrastruktur bedeuten die Finanzierung und Entwicklung dieser Verm\u00f6genswerte.\u00bfQuieres que te ayude con algo m\u00e1s?","og_url":"https:\/\/blog.urbanitae.com\/de\/glossar\/infrastruktur\/","og_site_name":"Urbanitae Blog | Las mejores noticias sobre inversi\u00f3n inmobiliaria","article_publisher":"https:\/\/www.facebook.com\/urbanitae","article_modified_time":"2025-08-13T07:16:33+00:00","twitter_card":"summary_large_image","twitter_site":"@urbanitae","twitter_misc":{"Gesch\u00e4tzte Lesezeit":"1\u00a0Minute"},"schema":{"@context":"https:\/\/schema.org","@graph":[{"@type":"WebPage","@id":"https:\/\/blog.urbanitae.com\/de\/glossar\/infrastruktur\/","url":"https:\/\/blog.urbanitae.com\/de\/glossar\/infrastruktur\/","name":"Infrastruktur - Urbanitae Blog","isPartOf":{"@id":"https:\/\/blog.urbanitae.com\/de\/#website"},"datePublished":"2025-04-15T11:46:46+00:00","dateModified":"2025-08-13T07:16:33+00:00","description":"Bezieht sich auf die Einrichtungen und physischen Strukturen, die f\u00fcr das Funktionieren einer Gesellschaft notwendig sind, wie Stra\u00dfen, Br\u00fccken, Flugh\u00e4fen, Verkehrsnetze, Kraftwerke und Telekommunikationssysteme. Investitionen in Infrastruktur bedeuten die Finanzierung und Entwicklung dieser Verm\u00f6genswerte.\u00bfQuieres que te ayude con algo m\u00e1s?","breadcrumb":{"@id":"https:\/\/blog.urbanitae.com\/de\/glossar\/infrastruktur\/#breadcrumb"},"inLanguage":"de","potentialAction":[{"@type":"ReadAction","target":["https:\/\/blog.urbanitae.com\/de\/glossar\/infrastruktur\/"]}]},{"@type":"BreadcrumbList","@id":"https:\/\/blog.urbanitae.com\/de\/glossar\/infrastruktur\/#breadcrumb","itemListElement":[{"@type":"ListItem","position":1,"name":"Portada","item":"https:\/\/blog.urbanitae.com\/de\/"},{"@type":"ListItem","position":2,"name":"Glossar","item":"https:\/\/blog.urbanitae.com\/de\/glossar\/"},{"@type":"ListItem","position":3,"name":"Infrastruktur"}]},{"@type":"WebSite","@id":"https:\/\/blog.urbanitae.com\/de\/#website","url":"https:\/\/blog.urbanitae.com\/de\/","name":"Urbanitae Blog | Las mejores noticias sobre inversi\u00f3n inmobiliaria","description":"Inversi\u00f3n inmobiliaria al alcance de todos","publisher":{"@id":"https:\/\/blog.urbanitae.com\/de\/#organization"},"potentialAction":[{"@type":"SearchAction","target":{"@type":"EntryPoint","urlTemplate":"https:\/\/blog.urbanitae.com\/de\/?s={search_term_string}"},"query-input":{"@type":"PropertyValueSpecification","valueRequired":true,"valueName":"search_term_string"}}],"inLanguage":"de"},{"@type":"Organization","@id":"https:\/\/blog.urbanitae.com\/de\/#organization","name":"Urbanitae","url":"https:\/\/blog.urbanitae.com\/de\/","logo":{"@type":"ImageObject","inLanguage":"de","@id":"https:\/\/blog.urbanitae.com\/de\/#\/schema\/logo\/image\/","url":"https:\/\/blog.urbanitae.com\/wp-content\/uploads\/2020\/04\/logo-verde_350x100.svg","contentUrl":"https:\/\/blog.urbanitae.com\/wp-content\/uploads\/2020\/04\/logo-verde_350x100.svg","width":350,"height":100,"caption":"Urbanitae"},"image":{"@id":"https:\/\/blog.urbanitae.com\/de\/#\/schema\/logo\/image\/"},"sameAs":["https:\/\/www.facebook.com\/urbanitae","https:\/\/x.com\/urbanitae","https:\/\/www.instagram.com\/urbanitae","https:\/\/www.linkedin.com\/company\/urbanitae","https:\/\/www.pinterest.es\/UrbanitaeSL\/_created\/","https:\/\/www.youtube.com\/c\/Urbanitae_RE"]}]}},"_links":{"self":[{"href":"https:\/\/blog.urbanitae.com\/de\/wp-json\/wp\/v2\/pages\/67481","targetHints":{"allow":["GET"]}}],"collection":[{"href":"https:\/\/blog.urbanitae.com\/de\/wp-json\/wp\/v2\/pages"}],"about":[{"href":"https:\/\/blog.urbanitae.com\/de\/wp-json\/wp\/v2\/types\/page"}],"author":[{"embeddable":true,"href":"https:\/\/blog.urbanitae.com\/de\/wp-json\/wp\/v2\/users\/20"}],"replies":[{"embeddable":true,"href":"https:\/\/blog.urbanitae.com\/de\/wp-json\/wp\/v2\/comments?post=67481"}],"version-history":[{"count":1,"href":"https:\/\/blog.urbanitae.com\/de\/wp-json\/wp\/v2\/pages\/67481\/revisions"}],"predecessor-version":[{"id":67482,"href":"https:\/\/blog.urbanitae.com\/de\/wp-json\/wp\/v2\/pages\/67481\/revisions\/67482"}],"up":[{"embeddable":true,"href":"https:\/\/blog.urbanitae.com\/de\/wp-json\/wp\/v2\/pages\/67878"}],"wp:attachment":[{"href":"https:\/\/blog.urbanitae.com\/de\/wp-json\/wp\/v2\/media?parent=67481"}],"curies":[{"name":"wp","href":"https:\/\/api.w.org\/{rel}","templated":true}]}}