{"id":67454,"date":"2025-04-15T13:04:47","date_gmt":"2025-04-15T11:04:47","guid":{"rendered":"https:\/\/blog.urbanitae.com\/fonds-fuer-freie-investitionen-fil\/"},"modified":"2025-09-09T12:30:05","modified_gmt":"2025-09-09T10:30:05","slug":"filpe-europaischer-iangfristiger-investmentfonds","status":"publish","type":"page","link":"https:\/\/blog.urbanitae.com\/de\/glossar\/filpe-europaischer-iangfristiger-investmentfonds\/","title":{"rendered":"FILPE (Europ\u00e4ischer langfristiger Investmentfonds)"},"content":{"rendered":"\t\t<div data-elementor-type=\"wp-page\" data-elementor-id=\"67454\" class=\"elementor elementor-67454 elementor-56312\">\n\t\t\t\t\t\t<section class=\"elementor-section elementor-top-section elementor-element elementor-element-d86d887 elementor-section-boxed elementor-section-height-default elementor-section-height-default\" data-id=\"d86d887\" data-element_type=\"section\" data-e-type=\"section\">\n\t\t\t\t\t\t<div class=\"elementor-container elementor-column-gap-default\">\n\t\t\t\t\t<div class=\"elementor-column elementor-col-100 elementor-top-column elementor-element elementor-element-8b49ddd\" data-id=\"8b49ddd\" data-element_type=\"column\" data-e-type=\"column\">\n\t\t\t<div class=\"elementor-widget-wrap elementor-element-populated\">\n\t\t\t\t\t\t<div class=\"elementor-element elementor-element-083b30b elementor-widget__width-initial elementor-widget elementor-widget-text-editor\" data-id=\"083b30b\" data-element_type=\"widget\" data-e-type=\"widget\" data-widget_type=\"text-editor.default\">\n\t\t\t\t<div class=\"elementor-widget-container\">\n\t\t\t\t\t\t\t\t\t<h3>Was ist es?<\/h3><p style=\"color: #212121; font-family: Roboto, sans-serif; font-size: 16px;\">Die Europ\u00e4ischen langfristigen Investmentfonds <strong>(ELTIFs)<\/strong> sind von der Europ\u00e4ischen Union geschaffene Vehikel, um Kapital in Sektoren zu lenken, die eine nachhaltige Finanzierung ben\u00f6tigen, wie Infrastruktur, erneuerbare Energien, erschwinglicher Wohnraum oder KMU. Sie unterliegen einer speziellen Regulierung, die Investitionen in die Realwirtschaft f\u00f6rdert und gleichzeitig einen starken Anlegerschutz gew\u00e4hrleistet. Ein zentrales Merkmal ist die Verpflichtung, einen erheblichen Teil ihres Verm\u00f6gens in illiquide Anlagen zu investieren, wie nicht b\u00f6rsennotierte Unternehmen oder reale Verm\u00f6genswerte.  <\/p><p style=\"color: #212121; font-family: Roboto, sans-serif; font-size: 16px;\">Die Vorschriften f\u00fcr <strong>ELTIFs<\/strong> wurden im Jahr 2023 aktualisiert, um sie insbesondere f\u00fcr Privatanleger zug\u00e4nglicher zu machen. Zu den Verbesserungen geh\u00f6ren die Senkung der Einstiegsh\u00fcrden, flexiblere Diversifizierungsregeln und die M\u00f6glichkeit, teilweise Liquidit\u00e4t anzubieten. Dar\u00fcber hinaus k\u00f6nnen sie dank ihres \u201eeurop\u00e4ischen Passes\u201c in allen EU-L\u00e4ndern ohne zus\u00e4tzliche Anforderungen vertrieben werden, was die Kapitalbeschaffung auf gesamteurop\u00e4ischer Ebene erleichtert.  <\/p>\t\t\t\t\t\t\t\t<\/div>\n\t\t\t\t<\/div>\n\t\t\t\t<div class=\"elementor-element elementor-element-11c28c4 elementor-widget__width-initial elementor-widget elementor-widget-text-editor\" data-id=\"11c28c4\" data-element_type=\"widget\" data-e-type=\"widget\" data-widget_type=\"text-editor.default\">\n\t\t\t\t<div class=\"elementor-widget-container\">\n\t\t\t\t\t\t\t\t\t<h3>Wichtige Aspekte, die zu ber\u00fccksichtigen sind<\/h3><p style=\"color: #212121; font-family: Roboto, sans-serif; font-size: 16px;\">Die Hauptmerkmale der ELTIFs umfassen:<\/p><ul><li style=\"color: #212121; font-family: Roboto, sans-serif; font-size: 16px;\"><strong>Anlagehorizont:<\/strong> ELTIFs sind f\u00fcr langfristige Investitionen konzipiert, was ein l\u00e4ngeres zeitliches Engagement und eine geringere Liquidit\u00e4t bedeutet.<\/li><li style=\"color: #212121; font-family: Roboto, sans-serif; font-size: 16px;\"><strong>Anlageklassen: <\/strong>Sie m\u00fcssen gem\u00e4\u00df der \u00fcberarbeiteten Vorschrift mindestens 55\u202f% ihres Verm\u00f6gens in reale Verm\u00f6genswerte oder nicht b\u00f6rsennotierte Unternehmen investieren.<\/li><li style=\"color: #212121; font-family: Roboto, sans-serif; font-size: 16px;\"><strong>Anlegerschutz:<\/strong> Sie beinhalten spezifische Anforderungen an Transparenz, Eignungspr\u00fcfung und Aufsicht, um den Schutz der Anleger \u2013 insbesondere von Privatanlegern \u2013 zu gew\u00e4hrleisten.<\/li><li style=\"color: #212121; font-family: Roboto, sans-serif; font-size: 16px;\"><strong>Steuerliche und regulatorische Vorteile: <\/strong>In einigen L\u00e4ndern k\u00f6nnen sie steuerliche Verg\u00fcnstigungen bieten und verf\u00fcgen \u00fcber den europ\u00e4ischen Pass, der ihren grenz\u00fcberschreitenden Vertrieb erm\u00f6glicht.<\/li><\/ul><p style=\"color: #212121; font-family: Roboto, sans-serif; font-size: 16px;\">ELTIFs stellen eine attraktive Option f\u00fcr Anleger dar, die ihr Portfolio mit stabilen Investitionen und einem positiven Einfluss auf die Realwirtschaft diversifizieren m\u00f6chten \u2013 insbesondere in strategischen Sektoren wie Infrastruktur oder Innovation. Ihr regulatorischer Rahmen bietet starke Schutzmechanismen und eine europ\u00e4ische Perspektive, die Effizienz und Diversifikation f\u00f6rdert. Aufgrund ihrer geringeren Liquidit\u00e4t und des langfristigen Anlagehorizonts sind sie jedoch nicht f\u00fcr alle Anlegertypen geeignet, weshalb eine sorgf\u00e4ltige Bewertung der eigenen Ziele und Bed\u00fcrfnisse vor einer Investition unerl\u00e4sslich ist.  <\/p>\t\t\t\t\t\t\t\t<\/div>\n\t\t\t\t<\/div>\n\t\t\t\t\t<\/div>\n\t\t<\/div>\n\t\t\t\t\t<\/div>\n\t\t<\/section>\n\t\t\t\t<section class=\"elementor-section elementor-top-section elementor-element elementor-element-aa563c5 elementor-section-full_width elementor-section-stretched elementor-section-height-default elementor-section-height-default\" data-id=\"aa563c5\" data-element_type=\"section\" data-e-type=\"section\" data-settings=\"{&quot;stretch_section&quot;:&quot;section-stretched&quot;}\">\n\t\t\t\t\t\t<div class=\"elementor-container elementor-column-gap-default\">\n\t\t\t\t\t<div class=\"elementor-column elementor-col-100 elementor-top-column elementor-element elementor-element-41114ac\" data-id=\"41114ac\" data-element_type=\"column\" data-e-type=\"column\">\n\t\t\t<div class=\"elementor-widget-wrap elementor-element-populated\">\n\t\t\t\t\t\t<div class=\"elementor-element elementor-element-43f7095 elementor-widget elementor-widget-html\" data-id=\"43f7095\" data-element_type=\"widget\" data-e-type=\"widget\" data-widget_type=\"html.default\">\n\t\t\t\t<div class=\"elementor-widget-container\">\n\t\t\t\t\t\r\n        <div class=\"qode-advanced-call-to-action qode-advanced-cta-gradient qode-advanced-cta-gradient-animation\" style=\"height:80px\">\r\n            <a class=\"advanced-cta-link\" href=\"https:\/\/mkt.urbanitae.com\/Urbanitae_suscripcion_newsletter.html?utm_source=blog&amp;utm_medium=link_blog&amp;utm_campaign=suscripcion_blog&amp;utm_content=boton\" target=\"_blank\" onclick=\"dataLayer.push({'event': 'ub_ga4_event', 'ub_ga4_event_name': 'newsletter', 'ub_ga4_event_element': 'aprende'})\"><\/a>\r\n            <div class=\"qode-advanced-cta-content\">\r\n                <span class=\"qode-advanced-cta-text-holder\" style=\"color:#FFFFFF;font-size:25px\">\r\n Abonnieren Sie unseren Newsletter <\/span>\r\n                <span class=\"qode-advanced-cta-icon-holder\" style=\"color:#FFFFFF;font-size:25px\">\r\n                    <span class=\"qode-advanced-cta-icon-holder-table\">\r\n                        <span class=\"qode-advanced-cta-icon-holder-cell\">\r\n                            <i class=\"qode_icon_font_awesome_5 fa5 fa fa-envelope-open-text qode-advanced-cta-icon\"><\/i> <\/span>\r\n                    <\/span>\r\n                <\/span>\r\n            <\/div>\r\n            <div class=\"qode-advanced-cta-background-holder\">\r\n                <span class=\"qode-advanced-cta-background-1 qode-type1-gradient-left-to-right\"><\/span>\r\n                <span class=\"qode-advanced-cta-background-2 qode-type1-gradient-left-to-right\"><\/span>\r\n                <span class=\"qode-advanced-cta-background-3\"><\/span>\r\n            <\/div>\r\n        <\/div>\r\n\t\t\t\t<\/div>\n\t\t\t\t<\/div>\n\t\t\t\t\t<\/div>\n\t\t<\/div>\n\t\t\t\t\t<\/div>\n\t\t<\/section>\n\t\t\t\t<\/div>\n\t\t","protected":false},"excerpt":{"rendered":"<p>Was ist es? Die Europ\u00e4ischen langfristigen Investmentfonds (ELTIFs) sind von der Europ\u00e4ischen Union geschaffene Vehikel, um Kapital in Sektoren zu lenken, die eine nachhaltige Finanzierung ben\u00f6tigen, wie Infrastruktur, erneuerbare Energien, erschwinglicher Wohnraum oder KMU. Sie unterliegen einer speziellen Regulierung, die Investitionen in die Realwirtschaft f\u00f6rdert und gleichzeitig einen starken Anlegerschutz gew\u00e4hrleistet. Ein zentrales Merkmal ist [&hellip;]<\/p>\n","protected":false},"author":20,"featured_media":0,"parent":67878,"menu_order":0,"comment_status":"closed","ping_status":"closed","template":"","meta":{"inline_featured_image":false,"footnotes":""},"class_list":["post-67454","page","type-page","status-publish","hentry"],"yoast_head":"<!-- This site is optimized with the Yoast SEO plugin v27.4 - https:\/\/yoast.com\/product\/yoast-seo-wordpress\/ -->\n<title>FILPE (Europ\u00e4ischer langfristiger Investmentfonds) - Urbanitae Blog<\/title>\n<meta name=\"description\" content=\"bk\u00fcrzung f\u00fcr \u201eFreier Investmentfonds zur Unternehmensf\u00f6rderung Es handelt sich um Investmentfonds, die in Spanien von einer g\u00fcnstigen Besteuerung profitieren und darauf ausgerichtet sind, in wachsende kleine und mittlere Unternehmen zu investieren.\" \/>\n<meta name=\"robots\" content=\"index, follow, max-snippet:-1, max-image-preview:large, max-video-preview:-1\" \/>\n<link rel=\"canonical\" href=\"https:\/\/blog.urbanitae.com\/de\/glossar\/filpe-europaischer-iangfristiger-investmentfonds\/\" \/>\n<meta property=\"og:locale\" content=\"de_DE\" \/>\n<meta property=\"og:type\" content=\"article\" \/>\n<meta property=\"og:title\" content=\"FILPE (Europ\u00e4ischer langfristiger Investmentfonds) - Urbanitae Blog\" \/>\n<meta property=\"og:description\" content=\"bk\u00fcrzung f\u00fcr \u201eFreier Investmentfonds zur Unternehmensf\u00f6rderung Es handelt sich um Investmentfonds, die in Spanien von einer g\u00fcnstigen Besteuerung profitieren und darauf ausgerichtet sind, in wachsende kleine und mittlere Unternehmen zu investieren.\" \/>\n<meta property=\"og:url\" content=\"https:\/\/blog.urbanitae.com\/de\/glossar\/filpe-europaischer-iangfristiger-investmentfonds\/\" \/>\n<meta property=\"og:site_name\" content=\"Urbanitae Blog | Las mejores noticias sobre inversi\u00f3n inmobiliaria\" \/>\n<meta property=\"article:publisher\" content=\"https:\/\/www.facebook.com\/urbanitae\" \/>\n<meta property=\"article:modified_time\" content=\"2025-09-09T10:30:05+00:00\" \/>\n<meta name=\"twitter:card\" content=\"summary_large_image\" \/>\n<meta name=\"twitter:site\" content=\"@urbanitae\" \/>\n<meta name=\"twitter:label1\" content=\"Gesch\u00e4tzte Lesezeit\" \/>\n\t<meta name=\"twitter:data1\" content=\"2\u00a0Minuten\" \/>\n<script type=\"application\/ld+json\" class=\"yoast-schema-graph\">{\"@context\":\"https:\\\/\\\/schema.org\",\"@graph\":[{\"@type\":\"WebPage\",\"@id\":\"https:\\\/\\\/blog.urbanitae.com\\\/de\\\/glossar\\\/filpe-europaischer-iangfristiger-investmentfonds\\\/\",\"url\":\"https:\\\/\\\/blog.urbanitae.com\\\/de\\\/glossar\\\/filpe-europaischer-iangfristiger-investmentfonds\\\/\",\"name\":\"FILPE (Europ\u00e4ischer langfristiger Investmentfonds) - Urbanitae Blog\",\"isPartOf\":{\"@id\":\"https:\\\/\\\/blog.urbanitae.com\\\/de\\\/#website\"},\"datePublished\":\"2025-04-15T11:04:47+00:00\",\"dateModified\":\"2025-09-09T10:30:05+00:00\",\"description\":\"bk\u00fcrzung f\u00fcr \u201eFreier Investmentfonds zur Unternehmensf\u00f6rderung Es handelt sich um Investmentfonds, die in Spanien von einer g\u00fcnstigen Besteuerung profitieren und darauf ausgerichtet sind, in wachsende kleine und mittlere Unternehmen zu investieren.\",\"breadcrumb\":{\"@id\":\"https:\\\/\\\/blog.urbanitae.com\\\/de\\\/glossar\\\/filpe-europaischer-iangfristiger-investmentfonds\\\/#breadcrumb\"},\"inLanguage\":\"de\",\"potentialAction\":[{\"@type\":\"ReadAction\",\"target\":[\"https:\\\/\\\/blog.urbanitae.com\\\/de\\\/glossar\\\/filpe-europaischer-iangfristiger-investmentfonds\\\/\"]}]},{\"@type\":\"BreadcrumbList\",\"@id\":\"https:\\\/\\\/blog.urbanitae.com\\\/de\\\/glossar\\\/filpe-europaischer-iangfristiger-investmentfonds\\\/#breadcrumb\",\"itemListElement\":[{\"@type\":\"ListItem\",\"position\":1,\"name\":\"Portada\",\"item\":\"https:\\\/\\\/blog.urbanitae.com\\\/de\\\/\"},{\"@type\":\"ListItem\",\"position\":2,\"name\":\"Glossar\",\"item\":\"https:\\\/\\\/blog.urbanitae.com\\\/de\\\/glossar\\\/\"},{\"@type\":\"ListItem\",\"position\":3,\"name\":\"FILPE (Europ\u00e4ischer langfristiger Investmentfonds)\"}]},{\"@type\":\"WebSite\",\"@id\":\"https:\\\/\\\/blog.urbanitae.com\\\/de\\\/#website\",\"url\":\"https:\\\/\\\/blog.urbanitae.com\\\/de\\\/\",\"name\":\"Urbanitae Blog | Las mejores noticias sobre inversi\u00f3n inmobiliaria\",\"description\":\"Inversi\u00f3n inmobiliaria al alcance de todos\",\"publisher\":{\"@id\":\"https:\\\/\\\/blog.urbanitae.com\\\/de\\\/#organization\"},\"potentialAction\":[{\"@type\":\"SearchAction\",\"target\":{\"@type\":\"EntryPoint\",\"urlTemplate\":\"https:\\\/\\\/blog.urbanitae.com\\\/de\\\/?s={search_term_string}\"},\"query-input\":{\"@type\":\"PropertyValueSpecification\",\"valueRequired\":true,\"valueName\":\"search_term_string\"}}],\"inLanguage\":\"de\"},{\"@type\":\"Organization\",\"@id\":\"https:\\\/\\\/blog.urbanitae.com\\\/de\\\/#organization\",\"name\":\"Urbanitae\",\"url\":\"https:\\\/\\\/blog.urbanitae.com\\\/de\\\/\",\"logo\":{\"@type\":\"ImageObject\",\"inLanguage\":\"de\",\"@id\":\"https:\\\/\\\/blog.urbanitae.com\\\/de\\\/#\\\/schema\\\/logo\\\/image\\\/\",\"url\":\"https:\\\/\\\/blog.urbanitae.com\\\/wp-content\\\/uploads\\\/2020\\\/04\\\/logo-verde_350x100.svg\",\"contentUrl\":\"https:\\\/\\\/blog.urbanitae.com\\\/wp-content\\\/uploads\\\/2020\\\/04\\\/logo-verde_350x100.svg\",\"width\":350,\"height\":100,\"caption\":\"Urbanitae\"},\"image\":{\"@id\":\"https:\\\/\\\/blog.urbanitae.com\\\/de\\\/#\\\/schema\\\/logo\\\/image\\\/\"},\"sameAs\":[\"https:\\\/\\\/www.facebook.com\\\/urbanitae\",\"https:\\\/\\\/x.com\\\/urbanitae\",\"https:\\\/\\\/www.instagram.com\\\/urbanitae\",\"https:\\\/\\\/www.linkedin.com\\\/company\\\/urbanitae\",\"https:\\\/\\\/www.pinterest.es\\\/UrbanitaeSL\\\/_created\\\/\",\"https:\\\/\\\/www.youtube.com\\\/c\\\/Urbanitae_RE\"]}]}<\/script>\n<!-- \/ Yoast SEO plugin. -->","yoast_head_json":{"title":"FILPE (Europ\u00e4ischer langfristiger Investmentfonds) - Urbanitae Blog","description":"bk\u00fcrzung f\u00fcr \u201eFreier Investmentfonds zur Unternehmensf\u00f6rderung Es handelt sich um Investmentfonds, die in Spanien von einer g\u00fcnstigen Besteuerung profitieren und darauf ausgerichtet sind, in wachsende kleine und mittlere Unternehmen zu investieren.","robots":{"index":"index","follow":"follow","max-snippet":"max-snippet:-1","max-image-preview":"max-image-preview:large","max-video-preview":"max-video-preview:-1"},"canonical":"https:\/\/blog.urbanitae.com\/de\/glossar\/filpe-europaischer-iangfristiger-investmentfonds\/","og_locale":"de_DE","og_type":"article","og_title":"FILPE (Europ\u00e4ischer langfristiger Investmentfonds) - Urbanitae Blog","og_description":"bk\u00fcrzung f\u00fcr \u201eFreier Investmentfonds zur Unternehmensf\u00f6rderung Es handelt sich um Investmentfonds, die in Spanien von einer g\u00fcnstigen Besteuerung profitieren und darauf ausgerichtet sind, in wachsende kleine und mittlere Unternehmen zu investieren.","og_url":"https:\/\/blog.urbanitae.com\/de\/glossar\/filpe-europaischer-iangfristiger-investmentfonds\/","og_site_name":"Urbanitae Blog | Las mejores noticias sobre inversi\u00f3n inmobiliaria","article_publisher":"https:\/\/www.facebook.com\/urbanitae","article_modified_time":"2025-09-09T10:30:05+00:00","twitter_card":"summary_large_image","twitter_site":"@urbanitae","twitter_misc":{"Gesch\u00e4tzte Lesezeit":"2\u00a0Minuten"},"schema":{"@context":"https:\/\/schema.org","@graph":[{"@type":"WebPage","@id":"https:\/\/blog.urbanitae.com\/de\/glossar\/filpe-europaischer-iangfristiger-investmentfonds\/","url":"https:\/\/blog.urbanitae.com\/de\/glossar\/filpe-europaischer-iangfristiger-investmentfonds\/","name":"FILPE (Europ\u00e4ischer langfristiger Investmentfonds) - Urbanitae Blog","isPartOf":{"@id":"https:\/\/blog.urbanitae.com\/de\/#website"},"datePublished":"2025-04-15T11:04:47+00:00","dateModified":"2025-09-09T10:30:05+00:00","description":"bk\u00fcrzung f\u00fcr \u201eFreier Investmentfonds zur Unternehmensf\u00f6rderung Es handelt sich um Investmentfonds, die in Spanien von einer g\u00fcnstigen Besteuerung profitieren und darauf ausgerichtet sind, in wachsende kleine und mittlere Unternehmen zu investieren.","breadcrumb":{"@id":"https:\/\/blog.urbanitae.com\/de\/glossar\/filpe-europaischer-iangfristiger-investmentfonds\/#breadcrumb"},"inLanguage":"de","potentialAction":[{"@type":"ReadAction","target":["https:\/\/blog.urbanitae.com\/de\/glossar\/filpe-europaischer-iangfristiger-investmentfonds\/"]}]},{"@type":"BreadcrumbList","@id":"https:\/\/blog.urbanitae.com\/de\/glossar\/filpe-europaischer-iangfristiger-investmentfonds\/#breadcrumb","itemListElement":[{"@type":"ListItem","position":1,"name":"Portada","item":"https:\/\/blog.urbanitae.com\/de\/"},{"@type":"ListItem","position":2,"name":"Glossar","item":"https:\/\/blog.urbanitae.com\/de\/glossar\/"},{"@type":"ListItem","position":3,"name":"FILPE (Europ\u00e4ischer langfristiger Investmentfonds)"}]},{"@type":"WebSite","@id":"https:\/\/blog.urbanitae.com\/de\/#website","url":"https:\/\/blog.urbanitae.com\/de\/","name":"Urbanitae Blog | Las mejores noticias sobre inversi\u00f3n inmobiliaria","description":"Inversi\u00f3n inmobiliaria al alcance de todos","publisher":{"@id":"https:\/\/blog.urbanitae.com\/de\/#organization"},"potentialAction":[{"@type":"SearchAction","target":{"@type":"EntryPoint","urlTemplate":"https:\/\/blog.urbanitae.com\/de\/?s={search_term_string}"},"query-input":{"@type":"PropertyValueSpecification","valueRequired":true,"valueName":"search_term_string"}}],"inLanguage":"de"},{"@type":"Organization","@id":"https:\/\/blog.urbanitae.com\/de\/#organization","name":"Urbanitae","url":"https:\/\/blog.urbanitae.com\/de\/","logo":{"@type":"ImageObject","inLanguage":"de","@id":"https:\/\/blog.urbanitae.com\/de\/#\/schema\/logo\/image\/","url":"https:\/\/blog.urbanitae.com\/wp-content\/uploads\/2020\/04\/logo-verde_350x100.svg","contentUrl":"https:\/\/blog.urbanitae.com\/wp-content\/uploads\/2020\/04\/logo-verde_350x100.svg","width":350,"height":100,"caption":"Urbanitae"},"image":{"@id":"https:\/\/blog.urbanitae.com\/de\/#\/schema\/logo\/image\/"},"sameAs":["https:\/\/www.facebook.com\/urbanitae","https:\/\/x.com\/urbanitae","https:\/\/www.instagram.com\/urbanitae","https:\/\/www.linkedin.com\/company\/urbanitae","https:\/\/www.pinterest.es\/UrbanitaeSL\/_created\/","https:\/\/www.youtube.com\/c\/Urbanitae_RE"]}]}},"_links":{"self":[{"href":"https:\/\/blog.urbanitae.com\/de\/wp-json\/wp\/v2\/pages\/67454","targetHints":{"allow":["GET"]}}],"collection":[{"href":"https:\/\/blog.urbanitae.com\/de\/wp-json\/wp\/v2\/pages"}],"about":[{"href":"https:\/\/blog.urbanitae.com\/de\/wp-json\/wp\/v2\/types\/page"}],"author":[{"embeddable":true,"href":"https:\/\/blog.urbanitae.com\/de\/wp-json\/wp\/v2\/users\/20"}],"replies":[{"embeddable":true,"href":"https:\/\/blog.urbanitae.com\/de\/wp-json\/wp\/v2\/comments?post=67454"}],"version-history":[{"count":2,"href":"https:\/\/blog.urbanitae.com\/de\/wp-json\/wp\/v2\/pages\/67454\/revisions"}],"predecessor-version":[{"id":69183,"href":"https:\/\/blog.urbanitae.com\/de\/wp-json\/wp\/v2\/pages\/67454\/revisions\/69183"}],"up":[{"embeddable":true,"href":"https:\/\/blog.urbanitae.com\/de\/wp-json\/wp\/v2\/pages\/67878"}],"wp:attachment":[{"href":"https:\/\/blog.urbanitae.com\/de\/wp-json\/wp\/v2\/media?parent=67454"}],"curies":[{"name":"wp","href":"https:\/\/api.w.org\/{rel}","templated":true}]}}