{"id":67448,"date":"2025-04-15T12:51:56","date_gmt":"2025-04-15T10:51:56","guid":{"rendered":"https:\/\/blog.urbanitae.com\/etf\/"},"modified":"2025-08-13T09:17:32","modified_gmt":"2025-08-13T07:17:32","slug":"etf","status":"publish","type":"page","link":"https:\/\/blog.urbanitae.com\/de\/glossar\/etf\/","title":{"rendered":"ETF"},"content":{"rendered":"\t\t<div data-elementor-type=\"wp-page\" data-elementor-id=\"67448\" class=\"elementor elementor-67448 elementor-59917\">\n\t\t\t\t\t\t<section class=\"elementor-section elementor-top-section elementor-element elementor-element-d86d887 elementor-section-boxed elementor-section-height-default elementor-section-height-default\" data-id=\"d86d887\" data-element_type=\"section\" data-e-type=\"section\">\n\t\t\t\t\t\t<div class=\"elementor-container elementor-column-gap-default\">\n\t\t\t\t\t<div class=\"elementor-column elementor-col-100 elementor-top-column elementor-element elementor-element-8b49ddd\" data-id=\"8b49ddd\" data-element_type=\"column\" data-e-type=\"column\">\n\t\t\t<div class=\"elementor-widget-wrap elementor-element-populated\">\n\t\t\t\t\t\t<div class=\"elementor-element elementor-element-083b30b elementor-widget__width-initial elementor-widget elementor-widget-text-editor\" data-id=\"083b30b\" data-element_type=\"widget\" data-e-type=\"widget\" data-widget_type=\"text-editor.default\">\n\t\t\t\t<div class=\"elementor-widget-container\">\n\t\t\t\t\t\t\t\t\t<h3>Was sind sie?<\/h3><p style=\"color: #212121; font-family: Roboto, sans-serif; font-size: 16px;\">Ein ETF (Exchange Traded Fund) ist ein b\u00f6rsengehandelter Investmentfonds, der einen Index oder einen Korb von zugrunde liegenden Verm\u00f6genswerten abbildet. Diese Fonds werden am Sekund\u00e4rmarkt gehandelt, was es den Anlegern erm\u00f6glicht, sie w\u00e4hrend der Handelszeiten \u00e4hnlich wie Aktien zu kaufen und zu verkaufen. <\/p><p style=\"color: #212121; font-family: Roboto, sans-serif; font-size: 16px;\">ETFs bieten eine effiziente M\u00f6glichkeit, ein Engagement in eine Vielzahl von M\u00e4rkten, Sektoren oder Verm\u00f6genswerten zu erhalten, ohne jeden einzelnen der im Fonds enthaltenen Verm\u00f6genswerte direkt kaufen zu m\u00fcssen. Dies erm\u00f6glicht es Anlegern, ihre Portfolios auf einfache Weise und mit relativ geringen Kosten zu diversifizieren, da ETFs in der Regel niedrigere Geb\u00fchren als traditionelle Investmentfonds haben. <\/p>\t\t\t\t\t\t\t\t<\/div>\n\t\t\t\t<\/div>\n\t\t\t\t<div class=\"elementor-element elementor-element-11c28c4 elementor-widget__width-initial elementor-widget elementor-widget-text-editor\" data-id=\"11c28c4\" data-element_type=\"widget\" data-e-type=\"widget\" data-widget_type=\"text-editor.default\">\n\t\t\t\t<div class=\"elementor-widget-container\">\n\t\t\t\t\t\t\t\t\t<h3>Wichtige Aspekte, die zu ber\u00fccksichtigen sind<\/h3><p style=\"color: #212121; font-family: Roboto, sans-serif; font-size: 16px;\">ETFs k\u00f6nnen eine breite Palette von Verm\u00f6genswerten abbilden, darunter:<\/p><ul><li style=\"color: #212121; font-family: Roboto, sans-serif; font-size: 16px;\"><strong>Marktindizes:<\/strong> Wie der S&amp;P 500 oder der Nasdaq, die es Anlegern erm\u00f6glichen, die Entwicklung gro\u00dfer Segmente des Aktienmarktes zu verfolgen.<\/li><li style=\"color: #212121; font-family: Roboto, sans-serif; font-size: 16px;\"><strong>Spezifische Sektoren: <\/strong>Wie Technologie, Gesundheit, Energie oder Immobilien, die Zugang zu wachstumsstarken Branchen bieten.<\/li><li style=\"color: #212121; font-family: Roboto, sans-serif; font-size: 16px;\"><strong>Festverzinsliche Wertpapiere und alternative Anlagen: <\/strong>Einige ETFs sind darauf ausgelegt, in Anleihen, Rohstoffe oder komplexere Verm\u00f6genswerte zu investieren und bieten somit mehr M\u00f6glichkeiten zur Diversifizierung.<\/li><\/ul><p style=\"color: #212121; font-family: Roboto, sans-serif; font-size: 16px;\">Einer der Vorteile von ETFs ist ihre Liquidit\u00e4t. Da sie an der B\u00f6rse gehandelt werden, k\u00f6nnen Anleger sie in Echtzeit w\u00e4hrend der Handelszeiten kaufen und verkaufen, was ihnen Flexibilit\u00e4t bietet. Au\u00dferdem sind ETFs transparente Instrumente, da die zugrunde liegenden Verm\u00f6genswerte den Anlegern in der Regel jederzeit zug\u00e4nglich sind.  <\/p>\t\t\t\t\t\t\t\t<\/div>\n\t\t\t\t<\/div>\n\t\t\t\t\t<\/div>\n\t\t<\/div>\n\t\t\t\t\t<\/div>\n\t\t<\/section>\n\t\t\t\t<section class=\"elementor-section elementor-top-section elementor-element elementor-element-aa563c5 elementor-section-full_width elementor-section-stretched elementor-section-height-default elementor-section-height-default\" data-id=\"aa563c5\" data-element_type=\"section\" data-e-type=\"section\" data-settings=\"{&quot;stretch_section&quot;:&quot;section-stretched&quot;}\">\n\t\t\t\t\t\t<div class=\"elementor-container elementor-column-gap-default\">\n\t\t\t\t\t<div class=\"elementor-column elementor-col-100 elementor-top-column elementor-element elementor-element-41114ac\" data-id=\"41114ac\" data-element_type=\"column\" data-e-type=\"column\">\n\t\t\t<div class=\"elementor-widget-wrap elementor-element-populated\">\n\t\t\t\t\t\t<div class=\"elementor-element elementor-element-43f7095 elementor-widget elementor-widget-html\" data-id=\"43f7095\" data-element_type=\"widget\" data-e-type=\"widget\" data-widget_type=\"html.default\">\n\t\t\t\t<div class=\"elementor-widget-container\">\n\t\t\t\t\t\r\n        <div class=\"qode-advanced-call-to-action qode-advanced-cta-gradient qode-advanced-cta-gradient-animation\" style=\"height:80px\">\r\n            <a class=\"advanced-cta-link\" href=\"https:\/\/mkt.urbanitae.com\/Urbanitae_suscripcion_newsletter.html?utm_source=blog&amp;utm_medium=link_blog&amp;utm_campaign=suscripcion_blog&amp;utm_content=boton\" target=\"_blank\" onclick=\"dataLayer.push({'event': 'ub_ga4_event', 'ub_ga4_event_name': 'newsletter', 'ub_ga4_event_element': 'aprende'})\"><\/a>\r\n            <div class=\"qode-advanced-cta-content\">\r\n                <span class=\"qode-advanced-cta-text-holder\" style=\"color:#FFFFFF;font-size:25px\">\r\n Abonnieren Sie unseren Newsletter <\/span>\r\n                <span class=\"qode-advanced-cta-icon-holder\" style=\"color:#FFFFFF;font-size:25px\">\r\n                    <span class=\"qode-advanced-cta-icon-holder-table\">\r\n                        <span class=\"qode-advanced-cta-icon-holder-cell\">\r\n                            <i class=\"qode_icon_font_awesome_5 fa5 fa fa-envelope-open-text qode-advanced-cta-icon\"><\/i> <\/span>\r\n                    <\/span>\r\n                <\/span>\r\n            <\/div>\r\n            <div class=\"qode-advanced-cta-background-holder\">\r\n                <span class=\"qode-advanced-cta-background-1 qode-type1-gradient-left-to-right\"><\/span>\r\n                <span class=\"qode-advanced-cta-background-2 qode-type1-gradient-left-to-right\"><\/span>\r\n                <span class=\"qode-advanced-cta-background-3\"><\/span>\r\n            <\/div>\r\n        <\/div>\r\n\t\t\t\t<\/div>\n\t\t\t\t<\/div>\n\t\t\t\t\t<\/div>\n\t\t<\/div>\n\t\t\t\t\t<\/div>\n\t\t<\/section>\n\t\t\t\t<\/div>\n\t\t","protected":false},"excerpt":{"rendered":"<p>Was sind sie? Ein ETF (Exchange Traded Fund) ist ein b\u00f6rsengehandelter Investmentfonds, der einen Index oder einen Korb von zugrunde liegenden Verm\u00f6genswerten abbildet. Diese Fonds werden am Sekund\u00e4rmarkt gehandelt, was es den Anlegern erm\u00f6glicht, sie w\u00e4hrend der Handelszeiten \u00e4hnlich wie Aktien zu kaufen und zu verkaufen. ETFs bieten eine effiziente M\u00f6glichkeit, ein Engagement in eine [&hellip;]<\/p>\n","protected":false},"author":4,"featured_media":0,"parent":67878,"menu_order":0,"comment_status":"closed","ping_status":"closed","template":"","meta":{"inline_featured_image":false,"footnotes":""},"class_list":["post-67448","page","type-page","status-publish","hentry"],"yoast_head":"<!-- This site is optimized with the Yoast SEO plugin v27.4 - https:\/\/yoast.com\/product\/yoast-seo-wordpress\/ -->\n<title>ETF - Urbanitae Blog<\/title>\n<meta name=\"description\" content=\"Ein ETF (b\u00f6rsengehandelter Fonds) ist ein Investmentfonds, der einem Index oder einem Korb zugrunde liegender Verm\u00f6genswerte folgt.\" \/>\n<meta name=\"robots\" content=\"index, follow, max-snippet:-1, max-image-preview:large, max-video-preview:-1\" \/>\n<link rel=\"canonical\" href=\"https:\/\/blog.urbanitae.com\/de\/glossar\/etf\/\" \/>\n<meta property=\"og:locale\" content=\"de_DE\" \/>\n<meta property=\"og:type\" content=\"article\" \/>\n<meta property=\"og:title\" content=\"ETF - Urbanitae Blog\" \/>\n<meta property=\"og:description\" content=\"Ein ETF (b\u00f6rsengehandelter Fonds) ist ein Investmentfonds, der einem Index oder einem Korb zugrunde liegender Verm\u00f6genswerte folgt.\" \/>\n<meta property=\"og:url\" content=\"https:\/\/blog.urbanitae.com\/de\/glossar\/etf\/\" \/>\n<meta property=\"og:site_name\" content=\"Urbanitae Blog | Las mejores noticias sobre inversi\u00f3n inmobiliaria\" \/>\n<meta property=\"article:publisher\" content=\"https:\/\/www.facebook.com\/urbanitae\" \/>\n<meta property=\"article:modified_time\" content=\"2025-08-13T07:17:32+00:00\" \/>\n<meta name=\"twitter:card\" content=\"summary_large_image\" \/>\n<meta name=\"twitter:site\" content=\"@urbanitae\" \/>\n<meta name=\"twitter:label1\" content=\"Gesch\u00e4tzte Lesezeit\" \/>\n\t<meta name=\"twitter:data1\" content=\"1\u00a0Minute\" \/>\n<script type=\"application\/ld+json\" class=\"yoast-schema-graph\">{\"@context\":\"https:\\\/\\\/schema.org\",\"@graph\":[{\"@type\":\"WebPage\",\"@id\":\"https:\\\/\\\/blog.urbanitae.com\\\/de\\\/glossar\\\/etf\\\/\",\"url\":\"https:\\\/\\\/blog.urbanitae.com\\\/de\\\/glossar\\\/etf\\\/\",\"name\":\"ETF - Urbanitae Blog\",\"isPartOf\":{\"@id\":\"https:\\\/\\\/blog.urbanitae.com\\\/de\\\/#website\"},\"datePublished\":\"2025-04-15T10:51:56+00:00\",\"dateModified\":\"2025-08-13T07:17:32+00:00\",\"description\":\"Ein ETF (b\u00f6rsengehandelter Fonds) ist ein Investmentfonds, der einem Index oder einem Korb zugrunde liegender Verm\u00f6genswerte folgt.\",\"breadcrumb\":{\"@id\":\"https:\\\/\\\/blog.urbanitae.com\\\/de\\\/glossar\\\/etf\\\/#breadcrumb\"},\"inLanguage\":\"de\",\"potentialAction\":[{\"@type\":\"ReadAction\",\"target\":[\"https:\\\/\\\/blog.urbanitae.com\\\/de\\\/glossar\\\/etf\\\/\"]}]},{\"@type\":\"BreadcrumbList\",\"@id\":\"https:\\\/\\\/blog.urbanitae.com\\\/de\\\/glossar\\\/etf\\\/#breadcrumb\",\"itemListElement\":[{\"@type\":\"ListItem\",\"position\":1,\"name\":\"Portada\",\"item\":\"https:\\\/\\\/blog.urbanitae.com\\\/de\\\/\"},{\"@type\":\"ListItem\",\"position\":2,\"name\":\"Glossar\",\"item\":\"https:\\\/\\\/blog.urbanitae.com\\\/de\\\/glossar\\\/\"},{\"@type\":\"ListItem\",\"position\":3,\"name\":\"ETF\"}]},{\"@type\":\"WebSite\",\"@id\":\"https:\\\/\\\/blog.urbanitae.com\\\/de\\\/#website\",\"url\":\"https:\\\/\\\/blog.urbanitae.com\\\/de\\\/\",\"name\":\"Urbanitae Blog | Las mejores noticias sobre inversi\u00f3n inmobiliaria\",\"description\":\"Inversi\u00f3n inmobiliaria al alcance de todos\",\"publisher\":{\"@id\":\"https:\\\/\\\/blog.urbanitae.com\\\/de\\\/#organization\"},\"potentialAction\":[{\"@type\":\"SearchAction\",\"target\":{\"@type\":\"EntryPoint\",\"urlTemplate\":\"https:\\\/\\\/blog.urbanitae.com\\\/de\\\/?s={search_term_string}\"},\"query-input\":{\"@type\":\"PropertyValueSpecification\",\"valueRequired\":true,\"valueName\":\"search_term_string\"}}],\"inLanguage\":\"de\"},{\"@type\":\"Organization\",\"@id\":\"https:\\\/\\\/blog.urbanitae.com\\\/de\\\/#organization\",\"name\":\"Urbanitae\",\"url\":\"https:\\\/\\\/blog.urbanitae.com\\\/de\\\/\",\"logo\":{\"@type\":\"ImageObject\",\"inLanguage\":\"de\",\"@id\":\"https:\\\/\\\/blog.urbanitae.com\\\/de\\\/#\\\/schema\\\/logo\\\/image\\\/\",\"url\":\"https:\\\/\\\/blog.urbanitae.com\\\/wp-content\\\/uploads\\\/2020\\\/04\\\/logo-verde_350x100.svg\",\"contentUrl\":\"https:\\\/\\\/blog.urbanitae.com\\\/wp-content\\\/uploads\\\/2020\\\/04\\\/logo-verde_350x100.svg\",\"width\":350,\"height\":100,\"caption\":\"Urbanitae\"},\"image\":{\"@id\":\"https:\\\/\\\/blog.urbanitae.com\\\/de\\\/#\\\/schema\\\/logo\\\/image\\\/\"},\"sameAs\":[\"https:\\\/\\\/www.facebook.com\\\/urbanitae\",\"https:\\\/\\\/x.com\\\/urbanitae\",\"https:\\\/\\\/www.instagram.com\\\/urbanitae\",\"https:\\\/\\\/www.linkedin.com\\\/company\\\/urbanitae\",\"https:\\\/\\\/www.pinterest.es\\\/UrbanitaeSL\\\/_created\\\/\",\"https:\\\/\\\/www.youtube.com\\\/c\\\/Urbanitae_RE\"]}]}<\/script>\n<!-- \/ Yoast SEO plugin. -->","yoast_head_json":{"title":"ETF - Urbanitae Blog","description":"Ein ETF (b\u00f6rsengehandelter Fonds) ist ein Investmentfonds, der einem Index oder einem Korb zugrunde liegender Verm\u00f6genswerte folgt.","robots":{"index":"index","follow":"follow","max-snippet":"max-snippet:-1","max-image-preview":"max-image-preview:large","max-video-preview":"max-video-preview:-1"},"canonical":"https:\/\/blog.urbanitae.com\/de\/glossar\/etf\/","og_locale":"de_DE","og_type":"article","og_title":"ETF - Urbanitae Blog","og_description":"Ein ETF (b\u00f6rsengehandelter Fonds) ist ein Investmentfonds, der einem Index oder einem Korb zugrunde liegender Verm\u00f6genswerte folgt.","og_url":"https:\/\/blog.urbanitae.com\/de\/glossar\/etf\/","og_site_name":"Urbanitae Blog | Las mejores noticias sobre inversi\u00f3n inmobiliaria","article_publisher":"https:\/\/www.facebook.com\/urbanitae","article_modified_time":"2025-08-13T07:17:32+00:00","twitter_card":"summary_large_image","twitter_site":"@urbanitae","twitter_misc":{"Gesch\u00e4tzte Lesezeit":"1\u00a0Minute"},"schema":{"@context":"https:\/\/schema.org","@graph":[{"@type":"WebPage","@id":"https:\/\/blog.urbanitae.com\/de\/glossar\/etf\/","url":"https:\/\/blog.urbanitae.com\/de\/glossar\/etf\/","name":"ETF - Urbanitae Blog","isPartOf":{"@id":"https:\/\/blog.urbanitae.com\/de\/#website"},"datePublished":"2025-04-15T10:51:56+00:00","dateModified":"2025-08-13T07:17:32+00:00","description":"Ein ETF (b\u00f6rsengehandelter Fonds) ist ein Investmentfonds, der einem Index oder einem Korb zugrunde liegender Verm\u00f6genswerte folgt.","breadcrumb":{"@id":"https:\/\/blog.urbanitae.com\/de\/glossar\/etf\/#breadcrumb"},"inLanguage":"de","potentialAction":[{"@type":"ReadAction","target":["https:\/\/blog.urbanitae.com\/de\/glossar\/etf\/"]}]},{"@type":"BreadcrumbList","@id":"https:\/\/blog.urbanitae.com\/de\/glossar\/etf\/#breadcrumb","itemListElement":[{"@type":"ListItem","position":1,"name":"Portada","item":"https:\/\/blog.urbanitae.com\/de\/"},{"@type":"ListItem","position":2,"name":"Glossar","item":"https:\/\/blog.urbanitae.com\/de\/glossar\/"},{"@type":"ListItem","position":3,"name":"ETF"}]},{"@type":"WebSite","@id":"https:\/\/blog.urbanitae.com\/de\/#website","url":"https:\/\/blog.urbanitae.com\/de\/","name":"Urbanitae Blog | Las mejores noticias sobre inversi\u00f3n inmobiliaria","description":"Inversi\u00f3n inmobiliaria al alcance de todos","publisher":{"@id":"https:\/\/blog.urbanitae.com\/de\/#organization"},"potentialAction":[{"@type":"SearchAction","target":{"@type":"EntryPoint","urlTemplate":"https:\/\/blog.urbanitae.com\/de\/?s={search_term_string}"},"query-input":{"@type":"PropertyValueSpecification","valueRequired":true,"valueName":"search_term_string"}}],"inLanguage":"de"},{"@type":"Organization","@id":"https:\/\/blog.urbanitae.com\/de\/#organization","name":"Urbanitae","url":"https:\/\/blog.urbanitae.com\/de\/","logo":{"@type":"ImageObject","inLanguage":"de","@id":"https:\/\/blog.urbanitae.com\/de\/#\/schema\/logo\/image\/","url":"https:\/\/blog.urbanitae.com\/wp-content\/uploads\/2020\/04\/logo-verde_350x100.svg","contentUrl":"https:\/\/blog.urbanitae.com\/wp-content\/uploads\/2020\/04\/logo-verde_350x100.svg","width":350,"height":100,"caption":"Urbanitae"},"image":{"@id":"https:\/\/blog.urbanitae.com\/de\/#\/schema\/logo\/image\/"},"sameAs":["https:\/\/www.facebook.com\/urbanitae","https:\/\/x.com\/urbanitae","https:\/\/www.instagram.com\/urbanitae","https:\/\/www.linkedin.com\/company\/urbanitae","https:\/\/www.pinterest.es\/UrbanitaeSL\/_created\/","https:\/\/www.youtube.com\/c\/Urbanitae_RE"]}]}},"_links":{"self":[{"href":"https:\/\/blog.urbanitae.com\/de\/wp-json\/wp\/v2\/pages\/67448","targetHints":{"allow":["GET"]}}],"collection":[{"href":"https:\/\/blog.urbanitae.com\/de\/wp-json\/wp\/v2\/pages"}],"about":[{"href":"https:\/\/blog.urbanitae.com\/de\/wp-json\/wp\/v2\/types\/page"}],"author":[{"embeddable":true,"href":"https:\/\/blog.urbanitae.com\/de\/wp-json\/wp\/v2\/users\/4"}],"replies":[{"embeddable":true,"href":"https:\/\/blog.urbanitae.com\/de\/wp-json\/wp\/v2\/comments?post=67448"}],"version-history":[{"count":1,"href":"https:\/\/blog.urbanitae.com\/de\/wp-json\/wp\/v2\/pages\/67448\/revisions"}],"predecessor-version":[{"id":67449,"href":"https:\/\/blog.urbanitae.com\/de\/wp-json\/wp\/v2\/pages\/67448\/revisions\/67449"}],"up":[{"embeddable":true,"href":"https:\/\/blog.urbanitae.com\/de\/wp-json\/wp\/v2\/pages\/67878"}],"wp:attachment":[{"href":"https:\/\/blog.urbanitae.com\/de\/wp-json\/wp\/v2\/media?parent=67448"}],"curies":[{"name":"wp","href":"https:\/\/api.w.org\/{rel}","templated":true}]}}