{"id":67298,"date":"2025-02-12T11:38:21","date_gmt":"2025-02-12T10:38:21","guid":{"rendered":"https:\/\/blog.urbanitae.com\/ausschuettung\/"},"modified":"2025-09-03T17:46:19","modified_gmt":"2025-09-03T15:46:19","slug":"ausschuettung","status":"publish","type":"page","link":"https:\/\/blog.urbanitae.com\/de\/glossar\/ausschuettung\/","title":{"rendered":"Aussch\u00fcttung"},"content":{"rendered":"\t\t<div data-elementor-type=\"wp-page\" data-elementor-id=\"67298\" class=\"elementor elementor-67298 elementor-56229\">\n\t\t\t\t\t\t<section class=\"elementor-section elementor-top-section elementor-element elementor-element-d86d887 elementor-section-boxed elementor-section-height-default elementor-section-height-default\" data-id=\"d86d887\" data-element_type=\"section\" data-e-type=\"section\">\n\t\t\t\t\t\t<div class=\"elementor-container elementor-column-gap-default\">\n\t\t\t\t\t<div class=\"elementor-column elementor-col-100 elementor-top-column elementor-element elementor-element-8b49ddd\" data-id=\"8b49ddd\" data-element_type=\"column\" data-e-type=\"column\">\n\t\t\t<div class=\"elementor-widget-wrap elementor-element-populated\">\n\t\t\t\t\t\t<div class=\"elementor-element elementor-element-083b30b elementor-widget__width-initial elementor-widget elementor-widget-text-editor\" data-id=\"083b30b\" data-element_type=\"widget\" data-e-type=\"widget\" data-widget_type=\"text-editor.default\">\n\t\t\t\t<div class=\"elementor-widget-container\">\n\t\t\t\t\t\t\t\t\t<h3>Was ist es?<\/h3><p style=\"color: #212121; font-family: Roboto, sans-serif; font-size: 16px;\">Im Bereich der Immobilieninvestitionen bezieht sich die Aussch\u00fcttung auf die regelm\u00e4\u00dfigen Zahlungen, die Investoren als Teil der Ertr\u00e4ge aus einem Immobilienprojekt erhalten. Diese Zahlungen k\u00f6nnen aus Mieten, Verk\u00e4ufen oder erzielten Gewinnen stammen.<\/p><p style=\"color: #212121; font-family: Roboto, sans-serif; font-size: 16px;\">Die Aussch\u00fcttung ist eine zentrale Praxis zur Aufrechterhaltung des Vertrauens der Investoren, da sie die greifbare Rendite ihrer Investition darstellt. Je nach Investitionsmodell k\u00f6nnen Aussch\u00fcttungen regelm\u00e4\u00dfig erfolgen \u2013 etwa monatlich oder viertelj\u00e4hrlich \u2013 oder am Ende des Projekts, wenn der Gesamtertrag erzielt wird. <\/p>\t\t\t\t\t\t\t\t<\/div>\n\t\t\t\t<\/div>\n\t\t\t\t<div class=\"elementor-element elementor-element-11c28c4 elementor-widget__width-initial elementor-widget elementor-widget-text-editor\" data-id=\"11c28c4\" data-element_type=\"widget\" data-e-type=\"widget\" data-widget_type=\"text-editor.default\">\n\t\t\t\t<div class=\"elementor-widget-container\">\n\t\t\t\t\t\t\t\t\t<h3>Wichtige Aspekte, die zu ber\u00fccksichtigen sind<\/h3><p style=\"color: #212121; font-family: Roboto, sans-serif; font-size: 16px;\">Im Kontext von Immobilieninvestitionen kann die Aussch\u00fcttung verschiedene Formen annehmen, abh\u00e4ngig von der Struktur des Projekts und den Vereinbarungen mit den Investoren.<\/p><ul><li style=\"color: #212121; font-family: Roboto, sans-serif; font-size: 16px;\"><strong>Aussch\u00fcttungen aus operativen Einnahmen: <\/strong>Sie stammen aus den Cashflows, die durch den Betrieb des Verm\u00f6genswerts generiert werden, wie zum Beispiel Mieteinnahmen aus gewerblichen oder Wohnimmobilien.<\/li><li style=\"color: #212121; font-family: Roboto, sans-serif; font-size: 16px;\"><strong>Aussch\u00fcttungen aus Endgewinnen: <\/strong>Sie erfolgen am Ende des Projekts, wenn die Verm\u00f6genswerte verkauft oder refinanziert werden.<\/li><li style=\"color: #212121; font-family: Roboto, sans-serif; font-size: 16px;\"><strong>Kapitalaussch\u00fcttungen:<\/strong> In einigen F\u00e4llen kann ein Teil der Aussch\u00fcttung die R\u00fcckzahlung des urspr\u00fcnglich investierten Kapitals beinhalten.<\/li><\/ul><p style=\"color: #212121; font-family: Roboto, sans-serif; font-size: 16px;\">Die Aussch\u00fcttungen werden durch die Investitionsvereinbarung festgelegt und k\u00f6nnen von Faktoren wie dem Nettoeinkommen, den Betriebskosten sowie den f\u00fcr die Instandhaltung oder Weiterentwicklung des Projekts erforderlichen Kapitalreserven beeinflusst werden.<\/p><p>F\u00fcr Investoren ist es entscheidend, den Zeitplan und die Zusammensetzung der Aussch\u00fcttungen zu verstehen, wenn sie eine Investitionsm\u00f6glichkeit bewerten. Dies erm\u00f6glicht ihnen, ihre Einnahmestr\u00f6me zu planen und die Gesamtperformance ihres Portfolios zu messen. <\/p><p>Die Transparenz bei den Aussch\u00fcttungen st\u00e4rkt die Beziehung zwischen Projektentwicklern und Investoren, indem sie eine Interessenausrichtung und die Nachhaltigkeit des Projekts gew\u00e4hrleistet.<\/p><p> <\/p>\t\t\t\t\t\t\t\t<\/div>\n\t\t\t\t<\/div>\n\t\t\t\t\t<\/div>\n\t\t<\/div>\n\t\t\t\t\t<\/div>\n\t\t<\/section>\n\t\t\t\t<section class=\"elementor-section elementor-top-section elementor-element elementor-element-aa563c5 elementor-section-full_width elementor-section-stretched elementor-section-height-default elementor-section-height-default\" data-id=\"aa563c5\" data-element_type=\"section\" data-e-type=\"section\" data-settings=\"{&quot;stretch_section&quot;:&quot;section-stretched&quot;}\">\n\t\t\t\t\t\t<div class=\"elementor-container elementor-column-gap-default\">\n\t\t\t\t\t<div class=\"elementor-column elementor-col-100 elementor-top-column elementor-element elementor-element-41114ac\" data-id=\"41114ac\" data-element_type=\"column\" data-e-type=\"column\">\n\t\t\t<div class=\"elementor-widget-wrap elementor-element-populated\">\n\t\t\t\t\t\t<div class=\"elementor-element elementor-element-43f7095 elementor-widget elementor-widget-html\" data-id=\"43f7095\" data-element_type=\"widget\" data-e-type=\"widget\" data-widget_type=\"html.default\">\n\t\t\t\t<div class=\"elementor-widget-container\">\n\t\t\t\t\t\r\n        <div class=\"qode-advanced-call-to-action qode-advanced-cta-gradient qode-advanced-cta-gradient-animation\" style=\"height:80px\">\r\n            <a class=\"advanced-cta-link\" href=\"https:\/\/mkt.urbanitae.com\/Urbanitae_suscripcion_newsletter.html?utm_source=blog&amp;utm_medium=link_blog&amp;utm_campaign=suscripcion_blog&amp;utm_content=boton\" target=\"_blank\" onclick=\"dataLayer.push({'event': 'ub_ga4_event', 'ub_ga4_event_name': 'newsletter', 'ub_ga4_event_element': 'aprende'})\"><\/a>\r\n            <div class=\"qode-advanced-cta-content\">\r\n                <span class=\"qode-advanced-cta-text-holder\" style=\"color:#FFFFFF;font-size:25px\">\r\n Abonnieren Sie unseren Newsletter <\/span>\r\n                <span class=\"qode-advanced-cta-icon-holder\" style=\"color:#FFFFFF;font-size:25px\">\r\n                    <span class=\"qode-advanced-cta-icon-holder-table\">\r\n                        <span class=\"qode-advanced-cta-icon-holder-cell\">\r\n                            <i class=\"qode_icon_font_awesome_5 fa5 fa fa-envelope-open-text qode-advanced-cta-icon\"><\/i> <\/span>\r\n                    <\/span>\r\n                <\/span>\r\n            <\/div>\r\n            <div class=\"qode-advanced-cta-background-holder\">\r\n                <span class=\"qode-advanced-cta-background-1 qode-type1-gradient-left-to-right\"><\/span>\r\n                <span class=\"qode-advanced-cta-background-2 qode-type1-gradient-left-to-right\"><\/span>\r\n                <span class=\"qode-advanced-cta-background-3\"><\/span>\r\n            <\/div>\r\n        <\/div>\r\n\t\t\t\t<\/div>\n\t\t\t\t<\/div>\n\t\t\t\t\t<\/div>\n\t\t<\/div>\n\t\t\t\t\t<\/div>\n\t\t<\/section>\n\t\t\t\t<\/div>\n\t\t","protected":false},"excerpt":{"rendered":"<p>Was ist es? Im Bereich der Immobilieninvestitionen bezieht sich die Aussch\u00fcttung auf die regelm\u00e4\u00dfigen Zahlungen, die Investoren als Teil der Ertr\u00e4ge aus einem Immobilienprojekt erhalten. Diese Zahlungen k\u00f6nnen aus Mieten, Verk\u00e4ufen oder erzielten Gewinnen stammen. Die Aussch\u00fcttung ist eine zentrale Praxis zur Aufrechterhaltung des Vertrauens der Investoren, da sie die greifbare Rendite ihrer Investition darstellt. [&hellip;]<\/p>\n","protected":false},"author":20,"featured_media":0,"parent":67878,"menu_order":0,"comment_status":"closed","ping_status":"closed","template":"","meta":{"inline_featured_image":false,"footnotes":""},"class_list":["post-67298","page","type-page","status-publish","hentry"],"yoast_head":"<!-- This site is optimized with the Yoast SEO plugin v27.4 - https:\/\/yoast.com\/product\/yoast-seo-wordpress\/ -->\n<title>Aussch\u00fcttung - Urbanitae Blog<\/title>\n<meta name=\"description\" content=\"Im Bereich der Immobilieninvestitionen bezieht sich die Aussch\u00fcttung auf die regelm\u00e4\u00dfigen Zahlungen, die Investoren als Teil der Renditen aus einem Immobilienprojekt erhalten. Diese Zahlungen k\u00f6nnen aus Mieteinnahmen, Verk\u00e4ufen oder erzielten Gewinnen stammen.\" \/>\n<meta name=\"robots\" content=\"index, follow, max-snippet:-1, max-image-preview:large, max-video-preview:-1\" \/>\n<link rel=\"canonical\" href=\"https:\/\/blog.urbanitae.com\/de\/glossar\/ausschuettung\/\" \/>\n<meta property=\"og:locale\" content=\"de_DE\" \/>\n<meta property=\"og:type\" content=\"article\" \/>\n<meta property=\"og:title\" content=\"Aussch\u00fcttung - Urbanitae Blog\" \/>\n<meta property=\"og:description\" content=\"Im Bereich der Immobilieninvestitionen bezieht sich die Aussch\u00fcttung auf die regelm\u00e4\u00dfigen Zahlungen, die Investoren als Teil der Renditen aus einem Immobilienprojekt erhalten. Diese Zahlungen k\u00f6nnen aus Mieteinnahmen, Verk\u00e4ufen oder erzielten Gewinnen stammen.\" \/>\n<meta property=\"og:url\" content=\"https:\/\/blog.urbanitae.com\/de\/glossar\/ausschuettung\/\" \/>\n<meta property=\"og:site_name\" content=\"Urbanitae Blog | Las mejores noticias sobre inversi\u00f3n inmobiliaria\" \/>\n<meta property=\"article:publisher\" content=\"https:\/\/www.facebook.com\/urbanitae\" \/>\n<meta property=\"article:modified_time\" content=\"2025-09-03T15:46:19+00:00\" \/>\n<meta name=\"twitter:card\" content=\"summary_large_image\" \/>\n<meta name=\"twitter:site\" content=\"@urbanitae\" \/>\n<meta name=\"twitter:label1\" content=\"Gesch\u00e4tzte Lesezeit\" \/>\n\t<meta name=\"twitter:data1\" content=\"1\u00a0Minute\" \/>\n<script type=\"application\/ld+json\" class=\"yoast-schema-graph\">{\"@context\":\"https:\\\/\\\/schema.org\",\"@graph\":[{\"@type\":\"WebPage\",\"@id\":\"https:\\\/\\\/blog.urbanitae.com\\\/de\\\/glossar\\\/ausschuettung\\\/\",\"url\":\"https:\\\/\\\/blog.urbanitae.com\\\/de\\\/glossar\\\/ausschuettung\\\/\",\"name\":\"Aussch\u00fcttung - Urbanitae Blog\",\"isPartOf\":{\"@id\":\"https:\\\/\\\/blog.urbanitae.com\\\/de\\\/#website\"},\"datePublished\":\"2025-02-12T10:38:21+00:00\",\"dateModified\":\"2025-09-03T15:46:19+00:00\",\"description\":\"Im Bereich der Immobilieninvestitionen bezieht sich die Aussch\u00fcttung auf die regelm\u00e4\u00dfigen Zahlungen, die Investoren als Teil der Renditen aus einem Immobilienprojekt erhalten. Diese Zahlungen k\u00f6nnen aus Mieteinnahmen, Verk\u00e4ufen oder erzielten Gewinnen stammen.\",\"breadcrumb\":{\"@id\":\"https:\\\/\\\/blog.urbanitae.com\\\/de\\\/glossar\\\/ausschuettung\\\/#breadcrumb\"},\"inLanguage\":\"de\",\"potentialAction\":[{\"@type\":\"ReadAction\",\"target\":[\"https:\\\/\\\/blog.urbanitae.com\\\/de\\\/glossar\\\/ausschuettung\\\/\"]}]},{\"@type\":\"BreadcrumbList\",\"@id\":\"https:\\\/\\\/blog.urbanitae.com\\\/de\\\/glossar\\\/ausschuettung\\\/#breadcrumb\",\"itemListElement\":[{\"@type\":\"ListItem\",\"position\":1,\"name\":\"Portada\",\"item\":\"https:\\\/\\\/blog.urbanitae.com\\\/de\\\/\"},{\"@type\":\"ListItem\",\"position\":2,\"name\":\"Glossar\",\"item\":\"https:\\\/\\\/blog.urbanitae.com\\\/de\\\/glossar\\\/\"},{\"@type\":\"ListItem\",\"position\":3,\"name\":\"Aussch\u00fcttung\"}]},{\"@type\":\"WebSite\",\"@id\":\"https:\\\/\\\/blog.urbanitae.com\\\/de\\\/#website\",\"url\":\"https:\\\/\\\/blog.urbanitae.com\\\/de\\\/\",\"name\":\"Urbanitae Blog | Las mejores noticias sobre inversi\u00f3n inmobiliaria\",\"description\":\"Inversi\u00f3n inmobiliaria al alcance de todos\",\"publisher\":{\"@id\":\"https:\\\/\\\/blog.urbanitae.com\\\/de\\\/#organization\"},\"potentialAction\":[{\"@type\":\"SearchAction\",\"target\":{\"@type\":\"EntryPoint\",\"urlTemplate\":\"https:\\\/\\\/blog.urbanitae.com\\\/de\\\/?s={search_term_string}\"},\"query-input\":{\"@type\":\"PropertyValueSpecification\",\"valueRequired\":true,\"valueName\":\"search_term_string\"}}],\"inLanguage\":\"de\"},{\"@type\":\"Organization\",\"@id\":\"https:\\\/\\\/blog.urbanitae.com\\\/de\\\/#organization\",\"name\":\"Urbanitae\",\"url\":\"https:\\\/\\\/blog.urbanitae.com\\\/de\\\/\",\"logo\":{\"@type\":\"ImageObject\",\"inLanguage\":\"de\",\"@id\":\"https:\\\/\\\/blog.urbanitae.com\\\/de\\\/#\\\/schema\\\/logo\\\/image\\\/\",\"url\":\"https:\\\/\\\/blog.urbanitae.com\\\/wp-content\\\/uploads\\\/2020\\\/04\\\/logo-verde_350x100.svg\",\"contentUrl\":\"https:\\\/\\\/blog.urbanitae.com\\\/wp-content\\\/uploads\\\/2020\\\/04\\\/logo-verde_350x100.svg\",\"width\":350,\"height\":100,\"caption\":\"Urbanitae\"},\"image\":{\"@id\":\"https:\\\/\\\/blog.urbanitae.com\\\/de\\\/#\\\/schema\\\/logo\\\/image\\\/\"},\"sameAs\":[\"https:\\\/\\\/www.facebook.com\\\/urbanitae\",\"https:\\\/\\\/x.com\\\/urbanitae\",\"https:\\\/\\\/www.instagram.com\\\/urbanitae\",\"https:\\\/\\\/www.linkedin.com\\\/company\\\/urbanitae\",\"https:\\\/\\\/www.pinterest.es\\\/UrbanitaeSL\\\/_created\\\/\",\"https:\\\/\\\/www.youtube.com\\\/c\\\/Urbanitae_RE\"]}]}<\/script>\n<!-- \/ Yoast SEO plugin. -->","yoast_head_json":{"title":"Aussch\u00fcttung - Urbanitae Blog","description":"Im Bereich der Immobilieninvestitionen bezieht sich die Aussch\u00fcttung auf die regelm\u00e4\u00dfigen Zahlungen, die Investoren als Teil der Renditen aus einem Immobilienprojekt erhalten. Diese Zahlungen k\u00f6nnen aus Mieteinnahmen, Verk\u00e4ufen oder erzielten Gewinnen stammen.","robots":{"index":"index","follow":"follow","max-snippet":"max-snippet:-1","max-image-preview":"max-image-preview:large","max-video-preview":"max-video-preview:-1"},"canonical":"https:\/\/blog.urbanitae.com\/de\/glossar\/ausschuettung\/","og_locale":"de_DE","og_type":"article","og_title":"Aussch\u00fcttung - Urbanitae Blog","og_description":"Im Bereich der Immobilieninvestitionen bezieht sich die Aussch\u00fcttung auf die regelm\u00e4\u00dfigen Zahlungen, die Investoren als Teil der Renditen aus einem Immobilienprojekt erhalten. Diese Zahlungen k\u00f6nnen aus Mieteinnahmen, Verk\u00e4ufen oder erzielten Gewinnen stammen.","og_url":"https:\/\/blog.urbanitae.com\/de\/glossar\/ausschuettung\/","og_site_name":"Urbanitae Blog | Las mejores noticias sobre inversi\u00f3n inmobiliaria","article_publisher":"https:\/\/www.facebook.com\/urbanitae","article_modified_time":"2025-09-03T15:46:19+00:00","twitter_card":"summary_large_image","twitter_site":"@urbanitae","twitter_misc":{"Gesch\u00e4tzte Lesezeit":"1\u00a0Minute"},"schema":{"@context":"https:\/\/schema.org","@graph":[{"@type":"WebPage","@id":"https:\/\/blog.urbanitae.com\/de\/glossar\/ausschuettung\/","url":"https:\/\/blog.urbanitae.com\/de\/glossar\/ausschuettung\/","name":"Aussch\u00fcttung - Urbanitae Blog","isPartOf":{"@id":"https:\/\/blog.urbanitae.com\/de\/#website"},"datePublished":"2025-02-12T10:38:21+00:00","dateModified":"2025-09-03T15:46:19+00:00","description":"Im Bereich der Immobilieninvestitionen bezieht sich die Aussch\u00fcttung auf die regelm\u00e4\u00dfigen Zahlungen, die Investoren als Teil der Renditen aus einem Immobilienprojekt erhalten. Diese Zahlungen k\u00f6nnen aus Mieteinnahmen, Verk\u00e4ufen oder erzielten Gewinnen stammen.","breadcrumb":{"@id":"https:\/\/blog.urbanitae.com\/de\/glossar\/ausschuettung\/#breadcrumb"},"inLanguage":"de","potentialAction":[{"@type":"ReadAction","target":["https:\/\/blog.urbanitae.com\/de\/glossar\/ausschuettung\/"]}]},{"@type":"BreadcrumbList","@id":"https:\/\/blog.urbanitae.com\/de\/glossar\/ausschuettung\/#breadcrumb","itemListElement":[{"@type":"ListItem","position":1,"name":"Portada","item":"https:\/\/blog.urbanitae.com\/de\/"},{"@type":"ListItem","position":2,"name":"Glossar","item":"https:\/\/blog.urbanitae.com\/de\/glossar\/"},{"@type":"ListItem","position":3,"name":"Aussch\u00fcttung"}]},{"@type":"WebSite","@id":"https:\/\/blog.urbanitae.com\/de\/#website","url":"https:\/\/blog.urbanitae.com\/de\/","name":"Urbanitae Blog | Las mejores noticias sobre inversi\u00f3n inmobiliaria","description":"Inversi\u00f3n inmobiliaria al alcance de todos","publisher":{"@id":"https:\/\/blog.urbanitae.com\/de\/#organization"},"potentialAction":[{"@type":"SearchAction","target":{"@type":"EntryPoint","urlTemplate":"https:\/\/blog.urbanitae.com\/de\/?s={search_term_string}"},"query-input":{"@type":"PropertyValueSpecification","valueRequired":true,"valueName":"search_term_string"}}],"inLanguage":"de"},{"@type":"Organization","@id":"https:\/\/blog.urbanitae.com\/de\/#organization","name":"Urbanitae","url":"https:\/\/blog.urbanitae.com\/de\/","logo":{"@type":"ImageObject","inLanguage":"de","@id":"https:\/\/blog.urbanitae.com\/de\/#\/schema\/logo\/image\/","url":"https:\/\/blog.urbanitae.com\/wp-content\/uploads\/2020\/04\/logo-verde_350x100.svg","contentUrl":"https:\/\/blog.urbanitae.com\/wp-content\/uploads\/2020\/04\/logo-verde_350x100.svg","width":350,"height":100,"caption":"Urbanitae"},"image":{"@id":"https:\/\/blog.urbanitae.com\/de\/#\/schema\/logo\/image\/"},"sameAs":["https:\/\/www.facebook.com\/urbanitae","https:\/\/x.com\/urbanitae","https:\/\/www.instagram.com\/urbanitae","https:\/\/www.linkedin.com\/company\/urbanitae","https:\/\/www.pinterest.es\/UrbanitaeSL\/_created\/","https:\/\/www.youtube.com\/c\/Urbanitae_RE"]}]}},"_links":{"self":[{"href":"https:\/\/blog.urbanitae.com\/de\/wp-json\/wp\/v2\/pages\/67298","targetHints":{"allow":["GET"]}}],"collection":[{"href":"https:\/\/blog.urbanitae.com\/de\/wp-json\/wp\/v2\/pages"}],"about":[{"href":"https:\/\/blog.urbanitae.com\/de\/wp-json\/wp\/v2\/types\/page"}],"author":[{"embeddable":true,"href":"https:\/\/blog.urbanitae.com\/de\/wp-json\/wp\/v2\/users\/20"}],"replies":[{"embeddable":true,"href":"https:\/\/blog.urbanitae.com\/de\/wp-json\/wp\/v2\/comments?post=67298"}],"version-history":[{"count":1,"href":"https:\/\/blog.urbanitae.com\/de\/wp-json\/wp\/v2\/pages\/67298\/revisions"}],"predecessor-version":[{"id":67299,"href":"https:\/\/blog.urbanitae.com\/de\/wp-json\/wp\/v2\/pages\/67298\/revisions\/67299"}],"up":[{"embeddable":true,"href":"https:\/\/blog.urbanitae.com\/de\/wp-json\/wp\/v2\/pages\/67878"}],"wp:attachment":[{"href":"https:\/\/blog.urbanitae.com\/de\/wp-json\/wp\/v2\/media?parent=67298"}],"curies":[{"name":"wp","href":"https:\/\/api.w.org\/{rel}","templated":true}]}}