{"id":67289,"date":"2025-02-11T16:01:30","date_gmt":"2025-02-11T15:01:30","guid":{"rendered":"https:\/\/blog.urbanitae.com\/cnmv-nationale-wertpapiermarktkommission\/"},"modified":"2025-08-13T09:16:06","modified_gmt":"2025-08-13T07:16:06","slug":"cnmv-nationale-wertpapiermarktkommission","status":"publish","type":"page","link":"https:\/\/blog.urbanitae.com\/de\/glossar\/cnmv-nationale-wertpapiermarktkommission\/","title":{"rendered":"CNMV (Nationale Wertpapiermarktkommission)"},"content":{"rendered":"\t\t<div data-elementor-type=\"wp-page\" data-elementor-id=\"67289\" class=\"elementor elementor-67289 elementor-56136\">\n\t\t\t\t\t\t<section class=\"elementor-section elementor-top-section elementor-element elementor-element-d86d887 elementor-section-boxed elementor-section-height-default elementor-section-height-default\" data-id=\"d86d887\" data-element_type=\"section\" data-e-type=\"section\">\n\t\t\t\t\t\t<div class=\"elementor-container elementor-column-gap-default\">\n\t\t\t\t\t<div class=\"elementor-column elementor-col-100 elementor-top-column elementor-element elementor-element-8b49ddd\" data-id=\"8b49ddd\" data-element_type=\"column\" data-e-type=\"column\">\n\t\t\t<div class=\"elementor-widget-wrap elementor-element-populated\">\n\t\t\t\t\t\t<div class=\"elementor-element elementor-element-083b30b elementor-widget__width-initial elementor-widget elementor-widget-text-editor\" data-id=\"083b30b\" data-element_type=\"widget\" data-e-type=\"widget\" data-widget_type=\"text-editor.default\">\n\t\t\t\t<div class=\"elementor-widget-container\">\n\t\t\t\t\t\t\t\t\t<h3>Was sind sie?<\/h3><p style=\"color: #212121; font-family: Roboto, sans-serif; font-size: 16px;\">Die CNMV, Abk\u00fcrzung f\u00fcr Comisi\u00f3n Nacional del Mercado de Valores, ist die Beh\u00f6rde, die f\u00fcr die \u00dcberwachung und Kontrolle der Finanzm\u00e4rkte in Spanien zust\u00e4ndig ist. Ihre Hauptaufgabe besteht darin, Transparenz, ordnungsgem\u00e4\u00dfen Ablauf und den Schutz der Anleger an den Wertpapierm\u00e4rkten zu gew\u00e4hrleisten. Dazu geh\u00f6rt die Regulierung von Aktivit\u00e4ten wie Immobilien-Crowdfunding, Wertpapieremissionen und anderen Formen der Kapitalanlage.  <\/p><p style=\"color: #212121; font-family: Roboto, sans-serif; font-size: 16px;\">Die CNMV wurde 1988 gegr\u00fcndet und ist eine \u00f6ffentliche Institution, die dem Ministerium f\u00fcr Wirtschaft, Handel und Unternehmen unterstellt ist. Ihre Aufgabe ist es, die Integrit\u00e4t des Finanzmarktes zu gew\u00e4hrleisten und das Vertrauen der Investoren durch die Anwendung von Vorschriften und die \u00dcberwachung der auf dem Markt t\u00e4tigen Unternehmen zu f\u00f6rdern <\/p><p style=\"color: #212121; font-family: Roboto, sans-serif; font-size: 16px;\"> <\/p>\t\t\t\t\t\t\t\t<\/div>\n\t\t\t\t<\/div>\n\t\t\t\t<div class=\"elementor-element elementor-element-11c28c4 elementor-widget__width-initial elementor-widget elementor-widget-text-editor\" data-id=\"11c28c4\" data-element_type=\"widget\" data-e-type=\"widget\" data-widget_type=\"text-editor.default\">\n\t\t\t\t<div class=\"elementor-widget-container\">\n\t\t\t\t\t\t\t\t\t<h3>Wichtige Aspekte, die zu ber\u00fccksichtigen sind<\/h3>\n<p style=\"color: #212121; font-family: Roboto, sans-serif; font-size: 16px;\">Zu den Hauptfunktionen der CNMV geh\u00f6ren:<\/p>\n\n<ul>\n \t<li><strong>Markt- und Produkt\u00fcberwachung:<\/strong> Sicherstellung, dass die Aktivit\u00e4ten auf den Finanzm\u00e4rkten den geltenden Vorschriften entsprechen.<\/li>\n \t<li><strong>Registrierung von Unternehmen: <\/strong>Genehmigung und Registrierung von Finanzdienstleistungsunternehmen, wie Fondsmanagern und Crowdfunding-Plattformen.<\/li>\n \t<li><strong>Anlegerschutz: <\/strong>Sicherstellung, dass Investoren klare, ausreichende und wahrheitsgem\u00e4\u00dfe Informationen erhalten, um fundierte Entscheidungen treffen zu k\u00f6nnen.<\/li>\n \t<li><strong>Untersuchung und Sanktionen: <\/strong>Ma\u00dfnahmen gegen betr\u00fcgerische Aktivit\u00e4ten oder Verst\u00f6\u00dfe gegen Vorschriften ergreifen.<\/li>\n<\/ul>\n<p style=\"color: #212121; font-family: Roboto, sans-serif; font-size: 16px;\">Im Kontext von Immobilien-Crowdfunding und anderen modernen Investitionsformen spielt die CNMV eine wesentliche Rolle bei der Schaffung eines regulatorischen Rahmens, der sowohl Investoren als auch Projekttr\u00e4ger sch\u00fctzt. Dar\u00fcber hinaus f\u00f6rdert sie die finanzielle Bildung, indem sie Berichte und Leitf\u00e4den ver\u00f6ffentlicht, damit die B\u00fcrger die Risiken und Vorteile von Investitionen an den Wertpapierm\u00e4rkten besser verstehen. <\/p>\n<p style=\"color: #212121; font-family: Roboto, sans-serif; font-size: 16px;\">Die CNMV ist eine zentrale Bezugsperson im spanischen Finanzsystem und f\u00f6rdert Transparenz sowie Stabilit\u00e4t an den Wertpapierm\u00e4rkten.<\/p>\t\t\t\t\t\t\t\t<\/div>\n\t\t\t\t<\/div>\n\t\t\t\t\t<\/div>\n\t\t<\/div>\n\t\t\t\t\t<\/div>\n\t\t<\/section>\n\t\t\t\t<section class=\"elementor-section elementor-top-section elementor-element elementor-element-aa563c5 elementor-section-full_width elementor-section-stretched elementor-section-height-default elementor-section-height-default\" data-id=\"aa563c5\" data-element_type=\"section\" data-e-type=\"section\" data-settings=\"{&quot;stretch_section&quot;:&quot;section-stretched&quot;}\">\n\t\t\t\t\t\t<div class=\"elementor-container elementor-column-gap-default\">\n\t\t\t\t\t<div class=\"elementor-column elementor-col-100 elementor-top-column elementor-element elementor-element-41114ac\" data-id=\"41114ac\" data-element_type=\"column\" data-e-type=\"column\">\n\t\t\t<div class=\"elementor-widget-wrap elementor-element-populated\">\n\t\t\t\t\t\t<div class=\"elementor-element elementor-element-43f7095 elementor-widget elementor-widget-html\" data-id=\"43f7095\" data-element_type=\"widget\" data-e-type=\"widget\" data-widget_type=\"html.default\">\n\t\t\t\t<div class=\"elementor-widget-container\">\n\t\t\t\t\t\r\n        <div class=\"qode-advanced-call-to-action qode-advanced-cta-gradient qode-advanced-cta-gradient-animation\" style=\"height:80px\">\r\n            <a class=\"advanced-cta-link\" href=\"https:\/\/mkt.urbanitae.com\/Urbanitae_suscripcion_newsletter.html?utm_source=blog&amp;utm_medium=link_blog&amp;utm_campaign=suscripcion_blog&amp;utm_content=boton\" target=\"_blank\" onclick=\"dataLayer.push({'event': 'ub_ga4_event', 'ub_ga4_event_name': 'newsletter', 'ub_ga4_event_element': 'aprende'})\"><\/a>\r\n            <div class=\"qode-advanced-cta-content\">\r\n                <span class=\"qode-advanced-cta-text-holder\" style=\"color:#FFFFFF;font-size:25px\">\r\n Abonnieren Sie unseren Newsletter <\/span>\r\n                <span class=\"qode-advanced-cta-icon-holder\" style=\"color:#FFFFFF;font-size:25px\">\r\n                    <span class=\"qode-advanced-cta-icon-holder-table\">\r\n                        <span class=\"qode-advanced-cta-icon-holder-cell\">\r\n                            <i class=\"qode_icon_font_awesome_5 fa5 fa fa-envelope-open-text qode-advanced-cta-icon\"><\/i> <\/span>\r\n                    <\/span>\r\n                <\/span>\r\n            <\/div>\r\n            <div class=\"qode-advanced-cta-background-holder\">\r\n                <span class=\"qode-advanced-cta-background-1 qode-type1-gradient-left-to-right\"><\/span>\r\n                <span class=\"qode-advanced-cta-background-2 qode-type1-gradient-left-to-right\"><\/span>\r\n                <span class=\"qode-advanced-cta-background-3\"><\/span>\r\n            <\/div>\r\n        <\/div>\r\n\t\t\t\t<\/div>\n\t\t\t\t<\/div>\n\t\t\t\t\t<\/div>\n\t\t<\/div>\n\t\t\t\t\t<\/div>\n\t\t<\/section>\n\t\t\t\t<\/div>\n\t\t","protected":false},"excerpt":{"rendered":"<p>Was sind sie? Die CNMV, Abk\u00fcrzung f\u00fcr Comisi\u00f3n Nacional del Mercado de Valores, ist die Beh\u00f6rde, die f\u00fcr die \u00dcberwachung und Kontrolle der Finanzm\u00e4rkte in Spanien zust\u00e4ndig ist. Ihre Hauptaufgabe besteht darin, Transparenz, ordnungsgem\u00e4\u00dfen Ablauf und den Schutz der Anleger an den Wertpapierm\u00e4rkten zu gew\u00e4hrleisten. Dazu geh\u00f6rt die Regulierung von Aktivit\u00e4ten wie Immobilien-Crowdfunding, Wertpapieremissionen und [&hellip;]<\/p>\n","protected":false},"author":20,"featured_media":0,"parent":67878,"menu_order":0,"comment_status":"closed","ping_status":"closed","template":"","meta":{"inline_featured_image":false,"footnotes":""},"class_list":["post-67289","page","type-page","status-publish","hentry"],"yoast_head":"<!-- This site is optimized with the Yoast SEO plugin v27.4 - https:\/\/yoast.com\/product\/yoast-seo-wordpress\/ -->\n<title>CNMV (Nationale Wertpapiermarktkommission) - Urbanitae Blog<\/title>\n<meta name=\"description\" content=\"Siglas de la Comisi\u00f3n Nacional del Mercado de Valores. Es ist die Beh\u00f6rde, die f\u00fcr die \u00dcberwachung und Kontrolle der Finanzm\u00e4rkte in Spanien zust\u00e4ndig ist, einschlie\u00dflich Immobilien-Crowdfunding und anderer Investitionsformen.\" \/>\n<meta name=\"robots\" content=\"index, follow, max-snippet:-1, max-image-preview:large, max-video-preview:-1\" \/>\n<link rel=\"canonical\" href=\"https:\/\/blog.urbanitae.com\/de\/glossar\/cnmv-nationale-wertpapiermarktkommission\/\" \/>\n<meta property=\"og:locale\" content=\"de_DE\" \/>\n<meta property=\"og:type\" content=\"article\" \/>\n<meta property=\"og:title\" content=\"CNMV (Nationale Wertpapiermarktkommission) - Urbanitae Blog\" \/>\n<meta property=\"og:description\" content=\"Siglas de la Comisi\u00f3n Nacional del Mercado de Valores. Es ist die Beh\u00f6rde, die f\u00fcr die \u00dcberwachung und Kontrolle der Finanzm\u00e4rkte in Spanien zust\u00e4ndig ist, einschlie\u00dflich Immobilien-Crowdfunding und anderer Investitionsformen.\" \/>\n<meta property=\"og:url\" content=\"https:\/\/blog.urbanitae.com\/de\/glossar\/cnmv-nationale-wertpapiermarktkommission\/\" \/>\n<meta property=\"og:site_name\" content=\"Urbanitae Blog | Las mejores noticias sobre inversi\u00f3n inmobiliaria\" \/>\n<meta property=\"article:publisher\" content=\"https:\/\/www.facebook.com\/urbanitae\" \/>\n<meta property=\"article:modified_time\" content=\"2025-08-13T07:16:06+00:00\" \/>\n<meta name=\"twitter:card\" content=\"summary_large_image\" \/>\n<meta name=\"twitter:site\" content=\"@urbanitae\" \/>\n<meta name=\"twitter:label1\" content=\"Gesch\u00e4tzte Lesezeit\" \/>\n\t<meta name=\"twitter:data1\" content=\"1\u00a0Minute\" \/>\n<script type=\"application\/ld+json\" class=\"yoast-schema-graph\">{\"@context\":\"https:\\\/\\\/schema.org\",\"@graph\":[{\"@type\":\"WebPage\",\"@id\":\"https:\\\/\\\/blog.urbanitae.com\\\/de\\\/glossar\\\/cnmv-nationale-wertpapiermarktkommission\\\/\",\"url\":\"https:\\\/\\\/blog.urbanitae.com\\\/de\\\/glossar\\\/cnmv-nationale-wertpapiermarktkommission\\\/\",\"name\":\"CNMV (Nationale Wertpapiermarktkommission) - Urbanitae Blog\",\"isPartOf\":{\"@id\":\"https:\\\/\\\/blog.urbanitae.com\\\/de\\\/#website\"},\"datePublished\":\"2025-02-11T15:01:30+00:00\",\"dateModified\":\"2025-08-13T07:16:06+00:00\",\"description\":\"Siglas de la Comisi\u00f3n Nacional del Mercado de Valores. Es ist die Beh\u00f6rde, die f\u00fcr die \u00dcberwachung und Kontrolle der Finanzm\u00e4rkte in Spanien zust\u00e4ndig ist, einschlie\u00dflich Immobilien-Crowdfunding und anderer Investitionsformen.\",\"breadcrumb\":{\"@id\":\"https:\\\/\\\/blog.urbanitae.com\\\/de\\\/glossar\\\/cnmv-nationale-wertpapiermarktkommission\\\/#breadcrumb\"},\"inLanguage\":\"de\",\"potentialAction\":[{\"@type\":\"ReadAction\",\"target\":[\"https:\\\/\\\/blog.urbanitae.com\\\/de\\\/glossar\\\/cnmv-nationale-wertpapiermarktkommission\\\/\"]}]},{\"@type\":\"BreadcrumbList\",\"@id\":\"https:\\\/\\\/blog.urbanitae.com\\\/de\\\/glossar\\\/cnmv-nationale-wertpapiermarktkommission\\\/#breadcrumb\",\"itemListElement\":[{\"@type\":\"ListItem\",\"position\":1,\"name\":\"Portada\",\"item\":\"https:\\\/\\\/blog.urbanitae.com\\\/de\\\/\"},{\"@type\":\"ListItem\",\"position\":2,\"name\":\"Glossar\",\"item\":\"https:\\\/\\\/blog.urbanitae.com\\\/de\\\/glossar\\\/\"},{\"@type\":\"ListItem\",\"position\":3,\"name\":\"CNMV (Nationale Wertpapiermarktkommission)\"}]},{\"@type\":\"WebSite\",\"@id\":\"https:\\\/\\\/blog.urbanitae.com\\\/de\\\/#website\",\"url\":\"https:\\\/\\\/blog.urbanitae.com\\\/de\\\/\",\"name\":\"Urbanitae Blog | Las mejores noticias sobre inversi\u00f3n inmobiliaria\",\"description\":\"Inversi\u00f3n inmobiliaria al alcance de todos\",\"publisher\":{\"@id\":\"https:\\\/\\\/blog.urbanitae.com\\\/de\\\/#organization\"},\"potentialAction\":[{\"@type\":\"SearchAction\",\"target\":{\"@type\":\"EntryPoint\",\"urlTemplate\":\"https:\\\/\\\/blog.urbanitae.com\\\/de\\\/?s={search_term_string}\"},\"query-input\":{\"@type\":\"PropertyValueSpecification\",\"valueRequired\":true,\"valueName\":\"search_term_string\"}}],\"inLanguage\":\"de\"},{\"@type\":\"Organization\",\"@id\":\"https:\\\/\\\/blog.urbanitae.com\\\/de\\\/#organization\",\"name\":\"Urbanitae\",\"url\":\"https:\\\/\\\/blog.urbanitae.com\\\/de\\\/\",\"logo\":{\"@type\":\"ImageObject\",\"inLanguage\":\"de\",\"@id\":\"https:\\\/\\\/blog.urbanitae.com\\\/de\\\/#\\\/schema\\\/logo\\\/image\\\/\",\"url\":\"https:\\\/\\\/blog.urbanitae.com\\\/wp-content\\\/uploads\\\/2020\\\/04\\\/logo-verde_350x100.svg\",\"contentUrl\":\"https:\\\/\\\/blog.urbanitae.com\\\/wp-content\\\/uploads\\\/2020\\\/04\\\/logo-verde_350x100.svg\",\"width\":350,\"height\":100,\"caption\":\"Urbanitae\"},\"image\":{\"@id\":\"https:\\\/\\\/blog.urbanitae.com\\\/de\\\/#\\\/schema\\\/logo\\\/image\\\/\"},\"sameAs\":[\"https:\\\/\\\/www.facebook.com\\\/urbanitae\",\"https:\\\/\\\/x.com\\\/urbanitae\",\"https:\\\/\\\/www.instagram.com\\\/urbanitae\",\"https:\\\/\\\/www.linkedin.com\\\/company\\\/urbanitae\",\"https:\\\/\\\/www.pinterest.es\\\/UrbanitaeSL\\\/_created\\\/\",\"https:\\\/\\\/www.youtube.com\\\/c\\\/Urbanitae_RE\"]}]}<\/script>\n<!-- \/ Yoast SEO plugin. -->","yoast_head_json":{"title":"CNMV (Nationale Wertpapiermarktkommission) - Urbanitae Blog","description":"Siglas de la Comisi\u00f3n Nacional del Mercado de Valores. Es ist die Beh\u00f6rde, die f\u00fcr die \u00dcberwachung und Kontrolle der Finanzm\u00e4rkte in Spanien zust\u00e4ndig ist, einschlie\u00dflich Immobilien-Crowdfunding und anderer Investitionsformen.","robots":{"index":"index","follow":"follow","max-snippet":"max-snippet:-1","max-image-preview":"max-image-preview:large","max-video-preview":"max-video-preview:-1"},"canonical":"https:\/\/blog.urbanitae.com\/de\/glossar\/cnmv-nationale-wertpapiermarktkommission\/","og_locale":"de_DE","og_type":"article","og_title":"CNMV (Nationale Wertpapiermarktkommission) - Urbanitae Blog","og_description":"Siglas de la Comisi\u00f3n Nacional del Mercado de Valores. Es ist die Beh\u00f6rde, die f\u00fcr die \u00dcberwachung und Kontrolle der Finanzm\u00e4rkte in Spanien zust\u00e4ndig ist, einschlie\u00dflich Immobilien-Crowdfunding und anderer Investitionsformen.","og_url":"https:\/\/blog.urbanitae.com\/de\/glossar\/cnmv-nationale-wertpapiermarktkommission\/","og_site_name":"Urbanitae Blog | Las mejores noticias sobre inversi\u00f3n inmobiliaria","article_publisher":"https:\/\/www.facebook.com\/urbanitae","article_modified_time":"2025-08-13T07:16:06+00:00","twitter_card":"summary_large_image","twitter_site":"@urbanitae","twitter_misc":{"Gesch\u00e4tzte Lesezeit":"1\u00a0Minute"},"schema":{"@context":"https:\/\/schema.org","@graph":[{"@type":"WebPage","@id":"https:\/\/blog.urbanitae.com\/de\/glossar\/cnmv-nationale-wertpapiermarktkommission\/","url":"https:\/\/blog.urbanitae.com\/de\/glossar\/cnmv-nationale-wertpapiermarktkommission\/","name":"CNMV (Nationale Wertpapiermarktkommission) - Urbanitae Blog","isPartOf":{"@id":"https:\/\/blog.urbanitae.com\/de\/#website"},"datePublished":"2025-02-11T15:01:30+00:00","dateModified":"2025-08-13T07:16:06+00:00","description":"Siglas de la Comisi\u00f3n Nacional del Mercado de Valores. Es ist die Beh\u00f6rde, die f\u00fcr die \u00dcberwachung und Kontrolle der Finanzm\u00e4rkte in Spanien zust\u00e4ndig ist, einschlie\u00dflich Immobilien-Crowdfunding und anderer Investitionsformen.","breadcrumb":{"@id":"https:\/\/blog.urbanitae.com\/de\/glossar\/cnmv-nationale-wertpapiermarktkommission\/#breadcrumb"},"inLanguage":"de","potentialAction":[{"@type":"ReadAction","target":["https:\/\/blog.urbanitae.com\/de\/glossar\/cnmv-nationale-wertpapiermarktkommission\/"]}]},{"@type":"BreadcrumbList","@id":"https:\/\/blog.urbanitae.com\/de\/glossar\/cnmv-nationale-wertpapiermarktkommission\/#breadcrumb","itemListElement":[{"@type":"ListItem","position":1,"name":"Portada","item":"https:\/\/blog.urbanitae.com\/de\/"},{"@type":"ListItem","position":2,"name":"Glossar","item":"https:\/\/blog.urbanitae.com\/de\/glossar\/"},{"@type":"ListItem","position":3,"name":"CNMV (Nationale Wertpapiermarktkommission)"}]},{"@type":"WebSite","@id":"https:\/\/blog.urbanitae.com\/de\/#website","url":"https:\/\/blog.urbanitae.com\/de\/","name":"Urbanitae Blog | Las mejores noticias sobre inversi\u00f3n inmobiliaria","description":"Inversi\u00f3n inmobiliaria al alcance de todos","publisher":{"@id":"https:\/\/blog.urbanitae.com\/de\/#organization"},"potentialAction":[{"@type":"SearchAction","target":{"@type":"EntryPoint","urlTemplate":"https:\/\/blog.urbanitae.com\/de\/?s={search_term_string}"},"query-input":{"@type":"PropertyValueSpecification","valueRequired":true,"valueName":"search_term_string"}}],"inLanguage":"de"},{"@type":"Organization","@id":"https:\/\/blog.urbanitae.com\/de\/#organization","name":"Urbanitae","url":"https:\/\/blog.urbanitae.com\/de\/","logo":{"@type":"ImageObject","inLanguage":"de","@id":"https:\/\/blog.urbanitae.com\/de\/#\/schema\/logo\/image\/","url":"https:\/\/blog.urbanitae.com\/wp-content\/uploads\/2020\/04\/logo-verde_350x100.svg","contentUrl":"https:\/\/blog.urbanitae.com\/wp-content\/uploads\/2020\/04\/logo-verde_350x100.svg","width":350,"height":100,"caption":"Urbanitae"},"image":{"@id":"https:\/\/blog.urbanitae.com\/de\/#\/schema\/logo\/image\/"},"sameAs":["https:\/\/www.facebook.com\/urbanitae","https:\/\/x.com\/urbanitae","https:\/\/www.instagram.com\/urbanitae","https:\/\/www.linkedin.com\/company\/urbanitae","https:\/\/www.pinterest.es\/UrbanitaeSL\/_created\/","https:\/\/www.youtube.com\/c\/Urbanitae_RE"]}]}},"_links":{"self":[{"href":"https:\/\/blog.urbanitae.com\/de\/wp-json\/wp\/v2\/pages\/67289","targetHints":{"allow":["GET"]}}],"collection":[{"href":"https:\/\/blog.urbanitae.com\/de\/wp-json\/wp\/v2\/pages"}],"about":[{"href":"https:\/\/blog.urbanitae.com\/de\/wp-json\/wp\/v2\/types\/page"}],"author":[{"embeddable":true,"href":"https:\/\/blog.urbanitae.com\/de\/wp-json\/wp\/v2\/users\/20"}],"replies":[{"embeddable":true,"href":"https:\/\/blog.urbanitae.com\/de\/wp-json\/wp\/v2\/comments?post=67289"}],"version-history":[{"count":1,"href":"https:\/\/blog.urbanitae.com\/de\/wp-json\/wp\/v2\/pages\/67289\/revisions"}],"predecessor-version":[{"id":67290,"href":"https:\/\/blog.urbanitae.com\/de\/wp-json\/wp\/v2\/pages\/67289\/revisions\/67290"}],"up":[{"embeddable":true,"href":"https:\/\/blog.urbanitae.com\/de\/wp-json\/wp\/v2\/pages\/67878"}],"wp:attachment":[{"href":"https:\/\/blog.urbanitae.com\/de\/wp-json\/wp\/v2\/media?parent=67289"}],"curies":[{"name":"wp","href":"https:\/\/api.w.org\/{rel}","templated":true}]}}