{"id":67226,"date":"2024-12-30T17:07:13","date_gmt":"2024-12-30T16:07:13","guid":{"rendered":"https:\/\/blog.urbanitae.com\/acpr-autorite-de-controle-prudentiel-et-de-resolution\/"},"modified":"2025-09-03T17:58:53","modified_gmt":"2025-09-03T15:58:53","slug":"acpr-behorde-fur-aufsicht-uber-banken-und-versicherungen-und-abwicklungbehorde","status":"publish","type":"page","link":"https:\/\/blog.urbanitae.com\/de\/glossar\/acpr-behorde-fur-aufsicht-uber-banken-und-versicherungen-und-abwicklungbehorde\/","title":{"rendered":"ACPR (Beh\u00f6rde f\u00fcr Aufsicht \u00fcber Banken und Versicherungen und Abwicklungsbeh\u00f6rde)"},"content":{"rendered":"\t\t<div data-elementor-type=\"wp-page\" data-elementor-id=\"67226\" class=\"elementor elementor-67226 elementor-54362\">\n\t\t\t\t\t\t<section class=\"elementor-section elementor-top-section elementor-element elementor-element-d86d887 elementor-section-boxed elementor-section-height-default elementor-section-height-default\" data-id=\"d86d887\" data-element_type=\"section\" data-e-type=\"section\">\n\t\t\t\t\t\t<div class=\"elementor-container elementor-column-gap-default\">\n\t\t\t\t\t<div class=\"elementor-column elementor-col-100 elementor-top-column elementor-element elementor-element-8b49ddd\" data-id=\"8b49ddd\" data-element_type=\"column\" data-e-type=\"column\">\n\t\t\t<div class=\"elementor-widget-wrap elementor-element-populated\">\n\t\t\t\t\t\t<div class=\"elementor-element elementor-element-083b30b elementor-widget__width-initial elementor-widget elementor-widget-text-editor\" data-id=\"083b30b\" data-element_type=\"widget\" data-e-type=\"widget\" data-widget_type=\"text-editor.default\">\n\t\t\t\t<div class=\"elementor-widget-container\">\n\t\t\t\t\t\t\t\t\t<h3>Was ist es?<\/h3><p style=\"color: #212121; font-family: Roboto, sans-serif; font-size: 16px;\">Die ACPR (Autorit\u00e9 de Contr\u00f4le Prudentiel et de R\u00e9solution) ist die franz\u00f6sische Aufsichtsbeh\u00f6rde, die f\u00fcr die \u00dcberwachung von Banken, Versicherungen und anderen Finanzakteuren zust\u00e4ndig ist. Sie wurde gegr\u00fcndet, um die finanzielle Stabilit\u00e4t in Frankreich zu sichern und die Einhaltung gesetzlicher Vorschriften zu gew\u00e4hrleisten. <\/p><p style=\"color: #212121; font-family: Roboto, sans-serif; font-size: 16px;\">Die ACPR ist eine unabh\u00e4ngige Verwaltungsbeh\u00f6rde unter der Aufsicht der Banque de France. Ihre Hauptaufgaben sind: <\/p><p style=\"color: #212121; font-family: Roboto, sans-serif; font-size: 16px;\"><strong>Prudenzielle Aufsicht: <\/strong>Sicherstellung, dass Finanzinstitute \u00fcber ausreichende Mittel verf\u00fcgen, um ihre Verpflichtungen zu erf\u00fcllen.<br><strong>Verbraucherschutz:<\/strong> Kontrolle, dass die regulierten Unternehmen die Rechte der Verbraucher respektieren und faire, transparente Produkte anbieten.<br><strong>Risikopr\u00e4vention: <\/strong>Identifikation und Eind\u00e4mmung von Risiken, die das Finanzsystem destabilisieren k\u00f6nnten.<br>Sie arbeitet auf europ\u00e4ischer und internationaler Ebene mit anderen Regulierungsbeh\u00f6rden zusammen und kooperiert eng mit der AMF (Autorit\u00e9 des March\u00e9s Financiers).<br><br><\/p><p style=\"color: #212121; font-family: Roboto, sans-serif; font-size: 16px;\">Die ACPR spielt eine zentrale Rolle im franz\u00f6sischen Finanzsystem, da sie das Vertrauen der Marktteilnehmer st\u00e4rkt und die Einhaltung gesetzlicher Vorschriften gew\u00e4hrleistet. Ihre unabh\u00e4ngige Funktionsweise erm\u00f6glicht eine effektive Kontrolle der Finanzstabilit\u00e4t und des Verbraucherschutzes. <\/p>\t\t\t\t\t\t\t\t<\/div>\n\t\t\t\t<\/div>\n\t\t\t\t<div class=\"elementor-element elementor-element-349ab6f elementor-widget__width-initial elementor-widget elementor-widget-text-editor\" data-id=\"349ab6f\" data-element_type=\"widget\" data-e-type=\"widget\" data-widget_type=\"text-editor.default\">\n\t\t\t\t<div class=\"elementor-widget-container\">\n\t\t\t\t\t\t\t\t\t<h3>Wichtige Aspekte, die zu ber\u00fccksichtigen sind<\/h3>\n<p style=\"color: #212121; font-family: Roboto, sans-serif; font-size: 16px;\">F\u00fcr Unternehmen und Finanzdienstleister ist es entscheidend, die von der ACPR gesetzten Anforderungen und Standards zu kennen und einzuhalten. Ihre Entscheidungen haben direkten Einfluss auf die Zulassung, den Betrieb und die Beaufsichtigung von Finanz- und Versicherungsunternehmen in Frankreich. Zudem tr\u00e4gt sie zur Harmonisierung der Aufsicht auf europ\u00e4ischer Ebene bei.  \n<\/p>\t\t\t\t\t\t\t\t<\/div>\n\t\t\t\t<\/div>\n\t\t\t\t\t<\/div>\n\t\t<\/div>\n\t\t\t\t\t<\/div>\n\t\t<\/section>\n\t\t\t\t<section class=\"elementor-section elementor-top-section elementor-element elementor-element-aa563c5 elementor-section-full_width elementor-section-stretched elementor-section-height-default elementor-section-height-default\" data-id=\"aa563c5\" data-element_type=\"section\" data-e-type=\"section\" data-settings=\"{&quot;stretch_section&quot;:&quot;section-stretched&quot;}\">\n\t\t\t\t\t\t<div class=\"elementor-container elementor-column-gap-default\">\n\t\t\t\t\t<div class=\"elementor-column elementor-col-100 elementor-top-column elementor-element elementor-element-41114ac\" data-id=\"41114ac\" data-element_type=\"column\" data-e-type=\"column\">\n\t\t\t<div class=\"elementor-widget-wrap elementor-element-populated\">\n\t\t\t\t\t\t<div class=\"elementor-element elementor-element-43f7095 elementor-widget elementor-widget-html\" data-id=\"43f7095\" data-element_type=\"widget\" data-e-type=\"widget\" data-widget_type=\"html.default\">\n\t\t\t\t<div class=\"elementor-widget-container\">\n\t\t\t\t\t\r\n        <div class=\"qode-advanced-call-to-action qode-advanced-cta-gradient qode-advanced-cta-gradient-animation\" style=\"height:80px\">\r\n            <a class=\"advanced-cta-link\" href=\"https:\/\/mkt.urbanitae.com\/Urbanitae_suscripcion_newsletter.html?utm_source=blog&amp;utm_medium=link_blog&amp;utm_campaign=suscripcion_blog&amp;utm_content=boton\" target=\"_blank\" onclick=\"dataLayer.push({'event': 'ub_ga4_event', 'ub_ga4_event_name': 'newsletter', 'ub_ga4_event_element': 'aprende'})\"><\/a>\r\n            <div class=\"qode-advanced-cta-content\">\r\n                <span class=\"qode-advanced-cta-text-holder\" style=\"color:#FFFFFF;font-size:25px\">\r\n Abonnieren Sie unseren Newsletter <\/span>\r\n                <span class=\"qode-advanced-cta-icon-holder\" style=\"color:#FFFFFF;font-size:25px\">\r\n                    <span class=\"qode-advanced-cta-icon-holder-table\">\r\n                        <span class=\"qode-advanced-cta-icon-holder-cell\">\r\n                            <i class=\"qode_icon_font_awesome_5 fa5 fa fa-envelope-open-text qode-advanced-cta-icon\"><\/i> <\/span>\r\n                    <\/span>\r\n                <\/span>\r\n            <\/div>\r\n            <div class=\"qode-advanced-cta-background-holder\">\r\n                <span class=\"qode-advanced-cta-background-1 qode-type1-gradient-left-to-right\"><\/span>\r\n                <span class=\"qode-advanced-cta-background-2 qode-type1-gradient-left-to-right\"><\/span>\r\n                <span class=\"qode-advanced-cta-background-3\"><\/span>\r\n            <\/div>\r\n        <\/div>\r\n\t\t\t\t<\/div>\n\t\t\t\t<\/div>\n\t\t\t\t\t<\/div>\n\t\t<\/div>\n\t\t\t\t\t<\/div>\n\t\t<\/section>\n\t\t\t\t<\/div>\n\t\t","protected":false},"excerpt":{"rendered":"<p>Was ist es? Die ACPR (Autorit\u00e9 de Contr\u00f4le Prudentiel et de R\u00e9solution) ist die franz\u00f6sische Aufsichtsbeh\u00f6rde, die f\u00fcr die \u00dcberwachung von Banken, Versicherungen und anderen Finanzakteuren zust\u00e4ndig ist. Sie wurde gegr\u00fcndet, um die finanzielle Stabilit\u00e4t in Frankreich zu sichern und die Einhaltung gesetzlicher Vorschriften zu gew\u00e4hrleisten. Die ACPR ist eine unabh\u00e4ngige Verwaltungsbeh\u00f6rde unter der Aufsicht [&hellip;]<\/p>\n","protected":false},"author":4,"featured_media":0,"parent":67878,"menu_order":0,"comment_status":"closed","ping_status":"closed","template":"","meta":{"inline_featured_image":false,"footnotes":""},"class_list":["post-67226","page","type-page","status-publish","hentry"],"yoast_head":"<!-- This site is optimized with the Yoast SEO plugin v27.4 - https:\/\/yoast.com\/product\/yoast-seo-wordpress\/ -->\n<title>ACPR (Beh\u00f6rde f\u00fcr Aufsicht \u00fcber Banken und Versicherungen und Abwicklungsbeh\u00f6rde) - Urbanitae Blog<\/title>\n<meta name=\"description\" content=\"Die ACPR ist eine franz\u00f6sische Beh\u00f6rde, die f\u00fcr die Beaufsichtigung und Regulierung der T\u00e4tigkeit von Finanzinstituten zust\u00e4ndig ist.\" \/>\n<meta name=\"robots\" content=\"index, follow, max-snippet:-1, max-image-preview:large, max-video-preview:-1\" \/>\n<link rel=\"canonical\" href=\"https:\/\/blog.urbanitae.com\/de\/glossar\/acpr-behorde-fur-aufsicht-uber-banken-und-versicherungen-und-abwicklungbehorde\/\" \/>\n<meta property=\"og:locale\" content=\"de_DE\" \/>\n<meta property=\"og:type\" content=\"article\" \/>\n<meta property=\"og:title\" content=\"ACPR (Beh\u00f6rde f\u00fcr Aufsicht \u00fcber Banken und Versicherungen und Abwicklungsbeh\u00f6rde) - Urbanitae Blog\" \/>\n<meta property=\"og:description\" content=\"Die ACPR ist eine franz\u00f6sische Beh\u00f6rde, die f\u00fcr die Beaufsichtigung und Regulierung der T\u00e4tigkeit von Finanzinstituten zust\u00e4ndig ist.\" \/>\n<meta property=\"og:url\" content=\"https:\/\/blog.urbanitae.com\/de\/glossar\/acpr-behorde-fur-aufsicht-uber-banken-und-versicherungen-und-abwicklungbehorde\/\" \/>\n<meta property=\"og:site_name\" content=\"Urbanitae Blog | Las mejores noticias sobre inversi\u00f3n inmobiliaria\" \/>\n<meta property=\"article:publisher\" content=\"https:\/\/www.facebook.com\/urbanitae\" \/>\n<meta property=\"article:modified_time\" content=\"2025-09-03T15:58:53+00:00\" \/>\n<meta name=\"twitter:card\" content=\"summary_large_image\" \/>\n<meta name=\"twitter:site\" content=\"@urbanitae\" \/>\n<meta name=\"twitter:label1\" content=\"Gesch\u00e4tzte Lesezeit\" \/>\n\t<meta name=\"twitter:data1\" content=\"1\u00a0Minute\" \/>\n<script type=\"application\/ld+json\" class=\"yoast-schema-graph\">{\"@context\":\"https:\\\/\\\/schema.org\",\"@graph\":[{\"@type\":\"WebPage\",\"@id\":\"https:\\\/\\\/blog.urbanitae.com\\\/de\\\/glossar\\\/acpr-behorde-fur-aufsicht-uber-banken-und-versicherungen-und-abwicklungbehorde\\\/\",\"url\":\"https:\\\/\\\/blog.urbanitae.com\\\/de\\\/glossar\\\/acpr-behorde-fur-aufsicht-uber-banken-und-versicherungen-und-abwicklungbehorde\\\/\",\"name\":\"ACPR (Beh\u00f6rde f\u00fcr Aufsicht \u00fcber Banken und Versicherungen und Abwicklungsbeh\u00f6rde) - Urbanitae Blog\",\"isPartOf\":{\"@id\":\"https:\\\/\\\/blog.urbanitae.com\\\/de\\\/#website\"},\"datePublished\":\"2024-12-30T16:07:13+00:00\",\"dateModified\":\"2025-09-03T15:58:53+00:00\",\"description\":\"Die ACPR ist eine franz\u00f6sische Beh\u00f6rde, die f\u00fcr die Beaufsichtigung und Regulierung der T\u00e4tigkeit von Finanzinstituten zust\u00e4ndig ist.\",\"breadcrumb\":{\"@id\":\"https:\\\/\\\/blog.urbanitae.com\\\/de\\\/glossar\\\/acpr-behorde-fur-aufsicht-uber-banken-und-versicherungen-und-abwicklungbehorde\\\/#breadcrumb\"},\"inLanguage\":\"de\",\"potentialAction\":[{\"@type\":\"ReadAction\",\"target\":[\"https:\\\/\\\/blog.urbanitae.com\\\/de\\\/glossar\\\/acpr-behorde-fur-aufsicht-uber-banken-und-versicherungen-und-abwicklungbehorde\\\/\"]}]},{\"@type\":\"BreadcrumbList\",\"@id\":\"https:\\\/\\\/blog.urbanitae.com\\\/de\\\/glossar\\\/acpr-behorde-fur-aufsicht-uber-banken-und-versicherungen-und-abwicklungbehorde\\\/#breadcrumb\",\"itemListElement\":[{\"@type\":\"ListItem\",\"position\":1,\"name\":\"Portada\",\"item\":\"https:\\\/\\\/blog.urbanitae.com\\\/de\\\/\"},{\"@type\":\"ListItem\",\"position\":2,\"name\":\"Glossar\",\"item\":\"https:\\\/\\\/blog.urbanitae.com\\\/de\\\/glossar\\\/\"},{\"@type\":\"ListItem\",\"position\":3,\"name\":\"ACPR (Beh\u00f6rde f\u00fcr Aufsicht \u00fcber Banken und Versicherungen und Abwicklungsbeh\u00f6rde)\"}]},{\"@type\":\"WebSite\",\"@id\":\"https:\\\/\\\/blog.urbanitae.com\\\/de\\\/#website\",\"url\":\"https:\\\/\\\/blog.urbanitae.com\\\/de\\\/\",\"name\":\"Urbanitae Blog | Las mejores noticias sobre inversi\u00f3n inmobiliaria\",\"description\":\"Inversi\u00f3n inmobiliaria al alcance de todos\",\"publisher\":{\"@id\":\"https:\\\/\\\/blog.urbanitae.com\\\/de\\\/#organization\"},\"potentialAction\":[{\"@type\":\"SearchAction\",\"target\":{\"@type\":\"EntryPoint\",\"urlTemplate\":\"https:\\\/\\\/blog.urbanitae.com\\\/de\\\/?s={search_term_string}\"},\"query-input\":{\"@type\":\"PropertyValueSpecification\",\"valueRequired\":true,\"valueName\":\"search_term_string\"}}],\"inLanguage\":\"de\"},{\"@type\":\"Organization\",\"@id\":\"https:\\\/\\\/blog.urbanitae.com\\\/de\\\/#organization\",\"name\":\"Urbanitae\",\"url\":\"https:\\\/\\\/blog.urbanitae.com\\\/de\\\/\",\"logo\":{\"@type\":\"ImageObject\",\"inLanguage\":\"de\",\"@id\":\"https:\\\/\\\/blog.urbanitae.com\\\/de\\\/#\\\/schema\\\/logo\\\/image\\\/\",\"url\":\"https:\\\/\\\/blog.urbanitae.com\\\/wp-content\\\/uploads\\\/2020\\\/04\\\/logo-verde_350x100.svg\",\"contentUrl\":\"https:\\\/\\\/blog.urbanitae.com\\\/wp-content\\\/uploads\\\/2020\\\/04\\\/logo-verde_350x100.svg\",\"width\":350,\"height\":100,\"caption\":\"Urbanitae\"},\"image\":{\"@id\":\"https:\\\/\\\/blog.urbanitae.com\\\/de\\\/#\\\/schema\\\/logo\\\/image\\\/\"},\"sameAs\":[\"https:\\\/\\\/www.facebook.com\\\/urbanitae\",\"https:\\\/\\\/x.com\\\/urbanitae\",\"https:\\\/\\\/www.instagram.com\\\/urbanitae\",\"https:\\\/\\\/www.linkedin.com\\\/company\\\/urbanitae\",\"https:\\\/\\\/www.pinterest.es\\\/UrbanitaeSL\\\/_created\\\/\",\"https:\\\/\\\/www.youtube.com\\\/c\\\/Urbanitae_RE\"]}]}<\/script>\n<!-- \/ Yoast SEO plugin. -->","yoast_head_json":{"title":"ACPR (Beh\u00f6rde f\u00fcr Aufsicht \u00fcber Banken und Versicherungen und Abwicklungsbeh\u00f6rde) - Urbanitae Blog","description":"Die ACPR ist eine franz\u00f6sische Beh\u00f6rde, die f\u00fcr die Beaufsichtigung und Regulierung der T\u00e4tigkeit von Finanzinstituten zust\u00e4ndig ist.","robots":{"index":"index","follow":"follow","max-snippet":"max-snippet:-1","max-image-preview":"max-image-preview:large","max-video-preview":"max-video-preview:-1"},"canonical":"https:\/\/blog.urbanitae.com\/de\/glossar\/acpr-behorde-fur-aufsicht-uber-banken-und-versicherungen-und-abwicklungbehorde\/","og_locale":"de_DE","og_type":"article","og_title":"ACPR (Beh\u00f6rde f\u00fcr Aufsicht \u00fcber Banken und Versicherungen und Abwicklungsbeh\u00f6rde) - Urbanitae Blog","og_description":"Die ACPR ist eine franz\u00f6sische Beh\u00f6rde, die f\u00fcr die Beaufsichtigung und Regulierung der T\u00e4tigkeit von Finanzinstituten zust\u00e4ndig ist.","og_url":"https:\/\/blog.urbanitae.com\/de\/glossar\/acpr-behorde-fur-aufsicht-uber-banken-und-versicherungen-und-abwicklungbehorde\/","og_site_name":"Urbanitae Blog | Las mejores noticias sobre inversi\u00f3n inmobiliaria","article_publisher":"https:\/\/www.facebook.com\/urbanitae","article_modified_time":"2025-09-03T15:58:53+00:00","twitter_card":"summary_large_image","twitter_site":"@urbanitae","twitter_misc":{"Gesch\u00e4tzte Lesezeit":"1\u00a0Minute"},"schema":{"@context":"https:\/\/schema.org","@graph":[{"@type":"WebPage","@id":"https:\/\/blog.urbanitae.com\/de\/glossar\/acpr-behorde-fur-aufsicht-uber-banken-und-versicherungen-und-abwicklungbehorde\/","url":"https:\/\/blog.urbanitae.com\/de\/glossar\/acpr-behorde-fur-aufsicht-uber-banken-und-versicherungen-und-abwicklungbehorde\/","name":"ACPR (Beh\u00f6rde f\u00fcr Aufsicht \u00fcber Banken und Versicherungen und Abwicklungsbeh\u00f6rde) - Urbanitae Blog","isPartOf":{"@id":"https:\/\/blog.urbanitae.com\/de\/#website"},"datePublished":"2024-12-30T16:07:13+00:00","dateModified":"2025-09-03T15:58:53+00:00","description":"Die ACPR ist eine franz\u00f6sische Beh\u00f6rde, die f\u00fcr die Beaufsichtigung und Regulierung der T\u00e4tigkeit von Finanzinstituten zust\u00e4ndig ist.","breadcrumb":{"@id":"https:\/\/blog.urbanitae.com\/de\/glossar\/acpr-behorde-fur-aufsicht-uber-banken-und-versicherungen-und-abwicklungbehorde\/#breadcrumb"},"inLanguage":"de","potentialAction":[{"@type":"ReadAction","target":["https:\/\/blog.urbanitae.com\/de\/glossar\/acpr-behorde-fur-aufsicht-uber-banken-und-versicherungen-und-abwicklungbehorde\/"]}]},{"@type":"BreadcrumbList","@id":"https:\/\/blog.urbanitae.com\/de\/glossar\/acpr-behorde-fur-aufsicht-uber-banken-und-versicherungen-und-abwicklungbehorde\/#breadcrumb","itemListElement":[{"@type":"ListItem","position":1,"name":"Portada","item":"https:\/\/blog.urbanitae.com\/de\/"},{"@type":"ListItem","position":2,"name":"Glossar","item":"https:\/\/blog.urbanitae.com\/de\/glossar\/"},{"@type":"ListItem","position":3,"name":"ACPR (Beh\u00f6rde f\u00fcr Aufsicht \u00fcber Banken und Versicherungen und Abwicklungsbeh\u00f6rde)"}]},{"@type":"WebSite","@id":"https:\/\/blog.urbanitae.com\/de\/#website","url":"https:\/\/blog.urbanitae.com\/de\/","name":"Urbanitae Blog | Las mejores noticias sobre inversi\u00f3n inmobiliaria","description":"Inversi\u00f3n inmobiliaria al alcance de todos","publisher":{"@id":"https:\/\/blog.urbanitae.com\/de\/#organization"},"potentialAction":[{"@type":"SearchAction","target":{"@type":"EntryPoint","urlTemplate":"https:\/\/blog.urbanitae.com\/de\/?s={search_term_string}"},"query-input":{"@type":"PropertyValueSpecification","valueRequired":true,"valueName":"search_term_string"}}],"inLanguage":"de"},{"@type":"Organization","@id":"https:\/\/blog.urbanitae.com\/de\/#organization","name":"Urbanitae","url":"https:\/\/blog.urbanitae.com\/de\/","logo":{"@type":"ImageObject","inLanguage":"de","@id":"https:\/\/blog.urbanitae.com\/de\/#\/schema\/logo\/image\/","url":"https:\/\/blog.urbanitae.com\/wp-content\/uploads\/2020\/04\/logo-verde_350x100.svg","contentUrl":"https:\/\/blog.urbanitae.com\/wp-content\/uploads\/2020\/04\/logo-verde_350x100.svg","width":350,"height":100,"caption":"Urbanitae"},"image":{"@id":"https:\/\/blog.urbanitae.com\/de\/#\/schema\/logo\/image\/"},"sameAs":["https:\/\/www.facebook.com\/urbanitae","https:\/\/x.com\/urbanitae","https:\/\/www.instagram.com\/urbanitae","https:\/\/www.linkedin.com\/company\/urbanitae","https:\/\/www.pinterest.es\/UrbanitaeSL\/_created\/","https:\/\/www.youtube.com\/c\/Urbanitae_RE"]}]}},"_links":{"self":[{"href":"https:\/\/blog.urbanitae.com\/de\/wp-json\/wp\/v2\/pages\/67226","targetHints":{"allow":["GET"]}}],"collection":[{"href":"https:\/\/blog.urbanitae.com\/de\/wp-json\/wp\/v2\/pages"}],"about":[{"href":"https:\/\/blog.urbanitae.com\/de\/wp-json\/wp\/v2\/types\/page"}],"author":[{"embeddable":true,"href":"https:\/\/blog.urbanitae.com\/de\/wp-json\/wp\/v2\/users\/4"}],"replies":[{"embeddable":true,"href":"https:\/\/blog.urbanitae.com\/de\/wp-json\/wp\/v2\/comments?post=67226"}],"version-history":[{"count":2,"href":"https:\/\/blog.urbanitae.com\/de\/wp-json\/wp\/v2\/pages\/67226\/revisions"}],"predecessor-version":[{"id":68973,"href":"https:\/\/blog.urbanitae.com\/de\/wp-json\/wp\/v2\/pages\/67226\/revisions\/68973"}],"up":[{"embeddable":true,"href":"https:\/\/blog.urbanitae.com\/de\/wp-json\/wp\/v2\/pages\/67878"}],"wp:attachment":[{"href":"https:\/\/blog.urbanitae.com\/de\/wp-json\/wp\/v2\/media?parent=67226"}],"curies":[{"name":"wp","href":"https:\/\/api.w.org\/{rel}","templated":true}]}}